{"id":199142,"date":"2025-05-19T13:27:09","date_gmt":"2025-05-19T11:27:09","guid":{"rendered":"https:\/\/www.eliassen.nl\/product\/gartenbank-metall-floria-105cm\/"},"modified":"2026-01-16T16:07:29","modified_gmt":"2026-01-16T15:07:29","slug":"gartenbank-metall-floria-105cm","status":"publish","type":"product","link":"https:\/\/www.eliassen.nl\/de\/gartenbank-metall-floria-105cm\/","title":{"rendered":"Gartenbank Metall Floria 105cm"},"content":{"rendered":"<p>52x105x92hg<\/p>\n<p>zh45<\/p>\n<p>zd 42<\/p>\n<p>beige braun<\/p>\n<p>&nbsp;<\/p>\n<p>Diese Gartenbank aus Eisen ist ein klassisches und zeitloses Modell. Wundersch\u00f6n aus Metall gefertigt und in einer sch\u00f6nen beige\/braunen Farbe lackiert.<br \/>\nDiese Bank ist <strong>aus massivem<\/strong> Eisen gefertigt.<\/p>\n<p>F\u00fcr den Zusammenbau dieser Bank sollten 10 Muttern verwendet werden. Sitz und R\u00fcckenlehne sind mit Scharnieren verbunden.<\/p>\n<ul>\n<li>Gr\u00f6\u00dfe: 105 breit, 42 cm tief und 92 cm hoch, Sitzh\u00f6he 45 cm<\/li>\n<li>1 Jahr Garantie<\/li>\n<li>Wir haben diesen Artikel in unserem Ausstellungsraum.<\/li>\n<\/ul>\n","protected":false},"excerpt":{"rendered":"<p>Dekorative Metallbank von solider Qualit\u00e4t.<\/p>\n","protected":false},"featured_media":181091,"template":"","meta":{"_acf_changed":false,"_genesis_title":"","_genesis_description":""},"product_brand":[7505],"product_cat":[806,761,752],"product_tag":[],"class_list":{"0":"post-199142","1":"product","2":"type-product","3":"status-publish","4":"has-post-thumbnail","6":"product_brand-sonstige","7":"product_cat-gartenbaenke","8":"product_cat-gartenmoebel","9":"product_cat-weitere-artikel","11":"first","12":"instock","13":"taxable","14":"shipping-taxable","15":"purchasable","16":"product-type-simple"},"acf":[],"meta_all":{"total_sales":"0","cor_restricted_countries":[]},"meta_all_flat":{"total_sales":"0"},"yoast_head":"<!-- This site is optimized with the Yoast SEO Premium plugin v26.2 (Yoast SEO v27.2) - https:\/\/yoast.com\/product\/yoast-seo-premium-wordpress\/ -->\n<title>Sonstige Gartenbank Metall Floria 105cm - Eliassen.nl<\/title>\n<meta name=\"description\" content=\"Verschn\u00f6rkelte Metallbank in der Farbe Beige. Eine \u00e4u\u00dferst dekorative Gartenbank, die Sie leicht zusammenbauen k\u00f6nnen. 105cm breit. Schnell\" \/>\n<meta name=\"robots\" content=\"index, follow, max-snippet:-1, max-image-preview:large, max-video-preview:-1\" \/>\n<link rel=\"canonical\" href=\"https:\/\/www.eliassen.nl\/de\/gartenbank-metall-floria-105cm\/\" \/>\n<meta property=\"og:locale\" content=\"de_DE\" \/>\n<meta property=\"og:type\" content=\"article\" \/>\n<meta property=\"og:title\" content=\"Sonstige Gartenbank Metall Floria 105cm - Eliassen.nl\" \/>\n<meta property=\"og:description\" content=\"Verschn\u00f6rkelte Metallbank in der Farbe Beige. Eine \u00e4u\u00dferst dekorative Gartenbank, die Sie leicht zusammenbauen k\u00f6nnen. 105cm breit. Schnell\" \/>\n<meta property=\"og:url\" content=\"https:\/\/www.eliassen.nl\/de\/gartenbank-metall-floria-105cm\/\" \/>\n<meta property=\"og:site_name\" content=\"Eliassen.nl\" \/>\n<meta property=\"article:publisher\" content=\"https:\/\/www.facebook.com\/TuincentrumEliassenAmmerzoden\" \/>\n<meta property=\"article:modified_time\" content=\"2026-01-16T15:07:29+00:00\" \/>\n<meta property=\"og:image\" content=\"https:\/\/www.eliassen.nl\/wp-content\/uploads\/2025\/05\/Tuinbank-floaria-Eliassen.nl-2017935.jpg\" \/>\n\t<meta property=\"og:image:width\" content=\"1400\" \/>\n\t<meta property=\"og:image:height\" content=\"1400\" \/>\n\t<meta property=\"og:image:type\" content=\"image\/jpeg\" \/>\n<meta name=\"twitter:card\" content=\"summary_large_image\" \/>\n<script type=\"application\/ld+json\" class=\"yoast-schema-graph\">{\"@context\":\"https:\/\/schema.org\",\"@graph\":[{\"@type\":\"WebPage\",\"@id\":\"https:\/\/www.eliassen.nl\/de\/gartenbank-metall-floria-105cm\/\",\"url\":\"https:\/\/www.eliassen.nl\/de\/gartenbank-metall-floria-105cm\/\",\"name\":\"Sonstige Gartenbank Metall Floria 105cm - Eliassen.nl\",\"isPartOf\":{\"@id\":\"https:\/\/www.eliassen.nl\/de\/#website\"},\"primaryImageOfPage\":{\"@id\":\"https:\/\/www.eliassen.nl\/de\/gartenbank-metall-floria-105cm\/#primaryimage\"},\"image\":{\"@id\":\"https:\/\/www.eliassen.nl\/de\/gartenbank-metall-floria-105cm\/#primaryimage\"},\"thumbnailUrl\":\"https:\/\/www.eliassen.nl\/wp-content\/uploads\/2025\/05\/Tuinbank-floaria-Eliassen.nl-2017935.jpg\",\"datePublished\":\"2025-05-19T11:27:09+00:00\",\"dateModified\":\"2026-01-16T15:07:29+00:00\",\"description\":\"Verschn\u00f6rkelte Metallbank in der Farbe Beige. Eine \u00e4u\u00dferst dekorative Gartenbank, die Sie leicht zusammenbauen k\u00f6nnen. 105cm breit. Schnell\",\"breadcrumb\":{\"@id\":\"https:\/\/www.eliassen.nl\/de\/gartenbank-metall-floria-105cm\/#breadcrumb\"},\"inLanguage\":\"de\",\"potentialAction\":[{\"@type\":\"ReadAction\",\"target\":[\"https:\/\/www.eliassen.nl\/de\/gartenbank-metall-floria-105cm\/\"]}]},{\"@type\":\"ImageObject\",\"inLanguage\":\"de\",\"@id\":\"https:\/\/www.eliassen.nl\/de\/gartenbank-metall-floria-105cm\/#primaryimage\",\"url\":\"https:\/\/www.eliassen.nl\/wp-content\/uploads\/2025\/05\/Tuinbank-floaria-Eliassen.nl-2017935.jpg\",\"contentUrl\":\"https:\/\/www.eliassen.nl\/wp-content\/uploads\/2025\/05\/Tuinbank-floaria-Eliassen.nl-2017935.jpg\",\"width\":1400,\"height\":1400},{\"@type\":\"BreadcrumbList\",\"@id\":\"https:\/\/www.eliassen.nl\/de\/gartenbank-metall-floria-105cm\/#breadcrumb\",\"itemListElement\":[{\"@type\":\"ListItem\",\"position\":1,\"name\":\"Home\",\"item\":\"https:\/\/www.eliassen.nl\/de\/\"},{\"@type\":\"ListItem\",\"position\":2,\"name\":\"Shop\",\"item\":\"https:\/\/www.eliassen.nl\/de\/shop\/\"},{\"@type\":\"ListItem\",\"position\":3,\"name\":\"Weitere Artikel\",\"item\":\"https:\/\/www.eliassen.nl\/de\/weitere-artikel\/\"},{\"@type\":\"ListItem\",\"position\":4,\"name\":\"Gartenbank Metall Floria 105cm\"}]},{\"@type\":\"WebSite\",\"@id\":\"https:\/\/www.eliassen.nl\/de\/#website\",\"url\":\"https:\/\/www.eliassen.nl\/de\/\",\"name\":\"Eliassen Home & Garden Pleasure\",\"description\":\"\",\"publisher\":{\"@id\":\"https:\/\/www.eliassen.nl\/de\/#organization\"},\"alternateName\":\"Eliassen.nl\",\"potentialAction\":[{\"@type\":\"SearchAction\",\"target\":{\"@type\":\"EntryPoint\",\"urlTemplate\":\"https:\/\/www.eliassen.nl\/de\/?s={search_term_string}\"},\"query-input\":{\"@type\":\"PropertyValueSpecification\",\"valueRequired\":true,\"valueName\":\"search_term_string\"}}],\"inLanguage\":\"de\"},{\"@type\":[\"Organization\",\"Place\"],\"@id\":\"https:\/\/www.eliassen.nl\/de\/#organization\",\"name\":\"Eliassen Home & Garden Pleasure\",\"url\":\"https:\/\/www.eliassen.nl\/de\/\",\"logo\":{\"@id\":\"https:\/\/www.eliassen.nl\/de\/gartenbank-metall-floria-105cm\/#local-main-organization-logo\"},\"image\":{\"@id\":\"https:\/\/www.eliassen.nl\/de\/gartenbank-metall-floria-105cm\/#local-main-organization-logo\"},\"sameAs\":[\"https:\/\/www.facebook.com\/TuincentrumEliassenAmmerzoden\",\"https:\/\/www.instagram.com\/eliassenhomeandgarden\/\",\"https:\/\/nl.pinterest.com\/eliassenhomeandgarden\/\",\"https:\/\/www.youtube.com\/@eliassenhomegardenpleasure4558\"],\"telephone\":[],\"openingHoursSpecification\":[{\"@type\":\"OpeningHoursSpecification\",\"dayOfWeek\":[\"Monday\",\"Tuesday\",\"Wednesday\",\"Thursday\",\"Friday\",\"Saturday\",\"Sunday\"],\"opens\":\"09:00\",\"closes\":\"17:00\"}]},{\"@type\":\"ImageObject\",\"inLanguage\":\"de\",\"@id\":\"https:\/\/www.eliassen.nl\/de\/gartenbank-metall-floria-105cm\/#local-main-organization-logo\",\"url\":\"https:\/\/www.eliassen.nl\/wp-content\/uploads\/2024\/01\/logo_4nd.jpg\",\"contentUrl\":\"https:\/\/www.eliassen.nl\/wp-content\/uploads\/2024\/01\/logo_4nd.jpg\",\"width\":500,\"height\":500,\"caption\":\"Eliassen Home & Garden Pleasure\"}]}<\/script>\n<meta property=\"product:price:amount\" content=\"135.00\" \/>\n<meta property=\"product:price:currency\" content=\"EUR\" \/>\n<meta property=\"og:availability\" content=\"instock\" \/>\n<meta property=\"product:availability\" content=\"instock\" \/>\n<meta property=\"product:retailer_item_id\" content=\"2017935\" \/>\n<meta property=\"product:condition\" content=\"new\" \/>\n<!-- \/ Yoast SEO Premium plugin. -->","yoast_head_json":{"title":"Sonstige Gartenbank Metall Floria 105cm - Eliassen.nl","description":"Verschn\u00f6rkelte Metallbank in der Farbe Beige. Eine \u00e4u\u00dferst dekorative Gartenbank, die Sie leicht zusammenbauen k\u00f6nnen. 105cm breit. Schnell","robots":{"index":"index","follow":"follow","max-snippet":"max-snippet:-1","max-image-preview":"max-image-preview:large","max-video-preview":"max-video-preview:-1"},"canonical":"https:\/\/www.eliassen.nl\/de\/gartenbank-metall-floria-105cm\/","og_locale":"de_DE","og_type":"article","og_title":"Sonstige Gartenbank Metall Floria 105cm - Eliassen.nl","og_description":"Verschn\u00f6rkelte Metallbank in der Farbe Beige. Eine \u00e4u\u00dferst dekorative Gartenbank, die Sie leicht zusammenbauen k\u00f6nnen. 105cm breit. Schnell","og_url":"https:\/\/www.eliassen.nl\/de\/gartenbank-metall-floria-105cm\/","og_site_name":"Eliassen.nl","article_publisher":"https:\/\/www.facebook.com\/TuincentrumEliassenAmmerzoden","article_modified_time":"2026-01-16T15:07:29+00:00","og_image":[{"width":1400,"height":1400,"url":"https:\/\/www.eliassen.nl\/wp-content\/uploads\/2025\/05\/Tuinbank-floaria-Eliassen.nl-2017935.jpg","type":"image\/jpeg"}],"twitter_card":"summary_large_image","schema":{"@context":"https:\/\/schema.org","@graph":[{"@type":"WebPage","@id":"https:\/\/www.eliassen.nl\/de\/gartenbank-metall-floria-105cm\/","url":"https:\/\/www.eliassen.nl\/de\/gartenbank-metall-floria-105cm\/","name":"Sonstige Gartenbank Metall Floria 105cm - Eliassen.nl","isPartOf":{"@id":"https:\/\/www.eliassen.nl\/de\/#website"},"primaryImageOfPage":{"@id":"https:\/\/www.eliassen.nl\/de\/gartenbank-metall-floria-105cm\/#primaryimage"},"image":{"@id":"https:\/\/www.eliassen.nl\/de\/gartenbank-metall-floria-105cm\/#primaryimage"},"thumbnailUrl":"https:\/\/www.eliassen.nl\/wp-content\/uploads\/2025\/05\/Tuinbank-floaria-Eliassen.nl-2017935.jpg","datePublished":"2025-05-19T11:27:09+00:00","dateModified":"2026-01-16T15:07:29+00:00","description":"Verschn\u00f6rkelte Metallbank in der Farbe Beige. Eine \u00e4u\u00dferst dekorative Gartenbank, die Sie leicht zusammenbauen k\u00f6nnen. 105cm breit. Schnell","breadcrumb":{"@id":"https:\/\/www.eliassen.nl\/de\/gartenbank-metall-floria-105cm\/#breadcrumb"},"inLanguage":"de","potentialAction":[{"@type":"ReadAction","target":["https:\/\/www.eliassen.nl\/de\/gartenbank-metall-floria-105cm\/"]}]},{"@type":"ImageObject","inLanguage":"de","@id":"https:\/\/www.eliassen.nl\/de\/gartenbank-metall-floria-105cm\/#primaryimage","url":"https:\/\/www.eliassen.nl\/wp-content\/uploads\/2025\/05\/Tuinbank-floaria-Eliassen.nl-2017935.jpg","contentUrl":"https:\/\/www.eliassen.nl\/wp-content\/uploads\/2025\/05\/Tuinbank-floaria-Eliassen.nl-2017935.jpg","width":1400,"height":1400},{"@type":"BreadcrumbList","@id":"https:\/\/www.eliassen.nl\/de\/gartenbank-metall-floria-105cm\/#breadcrumb","itemListElement":[{"@type":"ListItem","position":1,"name":"Home","item":"https:\/\/www.eliassen.nl\/de\/"},{"@type":"ListItem","position":2,"name":"Shop","item":"https:\/\/www.eliassen.nl\/de\/shop\/"},{"@type":"ListItem","position":3,"name":"Weitere Artikel","item":"https:\/\/www.eliassen.nl\/de\/weitere-artikel\/"},{"@type":"ListItem","position":4,"name":"Gartenbank Metall Floria 105cm"}]},{"@type":"WebSite","@id":"https:\/\/www.eliassen.nl\/de\/#website","url":"https:\/\/www.eliassen.nl\/de\/","name":"Eliassen Home & Garden Pleasure","description":"","publisher":{"@id":"https:\/\/www.eliassen.nl\/de\/#organization"},"alternateName":"Eliassen.nl","potentialAction":[{"@type":"SearchAction","target":{"@type":"EntryPoint","urlTemplate":"https:\/\/www.eliassen.nl\/de\/?s={search_term_string}"},"query-input":{"@type":"PropertyValueSpecification","valueRequired":true,"valueName":"search_term_string"}}],"inLanguage":"de"},{"@type":["Organization","Place"],"@id":"https:\/\/www.eliassen.nl\/de\/#organization","name":"Eliassen Home & Garden Pleasure","url":"https:\/\/www.eliassen.nl\/de\/","logo":{"@id":"https:\/\/www.eliassen.nl\/de\/gartenbank-metall-floria-105cm\/#local-main-organization-logo"},"image":{"@id":"https:\/\/www.eliassen.nl\/de\/gartenbank-metall-floria-105cm\/#local-main-organization-logo"},"sameAs":["https:\/\/www.facebook.com\/TuincentrumEliassenAmmerzoden","https:\/\/www.instagram.com\/eliassenhomeandgarden\/","https:\/\/nl.pinterest.com\/eliassenhomeandgarden\/","https:\/\/www.youtube.com\/@eliassenhomegardenpleasure4558"],"telephone":[],"openingHoursSpecification":[{"@type":"OpeningHoursSpecification","dayOfWeek":["Monday","Tuesday","Wednesday","Thursday","Friday","Saturday","Sunday"],"opens":"09:00","closes":"17:00"}]},{"@type":"ImageObject","inLanguage":"de","@id":"https:\/\/www.eliassen.nl\/de\/gartenbank-metall-floria-105cm\/#local-main-organization-logo","url":"https:\/\/www.eliassen.nl\/wp-content\/uploads\/2024\/01\/logo_4nd.jpg","contentUrl":"https:\/\/www.eliassen.nl\/wp-content\/uploads\/2024\/01\/logo_4nd.jpg","width":500,"height":500,"caption":"Eliassen Home & Garden Pleasure"}]},"product_price_amount":"135.00","product_price_currency":"EUR","og_availability":"instock","product_availability":"instock","product_retailer_item_id":"2017935","product_condition":"new"},"df_price":135,"df_sale_price":"","df_regular_price":135,"df_image_link":"https:\/\/www.eliassen.nl\/wp-content\/uploads\/2025\/05\/Tuinbank-floaria-Eliassen.nl-2017935-300x300.jpg","image":"https:\/\/www.eliassen.nl\/wp-content\/uploads\/2025\/05\/Tuinbank-floaria-Eliassen.nl-2017935-150x150.jpg","price_search":"<span class=\"woocommerce-Price-amount amount\"><bdi><span class=\"woocommerce-Price-currencySymbol\">&euro;<\/span>&nbsp;135,00<\/bdi><\/span>","category":"Gartenb\u00e4nke","global_unique_id":"4020607974760","_links":{"self":[{"href":"https:\/\/www.eliassen.nl\/de\/wp-json\/wp\/v2\/product\/199142","targetHints":{"allow":["GET"]}}],"collection":[{"href":"https:\/\/www.eliassen.nl\/de\/wp-json\/wp\/v2\/product"}],"about":[{"href":"https:\/\/www.eliassen.nl\/de\/wp-json\/wp\/v2\/types\/product"}],"wp:featuredmedia":[{"embeddable":true,"href":"https:\/\/www.eliassen.nl\/de\/wp-json\/wp\/v2\/media\/181091"}],"wp:attachment":[{"href":"https:\/\/www.eliassen.nl\/de\/wp-json\/wp\/v2\/media?parent=199142"}],"wp:term":[{"taxonomy":"product_brand","embeddable":true,"href":"https:\/\/www.eliassen.nl\/de\/wp-json\/wp\/v2\/product_brand?post=199142"},{"taxonomy":"product_cat","embeddable":true,"href":"https:\/\/www.eliassen.nl\/de\/wp-json\/wp\/v2\/product_cat?post=199142"},{"taxonomy":"product_tag","embeddable":true,"href":"https:\/\/www.eliassen.nl\/de\/wp-json\/wp\/v2\/product_tag?post=199142"}],"curies":[{"name":"wp","href":"https:\/\/api.w.org\/{rel}","templated":true}]}}