{"id":198794,"date":"2025-01-30T09:26:58","date_gmt":"2025-01-30T08:26:58","guid":{"rendered":"https:\/\/www.eliassen.nl\/product\/bronze-sockel-66cm\/"},"modified":"2026-01-16T15:36:09","modified_gmt":"2026-01-16T14:36:09","slug":"bronze-sockel-66cm","status":"publish","type":"product","link":"https:\/\/www.eliassen.nl\/de\/bronze-sockel-66cm\/","title":{"rendered":"Bronze Sockel 66cm"},"content":{"rendered":"<p><b>Warum ein Bronze-Sockel?<\/b><\/p>\n<p><i><span style=\"font-weight: 400;\">Nachhaltig<\/span><\/i><span style=\"font-weight: 400;\">: Sie sind enorm haltbar und stark. Bronze ist gut gegen Korrosion und Abnutzung gesch\u00fctzt und wird nie gr\u00fcn oder rostet.<\/span><span style=\"font-weight: 400;\"><br \/>\n<\/span> <i><span style=\"font-weight: 400;\">Farbe<\/span><\/i><span style=\"font-weight: 400;\">: Bronze hat von Natur aus eine einzigartige warme Farbe mit einem goldenen Farbton. Einige Bilder wurden mit verschiedenen S\u00e4uren behandelt, die eine gr\u00fcne Farbe ergeben. Dies bietet Vielfalt ohne Qualit\u00e4tsverlust.<\/span><span style=\"font-weight: 400;\"><br \/>\n<\/span> <i><span style=\"font-weight: 400;\">Kunstvolles Bild<\/span><\/i><span style=\"font-weight: 400;\">: Bronzestatuen\/Sockel sind bekannt f\u00fcr hochwertige Statuen und andere hochwertige Dekorationsobjekte. Mit einer Bronzestatue\/einem Bronzesockel bringen Sie also nicht nur eine dekorative Statue\/einen Sockel in Ihren Garten, sondern auch eine mit Kunst und Kultur verbundene Atmosph\u00e4re sowie ein Gespr\u00e4chsthema.<\/span><\/p>\n<p><span style=\"font-weight: 400;\">Dies macht eine Bronzestatue\/einen Bronzesockel zur perfekten Wahl, wenn Sie nach einer k\u00fcnstlerischen und einzigartigen dekorativen Erg\u00e4nzung f\u00fcr Ihren Garten, Ihre Innenr\u00e4ume oder Ihr Gesch\u00e4ft suchen.<\/span><\/p>\n<p><b>Warum sollten Sie diesen 66cm Sockel w\u00e4hlen?<\/b><\/p>\n<p><span style=\"font-weight: 400;\">Dieses 66 cm hohe Sockelmodell aus Bronze bietet einen einzigartigen Look f\u00fcr Ihr Zuhause. Die Bronzefarben wirken authentisch und hochwertig und erzeugen ein klassisches, lebendiges Bild. Damit eignet sich dieser Sockel ideal als Erg\u00e4nzung zu Ihrer Einrichtung oder als Geschenk, wenn Sie auf der Suche nach mehr Lebendigkeit in einem klassischen Look sind.<\/span><\/p>\n<ul>\n<li><span style=\"font-weight: 400;\">         <\/span><span style=\"font-weight: 400;\">Ma\u00dfe: 23x23x66cm.<\/span><\/li>\n<li><span style=\"font-weight: 400;\">         <\/span><b>Sofort live oder nach nur einer Woche auf Abruf verf\u00fcgbar!<\/b><\/li>\n<\/ul>\n<p><b>Warum eine Bronzeskulptur bei Eliassen?<\/b><\/p>\n<p><span style=\"font-weight: 400;\">Bei Eliassen bieten wir eine gro\u00dfe Auswahl an Skulpturen aus Bronze an!<\/span><\/p>\n<ul>\n<li><span style=\"font-weight: 400;\">         <\/span><span style=\"font-weight: 400;\">Verschiedene Farben und Modelle verf\u00fcgbar. Von klein bis gro\u00df.<\/span><\/li>\n<li><span style=\"font-weight: 400;\">         <\/span><span style=\"font-weight: 400;\">Denken Sie an Personen, Tiere, abstrakte Figuren, moderne Bronzeskulpturen, klassische Bronzeskulpturen, usw.<\/span><\/li>\n<li><span style=\"font-weight: 400;\">         <\/span><span style=\"font-weight: 400;\">Mindestkupfergehalt von 75 Prozent; sehr lange Lebensdauer.<\/span><\/li>\n<li><span style=\"font-weight: 400;\">         <\/span><span style=\"font-weight: 400;\">Nicht weniger als 30 Jahre Garantie.<\/span><\/li>\n<li><span style=\"font-weight: 400;\">         <\/span><span style=\"font-weight: 400;\">Die meisten Statuen haben an der Unterseite ein M8-Gewinde.<\/span><\/li>\n<li><span style=\"font-weight: 400;\">         <\/span><b>Wird mit einem Zertifikat geliefert.<\/b><\/li>\n<li><span style=\"font-weight: 400;\">         <\/span><b>Live-Showroom mit +600 verschiedenen Modellen, die Sie sich live ansehen k\u00f6nnen!<\/b><\/li>\n<\/ul>\n<p><span style=\"font-weight: 400;\">&#8211;<\/span><span style=\"font-weight: 400;\">         <\/span><b>Andere Modelle auf Anfrage innerhalb einer Woche lieferbar!<\/b><\/p>\n","protected":false},"excerpt":{"rendered":"<p>Warum ein Bronze-Sockel? Nachhaltig: Sie sind enorm haltbar und stark. Bronze ist gut gegen Korrosion und Abnutzung gesch\u00fctzt und wird nie gr\u00fcn oder rostet. Farbe: Bronze hat von Natur aus eine einzigartige warme Farbe mit einem goldenen Farbton. Einige Bilder wurden mit verschiedenen S\u00e4uren behandelt, die eine gr\u00fcne Farbe ergeben. Dies bietet Vielfalt ohne Qualit\u00e4tsverlust. &hellip;<\/p>\n","protected":false},"featured_media":170021,"template":"","meta":{"_acf_changed":false,"_genesis_title":"","_genesis_description":""},"product_brand":[7505],"product_cat":[803,613,782],"product_tag":[],"class_list":{"0":"post-198794","1":"product","2":"type-product","3":"status-publish","4":"has-post-thumbnail","6":"product_brand-sonstige","7":"product_cat-abstrakte-statuen-aus-bronze","8":"product_cat-bronzestatuen","9":"product_cat-sockel","11":"first","12":"onbackorder","13":"taxable","14":"shipping-taxable","15":"purchasable","16":"product-type-simple"},"acf":[],"meta_all":{"total_sales":"0","cor_restricted_countries":[]},"meta_all_flat":{"total_sales":"0"},"yoast_head":"<!-- This site is optimized with the Yoast SEO Premium plugin v26.2 (Yoast SEO v27.2) - https:\/\/yoast.com\/product\/yoast-seo-premium-wordpress\/ -->\n<title>Sonstige Bronze Sockel 66cm - Eliassen.nl<\/title>\n<meta name=\"robots\" content=\"index, follow, max-snippet:-1, max-image-preview:large, max-video-preview:-1\" \/>\n<link rel=\"canonical\" href=\"https:\/\/www.eliassen.nl\/de\/bronze-sockel-66cm\/\" \/>\n<meta property=\"og:locale\" content=\"de_DE\" \/>\n<meta property=\"og:type\" content=\"article\" \/>\n<meta property=\"og:title\" content=\"Sonstige Bronze Sockel 66cm - Eliassen.nl\" \/>\n<meta property=\"og:description\" content=\"Warum ein Bronze-Sockel? Nachhaltig: Sie sind enorm haltbar und stark. Bronze ist gut gegen Korrosion und Abnutzung gesch\u00fctzt und wird nie gr\u00fcn oder rostet. Farbe: Bronze hat von Natur aus eine einzigartige warme Farbe mit einem goldenen Farbton. Einige Bilder wurden mit verschiedenen S\u00e4uren behandelt, die eine gr\u00fcne Farbe ergeben. Dies bietet Vielfalt ohne Qualit\u00e4tsverlust. &hellip;\" \/>\n<meta property=\"og:url\" content=\"https:\/\/www.eliassen.nl\/de\/bronze-sockel-66cm\/\" \/>\n<meta property=\"og:site_name\" content=\"Eliassen.nl\" \/>\n<meta property=\"article:publisher\" content=\"https:\/\/www.facebook.com\/TuincentrumEliassenAmmerzoden\" \/>\n<meta property=\"article:modified_time\" content=\"2026-01-16T14:36:09+00:00\" \/>\n<meta property=\"og:image\" content=\"https:\/\/www.eliassen.nl\/wp-content\/uploads\/2025\/01\/bronsen-sokkel-66cm-Eliassen.nl_.jpg\" \/>\n\t<meta property=\"og:image:width\" content=\"998\" \/>\n\t<meta property=\"og:image:height\" content=\"1331\" \/>\n\t<meta property=\"og:image:type\" content=\"image\/jpeg\" \/>\n<meta name=\"twitter:card\" content=\"summary_large_image\" \/>\n<script type=\"application\/ld+json\" class=\"yoast-schema-graph\">{\"@context\":\"https:\/\/schema.org\",\"@graph\":[{\"@type\":\"WebPage\",\"@id\":\"https:\/\/www.eliassen.nl\/de\/bronze-sockel-66cm\/\",\"url\":\"https:\/\/www.eliassen.nl\/de\/bronze-sockel-66cm\/\",\"name\":\"Sonstige Bronze Sockel 66cm - Eliassen.nl\",\"isPartOf\":{\"@id\":\"https:\/\/www.eliassen.nl\/de\/#website\"},\"primaryImageOfPage\":{\"@id\":\"https:\/\/www.eliassen.nl\/de\/bronze-sockel-66cm\/#primaryimage\"},\"image\":{\"@id\":\"https:\/\/www.eliassen.nl\/de\/bronze-sockel-66cm\/#primaryimage\"},\"thumbnailUrl\":\"https:\/\/www.eliassen.nl\/wp-content\/uploads\/2025\/01\/bronsen-sokkel-66cm-Eliassen.nl_.jpg\",\"datePublished\":\"2025-01-30T08:26:58+00:00\",\"dateModified\":\"2026-01-16T14:36:09+00:00\",\"breadcrumb\":{\"@id\":\"https:\/\/www.eliassen.nl\/de\/bronze-sockel-66cm\/#breadcrumb\"},\"inLanguage\":\"de\",\"potentialAction\":[{\"@type\":\"ReadAction\",\"target\":[\"https:\/\/www.eliassen.nl\/de\/bronze-sockel-66cm\/\"]}]},{\"@type\":\"ImageObject\",\"inLanguage\":\"de\",\"@id\":\"https:\/\/www.eliassen.nl\/de\/bronze-sockel-66cm\/#primaryimage\",\"url\":\"https:\/\/www.eliassen.nl\/wp-content\/uploads\/2025\/01\/bronsen-sokkel-66cm-Eliassen.nl_.jpg\",\"contentUrl\":\"https:\/\/www.eliassen.nl\/wp-content\/uploads\/2025\/01\/bronsen-sokkel-66cm-Eliassen.nl_.jpg\",\"width\":998,\"height\":1331,\"caption\":\"OLYMPUS DIGITALKAMERA\"},{\"@type\":\"BreadcrumbList\",\"@id\":\"https:\/\/www.eliassen.nl\/de\/bronze-sockel-66cm\/#breadcrumb\",\"itemListElement\":[{\"@type\":\"ListItem\",\"position\":1,\"name\":\"Home\",\"item\":\"https:\/\/www.eliassen.nl\/de\/\"},{\"@type\":\"ListItem\",\"position\":2,\"name\":\"Shop\",\"item\":\"https:\/\/www.eliassen.nl\/de\/shop\/\"},{\"@type\":\"ListItem\",\"position\":3,\"name\":\"Sockel\",\"item\":\"https:\/\/www.eliassen.nl\/de\/sockel\/\"},{\"@type\":\"ListItem\",\"position\":4,\"name\":\"Bronze Sockel 66cm\"}]},{\"@type\":\"WebSite\",\"@id\":\"https:\/\/www.eliassen.nl\/de\/#website\",\"url\":\"https:\/\/www.eliassen.nl\/de\/\",\"name\":\"Eliassen Home & Garden Pleasure\",\"description\":\"\",\"publisher\":{\"@id\":\"https:\/\/www.eliassen.nl\/de\/#organization\"},\"alternateName\":\"Eliassen.nl\",\"potentialAction\":[{\"@type\":\"SearchAction\",\"target\":{\"@type\":\"EntryPoint\",\"urlTemplate\":\"https:\/\/www.eliassen.nl\/de\/?s={search_term_string}\"},\"query-input\":{\"@type\":\"PropertyValueSpecification\",\"valueRequired\":true,\"valueName\":\"search_term_string\"}}],\"inLanguage\":\"de\"},{\"@type\":[\"Organization\",\"Place\"],\"@id\":\"https:\/\/www.eliassen.nl\/de\/#organization\",\"name\":\"Eliassen Home & Garden Pleasure\",\"url\":\"https:\/\/www.eliassen.nl\/de\/\",\"logo\":{\"@id\":\"https:\/\/www.eliassen.nl\/de\/bronze-sockel-66cm\/#local-main-organization-logo\"},\"image\":{\"@id\":\"https:\/\/www.eliassen.nl\/de\/bronze-sockel-66cm\/#local-main-organization-logo\"},\"sameAs\":[\"https:\/\/www.facebook.com\/TuincentrumEliassenAmmerzoden\",\"https:\/\/www.instagram.com\/eliassenhomeandgarden\/\",\"https:\/\/nl.pinterest.com\/eliassenhomeandgarden\/\",\"https:\/\/www.youtube.com\/@eliassenhomegardenpleasure4558\"],\"telephone\":[],\"openingHoursSpecification\":[{\"@type\":\"OpeningHoursSpecification\",\"dayOfWeek\":[\"Monday\",\"Tuesday\",\"Wednesday\",\"Thursday\",\"Friday\",\"Saturday\",\"Sunday\"],\"opens\":\"09:00\",\"closes\":\"17:00\"}]},{\"@type\":\"ImageObject\",\"inLanguage\":\"de\",\"@id\":\"https:\/\/www.eliassen.nl\/de\/bronze-sockel-66cm\/#local-main-organization-logo\",\"url\":\"https:\/\/www.eliassen.nl\/wp-content\/uploads\/2024\/01\/logo_4nd.jpg\",\"contentUrl\":\"https:\/\/www.eliassen.nl\/wp-content\/uploads\/2024\/01\/logo_4nd.jpg\",\"width\":500,\"height\":500,\"caption\":\"Eliassen Home & Garden Pleasure\"}]}<\/script>\n<meta property=\"product:price:amount\" content=\"541.00\" \/>\n<meta property=\"product:price:currency\" content=\"EUR\" \/>\n<meta property=\"og:availability\" content=\"backorder\" \/>\n<meta property=\"product:availability\" content=\"available for order\" \/>\n<meta property=\"product:retailer_item_id\" content=\"Ga0174\" \/>\n<meta property=\"product:condition\" content=\"new\" \/>\n<!-- \/ Yoast SEO Premium plugin. -->","yoast_head_json":{"title":"Sonstige Bronze Sockel 66cm - Eliassen.nl","robots":{"index":"index","follow":"follow","max-snippet":"max-snippet:-1","max-image-preview":"max-image-preview:large","max-video-preview":"max-video-preview:-1"},"canonical":"https:\/\/www.eliassen.nl\/de\/bronze-sockel-66cm\/","og_locale":"de_DE","og_type":"article","og_title":"Sonstige Bronze Sockel 66cm - Eliassen.nl","og_description":"Warum ein Bronze-Sockel? Nachhaltig: Sie sind enorm haltbar und stark. Bronze ist gut gegen Korrosion und Abnutzung gesch\u00fctzt und wird nie gr\u00fcn oder rostet. Farbe: Bronze hat von Natur aus eine einzigartige warme Farbe mit einem goldenen Farbton. Einige Bilder wurden mit verschiedenen S\u00e4uren behandelt, die eine gr\u00fcne Farbe ergeben. Dies bietet Vielfalt ohne Qualit\u00e4tsverlust. &hellip;","og_url":"https:\/\/www.eliassen.nl\/de\/bronze-sockel-66cm\/","og_site_name":"Eliassen.nl","article_publisher":"https:\/\/www.facebook.com\/TuincentrumEliassenAmmerzoden","article_modified_time":"2026-01-16T14:36:09+00:00","og_image":[{"width":998,"height":1331,"url":"https:\/\/www.eliassen.nl\/wp-content\/uploads\/2025\/01\/bronsen-sokkel-66cm-Eliassen.nl_.jpg","type":"image\/jpeg"}],"twitter_card":"summary_large_image","schema":{"@context":"https:\/\/schema.org","@graph":[{"@type":"WebPage","@id":"https:\/\/www.eliassen.nl\/de\/bronze-sockel-66cm\/","url":"https:\/\/www.eliassen.nl\/de\/bronze-sockel-66cm\/","name":"Sonstige Bronze Sockel 66cm - Eliassen.nl","isPartOf":{"@id":"https:\/\/www.eliassen.nl\/de\/#website"},"primaryImageOfPage":{"@id":"https:\/\/www.eliassen.nl\/de\/bronze-sockel-66cm\/#primaryimage"},"image":{"@id":"https:\/\/www.eliassen.nl\/de\/bronze-sockel-66cm\/#primaryimage"},"thumbnailUrl":"https:\/\/www.eliassen.nl\/wp-content\/uploads\/2025\/01\/bronsen-sokkel-66cm-Eliassen.nl_.jpg","datePublished":"2025-01-30T08:26:58+00:00","dateModified":"2026-01-16T14:36:09+00:00","breadcrumb":{"@id":"https:\/\/www.eliassen.nl\/de\/bronze-sockel-66cm\/#breadcrumb"},"inLanguage":"de","potentialAction":[{"@type":"ReadAction","target":["https:\/\/www.eliassen.nl\/de\/bronze-sockel-66cm\/"]}]},{"@type":"ImageObject","inLanguage":"de","@id":"https:\/\/www.eliassen.nl\/de\/bronze-sockel-66cm\/#primaryimage","url":"https:\/\/www.eliassen.nl\/wp-content\/uploads\/2025\/01\/bronsen-sokkel-66cm-Eliassen.nl_.jpg","contentUrl":"https:\/\/www.eliassen.nl\/wp-content\/uploads\/2025\/01\/bronsen-sokkel-66cm-Eliassen.nl_.jpg","width":998,"height":1331,"caption":"OLYMPUS DIGITALKAMERA"},{"@type":"BreadcrumbList","@id":"https:\/\/www.eliassen.nl\/de\/bronze-sockel-66cm\/#breadcrumb","itemListElement":[{"@type":"ListItem","position":1,"name":"Home","item":"https:\/\/www.eliassen.nl\/de\/"},{"@type":"ListItem","position":2,"name":"Shop","item":"https:\/\/www.eliassen.nl\/de\/shop\/"},{"@type":"ListItem","position":3,"name":"Sockel","item":"https:\/\/www.eliassen.nl\/de\/sockel\/"},{"@type":"ListItem","position":4,"name":"Bronze Sockel 66cm"}]},{"@type":"WebSite","@id":"https:\/\/www.eliassen.nl\/de\/#website","url":"https:\/\/www.eliassen.nl\/de\/","name":"Eliassen Home & Garden Pleasure","description":"","publisher":{"@id":"https:\/\/www.eliassen.nl\/de\/#organization"},"alternateName":"Eliassen.nl","potentialAction":[{"@type":"SearchAction","target":{"@type":"EntryPoint","urlTemplate":"https:\/\/www.eliassen.nl\/de\/?s={search_term_string}"},"query-input":{"@type":"PropertyValueSpecification","valueRequired":true,"valueName":"search_term_string"}}],"inLanguage":"de"},{"@type":["Organization","Place"],"@id":"https:\/\/www.eliassen.nl\/de\/#organization","name":"Eliassen Home & Garden Pleasure","url":"https:\/\/www.eliassen.nl\/de\/","logo":{"@id":"https:\/\/www.eliassen.nl\/de\/bronze-sockel-66cm\/#local-main-organization-logo"},"image":{"@id":"https:\/\/www.eliassen.nl\/de\/bronze-sockel-66cm\/#local-main-organization-logo"},"sameAs":["https:\/\/www.facebook.com\/TuincentrumEliassenAmmerzoden","https:\/\/www.instagram.com\/eliassenhomeandgarden\/","https:\/\/nl.pinterest.com\/eliassenhomeandgarden\/","https:\/\/www.youtube.com\/@eliassenhomegardenpleasure4558"],"telephone":[],"openingHoursSpecification":[{"@type":"OpeningHoursSpecification","dayOfWeek":["Monday","Tuesday","Wednesday","Thursday","Friday","Saturday","Sunday"],"opens":"09:00","closes":"17:00"}]},{"@type":"ImageObject","inLanguage":"de","@id":"https:\/\/www.eliassen.nl\/de\/bronze-sockel-66cm\/#local-main-organization-logo","url":"https:\/\/www.eliassen.nl\/wp-content\/uploads\/2024\/01\/logo_4nd.jpg","contentUrl":"https:\/\/www.eliassen.nl\/wp-content\/uploads\/2024\/01\/logo_4nd.jpg","width":500,"height":500,"caption":"Eliassen Home & Garden Pleasure"}]},"product_price_amount":"541.00","product_price_currency":"EUR","og_availability":"backorder","product_availability":"available for order","product_retailer_item_id":"Ga0174","product_condition":"new"},"df_price":541,"df_sale_price":"","df_regular_price":541,"df_image_link":"https:\/\/www.eliassen.nl\/wp-content\/uploads\/2025\/01\/bronsen-sokkel-66cm-Eliassen.nl_-225x300.jpg","image":"https:\/\/www.eliassen.nl\/wp-content\/uploads\/2025\/01\/bronsen-sokkel-66cm-Eliassen.nl_-150x150.jpg","price_search":"<span class=\"woocommerce-Price-amount amount\"><bdi><span class=\"woocommerce-Price-currencySymbol\">&euro;<\/span>&nbsp;541,00<\/bdi><\/span>","category":"Abstrakte Statuen aus Bronze","global_unique_id":"5410807101742","_links":{"self":[{"href":"https:\/\/www.eliassen.nl\/de\/wp-json\/wp\/v2\/product\/198794","targetHints":{"allow":["GET"]}}],"collection":[{"href":"https:\/\/www.eliassen.nl\/de\/wp-json\/wp\/v2\/product"}],"about":[{"href":"https:\/\/www.eliassen.nl\/de\/wp-json\/wp\/v2\/types\/product"}],"wp:featuredmedia":[{"embeddable":true,"href":"https:\/\/www.eliassen.nl\/de\/wp-json\/wp\/v2\/media\/170021"}],"wp:attachment":[{"href":"https:\/\/www.eliassen.nl\/de\/wp-json\/wp\/v2\/media?parent=198794"}],"wp:term":[{"taxonomy":"product_brand","embeddable":true,"href":"https:\/\/www.eliassen.nl\/de\/wp-json\/wp\/v2\/product_brand?post=198794"},{"taxonomy":"product_cat","embeddable":true,"href":"https:\/\/www.eliassen.nl\/de\/wp-json\/wp\/v2\/product_cat?post=198794"},{"taxonomy":"product_tag","embeddable":true,"href":"https:\/\/www.eliassen.nl\/de\/wp-json\/wp\/v2\/product_tag?post=198794"}],"curies":[{"name":"wp","href":"https:\/\/api.w.org\/{rel}","templated":true}]}}