{"id":198777,"date":"2025-01-29T10:24:50","date_gmt":"2025-01-29T09:24:50","guid":{"rendered":"https:\/\/www.eliassen.nl\/product\/bronzestatue-maedchen-mit-giesskanne-95cm\/"},"modified":"2026-01-16T15:35:40","modified_gmt":"2026-01-16T14:35:40","slug":"bronzestatue-maedchen-mit-giesskanne-95cm","status":"publish","type":"product","link":"https:\/\/www.eliassen.nl\/de\/bronzestatue-maedchen-mit-giesskanne-95cm\/","title":{"rendered":"Bronzestatue M\u00e4dchen mit Gie\u00dfkanne 95cm"},"content":{"rendered":"<p><b>Warum eine Bronzeskulptur?<\/b><\/p>\n<p><i><span style=\"font-weight: 400;\">Nachhaltig<\/span><\/i><span style=\"font-weight: 400;\">: Sie sind enorm haltbar und stark. Bronze ist gut gegen Korrosion und Abnutzung gesch\u00fctzt und wird nie gr\u00fcn oder rostet.<\/span><span style=\"font-weight: 400;\"><br \/>\n<\/span> <i><span style=\"font-weight: 400;\">Farbe<\/span><\/i><span style=\"font-weight: 400;\">: Bronze hat von Natur aus eine einzigartige warme Farbe mit einem goldenen Farbton. Einige Bilder wurden mit verschiedenen S\u00e4uren behandelt, die eine gr\u00fcne Farbe ergeben. Dies bietet Vielfalt ohne Qualit\u00e4tsverlust.<\/span><span style=\"font-weight: 400;\"><br \/>\n<\/span> <i><span style=\"font-weight: 400;\">Kunstvolles Bild<\/span><\/i><span style=\"font-weight: 400;\">: Bronzestatuen sind bekannt f\u00fcr hochwertige Statuen und andere hochwertige Dekorationsobjekte. Mit einer Bronzestatue bringen Sie also nicht nur ein dekoratives Bild in Ihren Garten, sondern auch eine Atmosph\u00e4re, die mit Kunst und Kultur verbunden ist, sowie ein Gespr\u00e4chsthema.<\/span><\/p>\n<p><span style=\"font-weight: 400;\">Dies macht eine Bronzestatue zur perfekten Wahl, wenn Sie nach einer k\u00fcnstlerischen und einzigartigen dekorativen Erg\u00e4nzung f\u00fcr Ihren Garten, Ihre Inneneinrichtung oder Ihren Gesch\u00e4ftsraum suchen.<\/span><\/p>\n<p><b>Warum ein Statuenm\u00e4dchen mit einer Gie\u00dfkanne?<\/b><\/p>\n<p><span style=\"font-weight: 400;\">Diese modellierte Bronzestatue eines M\u00e4dchens, das eine Gie\u00dfkanne h\u00e4lt, bietet einen einzigartigen Look in Ihrem Garten. Die Bronzefarbe wirkt authentisch und hochwertig und schafft ein klassisches, lebendiges Bild. Damit eignet sich diese Skulptur ideal als Erg\u00e4nzung zu Ihrer Einrichtung oder als Geschenk, wenn Sie nach mehr Lebendigkeit in einem klassischen Look suchen.<\/span><\/p>\n<ul>\n<li><span style=\"font-weight: 400;\">         <\/span><span style=\"font-weight: 400;\">Abmessungen: 65x33x95cm<\/span><\/li>\n<li><span style=\"font-weight: 400;\">         <\/span><b>Sofort live oder nach nur einer Woche auf Abruf verf\u00fcgbar!<\/b><\/li>\n<\/ul>\n<p><b>Warum eine Bronzeskulptur bei Eliassen?<\/b><\/p>\n<p><span style=\"font-weight: 400;\">Bei Eliassen bieten wir eine gro\u00dfe Auswahl an Skulpturen aus Bronze an!<\/span><\/p>\n<ul>\n<li><span style=\"font-weight: 400;\">         <\/span><span style=\"font-weight: 400;\">Verschiedene Farben und Modelle verf\u00fcgbar. Von klein bis gro\u00df.<\/span><\/li>\n<li><span style=\"font-weight: 400;\">         <\/span><span style=\"font-weight: 400;\">Denken Sie an Personen, Tiere, abstrakte Figuren, moderne Bronzeskulpturen, klassische Bronzeskulpturen, usw.<\/span><\/li>\n<li><span style=\"font-weight: 400;\">         <\/span><span style=\"font-weight: 400;\">Mindestkupfergehalt von 75 Prozent; sehr lange Lebensdauer.<\/span><\/li>\n<li><span style=\"font-weight: 400;\">         <\/span><span style=\"font-weight: 400;\">Nicht weniger als 30 Jahre Garantie.<\/span><\/li>\n<li><span style=\"font-weight: 400;\">         <\/span><span style=\"font-weight: 400;\">Die meisten Statuen haben ein M8-Gewinde an der Unterseite<\/span><\/li>\n<li><span style=\"font-weight: 400;\">         <\/span><b>Wird mit einem Zertifikat geliefert.<\/b><\/li>\n<li><span style=\"font-weight: 400;\">         <\/span><b>Live-Showroom mit +600 verschiedenen Modellen, die Sie sich live ansehen k\u00f6nnen!<\/b><\/li>\n<\/ul>\n<p><span style=\"font-weight: 400;\">&#8211;<\/span><span style=\"font-weight: 400;\">         <\/span><b>Andere Modelle auf Anfrage innerhalb einer Woche lieferbar!<\/b><\/p>\n","protected":false},"excerpt":{"rendered":"<p>\u2713 Handgefertigt \u2713 Hergestellt aus hochwertiger Bronze \u2713 30 Jahre Garantie<\/p>\n","protected":false},"featured_media":170098,"template":"","meta":{"_acf_changed":false,"_genesis_title":"","_genesis_description":""},"product_brand":[7505],"product_cat":[626,613],"product_tag":[],"class_list":{"0":"post-198777","1":"product","2":"type-product","3":"status-publish","4":"has-post-thumbnail","6":"product_brand-sonstige","7":"product_cat-bronzestatue-von-kindern","8":"product_cat-bronzestatuen","10":"first","11":"onbackorder","12":"taxable","13":"shipping-taxable","14":"purchasable","15":"product-type-simple"},"acf":[],"meta_all":{"total_sales":"0","cor_restricted_countries":[]},"meta_all_flat":{"total_sales":"0"},"yoast_head":"<!-- This site is optimized with the Yoast SEO Premium plugin v26.2 (Yoast SEO v27.2) - https:\/\/yoast.com\/product\/yoast-seo-premium-wordpress\/ -->\n<title>Sonstige Bronzestatue M\u00e4dchen mit Gie\u00dfkanne 95cm - Eliassen.nl<\/title>\n<meta name=\"description\" content=\"Sie suchen eine hochwertige Bronzeskulptur? Sie werden dieses h\u00fcbsche Modell eines M\u00e4dchens mit einer Gie\u00dfkanne bestimmt zu sch\u00e4tzen wissen. Lebenssicher. Schnelle Lieferung.\" \/>\n<meta name=\"robots\" content=\"index, follow, max-snippet:-1, max-image-preview:large, max-video-preview:-1\" \/>\n<link rel=\"canonical\" href=\"https:\/\/www.eliassen.nl\/de\/bronzestatue-maedchen-mit-giesskanne-95cm\/\" \/>\n<meta property=\"og:locale\" content=\"de_DE\" \/>\n<meta property=\"og:type\" content=\"article\" \/>\n<meta property=\"og:title\" content=\"Sonstige Bronzestatue M\u00e4dchen mit Gie\u00dfkanne 95cm - Eliassen.nl\" \/>\n<meta property=\"og:description\" content=\"Sie suchen eine hochwertige Bronzeskulptur? Sie werden dieses h\u00fcbsche Modell eines M\u00e4dchens mit einer Gie\u00dfkanne bestimmt zu sch\u00e4tzen wissen. Lebenssicher. Schnelle Lieferung.\" \/>\n<meta property=\"og:url\" content=\"https:\/\/www.eliassen.nl\/de\/bronzestatue-maedchen-mit-giesskanne-95cm\/\" \/>\n<meta property=\"og:site_name\" content=\"Eliassen.nl\" \/>\n<meta property=\"article:publisher\" content=\"https:\/\/www.facebook.com\/TuincentrumEliassenAmmerzoden\" \/>\n<meta property=\"article:modified_time\" content=\"2026-01-16T14:35:40+00:00\" \/>\n<meta property=\"og:image\" content=\"https:\/\/www.eliassen.nl\/wp-content\/uploads\/2025\/01\/bronzen-beeld-meisje-met-gieter-Eliassen.nl_.jpg\" \/>\n\t<meta property=\"og:image:width\" content=\"1200\" \/>\n\t<meta property=\"og:image:height\" content=\"900\" \/>\n\t<meta property=\"og:image:type\" content=\"image\/jpeg\" \/>\n<meta name=\"twitter:card\" content=\"summary_large_image\" \/>\n<script type=\"application\/ld+json\" class=\"yoast-schema-graph\">{\"@context\":\"https:\/\/schema.org\",\"@graph\":[{\"@type\":\"WebPage\",\"@id\":\"https:\/\/www.eliassen.nl\/de\/bronzestatue-maedchen-mit-giesskanne-95cm\/\",\"url\":\"https:\/\/www.eliassen.nl\/de\/bronzestatue-maedchen-mit-giesskanne-95cm\/\",\"name\":\"Sonstige Bronzestatue M\u00e4dchen mit Gie\u00dfkanne 95cm - Eliassen.nl\",\"isPartOf\":{\"@id\":\"https:\/\/www.eliassen.nl\/de\/#website\"},\"primaryImageOfPage\":{\"@id\":\"https:\/\/www.eliassen.nl\/de\/bronzestatue-maedchen-mit-giesskanne-95cm\/#primaryimage\"},\"image\":{\"@id\":\"https:\/\/www.eliassen.nl\/de\/bronzestatue-maedchen-mit-giesskanne-95cm\/#primaryimage\"},\"thumbnailUrl\":\"https:\/\/www.eliassen.nl\/wp-content\/uploads\/2025\/01\/bronzen-beeld-meisje-met-gieter-Eliassen.nl_.jpg\",\"datePublished\":\"2025-01-29T09:24:50+00:00\",\"dateModified\":\"2026-01-16T14:35:40+00:00\",\"description\":\"Sie suchen eine hochwertige Bronzeskulptur? Sie werden dieses h\u00fcbsche Modell eines M\u00e4dchens mit einer Gie\u00dfkanne bestimmt zu sch\u00e4tzen wissen. Lebenssicher. Schnelle Lieferung.\",\"breadcrumb\":{\"@id\":\"https:\/\/www.eliassen.nl\/de\/bronzestatue-maedchen-mit-giesskanne-95cm\/#breadcrumb\"},\"inLanguage\":\"de\",\"potentialAction\":[{\"@type\":\"ReadAction\",\"target\":[\"https:\/\/www.eliassen.nl\/de\/bronzestatue-maedchen-mit-giesskanne-95cm\/\"]}]},{\"@type\":\"ImageObject\",\"inLanguage\":\"de\",\"@id\":\"https:\/\/www.eliassen.nl\/de\/bronzestatue-maedchen-mit-giesskanne-95cm\/#primaryimage\",\"url\":\"https:\/\/www.eliassen.nl\/wp-content\/uploads\/2025\/01\/bronzen-beeld-meisje-met-gieter-Eliassen.nl_.jpg\",\"contentUrl\":\"https:\/\/www.eliassen.nl\/wp-content\/uploads\/2025\/01\/bronzen-beeld-meisje-met-gieter-Eliassen.nl_.jpg\",\"width\":1200,\"height\":900,\"caption\":\"OLYMPUS DIGITALKAMERA\"},{\"@type\":\"BreadcrumbList\",\"@id\":\"https:\/\/www.eliassen.nl\/de\/bronzestatue-maedchen-mit-giesskanne-95cm\/#breadcrumb\",\"itemListElement\":[{\"@type\":\"ListItem\",\"position\":1,\"name\":\"Home\",\"item\":\"https:\/\/www.eliassen.nl\/de\/\"},{\"@type\":\"ListItem\",\"position\":2,\"name\":\"Shop\",\"item\":\"https:\/\/www.eliassen.nl\/de\/shop\/\"},{\"@type\":\"ListItem\",\"position\":3,\"name\":\"Bronzestatuen\",\"item\":\"https:\/\/www.eliassen.nl\/de\/bronzestatuen\/\"},{\"@type\":\"ListItem\",\"position\":4,\"name\":\"Bronzestatue von Kindern\",\"item\":\"https:\/\/www.eliassen.nl\/de\/bilder\/bronzestatuen\/bronzestatue-von-kindern\/\"},{\"@type\":\"ListItem\",\"position\":5,\"name\":\"Bronzestatue M\u00e4dchen mit Gie\u00dfkanne 95cm\"}]},{\"@type\":\"WebSite\",\"@id\":\"https:\/\/www.eliassen.nl\/de\/#website\",\"url\":\"https:\/\/www.eliassen.nl\/de\/\",\"name\":\"Eliassen Home & Garden Pleasure\",\"description\":\"\",\"publisher\":{\"@id\":\"https:\/\/www.eliassen.nl\/de\/#organization\"},\"alternateName\":\"Eliassen.nl\",\"potentialAction\":[{\"@type\":\"SearchAction\",\"target\":{\"@type\":\"EntryPoint\",\"urlTemplate\":\"https:\/\/www.eliassen.nl\/de\/?s={search_term_string}\"},\"query-input\":{\"@type\":\"PropertyValueSpecification\",\"valueRequired\":true,\"valueName\":\"search_term_string\"}}],\"inLanguage\":\"de\"},{\"@type\":[\"Organization\",\"Place\"],\"@id\":\"https:\/\/www.eliassen.nl\/de\/#organization\",\"name\":\"Eliassen Home & Garden Pleasure\",\"url\":\"https:\/\/www.eliassen.nl\/de\/\",\"logo\":{\"@id\":\"https:\/\/www.eliassen.nl\/de\/bronzestatue-maedchen-mit-giesskanne-95cm\/#local-main-organization-logo\"},\"image\":{\"@id\":\"https:\/\/www.eliassen.nl\/de\/bronzestatue-maedchen-mit-giesskanne-95cm\/#local-main-organization-logo\"},\"sameAs\":[\"https:\/\/www.facebook.com\/TuincentrumEliassenAmmerzoden\",\"https:\/\/www.instagram.com\/eliassenhomeandgarden\/\",\"https:\/\/nl.pinterest.com\/eliassenhomeandgarden\/\",\"https:\/\/www.youtube.com\/@eliassenhomegardenpleasure4558\"],\"telephone\":[],\"openingHoursSpecification\":[{\"@type\":\"OpeningHoursSpecification\",\"dayOfWeek\":[\"Monday\",\"Tuesday\",\"Wednesday\",\"Thursday\",\"Friday\",\"Saturday\",\"Sunday\"],\"opens\":\"09:00\",\"closes\":\"17:00\"}]},{\"@type\":\"ImageObject\",\"inLanguage\":\"de\",\"@id\":\"https:\/\/www.eliassen.nl\/de\/bronzestatue-maedchen-mit-giesskanne-95cm\/#local-main-organization-logo\",\"url\":\"https:\/\/www.eliassen.nl\/wp-content\/uploads\/2024\/01\/logo_4nd.jpg\",\"contentUrl\":\"https:\/\/www.eliassen.nl\/wp-content\/uploads\/2024\/01\/logo_4nd.jpg\",\"width\":500,\"height\":500,\"caption\":\"Eliassen Home & Garden Pleasure\"}]}<\/script>\n<meta property=\"product:price:amount\" content=\"1825.00\" \/>\n<meta property=\"product:price:currency\" content=\"EUR\" \/>\n<meta property=\"og:availability\" content=\"backorder\" \/>\n<meta property=\"product:availability\" content=\"available for order\" \/>\n<meta property=\"product:retailer_item_id\" content=\"B1479\" \/>\n<meta property=\"product:condition\" content=\"new\" \/>\n<!-- \/ Yoast SEO Premium plugin. -->","yoast_head_json":{"title":"Sonstige Bronzestatue M\u00e4dchen mit Gie\u00dfkanne 95cm - Eliassen.nl","description":"Sie suchen eine hochwertige Bronzeskulptur? Sie werden dieses h\u00fcbsche Modell eines M\u00e4dchens mit einer Gie\u00dfkanne bestimmt zu sch\u00e4tzen wissen. Lebenssicher. Schnelle Lieferung.","robots":{"index":"index","follow":"follow","max-snippet":"max-snippet:-1","max-image-preview":"max-image-preview:large","max-video-preview":"max-video-preview:-1"},"canonical":"https:\/\/www.eliassen.nl\/de\/bronzestatue-maedchen-mit-giesskanne-95cm\/","og_locale":"de_DE","og_type":"article","og_title":"Sonstige Bronzestatue M\u00e4dchen mit Gie\u00dfkanne 95cm - Eliassen.nl","og_description":"Sie suchen eine hochwertige Bronzeskulptur? Sie werden dieses h\u00fcbsche Modell eines M\u00e4dchens mit einer Gie\u00dfkanne bestimmt zu sch\u00e4tzen wissen. Lebenssicher. Schnelle Lieferung.","og_url":"https:\/\/www.eliassen.nl\/de\/bronzestatue-maedchen-mit-giesskanne-95cm\/","og_site_name":"Eliassen.nl","article_publisher":"https:\/\/www.facebook.com\/TuincentrumEliassenAmmerzoden","article_modified_time":"2026-01-16T14:35:40+00:00","og_image":[{"width":1200,"height":900,"url":"https:\/\/www.eliassen.nl\/wp-content\/uploads\/2025\/01\/bronzen-beeld-meisje-met-gieter-Eliassen.nl_.jpg","type":"image\/jpeg"}],"twitter_card":"summary_large_image","schema":{"@context":"https:\/\/schema.org","@graph":[{"@type":"WebPage","@id":"https:\/\/www.eliassen.nl\/de\/bronzestatue-maedchen-mit-giesskanne-95cm\/","url":"https:\/\/www.eliassen.nl\/de\/bronzestatue-maedchen-mit-giesskanne-95cm\/","name":"Sonstige Bronzestatue M\u00e4dchen mit Gie\u00dfkanne 95cm - Eliassen.nl","isPartOf":{"@id":"https:\/\/www.eliassen.nl\/de\/#website"},"primaryImageOfPage":{"@id":"https:\/\/www.eliassen.nl\/de\/bronzestatue-maedchen-mit-giesskanne-95cm\/#primaryimage"},"image":{"@id":"https:\/\/www.eliassen.nl\/de\/bronzestatue-maedchen-mit-giesskanne-95cm\/#primaryimage"},"thumbnailUrl":"https:\/\/www.eliassen.nl\/wp-content\/uploads\/2025\/01\/bronzen-beeld-meisje-met-gieter-Eliassen.nl_.jpg","datePublished":"2025-01-29T09:24:50+00:00","dateModified":"2026-01-16T14:35:40+00:00","description":"Sie suchen eine hochwertige Bronzeskulptur? Sie werden dieses h\u00fcbsche Modell eines M\u00e4dchens mit einer Gie\u00dfkanne bestimmt zu sch\u00e4tzen wissen. Lebenssicher. Schnelle Lieferung.","breadcrumb":{"@id":"https:\/\/www.eliassen.nl\/de\/bronzestatue-maedchen-mit-giesskanne-95cm\/#breadcrumb"},"inLanguage":"de","potentialAction":[{"@type":"ReadAction","target":["https:\/\/www.eliassen.nl\/de\/bronzestatue-maedchen-mit-giesskanne-95cm\/"]}]},{"@type":"ImageObject","inLanguage":"de","@id":"https:\/\/www.eliassen.nl\/de\/bronzestatue-maedchen-mit-giesskanne-95cm\/#primaryimage","url":"https:\/\/www.eliassen.nl\/wp-content\/uploads\/2025\/01\/bronzen-beeld-meisje-met-gieter-Eliassen.nl_.jpg","contentUrl":"https:\/\/www.eliassen.nl\/wp-content\/uploads\/2025\/01\/bronzen-beeld-meisje-met-gieter-Eliassen.nl_.jpg","width":1200,"height":900,"caption":"OLYMPUS DIGITALKAMERA"},{"@type":"BreadcrumbList","@id":"https:\/\/www.eliassen.nl\/de\/bronzestatue-maedchen-mit-giesskanne-95cm\/#breadcrumb","itemListElement":[{"@type":"ListItem","position":1,"name":"Home","item":"https:\/\/www.eliassen.nl\/de\/"},{"@type":"ListItem","position":2,"name":"Shop","item":"https:\/\/www.eliassen.nl\/de\/shop\/"},{"@type":"ListItem","position":3,"name":"Bronzestatuen","item":"https:\/\/www.eliassen.nl\/de\/bronzestatuen\/"},{"@type":"ListItem","position":4,"name":"Bronzestatue von Kindern","item":"https:\/\/www.eliassen.nl\/de\/bilder\/bronzestatuen\/bronzestatue-von-kindern\/"},{"@type":"ListItem","position":5,"name":"Bronzestatue M\u00e4dchen mit Gie\u00dfkanne 95cm"}]},{"@type":"WebSite","@id":"https:\/\/www.eliassen.nl\/de\/#website","url":"https:\/\/www.eliassen.nl\/de\/","name":"Eliassen Home & Garden Pleasure","description":"","publisher":{"@id":"https:\/\/www.eliassen.nl\/de\/#organization"},"alternateName":"Eliassen.nl","potentialAction":[{"@type":"SearchAction","target":{"@type":"EntryPoint","urlTemplate":"https:\/\/www.eliassen.nl\/de\/?s={search_term_string}"},"query-input":{"@type":"PropertyValueSpecification","valueRequired":true,"valueName":"search_term_string"}}],"inLanguage":"de"},{"@type":["Organization","Place"],"@id":"https:\/\/www.eliassen.nl\/de\/#organization","name":"Eliassen Home & Garden Pleasure","url":"https:\/\/www.eliassen.nl\/de\/","logo":{"@id":"https:\/\/www.eliassen.nl\/de\/bronzestatue-maedchen-mit-giesskanne-95cm\/#local-main-organization-logo"},"image":{"@id":"https:\/\/www.eliassen.nl\/de\/bronzestatue-maedchen-mit-giesskanne-95cm\/#local-main-organization-logo"},"sameAs":["https:\/\/www.facebook.com\/TuincentrumEliassenAmmerzoden","https:\/\/www.instagram.com\/eliassenhomeandgarden\/","https:\/\/nl.pinterest.com\/eliassenhomeandgarden\/","https:\/\/www.youtube.com\/@eliassenhomegardenpleasure4558"],"telephone":[],"openingHoursSpecification":[{"@type":"OpeningHoursSpecification","dayOfWeek":["Monday","Tuesday","Wednesday","Thursday","Friday","Saturday","Sunday"],"opens":"09:00","closes":"17:00"}]},{"@type":"ImageObject","inLanguage":"de","@id":"https:\/\/www.eliassen.nl\/de\/bronzestatue-maedchen-mit-giesskanne-95cm\/#local-main-organization-logo","url":"https:\/\/www.eliassen.nl\/wp-content\/uploads\/2024\/01\/logo_4nd.jpg","contentUrl":"https:\/\/www.eliassen.nl\/wp-content\/uploads\/2024\/01\/logo_4nd.jpg","width":500,"height":500,"caption":"Eliassen Home & Garden Pleasure"}]},"product_price_amount":"1825.00","product_price_currency":"EUR","og_availability":"backorder","product_availability":"available for order","product_retailer_item_id":"B1479","product_condition":"new"},"df_price":1825,"df_sale_price":"","df_regular_price":1825,"df_image_link":"https:\/\/www.eliassen.nl\/wp-content\/uploads\/2025\/01\/bronzen-beeld-meisje-met-gieter-Eliassen.nl_-300x225.jpg","image":"https:\/\/www.eliassen.nl\/wp-content\/uploads\/2025\/01\/bronzen-beeld-meisje-met-gieter-Eliassen.nl_-150x150.jpg","price_search":"<span class=\"woocommerce-Price-amount amount\"><bdi><span class=\"woocommerce-Price-currencySymbol\">&euro;<\/span>&nbsp;1.825,00<\/bdi><\/span>","category":"Bronzestatue von Kindern","global_unique_id":"5410807014790","_links":{"self":[{"href":"https:\/\/www.eliassen.nl\/de\/wp-json\/wp\/v2\/product\/198777","targetHints":{"allow":["GET"]}}],"collection":[{"href":"https:\/\/www.eliassen.nl\/de\/wp-json\/wp\/v2\/product"}],"about":[{"href":"https:\/\/www.eliassen.nl\/de\/wp-json\/wp\/v2\/types\/product"}],"wp:featuredmedia":[{"embeddable":true,"href":"https:\/\/www.eliassen.nl\/de\/wp-json\/wp\/v2\/media\/170098"}],"wp:attachment":[{"href":"https:\/\/www.eliassen.nl\/de\/wp-json\/wp\/v2\/media?parent=198777"}],"wp:term":[{"taxonomy":"product_brand","embeddable":true,"href":"https:\/\/www.eliassen.nl\/de\/wp-json\/wp\/v2\/product_brand?post=198777"},{"taxonomy":"product_cat","embeddable":true,"href":"https:\/\/www.eliassen.nl\/de\/wp-json\/wp\/v2\/product_cat?post=198777"},{"taxonomy":"product_tag","embeddable":true,"href":"https:\/\/www.eliassen.nl\/de\/wp-json\/wp\/v2\/product_tag?post=198777"}],"curies":[{"name":"wp","href":"https:\/\/api.w.org\/{rel}","templated":true}]}}