{"id":19843,"date":"2019-10-28T19:32:10","date_gmt":"2019-10-28T19:32:10","guid":{"rendered":"https:\/\/www.eliassen.nl\/?product=bild-fussballer-henri-studio"},"modified":"2026-01-16T13:44:11","modified_gmt":"2026-01-16T12:44:11","slug":"bild-fussballer-henri-studio","status":"publish","type":"product","link":"https:\/\/www.eliassen.nl\/de\/bild-fussballer-henri-studio\/","title":{"rendered":"Statue Fu\u00dfballer Henri Studio"},"content":{"rendered":"<p>Eine lustig geformte Steinstatue f\u00fcr drinnen oder drau\u00dfen, die einen jungen Fu\u00dfballer darstellt. Dies ist eine amerikanische Skulptur mit Modellschutz von der Marke Henri Studio aus Amerika. Die Statue ist aus bestem Steinguss gefertigt und garantiert jahrelange Freude an ihr.<\/p>\n<ul>\n<li>Gr\u00f6\u00dfe: 53 cm hoch, Fu\u00dfgr\u00f6\u00dfe Durchmesser 23 cm<\/li>\n<li>Marke: Atelier Henri<\/li>\n<li>Garantie: 5 Jahre<\/li>\n<li><strong>Auch in unserem Shop zu sehen<\/strong>.<\/li>\n<\/ul>\n","protected":false},"excerpt":{"rendered":"<p>Eine lustig geformte Steinstatue f\u00fcr drinnen oder drau\u00dfen, die einen jungen Fu\u00dfballer darstellt. Dies ist eine amerikanische Skulptur mit Modellschutz von der Marke Henri Studio aus Amerika. Die Statue ist aus bestem Steinguss gefertigt und garantiert jahrelange Freude an ihr. Gr\u00f6\u00dfe: 53 cm hoch, Fu\u00dfgr\u00f6\u00dfe Durchmesser 23 cm Marke: Atelier Henri Garantie: 5 Jahre Auch &hellip;<\/p>\n","protected":false},"featured_media":19831,"template":"","meta":{"_acf_changed":false,"_genesis_title":"","_genesis_description":""},"product_brand":[6924],"product_cat":[704,677,1355,7239],"product_tag":[],"class_list":{"0":"post-19843","1":"product","2":"type-product","3":"status-publish","4":"has-post-thumbnail","6":"product_brand-henri-studio-de","7":"product_cat-andere-modelle-gartenstatuen","8":"product_cat-betonstatuen","9":"product_cat-sportdekoration","10":"product_cat-bilder","12":"first","13":"instock","14":"taxable","15":"shipping-taxable","16":"purchasable","17":"product-type-simple"},"acf":[],"meta_all":{"total_sales":"0","wcml_sync_hash":{"postmeta_fields":"16650011a261861fe835408bfb8a5c97"},"attr_label_translations":[],"cor_restricted_countries":[]},"meta_all_flat":{"total_sales":"0","wcml_sync_hash.postmeta_fields":"16650011a261861fe835408bfb8a5c97"},"yoast_head":"<!-- This site is optimized with the Yoast SEO Premium plugin v26.2 (Yoast SEO v27.2) - https:\/\/yoast.com\/product\/yoast-seo-premium-wordpress\/ -->\n<title>Steinskulptur Fu\u00dfballer aus Kunststein - Eliassen.de<\/title>\n<meta name=\"description\" content=\"Steinskulptur Fu\u00dfballer aus Steinguss der Marke Henri Studio. St\u00f6bern Sie in unserer gro\u00dfen Kollektion von Steinskulpturen in unserem Webshop.\" \/>\n<meta name=\"robots\" content=\"index, follow, max-snippet:-1, max-image-preview:large, max-video-preview:-1\" \/>\n<link rel=\"canonical\" href=\"https:\/\/www.eliassen.nl\/de\/bild-fussballer-henri-studio\/\" \/>\n<meta property=\"og:locale\" content=\"de_DE\" \/>\n<meta property=\"og:type\" content=\"article\" \/>\n<meta property=\"og:title\" content=\"Henri Studio Statue Fu\u00dfballer Henri Studio - Eliassen.nl\" \/>\n<meta property=\"og:description\" content=\"Steinskulptur Fu\u00dfballer aus Steinguss der Marke Henri Studio. St\u00f6bern Sie in unserer gro\u00dfen Kollektion von Steinskulpturen in unserem Webshop.\" \/>\n<meta property=\"og:url\" content=\"https:\/\/www.eliassen.nl\/de\/bild-fussballer-henri-studio\/\" \/>\n<meta property=\"og:site_name\" content=\"Eliassen.nl\" \/>\n<meta property=\"article:publisher\" content=\"https:\/\/www.facebook.com\/TuincentrumEliassenAmmerzoden\" \/>\n<meta property=\"article:modified_time\" content=\"2026-01-16T12:44:11+00:00\" \/>\n<meta property=\"og:image\" content=\"https:\/\/www.eliassen.nl\/wp-content\/uploads\/2024\/01\/henristudiobeeldvoetballerhenristudioeliasse.png\" \/>\n\t<meta property=\"og:image:width\" content=\"490\" \/>\n\t<meta property=\"og:image:height\" content=\"967\" \/>\n\t<meta property=\"og:image:type\" content=\"image\/png\" \/>\n<meta name=\"twitter:card\" content=\"summary_large_image\" \/>\n<script type=\"application\/ld+json\" class=\"yoast-schema-graph\">{\"@context\":\"https:\/\/schema.org\",\"@graph\":[{\"@type\":\"WebPage\",\"@id\":\"https:\/\/www.eliassen.nl\/de\/bild-fussballer-henri-studio\/\",\"url\":\"https:\/\/www.eliassen.nl\/de\/bild-fussballer-henri-studio\/\",\"name\":\"Steinskulptur Fu\u00dfballer aus Kunststein - Eliassen.de\",\"isPartOf\":{\"@id\":\"https:\/\/www.eliassen.nl\/de\/#website\"},\"primaryImageOfPage\":{\"@id\":\"https:\/\/www.eliassen.nl\/de\/bild-fussballer-henri-studio\/#primaryimage\"},\"image\":{\"@id\":\"https:\/\/www.eliassen.nl\/de\/bild-fussballer-henri-studio\/#primaryimage\"},\"thumbnailUrl\":\"https:\/\/www.eliassen.nl\/wp-content\/uploads\/2024\/01\/henristudiobeeldvoetballerhenristudioeliasse.png\",\"datePublished\":\"2019-10-28T19:32:10+00:00\",\"dateModified\":\"2026-01-16T12:44:11+00:00\",\"description\":\"Steinskulptur Fu\u00dfballer aus Steinguss der Marke Henri Studio. St\u00f6bern Sie in unserer gro\u00dfen Kollektion von Steinskulpturen in unserem Webshop.\",\"breadcrumb\":{\"@id\":\"https:\/\/www.eliassen.nl\/de\/bild-fussballer-henri-studio\/#breadcrumb\"},\"inLanguage\":\"de\",\"potentialAction\":[{\"@type\":\"ReadAction\",\"target\":[\"https:\/\/www.eliassen.nl\/de\/bild-fussballer-henri-studio\/\"]}]},{\"@type\":\"ImageObject\",\"inLanguage\":\"de\",\"@id\":\"https:\/\/www.eliassen.nl\/de\/bild-fussballer-henri-studio\/#primaryimage\",\"url\":\"https:\/\/www.eliassen.nl\/wp-content\/uploads\/2024\/01\/henristudiobeeldvoetballerhenristudioeliasse.png\",\"contentUrl\":\"https:\/\/www.eliassen.nl\/wp-content\/uploads\/2024\/01\/henristudiobeeldvoetballerhenristudioeliasse.png\",\"width\":490,\"height\":967,\"caption\":\"Henri Studio Bild Fu\u00dfballer Henri Studio eliassen.com\"},{\"@type\":\"BreadcrumbList\",\"@id\":\"https:\/\/www.eliassen.nl\/de\/bild-fussballer-henri-studio\/#breadcrumb\",\"itemListElement\":[{\"@type\":\"ListItem\",\"position\":1,\"name\":\"Home\",\"item\":\"https:\/\/www.eliassen.nl\/de\/\"},{\"@type\":\"ListItem\",\"position\":2,\"name\":\"Shop\",\"item\":\"https:\/\/www.eliassen.nl\/de\/shop\/\"},{\"@type\":\"ListItem\",\"position\":3,\"name\":\"Bilder\",\"item\":\"https:\/\/www.eliassen.nl\/de\/bilder\/\"},{\"@type\":\"ListItem\",\"position\":4,\"name\":\"Betonstatuen\",\"item\":\"https:\/\/www.eliassen.nl\/de\/bilder\/betonstatuen\/\"},{\"@type\":\"ListItem\",\"position\":5,\"name\":\"Andere Modelle Gartenstatuen\",\"item\":\"https:\/\/www.eliassen.nl\/de\/bilder\/betonstatuen\/andere-modelle-gartenstatuen\/\"},{\"@type\":\"ListItem\",\"position\":6,\"name\":\"Statue Fu\u00dfballer Henri Studio\"}]},{\"@type\":\"WebSite\",\"@id\":\"https:\/\/www.eliassen.nl\/de\/#website\",\"url\":\"https:\/\/www.eliassen.nl\/de\/\",\"name\":\"Eliassen Home & Garden Pleasure\",\"description\":\"\",\"publisher\":{\"@id\":\"https:\/\/www.eliassen.nl\/de\/#organization\"},\"alternateName\":\"Eliassen.nl\",\"potentialAction\":[{\"@type\":\"SearchAction\",\"target\":{\"@type\":\"EntryPoint\",\"urlTemplate\":\"https:\/\/www.eliassen.nl\/de\/?s={search_term_string}\"},\"query-input\":{\"@type\":\"PropertyValueSpecification\",\"valueRequired\":true,\"valueName\":\"search_term_string\"}}],\"inLanguage\":\"de\"},{\"@type\":[\"Organization\",\"Place\"],\"@id\":\"https:\/\/www.eliassen.nl\/de\/#organization\",\"name\":\"Eliassen Home & Garden Pleasure\",\"url\":\"https:\/\/www.eliassen.nl\/de\/\",\"logo\":{\"@id\":\"https:\/\/www.eliassen.nl\/de\/bild-fussballer-henri-studio\/#local-main-organization-logo\"},\"image\":{\"@id\":\"https:\/\/www.eliassen.nl\/de\/bild-fussballer-henri-studio\/#local-main-organization-logo\"},\"sameAs\":[\"https:\/\/www.facebook.com\/TuincentrumEliassenAmmerzoden\",\"https:\/\/www.instagram.com\/eliassenhomeandgarden\/\",\"https:\/\/nl.pinterest.com\/eliassenhomeandgarden\/\",\"https:\/\/www.youtube.com\/@eliassenhomegardenpleasure4558\"],\"telephone\":[],\"openingHoursSpecification\":[{\"@type\":\"OpeningHoursSpecification\",\"dayOfWeek\":[\"Monday\",\"Tuesday\",\"Wednesday\",\"Thursday\",\"Friday\",\"Saturday\",\"Sunday\"],\"opens\":\"09:00\",\"closes\":\"17:00\"}]},{\"@type\":\"ImageObject\",\"inLanguage\":\"de\",\"@id\":\"https:\/\/www.eliassen.nl\/de\/bild-fussballer-henri-studio\/#local-main-organization-logo\",\"url\":\"https:\/\/www.eliassen.nl\/wp-content\/uploads\/2024\/01\/logo_4nd.jpg\",\"contentUrl\":\"https:\/\/www.eliassen.nl\/wp-content\/uploads\/2024\/01\/logo_4nd.jpg\",\"width\":500,\"height\":500,\"caption\":\"Eliassen Home & Garden Pleasure\"}]}<\/script>\n<meta property=\"product:price:amount\" content=\"125.00\" \/>\n<meta property=\"product:price:currency\" content=\"EUR\" \/>\n<meta property=\"og:availability\" content=\"instock\" \/>\n<meta property=\"product:availability\" content=\"instock\" \/>\n<meta property=\"product:retailer_item_id\" content=\"Hsvoet\" \/>\n<meta property=\"product:condition\" content=\"new\" \/>\n<!-- \/ Yoast SEO Premium plugin. -->","yoast_head_json":{"title":"Steinskulptur Fu\u00dfballer aus Kunststein - Eliassen.de","description":"Steinskulptur Fu\u00dfballer aus Steinguss der Marke Henri Studio. St\u00f6bern Sie in unserer gro\u00dfen Kollektion von Steinskulpturen in unserem Webshop.","robots":{"index":"index","follow":"follow","max-snippet":"max-snippet:-1","max-image-preview":"max-image-preview:large","max-video-preview":"max-video-preview:-1"},"canonical":"https:\/\/www.eliassen.nl\/de\/bild-fussballer-henri-studio\/","og_locale":"de_DE","og_type":"article","og_title":"Henri Studio Statue Fu\u00dfballer Henri Studio - Eliassen.nl","og_description":"Steinskulptur Fu\u00dfballer aus Steinguss der Marke Henri Studio. St\u00f6bern Sie in unserer gro\u00dfen Kollektion von Steinskulpturen in unserem Webshop.","og_url":"https:\/\/www.eliassen.nl\/de\/bild-fussballer-henri-studio\/","og_site_name":"Eliassen.nl","article_publisher":"https:\/\/www.facebook.com\/TuincentrumEliassenAmmerzoden","article_modified_time":"2026-01-16T12:44:11+00:00","og_image":[{"width":490,"height":967,"url":"https:\/\/www.eliassen.nl\/wp-content\/uploads\/2024\/01\/henristudiobeeldvoetballerhenristudioeliasse.png","type":"image\/png"}],"twitter_card":"summary_large_image","schema":{"@context":"https:\/\/schema.org","@graph":[{"@type":"WebPage","@id":"https:\/\/www.eliassen.nl\/de\/bild-fussballer-henri-studio\/","url":"https:\/\/www.eliassen.nl\/de\/bild-fussballer-henri-studio\/","name":"Steinskulptur Fu\u00dfballer aus Kunststein - Eliassen.de","isPartOf":{"@id":"https:\/\/www.eliassen.nl\/de\/#website"},"primaryImageOfPage":{"@id":"https:\/\/www.eliassen.nl\/de\/bild-fussballer-henri-studio\/#primaryimage"},"image":{"@id":"https:\/\/www.eliassen.nl\/de\/bild-fussballer-henri-studio\/#primaryimage"},"thumbnailUrl":"https:\/\/www.eliassen.nl\/wp-content\/uploads\/2024\/01\/henristudiobeeldvoetballerhenristudioeliasse.png","datePublished":"2019-10-28T19:32:10+00:00","dateModified":"2026-01-16T12:44:11+00:00","description":"Steinskulptur Fu\u00dfballer aus Steinguss der Marke Henri Studio. St\u00f6bern Sie in unserer gro\u00dfen Kollektion von Steinskulpturen in unserem Webshop.","breadcrumb":{"@id":"https:\/\/www.eliassen.nl\/de\/bild-fussballer-henri-studio\/#breadcrumb"},"inLanguage":"de","potentialAction":[{"@type":"ReadAction","target":["https:\/\/www.eliassen.nl\/de\/bild-fussballer-henri-studio\/"]}]},{"@type":"ImageObject","inLanguage":"de","@id":"https:\/\/www.eliassen.nl\/de\/bild-fussballer-henri-studio\/#primaryimage","url":"https:\/\/www.eliassen.nl\/wp-content\/uploads\/2024\/01\/henristudiobeeldvoetballerhenristudioeliasse.png","contentUrl":"https:\/\/www.eliassen.nl\/wp-content\/uploads\/2024\/01\/henristudiobeeldvoetballerhenristudioeliasse.png","width":490,"height":967,"caption":"Henri Studio Bild Fu\u00dfballer Henri Studio eliassen.com"},{"@type":"BreadcrumbList","@id":"https:\/\/www.eliassen.nl\/de\/bild-fussballer-henri-studio\/#breadcrumb","itemListElement":[{"@type":"ListItem","position":1,"name":"Home","item":"https:\/\/www.eliassen.nl\/de\/"},{"@type":"ListItem","position":2,"name":"Shop","item":"https:\/\/www.eliassen.nl\/de\/shop\/"},{"@type":"ListItem","position":3,"name":"Bilder","item":"https:\/\/www.eliassen.nl\/de\/bilder\/"},{"@type":"ListItem","position":4,"name":"Betonstatuen","item":"https:\/\/www.eliassen.nl\/de\/bilder\/betonstatuen\/"},{"@type":"ListItem","position":5,"name":"Andere Modelle Gartenstatuen","item":"https:\/\/www.eliassen.nl\/de\/bilder\/betonstatuen\/andere-modelle-gartenstatuen\/"},{"@type":"ListItem","position":6,"name":"Statue Fu\u00dfballer Henri Studio"}]},{"@type":"WebSite","@id":"https:\/\/www.eliassen.nl\/de\/#website","url":"https:\/\/www.eliassen.nl\/de\/","name":"Eliassen Home & Garden Pleasure","description":"","publisher":{"@id":"https:\/\/www.eliassen.nl\/de\/#organization"},"alternateName":"Eliassen.nl","potentialAction":[{"@type":"SearchAction","target":{"@type":"EntryPoint","urlTemplate":"https:\/\/www.eliassen.nl\/de\/?s={search_term_string}"},"query-input":{"@type":"PropertyValueSpecification","valueRequired":true,"valueName":"search_term_string"}}],"inLanguage":"de"},{"@type":["Organization","Place"],"@id":"https:\/\/www.eliassen.nl\/de\/#organization","name":"Eliassen Home & Garden Pleasure","url":"https:\/\/www.eliassen.nl\/de\/","logo":{"@id":"https:\/\/www.eliassen.nl\/de\/bild-fussballer-henri-studio\/#local-main-organization-logo"},"image":{"@id":"https:\/\/www.eliassen.nl\/de\/bild-fussballer-henri-studio\/#local-main-organization-logo"},"sameAs":["https:\/\/www.facebook.com\/TuincentrumEliassenAmmerzoden","https:\/\/www.instagram.com\/eliassenhomeandgarden\/","https:\/\/nl.pinterest.com\/eliassenhomeandgarden\/","https:\/\/www.youtube.com\/@eliassenhomegardenpleasure4558"],"telephone":[],"openingHoursSpecification":[{"@type":"OpeningHoursSpecification","dayOfWeek":["Monday","Tuesday","Wednesday","Thursday","Friday","Saturday","Sunday"],"opens":"09:00","closes":"17:00"}]},{"@type":"ImageObject","inLanguage":"de","@id":"https:\/\/www.eliassen.nl\/de\/bild-fussballer-henri-studio\/#local-main-organization-logo","url":"https:\/\/www.eliassen.nl\/wp-content\/uploads\/2024\/01\/logo_4nd.jpg","contentUrl":"https:\/\/www.eliassen.nl\/wp-content\/uploads\/2024\/01\/logo_4nd.jpg","width":500,"height":500,"caption":"Eliassen Home & Garden Pleasure"}]},"product_price_amount":"125.00","product_price_currency":"EUR","og_availability":"instock","product_availability":"instock","product_retailer_item_id":"Hsvoet","product_condition":"new"},"df_price":125,"df_sale_price":"","df_regular_price":125,"df_image_link":"https:\/\/www.eliassen.nl\/wp-content\/uploads\/2024\/01\/henristudiobeeldvoetballerhenristudioeliasse.png","image":"https:\/\/www.eliassen.nl\/wp-content\/uploads\/2024\/01\/henristudiobeeldvoetballerhenristudioeliasse.png","price_search":"<span class=\"woocommerce-Price-amount amount\"><bdi><span class=\"woocommerce-Price-currencySymbol\">&euro;<\/span>&nbsp;125,00<\/bdi><\/span>","category":"Andere Modelle Gartenstatuen","global_unique_id":"7438235677675","_links":{"self":[{"href":"https:\/\/www.eliassen.nl\/de\/wp-json\/wp\/v2\/product\/19843","targetHints":{"allow":["GET"]}}],"collection":[{"href":"https:\/\/www.eliassen.nl\/de\/wp-json\/wp\/v2\/product"}],"about":[{"href":"https:\/\/www.eliassen.nl\/de\/wp-json\/wp\/v2\/types\/product"}],"wp:featuredmedia":[{"embeddable":true,"href":"https:\/\/www.eliassen.nl\/de\/wp-json\/wp\/v2\/media\/19831"}],"wp:attachment":[{"href":"https:\/\/www.eliassen.nl\/de\/wp-json\/wp\/v2\/media?parent=19843"}],"wp:term":[{"taxonomy":"product_brand","embeddable":true,"href":"https:\/\/www.eliassen.nl\/de\/wp-json\/wp\/v2\/product_brand?post=19843"},{"taxonomy":"product_cat","embeddable":true,"href":"https:\/\/www.eliassen.nl\/de\/wp-json\/wp\/v2\/product_cat?post=19843"},{"taxonomy":"product_tag","embeddable":true,"href":"https:\/\/www.eliassen.nl\/de\/wp-json\/wp\/v2\/product_tag?post=19843"}],"curies":[{"name":"wp","href":"https:\/\/api.w.org\/{rel}","templated":true}]}}