{"id":198403,"date":"2025-01-22T13:38:37","date_gmt":"2025-01-22T12:38:37","guid":{"rendered":"https:\/\/www.eliassen.nl\/product\/strass-glasmalerei-dame-schmetterlingskopf-gold-80x120cm\/"},"modified":"2026-01-07T13:37:24","modified_gmt":"2026-01-07T12:37:24","slug":"strass-glasmalerei-dame-schmetterlingskopf-gold-80x120cm","status":"publish","type":"product","link":"https:\/\/www.eliassen.nl\/de\/strass-glasmalerei-dame-schmetterlingskopf-gold-80x120cm\/","title":{"rendered":"Strass Glasmalerei Dame Schmetterlingskopf gold 80x120cm"},"content":{"rendered":"<p><span style=\"font-weight: 400;\">Sind Sie auf der Suche nach einem hochmodernen Glasgem\u00e4lde mit verschiedenen Strassstein-Akzenten? Dann ist dieses Modell-Glasgem\u00e4lde, das eine fantasievolle Frau mit einem auff\u00e4lligen Schmetterling auf dem Kopf in verschiedenen Silber- und Goldakzenten zeigt, genau das Richtige f\u00fcr Sie. Diese einzigartige Glasmalerei hat sehr sch\u00f6ne Akzentsteine auf dem Druck. Sorgf\u00e4ltig hergestellt mit den feinsten Farbkompositionen und mit gro\u00dfer Aufmerksamkeit f\u00fcr die Feinheiten!<\/span><\/p>\n<p><span style=\"font-weight: 400;\">Das Ergebnis ist dann ein wundersch\u00f6nes Hochglanzgem\u00e4lde, bei dem die Strasssteine f\u00fcr den trendigen und zugleich schicken Look sorgen.<\/span><\/p>\n<p><span style=\"font-weight: 400;\">Wir haben auch fast die gesamte Kollektion dieser Serie in unserem Gesch\u00e4ft, was in den Niederlanden einzigartig ist.<\/span><\/p>\n<ul>\n<li style=\"font-weight: 400;\" aria-level=\"1\"><span style=\"font-weight: 400;\">Gr\u00f6\u00dfe: 80x120cm<\/span><\/li>\n<li style=\"font-weight: 400;\" aria-level=\"1\"><span style=\"font-weight: 400;\">Ausgestattet mit einer Aufh\u00e4ngevorrichtung<\/span><\/li>\n<li style=\"font-weight: 400;\" aria-level=\"1\"><span style=\"font-weight: 400;\">4 mm starkes geh\u00e4rtetes Sicherheitsglas<\/span><\/li>\n<li style=\"font-weight: 400;\" aria-level=\"1\"><span style=\"font-weight: 400;\">Einfach mit 2 Schrauben aufzuh\u00e4ngen<\/span><\/li>\n<li style=\"font-weight: 400;\" aria-level=\"1\"><span style=\"font-weight: 400;\">Schnelle Lieferung<\/span><\/li>\n<li style=\"font-weight: 400;\" aria-level=\"1\"><span style=\"font-weight: 400;\">Die gr\u00f6\u00dfte Sammlung in den Benelux-L\u00e4ndern, die Sie auch live sehen k\u00f6nnen.<\/span><\/li>\n<li style=\"font-weight: 400;\" aria-level=\"1\"><span style=\"font-weight: 400;\">1 Jahr Garantie<\/span><\/li>\n<li style=\"font-weight: 400;\" aria-level=\"1\"><span style=\"font-weight: 400;\">Nur f\u00fcr die Verwendung in Innenr\u00e4umen geeignet<\/span><\/li>\n<\/ul>\n","protected":false},"excerpt":{"rendered":"<p>\u2713 4mm geh\u00e4rtetes Sicherheitsglas \u2713 Mit Akzentsteinen<\/p>\n","protected":false},"featured_media":171060,"template":"","meta":{"_acf_changed":false,"_genesis_title":"","_genesis_description":""},"product_brand":[7505],"product_cat":[410,7035],"product_tag":[],"class_list":{"0":"post-198403","1":"product","2":"type-product","3":"status-publish","4":"has-post-thumbnail","6":"product_brand-sonstige","7":"product_cat-gemaelde","8":"product_cat-strass-glasgemaelde","10":"first","11":"instock","12":"taxable","13":"shipping-taxable","14":"purchasable","15":"product-type-simple"},"acf":[],"meta_all":{"total_sales":"0","cor_restricted_countries":[]},"meta_all_flat":{"total_sales":"0"},"yoast_head":"<!-- This site is optimized with the Yoast SEO Premium plugin v26.2 (Yoast SEO v27.2) - https:\/\/yoast.com\/product\/yoast-seo-premium-wordpress\/ -->\n<title>Sonstige Strass Glasmalerei Dame Schmetterlingskopf gold 80x120cm - Eliassen.nl<\/title>\n<meta name=\"description\" content=\"Dies ist in der Tat ein ganz besonderes Gem\u00e4lde! Die Akzente auf dem silbernen Schmetterling und dem goldenen Hintergrund heben sich dank der Steine vom Gem\u00e4lde ab!\" \/>\n<meta name=\"robots\" content=\"index, follow, max-snippet:-1, max-image-preview:large, max-video-preview:-1\" \/>\n<link rel=\"canonical\" href=\"https:\/\/www.eliassen.nl\/de\/strass-glasmalerei-dame-schmetterlingskopf-gold-80x120cm\/\" \/>\n<meta property=\"og:locale\" content=\"de_DE\" \/>\n<meta property=\"og:type\" content=\"article\" \/>\n<meta property=\"og:title\" content=\"Sonstige Strass Glasmalerei Dame Schmetterlingskopf gold 80x120cm - Eliassen.nl\" \/>\n<meta property=\"og:description\" content=\"Dies ist in der Tat ein ganz besonderes Gem\u00e4lde! Die Akzente auf dem silbernen Schmetterling und dem goldenen Hintergrund heben sich dank der Steine vom Gem\u00e4lde ab!\" \/>\n<meta property=\"og:url\" content=\"https:\/\/www.eliassen.nl\/de\/strass-glasmalerei-dame-schmetterlingskopf-gold-80x120cm\/\" \/>\n<meta property=\"og:site_name\" content=\"Eliassen.nl\" \/>\n<meta property=\"article:publisher\" content=\"https:\/\/www.facebook.com\/TuincentrumEliassenAmmerzoden\" \/>\n<meta property=\"article:modified_time\" content=\"2026-01-07T12:37:24+00:00\" \/>\n<meta property=\"og:image\" content=\"https:\/\/www.eliassen.nl\/wp-content\/uploads\/2025\/01\/Strass-glasschilderij-Vlinderhoofd-Eliassen.nl-S-371-80x120-cm-scaled.jpg\" \/>\n\t<meta property=\"og:image:width\" content=\"1701\" \/>\n\t<meta property=\"og:image:height\" content=\"2560\" \/>\n\t<meta property=\"og:image:type\" content=\"image\/jpeg\" \/>\n<meta name=\"twitter:card\" content=\"summary_large_image\" \/>\n<script type=\"application\/ld+json\" class=\"yoast-schema-graph\">{\"@context\":\"https:\/\/schema.org\",\"@graph\":[{\"@type\":\"WebPage\",\"@id\":\"https:\/\/www.eliassen.nl\/de\/strass-glasmalerei-dame-schmetterlingskopf-gold-80x120cm\/\",\"url\":\"https:\/\/www.eliassen.nl\/de\/strass-glasmalerei-dame-schmetterlingskopf-gold-80x120cm\/\",\"name\":\"Sonstige Strass Glasmalerei Dame Schmetterlingskopf gold 80x120cm - Eliassen.nl\",\"isPartOf\":{\"@id\":\"https:\/\/www.eliassen.nl\/de\/#website\"},\"primaryImageOfPage\":{\"@id\":\"https:\/\/www.eliassen.nl\/de\/strass-glasmalerei-dame-schmetterlingskopf-gold-80x120cm\/#primaryimage\"},\"image\":{\"@id\":\"https:\/\/www.eliassen.nl\/de\/strass-glasmalerei-dame-schmetterlingskopf-gold-80x120cm\/#primaryimage\"},\"thumbnailUrl\":\"https:\/\/www.eliassen.nl\/wp-content\/uploads\/2025\/01\/Strass-glasschilderij-Vlinderhoofd-Eliassen.nl-S-371-80x120-cm-scaled.jpg\",\"datePublished\":\"2025-01-22T12:38:37+00:00\",\"dateModified\":\"2026-01-07T12:37:24+00:00\",\"description\":\"Dies ist in der Tat ein ganz besonderes Gem\u00e4lde! Die Akzente auf dem silbernen Schmetterling und dem goldenen Hintergrund heben sich dank der Steine vom Gem\u00e4lde ab!\",\"breadcrumb\":{\"@id\":\"https:\/\/www.eliassen.nl\/de\/strass-glasmalerei-dame-schmetterlingskopf-gold-80x120cm\/#breadcrumb\"},\"inLanguage\":\"de\",\"potentialAction\":[{\"@type\":\"ReadAction\",\"target\":[\"https:\/\/www.eliassen.nl\/de\/strass-glasmalerei-dame-schmetterlingskopf-gold-80x120cm\/\"]}]},{\"@type\":\"ImageObject\",\"inLanguage\":\"de\",\"@id\":\"https:\/\/www.eliassen.nl\/de\/strass-glasmalerei-dame-schmetterlingskopf-gold-80x120cm\/#primaryimage\",\"url\":\"https:\/\/www.eliassen.nl\/wp-content\/uploads\/2025\/01\/Strass-glasschilderij-Vlinderhoofd-Eliassen.nl-S-371-80x120-cm-scaled.jpg\",\"contentUrl\":\"https:\/\/www.eliassen.nl\/wp-content\/uploads\/2025\/01\/Strass-glasschilderij-Vlinderhoofd-Eliassen.nl-S-371-80x120-cm-scaled.jpg\",\"width\":1701,\"height\":2560,\"caption\":\"Modeportr\u00e4t einer jungen sch\u00f6nen Frau mit Schmuck\"},{\"@type\":\"BreadcrumbList\",\"@id\":\"https:\/\/www.eliassen.nl\/de\/strass-glasmalerei-dame-schmetterlingskopf-gold-80x120cm\/#breadcrumb\",\"itemListElement\":[{\"@type\":\"ListItem\",\"position\":1,\"name\":\"Home\",\"item\":\"https:\/\/www.eliassen.nl\/de\/\"},{\"@type\":\"ListItem\",\"position\":2,\"name\":\"Shop\",\"item\":\"https:\/\/www.eliassen.nl\/de\/shop\/\"},{\"@type\":\"ListItem\",\"position\":3,\"name\":\"Glasmalereien\",\"item\":\"https:\/\/www.eliassen.nl\/de\/gemaelde\/glasmalereien\/\"},{\"@type\":\"ListItem\",\"position\":4,\"name\":\"Strass-Glasgem\u00e4lde\",\"item\":\"https:\/\/www.eliassen.nl\/de\/product-categorie\/glasmalereien\/strass-glasgemaelde\/\"},{\"@type\":\"ListItem\",\"position\":5,\"name\":\"Strass Glasmalerei Dame Schmetterlingskopf gold 80x120cm\"}]},{\"@type\":\"WebSite\",\"@id\":\"https:\/\/www.eliassen.nl\/de\/#website\",\"url\":\"https:\/\/www.eliassen.nl\/de\/\",\"name\":\"Eliassen Home & Garden Pleasure\",\"description\":\"\",\"publisher\":{\"@id\":\"https:\/\/www.eliassen.nl\/de\/#organization\"},\"alternateName\":\"Eliassen.nl\",\"potentialAction\":[{\"@type\":\"SearchAction\",\"target\":{\"@type\":\"EntryPoint\",\"urlTemplate\":\"https:\/\/www.eliassen.nl\/de\/?s={search_term_string}\"},\"query-input\":{\"@type\":\"PropertyValueSpecification\",\"valueRequired\":true,\"valueName\":\"search_term_string\"}}],\"inLanguage\":\"de\"},{\"@type\":[\"Organization\",\"Place\"],\"@id\":\"https:\/\/www.eliassen.nl\/de\/#organization\",\"name\":\"Eliassen Home & Garden Pleasure\",\"url\":\"https:\/\/www.eliassen.nl\/de\/\",\"logo\":{\"@id\":\"https:\/\/www.eliassen.nl\/de\/strass-glasmalerei-dame-schmetterlingskopf-gold-80x120cm\/#local-main-organization-logo\"},\"image\":{\"@id\":\"https:\/\/www.eliassen.nl\/de\/strass-glasmalerei-dame-schmetterlingskopf-gold-80x120cm\/#local-main-organization-logo\"},\"sameAs\":[\"https:\/\/www.facebook.com\/TuincentrumEliassenAmmerzoden\",\"https:\/\/www.instagram.com\/eliassenhomeandgarden\/\",\"https:\/\/nl.pinterest.com\/eliassenhomeandgarden\/\",\"https:\/\/www.youtube.com\/@eliassenhomegardenpleasure4558\"],\"telephone\":[],\"openingHoursSpecification\":[{\"@type\":\"OpeningHoursSpecification\",\"dayOfWeek\":[\"Monday\",\"Tuesday\",\"Wednesday\",\"Thursday\",\"Friday\",\"Saturday\",\"Sunday\"],\"opens\":\"09:00\",\"closes\":\"17:00\"}]},{\"@type\":\"ImageObject\",\"inLanguage\":\"de\",\"@id\":\"https:\/\/www.eliassen.nl\/de\/strass-glasmalerei-dame-schmetterlingskopf-gold-80x120cm\/#local-main-organization-logo\",\"url\":\"https:\/\/www.eliassen.nl\/wp-content\/uploads\/2024\/01\/logo_4nd.jpg\",\"contentUrl\":\"https:\/\/www.eliassen.nl\/wp-content\/uploads\/2024\/01\/logo_4nd.jpg\",\"width\":500,\"height\":500,\"caption\":\"Eliassen Home & Garden Pleasure\"}]}<\/script>\n<meta property=\"product:price:amount\" content=\"189.00\" \/>\n<meta property=\"product:price:currency\" content=\"EUR\" \/>\n<meta property=\"og:availability\" content=\"instock\" \/>\n<meta property=\"product:availability\" content=\"instock\" \/>\n<meta property=\"product:retailer_item_id\" content=\"s-371\" \/>\n<meta property=\"product:condition\" content=\"new\" \/>\n<!-- \/ Yoast SEO Premium plugin. -->","yoast_head_json":{"title":"Sonstige Strass Glasmalerei Dame Schmetterlingskopf gold 80x120cm - Eliassen.nl","description":"Dies ist in der Tat ein ganz besonderes Gem\u00e4lde! Die Akzente auf dem silbernen Schmetterling und dem goldenen Hintergrund heben sich dank der Steine vom Gem\u00e4lde ab!","robots":{"index":"index","follow":"follow","max-snippet":"max-snippet:-1","max-image-preview":"max-image-preview:large","max-video-preview":"max-video-preview:-1"},"canonical":"https:\/\/www.eliassen.nl\/de\/strass-glasmalerei-dame-schmetterlingskopf-gold-80x120cm\/","og_locale":"de_DE","og_type":"article","og_title":"Sonstige Strass Glasmalerei Dame Schmetterlingskopf gold 80x120cm - Eliassen.nl","og_description":"Dies ist in der Tat ein ganz besonderes Gem\u00e4lde! Die Akzente auf dem silbernen Schmetterling und dem goldenen Hintergrund heben sich dank der Steine vom Gem\u00e4lde ab!","og_url":"https:\/\/www.eliassen.nl\/de\/strass-glasmalerei-dame-schmetterlingskopf-gold-80x120cm\/","og_site_name":"Eliassen.nl","article_publisher":"https:\/\/www.facebook.com\/TuincentrumEliassenAmmerzoden","article_modified_time":"2026-01-07T12:37:24+00:00","og_image":[{"width":1701,"height":2560,"url":"https:\/\/www.eliassen.nl\/wp-content\/uploads\/2025\/01\/Strass-glasschilderij-Vlinderhoofd-Eliassen.nl-S-371-80x120-cm-scaled.jpg","type":"image\/jpeg"}],"twitter_card":"summary_large_image","schema":{"@context":"https:\/\/schema.org","@graph":[{"@type":"WebPage","@id":"https:\/\/www.eliassen.nl\/de\/strass-glasmalerei-dame-schmetterlingskopf-gold-80x120cm\/","url":"https:\/\/www.eliassen.nl\/de\/strass-glasmalerei-dame-schmetterlingskopf-gold-80x120cm\/","name":"Sonstige Strass Glasmalerei Dame Schmetterlingskopf gold 80x120cm - Eliassen.nl","isPartOf":{"@id":"https:\/\/www.eliassen.nl\/de\/#website"},"primaryImageOfPage":{"@id":"https:\/\/www.eliassen.nl\/de\/strass-glasmalerei-dame-schmetterlingskopf-gold-80x120cm\/#primaryimage"},"image":{"@id":"https:\/\/www.eliassen.nl\/de\/strass-glasmalerei-dame-schmetterlingskopf-gold-80x120cm\/#primaryimage"},"thumbnailUrl":"https:\/\/www.eliassen.nl\/wp-content\/uploads\/2025\/01\/Strass-glasschilderij-Vlinderhoofd-Eliassen.nl-S-371-80x120-cm-scaled.jpg","datePublished":"2025-01-22T12:38:37+00:00","dateModified":"2026-01-07T12:37:24+00:00","description":"Dies ist in der Tat ein ganz besonderes Gem\u00e4lde! Die Akzente auf dem silbernen Schmetterling und dem goldenen Hintergrund heben sich dank der Steine vom Gem\u00e4lde ab!","breadcrumb":{"@id":"https:\/\/www.eliassen.nl\/de\/strass-glasmalerei-dame-schmetterlingskopf-gold-80x120cm\/#breadcrumb"},"inLanguage":"de","potentialAction":[{"@type":"ReadAction","target":["https:\/\/www.eliassen.nl\/de\/strass-glasmalerei-dame-schmetterlingskopf-gold-80x120cm\/"]}]},{"@type":"ImageObject","inLanguage":"de","@id":"https:\/\/www.eliassen.nl\/de\/strass-glasmalerei-dame-schmetterlingskopf-gold-80x120cm\/#primaryimage","url":"https:\/\/www.eliassen.nl\/wp-content\/uploads\/2025\/01\/Strass-glasschilderij-Vlinderhoofd-Eliassen.nl-S-371-80x120-cm-scaled.jpg","contentUrl":"https:\/\/www.eliassen.nl\/wp-content\/uploads\/2025\/01\/Strass-glasschilderij-Vlinderhoofd-Eliassen.nl-S-371-80x120-cm-scaled.jpg","width":1701,"height":2560,"caption":"Modeportr\u00e4t einer jungen sch\u00f6nen Frau mit Schmuck"},{"@type":"BreadcrumbList","@id":"https:\/\/www.eliassen.nl\/de\/strass-glasmalerei-dame-schmetterlingskopf-gold-80x120cm\/#breadcrumb","itemListElement":[{"@type":"ListItem","position":1,"name":"Home","item":"https:\/\/www.eliassen.nl\/de\/"},{"@type":"ListItem","position":2,"name":"Shop","item":"https:\/\/www.eliassen.nl\/de\/shop\/"},{"@type":"ListItem","position":3,"name":"Glasmalereien","item":"https:\/\/www.eliassen.nl\/de\/gemaelde\/glasmalereien\/"},{"@type":"ListItem","position":4,"name":"Strass-Glasgem\u00e4lde","item":"https:\/\/www.eliassen.nl\/de\/product-categorie\/glasmalereien\/strass-glasgemaelde\/"},{"@type":"ListItem","position":5,"name":"Strass Glasmalerei Dame Schmetterlingskopf gold 80x120cm"}]},{"@type":"WebSite","@id":"https:\/\/www.eliassen.nl\/de\/#website","url":"https:\/\/www.eliassen.nl\/de\/","name":"Eliassen Home & Garden Pleasure","description":"","publisher":{"@id":"https:\/\/www.eliassen.nl\/de\/#organization"},"alternateName":"Eliassen.nl","potentialAction":[{"@type":"SearchAction","target":{"@type":"EntryPoint","urlTemplate":"https:\/\/www.eliassen.nl\/de\/?s={search_term_string}"},"query-input":{"@type":"PropertyValueSpecification","valueRequired":true,"valueName":"search_term_string"}}],"inLanguage":"de"},{"@type":["Organization","Place"],"@id":"https:\/\/www.eliassen.nl\/de\/#organization","name":"Eliassen Home & Garden Pleasure","url":"https:\/\/www.eliassen.nl\/de\/","logo":{"@id":"https:\/\/www.eliassen.nl\/de\/strass-glasmalerei-dame-schmetterlingskopf-gold-80x120cm\/#local-main-organization-logo"},"image":{"@id":"https:\/\/www.eliassen.nl\/de\/strass-glasmalerei-dame-schmetterlingskopf-gold-80x120cm\/#local-main-organization-logo"},"sameAs":["https:\/\/www.facebook.com\/TuincentrumEliassenAmmerzoden","https:\/\/www.instagram.com\/eliassenhomeandgarden\/","https:\/\/nl.pinterest.com\/eliassenhomeandgarden\/","https:\/\/www.youtube.com\/@eliassenhomegardenpleasure4558"],"telephone":[],"openingHoursSpecification":[{"@type":"OpeningHoursSpecification","dayOfWeek":["Monday","Tuesday","Wednesday","Thursday","Friday","Saturday","Sunday"],"opens":"09:00","closes":"17:00"}]},{"@type":"ImageObject","inLanguage":"de","@id":"https:\/\/www.eliassen.nl\/de\/strass-glasmalerei-dame-schmetterlingskopf-gold-80x120cm\/#local-main-organization-logo","url":"https:\/\/www.eliassen.nl\/wp-content\/uploads\/2024\/01\/logo_4nd.jpg","contentUrl":"https:\/\/www.eliassen.nl\/wp-content\/uploads\/2024\/01\/logo_4nd.jpg","width":500,"height":500,"caption":"Eliassen Home & Garden Pleasure"}]},"product_price_amount":"189.00","product_price_currency":"EUR","og_availability":"instock","product_availability":"instock","product_retailer_item_id":"s-371","product_condition":"new"},"df_price":189,"df_sale_price":"","df_regular_price":189,"df_image_link":"https:\/\/www.eliassen.nl\/wp-content\/uploads\/2025\/01\/Strass-glasschilderij-Vlinderhoofd-Eliassen.nl-S-371-80x120-cm-199x300.jpg","image":"https:\/\/www.eliassen.nl\/wp-content\/uploads\/2025\/01\/Strass-glasschilderij-Vlinderhoofd-Eliassen.nl-S-371-80x120-cm-150x150.jpg","price_search":"<span class=\"woocommerce-Price-amount amount\"><bdi><span class=\"woocommerce-Price-currencySymbol\">&euro;<\/span>&nbsp;189,00<\/bdi><\/span>","category":"Gem\u00e4lde","global_unique_id":"6096531253255","_links":{"self":[{"href":"https:\/\/www.eliassen.nl\/de\/wp-json\/wp\/v2\/product\/198403","targetHints":{"allow":["GET"]}}],"collection":[{"href":"https:\/\/www.eliassen.nl\/de\/wp-json\/wp\/v2\/product"}],"about":[{"href":"https:\/\/www.eliassen.nl\/de\/wp-json\/wp\/v2\/types\/product"}],"wp:featuredmedia":[{"embeddable":true,"href":"https:\/\/www.eliassen.nl\/de\/wp-json\/wp\/v2\/media\/171060"}],"wp:attachment":[{"href":"https:\/\/www.eliassen.nl\/de\/wp-json\/wp\/v2\/media?parent=198403"}],"wp:term":[{"taxonomy":"product_brand","embeddable":true,"href":"https:\/\/www.eliassen.nl\/de\/wp-json\/wp\/v2\/product_brand?post=198403"},{"taxonomy":"product_cat","embeddable":true,"href":"https:\/\/www.eliassen.nl\/de\/wp-json\/wp\/v2\/product_cat?post=198403"},{"taxonomy":"product_tag","embeddable":true,"href":"https:\/\/www.eliassen.nl\/de\/wp-json\/wp\/v2\/product_tag?post=198403"}],"curies":[{"name":"wp","href":"https:\/\/api.w.org\/{rel}","templated":true}]}}