{"id":198335,"date":"2025-02-14T16:58:25","date_gmt":"2025-02-14T15:58:25","guid":{"rendered":"https:\/\/www.eliassen.nl\/product\/metall-3d-gemaelde-arc-de-triomphe-80x80cm\/"},"modified":"2026-02-02T16:59:06","modified_gmt":"2026-02-02T15:59:06","slug":"metall-3d-gemaelde-arc-de-triomphe-80x80cm","status":"publish","type":"product","link":"https:\/\/www.eliassen.nl\/de\/metall-3d-gemaelde-arc-de-triomphe-80x80cm\/","title":{"rendered":"Metall 3d Gem\u00e4lde Arc de Triomphe 80x80cm"},"content":{"rendered":"<p data-path-to-node=\"2\">Bringen Sie die Pracht der franz\u00f6sischen Hauptstadt in Ihr Interieur mit diesem wundersch\u00f6nen 3D-Metallbild des Arc de Triomphe. Mit einer quadratischen Gr\u00f6\u00dfe von 80 x 80 cm ist dieses Kunstwerk ein stilvoller Blickfang an Ihrer Wand. Das Bild, das einen Oldtimer im Vordergrund vor dem weltber\u00fchmten Monument zeigt, ist sublim aus Metall gefertigt, wobei sowohl die Figur als auch der Hintergrund vollst\u00e4ndig aus Eisen bestehen. Das verleiht ihm ein robustes und charaktervolles Aussehen.<\/p>\n<p data-path-to-node=\"3\">Was dieses Wandobjekt wirklich einzigartig macht, ist der ausgepr\u00e4gte 3D-Effekt: Die verschiedenen Teile sind aus separaten Metallst\u00fccken gefertigt und von Hand zusammengeschwei\u00dft, wodurch der Arc de Triomphe und das Auto effektvoll zur Geltung kommen. Da jedes St\u00fcck komplett handgefertigt und bemalt ist, holen Sie sich ein exklusives St\u00fcck in Ihr Zuhause. Die Farbnuancen in Braun, Grau, Wei\u00df und Schwarz k\u00f6nnen daher leicht vom Foto abweichen. Dieses Gem\u00e4lde ist eine gro\u00dfartige Erg\u00e4nzung f\u00fcr Ihr Wohnzimmer oder B\u00fcro, kann aber dank seiner haltbaren Materialien auch drau\u00dfen unter einer Veranda oder einem Unterstand aufgeh\u00e4ngt werden. M\u00f6chten Sie die Tiefe und das Pariser Ambiente dieses Modells lieber erst einmal selbst bewundern? Sie sind herzlich eingeladen, unseren Ausstellungsraum in Ammerzoden zu besuchen, wo wir die gr\u00f6\u00dfte Sammlung von 3D-Metallbildern in den Beneluxl\u00e4ndern f\u00fcr Sie bereithalten.<\/p>\n","protected":false},"excerpt":{"rendered":"<p>Dieses handgefertigte 3D-Metallwandbild (80&#215;80 cm) zeigt den Arc de Triomphe mit einem klassischen Auto und einem einzigartigen Tiefeneffekt. Das robuste Kunstwerk aus Eisen zeichnet sich durch fachm\u00e4nnische Details und einen stimmungsvollen Look aus, der sich sowohl f\u00fcr den Innen- als auch f\u00fcr den Au\u00dfenbereich unter einem Vordach eignet.<\/p>\n","protected":false},"featured_media":174533,"template":"","meta":{"_acf_changed":false,"_genesis_title":"","_genesis_description":""},"product_brand":[7505],"product_cat":[419,425,410],"product_tag":[],"class_list":{"0":"post-198335","1":"product","2":"type-product","3":"status-publish","4":"has-post-thumbnail","6":"product_brand-sonstige","7":"product_cat-3d-gemaelde-aus-metall","8":"product_cat-3d-gemaelde-aus-metall-im-format-80x80cm","9":"product_cat-gemaelde","11":"first","12":"onbackorder","13":"taxable","14":"shipping-taxable","15":"purchasable","16":"product-type-simple"},"acf":[],"meta_all":{"total_sales":"0","cor_restricted_countries":[]},"meta_all_flat":{"total_sales":"0"},"yoast_head":"<!-- This site is optimized with the Yoast SEO Premium plugin v26.2 (Yoast SEO v27.2) - https:\/\/yoast.com\/product\/yoast-seo-premium-wordpress\/ -->\n<title>Sonstige Metall 3d Gem\u00e4lde Arc de Triomphe 80x80cm - Eliassen.nl<\/title>\n<meta name=\"description\" content=\"Kaufen Sie das einzigartige 3D-Metallbild &#039;Arc de Triomphe&#039; (80x80cm) von Eliassen. Franz\u00f6sisches Kunsthandwerk mit 3D-Effekt. Sehen Sie sich die gr\u00f6\u00dfte Kollektion im Ausstellungsraum an!\" \/>\n<meta name=\"robots\" content=\"index, follow, max-snippet:-1, max-image-preview:large, max-video-preview:-1\" \/>\n<link rel=\"canonical\" href=\"https:\/\/www.eliassen.nl\/de\/metall-3d-gemaelde-arc-de-triomphe-80x80cm\/\" \/>\n<meta property=\"og:locale\" content=\"de_DE\" \/>\n<meta property=\"og:type\" content=\"article\" \/>\n<meta property=\"og:title\" content=\"Sonstige Metall 3d Gem\u00e4lde Arc de Triomphe 80x80cm - Eliassen.nl\" \/>\n<meta property=\"og:description\" content=\"Kaufen Sie das einzigartige 3D-Metallbild &#039;Arc de Triomphe&#039; (80x80cm) von Eliassen. Franz\u00f6sisches Kunsthandwerk mit 3D-Effekt. Sehen Sie sich die gr\u00f6\u00dfte Kollektion im Ausstellungsraum an!\" \/>\n<meta property=\"og:url\" content=\"https:\/\/www.eliassen.nl\/de\/metall-3d-gemaelde-arc-de-triomphe-80x80cm\/\" \/>\n<meta property=\"og:site_name\" content=\"Eliassen.nl\" \/>\n<meta property=\"article:publisher\" content=\"https:\/\/www.facebook.com\/TuincentrumEliassenAmmerzoden\" \/>\n<meta property=\"article:modified_time\" content=\"2026-02-02T15:59:06+00:00\" \/>\n<meta property=\"og:image\" content=\"https:\/\/www.eliassen.nl\/wp-content\/uploads\/2025\/02\/metalen-3d-Arc-de-triomphe-Eliassen.nl_.jpg\" \/>\n\t<meta property=\"og:image:width\" content=\"1200\" \/>\n\t<meta property=\"og:image:height\" content=\"1200\" \/>\n\t<meta property=\"og:image:type\" content=\"image\/jpeg\" \/>\n<meta name=\"twitter:card\" content=\"summary_large_image\" \/>\n<script type=\"application\/ld+json\" class=\"yoast-schema-graph\">{\"@context\":\"https:\/\/schema.org\",\"@graph\":[{\"@type\":\"WebPage\",\"@id\":\"https:\/\/www.eliassen.nl\/de\/metall-3d-gemaelde-arc-de-triomphe-80x80cm\/\",\"url\":\"https:\/\/www.eliassen.nl\/de\/metall-3d-gemaelde-arc-de-triomphe-80x80cm\/\",\"name\":\"Sonstige Metall 3d Gem\u00e4lde Arc de Triomphe 80x80cm - Eliassen.nl\",\"isPartOf\":{\"@id\":\"https:\/\/www.eliassen.nl\/de\/#website\"},\"primaryImageOfPage\":{\"@id\":\"https:\/\/www.eliassen.nl\/de\/metall-3d-gemaelde-arc-de-triomphe-80x80cm\/#primaryimage\"},\"image\":{\"@id\":\"https:\/\/www.eliassen.nl\/de\/metall-3d-gemaelde-arc-de-triomphe-80x80cm\/#primaryimage\"},\"thumbnailUrl\":\"https:\/\/www.eliassen.nl\/wp-content\/uploads\/2025\/02\/metalen-3d-Arc-de-triomphe-Eliassen.nl_.jpg\",\"datePublished\":\"2025-02-14T15:58:25+00:00\",\"dateModified\":\"2026-02-02T15:59:06+00:00\",\"description\":\"Kaufen Sie das einzigartige 3D-Metallbild 'Arc de Triomphe' (80x80cm) von Eliassen. Franz\u00f6sisches Kunsthandwerk mit 3D-Effekt. Sehen Sie sich die gr\u00f6\u00dfte Kollektion im Ausstellungsraum an!\",\"breadcrumb\":{\"@id\":\"https:\/\/www.eliassen.nl\/de\/metall-3d-gemaelde-arc-de-triomphe-80x80cm\/#breadcrumb\"},\"inLanguage\":\"de\",\"potentialAction\":[{\"@type\":\"ReadAction\",\"target\":[\"https:\/\/www.eliassen.nl\/de\/metall-3d-gemaelde-arc-de-triomphe-80x80cm\/\"]}]},{\"@type\":\"ImageObject\",\"inLanguage\":\"de\",\"@id\":\"https:\/\/www.eliassen.nl\/de\/metall-3d-gemaelde-arc-de-triomphe-80x80cm\/#primaryimage\",\"url\":\"https:\/\/www.eliassen.nl\/wp-content\/uploads\/2025\/02\/metalen-3d-Arc-de-triomphe-Eliassen.nl_.jpg\",\"contentUrl\":\"https:\/\/www.eliassen.nl\/wp-content\/uploads\/2025\/02\/metalen-3d-Arc-de-triomphe-Eliassen.nl_.jpg\",\"width\":1200,\"height\":1200},{\"@type\":\"BreadcrumbList\",\"@id\":\"https:\/\/www.eliassen.nl\/de\/metall-3d-gemaelde-arc-de-triomphe-80x80cm\/#breadcrumb\",\"itemListElement\":[{\"@type\":\"ListItem\",\"position\":1,\"name\":\"Home\",\"item\":\"https:\/\/www.eliassen.nl\/de\/\"},{\"@type\":\"ListItem\",\"position\":2,\"name\":\"Shop\",\"item\":\"https:\/\/www.eliassen.nl\/de\/shop\/\"},{\"@type\":\"ListItem\",\"position\":3,\"name\":\"Gem\u00e4lde\",\"item\":\"https:\/\/www.eliassen.nl\/de\/gemaelde\/\"},{\"@type\":\"ListItem\",\"position\":4,\"name\":\"Metall 3d Gem\u00e4lde Arc de Triomphe 80x80cm\"}]},{\"@type\":\"WebSite\",\"@id\":\"https:\/\/www.eliassen.nl\/de\/#website\",\"url\":\"https:\/\/www.eliassen.nl\/de\/\",\"name\":\"Eliassen Home & Garden Pleasure\",\"description\":\"\",\"publisher\":{\"@id\":\"https:\/\/www.eliassen.nl\/de\/#organization\"},\"alternateName\":\"Eliassen.nl\",\"potentialAction\":[{\"@type\":\"SearchAction\",\"target\":{\"@type\":\"EntryPoint\",\"urlTemplate\":\"https:\/\/www.eliassen.nl\/de\/?s={search_term_string}\"},\"query-input\":{\"@type\":\"PropertyValueSpecification\",\"valueRequired\":true,\"valueName\":\"search_term_string\"}}],\"inLanguage\":\"de\"},{\"@type\":[\"Organization\",\"Place\"],\"@id\":\"https:\/\/www.eliassen.nl\/de\/#organization\",\"name\":\"Eliassen Home & Garden Pleasure\",\"url\":\"https:\/\/www.eliassen.nl\/de\/\",\"logo\":{\"@id\":\"https:\/\/www.eliassen.nl\/de\/metall-3d-gemaelde-arc-de-triomphe-80x80cm\/#local-main-organization-logo\"},\"image\":{\"@id\":\"https:\/\/www.eliassen.nl\/de\/metall-3d-gemaelde-arc-de-triomphe-80x80cm\/#local-main-organization-logo\"},\"sameAs\":[\"https:\/\/www.facebook.com\/TuincentrumEliassenAmmerzoden\",\"https:\/\/www.instagram.com\/eliassenhomeandgarden\/\",\"https:\/\/nl.pinterest.com\/eliassenhomeandgarden\/\",\"https:\/\/www.youtube.com\/@eliassenhomegardenpleasure4558\"],\"telephone\":[],\"openingHoursSpecification\":[{\"@type\":\"OpeningHoursSpecification\",\"dayOfWeek\":[\"Monday\",\"Tuesday\",\"Wednesday\",\"Thursday\",\"Friday\",\"Saturday\",\"Sunday\"],\"opens\":\"09:00\",\"closes\":\"17:00\"}]},{\"@type\":\"ImageObject\",\"inLanguage\":\"de\",\"@id\":\"https:\/\/www.eliassen.nl\/de\/metall-3d-gemaelde-arc-de-triomphe-80x80cm\/#local-main-organization-logo\",\"url\":\"https:\/\/www.eliassen.nl\/wp-content\/uploads\/2024\/01\/logo_4nd.jpg\",\"contentUrl\":\"https:\/\/www.eliassen.nl\/wp-content\/uploads\/2024\/01\/logo_4nd.jpg\",\"width\":500,\"height\":500,\"caption\":\"Eliassen Home & Garden Pleasure\"}]}<\/script>\n<meta property=\"product:price:amount\" content=\"159.00\" \/>\n<meta property=\"product:price:currency\" content=\"EUR\" \/>\n<meta property=\"og:availability\" content=\"backorder\" \/>\n<meta property=\"product:availability\" content=\"available for order\" \/>\n<meta property=\"product:retailer_item_id\" content=\"T1839 a\" \/>\n<meta property=\"product:condition\" content=\"new\" \/>\n<!-- \/ Yoast SEO Premium plugin. -->","yoast_head_json":{"title":"Sonstige Metall 3d Gem\u00e4lde Arc de Triomphe 80x80cm - Eliassen.nl","description":"Kaufen Sie das einzigartige 3D-Metallbild 'Arc de Triomphe' (80x80cm) von Eliassen. Franz\u00f6sisches Kunsthandwerk mit 3D-Effekt. Sehen Sie sich die gr\u00f6\u00dfte Kollektion im Ausstellungsraum an!","robots":{"index":"index","follow":"follow","max-snippet":"max-snippet:-1","max-image-preview":"max-image-preview:large","max-video-preview":"max-video-preview:-1"},"canonical":"https:\/\/www.eliassen.nl\/de\/metall-3d-gemaelde-arc-de-triomphe-80x80cm\/","og_locale":"de_DE","og_type":"article","og_title":"Sonstige Metall 3d Gem\u00e4lde Arc de Triomphe 80x80cm - Eliassen.nl","og_description":"Kaufen Sie das einzigartige 3D-Metallbild 'Arc de Triomphe' (80x80cm) von Eliassen. Franz\u00f6sisches Kunsthandwerk mit 3D-Effekt. Sehen Sie sich die gr\u00f6\u00dfte Kollektion im Ausstellungsraum an!","og_url":"https:\/\/www.eliassen.nl\/de\/metall-3d-gemaelde-arc-de-triomphe-80x80cm\/","og_site_name":"Eliassen.nl","article_publisher":"https:\/\/www.facebook.com\/TuincentrumEliassenAmmerzoden","article_modified_time":"2026-02-02T15:59:06+00:00","og_image":[{"width":1200,"height":1200,"url":"https:\/\/www.eliassen.nl\/wp-content\/uploads\/2025\/02\/metalen-3d-Arc-de-triomphe-Eliassen.nl_.jpg","type":"image\/jpeg"}],"twitter_card":"summary_large_image","schema":{"@context":"https:\/\/schema.org","@graph":[{"@type":"WebPage","@id":"https:\/\/www.eliassen.nl\/de\/metall-3d-gemaelde-arc-de-triomphe-80x80cm\/","url":"https:\/\/www.eliassen.nl\/de\/metall-3d-gemaelde-arc-de-triomphe-80x80cm\/","name":"Sonstige Metall 3d Gem\u00e4lde Arc de Triomphe 80x80cm - Eliassen.nl","isPartOf":{"@id":"https:\/\/www.eliassen.nl\/de\/#website"},"primaryImageOfPage":{"@id":"https:\/\/www.eliassen.nl\/de\/metall-3d-gemaelde-arc-de-triomphe-80x80cm\/#primaryimage"},"image":{"@id":"https:\/\/www.eliassen.nl\/de\/metall-3d-gemaelde-arc-de-triomphe-80x80cm\/#primaryimage"},"thumbnailUrl":"https:\/\/www.eliassen.nl\/wp-content\/uploads\/2025\/02\/metalen-3d-Arc-de-triomphe-Eliassen.nl_.jpg","datePublished":"2025-02-14T15:58:25+00:00","dateModified":"2026-02-02T15:59:06+00:00","description":"Kaufen Sie das einzigartige 3D-Metallbild 'Arc de Triomphe' (80x80cm) von Eliassen. Franz\u00f6sisches Kunsthandwerk mit 3D-Effekt. Sehen Sie sich die gr\u00f6\u00dfte Kollektion im Ausstellungsraum an!","breadcrumb":{"@id":"https:\/\/www.eliassen.nl\/de\/metall-3d-gemaelde-arc-de-triomphe-80x80cm\/#breadcrumb"},"inLanguage":"de","potentialAction":[{"@type":"ReadAction","target":["https:\/\/www.eliassen.nl\/de\/metall-3d-gemaelde-arc-de-triomphe-80x80cm\/"]}]},{"@type":"ImageObject","inLanguage":"de","@id":"https:\/\/www.eliassen.nl\/de\/metall-3d-gemaelde-arc-de-triomphe-80x80cm\/#primaryimage","url":"https:\/\/www.eliassen.nl\/wp-content\/uploads\/2025\/02\/metalen-3d-Arc-de-triomphe-Eliassen.nl_.jpg","contentUrl":"https:\/\/www.eliassen.nl\/wp-content\/uploads\/2025\/02\/metalen-3d-Arc-de-triomphe-Eliassen.nl_.jpg","width":1200,"height":1200},{"@type":"BreadcrumbList","@id":"https:\/\/www.eliassen.nl\/de\/metall-3d-gemaelde-arc-de-triomphe-80x80cm\/#breadcrumb","itemListElement":[{"@type":"ListItem","position":1,"name":"Home","item":"https:\/\/www.eliassen.nl\/de\/"},{"@type":"ListItem","position":2,"name":"Shop","item":"https:\/\/www.eliassen.nl\/de\/shop\/"},{"@type":"ListItem","position":3,"name":"Gem\u00e4lde","item":"https:\/\/www.eliassen.nl\/de\/gemaelde\/"},{"@type":"ListItem","position":4,"name":"Metall 3d Gem\u00e4lde Arc de Triomphe 80x80cm"}]},{"@type":"WebSite","@id":"https:\/\/www.eliassen.nl\/de\/#website","url":"https:\/\/www.eliassen.nl\/de\/","name":"Eliassen Home & Garden Pleasure","description":"","publisher":{"@id":"https:\/\/www.eliassen.nl\/de\/#organization"},"alternateName":"Eliassen.nl","potentialAction":[{"@type":"SearchAction","target":{"@type":"EntryPoint","urlTemplate":"https:\/\/www.eliassen.nl\/de\/?s={search_term_string}"},"query-input":{"@type":"PropertyValueSpecification","valueRequired":true,"valueName":"search_term_string"}}],"inLanguage":"de"},{"@type":["Organization","Place"],"@id":"https:\/\/www.eliassen.nl\/de\/#organization","name":"Eliassen Home & Garden Pleasure","url":"https:\/\/www.eliassen.nl\/de\/","logo":{"@id":"https:\/\/www.eliassen.nl\/de\/metall-3d-gemaelde-arc-de-triomphe-80x80cm\/#local-main-organization-logo"},"image":{"@id":"https:\/\/www.eliassen.nl\/de\/metall-3d-gemaelde-arc-de-triomphe-80x80cm\/#local-main-organization-logo"},"sameAs":["https:\/\/www.facebook.com\/TuincentrumEliassenAmmerzoden","https:\/\/www.instagram.com\/eliassenhomeandgarden\/","https:\/\/nl.pinterest.com\/eliassenhomeandgarden\/","https:\/\/www.youtube.com\/@eliassenhomegardenpleasure4558"],"telephone":[],"openingHoursSpecification":[{"@type":"OpeningHoursSpecification","dayOfWeek":["Monday","Tuesday","Wednesday","Thursday","Friday","Saturday","Sunday"],"opens":"09:00","closes":"17:00"}]},{"@type":"ImageObject","inLanguage":"de","@id":"https:\/\/www.eliassen.nl\/de\/metall-3d-gemaelde-arc-de-triomphe-80x80cm\/#local-main-organization-logo","url":"https:\/\/www.eliassen.nl\/wp-content\/uploads\/2024\/01\/logo_4nd.jpg","contentUrl":"https:\/\/www.eliassen.nl\/wp-content\/uploads\/2024\/01\/logo_4nd.jpg","width":500,"height":500,"caption":"Eliassen Home & Garden Pleasure"}]},"product_price_amount":"159.00","product_price_currency":"EUR","og_availability":"backorder","product_availability":"available for order","product_retailer_item_id":"T1839 a","product_condition":"new"},"df_price":159,"df_sale_price":"","df_regular_price":159,"df_image_link":"https:\/\/www.eliassen.nl\/wp-content\/uploads\/2025\/02\/metalen-3d-Arc-de-triomphe-Eliassen.nl_-300x300.jpg","image":"https:\/\/www.eliassen.nl\/wp-content\/uploads\/2025\/02\/metalen-3d-Arc-de-triomphe-Eliassen.nl_-150x150.jpg","price_search":"<span class=\"woocommerce-Price-amount amount\"><bdi><span class=\"woocommerce-Price-currencySymbol\">&euro;<\/span>&nbsp;159,00<\/bdi><\/span>","category":"3D Gem\u00e4lde aus Metall","global_unique_id":"5410807018392","_links":{"self":[{"href":"https:\/\/www.eliassen.nl\/de\/wp-json\/wp\/v2\/product\/198335","targetHints":{"allow":["GET"]}}],"collection":[{"href":"https:\/\/www.eliassen.nl\/de\/wp-json\/wp\/v2\/product"}],"about":[{"href":"https:\/\/www.eliassen.nl\/de\/wp-json\/wp\/v2\/types\/product"}],"wp:featuredmedia":[{"embeddable":true,"href":"https:\/\/www.eliassen.nl\/de\/wp-json\/wp\/v2\/media\/174533"}],"wp:attachment":[{"href":"https:\/\/www.eliassen.nl\/de\/wp-json\/wp\/v2\/media?parent=198335"}],"wp:term":[{"taxonomy":"product_brand","embeddable":true,"href":"https:\/\/www.eliassen.nl\/de\/wp-json\/wp\/v2\/product_brand?post=198335"},{"taxonomy":"product_cat","embeddable":true,"href":"https:\/\/www.eliassen.nl\/de\/wp-json\/wp\/v2\/product_cat?post=198335"},{"taxonomy":"product_tag","embeddable":true,"href":"https:\/\/www.eliassen.nl\/de\/wp-json\/wp\/v2\/product_tag?post=198335"}],"curies":[{"name":"wp","href":"https:\/\/api.w.org\/{rel}","templated":true}]}}