{"id":198313,"date":"2025-02-14T16:49:30","date_gmt":"2025-02-14T15:49:30","guid":{"rendered":"https:\/\/www.eliassen.nl\/product\/metall-3d-gemaelde-paris-60x60cm-2\/"},"modified":"2026-02-03T09:05:31","modified_gmt":"2026-02-03T08:05:31","slug":"metall-3d-gemaelde-paris-60x60cm-2","status":"publish","type":"product","link":"https:\/\/www.eliassen.nl\/de\/metall-3d-gemaelde-paris-60x60cm-2\/","title":{"rendered":"Metall 3d Gem\u00e4lde Paris 60x60cm"},"content":{"rendered":"<p data-path-to-node=\"2\">Bringen Sie die lebendige und romantische Atmosph\u00e4re der franz\u00f6sischen Hauptstadt in Ihr Interieur mit diesem sch\u00f6nen 3D-Metallbild Paris. Mit den Ma\u00dfen 60&#215;60 cm ist dieses handgefertigte Kunstwerk eine ideale Wanddekoration f\u00fcr das Wohnzimmer, den Flur oder Ihr B\u00fcro. Das Gem\u00e4lde zeigt eine stimmungsvolle Darstellung von Paris und verwendet verschiedene Farben wie Braun, Rot und Silber. Was dieses Objekt einzigartig macht, ist die Tiefenwirkung. Die verschiedenen Teile sind aus Metall geschnitten und von Hand auf den ebenfalls metallenen Hintergrund geschwei\u00dft, wodurch die Szene wirklich zum Leben erweckt wird.<\/p>\n<p data-path-to-node=\"3\">Da jedes Exemplar komplett handgefertigt und bemalt ist, nehmen Sie ein einzigartiges Kunstwerk mit nach Hause, das nirgendwo genau gleich ist. Das Finish wurde bewusst robust gehalten, um den authentischen und handwerklichen Charakter des Wandobjekts zu unterstreichen. Das Gem\u00e4lde ist vollst\u00e4ndig aus Eisen gefertigt und eignet sich auch hervorragend zum Aufh\u00e4ngen im Freien unter einer Veranda oder einem Vordach. Die Installation ist dank der Vorbereitung f\u00fcr zwei Schrauben einfach. Bei Eliassen finden Sie die gr\u00f6\u00dfte Sammlung von 3D-Metallbildern in den Benelux-L\u00e4ndern, die Sie nat\u00fcrlich auch in unserem Ausstellungsraum besichtigen k\u00f6nnen.<\/p>\n","protected":false},"excerpt":{"rendered":"<p>Dieses handgefertigte 60&#215;60 cm gro\u00dfe 3D-Gem\u00e4lde aus Metall bietet eine farbenfrohe und lebendige Darstellung von Paris, wobei die aufgeschwei\u00dften Eisenelemente eine besondere Tiefenwirkung erzeugen. Das Kunstwerk ist vollst\u00e4ndig handbemalt und hat einen einzigartigen, robusten Charakter, der sowohl in Ihrem Wohnzimmer als auch im Freien unter einem Baldachin eine stimmungsvolle Erg\u00e4nzung darstellt. Ein langlebiges und k\u00fcnstlerisches Wandobjekt, das dank seines soliden Metalldesigns jahrelang halten wird.<\/p>\n","protected":false},"featured_media":174592,"template":"","meta":{"_acf_changed":false,"_genesis_title":"","_genesis_description":""},"product_brand":[7505],"product_cat":[419,422,410],"product_tag":[],"class_list":{"0":"post-198313","1":"product","2":"type-product","3":"status-publish","4":"has-post-thumbnail","6":"product_brand-sonstige","7":"product_cat-3d-gemaelde-aus-metall","8":"product_cat-3d-gemaelde-aus-metall-im-format-60x60cm","9":"product_cat-gemaelde","11":"first","12":"instock","13":"taxable","14":"shipping-taxable","15":"purchasable","16":"product-type-simple"},"acf":[],"meta_all":{"total_sales":"0","cor_restricted_countries":[]},"meta_all_flat":{"total_sales":"0"},"yoast_head":"<!-- This site is optimized with the Yoast SEO Premium plugin v26.2 (Yoast SEO v27.2) - https:\/\/yoast.com\/product\/yoast-seo-premium-wordpress\/ -->\n<title>Sonstige Metall 3d Gem\u00e4lde Paris 60x60cm - Eliassen.nl<\/title>\n<meta name=\"description\" content=\"Bereichern Sie Ihre Wand mit diesem handgefertigten 3D-Metallbild von Paris (60x60cm). Einzigartige Tiefenwirkung und farbenfrohe Details. Jetzt erh\u00e4ltlich bei Eliassen!\" \/>\n<meta name=\"robots\" content=\"index, follow, max-snippet:-1, max-image-preview:large, max-video-preview:-1\" \/>\n<link rel=\"canonical\" href=\"https:\/\/www.eliassen.nl\/de\/metall-3d-gemaelde-paris-60x60cm-2\/\" \/>\n<meta property=\"og:locale\" content=\"de_DE\" \/>\n<meta property=\"og:type\" content=\"article\" \/>\n<meta property=\"og:title\" content=\"Sonstige Metall 3d Gem\u00e4lde Paris 60x60cm - Eliassen.nl\" \/>\n<meta property=\"og:description\" content=\"Bereichern Sie Ihre Wand mit diesem handgefertigten 3D-Metallbild von Paris (60x60cm). Einzigartige Tiefenwirkung und farbenfrohe Details. Jetzt erh\u00e4ltlich bei Eliassen!\" \/>\n<meta property=\"og:url\" content=\"https:\/\/www.eliassen.nl\/de\/metall-3d-gemaelde-paris-60x60cm-2\/\" \/>\n<meta property=\"og:site_name\" content=\"Eliassen.nl\" \/>\n<meta property=\"article:publisher\" content=\"https:\/\/www.facebook.com\/TuincentrumEliassenAmmerzoden\" \/>\n<meta property=\"article:modified_time\" content=\"2026-02-03T08:05:31+00:00\" \/>\n<meta property=\"og:image\" content=\"https:\/\/www.eliassen.nl\/wp-content\/uploads\/2025\/02\/metalen-schilderij-parijs-Eliassen.nl_.jpg\" \/>\n\t<meta property=\"og:image:width\" content=\"500\" \/>\n\t<meta property=\"og:image:height\" content=\"500\" \/>\n\t<meta property=\"og:image:type\" content=\"image\/jpeg\" \/>\n<meta name=\"twitter:card\" content=\"summary_large_image\" \/>\n<script type=\"application\/ld+json\" class=\"yoast-schema-graph\">{\"@context\":\"https:\/\/schema.org\",\"@graph\":[{\"@type\":\"WebPage\",\"@id\":\"https:\/\/www.eliassen.nl\/de\/metall-3d-gemaelde-paris-60x60cm-2\/\",\"url\":\"https:\/\/www.eliassen.nl\/de\/metall-3d-gemaelde-paris-60x60cm-2\/\",\"name\":\"Sonstige Metall 3d Gem\u00e4lde Paris 60x60cm - Eliassen.nl\",\"isPartOf\":{\"@id\":\"https:\/\/www.eliassen.nl\/de\/#website\"},\"primaryImageOfPage\":{\"@id\":\"https:\/\/www.eliassen.nl\/de\/metall-3d-gemaelde-paris-60x60cm-2\/#primaryimage\"},\"image\":{\"@id\":\"https:\/\/www.eliassen.nl\/de\/metall-3d-gemaelde-paris-60x60cm-2\/#primaryimage\"},\"thumbnailUrl\":\"https:\/\/www.eliassen.nl\/wp-content\/uploads\/2025\/02\/metalen-schilderij-parijs-Eliassen.nl_.jpg\",\"datePublished\":\"2025-02-14T15:49:30+00:00\",\"dateModified\":\"2026-02-03T08:05:31+00:00\",\"description\":\"Bereichern Sie Ihre Wand mit diesem handgefertigten 3D-Metallbild von Paris (60x60cm). Einzigartige Tiefenwirkung und farbenfrohe Details. Jetzt erh\u00e4ltlich bei Eliassen!\",\"breadcrumb\":{\"@id\":\"https:\/\/www.eliassen.nl\/de\/metall-3d-gemaelde-paris-60x60cm-2\/#breadcrumb\"},\"inLanguage\":\"de\",\"potentialAction\":[{\"@type\":\"ReadAction\",\"target\":[\"https:\/\/www.eliassen.nl\/de\/metall-3d-gemaelde-paris-60x60cm-2\/\"]}]},{\"@type\":\"ImageObject\",\"inLanguage\":\"de\",\"@id\":\"https:\/\/www.eliassen.nl\/de\/metall-3d-gemaelde-paris-60x60cm-2\/#primaryimage\",\"url\":\"https:\/\/www.eliassen.nl\/wp-content\/uploads\/2025\/02\/metalen-schilderij-parijs-Eliassen.nl_.jpg\",\"contentUrl\":\"https:\/\/www.eliassen.nl\/wp-content\/uploads\/2025\/02\/metalen-schilderij-parijs-Eliassen.nl_.jpg\",\"width\":500,\"height\":500},{\"@type\":\"BreadcrumbList\",\"@id\":\"https:\/\/www.eliassen.nl\/de\/metall-3d-gemaelde-paris-60x60cm-2\/#breadcrumb\",\"itemListElement\":[{\"@type\":\"ListItem\",\"position\":1,\"name\":\"Home\",\"item\":\"https:\/\/www.eliassen.nl\/de\/\"},{\"@type\":\"ListItem\",\"position\":2,\"name\":\"Shop\",\"item\":\"https:\/\/www.eliassen.nl\/de\/shop\/\"},{\"@type\":\"ListItem\",\"position\":3,\"name\":\"Gem\u00e4lde\",\"item\":\"https:\/\/www.eliassen.nl\/de\/gemaelde\/\"},{\"@type\":\"ListItem\",\"position\":4,\"name\":\"Metall 3d Gem\u00e4lde Paris 60x60cm\"}]},{\"@type\":\"WebSite\",\"@id\":\"https:\/\/www.eliassen.nl\/de\/#website\",\"url\":\"https:\/\/www.eliassen.nl\/de\/\",\"name\":\"Eliassen Home & Garden Pleasure\",\"description\":\"\",\"publisher\":{\"@id\":\"https:\/\/www.eliassen.nl\/de\/#organization\"},\"alternateName\":\"Eliassen.nl\",\"potentialAction\":[{\"@type\":\"SearchAction\",\"target\":{\"@type\":\"EntryPoint\",\"urlTemplate\":\"https:\/\/www.eliassen.nl\/de\/?s={search_term_string}\"},\"query-input\":{\"@type\":\"PropertyValueSpecification\",\"valueRequired\":true,\"valueName\":\"search_term_string\"}}],\"inLanguage\":\"de\"},{\"@type\":[\"Organization\",\"Place\"],\"@id\":\"https:\/\/www.eliassen.nl\/de\/#organization\",\"name\":\"Eliassen Home & Garden Pleasure\",\"url\":\"https:\/\/www.eliassen.nl\/de\/\",\"logo\":{\"@id\":\"https:\/\/www.eliassen.nl\/de\/metall-3d-gemaelde-paris-60x60cm-2\/#local-main-organization-logo\"},\"image\":{\"@id\":\"https:\/\/www.eliassen.nl\/de\/metall-3d-gemaelde-paris-60x60cm-2\/#local-main-organization-logo\"},\"sameAs\":[\"https:\/\/www.facebook.com\/TuincentrumEliassenAmmerzoden\",\"https:\/\/www.instagram.com\/eliassenhomeandgarden\/\",\"https:\/\/nl.pinterest.com\/eliassenhomeandgarden\/\",\"https:\/\/www.youtube.com\/@eliassenhomegardenpleasure4558\"],\"telephone\":[],\"openingHoursSpecification\":[{\"@type\":\"OpeningHoursSpecification\",\"dayOfWeek\":[\"Monday\",\"Tuesday\",\"Wednesday\",\"Thursday\",\"Friday\",\"Saturday\",\"Sunday\"],\"opens\":\"09:00\",\"closes\":\"17:00\"}]},{\"@type\":\"ImageObject\",\"inLanguage\":\"de\",\"@id\":\"https:\/\/www.eliassen.nl\/de\/metall-3d-gemaelde-paris-60x60cm-2\/#local-main-organization-logo\",\"url\":\"https:\/\/www.eliassen.nl\/wp-content\/uploads\/2024\/01\/logo_4nd.jpg\",\"contentUrl\":\"https:\/\/www.eliassen.nl\/wp-content\/uploads\/2024\/01\/logo_4nd.jpg\",\"width\":500,\"height\":500,\"caption\":\"Eliassen Home & Garden Pleasure\"}]}<\/script>\n<meta property=\"product:price:amount\" content=\"129.00\" \/>\n<meta property=\"product:price:currency\" content=\"EUR\" \/>\n<meta property=\"og:availability\" content=\"instock\" \/>\n<meta property=\"product:availability\" content=\"instock\" \/>\n<meta property=\"product:retailer_item_id\" content=\"T2329\" \/>\n<meta property=\"product:condition\" content=\"new\" \/>\n<!-- \/ Yoast SEO Premium plugin. -->","yoast_head_json":{"title":"Sonstige Metall 3d Gem\u00e4lde Paris 60x60cm - Eliassen.nl","description":"Bereichern Sie Ihre Wand mit diesem handgefertigten 3D-Metallbild von Paris (60x60cm). Einzigartige Tiefenwirkung und farbenfrohe Details. Jetzt erh\u00e4ltlich bei Eliassen!","robots":{"index":"index","follow":"follow","max-snippet":"max-snippet:-1","max-image-preview":"max-image-preview:large","max-video-preview":"max-video-preview:-1"},"canonical":"https:\/\/www.eliassen.nl\/de\/metall-3d-gemaelde-paris-60x60cm-2\/","og_locale":"de_DE","og_type":"article","og_title":"Sonstige Metall 3d Gem\u00e4lde Paris 60x60cm - Eliassen.nl","og_description":"Bereichern Sie Ihre Wand mit diesem handgefertigten 3D-Metallbild von Paris (60x60cm). Einzigartige Tiefenwirkung und farbenfrohe Details. Jetzt erh\u00e4ltlich bei Eliassen!","og_url":"https:\/\/www.eliassen.nl\/de\/metall-3d-gemaelde-paris-60x60cm-2\/","og_site_name":"Eliassen.nl","article_publisher":"https:\/\/www.facebook.com\/TuincentrumEliassenAmmerzoden","article_modified_time":"2026-02-03T08:05:31+00:00","og_image":[{"width":500,"height":500,"url":"https:\/\/www.eliassen.nl\/wp-content\/uploads\/2025\/02\/metalen-schilderij-parijs-Eliassen.nl_.jpg","type":"image\/jpeg"}],"twitter_card":"summary_large_image","schema":{"@context":"https:\/\/schema.org","@graph":[{"@type":"WebPage","@id":"https:\/\/www.eliassen.nl\/de\/metall-3d-gemaelde-paris-60x60cm-2\/","url":"https:\/\/www.eliassen.nl\/de\/metall-3d-gemaelde-paris-60x60cm-2\/","name":"Sonstige Metall 3d Gem\u00e4lde Paris 60x60cm - Eliassen.nl","isPartOf":{"@id":"https:\/\/www.eliassen.nl\/de\/#website"},"primaryImageOfPage":{"@id":"https:\/\/www.eliassen.nl\/de\/metall-3d-gemaelde-paris-60x60cm-2\/#primaryimage"},"image":{"@id":"https:\/\/www.eliassen.nl\/de\/metall-3d-gemaelde-paris-60x60cm-2\/#primaryimage"},"thumbnailUrl":"https:\/\/www.eliassen.nl\/wp-content\/uploads\/2025\/02\/metalen-schilderij-parijs-Eliassen.nl_.jpg","datePublished":"2025-02-14T15:49:30+00:00","dateModified":"2026-02-03T08:05:31+00:00","description":"Bereichern Sie Ihre Wand mit diesem handgefertigten 3D-Metallbild von Paris (60x60cm). Einzigartige Tiefenwirkung und farbenfrohe Details. Jetzt erh\u00e4ltlich bei Eliassen!","breadcrumb":{"@id":"https:\/\/www.eliassen.nl\/de\/metall-3d-gemaelde-paris-60x60cm-2\/#breadcrumb"},"inLanguage":"de","potentialAction":[{"@type":"ReadAction","target":["https:\/\/www.eliassen.nl\/de\/metall-3d-gemaelde-paris-60x60cm-2\/"]}]},{"@type":"ImageObject","inLanguage":"de","@id":"https:\/\/www.eliassen.nl\/de\/metall-3d-gemaelde-paris-60x60cm-2\/#primaryimage","url":"https:\/\/www.eliassen.nl\/wp-content\/uploads\/2025\/02\/metalen-schilderij-parijs-Eliassen.nl_.jpg","contentUrl":"https:\/\/www.eliassen.nl\/wp-content\/uploads\/2025\/02\/metalen-schilderij-parijs-Eliassen.nl_.jpg","width":500,"height":500},{"@type":"BreadcrumbList","@id":"https:\/\/www.eliassen.nl\/de\/metall-3d-gemaelde-paris-60x60cm-2\/#breadcrumb","itemListElement":[{"@type":"ListItem","position":1,"name":"Home","item":"https:\/\/www.eliassen.nl\/de\/"},{"@type":"ListItem","position":2,"name":"Shop","item":"https:\/\/www.eliassen.nl\/de\/shop\/"},{"@type":"ListItem","position":3,"name":"Gem\u00e4lde","item":"https:\/\/www.eliassen.nl\/de\/gemaelde\/"},{"@type":"ListItem","position":4,"name":"Metall 3d Gem\u00e4lde Paris 60x60cm"}]},{"@type":"WebSite","@id":"https:\/\/www.eliassen.nl\/de\/#website","url":"https:\/\/www.eliassen.nl\/de\/","name":"Eliassen Home & Garden Pleasure","description":"","publisher":{"@id":"https:\/\/www.eliassen.nl\/de\/#organization"},"alternateName":"Eliassen.nl","potentialAction":[{"@type":"SearchAction","target":{"@type":"EntryPoint","urlTemplate":"https:\/\/www.eliassen.nl\/de\/?s={search_term_string}"},"query-input":{"@type":"PropertyValueSpecification","valueRequired":true,"valueName":"search_term_string"}}],"inLanguage":"de"},{"@type":["Organization","Place"],"@id":"https:\/\/www.eliassen.nl\/de\/#organization","name":"Eliassen Home & Garden Pleasure","url":"https:\/\/www.eliassen.nl\/de\/","logo":{"@id":"https:\/\/www.eliassen.nl\/de\/metall-3d-gemaelde-paris-60x60cm-2\/#local-main-organization-logo"},"image":{"@id":"https:\/\/www.eliassen.nl\/de\/metall-3d-gemaelde-paris-60x60cm-2\/#local-main-organization-logo"},"sameAs":["https:\/\/www.facebook.com\/TuincentrumEliassenAmmerzoden","https:\/\/www.instagram.com\/eliassenhomeandgarden\/","https:\/\/nl.pinterest.com\/eliassenhomeandgarden\/","https:\/\/www.youtube.com\/@eliassenhomegardenpleasure4558"],"telephone":[],"openingHoursSpecification":[{"@type":"OpeningHoursSpecification","dayOfWeek":["Monday","Tuesday","Wednesday","Thursday","Friday","Saturday","Sunday"],"opens":"09:00","closes":"17:00"}]},{"@type":"ImageObject","inLanguage":"de","@id":"https:\/\/www.eliassen.nl\/de\/metall-3d-gemaelde-paris-60x60cm-2\/#local-main-organization-logo","url":"https:\/\/www.eliassen.nl\/wp-content\/uploads\/2024\/01\/logo_4nd.jpg","contentUrl":"https:\/\/www.eliassen.nl\/wp-content\/uploads\/2024\/01\/logo_4nd.jpg","width":500,"height":500,"caption":"Eliassen Home & Garden Pleasure"}]},"product_price_amount":"129.00","product_price_currency":"EUR","og_availability":"instock","product_availability":"instock","product_retailer_item_id":"T2329","product_condition":"new"},"df_price":129,"df_sale_price":"","df_regular_price":129,"df_image_link":"https:\/\/www.eliassen.nl\/wp-content\/uploads\/2025\/02\/metalen-schilderij-parijs-Eliassen.nl_-300x300.jpg","image":"https:\/\/www.eliassen.nl\/wp-content\/uploads\/2025\/02\/metalen-schilderij-parijs-Eliassen.nl_-150x150.jpg","price_search":"<span class=\"woocommerce-Price-amount amount\"><bdi><span class=\"woocommerce-Price-currencySymbol\">&euro;<\/span>&nbsp;129,00<\/bdi><\/span>","category":"3D Gem\u00e4lde aus Metall","global_unique_id":"5410807023297","_links":{"self":[{"href":"https:\/\/www.eliassen.nl\/de\/wp-json\/wp\/v2\/product\/198313","targetHints":{"allow":["GET"]}}],"collection":[{"href":"https:\/\/www.eliassen.nl\/de\/wp-json\/wp\/v2\/product"}],"about":[{"href":"https:\/\/www.eliassen.nl\/de\/wp-json\/wp\/v2\/types\/product"}],"wp:featuredmedia":[{"embeddable":true,"href":"https:\/\/www.eliassen.nl\/de\/wp-json\/wp\/v2\/media\/174592"}],"wp:attachment":[{"href":"https:\/\/www.eliassen.nl\/de\/wp-json\/wp\/v2\/media?parent=198313"}],"wp:term":[{"taxonomy":"product_brand","embeddable":true,"href":"https:\/\/www.eliassen.nl\/de\/wp-json\/wp\/v2\/product_brand?post=198313"},{"taxonomy":"product_cat","embeddable":true,"href":"https:\/\/www.eliassen.nl\/de\/wp-json\/wp\/v2\/product_cat?post=198313"},{"taxonomy":"product_tag","embeddable":true,"href":"https:\/\/www.eliassen.nl\/de\/wp-json\/wp\/v2\/product_tag?post=198313"}],"curies":[{"name":"wp","href":"https:\/\/api.w.org\/{rel}","templated":true}]}}