{"id":198264,"date":"2025-01-31T12:13:39","date_gmt":"2025-01-31T11:13:39","guid":{"rendered":"https:\/\/www.eliassen.nl\/product\/windspiel-grace-bronzefarben-mittel-61cm\/"},"modified":"2026-01-16T15:45:04","modified_gmt":"2026-01-16T14:45:04","slug":"windspiel-grace-bronzefarben-mittel-61cm","status":"publish","type":"product","link":"https:\/\/www.eliassen.nl\/de\/windspiel-grace-bronzefarben-mittel-61cm\/","title":{"rendered":"Windspiel Grace bronzefarben mittel 61cm"},"content":{"rendered":"<p><span style=\"font-weight: 400;\">Haben Sie die obige Audioaufnahme geh\u00f6rt? Dieses Windspiel schafft mit hellen Kl\u00e4ngen und tanzenden Bewegungen eine gem\u00fctliche Atmosph\u00e4re in Ihrem Garten!<\/span><span style=\"font-weight: 400;\"><br \/>\n<\/span><span style=\"font-weight: 400;\">Auf diese Weise schaffen Sie eine wirklich gem\u00fctliche und lebendige Gartenumgebung mit dem Komfort Ihres eigenen Gartens.<\/span><\/p>\n<p><span style=\"font-weight: 400;\">Diese Serie von Windspielen der amerikanischen Marke Woodstock Chimes ist von sch\u00f6ner Qualit\u00e4t. Dieser weltbekannte Hersteller von Percussion-Instrumenten und Dong-Bins hat sein ganzes Wissen und seine Erfahrung eingesetzt, um die sch\u00f6nsten Windspiele zu entwickeln. Das Ergebnis ist diese einzigartige und hochwertige Kollektion.<\/span><span style=\"font-weight: 400;\"><br \/>\n<\/span><span style=\"font-weight: 400;\">Bei den meisten Modellen dieser Windspielserie verlaufen die Schn\u00fcre durch isolierte L\u00f6cher in den Rohren, wie auf dem Bild zu sehen. Das ist sehr einzigartig und hat eine Reihe von n\u00fctzlichen Vorteilen. Es gew\u00e4hrleistet die Reinheit des Klangs, der aus den R\u00f6hren kommt. Es verhindert auch die Abnutzung der Schn\u00fcre.  <\/span><span style=\"font-weight: 400;\"><br \/>\n<\/span><span style=\"font-weight: 400;\">Das Wissen und K\u00f6nnen sowie die pr\u00e4zisen Arbeitsmethoden dieses Herstellers sorgen daf\u00fcr, dass der Klang dieser Serie von Windspielen sehr klar ist und die Verarbeitung sch\u00f6n gestaltet ist.  <\/span><\/p>\n<p><span style=\"font-weight: 400;\">Dieses bronzefarbene Modell mit abstraktem Thema ist eine wunderbare Erg\u00e4nzung f\u00fcr Ihren Garten, wenn Sie auf der Suche nach einem Windspiel mit hochwertigem Charakter sind. Die Stangen sind aus Aluminium gefertigt.<\/span><\/p>\n<p><b>BITTE BEACHTEN SIE; Diese Serie von Windspielen ist so umfangreich, dass wir nicht die gesamte Serie in unserem Ausstellungsraum vorr\u00e4tig haben. Wenn Sie wegen eines bestimmten Modells kommen, rufen Sie bitte im Voraus an, um sich zu erkundigen, ob das betreffende Modell verf\u00fcgbar ist.<\/b><\/p>\n","protected":false},"excerpt":{"rendered":"<p>\u2713<span style=\"font-weight: 400;\">Von der US-Marke Woodstock Chimes<\/span><\/p>\n","protected":false},"featured_media":172523,"template":"","meta":{"_acf_changed":false,"_genesis_title":"","_genesis_description":""},"product_brand":[7281],"product_cat":[752,7205],"product_tag":[],"class_list":{"0":"post-198264","1":"product","2":"type-product","3":"status-publish","4":"has-post-thumbnail","6":"product_brand-woodstock-glockenspiel","7":"product_cat-weitere-artikel","8":"product_cat-windspiele-de","10":"first","11":"onbackorder","12":"taxable","13":"shipping-taxable","14":"purchasable","15":"product-type-simple"},"acf":[],"meta_all":{"total_sales":"1","cor_restricted_countries":[]},"meta_all_flat":{"total_sales":"1"},"yoast_head":"<!-- This site is optimized with the Yoast SEO Premium plugin v26.2 (Yoast SEO v27.2) - https:\/\/yoast.com\/product\/yoast-seo-premium-wordpress\/ -->\n<title>Woodstock Glockenspiel Windspiel Grace bronzefarben mittel 61cm - Eliassen.nl<\/title>\n<meta name=\"description\" content=\"Dieses Windspiel von Grace ist wundersch\u00f6n gestaltet. Der abstrakte Look mit ruhigem Charakter und bronzefarbener Farbe ist in jedem zeitlosen Garten sch\u00f6n.\" \/>\n<meta name=\"robots\" content=\"index, follow, max-snippet:-1, max-image-preview:large, max-video-preview:-1\" \/>\n<link rel=\"canonical\" href=\"https:\/\/www.eliassen.nl\/de\/windspiel-grace-bronzefarben-mittel-61cm\/\" \/>\n<meta property=\"og:locale\" content=\"de_DE\" \/>\n<meta property=\"og:type\" content=\"article\" \/>\n<meta property=\"og:title\" content=\"Woodstock Glockenspiel Windspiel Grace bronzefarben mittel 61cm - Eliassen.nl\" \/>\n<meta property=\"og:description\" content=\"Dieses Windspiel von Grace ist wundersch\u00f6n gestaltet. Der abstrakte Look mit ruhigem Charakter und bronzefarbener Farbe ist in jedem zeitlosen Garten sch\u00f6n.\" \/>\n<meta property=\"og:url\" content=\"https:\/\/www.eliassen.nl\/de\/windspiel-grace-bronzefarben-mittel-61cm\/\" \/>\n<meta property=\"og:site_name\" content=\"Eliassen.nl\" \/>\n<meta property=\"article:publisher\" content=\"https:\/\/www.facebook.com\/TuincentrumEliassenAmmerzoden\" \/>\n<meta property=\"article:modified_time\" content=\"2026-01-16T14:45:04+00:00\" \/>\n<meta property=\"og:image\" content=\"https:\/\/www.eliassen.nl\/wp-content\/uploads\/2025\/01\/Windgong-Grace-bronskleur-middel-61cm-eliassen.nl-agmbr-scaled.jpg\" \/>\n\t<meta property=\"og:image:width\" content=\"733\" \/>\n\t<meta property=\"og:image:height\" content=\"2560\" \/>\n\t<meta property=\"og:image:type\" content=\"image\/jpeg\" \/>\n<meta name=\"twitter:card\" content=\"summary_large_image\" \/>\n<script type=\"application\/ld+json\" class=\"yoast-schema-graph\">{\"@context\":\"https:\/\/schema.org\",\"@graph\":[{\"@type\":\"WebPage\",\"@id\":\"https:\/\/www.eliassen.nl\/de\/windspiel-grace-bronzefarben-mittel-61cm\/\",\"url\":\"https:\/\/www.eliassen.nl\/de\/windspiel-grace-bronzefarben-mittel-61cm\/\",\"name\":\"Woodstock Glockenspiel Windspiel Grace bronzefarben mittel 61cm - Eliassen.nl\",\"isPartOf\":{\"@id\":\"https:\/\/www.eliassen.nl\/de\/#website\"},\"primaryImageOfPage\":{\"@id\":\"https:\/\/www.eliassen.nl\/de\/windspiel-grace-bronzefarben-mittel-61cm\/#primaryimage\"},\"image\":{\"@id\":\"https:\/\/www.eliassen.nl\/de\/windspiel-grace-bronzefarben-mittel-61cm\/#primaryimage\"},\"thumbnailUrl\":\"https:\/\/www.eliassen.nl\/wp-content\/uploads\/2025\/01\/Windgong-Grace-bronskleur-middel-61cm-eliassen.nl-agmbr-scaled.jpg\",\"datePublished\":\"2025-01-31T11:13:39+00:00\",\"dateModified\":\"2026-01-16T14:45:04+00:00\",\"description\":\"Dieses Windspiel von Grace ist wundersch\u00f6n gestaltet. Der abstrakte Look mit ruhigem Charakter und bronzefarbener Farbe ist in jedem zeitlosen Garten sch\u00f6n.\",\"breadcrumb\":{\"@id\":\"https:\/\/www.eliassen.nl\/de\/windspiel-grace-bronzefarben-mittel-61cm\/#breadcrumb\"},\"inLanguage\":\"de\",\"potentialAction\":[{\"@type\":\"ReadAction\",\"target\":[\"https:\/\/www.eliassen.nl\/de\/windspiel-grace-bronzefarben-mittel-61cm\/\"]}]},{\"@type\":\"ImageObject\",\"inLanguage\":\"de\",\"@id\":\"https:\/\/www.eliassen.nl\/de\/windspiel-grace-bronzefarben-mittel-61cm\/#primaryimage\",\"url\":\"https:\/\/www.eliassen.nl\/wp-content\/uploads\/2025\/01\/Windgong-Grace-bronskleur-middel-61cm-eliassen.nl-agmbr-scaled.jpg\",\"contentUrl\":\"https:\/\/www.eliassen.nl\/wp-content\/uploads\/2025\/01\/Windgong-Grace-bronskleur-middel-61cm-eliassen.nl-agmbr-scaled.jpg\",\"width\":733,\"height\":2560,\"caption\":\"Windspiel Grace bronzefarben mittel 61cm eliassen.nl agmbr\"},{\"@type\":\"BreadcrumbList\",\"@id\":\"https:\/\/www.eliassen.nl\/de\/windspiel-grace-bronzefarben-mittel-61cm\/#breadcrumb\",\"itemListElement\":[{\"@type\":\"ListItem\",\"position\":1,\"name\":\"Home\",\"item\":\"https:\/\/www.eliassen.nl\/de\/\"},{\"@type\":\"ListItem\",\"position\":2,\"name\":\"Shop\",\"item\":\"https:\/\/www.eliassen.nl\/de\/shop\/\"},{\"@type\":\"ListItem\",\"position\":3,\"name\":\"Windspiele\",\"item\":\"https:\/\/www.eliassen.nl\/de\/weitere-artikel\/windspiele-de\/\"},{\"@type\":\"ListItem\",\"position\":4,\"name\":\"Windspiel Grace bronzefarben mittel 61cm\"}]},{\"@type\":\"WebSite\",\"@id\":\"https:\/\/www.eliassen.nl\/de\/#website\",\"url\":\"https:\/\/www.eliassen.nl\/de\/\",\"name\":\"Eliassen Home & Garden Pleasure\",\"description\":\"\",\"publisher\":{\"@id\":\"https:\/\/www.eliassen.nl\/de\/#organization\"},\"alternateName\":\"Eliassen.nl\",\"potentialAction\":[{\"@type\":\"SearchAction\",\"target\":{\"@type\":\"EntryPoint\",\"urlTemplate\":\"https:\/\/www.eliassen.nl\/de\/?s={search_term_string}\"},\"query-input\":{\"@type\":\"PropertyValueSpecification\",\"valueRequired\":true,\"valueName\":\"search_term_string\"}}],\"inLanguage\":\"de\"},{\"@type\":[\"Organization\",\"Place\"],\"@id\":\"https:\/\/www.eliassen.nl\/de\/#organization\",\"name\":\"Eliassen Home & Garden Pleasure\",\"url\":\"https:\/\/www.eliassen.nl\/de\/\",\"logo\":{\"@id\":\"https:\/\/www.eliassen.nl\/de\/windspiel-grace-bronzefarben-mittel-61cm\/#local-main-organization-logo\"},\"image\":{\"@id\":\"https:\/\/www.eliassen.nl\/de\/windspiel-grace-bronzefarben-mittel-61cm\/#local-main-organization-logo\"},\"sameAs\":[\"https:\/\/www.facebook.com\/TuincentrumEliassenAmmerzoden\",\"https:\/\/www.instagram.com\/eliassenhomeandgarden\/\",\"https:\/\/nl.pinterest.com\/eliassenhomeandgarden\/\",\"https:\/\/www.youtube.com\/@eliassenhomegardenpleasure4558\"],\"telephone\":[],\"openingHoursSpecification\":[{\"@type\":\"OpeningHoursSpecification\",\"dayOfWeek\":[\"Monday\",\"Tuesday\",\"Wednesday\",\"Thursday\",\"Friday\",\"Saturday\",\"Sunday\"],\"opens\":\"09:00\",\"closes\":\"17:00\"}]},{\"@type\":\"ImageObject\",\"inLanguage\":\"de\",\"@id\":\"https:\/\/www.eliassen.nl\/de\/windspiel-grace-bronzefarben-mittel-61cm\/#local-main-organization-logo\",\"url\":\"https:\/\/www.eliassen.nl\/wp-content\/uploads\/2024\/01\/logo_4nd.jpg\",\"contentUrl\":\"https:\/\/www.eliassen.nl\/wp-content\/uploads\/2024\/01\/logo_4nd.jpg\",\"width\":500,\"height\":500,\"caption\":\"Eliassen Home & Garden Pleasure\"}]}<\/script>\n<meta property=\"product:price:amount\" content=\"72.90\" \/>\n<meta property=\"product:price:currency\" content=\"EUR\" \/>\n<meta property=\"og:availability\" content=\"backorder\" \/>\n<meta property=\"product:availability\" content=\"available for order\" \/>\n<meta property=\"product:retailer_item_id\" content=\"Agmbr\" \/>\n<meta property=\"product:condition\" content=\"new\" \/>\n<!-- \/ Yoast SEO Premium plugin. -->","yoast_head_json":{"title":"Woodstock Glockenspiel Windspiel Grace bronzefarben mittel 61cm - Eliassen.nl","description":"Dieses Windspiel von Grace ist wundersch\u00f6n gestaltet. Der abstrakte Look mit ruhigem Charakter und bronzefarbener Farbe ist in jedem zeitlosen Garten sch\u00f6n.","robots":{"index":"index","follow":"follow","max-snippet":"max-snippet:-1","max-image-preview":"max-image-preview:large","max-video-preview":"max-video-preview:-1"},"canonical":"https:\/\/www.eliassen.nl\/de\/windspiel-grace-bronzefarben-mittel-61cm\/","og_locale":"de_DE","og_type":"article","og_title":"Woodstock Glockenspiel Windspiel Grace bronzefarben mittel 61cm - Eliassen.nl","og_description":"Dieses Windspiel von Grace ist wundersch\u00f6n gestaltet. Der abstrakte Look mit ruhigem Charakter und bronzefarbener Farbe ist in jedem zeitlosen Garten sch\u00f6n.","og_url":"https:\/\/www.eliassen.nl\/de\/windspiel-grace-bronzefarben-mittel-61cm\/","og_site_name":"Eliassen.nl","article_publisher":"https:\/\/www.facebook.com\/TuincentrumEliassenAmmerzoden","article_modified_time":"2026-01-16T14:45:04+00:00","og_image":[{"width":733,"height":2560,"url":"https:\/\/www.eliassen.nl\/wp-content\/uploads\/2025\/01\/Windgong-Grace-bronskleur-middel-61cm-eliassen.nl-agmbr-scaled.jpg","type":"image\/jpeg"}],"twitter_card":"summary_large_image","schema":{"@context":"https:\/\/schema.org","@graph":[{"@type":"WebPage","@id":"https:\/\/www.eliassen.nl\/de\/windspiel-grace-bronzefarben-mittel-61cm\/","url":"https:\/\/www.eliassen.nl\/de\/windspiel-grace-bronzefarben-mittel-61cm\/","name":"Woodstock Glockenspiel Windspiel Grace bronzefarben mittel 61cm - Eliassen.nl","isPartOf":{"@id":"https:\/\/www.eliassen.nl\/de\/#website"},"primaryImageOfPage":{"@id":"https:\/\/www.eliassen.nl\/de\/windspiel-grace-bronzefarben-mittel-61cm\/#primaryimage"},"image":{"@id":"https:\/\/www.eliassen.nl\/de\/windspiel-grace-bronzefarben-mittel-61cm\/#primaryimage"},"thumbnailUrl":"https:\/\/www.eliassen.nl\/wp-content\/uploads\/2025\/01\/Windgong-Grace-bronskleur-middel-61cm-eliassen.nl-agmbr-scaled.jpg","datePublished":"2025-01-31T11:13:39+00:00","dateModified":"2026-01-16T14:45:04+00:00","description":"Dieses Windspiel von Grace ist wundersch\u00f6n gestaltet. Der abstrakte Look mit ruhigem Charakter und bronzefarbener Farbe ist in jedem zeitlosen Garten sch\u00f6n.","breadcrumb":{"@id":"https:\/\/www.eliassen.nl\/de\/windspiel-grace-bronzefarben-mittel-61cm\/#breadcrumb"},"inLanguage":"de","potentialAction":[{"@type":"ReadAction","target":["https:\/\/www.eliassen.nl\/de\/windspiel-grace-bronzefarben-mittel-61cm\/"]}]},{"@type":"ImageObject","inLanguage":"de","@id":"https:\/\/www.eliassen.nl\/de\/windspiel-grace-bronzefarben-mittel-61cm\/#primaryimage","url":"https:\/\/www.eliassen.nl\/wp-content\/uploads\/2025\/01\/Windgong-Grace-bronskleur-middel-61cm-eliassen.nl-agmbr-scaled.jpg","contentUrl":"https:\/\/www.eliassen.nl\/wp-content\/uploads\/2025\/01\/Windgong-Grace-bronskleur-middel-61cm-eliassen.nl-agmbr-scaled.jpg","width":733,"height":2560,"caption":"Windspiel Grace bronzefarben mittel 61cm eliassen.nl agmbr"},{"@type":"BreadcrumbList","@id":"https:\/\/www.eliassen.nl\/de\/windspiel-grace-bronzefarben-mittel-61cm\/#breadcrumb","itemListElement":[{"@type":"ListItem","position":1,"name":"Home","item":"https:\/\/www.eliassen.nl\/de\/"},{"@type":"ListItem","position":2,"name":"Shop","item":"https:\/\/www.eliassen.nl\/de\/shop\/"},{"@type":"ListItem","position":3,"name":"Windspiele","item":"https:\/\/www.eliassen.nl\/de\/weitere-artikel\/windspiele-de\/"},{"@type":"ListItem","position":4,"name":"Windspiel Grace bronzefarben mittel 61cm"}]},{"@type":"WebSite","@id":"https:\/\/www.eliassen.nl\/de\/#website","url":"https:\/\/www.eliassen.nl\/de\/","name":"Eliassen Home & Garden Pleasure","description":"","publisher":{"@id":"https:\/\/www.eliassen.nl\/de\/#organization"},"alternateName":"Eliassen.nl","potentialAction":[{"@type":"SearchAction","target":{"@type":"EntryPoint","urlTemplate":"https:\/\/www.eliassen.nl\/de\/?s={search_term_string}"},"query-input":{"@type":"PropertyValueSpecification","valueRequired":true,"valueName":"search_term_string"}}],"inLanguage":"de"},{"@type":["Organization","Place"],"@id":"https:\/\/www.eliassen.nl\/de\/#organization","name":"Eliassen Home & Garden Pleasure","url":"https:\/\/www.eliassen.nl\/de\/","logo":{"@id":"https:\/\/www.eliassen.nl\/de\/windspiel-grace-bronzefarben-mittel-61cm\/#local-main-organization-logo"},"image":{"@id":"https:\/\/www.eliassen.nl\/de\/windspiel-grace-bronzefarben-mittel-61cm\/#local-main-organization-logo"},"sameAs":["https:\/\/www.facebook.com\/TuincentrumEliassenAmmerzoden","https:\/\/www.instagram.com\/eliassenhomeandgarden\/","https:\/\/nl.pinterest.com\/eliassenhomeandgarden\/","https:\/\/www.youtube.com\/@eliassenhomegardenpleasure4558"],"telephone":[],"openingHoursSpecification":[{"@type":"OpeningHoursSpecification","dayOfWeek":["Monday","Tuesday","Wednesday","Thursday","Friday","Saturday","Sunday"],"opens":"09:00","closes":"17:00"}]},{"@type":"ImageObject","inLanguage":"de","@id":"https:\/\/www.eliassen.nl\/de\/windspiel-grace-bronzefarben-mittel-61cm\/#local-main-organization-logo","url":"https:\/\/www.eliassen.nl\/wp-content\/uploads\/2024\/01\/logo_4nd.jpg","contentUrl":"https:\/\/www.eliassen.nl\/wp-content\/uploads\/2024\/01\/logo_4nd.jpg","width":500,"height":500,"caption":"Eliassen Home & Garden Pleasure"}]},"product_price_amount":"72.90","product_price_currency":"EUR","og_availability":"backorder","product_availability":"available for order","product_retailer_item_id":"Agmbr","product_condition":"new"},"df_price":72.9,"df_sale_price":"","df_regular_price":72.9,"df_image_link":"https:\/\/www.eliassen.nl\/wp-content\/uploads\/2025\/01\/Windgong-Grace-bronskleur-middel-61cm-eliassen.nl-agmbr-86x300.jpg","image":"https:\/\/www.eliassen.nl\/wp-content\/uploads\/2025\/01\/Windgong-Grace-bronskleur-middel-61cm-eliassen.nl-agmbr-150x150.jpg","price_search":"<span class=\"woocommerce-Price-amount amount\"><bdi><span class=\"woocommerce-Price-currencySymbol\">&euro;<\/span>&nbsp;72,90<\/bdi><\/span>","category":"Weitere Artikel","global_unique_id":"0028375303816","_links":{"self":[{"href":"https:\/\/www.eliassen.nl\/de\/wp-json\/wp\/v2\/product\/198264","targetHints":{"allow":["GET"]}}],"collection":[{"href":"https:\/\/www.eliassen.nl\/de\/wp-json\/wp\/v2\/product"}],"about":[{"href":"https:\/\/www.eliassen.nl\/de\/wp-json\/wp\/v2\/types\/product"}],"wp:featuredmedia":[{"embeddable":true,"href":"https:\/\/www.eliassen.nl\/de\/wp-json\/wp\/v2\/media\/172523"}],"wp:attachment":[{"href":"https:\/\/www.eliassen.nl\/de\/wp-json\/wp\/v2\/media?parent=198264"}],"wp:term":[{"taxonomy":"product_brand","embeddable":true,"href":"https:\/\/www.eliassen.nl\/de\/wp-json\/wp\/v2\/product_brand?post=198264"},{"taxonomy":"product_cat","embeddable":true,"href":"https:\/\/www.eliassen.nl\/de\/wp-json\/wp\/v2\/product_cat?post=198264"},{"taxonomy":"product_tag","embeddable":true,"href":"https:\/\/www.eliassen.nl\/de\/wp-json\/wp\/v2\/product_tag?post=198264"}],"curies":[{"name":"wp","href":"https:\/\/api.w.org\/{rel}","templated":true}]}}