{"id":198099,"date":"2025-11-20T15:57:44","date_gmt":"2025-11-20T14:57:44","guid":{"rendered":"https:\/\/www.eliassen.nl\/product\/baum-des-lebens-eiche-aluminium-auf-holzsockel-27cm\/"},"modified":"2025-11-27T13:49:06","modified_gmt":"2025-11-27T12:49:06","slug":"baum-des-lebens-eiche-aluminium-auf-holzsockel-27cm","status":"publish","type":"product","link":"https:\/\/www.eliassen.nl\/de\/baum-des-lebens-eiche-aluminium-auf-holzsockel-27cm\/","title":{"rendered":"Baum des Lebens Eiche Aluminium auf Holzsockel 27cm"},"content":{"rendered":"<p>Sie passt immer in Ihr Interieur oder in ein anderes, in dem Sie diese symbolische Skulptur verschenken. Wir haben fast die gesamte Sammlung von B\u00e4umen in unserem Gesch\u00e4ft, was in den Niederlanden einzigartig ist.<br \/>\nNirgendwo werden Sie eine so gro\u00dfe Sammlung von B\u00e4umen finden. Wir haben B\u00e4ume aus Holz, Stein und Aluminium. Sie sind herzlich willkommen.<\/p>\n<ul>\n<li>  Gr\u00f6\u00dfe 27cm hoch<\/li>\n<li>  Aluminiumguss auf Holzsockel<\/li>\n<li>  Irgendwo platzieren<\/li>\n<li> Schnelle Lieferung<\/li>\n<li>1 Jahr Garantie<\/li>\n<\/ul>\n<p><span data-huuid=\"3069771426171770922\">Die Bedeutung einer Eiche ist ein Symbol f\u00fcr St\u00e4rke, Stabilit\u00e4t und Weisheit.  <\/span><span data-huuid=\"3069771426171771699\">Dies ist auf die robuste Struktur, die Langlebigkeit und die tiefen Wurzeln des Baumes zur\u00fcckzuf\u00fchren.  <\/span><span data-huuid=\"3069771426171772476\">In vielen Kulturen wird die Eiche auch mit Fruchtbarkeit, Langlebigkeit und Lebenskraft in Verbindung gebracht und diente den alten V\u00f6lkern als Heiligtum.<\/span><\/p>\n","protected":false},"excerpt":{"rendered":"<p>Baum aus Aluminium auf einem Sockel aus Holz \u2713 Sch\u00f6nes symbolisches Geschenk f\u00fcr sich selbst oder einen lieben Menschen<\/p>\n","protected":false},"featured_media":197984,"template":"","meta":{"_acf_changed":false,"_genesis_title":"","_genesis_description":""},"product_brand":[7505],"product_cat":[6999,7239],"product_tag":[],"class_list":{"0":"post-198099","1":"product","2":"type-product","3":"status-publish","4":"has-post-thumbnail","6":"product_brand-sonstige","7":"product_cat-aluminiumstatuen","8":"product_cat-bilder","10":"first","11":"instock","12":"taxable","13":"shipping-taxable","14":"purchasable","15":"product-type-simple"},"acf":[],"meta_all":{"total_sales":"1"},"meta_all_flat":{"total_sales":"1"},"yoast_head":"<!-- This site is optimized with the Yoast SEO Premium plugin v26.2 (Yoast SEO v27.2) - https:\/\/yoast.com\/product\/yoast-seo-premium-wordpress\/ -->\n<title>Sonstige Baum des Lebens Eiche Aluminium auf Holzsockel 27cm - Eliassen.nl<\/title>\n<meta name=\"description\" content=\"Eine sch\u00f6ne Eiche aus Aluminium auf einem Sockel aus Holz. Ein Geschenk f\u00fcr Sie selbst oder jemand anderen mit einer sch\u00f6nen Bedeutung. Schnelle Lieferung.\" \/>\n<meta name=\"robots\" content=\"index, follow, max-snippet:-1, max-image-preview:large, max-video-preview:-1\" \/>\n<link rel=\"canonical\" href=\"https:\/\/www.eliassen.nl\/de\/baum-des-lebens-eiche-aluminium-auf-holzsockel-27cm\/\" \/>\n<meta property=\"og:locale\" content=\"de_DE\" \/>\n<meta property=\"og:type\" content=\"article\" \/>\n<meta property=\"og:title\" content=\"Sonstige Baum des Lebens Eiche Aluminium auf Holzsockel 27cm - Eliassen.nl\" \/>\n<meta property=\"og:description\" content=\"Eine sch\u00f6ne Eiche aus Aluminium auf einem Sockel aus Holz. Ein Geschenk f\u00fcr Sie selbst oder jemand anderen mit einer sch\u00f6nen Bedeutung. Schnelle Lieferung.\" \/>\n<meta property=\"og:url\" content=\"https:\/\/www.eliassen.nl\/de\/baum-des-lebens-eiche-aluminium-auf-holzsockel-27cm\/\" \/>\n<meta property=\"og:site_name\" content=\"Eliassen.nl\" \/>\n<meta property=\"article:publisher\" content=\"https:\/\/www.facebook.com\/TuincentrumEliassenAmmerzoden\" \/>\n<meta property=\"article:modified_time\" content=\"2025-11-27T12:49:06+00:00\" \/>\n<meta property=\"og:image\" content=\"https:\/\/www.eliassen.nl\/wp-content\/uploads\/2025\/11\/Levensboom-aluminium-eik-27cm-Eliassen.nl-0529961-scaled.jpg\" \/>\n\t<meta property=\"og:image:width\" content=\"1494\" \/>\n\t<meta property=\"og:image:height\" content=\"2560\" \/>\n\t<meta property=\"og:image:type\" content=\"image\/jpeg\" \/>\n<meta name=\"twitter:card\" content=\"summary_large_image\" \/>\n<script type=\"application\/ld+json\" class=\"yoast-schema-graph\">{\"@context\":\"https:\/\/schema.org\",\"@graph\":[{\"@type\":\"WebPage\",\"@id\":\"https:\/\/www.eliassen.nl\/de\/baum-des-lebens-eiche-aluminium-auf-holzsockel-27cm\/\",\"url\":\"https:\/\/www.eliassen.nl\/de\/baum-des-lebens-eiche-aluminium-auf-holzsockel-27cm\/\",\"name\":\"Sonstige Baum des Lebens Eiche Aluminium auf Holzsockel 27cm - Eliassen.nl\",\"isPartOf\":{\"@id\":\"https:\/\/www.eliassen.nl\/de\/#website\"},\"primaryImageOfPage\":{\"@id\":\"https:\/\/www.eliassen.nl\/de\/baum-des-lebens-eiche-aluminium-auf-holzsockel-27cm\/#primaryimage\"},\"image\":{\"@id\":\"https:\/\/www.eliassen.nl\/de\/baum-des-lebens-eiche-aluminium-auf-holzsockel-27cm\/#primaryimage\"},\"thumbnailUrl\":\"https:\/\/www.eliassen.nl\/wp-content\/uploads\/2025\/11\/Levensboom-aluminium-eik-27cm-Eliassen.nl-0529961-scaled.jpg\",\"datePublished\":\"2025-11-20T14:57:44+00:00\",\"dateModified\":\"2025-11-27T12:49:06+00:00\",\"description\":\"Eine sch\u00f6ne Eiche aus Aluminium auf einem Sockel aus Holz. Ein Geschenk f\u00fcr Sie selbst oder jemand anderen mit einer sch\u00f6nen Bedeutung. Schnelle Lieferung.\",\"breadcrumb\":{\"@id\":\"https:\/\/www.eliassen.nl\/de\/baum-des-lebens-eiche-aluminium-auf-holzsockel-27cm\/#breadcrumb\"},\"inLanguage\":\"de\",\"potentialAction\":[{\"@type\":\"ReadAction\",\"target\":[\"https:\/\/www.eliassen.nl\/de\/baum-des-lebens-eiche-aluminium-auf-holzsockel-27cm\/\"]}]},{\"@type\":\"ImageObject\",\"inLanguage\":\"de\",\"@id\":\"https:\/\/www.eliassen.nl\/de\/baum-des-lebens-eiche-aluminium-auf-holzsockel-27cm\/#primaryimage\",\"url\":\"https:\/\/www.eliassen.nl\/wp-content\/uploads\/2025\/11\/Levensboom-aluminium-eik-27cm-Eliassen.nl-0529961-scaled.jpg\",\"contentUrl\":\"https:\/\/www.eliassen.nl\/wp-content\/uploads\/2025\/11\/Levensboom-aluminium-eik-27cm-Eliassen.nl-0529961-scaled.jpg\",\"width\":1494,\"height\":2560},{\"@type\":\"BreadcrumbList\",\"@id\":\"https:\/\/www.eliassen.nl\/de\/baum-des-lebens-eiche-aluminium-auf-holzsockel-27cm\/#breadcrumb\",\"itemListElement\":[{\"@type\":\"ListItem\",\"position\":1,\"name\":\"Home\",\"item\":\"https:\/\/www.eliassen.nl\/de\/\"},{\"@type\":\"ListItem\",\"position\":2,\"name\":\"Shop\",\"item\":\"https:\/\/www.eliassen.nl\/de\/shop\/\"},{\"@type\":\"ListItem\",\"position\":3,\"name\":\"Bilder\",\"item\":\"https:\/\/www.eliassen.nl\/de\/bilder\/\"},{\"@type\":\"ListItem\",\"position\":4,\"name\":\"Aluminiumstatuen\",\"item\":\"https:\/\/www.eliassen.nl\/de\/bilder\/aluminiumstatuen\/\"},{\"@type\":\"ListItem\",\"position\":5,\"name\":\"Baum des Lebens Eiche Aluminium auf Holzsockel 27cm\"}]},{\"@type\":\"WebSite\",\"@id\":\"https:\/\/www.eliassen.nl\/de\/#website\",\"url\":\"https:\/\/www.eliassen.nl\/de\/\",\"name\":\"Eliassen Home & Garden Pleasure\",\"description\":\"\",\"publisher\":{\"@id\":\"https:\/\/www.eliassen.nl\/de\/#organization\"},\"alternateName\":\"Eliassen.nl\",\"potentialAction\":[{\"@type\":\"SearchAction\",\"target\":{\"@type\":\"EntryPoint\",\"urlTemplate\":\"https:\/\/www.eliassen.nl\/de\/?s={search_term_string}\"},\"query-input\":{\"@type\":\"PropertyValueSpecification\",\"valueRequired\":true,\"valueName\":\"search_term_string\"}}],\"inLanguage\":\"de\"},{\"@type\":[\"Organization\",\"Place\"],\"@id\":\"https:\/\/www.eliassen.nl\/de\/#organization\",\"name\":\"Eliassen Home & Garden Pleasure\",\"url\":\"https:\/\/www.eliassen.nl\/de\/\",\"logo\":{\"@id\":\"https:\/\/www.eliassen.nl\/de\/baum-des-lebens-eiche-aluminium-auf-holzsockel-27cm\/#local-main-organization-logo\"},\"image\":{\"@id\":\"https:\/\/www.eliassen.nl\/de\/baum-des-lebens-eiche-aluminium-auf-holzsockel-27cm\/#local-main-organization-logo\"},\"sameAs\":[\"https:\/\/www.facebook.com\/TuincentrumEliassenAmmerzoden\",\"https:\/\/www.instagram.com\/eliassenhomeandgarden\/\",\"https:\/\/nl.pinterest.com\/eliassenhomeandgarden\/\",\"https:\/\/www.youtube.com\/@eliassenhomegardenpleasure4558\"],\"telephone\":[],\"openingHoursSpecification\":[{\"@type\":\"OpeningHoursSpecification\",\"dayOfWeek\":[\"Monday\",\"Tuesday\",\"Wednesday\",\"Thursday\",\"Friday\",\"Saturday\",\"Sunday\"],\"opens\":\"09:00\",\"closes\":\"17:00\"}]},{\"@type\":\"ImageObject\",\"inLanguage\":\"de\",\"@id\":\"https:\/\/www.eliassen.nl\/de\/baum-des-lebens-eiche-aluminium-auf-holzsockel-27cm\/#local-main-organization-logo\",\"url\":\"https:\/\/www.eliassen.nl\/wp-content\/uploads\/2024\/01\/logo_4nd.jpg\",\"contentUrl\":\"https:\/\/www.eliassen.nl\/wp-content\/uploads\/2024\/01\/logo_4nd.jpg\",\"width\":500,\"height\":500,\"caption\":\"Eliassen Home & Garden Pleasure\"}]}<\/script>\n<meta property=\"product:price:amount\" content=\"19.50\" \/>\n<meta property=\"product:price:currency\" content=\"EUR\" \/>\n<meta property=\"og:availability\" content=\"instock\" \/>\n<meta property=\"product:availability\" content=\"instock\" \/>\n<meta property=\"product:retailer_item_id\" content=\"529961\" \/>\n<meta property=\"product:condition\" content=\"new\" \/>\n<!-- \/ Yoast SEO Premium plugin. -->","yoast_head_json":{"title":"Sonstige Baum des Lebens Eiche Aluminium auf Holzsockel 27cm - Eliassen.nl","description":"Eine sch\u00f6ne Eiche aus Aluminium auf einem Sockel aus Holz. Ein Geschenk f\u00fcr Sie selbst oder jemand anderen mit einer sch\u00f6nen Bedeutung. Schnelle Lieferung.","robots":{"index":"index","follow":"follow","max-snippet":"max-snippet:-1","max-image-preview":"max-image-preview:large","max-video-preview":"max-video-preview:-1"},"canonical":"https:\/\/www.eliassen.nl\/de\/baum-des-lebens-eiche-aluminium-auf-holzsockel-27cm\/","og_locale":"de_DE","og_type":"article","og_title":"Sonstige Baum des Lebens Eiche Aluminium auf Holzsockel 27cm - Eliassen.nl","og_description":"Eine sch\u00f6ne Eiche aus Aluminium auf einem Sockel aus Holz. Ein Geschenk f\u00fcr Sie selbst oder jemand anderen mit einer sch\u00f6nen Bedeutung. Schnelle Lieferung.","og_url":"https:\/\/www.eliassen.nl\/de\/baum-des-lebens-eiche-aluminium-auf-holzsockel-27cm\/","og_site_name":"Eliassen.nl","article_publisher":"https:\/\/www.facebook.com\/TuincentrumEliassenAmmerzoden","article_modified_time":"2025-11-27T12:49:06+00:00","og_image":[{"width":1494,"height":2560,"url":"https:\/\/www.eliassen.nl\/wp-content\/uploads\/2025\/11\/Levensboom-aluminium-eik-27cm-Eliassen.nl-0529961-scaled.jpg","type":"image\/jpeg"}],"twitter_card":"summary_large_image","schema":{"@context":"https:\/\/schema.org","@graph":[{"@type":"WebPage","@id":"https:\/\/www.eliassen.nl\/de\/baum-des-lebens-eiche-aluminium-auf-holzsockel-27cm\/","url":"https:\/\/www.eliassen.nl\/de\/baum-des-lebens-eiche-aluminium-auf-holzsockel-27cm\/","name":"Sonstige Baum des Lebens Eiche Aluminium auf Holzsockel 27cm - Eliassen.nl","isPartOf":{"@id":"https:\/\/www.eliassen.nl\/de\/#website"},"primaryImageOfPage":{"@id":"https:\/\/www.eliassen.nl\/de\/baum-des-lebens-eiche-aluminium-auf-holzsockel-27cm\/#primaryimage"},"image":{"@id":"https:\/\/www.eliassen.nl\/de\/baum-des-lebens-eiche-aluminium-auf-holzsockel-27cm\/#primaryimage"},"thumbnailUrl":"https:\/\/www.eliassen.nl\/wp-content\/uploads\/2025\/11\/Levensboom-aluminium-eik-27cm-Eliassen.nl-0529961-scaled.jpg","datePublished":"2025-11-20T14:57:44+00:00","dateModified":"2025-11-27T12:49:06+00:00","description":"Eine sch\u00f6ne Eiche aus Aluminium auf einem Sockel aus Holz. Ein Geschenk f\u00fcr Sie selbst oder jemand anderen mit einer sch\u00f6nen Bedeutung. Schnelle Lieferung.","breadcrumb":{"@id":"https:\/\/www.eliassen.nl\/de\/baum-des-lebens-eiche-aluminium-auf-holzsockel-27cm\/#breadcrumb"},"inLanguage":"de","potentialAction":[{"@type":"ReadAction","target":["https:\/\/www.eliassen.nl\/de\/baum-des-lebens-eiche-aluminium-auf-holzsockel-27cm\/"]}]},{"@type":"ImageObject","inLanguage":"de","@id":"https:\/\/www.eliassen.nl\/de\/baum-des-lebens-eiche-aluminium-auf-holzsockel-27cm\/#primaryimage","url":"https:\/\/www.eliassen.nl\/wp-content\/uploads\/2025\/11\/Levensboom-aluminium-eik-27cm-Eliassen.nl-0529961-scaled.jpg","contentUrl":"https:\/\/www.eliassen.nl\/wp-content\/uploads\/2025\/11\/Levensboom-aluminium-eik-27cm-Eliassen.nl-0529961-scaled.jpg","width":1494,"height":2560},{"@type":"BreadcrumbList","@id":"https:\/\/www.eliassen.nl\/de\/baum-des-lebens-eiche-aluminium-auf-holzsockel-27cm\/#breadcrumb","itemListElement":[{"@type":"ListItem","position":1,"name":"Home","item":"https:\/\/www.eliassen.nl\/de\/"},{"@type":"ListItem","position":2,"name":"Shop","item":"https:\/\/www.eliassen.nl\/de\/shop\/"},{"@type":"ListItem","position":3,"name":"Bilder","item":"https:\/\/www.eliassen.nl\/de\/bilder\/"},{"@type":"ListItem","position":4,"name":"Aluminiumstatuen","item":"https:\/\/www.eliassen.nl\/de\/bilder\/aluminiumstatuen\/"},{"@type":"ListItem","position":5,"name":"Baum des Lebens Eiche Aluminium auf Holzsockel 27cm"}]},{"@type":"WebSite","@id":"https:\/\/www.eliassen.nl\/de\/#website","url":"https:\/\/www.eliassen.nl\/de\/","name":"Eliassen Home & Garden Pleasure","description":"","publisher":{"@id":"https:\/\/www.eliassen.nl\/de\/#organization"},"alternateName":"Eliassen.nl","potentialAction":[{"@type":"SearchAction","target":{"@type":"EntryPoint","urlTemplate":"https:\/\/www.eliassen.nl\/de\/?s={search_term_string}"},"query-input":{"@type":"PropertyValueSpecification","valueRequired":true,"valueName":"search_term_string"}}],"inLanguage":"de"},{"@type":["Organization","Place"],"@id":"https:\/\/www.eliassen.nl\/de\/#organization","name":"Eliassen Home & Garden Pleasure","url":"https:\/\/www.eliassen.nl\/de\/","logo":{"@id":"https:\/\/www.eliassen.nl\/de\/baum-des-lebens-eiche-aluminium-auf-holzsockel-27cm\/#local-main-organization-logo"},"image":{"@id":"https:\/\/www.eliassen.nl\/de\/baum-des-lebens-eiche-aluminium-auf-holzsockel-27cm\/#local-main-organization-logo"},"sameAs":["https:\/\/www.facebook.com\/TuincentrumEliassenAmmerzoden","https:\/\/www.instagram.com\/eliassenhomeandgarden\/","https:\/\/nl.pinterest.com\/eliassenhomeandgarden\/","https:\/\/www.youtube.com\/@eliassenhomegardenpleasure4558"],"telephone":[],"openingHoursSpecification":[{"@type":"OpeningHoursSpecification","dayOfWeek":["Monday","Tuesday","Wednesday","Thursday","Friday","Saturday","Sunday"],"opens":"09:00","closes":"17:00"}]},{"@type":"ImageObject","inLanguage":"de","@id":"https:\/\/www.eliassen.nl\/de\/baum-des-lebens-eiche-aluminium-auf-holzsockel-27cm\/#local-main-organization-logo","url":"https:\/\/www.eliassen.nl\/wp-content\/uploads\/2024\/01\/logo_4nd.jpg","contentUrl":"https:\/\/www.eliassen.nl\/wp-content\/uploads\/2024\/01\/logo_4nd.jpg","width":500,"height":500,"caption":"Eliassen Home & Garden Pleasure"}]},"product_price_amount":"19.50","product_price_currency":"EUR","og_availability":"instock","product_availability":"instock","product_retailer_item_id":"529961","product_condition":"new"},"df_price":19.5,"df_sale_price":"","df_regular_price":19.5,"df_image_link":"https:\/\/www.eliassen.nl\/wp-content\/uploads\/2025\/11\/Levensboom-aluminium-eik-27cm-Eliassen.nl-0529961-175x300.jpg","image":"https:\/\/www.eliassen.nl\/wp-content\/uploads\/2025\/11\/Levensboom-aluminium-eik-27cm-Eliassen.nl-0529961-150x150.jpg","price_search":"<span class=\"woocommerce-Price-amount amount\"><bdi><span class=\"woocommerce-Price-currencySymbol\">&euro;<\/span>&nbsp;19,50<\/bdi><\/span>","category":"Aluminiumstatuen","global_unique_id":"4025809529961","_links":{"self":[{"href":"https:\/\/www.eliassen.nl\/de\/wp-json\/wp\/v2\/product\/198099","targetHints":{"allow":["GET"]}}],"collection":[{"href":"https:\/\/www.eliassen.nl\/de\/wp-json\/wp\/v2\/product"}],"about":[{"href":"https:\/\/www.eliassen.nl\/de\/wp-json\/wp\/v2\/types\/product"}],"wp:featuredmedia":[{"embeddable":true,"href":"https:\/\/www.eliassen.nl\/de\/wp-json\/wp\/v2\/media\/197984"}],"wp:attachment":[{"href":"https:\/\/www.eliassen.nl\/de\/wp-json\/wp\/v2\/media?parent=198099"}],"wp:term":[{"taxonomy":"product_brand","embeddable":true,"href":"https:\/\/www.eliassen.nl\/de\/wp-json\/wp\/v2\/product_brand?post=198099"},{"taxonomy":"product_cat","embeddable":true,"href":"https:\/\/www.eliassen.nl\/de\/wp-json\/wp\/v2\/product_cat?post=198099"},{"taxonomy":"product_tag","embeddable":true,"href":"https:\/\/www.eliassen.nl\/de\/wp-json\/wp\/v2\/product_tag?post=198099"}],"curies":[{"name":"wp","href":"https:\/\/api.w.org\/{rel}","templated":true}]}}