{"id":198096,"date":"2025-11-20T15:57:51","date_gmt":"2025-11-20T14:57:51","guid":{"rendered":"https:\/\/www.eliassen.nl\/product\/baum-des-lebens-aus-aluminium-auf-holzsockel-32cm\/"},"modified":"2025-11-27T13:49:26","modified_gmt":"2025-11-27T12:49:26","slug":"baum-des-lebens-aus-aluminium-auf-holzsockel-32cm","status":"publish","type":"product","link":"https:\/\/www.eliassen.nl\/de\/baum-des-lebens-aus-aluminium-auf-holzsockel-32cm\/","title":{"rendered":"Baum des Lebens aus Aluminium auf Holzsockel 32cm"},"content":{"rendered":"<p>Sie passt immer in Ihr Interieur oder in ein anderes, in dem Sie diese symbolische Skulptur verschenken. Wir haben fast die gesamte Sammlung von Lebensb\u00e4umen dieser Serie in unserem Gesch\u00e4ft, was in den Niederlanden einzigartig ist.<br \/>\nNirgendwo werden Sie eine so gro\u00dfe Sammlung von Lebensb\u00e4umen finden. Wir haben Lebensb\u00e4ume aus Holz, Stein und Aluminium. Sie sind herzlich willkommen.<\/p>\n<ul>\n<li>  Gr\u00f6\u00dfe 32cm hoch<\/li>\n<li>  Aluminiumguss auf Sockel aus Mangoholz<\/li>\n<li>  Irgendwo platzieren<\/li>\n<li> Schnelle Lieferung<\/li>\n<li>1 Jahr Garantie<\/li>\n<\/ul>\n<p>Der Baum des Lebens symbolisiert Weisheit, Lebenserfahrung, Schutz, St\u00e4rke, F\u00fclle, Sch\u00f6nheit und Erl\u00f6sung. Au\u00dferdem ist der Baum des Lebens nat\u00fcrlich ein Symbol f\u00fcr das Leben selbst. Der Baum symbolisiert Wachstum, St\u00e4rke, pers\u00f6nliche Entwicklung und Charakter.<\/p>\n<p>Au\u00dferdem steht der Baum des Lebens f\u00fcr den Kreislauf der Natur, der Biologie, des Lebens und des Sterbens.<\/p>\n","protected":false},"excerpt":{"rendered":"<p>Baum aus Aluminium auf einem Sockel aus Holz \u2713 Sch\u00f6nes symbolisches Geschenk f\u00fcr sich selbst oder einen lieben Menschen<\/p>\n","protected":false},"featured_media":197980,"template":"","meta":{"_acf_changed":false,"_genesis_title":"","_genesis_description":""},"product_brand":[7505],"product_cat":[6999,7239],"product_tag":[],"class_list":{"0":"post-198096","1":"product","2":"type-product","3":"status-publish","4":"has-post-thumbnail","6":"product_brand-sonstige","7":"product_cat-aluminiumstatuen","8":"product_cat-bilder","10":"first","11":"instock","12":"taxable","13":"shipping-taxable","14":"purchasable","15":"product-type-simple"},"acf":[],"meta_all":{"total_sales":"1"},"meta_all_flat":{"total_sales":"1"},"yoast_head":"<!-- This site is optimized with the Yoast SEO Premium plugin v26.2 (Yoast SEO v27.2) - https:\/\/yoast.com\/product\/yoast-seo-premium-wordpress\/ -->\n<title>Sonstige Baum des Lebens aus Aluminium auf Holzsockel 32cm - Eliassen.nl<\/title>\n<meta name=\"description\" content=\"Ein sch\u00f6ner Lebensbaum aus Aluminium auf einem Sockel aus Holz. Ein Geschenk f\u00fcr Sie selbst oder jemand anderen mit einer sch\u00f6nen Bedeutung. Schnelle Lieferung.\" \/>\n<meta name=\"robots\" content=\"index, follow, max-snippet:-1, max-image-preview:large, max-video-preview:-1\" \/>\n<link rel=\"canonical\" href=\"https:\/\/www.eliassen.nl\/de\/baum-des-lebens-aus-aluminium-auf-holzsockel-32cm\/\" \/>\n<meta property=\"og:locale\" content=\"de_DE\" \/>\n<meta property=\"og:type\" content=\"article\" \/>\n<meta property=\"og:title\" content=\"Sonstige Baum des Lebens aus Aluminium auf Holzsockel 32cm - Eliassen.nl\" \/>\n<meta property=\"og:description\" content=\"Ein sch\u00f6ner Lebensbaum aus Aluminium auf einem Sockel aus Holz. Ein Geschenk f\u00fcr Sie selbst oder jemand anderen mit einer sch\u00f6nen Bedeutung. Schnelle Lieferung.\" \/>\n<meta property=\"og:url\" content=\"https:\/\/www.eliassen.nl\/de\/baum-des-lebens-aus-aluminium-auf-holzsockel-32cm\/\" \/>\n<meta property=\"og:site_name\" content=\"Eliassen.nl\" \/>\n<meta property=\"article:publisher\" content=\"https:\/\/www.facebook.com\/TuincentrumEliassenAmmerzoden\" \/>\n<meta property=\"article:modified_time\" content=\"2025-11-27T12:49:26+00:00\" \/>\n<meta property=\"og:image\" content=\"https:\/\/www.eliassen.nl\/wp-content\/uploads\/2025\/11\/Levensboom-aluminium-32cm-Eliassen.nl-0529183-scaled.jpg\" \/>\n\t<meta property=\"og:image:width\" content=\"2018\" \/>\n\t<meta property=\"og:image:height\" content=\"2560\" \/>\n\t<meta property=\"og:image:type\" content=\"image\/jpeg\" \/>\n<meta name=\"twitter:card\" content=\"summary_large_image\" \/>\n<script type=\"application\/ld+json\" class=\"yoast-schema-graph\">{\"@context\":\"https:\/\/schema.org\",\"@graph\":[{\"@type\":\"WebPage\",\"@id\":\"https:\/\/www.eliassen.nl\/de\/baum-des-lebens-aus-aluminium-auf-holzsockel-32cm\/\",\"url\":\"https:\/\/www.eliassen.nl\/de\/baum-des-lebens-aus-aluminium-auf-holzsockel-32cm\/\",\"name\":\"Sonstige Baum des Lebens aus Aluminium auf Holzsockel 32cm - Eliassen.nl\",\"isPartOf\":{\"@id\":\"https:\/\/www.eliassen.nl\/de\/#website\"},\"primaryImageOfPage\":{\"@id\":\"https:\/\/www.eliassen.nl\/de\/baum-des-lebens-aus-aluminium-auf-holzsockel-32cm\/#primaryimage\"},\"image\":{\"@id\":\"https:\/\/www.eliassen.nl\/de\/baum-des-lebens-aus-aluminium-auf-holzsockel-32cm\/#primaryimage\"},\"thumbnailUrl\":\"https:\/\/www.eliassen.nl\/wp-content\/uploads\/2025\/11\/Levensboom-aluminium-32cm-Eliassen.nl-0529183-scaled.jpg\",\"datePublished\":\"2025-11-20T14:57:51+00:00\",\"dateModified\":\"2025-11-27T12:49:26+00:00\",\"description\":\"Ein sch\u00f6ner Lebensbaum aus Aluminium auf einem Sockel aus Holz. Ein Geschenk f\u00fcr Sie selbst oder jemand anderen mit einer sch\u00f6nen Bedeutung. Schnelle Lieferung.\",\"breadcrumb\":{\"@id\":\"https:\/\/www.eliassen.nl\/de\/baum-des-lebens-aus-aluminium-auf-holzsockel-32cm\/#breadcrumb\"},\"inLanguage\":\"de\",\"potentialAction\":[{\"@type\":\"ReadAction\",\"target\":[\"https:\/\/www.eliassen.nl\/de\/baum-des-lebens-aus-aluminium-auf-holzsockel-32cm\/\"]}]},{\"@type\":\"ImageObject\",\"inLanguage\":\"de\",\"@id\":\"https:\/\/www.eliassen.nl\/de\/baum-des-lebens-aus-aluminium-auf-holzsockel-32cm\/#primaryimage\",\"url\":\"https:\/\/www.eliassen.nl\/wp-content\/uploads\/2025\/11\/Levensboom-aluminium-32cm-Eliassen.nl-0529183-scaled.jpg\",\"contentUrl\":\"https:\/\/www.eliassen.nl\/wp-content\/uploads\/2025\/11\/Levensboom-aluminium-32cm-Eliassen.nl-0529183-scaled.jpg\",\"width\":2018,\"height\":2560},{\"@type\":\"BreadcrumbList\",\"@id\":\"https:\/\/www.eliassen.nl\/de\/baum-des-lebens-aus-aluminium-auf-holzsockel-32cm\/#breadcrumb\",\"itemListElement\":[{\"@type\":\"ListItem\",\"position\":1,\"name\":\"Home\",\"item\":\"https:\/\/www.eliassen.nl\/de\/\"},{\"@type\":\"ListItem\",\"position\":2,\"name\":\"Shop\",\"item\":\"https:\/\/www.eliassen.nl\/de\/shop\/\"},{\"@type\":\"ListItem\",\"position\":3,\"name\":\"Bilder\",\"item\":\"https:\/\/www.eliassen.nl\/de\/bilder\/\"},{\"@type\":\"ListItem\",\"position\":4,\"name\":\"Aluminiumstatuen\",\"item\":\"https:\/\/www.eliassen.nl\/de\/bilder\/aluminiumstatuen\/\"},{\"@type\":\"ListItem\",\"position\":5,\"name\":\"Baum des Lebens aus Aluminium auf Holzsockel 32cm\"}]},{\"@type\":\"WebSite\",\"@id\":\"https:\/\/www.eliassen.nl\/de\/#website\",\"url\":\"https:\/\/www.eliassen.nl\/de\/\",\"name\":\"Eliassen Home & Garden Pleasure\",\"description\":\"\",\"publisher\":{\"@id\":\"https:\/\/www.eliassen.nl\/de\/#organization\"},\"alternateName\":\"Eliassen.nl\",\"potentialAction\":[{\"@type\":\"SearchAction\",\"target\":{\"@type\":\"EntryPoint\",\"urlTemplate\":\"https:\/\/www.eliassen.nl\/de\/?s={search_term_string}\"},\"query-input\":{\"@type\":\"PropertyValueSpecification\",\"valueRequired\":true,\"valueName\":\"search_term_string\"}}],\"inLanguage\":\"de\"},{\"@type\":[\"Organization\",\"Place\"],\"@id\":\"https:\/\/www.eliassen.nl\/de\/#organization\",\"name\":\"Eliassen Home & Garden Pleasure\",\"url\":\"https:\/\/www.eliassen.nl\/de\/\",\"logo\":{\"@id\":\"https:\/\/www.eliassen.nl\/de\/baum-des-lebens-aus-aluminium-auf-holzsockel-32cm\/#local-main-organization-logo\"},\"image\":{\"@id\":\"https:\/\/www.eliassen.nl\/de\/baum-des-lebens-aus-aluminium-auf-holzsockel-32cm\/#local-main-organization-logo\"},\"sameAs\":[\"https:\/\/www.facebook.com\/TuincentrumEliassenAmmerzoden\",\"https:\/\/www.instagram.com\/eliassenhomeandgarden\/\",\"https:\/\/nl.pinterest.com\/eliassenhomeandgarden\/\",\"https:\/\/www.youtube.com\/@eliassenhomegardenpleasure4558\"],\"telephone\":[],\"openingHoursSpecification\":[{\"@type\":\"OpeningHoursSpecification\",\"dayOfWeek\":[\"Monday\",\"Tuesday\",\"Wednesday\",\"Thursday\",\"Friday\",\"Saturday\",\"Sunday\"],\"opens\":\"09:00\",\"closes\":\"17:00\"}]},{\"@type\":\"ImageObject\",\"inLanguage\":\"de\",\"@id\":\"https:\/\/www.eliassen.nl\/de\/baum-des-lebens-aus-aluminium-auf-holzsockel-32cm\/#local-main-organization-logo\",\"url\":\"https:\/\/www.eliassen.nl\/wp-content\/uploads\/2024\/01\/logo_4nd.jpg\",\"contentUrl\":\"https:\/\/www.eliassen.nl\/wp-content\/uploads\/2024\/01\/logo_4nd.jpg\",\"width\":500,\"height\":500,\"caption\":\"Eliassen Home & Garden Pleasure\"}]}<\/script>\n<meta property=\"product:price:amount\" content=\"33.50\" \/>\n<meta property=\"product:price:currency\" content=\"EUR\" \/>\n<meta property=\"og:availability\" content=\"instock\" \/>\n<meta property=\"product:availability\" content=\"instock\" \/>\n<meta property=\"product:retailer_item_id\" content=\"529183\" \/>\n<meta property=\"product:condition\" content=\"new\" \/>\n<!-- \/ Yoast SEO Premium plugin. -->","yoast_head_json":{"title":"Sonstige Baum des Lebens aus Aluminium auf Holzsockel 32cm - Eliassen.nl","description":"Ein sch\u00f6ner Lebensbaum aus Aluminium auf einem Sockel aus Holz. Ein Geschenk f\u00fcr Sie selbst oder jemand anderen mit einer sch\u00f6nen Bedeutung. Schnelle Lieferung.","robots":{"index":"index","follow":"follow","max-snippet":"max-snippet:-1","max-image-preview":"max-image-preview:large","max-video-preview":"max-video-preview:-1"},"canonical":"https:\/\/www.eliassen.nl\/de\/baum-des-lebens-aus-aluminium-auf-holzsockel-32cm\/","og_locale":"de_DE","og_type":"article","og_title":"Sonstige Baum des Lebens aus Aluminium auf Holzsockel 32cm - Eliassen.nl","og_description":"Ein sch\u00f6ner Lebensbaum aus Aluminium auf einem Sockel aus Holz. Ein Geschenk f\u00fcr Sie selbst oder jemand anderen mit einer sch\u00f6nen Bedeutung. Schnelle Lieferung.","og_url":"https:\/\/www.eliassen.nl\/de\/baum-des-lebens-aus-aluminium-auf-holzsockel-32cm\/","og_site_name":"Eliassen.nl","article_publisher":"https:\/\/www.facebook.com\/TuincentrumEliassenAmmerzoden","article_modified_time":"2025-11-27T12:49:26+00:00","og_image":[{"width":2018,"height":2560,"url":"https:\/\/www.eliassen.nl\/wp-content\/uploads\/2025\/11\/Levensboom-aluminium-32cm-Eliassen.nl-0529183-scaled.jpg","type":"image\/jpeg"}],"twitter_card":"summary_large_image","schema":{"@context":"https:\/\/schema.org","@graph":[{"@type":"WebPage","@id":"https:\/\/www.eliassen.nl\/de\/baum-des-lebens-aus-aluminium-auf-holzsockel-32cm\/","url":"https:\/\/www.eliassen.nl\/de\/baum-des-lebens-aus-aluminium-auf-holzsockel-32cm\/","name":"Sonstige Baum des Lebens aus Aluminium auf Holzsockel 32cm - Eliassen.nl","isPartOf":{"@id":"https:\/\/www.eliassen.nl\/de\/#website"},"primaryImageOfPage":{"@id":"https:\/\/www.eliassen.nl\/de\/baum-des-lebens-aus-aluminium-auf-holzsockel-32cm\/#primaryimage"},"image":{"@id":"https:\/\/www.eliassen.nl\/de\/baum-des-lebens-aus-aluminium-auf-holzsockel-32cm\/#primaryimage"},"thumbnailUrl":"https:\/\/www.eliassen.nl\/wp-content\/uploads\/2025\/11\/Levensboom-aluminium-32cm-Eliassen.nl-0529183-scaled.jpg","datePublished":"2025-11-20T14:57:51+00:00","dateModified":"2025-11-27T12:49:26+00:00","description":"Ein sch\u00f6ner Lebensbaum aus Aluminium auf einem Sockel aus Holz. Ein Geschenk f\u00fcr Sie selbst oder jemand anderen mit einer sch\u00f6nen Bedeutung. Schnelle Lieferung.","breadcrumb":{"@id":"https:\/\/www.eliassen.nl\/de\/baum-des-lebens-aus-aluminium-auf-holzsockel-32cm\/#breadcrumb"},"inLanguage":"de","potentialAction":[{"@type":"ReadAction","target":["https:\/\/www.eliassen.nl\/de\/baum-des-lebens-aus-aluminium-auf-holzsockel-32cm\/"]}]},{"@type":"ImageObject","inLanguage":"de","@id":"https:\/\/www.eliassen.nl\/de\/baum-des-lebens-aus-aluminium-auf-holzsockel-32cm\/#primaryimage","url":"https:\/\/www.eliassen.nl\/wp-content\/uploads\/2025\/11\/Levensboom-aluminium-32cm-Eliassen.nl-0529183-scaled.jpg","contentUrl":"https:\/\/www.eliassen.nl\/wp-content\/uploads\/2025\/11\/Levensboom-aluminium-32cm-Eliassen.nl-0529183-scaled.jpg","width":2018,"height":2560},{"@type":"BreadcrumbList","@id":"https:\/\/www.eliassen.nl\/de\/baum-des-lebens-aus-aluminium-auf-holzsockel-32cm\/#breadcrumb","itemListElement":[{"@type":"ListItem","position":1,"name":"Home","item":"https:\/\/www.eliassen.nl\/de\/"},{"@type":"ListItem","position":2,"name":"Shop","item":"https:\/\/www.eliassen.nl\/de\/shop\/"},{"@type":"ListItem","position":3,"name":"Bilder","item":"https:\/\/www.eliassen.nl\/de\/bilder\/"},{"@type":"ListItem","position":4,"name":"Aluminiumstatuen","item":"https:\/\/www.eliassen.nl\/de\/bilder\/aluminiumstatuen\/"},{"@type":"ListItem","position":5,"name":"Baum des Lebens aus Aluminium auf Holzsockel 32cm"}]},{"@type":"WebSite","@id":"https:\/\/www.eliassen.nl\/de\/#website","url":"https:\/\/www.eliassen.nl\/de\/","name":"Eliassen Home & Garden Pleasure","description":"","publisher":{"@id":"https:\/\/www.eliassen.nl\/de\/#organization"},"alternateName":"Eliassen.nl","potentialAction":[{"@type":"SearchAction","target":{"@type":"EntryPoint","urlTemplate":"https:\/\/www.eliassen.nl\/de\/?s={search_term_string}"},"query-input":{"@type":"PropertyValueSpecification","valueRequired":true,"valueName":"search_term_string"}}],"inLanguage":"de"},{"@type":["Organization","Place"],"@id":"https:\/\/www.eliassen.nl\/de\/#organization","name":"Eliassen Home & Garden Pleasure","url":"https:\/\/www.eliassen.nl\/de\/","logo":{"@id":"https:\/\/www.eliassen.nl\/de\/baum-des-lebens-aus-aluminium-auf-holzsockel-32cm\/#local-main-organization-logo"},"image":{"@id":"https:\/\/www.eliassen.nl\/de\/baum-des-lebens-aus-aluminium-auf-holzsockel-32cm\/#local-main-organization-logo"},"sameAs":["https:\/\/www.facebook.com\/TuincentrumEliassenAmmerzoden","https:\/\/www.instagram.com\/eliassenhomeandgarden\/","https:\/\/nl.pinterest.com\/eliassenhomeandgarden\/","https:\/\/www.youtube.com\/@eliassenhomegardenpleasure4558"],"telephone":[],"openingHoursSpecification":[{"@type":"OpeningHoursSpecification","dayOfWeek":["Monday","Tuesday","Wednesday","Thursday","Friday","Saturday","Sunday"],"opens":"09:00","closes":"17:00"}]},{"@type":"ImageObject","inLanguage":"de","@id":"https:\/\/www.eliassen.nl\/de\/baum-des-lebens-aus-aluminium-auf-holzsockel-32cm\/#local-main-organization-logo","url":"https:\/\/www.eliassen.nl\/wp-content\/uploads\/2024\/01\/logo_4nd.jpg","contentUrl":"https:\/\/www.eliassen.nl\/wp-content\/uploads\/2024\/01\/logo_4nd.jpg","width":500,"height":500,"caption":"Eliassen Home & Garden Pleasure"}]},"product_price_amount":"33.50","product_price_currency":"EUR","og_availability":"instock","product_availability":"instock","product_retailer_item_id":"529183","product_condition":"new"},"df_price":33.5,"df_sale_price":"","df_regular_price":33.5,"df_image_link":"https:\/\/www.eliassen.nl\/wp-content\/uploads\/2025\/11\/Levensboom-aluminium-32cm-Eliassen.nl-0529183-236x300.jpg","image":"https:\/\/www.eliassen.nl\/wp-content\/uploads\/2025\/11\/Levensboom-aluminium-32cm-Eliassen.nl-0529183-150x150.jpg","price_search":"<span class=\"woocommerce-Price-amount amount\"><bdi><span class=\"woocommerce-Price-currencySymbol\">&euro;<\/span>&nbsp;33,50<\/bdi><\/span>","category":"Aluminiumstatuen","global_unique_id":"4025809184764","_links":{"self":[{"href":"https:\/\/www.eliassen.nl\/de\/wp-json\/wp\/v2\/product\/198096","targetHints":{"allow":["GET"]}}],"collection":[{"href":"https:\/\/www.eliassen.nl\/de\/wp-json\/wp\/v2\/product"}],"about":[{"href":"https:\/\/www.eliassen.nl\/de\/wp-json\/wp\/v2\/types\/product"}],"wp:featuredmedia":[{"embeddable":true,"href":"https:\/\/www.eliassen.nl\/de\/wp-json\/wp\/v2\/media\/197980"}],"wp:attachment":[{"href":"https:\/\/www.eliassen.nl\/de\/wp-json\/wp\/v2\/media?parent=198096"}],"wp:term":[{"taxonomy":"product_brand","embeddable":true,"href":"https:\/\/www.eliassen.nl\/de\/wp-json\/wp\/v2\/product_brand?post=198096"},{"taxonomy":"product_cat","embeddable":true,"href":"https:\/\/www.eliassen.nl\/de\/wp-json\/wp\/v2\/product_cat?post=198096"},{"taxonomy":"product_tag","embeddable":true,"href":"https:\/\/www.eliassen.nl\/de\/wp-json\/wp\/v2\/product_tag?post=198096"}],"curies":[{"name":"wp","href":"https:\/\/api.w.org\/{rel}","templated":true}]}}