{"id":197910,"date":"2025-11-13T13:34:24","date_gmt":"2025-11-13T12:34:24","guid":{"rendered":"https:\/\/www.eliassen.nl\/product\/traumfaenger-schwarz-weiss-lebensbaum-100cm-durchmesser\/"},"modified":"2025-12-11T11:03:42","modified_gmt":"2025-12-11T10:03:42","slug":"traumfaenger-schwarz-weiss-lebensbaum-100cm-durchmesser","status":"publish","type":"product","link":"https:\/\/www.eliassen.nl\/de\/traumfaenger-schwarz-weiss-lebensbaum-100cm-durchmesser\/","title":{"rendered":"Traumf\u00e4nger schwarz wei\u00df Lebensbaum 100cm Durchmesser"},"content":{"rendered":"<p data-path-to-node=\"3\">Bereichern Sie Ihr Interieur mit diesem modernen Traumf\u00e4nger, einer wundersch\u00f6nen Wanddekoration, die sowohl Ruhe als auch Stil in jeden Raum bringt. Dies ist die perfekte Verschmelzung eines traditionellen Symbols mit einem modernen Design, was es zu einem einzigartigen Blickfang an Ihrer Wand macht. Das leichte und raffinierte Design passt m\u00fchelos in moderne, skandinavische oder b\u00f6hmische Interieurs.<\/p>\n<p data-path-to-node=\"4\">Der Traumf\u00e4nger wurde sorgf\u00e4ltig und mit viel Liebe zum Detail gefertigt und ist ein Schmuckst\u00fcck f\u00fcr jede Wand. Es verleiht nicht nur einen Hauch von Eleganz, sondern wird auch mit einer positiven und ruhigen Atmosph\u00e4re in Ihrem Wohnbereich assoziiert.<\/p>\n<ul data-path-to-node=\"5\">\n<li>\n<p data-path-to-node=\"5,0,0\">Zeitgen\u00f6ssische und anspruchsvolle Wanddekoration.<\/p>\n<\/li>\n<li>\n<p data-path-to-node=\"5,1,0\">Ideal f\u00fcr das Schlafzimmer, das Wohnzimmer oder den Flur<\/p>\n<\/li>\n<\/ul>\n","protected":false},"excerpt":{"rendered":"<p><strong>Verwendung im Freien unter Schutz nach Behandlung mit Klarlack m\u00f6glich.<\/strong><\/p>\n","protected":false},"featured_media":197226,"template":"","meta":{"_acf_changed":false,"_genesis_title":"","_genesis_description":""},"product_brand":[7505],"product_cat":[512,509],"product_tag":[],"class_list":{"0":"post-197910","1":"product","2":"type-product","3":"status-publish","4":"has-post-thumbnail","6":"product_brand-sonstige","7":"product_cat-3d-wanddekoration-ohne-rahmen","8":"product_cat-wanddekoration","10":"first","11":"instock","12":"taxable","13":"shipping-taxable","14":"purchasable","15":"product-type-simple"},"acf":[],"meta_all":{"total_sales":"0","cor_restricted_countries":[]},"meta_all_flat":{"total_sales":"0"},"yoast_head":"<!-- This site is optimized with the Yoast SEO Premium plugin v26.2 (Yoast SEO v27.2) - https:\/\/yoast.com\/product\/yoast-seo-premium-wordpress\/ -->\n<title>Sonstige Traumf\u00e4nger schwarz wei\u00df Lebensbaum 100cm Durchmesser - Eliassen.nl<\/title>\n<meta name=\"robots\" content=\"index, follow, max-snippet:-1, max-image-preview:large, max-video-preview:-1\" \/>\n<link rel=\"canonical\" href=\"https:\/\/www.eliassen.nl\/de\/traumfaenger-schwarz-weiss-lebensbaum-100cm-durchmesser\/\" \/>\n<meta property=\"og:locale\" content=\"de_DE\" \/>\n<meta property=\"og:type\" content=\"article\" \/>\n<meta property=\"og:title\" content=\"Sonstige Traumf\u00e4nger schwarz wei\u00df Lebensbaum 100cm Durchmesser - Eliassen.nl\" \/>\n<meta property=\"og:description\" content=\"Verwendung im Freien unter Schutz nach Behandlung mit Klarlack m\u00f6glich.\" \/>\n<meta property=\"og:url\" content=\"https:\/\/www.eliassen.nl\/de\/traumfaenger-schwarz-weiss-lebensbaum-100cm-durchmesser\/\" \/>\n<meta property=\"og:site_name\" content=\"Eliassen.nl\" \/>\n<meta property=\"article:publisher\" content=\"https:\/\/www.facebook.com\/TuincentrumEliassenAmmerzoden\" \/>\n<meta property=\"article:modified_time\" content=\"2025-12-11T10:03:42+00:00\" \/>\n<meta property=\"og:image\" content=\"https:\/\/www.eliassen.nl\/wp-content\/uploads\/2025\/11\/Droomvanger-zwart-wit-levensboom-100cm-dia-eliassen.nl-1.jpg\" \/>\n\t<meta property=\"og:image:width\" content=\"1440\" \/>\n\t<meta property=\"og:image:height\" content=\"1903\" \/>\n\t<meta property=\"og:image:type\" content=\"image\/jpeg\" \/>\n<meta name=\"twitter:card\" content=\"summary_large_image\" \/>\n<script type=\"application\/ld+json\" class=\"yoast-schema-graph\">{\"@context\":\"https:\/\/schema.org\",\"@graph\":[{\"@type\":\"WebPage\",\"@id\":\"https:\/\/www.eliassen.nl\/de\/traumfaenger-schwarz-weiss-lebensbaum-100cm-durchmesser\/\",\"url\":\"https:\/\/www.eliassen.nl\/de\/traumfaenger-schwarz-weiss-lebensbaum-100cm-durchmesser\/\",\"name\":\"Sonstige Traumf\u00e4nger schwarz wei\u00df Lebensbaum 100cm Durchmesser - Eliassen.nl\",\"isPartOf\":{\"@id\":\"https:\/\/www.eliassen.nl\/de\/#website\"},\"primaryImageOfPage\":{\"@id\":\"https:\/\/www.eliassen.nl\/de\/traumfaenger-schwarz-weiss-lebensbaum-100cm-durchmesser\/#primaryimage\"},\"image\":{\"@id\":\"https:\/\/www.eliassen.nl\/de\/traumfaenger-schwarz-weiss-lebensbaum-100cm-durchmesser\/#primaryimage\"},\"thumbnailUrl\":\"https:\/\/www.eliassen.nl\/wp-content\/uploads\/2025\/11\/Droomvanger-zwart-wit-levensboom-100cm-dia-eliassen.nl-1.jpg\",\"datePublished\":\"2025-11-13T12:34:24+00:00\",\"dateModified\":\"2025-12-11T10:03:42+00:00\",\"breadcrumb\":{\"@id\":\"https:\/\/www.eliassen.nl\/de\/traumfaenger-schwarz-weiss-lebensbaum-100cm-durchmesser\/#breadcrumb\"},\"inLanguage\":\"de\",\"potentialAction\":[{\"@type\":\"ReadAction\",\"target\":[\"https:\/\/www.eliassen.nl\/de\/traumfaenger-schwarz-weiss-lebensbaum-100cm-durchmesser\/\"]}]},{\"@type\":\"ImageObject\",\"inLanguage\":\"de\",\"@id\":\"https:\/\/www.eliassen.nl\/de\/traumfaenger-schwarz-weiss-lebensbaum-100cm-durchmesser\/#primaryimage\",\"url\":\"https:\/\/www.eliassen.nl\/wp-content\/uploads\/2025\/11\/Droomvanger-zwart-wit-levensboom-100cm-dia-eliassen.nl-1.jpg\",\"contentUrl\":\"https:\/\/www.eliassen.nl\/wp-content\/uploads\/2025\/11\/Droomvanger-zwart-wit-levensboom-100cm-dia-eliassen.nl-1.jpg\",\"width\":1440,\"height\":1903,\"caption\":\"Traumf\u00e4nger schwarz wei\u00df Lebensbaum 100cm Durchmesser eliassen.nl\"},{\"@type\":\"BreadcrumbList\",\"@id\":\"https:\/\/www.eliassen.nl\/de\/traumfaenger-schwarz-weiss-lebensbaum-100cm-durchmesser\/#breadcrumb\",\"itemListElement\":[{\"@type\":\"ListItem\",\"position\":1,\"name\":\"Home\",\"item\":\"https:\/\/www.eliassen.nl\/de\/\"},{\"@type\":\"ListItem\",\"position\":2,\"name\":\"Shop\",\"item\":\"https:\/\/www.eliassen.nl\/de\/shop\/\"},{\"@type\":\"ListItem\",\"position\":3,\"name\":\"Wanddekoration\",\"item\":\"https:\/\/www.eliassen.nl\/de\/wanddekoration\/\"},{\"@type\":\"ListItem\",\"position\":4,\"name\":\"Traumf\u00e4nger schwarz wei\u00df Lebensbaum 100cm Durchmesser\"}]},{\"@type\":\"WebSite\",\"@id\":\"https:\/\/www.eliassen.nl\/de\/#website\",\"url\":\"https:\/\/www.eliassen.nl\/de\/\",\"name\":\"Eliassen Home & Garden Pleasure\",\"description\":\"\",\"publisher\":{\"@id\":\"https:\/\/www.eliassen.nl\/de\/#organization\"},\"alternateName\":\"Eliassen.nl\",\"potentialAction\":[{\"@type\":\"SearchAction\",\"target\":{\"@type\":\"EntryPoint\",\"urlTemplate\":\"https:\/\/www.eliassen.nl\/de\/?s={search_term_string}\"},\"query-input\":{\"@type\":\"PropertyValueSpecification\",\"valueRequired\":true,\"valueName\":\"search_term_string\"}}],\"inLanguage\":\"de\"},{\"@type\":[\"Organization\",\"Place\"],\"@id\":\"https:\/\/www.eliassen.nl\/de\/#organization\",\"name\":\"Eliassen Home & Garden Pleasure\",\"url\":\"https:\/\/www.eliassen.nl\/de\/\",\"logo\":{\"@id\":\"https:\/\/www.eliassen.nl\/de\/traumfaenger-schwarz-weiss-lebensbaum-100cm-durchmesser\/#local-main-organization-logo\"},\"image\":{\"@id\":\"https:\/\/www.eliassen.nl\/de\/traumfaenger-schwarz-weiss-lebensbaum-100cm-durchmesser\/#local-main-organization-logo\"},\"sameAs\":[\"https:\/\/www.facebook.com\/TuincentrumEliassenAmmerzoden\",\"https:\/\/www.instagram.com\/eliassenhomeandgarden\/\",\"https:\/\/nl.pinterest.com\/eliassenhomeandgarden\/\",\"https:\/\/www.youtube.com\/@eliassenhomegardenpleasure4558\"],\"telephone\":[],\"openingHoursSpecification\":[{\"@type\":\"OpeningHoursSpecification\",\"dayOfWeek\":[\"Monday\",\"Tuesday\",\"Wednesday\",\"Thursday\",\"Friday\",\"Saturday\",\"Sunday\"],\"opens\":\"09:00\",\"closes\":\"17:00\"}]},{\"@type\":\"ImageObject\",\"inLanguage\":\"de\",\"@id\":\"https:\/\/www.eliassen.nl\/de\/traumfaenger-schwarz-weiss-lebensbaum-100cm-durchmesser\/#local-main-organization-logo\",\"url\":\"https:\/\/www.eliassen.nl\/wp-content\/uploads\/2024\/01\/logo_4nd.jpg\",\"contentUrl\":\"https:\/\/www.eliassen.nl\/wp-content\/uploads\/2024\/01\/logo_4nd.jpg\",\"width\":500,\"height\":500,\"caption\":\"Eliassen Home & Garden Pleasure\"}]}<\/script>\n<meta property=\"product:price:amount\" content=\"169.00\" \/>\n<meta property=\"product:price:currency\" content=\"EUR\" \/>\n<meta property=\"og:availability\" content=\"instock\" \/>\n<meta property=\"product:availability\" content=\"instock\" \/>\n<meta property=\"product:retailer_item_id\" content=\"Sk182134\" \/>\n<meta property=\"product:condition\" content=\"new\" \/>\n<!-- \/ Yoast SEO Premium plugin. -->","yoast_head_json":{"title":"Sonstige Traumf\u00e4nger schwarz wei\u00df Lebensbaum 100cm Durchmesser - Eliassen.nl","robots":{"index":"index","follow":"follow","max-snippet":"max-snippet:-1","max-image-preview":"max-image-preview:large","max-video-preview":"max-video-preview:-1"},"canonical":"https:\/\/www.eliassen.nl\/de\/traumfaenger-schwarz-weiss-lebensbaum-100cm-durchmesser\/","og_locale":"de_DE","og_type":"article","og_title":"Sonstige Traumf\u00e4nger schwarz wei\u00df Lebensbaum 100cm Durchmesser - Eliassen.nl","og_description":"Verwendung im Freien unter Schutz nach Behandlung mit Klarlack m\u00f6glich.","og_url":"https:\/\/www.eliassen.nl\/de\/traumfaenger-schwarz-weiss-lebensbaum-100cm-durchmesser\/","og_site_name":"Eliassen.nl","article_publisher":"https:\/\/www.facebook.com\/TuincentrumEliassenAmmerzoden","article_modified_time":"2025-12-11T10:03:42+00:00","og_image":[{"width":1440,"height":1903,"url":"https:\/\/www.eliassen.nl\/wp-content\/uploads\/2025\/11\/Droomvanger-zwart-wit-levensboom-100cm-dia-eliassen.nl-1.jpg","type":"image\/jpeg"}],"twitter_card":"summary_large_image","schema":{"@context":"https:\/\/schema.org","@graph":[{"@type":"WebPage","@id":"https:\/\/www.eliassen.nl\/de\/traumfaenger-schwarz-weiss-lebensbaum-100cm-durchmesser\/","url":"https:\/\/www.eliassen.nl\/de\/traumfaenger-schwarz-weiss-lebensbaum-100cm-durchmesser\/","name":"Sonstige Traumf\u00e4nger schwarz wei\u00df Lebensbaum 100cm Durchmesser - Eliassen.nl","isPartOf":{"@id":"https:\/\/www.eliassen.nl\/de\/#website"},"primaryImageOfPage":{"@id":"https:\/\/www.eliassen.nl\/de\/traumfaenger-schwarz-weiss-lebensbaum-100cm-durchmesser\/#primaryimage"},"image":{"@id":"https:\/\/www.eliassen.nl\/de\/traumfaenger-schwarz-weiss-lebensbaum-100cm-durchmesser\/#primaryimage"},"thumbnailUrl":"https:\/\/www.eliassen.nl\/wp-content\/uploads\/2025\/11\/Droomvanger-zwart-wit-levensboom-100cm-dia-eliassen.nl-1.jpg","datePublished":"2025-11-13T12:34:24+00:00","dateModified":"2025-12-11T10:03:42+00:00","breadcrumb":{"@id":"https:\/\/www.eliassen.nl\/de\/traumfaenger-schwarz-weiss-lebensbaum-100cm-durchmesser\/#breadcrumb"},"inLanguage":"de","potentialAction":[{"@type":"ReadAction","target":["https:\/\/www.eliassen.nl\/de\/traumfaenger-schwarz-weiss-lebensbaum-100cm-durchmesser\/"]}]},{"@type":"ImageObject","inLanguage":"de","@id":"https:\/\/www.eliassen.nl\/de\/traumfaenger-schwarz-weiss-lebensbaum-100cm-durchmesser\/#primaryimage","url":"https:\/\/www.eliassen.nl\/wp-content\/uploads\/2025\/11\/Droomvanger-zwart-wit-levensboom-100cm-dia-eliassen.nl-1.jpg","contentUrl":"https:\/\/www.eliassen.nl\/wp-content\/uploads\/2025\/11\/Droomvanger-zwart-wit-levensboom-100cm-dia-eliassen.nl-1.jpg","width":1440,"height":1903,"caption":"Traumf\u00e4nger schwarz wei\u00df Lebensbaum 100cm Durchmesser eliassen.nl"},{"@type":"BreadcrumbList","@id":"https:\/\/www.eliassen.nl\/de\/traumfaenger-schwarz-weiss-lebensbaum-100cm-durchmesser\/#breadcrumb","itemListElement":[{"@type":"ListItem","position":1,"name":"Home","item":"https:\/\/www.eliassen.nl\/de\/"},{"@type":"ListItem","position":2,"name":"Shop","item":"https:\/\/www.eliassen.nl\/de\/shop\/"},{"@type":"ListItem","position":3,"name":"Wanddekoration","item":"https:\/\/www.eliassen.nl\/de\/wanddekoration\/"},{"@type":"ListItem","position":4,"name":"Traumf\u00e4nger schwarz wei\u00df Lebensbaum 100cm Durchmesser"}]},{"@type":"WebSite","@id":"https:\/\/www.eliassen.nl\/de\/#website","url":"https:\/\/www.eliassen.nl\/de\/","name":"Eliassen Home & Garden Pleasure","description":"","publisher":{"@id":"https:\/\/www.eliassen.nl\/de\/#organization"},"alternateName":"Eliassen.nl","potentialAction":[{"@type":"SearchAction","target":{"@type":"EntryPoint","urlTemplate":"https:\/\/www.eliassen.nl\/de\/?s={search_term_string}"},"query-input":{"@type":"PropertyValueSpecification","valueRequired":true,"valueName":"search_term_string"}}],"inLanguage":"de"},{"@type":["Organization","Place"],"@id":"https:\/\/www.eliassen.nl\/de\/#organization","name":"Eliassen Home & Garden Pleasure","url":"https:\/\/www.eliassen.nl\/de\/","logo":{"@id":"https:\/\/www.eliassen.nl\/de\/traumfaenger-schwarz-weiss-lebensbaum-100cm-durchmesser\/#local-main-organization-logo"},"image":{"@id":"https:\/\/www.eliassen.nl\/de\/traumfaenger-schwarz-weiss-lebensbaum-100cm-durchmesser\/#local-main-organization-logo"},"sameAs":["https:\/\/www.facebook.com\/TuincentrumEliassenAmmerzoden","https:\/\/www.instagram.com\/eliassenhomeandgarden\/","https:\/\/nl.pinterest.com\/eliassenhomeandgarden\/","https:\/\/www.youtube.com\/@eliassenhomegardenpleasure4558"],"telephone":[],"openingHoursSpecification":[{"@type":"OpeningHoursSpecification","dayOfWeek":["Monday","Tuesday","Wednesday","Thursday","Friday","Saturday","Sunday"],"opens":"09:00","closes":"17:00"}]},{"@type":"ImageObject","inLanguage":"de","@id":"https:\/\/www.eliassen.nl\/de\/traumfaenger-schwarz-weiss-lebensbaum-100cm-durchmesser\/#local-main-organization-logo","url":"https:\/\/www.eliassen.nl\/wp-content\/uploads\/2024\/01\/logo_4nd.jpg","contentUrl":"https:\/\/www.eliassen.nl\/wp-content\/uploads\/2024\/01\/logo_4nd.jpg","width":500,"height":500,"caption":"Eliassen Home & Garden Pleasure"}]},"product_price_amount":"169.00","product_price_currency":"EUR","og_availability":"instock","product_availability":"instock","product_retailer_item_id":"Sk182134","product_condition":"new"},"df_price":169,"df_sale_price":"","df_regular_price":169,"df_image_link":"https:\/\/www.eliassen.nl\/wp-content\/uploads\/2025\/11\/Droomvanger-zwart-wit-levensboom-100cm-dia-eliassen.nl-1-227x300.jpg","image":"https:\/\/www.eliassen.nl\/wp-content\/uploads\/2025\/11\/Droomvanger-zwart-wit-levensboom-100cm-dia-eliassen.nl-1-150x150.jpg","price_search":"<span class=\"woocommerce-Price-amount amount\"><bdi><span class=\"woocommerce-Price-currencySymbol\">&euro;<\/span>&nbsp;169,00<\/bdi><\/span>","category":"3D-Wanddekoration ohne Rahmen","global_unique_id":"8720572182134","_links":{"self":[{"href":"https:\/\/www.eliassen.nl\/de\/wp-json\/wp\/v2\/product\/197910","targetHints":{"allow":["GET"]}}],"collection":[{"href":"https:\/\/www.eliassen.nl\/de\/wp-json\/wp\/v2\/product"}],"about":[{"href":"https:\/\/www.eliassen.nl\/de\/wp-json\/wp\/v2\/types\/product"}],"wp:featuredmedia":[{"embeddable":true,"href":"https:\/\/www.eliassen.nl\/de\/wp-json\/wp\/v2\/media\/197226"}],"wp:attachment":[{"href":"https:\/\/www.eliassen.nl\/de\/wp-json\/wp\/v2\/media?parent=197910"}],"wp:term":[{"taxonomy":"product_brand","embeddable":true,"href":"https:\/\/www.eliassen.nl\/de\/wp-json\/wp\/v2\/product_brand?post=197910"},{"taxonomy":"product_cat","embeddable":true,"href":"https:\/\/www.eliassen.nl\/de\/wp-json\/wp\/v2\/product_cat?post=197910"},{"taxonomy":"product_tag","embeddable":true,"href":"https:\/\/www.eliassen.nl\/de\/wp-json\/wp\/v2\/product_tag?post=197910"}],"curies":[{"name":"wp","href":"https:\/\/api.w.org\/{rel}","templated":true}]}}