{"id":197559,"date":"2025-11-14T15:06:06","date_gmt":"2025-11-14T14:06:06","guid":{"rendered":"https:\/\/www.eliassen.nl\/product\/glasvase-eman-40cm\/"},"modified":"2026-03-02T14:55:48","modified_gmt":"2026-03-02T13:55:48","slug":"glasvase-eman-40cm","status":"publish","type":"product","link":"https:\/\/www.eliassen.nl\/de\/glasvase-eman-40cm\/","title":{"rendered":"Glasvase Eman 40cm"},"content":{"rendered":"<p>Diese hohe dekorative Glasvase ist ein sch\u00f6nes Dekorationsst\u00fcck f\u00fcr Ihr Zuhause oder zum Verschenken.<br \/>\nDiese farbige dekorative Vase mit haupts\u00e4chlich gr\u00fcnem und braunem Boden ist geschliffen und hat daher eine sehr sch\u00f6ne Form und einen matten Farbeffekt.<\/p>\n<p>Da dieses Glasdekorationsst\u00fcck handgefertigt ist, ist jedes St\u00fcck dieser Serie einzigartig in Aussehen und Farbe. Daher kann diese Glasvase vom Foto abweichen.<\/p>\n<ul>\n<li>Material: geschliffenes Glas<\/li>\n<li>Farbe: gr\u00fcn und braun<\/li>\n<li>Gr\u00f6\u00dfe: 40cm hoch<\/li>\n<li>Diese Serie von Glasvasen k\u00f6nnen Sie sich auch live bei uns ansehen<\/li>\n<\/ul>\n","protected":false},"excerpt":{"rendered":"<p>\u2713 Poliertes Glas \u2713 Sch\u00f6ner Effekt von Matt und Glanz \u2713 Dekorativ mit und ohne Blumen<\/p>\n","protected":false},"featured_media":196161,"template":"","meta":{"_acf_changed":false,"_genesis_title":"","_genesis_description":""},"product_brand":[7505],"product_cat":[812,800],"product_tag":[],"class_list":{"0":"post-197559","1":"product","2":"type-product","3":"status-publish","4":"has-post-thumbnail","6":"product_brand-sonstige","7":"product_cat-farbige-glasvasen","8":"product_cat-glaskunst","10":"first","11":"instock","12":"taxable","13":"shipping-taxable","14":"purchasable","15":"product-type-simple"},"acf":[],"meta_all":{"total_sales":"1","cor_restricted_countries":[]},"meta_all_flat":{"total_sales":"1"},"yoast_head":"<!-- This site is optimized with the Yoast SEO Premium plugin v26.2 (Yoast SEO v27.2) - https:\/\/yoast.com\/product\/yoast-seo-premium-wordpress\/ -->\n<title>Sonstige Glasvase Eman 40cm - Eliassen.nl<\/title>\n<meta name=\"description\" content=\"Eine sch\u00f6ne Glasvase in sch\u00f6ner Farbe. Da das Glas geschliffen ist, zeigt diese Vase sch\u00f6ne Effekte von Matt und Glas. Verschiedene Modelle verf\u00fcgbar.\" \/>\n<meta name=\"robots\" content=\"index, follow, max-snippet:-1, max-image-preview:large, max-video-preview:-1\" \/>\n<link rel=\"canonical\" href=\"https:\/\/www.eliassen.nl\/de\/glasvase-eman-40cm\/\" \/>\n<meta property=\"og:locale\" content=\"de_DE\" \/>\n<meta property=\"og:type\" content=\"article\" \/>\n<meta property=\"og:title\" content=\"Sonstige Glasvase Eman 40cm - Eliassen.nl\" \/>\n<meta property=\"og:description\" content=\"Eine sch\u00f6ne Glasvase in sch\u00f6ner Farbe. Da das Glas geschliffen ist, zeigt diese Vase sch\u00f6ne Effekte von Matt und Glas. Verschiedene Modelle verf\u00fcgbar.\" \/>\n<meta property=\"og:url\" content=\"https:\/\/www.eliassen.nl\/de\/glasvase-eman-40cm\/\" \/>\n<meta property=\"og:site_name\" content=\"Eliassen.nl\" \/>\n<meta property=\"article:publisher\" content=\"https:\/\/www.facebook.com\/TuincentrumEliassenAmmerzoden\" \/>\n<meta property=\"article:modified_time\" content=\"2026-03-02T13:55:48+00:00\" \/>\n<meta property=\"og:image\" content=\"https:\/\/www.eliassen.nl\/wp-content\/uploads\/2025\/11\/Glasvaas-Eman-Eliassen.nl-eg-212.jpg\" \/>\n\t<meta property=\"og:image:width\" content=\"1200\" \/>\n\t<meta property=\"og:image:height\" content=\"1200\" \/>\n\t<meta property=\"og:image:type\" content=\"image\/jpeg\" \/>\n<meta name=\"twitter:card\" content=\"summary_large_image\" \/>\n<script type=\"application\/ld+json\" class=\"yoast-schema-graph\">{\"@context\":\"https:\/\/schema.org\",\"@graph\":[{\"@type\":\"WebPage\",\"@id\":\"https:\/\/www.eliassen.nl\/de\/glasvase-eman-40cm\/\",\"url\":\"https:\/\/www.eliassen.nl\/de\/glasvase-eman-40cm\/\",\"name\":\"Sonstige Glasvase Eman 40cm - Eliassen.nl\",\"isPartOf\":{\"@id\":\"https:\/\/www.eliassen.nl\/de\/#website\"},\"primaryImageOfPage\":{\"@id\":\"https:\/\/www.eliassen.nl\/de\/glasvase-eman-40cm\/#primaryimage\"},\"image\":{\"@id\":\"https:\/\/www.eliassen.nl\/de\/glasvase-eman-40cm\/#primaryimage\"},\"thumbnailUrl\":\"https:\/\/www.eliassen.nl\/wp-content\/uploads\/2025\/11\/Glasvaas-Eman-Eliassen.nl-eg-212.jpg\",\"datePublished\":\"2025-11-14T14:06:06+00:00\",\"dateModified\":\"2026-03-02T13:55:48+00:00\",\"description\":\"Eine sch\u00f6ne Glasvase in sch\u00f6ner Farbe. Da das Glas geschliffen ist, zeigt diese Vase sch\u00f6ne Effekte von Matt und Glas. Verschiedene Modelle verf\u00fcgbar.\",\"breadcrumb\":{\"@id\":\"https:\/\/www.eliassen.nl\/de\/glasvase-eman-40cm\/#breadcrumb\"},\"inLanguage\":\"de\",\"potentialAction\":[{\"@type\":\"ReadAction\",\"target\":[\"https:\/\/www.eliassen.nl\/de\/glasvase-eman-40cm\/\"]}]},{\"@type\":\"ImageObject\",\"inLanguage\":\"de\",\"@id\":\"https:\/\/www.eliassen.nl\/de\/glasvase-eman-40cm\/#primaryimage\",\"url\":\"https:\/\/www.eliassen.nl\/wp-content\/uploads\/2025\/11\/Glasvaas-Eman-Eliassen.nl-eg-212.jpg\",\"contentUrl\":\"https:\/\/www.eliassen.nl\/wp-content\/uploads\/2025\/11\/Glasvaas-Eman-Eliassen.nl-eg-212.jpg\",\"width\":1200,\"height\":1200},{\"@type\":\"BreadcrumbList\",\"@id\":\"https:\/\/www.eliassen.nl\/de\/glasvase-eman-40cm\/#breadcrumb\",\"itemListElement\":[{\"@type\":\"ListItem\",\"position\":1,\"name\":\"Home\",\"item\":\"https:\/\/www.eliassen.nl\/de\/\"},{\"@type\":\"ListItem\",\"position\":2,\"name\":\"Shop\",\"item\":\"https:\/\/www.eliassen.nl\/de\/shop\/\"},{\"@type\":\"ListItem\",\"position\":3,\"name\":\"Glaskunst\",\"item\":\"https:\/\/www.eliassen.nl\/de\/glaskunst\/\"},{\"@type\":\"ListItem\",\"position\":4,\"name\":\"Farbige Glasvasen\",\"item\":\"https:\/\/www.eliassen.nl\/de\/glaskunst\/farbige-glasvasen\/\"},{\"@type\":\"ListItem\",\"position\":5,\"name\":\"Glasvase Eman 40cm\"}]},{\"@type\":\"WebSite\",\"@id\":\"https:\/\/www.eliassen.nl\/de\/#website\",\"url\":\"https:\/\/www.eliassen.nl\/de\/\",\"name\":\"Eliassen Home & Garden Pleasure\",\"description\":\"\",\"publisher\":{\"@id\":\"https:\/\/www.eliassen.nl\/de\/#organization\"},\"alternateName\":\"Eliassen.nl\",\"potentialAction\":[{\"@type\":\"SearchAction\",\"target\":{\"@type\":\"EntryPoint\",\"urlTemplate\":\"https:\/\/www.eliassen.nl\/de\/?s={search_term_string}\"},\"query-input\":{\"@type\":\"PropertyValueSpecification\",\"valueRequired\":true,\"valueName\":\"search_term_string\"}}],\"inLanguage\":\"de\"},{\"@type\":[\"Organization\",\"Place\"],\"@id\":\"https:\/\/www.eliassen.nl\/de\/#organization\",\"name\":\"Eliassen Home & Garden Pleasure\",\"url\":\"https:\/\/www.eliassen.nl\/de\/\",\"logo\":{\"@id\":\"https:\/\/www.eliassen.nl\/de\/glasvase-eman-40cm\/#local-main-organization-logo\"},\"image\":{\"@id\":\"https:\/\/www.eliassen.nl\/de\/glasvase-eman-40cm\/#local-main-organization-logo\"},\"sameAs\":[\"https:\/\/www.facebook.com\/TuincentrumEliassenAmmerzoden\",\"https:\/\/www.instagram.com\/eliassenhomeandgarden\/\",\"https:\/\/nl.pinterest.com\/eliassenhomeandgarden\/\",\"https:\/\/www.youtube.com\/@eliassenhomegardenpleasure4558\"],\"telephone\":[],\"openingHoursSpecification\":[{\"@type\":\"OpeningHoursSpecification\",\"dayOfWeek\":[\"Monday\",\"Tuesday\",\"Wednesday\",\"Thursday\",\"Friday\",\"Saturday\",\"Sunday\"],\"opens\":\"09:00\",\"closes\":\"17:00\"}]},{\"@type\":\"ImageObject\",\"inLanguage\":\"de\",\"@id\":\"https:\/\/www.eliassen.nl\/de\/glasvase-eman-40cm\/#local-main-organization-logo\",\"url\":\"https:\/\/www.eliassen.nl\/wp-content\/uploads\/2024\/01\/logo_4nd.jpg\",\"contentUrl\":\"https:\/\/www.eliassen.nl\/wp-content\/uploads\/2024\/01\/logo_4nd.jpg\",\"width\":500,\"height\":500,\"caption\":\"Eliassen Home & Garden Pleasure\"}]}<\/script>\n<meta property=\"product:price:amount\" content=\"89.00\" \/>\n<meta property=\"product:price:currency\" content=\"EUR\" \/>\n<meta property=\"og:availability\" content=\"instock\" \/>\n<meta property=\"product:availability\" content=\"instock\" \/>\n<meta property=\"product:retailer_item_id\" content=\"eg-212\" \/>\n<meta property=\"product:condition\" content=\"new\" \/>\n<!-- \/ Yoast SEO Premium plugin. -->","yoast_head_json":{"title":"Sonstige Glasvase Eman 40cm - Eliassen.nl","description":"Eine sch\u00f6ne Glasvase in sch\u00f6ner Farbe. Da das Glas geschliffen ist, zeigt diese Vase sch\u00f6ne Effekte von Matt und Glas. Verschiedene Modelle verf\u00fcgbar.","robots":{"index":"index","follow":"follow","max-snippet":"max-snippet:-1","max-image-preview":"max-image-preview:large","max-video-preview":"max-video-preview:-1"},"canonical":"https:\/\/www.eliassen.nl\/de\/glasvase-eman-40cm\/","og_locale":"de_DE","og_type":"article","og_title":"Sonstige Glasvase Eman 40cm - Eliassen.nl","og_description":"Eine sch\u00f6ne Glasvase in sch\u00f6ner Farbe. Da das Glas geschliffen ist, zeigt diese Vase sch\u00f6ne Effekte von Matt und Glas. Verschiedene Modelle verf\u00fcgbar.","og_url":"https:\/\/www.eliassen.nl\/de\/glasvase-eman-40cm\/","og_site_name":"Eliassen.nl","article_publisher":"https:\/\/www.facebook.com\/TuincentrumEliassenAmmerzoden","article_modified_time":"2026-03-02T13:55:48+00:00","og_image":[{"width":1200,"height":1200,"url":"https:\/\/www.eliassen.nl\/wp-content\/uploads\/2025\/11\/Glasvaas-Eman-Eliassen.nl-eg-212.jpg","type":"image\/jpeg"}],"twitter_card":"summary_large_image","schema":{"@context":"https:\/\/schema.org","@graph":[{"@type":"WebPage","@id":"https:\/\/www.eliassen.nl\/de\/glasvase-eman-40cm\/","url":"https:\/\/www.eliassen.nl\/de\/glasvase-eman-40cm\/","name":"Sonstige Glasvase Eman 40cm - Eliassen.nl","isPartOf":{"@id":"https:\/\/www.eliassen.nl\/de\/#website"},"primaryImageOfPage":{"@id":"https:\/\/www.eliassen.nl\/de\/glasvase-eman-40cm\/#primaryimage"},"image":{"@id":"https:\/\/www.eliassen.nl\/de\/glasvase-eman-40cm\/#primaryimage"},"thumbnailUrl":"https:\/\/www.eliassen.nl\/wp-content\/uploads\/2025\/11\/Glasvaas-Eman-Eliassen.nl-eg-212.jpg","datePublished":"2025-11-14T14:06:06+00:00","dateModified":"2026-03-02T13:55:48+00:00","description":"Eine sch\u00f6ne Glasvase in sch\u00f6ner Farbe. Da das Glas geschliffen ist, zeigt diese Vase sch\u00f6ne Effekte von Matt und Glas. Verschiedene Modelle verf\u00fcgbar.","breadcrumb":{"@id":"https:\/\/www.eliassen.nl\/de\/glasvase-eman-40cm\/#breadcrumb"},"inLanguage":"de","potentialAction":[{"@type":"ReadAction","target":["https:\/\/www.eliassen.nl\/de\/glasvase-eman-40cm\/"]}]},{"@type":"ImageObject","inLanguage":"de","@id":"https:\/\/www.eliassen.nl\/de\/glasvase-eman-40cm\/#primaryimage","url":"https:\/\/www.eliassen.nl\/wp-content\/uploads\/2025\/11\/Glasvaas-Eman-Eliassen.nl-eg-212.jpg","contentUrl":"https:\/\/www.eliassen.nl\/wp-content\/uploads\/2025\/11\/Glasvaas-Eman-Eliassen.nl-eg-212.jpg","width":1200,"height":1200},{"@type":"BreadcrumbList","@id":"https:\/\/www.eliassen.nl\/de\/glasvase-eman-40cm\/#breadcrumb","itemListElement":[{"@type":"ListItem","position":1,"name":"Home","item":"https:\/\/www.eliassen.nl\/de\/"},{"@type":"ListItem","position":2,"name":"Shop","item":"https:\/\/www.eliassen.nl\/de\/shop\/"},{"@type":"ListItem","position":3,"name":"Glaskunst","item":"https:\/\/www.eliassen.nl\/de\/glaskunst\/"},{"@type":"ListItem","position":4,"name":"Farbige Glasvasen","item":"https:\/\/www.eliassen.nl\/de\/glaskunst\/farbige-glasvasen\/"},{"@type":"ListItem","position":5,"name":"Glasvase Eman 40cm"}]},{"@type":"WebSite","@id":"https:\/\/www.eliassen.nl\/de\/#website","url":"https:\/\/www.eliassen.nl\/de\/","name":"Eliassen Home & Garden Pleasure","description":"","publisher":{"@id":"https:\/\/www.eliassen.nl\/de\/#organization"},"alternateName":"Eliassen.nl","potentialAction":[{"@type":"SearchAction","target":{"@type":"EntryPoint","urlTemplate":"https:\/\/www.eliassen.nl\/de\/?s={search_term_string}"},"query-input":{"@type":"PropertyValueSpecification","valueRequired":true,"valueName":"search_term_string"}}],"inLanguage":"de"},{"@type":["Organization","Place"],"@id":"https:\/\/www.eliassen.nl\/de\/#organization","name":"Eliassen Home & Garden Pleasure","url":"https:\/\/www.eliassen.nl\/de\/","logo":{"@id":"https:\/\/www.eliassen.nl\/de\/glasvase-eman-40cm\/#local-main-organization-logo"},"image":{"@id":"https:\/\/www.eliassen.nl\/de\/glasvase-eman-40cm\/#local-main-organization-logo"},"sameAs":["https:\/\/www.facebook.com\/TuincentrumEliassenAmmerzoden","https:\/\/www.instagram.com\/eliassenhomeandgarden\/","https:\/\/nl.pinterest.com\/eliassenhomeandgarden\/","https:\/\/www.youtube.com\/@eliassenhomegardenpleasure4558"],"telephone":[],"openingHoursSpecification":[{"@type":"OpeningHoursSpecification","dayOfWeek":["Monday","Tuesday","Wednesday","Thursday","Friday","Saturday","Sunday"],"opens":"09:00","closes":"17:00"}]},{"@type":"ImageObject","inLanguage":"de","@id":"https:\/\/www.eliassen.nl\/de\/glasvase-eman-40cm\/#local-main-organization-logo","url":"https:\/\/www.eliassen.nl\/wp-content\/uploads\/2024\/01\/logo_4nd.jpg","contentUrl":"https:\/\/www.eliassen.nl\/wp-content\/uploads\/2024\/01\/logo_4nd.jpg","width":500,"height":500,"caption":"Eliassen Home & Garden Pleasure"}]},"product_price_amount":"89.00","product_price_currency":"EUR","og_availability":"instock","product_availability":"instock","product_retailer_item_id":"eg-212","product_condition":"new"},"df_price":89,"df_sale_price":"","df_regular_price":89,"df_image_link":"https:\/\/www.eliassen.nl\/wp-content\/uploads\/2025\/11\/Glasvaas-Eman-Eliassen.nl-eg-212-300x300.jpg","image":"https:\/\/www.eliassen.nl\/wp-content\/uploads\/2025\/11\/Glasvaas-Eman-Eliassen.nl-eg-212-150x150.jpg","price_search":"<span class=\"woocommerce-Price-amount amount\"><bdi><span class=\"woocommerce-Price-currencySymbol\">&euro;<\/span>&nbsp;89,00<\/bdi><\/span>","category":"Farbige Glasvasen","global_unique_id":"6096520357346","_links":{"self":[{"href":"https:\/\/www.eliassen.nl\/de\/wp-json\/wp\/v2\/product\/197559","targetHints":{"allow":["GET"]}}],"collection":[{"href":"https:\/\/www.eliassen.nl\/de\/wp-json\/wp\/v2\/product"}],"about":[{"href":"https:\/\/www.eliassen.nl\/de\/wp-json\/wp\/v2\/types\/product"}],"wp:featuredmedia":[{"embeddable":true,"href":"https:\/\/www.eliassen.nl\/de\/wp-json\/wp\/v2\/media\/196161"}],"wp:attachment":[{"href":"https:\/\/www.eliassen.nl\/de\/wp-json\/wp\/v2\/media?parent=197559"}],"wp:term":[{"taxonomy":"product_brand","embeddable":true,"href":"https:\/\/www.eliassen.nl\/de\/wp-json\/wp\/v2\/product_brand?post=197559"},{"taxonomy":"product_cat","embeddable":true,"href":"https:\/\/www.eliassen.nl\/de\/wp-json\/wp\/v2\/product_cat?post=197559"},{"taxonomy":"product_tag","embeddable":true,"href":"https:\/\/www.eliassen.nl\/de\/wp-json\/wp\/v2\/product_tag?post=197559"}],"curies":[{"name":"wp","href":"https:\/\/api.w.org\/{rel}","templated":true}]}}