{"id":197518,"date":"2025-11-14T14:39:38","date_gmt":"2025-11-14T13:39:38","guid":{"rendered":"https:\/\/www.eliassen.nl\/product\/gemaelde-leinwand-mit-rahmen-berge-modell-1-105x70cm\/"},"modified":"2026-01-07T13:47:16","modified_gmt":"2026-01-07T12:47:16","slug":"gemaelde-leinwand-mit-rahmen-berge-modell-1-105x70cm","status":"publish","type":"product","link":"https:\/\/www.eliassen.nl\/de\/gemaelde-leinwand-mit-rahmen-berge-modell-1-105x70cm\/","title":{"rendered":"Gem\u00e4lde Leinwand mit Rahmen Berge Modell 1 105x70cm"},"content":{"rendered":"<p>Sind Sie auf der Suche nach einem sch\u00f6nen Leinwandbild? Dann ist diese Serie von Wanddekorationen genau das Richtige f\u00fcr Sie. Dieses l\u00e4ngliche Gem\u00e4lde, das eine Landschaft mit Bergen in h\u00fcbschen Pastellfarben darstellt, ist ein echter Blickfang f\u00fcr Ihr Zuhause oder Ihr Gesch\u00e4ft.<\/p>\n<p>Die Leinwand wird durch einen h\u00fcbschen Rahmen abgerundet.<\/p>\n<p>Wir haben auch fast die gesamte Kollektion dieser Serie in unserem Gesch\u00e4ft, was in den Niederlanden einzigartig ist.<br \/>\nNirgendwo finden Sie eine so gro\u00dfe Sammlung. Sie sind herzlich willkommen.<\/p>\n<ul>\n<li>  Gr\u00f6\u00dfe 105x70cm<\/li>\n<li>  Dickes und robustes Segeltuch<\/li>\n<li>  Einfach mit 2 Schrauben aufzuh\u00e4ngen<\/li>\n<li> Schnelle Lieferung<\/li>\n<li><strong>  Die gr\u00f6\u00dfte Sammlung in den Benelux-L\u00e4ndern, die Sie auch live sehen k\u00f6nnen.<\/strong><\/li>\n<li>1 Jahr Garantie<\/li>\n<\/ul>\n","protected":false},"excerpt":{"rendered":"<p>\u2713 Leinwandbild mit Rahmen \u2713 Leicht aufzuh\u00e4ngen \u2713 Breites Modell<\/p>\n","protected":false},"featured_media":197274,"template":"","meta":{"_acf_changed":false,"_genesis_title":"","_genesis_description":""},"product_brand":[7505],"product_cat":[410,476],"product_tag":[],"class_list":{"0":"post-197518","1":"product","2":"type-product","3":"status-publish","4":"has-post-thumbnail","6":"product_brand-sonstige","7":"product_cat-gemaelde","8":"product_cat-gemaelde-auf-leinwand","10":"first","11":"instock","12":"taxable","13":"shipping-taxable","14":"purchasable","15":"product-type-simple"},"acf":[],"meta_all":{"total_sales":"0","cor_restricted_countries":[]},"meta_all_flat":{"total_sales":"0"},"yoast_head":"<!-- This site is optimized with the Yoast SEO Premium plugin v26.2 (Yoast SEO v27.2) - https:\/\/yoast.com\/product\/yoast-seo-premium-wordpress\/ -->\n<title>Sonstige Gem\u00e4lde Leinwand mit Rahmen Berge Modell 1 105x70cm - Eliassen.nl<\/title>\n<meta name=\"description\" content=\"Ein wundersch\u00f6nes gro\u00dfes Leinwandgem\u00e4lde mit einer Berglandschaft. Eine \u00e4u\u00dferst dekorative Wanddekoration. 105x70cm. Schnelle Lieferung.\" \/>\n<meta name=\"robots\" content=\"index, follow, max-snippet:-1, max-image-preview:large, max-video-preview:-1\" \/>\n<link rel=\"canonical\" href=\"https:\/\/www.eliassen.nl\/de\/gemaelde-leinwand-mit-rahmen-berge-modell-1-105x70cm\/\" \/>\n<meta property=\"og:locale\" content=\"de_DE\" \/>\n<meta property=\"og:type\" content=\"article\" \/>\n<meta property=\"og:title\" content=\"Sonstige Gem\u00e4lde Leinwand mit Rahmen Berge Modell 1 105x70cm - Eliassen.nl\" \/>\n<meta property=\"og:description\" content=\"Ein wundersch\u00f6nes gro\u00dfes Leinwandgem\u00e4lde mit einer Berglandschaft. Eine \u00e4u\u00dferst dekorative Wanddekoration. 105x70cm. Schnelle Lieferung.\" \/>\n<meta property=\"og:url\" content=\"https:\/\/www.eliassen.nl\/de\/gemaelde-leinwand-mit-rahmen-berge-modell-1-105x70cm\/\" \/>\n<meta property=\"og:site_name\" content=\"Eliassen.nl\" \/>\n<meta property=\"article:publisher\" content=\"https:\/\/www.facebook.com\/TuincentrumEliassenAmmerzoden\" \/>\n<meta property=\"article:modified_time\" content=\"2026-01-07T12:47:16+00:00\" \/>\n<meta property=\"og:image\" content=\"https:\/\/www.eliassen.nl\/wp-content\/uploads\/2025\/11\/Schilderij-Mountains-1-Eliasen.nl-fk9147.jpg\" \/>\n\t<meta property=\"og:image:width\" content=\"2067\" \/>\n\t<meta property=\"og:image:height\" content=\"1378\" \/>\n\t<meta property=\"og:image:type\" content=\"image\/jpeg\" \/>\n<meta name=\"twitter:card\" content=\"summary_large_image\" \/>\n<script type=\"application\/ld+json\" class=\"yoast-schema-graph\">{\"@context\":\"https:\/\/schema.org\",\"@graph\":[{\"@type\":\"WebPage\",\"@id\":\"https:\/\/www.eliassen.nl\/de\/gemaelde-leinwand-mit-rahmen-berge-modell-1-105x70cm\/\",\"url\":\"https:\/\/www.eliassen.nl\/de\/gemaelde-leinwand-mit-rahmen-berge-modell-1-105x70cm\/\",\"name\":\"Sonstige Gem\u00e4lde Leinwand mit Rahmen Berge Modell 1 105x70cm - Eliassen.nl\",\"isPartOf\":{\"@id\":\"https:\/\/www.eliassen.nl\/de\/#website\"},\"primaryImageOfPage\":{\"@id\":\"https:\/\/www.eliassen.nl\/de\/gemaelde-leinwand-mit-rahmen-berge-modell-1-105x70cm\/#primaryimage\"},\"image\":{\"@id\":\"https:\/\/www.eliassen.nl\/de\/gemaelde-leinwand-mit-rahmen-berge-modell-1-105x70cm\/#primaryimage\"},\"thumbnailUrl\":\"https:\/\/www.eliassen.nl\/wp-content\/uploads\/2025\/11\/Schilderij-Mountains-1-Eliasen.nl-fk9147.jpg\",\"datePublished\":\"2025-11-14T13:39:38+00:00\",\"dateModified\":\"2026-01-07T12:47:16+00:00\",\"description\":\"Ein wundersch\u00f6nes gro\u00dfes Leinwandgem\u00e4lde mit einer Berglandschaft. Eine \u00e4u\u00dferst dekorative Wanddekoration. 105x70cm. Schnelle Lieferung.\",\"breadcrumb\":{\"@id\":\"https:\/\/www.eliassen.nl\/de\/gemaelde-leinwand-mit-rahmen-berge-modell-1-105x70cm\/#breadcrumb\"},\"inLanguage\":\"de\",\"potentialAction\":[{\"@type\":\"ReadAction\",\"target\":[\"https:\/\/www.eliassen.nl\/de\/gemaelde-leinwand-mit-rahmen-berge-modell-1-105x70cm\/\"]}]},{\"@type\":\"ImageObject\",\"inLanguage\":\"de\",\"@id\":\"https:\/\/www.eliassen.nl\/de\/gemaelde-leinwand-mit-rahmen-berge-modell-1-105x70cm\/#primaryimage\",\"url\":\"https:\/\/www.eliassen.nl\/wp-content\/uploads\/2025\/11\/Schilderij-Mountains-1-Eliasen.nl-fk9147.jpg\",\"contentUrl\":\"https:\/\/www.eliassen.nl\/wp-content\/uploads\/2025\/11\/Schilderij-Mountains-1-Eliasen.nl-fk9147.jpg\",\"width\":2067,\"height\":1378},{\"@type\":\"BreadcrumbList\",\"@id\":\"https:\/\/www.eliassen.nl\/de\/gemaelde-leinwand-mit-rahmen-berge-modell-1-105x70cm\/#breadcrumb\",\"itemListElement\":[{\"@type\":\"ListItem\",\"position\":1,\"name\":\"Home\",\"item\":\"https:\/\/www.eliassen.nl\/de\/\"},{\"@type\":\"ListItem\",\"position\":2,\"name\":\"Shop\",\"item\":\"https:\/\/www.eliassen.nl\/de\/shop\/\"},{\"@type\":\"ListItem\",\"position\":3,\"name\":\"Gem\u00e4lde\",\"item\":\"https:\/\/www.eliassen.nl\/de\/gemaelde\/\"},{\"@type\":\"ListItem\",\"position\":4,\"name\":\"Gem\u00e4lde auf Leinwand\",\"item\":\"https:\/\/www.eliassen.nl\/de\/gemaelde\/gemaelde-auf-leinwand\/\"},{\"@type\":\"ListItem\",\"position\":5,\"name\":\"Gem\u00e4lde Leinwand mit Rahmen Berge Modell 1 105x70cm\"}]},{\"@type\":\"WebSite\",\"@id\":\"https:\/\/www.eliassen.nl\/de\/#website\",\"url\":\"https:\/\/www.eliassen.nl\/de\/\",\"name\":\"Eliassen Home & Garden Pleasure\",\"description\":\"\",\"publisher\":{\"@id\":\"https:\/\/www.eliassen.nl\/de\/#organization\"},\"alternateName\":\"Eliassen.nl\",\"potentialAction\":[{\"@type\":\"SearchAction\",\"target\":{\"@type\":\"EntryPoint\",\"urlTemplate\":\"https:\/\/www.eliassen.nl\/de\/?s={search_term_string}\"},\"query-input\":{\"@type\":\"PropertyValueSpecification\",\"valueRequired\":true,\"valueName\":\"search_term_string\"}}],\"inLanguage\":\"de\"},{\"@type\":[\"Organization\",\"Place\"],\"@id\":\"https:\/\/www.eliassen.nl\/de\/#organization\",\"name\":\"Eliassen Home & Garden Pleasure\",\"url\":\"https:\/\/www.eliassen.nl\/de\/\",\"logo\":{\"@id\":\"https:\/\/www.eliassen.nl\/de\/gemaelde-leinwand-mit-rahmen-berge-modell-1-105x70cm\/#local-main-organization-logo\"},\"image\":{\"@id\":\"https:\/\/www.eliassen.nl\/de\/gemaelde-leinwand-mit-rahmen-berge-modell-1-105x70cm\/#local-main-organization-logo\"},\"sameAs\":[\"https:\/\/www.facebook.com\/TuincentrumEliassenAmmerzoden\",\"https:\/\/www.instagram.com\/eliassenhomeandgarden\/\",\"https:\/\/nl.pinterest.com\/eliassenhomeandgarden\/\",\"https:\/\/www.youtube.com\/@eliassenhomegardenpleasure4558\"],\"telephone\":[],\"openingHoursSpecification\":[{\"@type\":\"OpeningHoursSpecification\",\"dayOfWeek\":[\"Monday\",\"Tuesday\",\"Wednesday\",\"Thursday\",\"Friday\",\"Saturday\",\"Sunday\"],\"opens\":\"09:00\",\"closes\":\"17:00\"}]},{\"@type\":\"ImageObject\",\"inLanguage\":\"de\",\"@id\":\"https:\/\/www.eliassen.nl\/de\/gemaelde-leinwand-mit-rahmen-berge-modell-1-105x70cm\/#local-main-organization-logo\",\"url\":\"https:\/\/www.eliassen.nl\/wp-content\/uploads\/2024\/01\/logo_4nd.jpg\",\"contentUrl\":\"https:\/\/www.eliassen.nl\/wp-content\/uploads\/2024\/01\/logo_4nd.jpg\",\"width\":500,\"height\":500,\"caption\":\"Eliassen Home & Garden Pleasure\"}]}<\/script>\n<meta property=\"product:price:amount\" content=\"149.00\" \/>\n<meta property=\"product:price:currency\" content=\"EUR\" \/>\n<meta property=\"og:availability\" content=\"instock\" \/>\n<meta property=\"product:availability\" content=\"instock\" \/>\n<meta property=\"product:retailer_item_id\" content=\"fk9147\" \/>\n<meta property=\"product:condition\" content=\"new\" \/>\n<!-- \/ Yoast SEO Premium plugin. -->","yoast_head_json":{"title":"Sonstige Gem\u00e4lde Leinwand mit Rahmen Berge Modell 1 105x70cm - Eliassen.nl","description":"Ein wundersch\u00f6nes gro\u00dfes Leinwandgem\u00e4lde mit einer Berglandschaft. Eine \u00e4u\u00dferst dekorative Wanddekoration. 105x70cm. Schnelle Lieferung.","robots":{"index":"index","follow":"follow","max-snippet":"max-snippet:-1","max-image-preview":"max-image-preview:large","max-video-preview":"max-video-preview:-1"},"canonical":"https:\/\/www.eliassen.nl\/de\/gemaelde-leinwand-mit-rahmen-berge-modell-1-105x70cm\/","og_locale":"de_DE","og_type":"article","og_title":"Sonstige Gem\u00e4lde Leinwand mit Rahmen Berge Modell 1 105x70cm - Eliassen.nl","og_description":"Ein wundersch\u00f6nes gro\u00dfes Leinwandgem\u00e4lde mit einer Berglandschaft. Eine \u00e4u\u00dferst dekorative Wanddekoration. 105x70cm. Schnelle Lieferung.","og_url":"https:\/\/www.eliassen.nl\/de\/gemaelde-leinwand-mit-rahmen-berge-modell-1-105x70cm\/","og_site_name":"Eliassen.nl","article_publisher":"https:\/\/www.facebook.com\/TuincentrumEliassenAmmerzoden","article_modified_time":"2026-01-07T12:47:16+00:00","og_image":[{"width":2067,"height":1378,"url":"https:\/\/www.eliassen.nl\/wp-content\/uploads\/2025\/11\/Schilderij-Mountains-1-Eliasen.nl-fk9147.jpg","type":"image\/jpeg"}],"twitter_card":"summary_large_image","schema":{"@context":"https:\/\/schema.org","@graph":[{"@type":"WebPage","@id":"https:\/\/www.eliassen.nl\/de\/gemaelde-leinwand-mit-rahmen-berge-modell-1-105x70cm\/","url":"https:\/\/www.eliassen.nl\/de\/gemaelde-leinwand-mit-rahmen-berge-modell-1-105x70cm\/","name":"Sonstige Gem\u00e4lde Leinwand mit Rahmen Berge Modell 1 105x70cm - Eliassen.nl","isPartOf":{"@id":"https:\/\/www.eliassen.nl\/de\/#website"},"primaryImageOfPage":{"@id":"https:\/\/www.eliassen.nl\/de\/gemaelde-leinwand-mit-rahmen-berge-modell-1-105x70cm\/#primaryimage"},"image":{"@id":"https:\/\/www.eliassen.nl\/de\/gemaelde-leinwand-mit-rahmen-berge-modell-1-105x70cm\/#primaryimage"},"thumbnailUrl":"https:\/\/www.eliassen.nl\/wp-content\/uploads\/2025\/11\/Schilderij-Mountains-1-Eliasen.nl-fk9147.jpg","datePublished":"2025-11-14T13:39:38+00:00","dateModified":"2026-01-07T12:47:16+00:00","description":"Ein wundersch\u00f6nes gro\u00dfes Leinwandgem\u00e4lde mit einer Berglandschaft. Eine \u00e4u\u00dferst dekorative Wanddekoration. 105x70cm. Schnelle Lieferung.","breadcrumb":{"@id":"https:\/\/www.eliassen.nl\/de\/gemaelde-leinwand-mit-rahmen-berge-modell-1-105x70cm\/#breadcrumb"},"inLanguage":"de","potentialAction":[{"@type":"ReadAction","target":["https:\/\/www.eliassen.nl\/de\/gemaelde-leinwand-mit-rahmen-berge-modell-1-105x70cm\/"]}]},{"@type":"ImageObject","inLanguage":"de","@id":"https:\/\/www.eliassen.nl\/de\/gemaelde-leinwand-mit-rahmen-berge-modell-1-105x70cm\/#primaryimage","url":"https:\/\/www.eliassen.nl\/wp-content\/uploads\/2025\/11\/Schilderij-Mountains-1-Eliasen.nl-fk9147.jpg","contentUrl":"https:\/\/www.eliassen.nl\/wp-content\/uploads\/2025\/11\/Schilderij-Mountains-1-Eliasen.nl-fk9147.jpg","width":2067,"height":1378},{"@type":"BreadcrumbList","@id":"https:\/\/www.eliassen.nl\/de\/gemaelde-leinwand-mit-rahmen-berge-modell-1-105x70cm\/#breadcrumb","itemListElement":[{"@type":"ListItem","position":1,"name":"Home","item":"https:\/\/www.eliassen.nl\/de\/"},{"@type":"ListItem","position":2,"name":"Shop","item":"https:\/\/www.eliassen.nl\/de\/shop\/"},{"@type":"ListItem","position":3,"name":"Gem\u00e4lde","item":"https:\/\/www.eliassen.nl\/de\/gemaelde\/"},{"@type":"ListItem","position":4,"name":"Gem\u00e4lde auf Leinwand","item":"https:\/\/www.eliassen.nl\/de\/gemaelde\/gemaelde-auf-leinwand\/"},{"@type":"ListItem","position":5,"name":"Gem\u00e4lde Leinwand mit Rahmen Berge Modell 1 105x70cm"}]},{"@type":"WebSite","@id":"https:\/\/www.eliassen.nl\/de\/#website","url":"https:\/\/www.eliassen.nl\/de\/","name":"Eliassen Home & Garden Pleasure","description":"","publisher":{"@id":"https:\/\/www.eliassen.nl\/de\/#organization"},"alternateName":"Eliassen.nl","potentialAction":[{"@type":"SearchAction","target":{"@type":"EntryPoint","urlTemplate":"https:\/\/www.eliassen.nl\/de\/?s={search_term_string}"},"query-input":{"@type":"PropertyValueSpecification","valueRequired":true,"valueName":"search_term_string"}}],"inLanguage":"de"},{"@type":["Organization","Place"],"@id":"https:\/\/www.eliassen.nl\/de\/#organization","name":"Eliassen Home & Garden Pleasure","url":"https:\/\/www.eliassen.nl\/de\/","logo":{"@id":"https:\/\/www.eliassen.nl\/de\/gemaelde-leinwand-mit-rahmen-berge-modell-1-105x70cm\/#local-main-organization-logo"},"image":{"@id":"https:\/\/www.eliassen.nl\/de\/gemaelde-leinwand-mit-rahmen-berge-modell-1-105x70cm\/#local-main-organization-logo"},"sameAs":["https:\/\/www.facebook.com\/TuincentrumEliassenAmmerzoden","https:\/\/www.instagram.com\/eliassenhomeandgarden\/","https:\/\/nl.pinterest.com\/eliassenhomeandgarden\/","https:\/\/www.youtube.com\/@eliassenhomegardenpleasure4558"],"telephone":[],"openingHoursSpecification":[{"@type":"OpeningHoursSpecification","dayOfWeek":["Monday","Tuesday","Wednesday","Thursday","Friday","Saturday","Sunday"],"opens":"09:00","closes":"17:00"}]},{"@type":"ImageObject","inLanguage":"de","@id":"https:\/\/www.eliassen.nl\/de\/gemaelde-leinwand-mit-rahmen-berge-modell-1-105x70cm\/#local-main-organization-logo","url":"https:\/\/www.eliassen.nl\/wp-content\/uploads\/2024\/01\/logo_4nd.jpg","contentUrl":"https:\/\/www.eliassen.nl\/wp-content\/uploads\/2024\/01\/logo_4nd.jpg","width":500,"height":500,"caption":"Eliassen Home & Garden Pleasure"}]},"product_price_amount":"149.00","product_price_currency":"EUR","og_availability":"instock","product_availability":"instock","product_retailer_item_id":"fk9147","product_condition":"new"},"df_price":149,"df_sale_price":"","df_regular_price":149,"df_image_link":"https:\/\/www.eliassen.nl\/wp-content\/uploads\/2025\/11\/Schilderij-Mountains-1-Eliasen.nl-fk9147-300x200.jpg","image":"https:\/\/www.eliassen.nl\/wp-content\/uploads\/2025\/11\/Schilderij-Mountains-1-Eliasen.nl-fk9147-150x150.jpg","price_search":"<span class=\"woocommerce-Price-amount amount\"><bdi><span class=\"woocommerce-Price-currencySymbol\">&euro;<\/span>&nbsp;149,00<\/bdi><\/span>","category":"Gem\u00e4lde","global_unique_id":"8719097137057","_links":{"self":[{"href":"https:\/\/www.eliassen.nl\/de\/wp-json\/wp\/v2\/product\/197518","targetHints":{"allow":["GET"]}}],"collection":[{"href":"https:\/\/www.eliassen.nl\/de\/wp-json\/wp\/v2\/product"}],"about":[{"href":"https:\/\/www.eliassen.nl\/de\/wp-json\/wp\/v2\/types\/product"}],"wp:featuredmedia":[{"embeddable":true,"href":"https:\/\/www.eliassen.nl\/de\/wp-json\/wp\/v2\/media\/197274"}],"wp:attachment":[{"href":"https:\/\/www.eliassen.nl\/de\/wp-json\/wp\/v2\/media?parent=197518"}],"wp:term":[{"taxonomy":"product_brand","embeddable":true,"href":"https:\/\/www.eliassen.nl\/de\/wp-json\/wp\/v2\/product_brand?post=197518"},{"taxonomy":"product_cat","embeddable":true,"href":"https:\/\/www.eliassen.nl\/de\/wp-json\/wp\/v2\/product_cat?post=197518"},{"taxonomy":"product_tag","embeddable":true,"href":"https:\/\/www.eliassen.nl\/de\/wp-json\/wp\/v2\/product_tag?post=197518"}],"curies":[{"name":"wp","href":"https:\/\/api.w.org\/{rel}","templated":true}]}}