{"id":197490,"date":"2025-11-14T13:50:15","date_gmt":"2025-11-14T12:50:15","guid":{"rendered":"https:\/\/www.eliassen.nl\/product\/oelfass-wanddekoration-baum-des-lebens-mit-herz-58cm\/"},"modified":"2025-11-14T13:50:15","modified_gmt":"2025-11-14T12:50:15","slug":"oelfass-wanddekoration-baum-des-lebens-mit-herz-58cm","status":"publish","type":"product","link":"https:\/\/www.eliassen.nl\/de\/oelfass-wanddekoration-baum-des-lebens-mit-herz-58cm\/","title":{"rendered":"\u00d6lfass Wanddekoration Baum des Lebens mit Herz 58cm"},"content":{"rendered":"<p>Dieses St\u00fcck Wanddekoration ist eine Augenweide. Dieses Modell eines Lebensbaums mit Herz wird in Haiti von den so genannten Bosmetal-Arbeitern aus der Spitze eines \u00d6lfasses hergestellt, mit dem sie tagelang arbeiten, um dieses Produkt herzustellen. Schneiden, Ausbeulen oder Abflachen mit dem Hammer, Arbeiten mit D\u00fcbeln und Streichen. Wenn man sich den Artikel genau ansieht, ist man erstaunt, wie viel Arbeit darin stecken muss. Wenn Sie diesen Artikel bestellen, unterst\u00fctzen Sie die Weltladen-Organisation Our Market und helfen diesen Menschen im armen Haiti.<\/p>\n<ul>\n<li>Gr\u00f6\u00dfe: 60cm Durchmesser<\/li>\n<li>Material: Metall aus einem \u00d6lfass<\/li>\n<li>Farbe: braun blau<\/li>\n<li>Kann auch drau\u00dfen unter einer Abdeckung aufgestellt werden<\/li>\n<li>Messeprodukt<\/li>\n<li>Artikel kann vom Foto abweichen<\/li>\n<\/ul>\n","protected":false},"excerpt":{"rendered":"<p>\u2713 Einzigartiges St\u00fcck handgefertigter Wanddekoration \u2713 Fair gehandeltes Produkt<\/p>\n","protected":false},"featured_media":197088,"template":"","meta":{"_acf_changed":false,"_genesis_title":"","_genesis_description":""},"product_brand":[6954],"product_cat":[509,7056],"product_tag":[],"class_list":{"0":"post-197490","1":"product","2":"type-product","3":"status-publish","4":"has-post-thumbnail","6":"product_brand-our-market-de","7":"product_cat-wanddekoration","8":"product_cat-wanddekorationen-aus-haiti","10":"first","11":"instock","12":"taxable","13":"shipping-taxable","14":"purchasable","15":"product-type-simple"},"acf":[],"meta_all":{"total_sales":"1"},"meta_all_flat":{"total_sales":"1"},"yoast_head":"<!-- This site is optimized with the Yoast SEO Premium plugin v26.2 (Yoast SEO v27.2) - https:\/\/yoast.com\/product\/yoast-seo-premium-wordpress\/ -->\n<title>Our market \u00d6lfass Wanddekoration Baum des Lebens mit Herz 58cm - Eliassen.nl<\/title>\n<meta name=\"description\" content=\"Eine sch\u00f6ne Wanddekoration, die in Haiti aus gebrauchten \u00d6lf\u00e4ssern hergestellt wurde. Fair gehandeltes Produkt. Mehrere Modelle im Gesch\u00e4ft und online. Schnelle Lieferung.\" \/>\n<meta name=\"robots\" content=\"index, follow, max-snippet:-1, max-image-preview:large, max-video-preview:-1\" \/>\n<link rel=\"canonical\" href=\"https:\/\/www.eliassen.nl\/de\/oelfass-wanddekoration-baum-des-lebens-mit-herz-58cm\/\" \/>\n<meta property=\"og:locale\" content=\"de_DE\" \/>\n<meta property=\"og:type\" content=\"article\" \/>\n<meta property=\"og:title\" content=\"Our market \u00d6lfass Wanddekoration Baum des Lebens mit Herz 58cm - Eliassen.nl\" \/>\n<meta property=\"og:description\" content=\"Eine sch\u00f6ne Wanddekoration, die in Haiti aus gebrauchten \u00d6lf\u00e4ssern hergestellt wurde. Fair gehandeltes Produkt. Mehrere Modelle im Gesch\u00e4ft und online. Schnelle Lieferung.\" \/>\n<meta property=\"og:url\" content=\"https:\/\/www.eliassen.nl\/de\/oelfass-wanddekoration-baum-des-lebens-mit-herz-58cm\/\" \/>\n<meta property=\"og:site_name\" content=\"Eliassen.nl\" \/>\n<meta property=\"article:publisher\" content=\"https:\/\/www.facebook.com\/TuincentrumEliassenAmmerzoden\" \/>\n<meta property=\"og:image\" content=\"https:\/\/www.eliassen.nl\/wp-content\/uploads\/2025\/11\/Wandecoratie-van-oliedrum-Levensboom-met-hart-Eliassen.nl_.jpeg\" \/>\n\t<meta property=\"og:image:width\" content=\"2160\" \/>\n\t<meta property=\"og:image:height\" content=\"2494\" \/>\n\t<meta property=\"og:image:type\" content=\"image\/jpeg\" \/>\n<meta name=\"twitter:card\" content=\"summary_large_image\" \/>\n<script type=\"application\/ld+json\" class=\"yoast-schema-graph\">{\"@context\":\"https:\/\/schema.org\",\"@graph\":[{\"@type\":\"WebPage\",\"@id\":\"https:\/\/www.eliassen.nl\/de\/oelfass-wanddekoration-baum-des-lebens-mit-herz-58cm\/\",\"url\":\"https:\/\/www.eliassen.nl\/de\/oelfass-wanddekoration-baum-des-lebens-mit-herz-58cm\/\",\"name\":\"Our market \u00d6lfass Wanddekoration Baum des Lebens mit Herz 58cm - Eliassen.nl\",\"isPartOf\":{\"@id\":\"https:\/\/www.eliassen.nl\/de\/#website\"},\"primaryImageOfPage\":{\"@id\":\"https:\/\/www.eliassen.nl\/de\/oelfass-wanddekoration-baum-des-lebens-mit-herz-58cm\/#primaryimage\"},\"image\":{\"@id\":\"https:\/\/www.eliassen.nl\/de\/oelfass-wanddekoration-baum-des-lebens-mit-herz-58cm\/#primaryimage\"},\"thumbnailUrl\":\"https:\/\/www.eliassen.nl\/wp-content\/uploads\/2025\/11\/Wandecoratie-van-oliedrum-Levensboom-met-hart-Eliassen.nl_.jpeg\",\"datePublished\":\"2025-11-14T12:50:15+00:00\",\"description\":\"Eine sch\u00f6ne Wanddekoration, die in Haiti aus gebrauchten \u00d6lf\u00e4ssern hergestellt wurde. Fair gehandeltes Produkt. Mehrere Modelle im Gesch\u00e4ft und online. Schnelle Lieferung.\",\"breadcrumb\":{\"@id\":\"https:\/\/www.eliassen.nl\/de\/oelfass-wanddekoration-baum-des-lebens-mit-herz-58cm\/#breadcrumb\"},\"inLanguage\":\"de\",\"potentialAction\":[{\"@type\":\"ReadAction\",\"target\":[\"https:\/\/www.eliassen.nl\/de\/oelfass-wanddekoration-baum-des-lebens-mit-herz-58cm\/\"]}]},{\"@type\":\"ImageObject\",\"inLanguage\":\"de\",\"@id\":\"https:\/\/www.eliassen.nl\/de\/oelfass-wanddekoration-baum-des-lebens-mit-herz-58cm\/#primaryimage\",\"url\":\"https:\/\/www.eliassen.nl\/wp-content\/uploads\/2025\/11\/Wandecoratie-van-oliedrum-Levensboom-met-hart-Eliassen.nl_.jpeg\",\"contentUrl\":\"https:\/\/www.eliassen.nl\/wp-content\/uploads\/2025\/11\/Wandecoratie-van-oliedrum-Levensboom-met-hart-Eliassen.nl_.jpeg\",\"width\":2160,\"height\":2494},{\"@type\":\"BreadcrumbList\",\"@id\":\"https:\/\/www.eliassen.nl\/de\/oelfass-wanddekoration-baum-des-lebens-mit-herz-58cm\/#breadcrumb\",\"itemListElement\":[{\"@type\":\"ListItem\",\"position\":1,\"name\":\"Home\",\"item\":\"https:\/\/www.eliassen.nl\/de\/\"},{\"@type\":\"ListItem\",\"position\":2,\"name\":\"Shop\",\"item\":\"https:\/\/www.eliassen.nl\/de\/shop\/\"},{\"@type\":\"ListItem\",\"position\":3,\"name\":\"Wanddekoration\",\"item\":\"https:\/\/www.eliassen.nl\/de\/wanddekoration\/\"},{\"@type\":\"ListItem\",\"position\":4,\"name\":\"Wanddekorationen aus Haiti\",\"item\":\"https:\/\/www.eliassen.nl\/de\/wanddekoration\/wanddekorationen-aus-haiti\/\"},{\"@type\":\"ListItem\",\"position\":5,\"name\":\"\u00d6lfass Wanddekoration Baum des Lebens mit Herz 58cm\"}]},{\"@type\":\"WebSite\",\"@id\":\"https:\/\/www.eliassen.nl\/de\/#website\",\"url\":\"https:\/\/www.eliassen.nl\/de\/\",\"name\":\"Eliassen Home & Garden Pleasure\",\"description\":\"\",\"publisher\":{\"@id\":\"https:\/\/www.eliassen.nl\/de\/#organization\"},\"alternateName\":\"Eliassen.nl\",\"potentialAction\":[{\"@type\":\"SearchAction\",\"target\":{\"@type\":\"EntryPoint\",\"urlTemplate\":\"https:\/\/www.eliassen.nl\/de\/?s={search_term_string}\"},\"query-input\":{\"@type\":\"PropertyValueSpecification\",\"valueRequired\":true,\"valueName\":\"search_term_string\"}}],\"inLanguage\":\"de\"},{\"@type\":[\"Organization\",\"Place\"],\"@id\":\"https:\/\/www.eliassen.nl\/de\/#organization\",\"name\":\"Eliassen Home & Garden Pleasure\",\"url\":\"https:\/\/www.eliassen.nl\/de\/\",\"logo\":{\"@id\":\"https:\/\/www.eliassen.nl\/de\/oelfass-wanddekoration-baum-des-lebens-mit-herz-58cm\/#local-main-organization-logo\"},\"image\":{\"@id\":\"https:\/\/www.eliassen.nl\/de\/oelfass-wanddekoration-baum-des-lebens-mit-herz-58cm\/#local-main-organization-logo\"},\"sameAs\":[\"https:\/\/www.facebook.com\/TuincentrumEliassenAmmerzoden\",\"https:\/\/www.instagram.com\/eliassenhomeandgarden\/\",\"https:\/\/nl.pinterest.com\/eliassenhomeandgarden\/\",\"https:\/\/www.youtube.com\/@eliassenhomegardenpleasure4558\"],\"telephone\":[],\"openingHoursSpecification\":[{\"@type\":\"OpeningHoursSpecification\",\"dayOfWeek\":[\"Monday\",\"Tuesday\",\"Wednesday\",\"Thursday\",\"Friday\",\"Saturday\",\"Sunday\"],\"opens\":\"09:00\",\"closes\":\"17:00\"}]},{\"@type\":\"ImageObject\",\"inLanguage\":\"de\",\"@id\":\"https:\/\/www.eliassen.nl\/de\/oelfass-wanddekoration-baum-des-lebens-mit-herz-58cm\/#local-main-organization-logo\",\"url\":\"https:\/\/www.eliassen.nl\/wp-content\/uploads\/2024\/01\/logo_4nd.jpg\",\"contentUrl\":\"https:\/\/www.eliassen.nl\/wp-content\/uploads\/2024\/01\/logo_4nd.jpg\",\"width\":500,\"height\":500,\"caption\":\"Eliassen Home & Garden Pleasure\"}]}<\/script>\n<meta property=\"product:price:amount\" content=\"95.00\" \/>\n<meta property=\"product:price:currency\" content=\"EUR\" \/>\n<meta property=\"og:availability\" content=\"instock\" \/>\n<meta property=\"product:availability\" content=\"instock\" \/>\n<meta property=\"product:retailer_item_id\" content=\"HA95\" \/>\n<meta property=\"product:condition\" content=\"new\" \/>\n<!-- \/ Yoast SEO Premium plugin. -->","yoast_head_json":{"title":"Our market \u00d6lfass Wanddekoration Baum des Lebens mit Herz 58cm - Eliassen.nl","description":"Eine sch\u00f6ne Wanddekoration, die in Haiti aus gebrauchten \u00d6lf\u00e4ssern hergestellt wurde. Fair gehandeltes Produkt. Mehrere Modelle im Gesch\u00e4ft und online. Schnelle Lieferung.","robots":{"index":"index","follow":"follow","max-snippet":"max-snippet:-1","max-image-preview":"max-image-preview:large","max-video-preview":"max-video-preview:-1"},"canonical":"https:\/\/www.eliassen.nl\/de\/oelfass-wanddekoration-baum-des-lebens-mit-herz-58cm\/","og_locale":"de_DE","og_type":"article","og_title":"Our market \u00d6lfass Wanddekoration Baum des Lebens mit Herz 58cm - Eliassen.nl","og_description":"Eine sch\u00f6ne Wanddekoration, die in Haiti aus gebrauchten \u00d6lf\u00e4ssern hergestellt wurde. Fair gehandeltes Produkt. Mehrere Modelle im Gesch\u00e4ft und online. Schnelle Lieferung.","og_url":"https:\/\/www.eliassen.nl\/de\/oelfass-wanddekoration-baum-des-lebens-mit-herz-58cm\/","og_site_name":"Eliassen.nl","article_publisher":"https:\/\/www.facebook.com\/TuincentrumEliassenAmmerzoden","og_image":[{"width":2160,"height":2494,"url":"https:\/\/www.eliassen.nl\/wp-content\/uploads\/2025\/11\/Wandecoratie-van-oliedrum-Levensboom-met-hart-Eliassen.nl_.jpeg","type":"image\/jpeg"}],"twitter_card":"summary_large_image","schema":{"@context":"https:\/\/schema.org","@graph":[{"@type":"WebPage","@id":"https:\/\/www.eliassen.nl\/de\/oelfass-wanddekoration-baum-des-lebens-mit-herz-58cm\/","url":"https:\/\/www.eliassen.nl\/de\/oelfass-wanddekoration-baum-des-lebens-mit-herz-58cm\/","name":"Our market \u00d6lfass Wanddekoration Baum des Lebens mit Herz 58cm - Eliassen.nl","isPartOf":{"@id":"https:\/\/www.eliassen.nl\/de\/#website"},"primaryImageOfPage":{"@id":"https:\/\/www.eliassen.nl\/de\/oelfass-wanddekoration-baum-des-lebens-mit-herz-58cm\/#primaryimage"},"image":{"@id":"https:\/\/www.eliassen.nl\/de\/oelfass-wanddekoration-baum-des-lebens-mit-herz-58cm\/#primaryimage"},"thumbnailUrl":"https:\/\/www.eliassen.nl\/wp-content\/uploads\/2025\/11\/Wandecoratie-van-oliedrum-Levensboom-met-hart-Eliassen.nl_.jpeg","datePublished":"2025-11-14T12:50:15+00:00","description":"Eine sch\u00f6ne Wanddekoration, die in Haiti aus gebrauchten \u00d6lf\u00e4ssern hergestellt wurde. Fair gehandeltes Produkt. Mehrere Modelle im Gesch\u00e4ft und online. Schnelle Lieferung.","breadcrumb":{"@id":"https:\/\/www.eliassen.nl\/de\/oelfass-wanddekoration-baum-des-lebens-mit-herz-58cm\/#breadcrumb"},"inLanguage":"de","potentialAction":[{"@type":"ReadAction","target":["https:\/\/www.eliassen.nl\/de\/oelfass-wanddekoration-baum-des-lebens-mit-herz-58cm\/"]}]},{"@type":"ImageObject","inLanguage":"de","@id":"https:\/\/www.eliassen.nl\/de\/oelfass-wanddekoration-baum-des-lebens-mit-herz-58cm\/#primaryimage","url":"https:\/\/www.eliassen.nl\/wp-content\/uploads\/2025\/11\/Wandecoratie-van-oliedrum-Levensboom-met-hart-Eliassen.nl_.jpeg","contentUrl":"https:\/\/www.eliassen.nl\/wp-content\/uploads\/2025\/11\/Wandecoratie-van-oliedrum-Levensboom-met-hart-Eliassen.nl_.jpeg","width":2160,"height":2494},{"@type":"BreadcrumbList","@id":"https:\/\/www.eliassen.nl\/de\/oelfass-wanddekoration-baum-des-lebens-mit-herz-58cm\/#breadcrumb","itemListElement":[{"@type":"ListItem","position":1,"name":"Home","item":"https:\/\/www.eliassen.nl\/de\/"},{"@type":"ListItem","position":2,"name":"Shop","item":"https:\/\/www.eliassen.nl\/de\/shop\/"},{"@type":"ListItem","position":3,"name":"Wanddekoration","item":"https:\/\/www.eliassen.nl\/de\/wanddekoration\/"},{"@type":"ListItem","position":4,"name":"Wanddekorationen aus Haiti","item":"https:\/\/www.eliassen.nl\/de\/wanddekoration\/wanddekorationen-aus-haiti\/"},{"@type":"ListItem","position":5,"name":"\u00d6lfass Wanddekoration Baum des Lebens mit Herz 58cm"}]},{"@type":"WebSite","@id":"https:\/\/www.eliassen.nl\/de\/#website","url":"https:\/\/www.eliassen.nl\/de\/","name":"Eliassen Home & Garden Pleasure","description":"","publisher":{"@id":"https:\/\/www.eliassen.nl\/de\/#organization"},"alternateName":"Eliassen.nl","potentialAction":[{"@type":"SearchAction","target":{"@type":"EntryPoint","urlTemplate":"https:\/\/www.eliassen.nl\/de\/?s={search_term_string}"},"query-input":{"@type":"PropertyValueSpecification","valueRequired":true,"valueName":"search_term_string"}}],"inLanguage":"de"},{"@type":["Organization","Place"],"@id":"https:\/\/www.eliassen.nl\/de\/#organization","name":"Eliassen Home & Garden Pleasure","url":"https:\/\/www.eliassen.nl\/de\/","logo":{"@id":"https:\/\/www.eliassen.nl\/de\/oelfass-wanddekoration-baum-des-lebens-mit-herz-58cm\/#local-main-organization-logo"},"image":{"@id":"https:\/\/www.eliassen.nl\/de\/oelfass-wanddekoration-baum-des-lebens-mit-herz-58cm\/#local-main-organization-logo"},"sameAs":["https:\/\/www.facebook.com\/TuincentrumEliassenAmmerzoden","https:\/\/www.instagram.com\/eliassenhomeandgarden\/","https:\/\/nl.pinterest.com\/eliassenhomeandgarden\/","https:\/\/www.youtube.com\/@eliassenhomegardenpleasure4558"],"telephone":[],"openingHoursSpecification":[{"@type":"OpeningHoursSpecification","dayOfWeek":["Monday","Tuesday","Wednesday","Thursday","Friday","Saturday","Sunday"],"opens":"09:00","closes":"17:00"}]},{"@type":"ImageObject","inLanguage":"de","@id":"https:\/\/www.eliassen.nl\/de\/oelfass-wanddekoration-baum-des-lebens-mit-herz-58cm\/#local-main-organization-logo","url":"https:\/\/www.eliassen.nl\/wp-content\/uploads\/2024\/01\/logo_4nd.jpg","contentUrl":"https:\/\/www.eliassen.nl\/wp-content\/uploads\/2024\/01\/logo_4nd.jpg","width":500,"height":500,"caption":"Eliassen Home & Garden Pleasure"}]},"product_price_amount":"95.00","product_price_currency":"EUR","og_availability":"instock","product_availability":"instock","product_retailer_item_id":"HA95","product_condition":"new"},"df_price":95,"df_sale_price":"","df_regular_price":95,"df_image_link":"https:\/\/www.eliassen.nl\/wp-content\/uploads\/2025\/11\/Wandecoratie-van-oliedrum-Levensboom-met-hart-Eliassen.nl_-260x300.jpeg","image":"https:\/\/www.eliassen.nl\/wp-content\/uploads\/2025\/11\/Wandecoratie-van-oliedrum-Levensboom-met-hart-Eliassen.nl_-150x150.jpeg","price_search":"<span class=\"woocommerce-Price-amount amount\"><bdi><span class=\"woocommerce-Price-currencySymbol\">&euro;<\/span>&nbsp;95,00<\/bdi><\/span>","category":"Wanddekoration","global_unique_id":"6096517080066","_links":{"self":[{"href":"https:\/\/www.eliassen.nl\/de\/wp-json\/wp\/v2\/product\/197490","targetHints":{"allow":["GET"]}}],"collection":[{"href":"https:\/\/www.eliassen.nl\/de\/wp-json\/wp\/v2\/product"}],"about":[{"href":"https:\/\/www.eliassen.nl\/de\/wp-json\/wp\/v2\/types\/product"}],"wp:featuredmedia":[{"embeddable":true,"href":"https:\/\/www.eliassen.nl\/de\/wp-json\/wp\/v2\/media\/197088"}],"wp:attachment":[{"href":"https:\/\/www.eliassen.nl\/de\/wp-json\/wp\/v2\/media?parent=197490"}],"wp:term":[{"taxonomy":"product_brand","embeddable":true,"href":"https:\/\/www.eliassen.nl\/de\/wp-json\/wp\/v2\/product_brand?post=197490"},{"taxonomy":"product_cat","embeddable":true,"href":"https:\/\/www.eliassen.nl\/de\/wp-json\/wp\/v2\/product_cat?post=197490"},{"taxonomy":"product_tag","embeddable":true,"href":"https:\/\/www.eliassen.nl\/de\/wp-json\/wp\/v2\/product_tag?post=197490"}],"curies":[{"name":"wp","href":"https:\/\/api.w.org\/{rel}","templated":true}]}}