{"id":197391,"date":"2025-11-07T11:44:18","date_gmt":"2025-11-07T10:44:18","guid":{"rendered":"https:\/\/www.eliassen.nl\/product\/wanddekoration-treibholz-reihe-mit-haeusern-90cm\/"},"modified":"2025-12-11T11:04:12","modified_gmt":"2025-12-11T10:04:12","slug":"wanddekoration-treibholz-reihe-mit-haeusern-90cm","status":"publish","type":"product","link":"https:\/\/www.eliassen.nl\/de\/wanddekoration-treibholz-reihe-mit-haeusern-90cm\/","title":{"rendered":"Wanddekoration Treibholz Reihe mit H\u00e4usern 90cm"},"content":{"rendered":"<p>Wundersch\u00f6nes Wandpaneel aus massivem Suar-Holz, handgefertigt. Auf dem Bild sehen Sie eine sch\u00f6ne Reihe von H\u00e4usern in verschiedenen Farben. Viele Stunden Schnitzarbeit stecken in dieser Holztafel. Alles, was Sie sehen, jede Farbe und jedes Regal, alles ist von Menschenhand gemacht.<\/p>\n<ul>\n<li>Gr\u00f6\u00dfe: 90cm breit<\/li>\n<li>Material: massives farbiges Suar-Holz<\/li>\n<li>Ausgenommen<\/li>\n<li>Original Schnitzereien<\/li>\n<li>Einfach an N\u00e4geln aufh\u00e4ngen<\/li>\n<li>Eigene Aktie<\/li>\n<li>Das Aufh\u00e4ngen im Freien ist erlaubt, aber das Holz wird grau und es k\u00f6nnen Risse entstehen.<\/li>\n<\/ul>\n<p>&nbsp;<\/p>\n","protected":false},"excerpt":{"rendered":"<p><strong>Verwendung im Freien unter Schutz nach Behandlung mit Klarlack m\u00f6glich.<\/strong><\/p>\n","protected":false},"featured_media":196402,"template":"","meta":{"_acf_changed":false,"_genesis_title":"","_genesis_description":""},"product_brand":[7505],"product_cat":[512,509,527],"product_tag":[],"class_list":{"0":"post-197391","1":"product","2":"type-product","3":"status-publish","4":"has-post-thumbnail","6":"product_brand-sonstige","7":"product_cat-3d-wanddekoration-ohne-rahmen","8":"product_cat-wanddekoration","9":"product_cat-wandpaneele-aus-holz","11":"first","12":"instock","13":"taxable","14":"shipping-taxable","15":"purchasable","16":"product-type-simple"},"acf":[],"meta_all":{"total_sales":"1","cor_restricted_countries":[]},"meta_all_flat":{"total_sales":"1"},"yoast_head":"<!-- This site is optimized with the Yoast SEO Premium plugin v26.2 (Yoast SEO v27.2) - https:\/\/yoast.com\/product\/yoast-seo-premium-wordpress\/ -->\n<title>Sonstige Wanddekoration Treibholz Reihe mit H\u00e4usern 90cm - Eliassen.nl<\/title>\n<meta name=\"description\" content=\"Sehr dekorative Wandtafel aus Holz, die eine Reihe von H\u00e4usern zeigt. Einzigartig aus Holz geschnitzt und ein Unikat. Live ansehen oder online bestellen.\" \/>\n<meta name=\"robots\" content=\"index, follow, max-snippet:-1, max-image-preview:large, max-video-preview:-1\" \/>\n<link rel=\"canonical\" href=\"https:\/\/www.eliassen.nl\/de\/wanddekoration-treibholz-reihe-mit-haeusern-90cm\/\" \/>\n<meta property=\"og:locale\" content=\"de_DE\" \/>\n<meta property=\"og:type\" content=\"article\" \/>\n<meta property=\"og:title\" content=\"Sonstige Wanddekoration Treibholz Reihe mit H\u00e4usern 90cm - Eliassen.nl\" \/>\n<meta property=\"og:description\" content=\"Sehr dekorative Wandtafel aus Holz, die eine Reihe von H\u00e4usern zeigt. Einzigartig aus Holz geschnitzt und ein Unikat. Live ansehen oder online bestellen.\" \/>\n<meta property=\"og:url\" content=\"https:\/\/www.eliassen.nl\/de\/wanddekoration-treibholz-reihe-mit-haeusern-90cm\/\" \/>\n<meta property=\"og:site_name\" content=\"Eliassen.nl\" \/>\n<meta property=\"article:publisher\" content=\"https:\/\/www.facebook.com\/TuincentrumEliassenAmmerzoden\" \/>\n<meta property=\"article:modified_time\" content=\"2025-12-11T10:04:12+00:00\" \/>\n<meta property=\"og:image\" content=\"https:\/\/www.eliassen.nl\/wp-content\/uploads\/2025\/11\/Muurdecoratie-drijfhout-Rij-met-Huisjes-90cm-eliassen.nl_.jpeg\" \/>\n\t<meta property=\"og:image:width\" content=\"1600\" \/>\n\t<meta property=\"og:image:height\" content=\"1200\" \/>\n\t<meta property=\"og:image:type\" content=\"image\/jpeg\" \/>\n<meta name=\"twitter:card\" content=\"summary_large_image\" \/>\n<script type=\"application\/ld+json\" class=\"yoast-schema-graph\">{\"@context\":\"https:\/\/schema.org\",\"@graph\":[{\"@type\":\"WebPage\",\"@id\":\"https:\/\/www.eliassen.nl\/de\/wanddekoration-treibholz-reihe-mit-haeusern-90cm\/\",\"url\":\"https:\/\/www.eliassen.nl\/de\/wanddekoration-treibholz-reihe-mit-haeusern-90cm\/\",\"name\":\"Sonstige Wanddekoration Treibholz Reihe mit H\u00e4usern 90cm - Eliassen.nl\",\"isPartOf\":{\"@id\":\"https:\/\/www.eliassen.nl\/de\/#website\"},\"primaryImageOfPage\":{\"@id\":\"https:\/\/www.eliassen.nl\/de\/wanddekoration-treibholz-reihe-mit-haeusern-90cm\/#primaryimage\"},\"image\":{\"@id\":\"https:\/\/www.eliassen.nl\/de\/wanddekoration-treibholz-reihe-mit-haeusern-90cm\/#primaryimage\"},\"thumbnailUrl\":\"https:\/\/www.eliassen.nl\/wp-content\/uploads\/2025\/11\/Muurdecoratie-drijfhout-Rij-met-Huisjes-90cm-eliassen.nl_.jpeg\",\"datePublished\":\"2025-11-07T10:44:18+00:00\",\"dateModified\":\"2025-12-11T10:04:12+00:00\",\"description\":\"Sehr dekorative Wandtafel aus Holz, die eine Reihe von H\u00e4usern zeigt. Einzigartig aus Holz geschnitzt und ein Unikat. Live ansehen oder online bestellen.\",\"breadcrumb\":{\"@id\":\"https:\/\/www.eliassen.nl\/de\/wanddekoration-treibholz-reihe-mit-haeusern-90cm\/#breadcrumb\"},\"inLanguage\":\"de\",\"potentialAction\":[{\"@type\":\"ReadAction\",\"target\":[\"https:\/\/www.eliassen.nl\/de\/wanddekoration-treibholz-reihe-mit-haeusern-90cm\/\"]}]},{\"@type\":\"ImageObject\",\"inLanguage\":\"de\",\"@id\":\"https:\/\/www.eliassen.nl\/de\/wanddekoration-treibholz-reihe-mit-haeusern-90cm\/#primaryimage\",\"url\":\"https:\/\/www.eliassen.nl\/wp-content\/uploads\/2025\/11\/Muurdecoratie-drijfhout-Rij-met-Huisjes-90cm-eliassen.nl_.jpeg\",\"contentUrl\":\"https:\/\/www.eliassen.nl\/wp-content\/uploads\/2025\/11\/Muurdecoratie-drijfhout-Rij-met-Huisjes-90cm-eliassen.nl_.jpeg\",\"width\":1600,\"height\":1200,\"caption\":\"Wanddekoration Treibholz Row mit H\u00e4usern 90cm eliassen.co.uk\"},{\"@type\":\"BreadcrumbList\",\"@id\":\"https:\/\/www.eliassen.nl\/de\/wanddekoration-treibholz-reihe-mit-haeusern-90cm\/#breadcrumb\",\"itemListElement\":[{\"@type\":\"ListItem\",\"position\":1,\"name\":\"Home\",\"item\":\"https:\/\/www.eliassen.nl\/de\/\"},{\"@type\":\"ListItem\",\"position\":2,\"name\":\"Shop\",\"item\":\"https:\/\/www.eliassen.nl\/de\/shop\/\"},{\"@type\":\"ListItem\",\"position\":3,\"name\":\"Wanddekoration\",\"item\":\"https:\/\/www.eliassen.nl\/de\/wanddekoration\/\"},{\"@type\":\"ListItem\",\"position\":4,\"name\":\"Wanddekoration Treibholz Reihe mit H\u00e4usern 90cm\"}]},{\"@type\":\"WebSite\",\"@id\":\"https:\/\/www.eliassen.nl\/de\/#website\",\"url\":\"https:\/\/www.eliassen.nl\/de\/\",\"name\":\"Eliassen Home & Garden Pleasure\",\"description\":\"\",\"publisher\":{\"@id\":\"https:\/\/www.eliassen.nl\/de\/#organization\"},\"alternateName\":\"Eliassen.nl\",\"potentialAction\":[{\"@type\":\"SearchAction\",\"target\":{\"@type\":\"EntryPoint\",\"urlTemplate\":\"https:\/\/www.eliassen.nl\/de\/?s={search_term_string}\"},\"query-input\":{\"@type\":\"PropertyValueSpecification\",\"valueRequired\":true,\"valueName\":\"search_term_string\"}}],\"inLanguage\":\"de\"},{\"@type\":[\"Organization\",\"Place\"],\"@id\":\"https:\/\/www.eliassen.nl\/de\/#organization\",\"name\":\"Eliassen Home & Garden Pleasure\",\"url\":\"https:\/\/www.eliassen.nl\/de\/\",\"logo\":{\"@id\":\"https:\/\/www.eliassen.nl\/de\/wanddekoration-treibholz-reihe-mit-haeusern-90cm\/#local-main-organization-logo\"},\"image\":{\"@id\":\"https:\/\/www.eliassen.nl\/de\/wanddekoration-treibholz-reihe-mit-haeusern-90cm\/#local-main-organization-logo\"},\"sameAs\":[\"https:\/\/www.facebook.com\/TuincentrumEliassenAmmerzoden\",\"https:\/\/www.instagram.com\/eliassenhomeandgarden\/\",\"https:\/\/nl.pinterest.com\/eliassenhomeandgarden\/\",\"https:\/\/www.youtube.com\/@eliassenhomegardenpleasure4558\"],\"telephone\":[],\"openingHoursSpecification\":[{\"@type\":\"OpeningHoursSpecification\",\"dayOfWeek\":[\"Monday\",\"Tuesday\",\"Wednesday\",\"Thursday\",\"Friday\",\"Saturday\",\"Sunday\"],\"opens\":\"09:00\",\"closes\":\"17:00\"}]},{\"@type\":\"ImageObject\",\"inLanguage\":\"de\",\"@id\":\"https:\/\/www.eliassen.nl\/de\/wanddekoration-treibholz-reihe-mit-haeusern-90cm\/#local-main-organization-logo\",\"url\":\"https:\/\/www.eliassen.nl\/wp-content\/uploads\/2024\/01\/logo_4nd.jpg\",\"contentUrl\":\"https:\/\/www.eliassen.nl\/wp-content\/uploads\/2024\/01\/logo_4nd.jpg\",\"width\":500,\"height\":500,\"caption\":\"Eliassen Home & Garden Pleasure\"}]}<\/script>\n<meta property=\"product:price:amount\" content=\"79.00\" \/>\n<meta property=\"product:price:currency\" content=\"EUR\" \/>\n<meta property=\"og:availability\" content=\"instock\" \/>\n<meta property=\"product:availability\" content=\"instock\" \/>\n<meta property=\"product:retailer_item_id\" content=\"Sk181137\" \/>\n<meta property=\"product:condition\" content=\"new\" \/>\n<!-- \/ Yoast SEO Premium plugin. -->","yoast_head_json":{"title":"Sonstige Wanddekoration Treibholz Reihe mit H\u00e4usern 90cm - Eliassen.nl","description":"Sehr dekorative Wandtafel aus Holz, die eine Reihe von H\u00e4usern zeigt. Einzigartig aus Holz geschnitzt und ein Unikat. Live ansehen oder online bestellen.","robots":{"index":"index","follow":"follow","max-snippet":"max-snippet:-1","max-image-preview":"max-image-preview:large","max-video-preview":"max-video-preview:-1"},"canonical":"https:\/\/www.eliassen.nl\/de\/wanddekoration-treibholz-reihe-mit-haeusern-90cm\/","og_locale":"de_DE","og_type":"article","og_title":"Sonstige Wanddekoration Treibholz Reihe mit H\u00e4usern 90cm - Eliassen.nl","og_description":"Sehr dekorative Wandtafel aus Holz, die eine Reihe von H\u00e4usern zeigt. Einzigartig aus Holz geschnitzt und ein Unikat. Live ansehen oder online bestellen.","og_url":"https:\/\/www.eliassen.nl\/de\/wanddekoration-treibholz-reihe-mit-haeusern-90cm\/","og_site_name":"Eliassen.nl","article_publisher":"https:\/\/www.facebook.com\/TuincentrumEliassenAmmerzoden","article_modified_time":"2025-12-11T10:04:12+00:00","og_image":[{"width":1600,"height":1200,"url":"https:\/\/www.eliassen.nl\/wp-content\/uploads\/2025\/11\/Muurdecoratie-drijfhout-Rij-met-Huisjes-90cm-eliassen.nl_.jpeg","type":"image\/jpeg"}],"twitter_card":"summary_large_image","schema":{"@context":"https:\/\/schema.org","@graph":[{"@type":"WebPage","@id":"https:\/\/www.eliassen.nl\/de\/wanddekoration-treibholz-reihe-mit-haeusern-90cm\/","url":"https:\/\/www.eliassen.nl\/de\/wanddekoration-treibholz-reihe-mit-haeusern-90cm\/","name":"Sonstige Wanddekoration Treibholz Reihe mit H\u00e4usern 90cm - Eliassen.nl","isPartOf":{"@id":"https:\/\/www.eliassen.nl\/de\/#website"},"primaryImageOfPage":{"@id":"https:\/\/www.eliassen.nl\/de\/wanddekoration-treibholz-reihe-mit-haeusern-90cm\/#primaryimage"},"image":{"@id":"https:\/\/www.eliassen.nl\/de\/wanddekoration-treibholz-reihe-mit-haeusern-90cm\/#primaryimage"},"thumbnailUrl":"https:\/\/www.eliassen.nl\/wp-content\/uploads\/2025\/11\/Muurdecoratie-drijfhout-Rij-met-Huisjes-90cm-eliassen.nl_.jpeg","datePublished":"2025-11-07T10:44:18+00:00","dateModified":"2025-12-11T10:04:12+00:00","description":"Sehr dekorative Wandtafel aus Holz, die eine Reihe von H\u00e4usern zeigt. Einzigartig aus Holz geschnitzt und ein Unikat. Live ansehen oder online bestellen.","breadcrumb":{"@id":"https:\/\/www.eliassen.nl\/de\/wanddekoration-treibholz-reihe-mit-haeusern-90cm\/#breadcrumb"},"inLanguage":"de","potentialAction":[{"@type":"ReadAction","target":["https:\/\/www.eliassen.nl\/de\/wanddekoration-treibholz-reihe-mit-haeusern-90cm\/"]}]},{"@type":"ImageObject","inLanguage":"de","@id":"https:\/\/www.eliassen.nl\/de\/wanddekoration-treibholz-reihe-mit-haeusern-90cm\/#primaryimage","url":"https:\/\/www.eliassen.nl\/wp-content\/uploads\/2025\/11\/Muurdecoratie-drijfhout-Rij-met-Huisjes-90cm-eliassen.nl_.jpeg","contentUrl":"https:\/\/www.eliassen.nl\/wp-content\/uploads\/2025\/11\/Muurdecoratie-drijfhout-Rij-met-Huisjes-90cm-eliassen.nl_.jpeg","width":1600,"height":1200,"caption":"Wanddekoration Treibholz Row mit H\u00e4usern 90cm eliassen.co.uk"},{"@type":"BreadcrumbList","@id":"https:\/\/www.eliassen.nl\/de\/wanddekoration-treibholz-reihe-mit-haeusern-90cm\/#breadcrumb","itemListElement":[{"@type":"ListItem","position":1,"name":"Home","item":"https:\/\/www.eliassen.nl\/de\/"},{"@type":"ListItem","position":2,"name":"Shop","item":"https:\/\/www.eliassen.nl\/de\/shop\/"},{"@type":"ListItem","position":3,"name":"Wanddekoration","item":"https:\/\/www.eliassen.nl\/de\/wanddekoration\/"},{"@type":"ListItem","position":4,"name":"Wanddekoration Treibholz Reihe mit H\u00e4usern 90cm"}]},{"@type":"WebSite","@id":"https:\/\/www.eliassen.nl\/de\/#website","url":"https:\/\/www.eliassen.nl\/de\/","name":"Eliassen Home & Garden Pleasure","description":"","publisher":{"@id":"https:\/\/www.eliassen.nl\/de\/#organization"},"alternateName":"Eliassen.nl","potentialAction":[{"@type":"SearchAction","target":{"@type":"EntryPoint","urlTemplate":"https:\/\/www.eliassen.nl\/de\/?s={search_term_string}"},"query-input":{"@type":"PropertyValueSpecification","valueRequired":true,"valueName":"search_term_string"}}],"inLanguage":"de"},{"@type":["Organization","Place"],"@id":"https:\/\/www.eliassen.nl\/de\/#organization","name":"Eliassen Home & Garden Pleasure","url":"https:\/\/www.eliassen.nl\/de\/","logo":{"@id":"https:\/\/www.eliassen.nl\/de\/wanddekoration-treibholz-reihe-mit-haeusern-90cm\/#local-main-organization-logo"},"image":{"@id":"https:\/\/www.eliassen.nl\/de\/wanddekoration-treibholz-reihe-mit-haeusern-90cm\/#local-main-organization-logo"},"sameAs":["https:\/\/www.facebook.com\/TuincentrumEliassenAmmerzoden","https:\/\/www.instagram.com\/eliassenhomeandgarden\/","https:\/\/nl.pinterest.com\/eliassenhomeandgarden\/","https:\/\/www.youtube.com\/@eliassenhomegardenpleasure4558"],"telephone":[],"openingHoursSpecification":[{"@type":"OpeningHoursSpecification","dayOfWeek":["Monday","Tuesday","Wednesday","Thursday","Friday","Saturday","Sunday"],"opens":"09:00","closes":"17:00"}]},{"@type":"ImageObject","inLanguage":"de","@id":"https:\/\/www.eliassen.nl\/de\/wanddekoration-treibholz-reihe-mit-haeusern-90cm\/#local-main-organization-logo","url":"https:\/\/www.eliassen.nl\/wp-content\/uploads\/2024\/01\/logo_4nd.jpg","contentUrl":"https:\/\/www.eliassen.nl\/wp-content\/uploads\/2024\/01\/logo_4nd.jpg","width":500,"height":500,"caption":"Eliassen Home & Garden Pleasure"}]},"product_price_amount":"79.00","product_price_currency":"EUR","og_availability":"instock","product_availability":"instock","product_retailer_item_id":"Sk181137","product_condition":"new"},"df_price":79,"df_sale_price":"","df_regular_price":79,"df_image_link":"https:\/\/www.eliassen.nl\/wp-content\/uploads\/2025\/11\/Muurdecoratie-drijfhout-Rij-met-Huisjes-90cm-eliassen.nl_-300x225.jpeg","image":"https:\/\/www.eliassen.nl\/wp-content\/uploads\/2025\/11\/Muurdecoratie-drijfhout-Rij-met-Huisjes-90cm-eliassen.nl_-150x150.jpeg","price_search":"<span class=\"woocommerce-Price-amount amount\"><bdi><span class=\"woocommerce-Price-currencySymbol\">&euro;<\/span>&nbsp;79,00<\/bdi><\/span>","category":"3D-Wanddekoration ohne Rahmen","global_unique_id":"8720572181137","_links":{"self":[{"href":"https:\/\/www.eliassen.nl\/de\/wp-json\/wp\/v2\/product\/197391","targetHints":{"allow":["GET"]}}],"collection":[{"href":"https:\/\/www.eliassen.nl\/de\/wp-json\/wp\/v2\/product"}],"about":[{"href":"https:\/\/www.eliassen.nl\/de\/wp-json\/wp\/v2\/types\/product"}],"wp:featuredmedia":[{"embeddable":true,"href":"https:\/\/www.eliassen.nl\/de\/wp-json\/wp\/v2\/media\/196402"}],"wp:attachment":[{"href":"https:\/\/www.eliassen.nl\/de\/wp-json\/wp\/v2\/media?parent=197391"}],"wp:term":[{"taxonomy":"product_brand","embeddable":true,"href":"https:\/\/www.eliassen.nl\/de\/wp-json\/wp\/v2\/product_brand?post=197391"},{"taxonomy":"product_cat","embeddable":true,"href":"https:\/\/www.eliassen.nl\/de\/wp-json\/wp\/v2\/product_cat?post=197391"},{"taxonomy":"product_tag","embeddable":true,"href":"https:\/\/www.eliassen.nl\/de\/wp-json\/wp\/v2\/product_tag?post=197391"}],"curies":[{"name":"wp","href":"https:\/\/api.w.org\/{rel}","templated":true}]}}