{"id":19726,"date":"2019-10-28T19:28:35","date_gmt":"2019-10-28T19:28:35","guid":{"rendered":"https:\/\/www.eliassen.nl\/?product=wandkarte-obst-55x75cm-copy"},"modified":"2025-11-27T13:53:03","modified_gmt":"2025-11-27T12:53:03","slug":"wandkarte-hute-80x100cm","status":"publish","type":"product","link":"https:\/\/www.eliassen.nl\/de\/wandkarte-hute-80x100cm\/","title":{"rendered":"Wandkarte H\u00fcte 80x100cm"},"content":{"rendered":"<p>Diese Wandtafel mit H\u00fcten, wie sie bei Augen\u00e4rzten und Optikern zu sehen ist, ist ein erschwingliches St\u00fcck Wanddekoration f\u00fcr jede Einrichtung. Diese Wandtafel ist aus echtem Leinen und nicht aus Papier gefertigt. Die Gr\u00f6\u00dfe dieser aufrollbaren Wanddekoration ist 80x100cm.<\/p>\n<p><strong>Auch von dieser Serie haben wir fast die gesamte Kollektion im Shop.<\/strong><br \/>\n<strong>Nirgendwo finden Sie eine so gro\u00dfe Kollektion an Wanddekorationen. Sie sind herzlich willkommen.<\/strong><\/p>\n<ul>\n<li>Material: Leinen mit Holzlatten und Aufh\u00e4ngeseil.<\/li>\n<li>Gr\u00f6\u00dfe: 80x100cm hoch<\/li>\n<li>Aufrollen<\/li>\n<li>Ab Lager verf\u00fcgbar<\/li>\n<li>Nur im Innenbereich.<\/li>\n<\/ul>\n","protected":false},"excerpt":{"rendered":"<p>Diese Wandtafel mit H\u00fcten, wie sie bei Augen\u00e4rzten und Optikern zu sehen ist, ist ein erschwingliches St\u00fcck Wanddekoration f\u00fcr jede Einrichtung. Diese Wandtafel ist aus echtem Leinen und nicht aus Papier gefertigt. Die Gr\u00f6\u00dfe dieser aufrollbaren Wanddekoration ist 80x100cm. Auch von dieser Serie haben wir fast die gesamte Kollektion im Shop. Nirgendwo finden Sie eine &hellip;<\/p>\n","protected":false},"featured_media":19723,"template":"","meta":{"_acf_changed":false,"_genesis_title":"","_genesis_description":""},"product_brand":[7505],"product_cat":[509,530],"product_tag":[],"class_list":{"0":"post-19726","1":"product","2":"type-product","3":"status-publish","4":"has-post-thumbnail","6":"product_brand-sonstige","7":"product_cat-wanddekoration","8":"product_cat-wandkarten-leinwand","10":"first","11":"instock","12":"taxable","13":"shipping-taxable","14":"purchasable","15":"product-type-simple"},"acf":[],"meta_all":{"total_sales":"2","wcml_sync_hash":{"postmeta_fields":"c9f6a4f0d29791529f8a1fa9514d20cb"},"attr_label_translations":[]},"meta_all_flat":{"total_sales":"2","wcml_sync_hash.postmeta_fields":"c9f6a4f0d29791529f8a1fa9514d20cb"},"yoast_head":"<!-- This site is optimized with the Yoast SEO Premium plugin v26.2 (Yoast SEO v27.2) - https:\/\/yoast.com\/product\/yoast-seo-premium-wordpress\/ -->\n<title>Wandkarte H\u00fcte 80x100cm<\/title>\n<meta name=\"description\" content=\"Wandkarte mit sch\u00f6n gestalteten H\u00fcten. Wir bieten verschiedene Welt- und Stadtkarten an. Hergestellt aus Leinen. St\u00f6bern Sie in unserer Kollektion von Wandkarten.\" \/>\n<meta name=\"robots\" content=\"index, follow, max-snippet:-1, max-image-preview:large, max-video-preview:-1\" \/>\n<link rel=\"canonical\" href=\"https:\/\/www.eliassen.nl\/de\/wandkarte-hute-80x100cm\/\" \/>\n<meta property=\"og:locale\" content=\"de_DE\" \/>\n<meta property=\"og:type\" content=\"article\" \/>\n<meta property=\"og:title\" content=\"Sonstige Wandkarte H\u00fcte 80x100cm - Eliassen.nl\" \/>\n<meta property=\"og:description\" content=\"Wandkarte mit sch\u00f6n gestalteten H\u00fcten. Wir bieten verschiedene Welt- und Stadtkarten an. Hergestellt aus Leinen. St\u00f6bern Sie in unserer Kollektion von Wandkarten.\" \/>\n<meta property=\"og:url\" content=\"https:\/\/www.eliassen.nl\/de\/wandkarte-hute-80x100cm\/\" \/>\n<meta property=\"og:site_name\" content=\"Eliassen.nl\" \/>\n<meta property=\"article:publisher\" content=\"https:\/\/www.facebook.com\/TuincentrumEliassenAmmerzoden\" \/>\n<meta property=\"article:modified_time\" content=\"2025-11-27T12:53:03+00:00\" \/>\n<meta property=\"og:image\" content=\"https:\/\/www.eliassen.nl\/wp-content\/uploads\/2024\/01\/5wk0011.jpg\" \/>\n\t<meta property=\"og:image:width\" content=\"1500\" \/>\n\t<meta property=\"og:image:height\" content=\"1500\" \/>\n\t<meta property=\"og:image:type\" content=\"image\/jpeg\" \/>\n<meta name=\"twitter:card\" content=\"summary_large_image\" \/>\n<script type=\"application\/ld+json\" class=\"yoast-schema-graph\">{\"@context\":\"https:\/\/schema.org\",\"@graph\":[{\"@type\":\"WebPage\",\"@id\":\"https:\/\/www.eliassen.nl\/de\/wandkarte-hute-80x100cm\/\",\"url\":\"https:\/\/www.eliassen.nl\/de\/wandkarte-hute-80x100cm\/\",\"name\":\"Wandkarte H\u00fcte 80x100cm\",\"isPartOf\":{\"@id\":\"https:\/\/www.eliassen.nl\/de\/#website\"},\"primaryImageOfPage\":{\"@id\":\"https:\/\/www.eliassen.nl\/de\/wandkarte-hute-80x100cm\/#primaryimage\"},\"image\":{\"@id\":\"https:\/\/www.eliassen.nl\/de\/wandkarte-hute-80x100cm\/#primaryimage\"},\"thumbnailUrl\":\"https:\/\/www.eliassen.nl\/wp-content\/uploads\/2024\/01\/5wk0011.jpg\",\"datePublished\":\"2019-10-28T19:28:35+00:00\",\"dateModified\":\"2025-11-27T12:53:03+00:00\",\"description\":\"Wandkarte mit sch\u00f6n gestalteten H\u00fcten. Wir bieten verschiedene Welt- und Stadtkarten an. Hergestellt aus Leinen. St\u00f6bern Sie in unserer Kollektion von Wandkarten.\",\"breadcrumb\":{\"@id\":\"https:\/\/www.eliassen.nl\/de\/wandkarte-hute-80x100cm\/#breadcrumb\"},\"inLanguage\":\"de\",\"potentialAction\":[{\"@type\":\"ReadAction\",\"target\":[\"https:\/\/www.eliassen.nl\/de\/wandkarte-hute-80x100cm\/\"]}]},{\"@type\":\"ImageObject\",\"inLanguage\":\"de\",\"@id\":\"https:\/\/www.eliassen.nl\/de\/wandkarte-hute-80x100cm\/#primaryimage\",\"url\":\"https:\/\/www.eliassen.nl\/wp-content\/uploads\/2024\/01\/5wk0011.jpg\",\"contentUrl\":\"https:\/\/www.eliassen.nl\/wp-content\/uploads\/2024\/01\/5wk0011.jpg\",\"width\":1500,\"height\":1500,\"caption\":\"5wk0011\"},{\"@type\":\"BreadcrumbList\",\"@id\":\"https:\/\/www.eliassen.nl\/de\/wandkarte-hute-80x100cm\/#breadcrumb\",\"itemListElement\":[{\"@type\":\"ListItem\",\"position\":1,\"name\":\"Home\",\"item\":\"https:\/\/www.eliassen.nl\/de\/\"},{\"@type\":\"ListItem\",\"position\":2,\"name\":\"Shop\",\"item\":\"https:\/\/www.eliassen.nl\/de\/shop\/\"},{\"@type\":\"ListItem\",\"position\":3,\"name\":\"Wanddekoration\",\"item\":\"https:\/\/www.eliassen.nl\/de\/wanddekoration\/\"},{\"@type\":\"ListItem\",\"position\":4,\"name\":\"Wandkarten-Leinwand\",\"item\":\"https:\/\/www.eliassen.nl\/de\/wanddekoration\/wandkarten-leinwand\/\"},{\"@type\":\"ListItem\",\"position\":5,\"name\":\"Wandkarte H\u00fcte 80x100cm\"}]},{\"@type\":\"WebSite\",\"@id\":\"https:\/\/www.eliassen.nl\/de\/#website\",\"url\":\"https:\/\/www.eliassen.nl\/de\/\",\"name\":\"Eliassen Home & Garden Pleasure\",\"description\":\"\",\"publisher\":{\"@id\":\"https:\/\/www.eliassen.nl\/de\/#organization\"},\"alternateName\":\"Eliassen.nl\",\"potentialAction\":[{\"@type\":\"SearchAction\",\"target\":{\"@type\":\"EntryPoint\",\"urlTemplate\":\"https:\/\/www.eliassen.nl\/de\/?s={search_term_string}\"},\"query-input\":{\"@type\":\"PropertyValueSpecification\",\"valueRequired\":true,\"valueName\":\"search_term_string\"}}],\"inLanguage\":\"de\"},{\"@type\":[\"Organization\",\"Place\"],\"@id\":\"https:\/\/www.eliassen.nl\/de\/#organization\",\"name\":\"Eliassen Home & Garden Pleasure\",\"url\":\"https:\/\/www.eliassen.nl\/de\/\",\"logo\":{\"@id\":\"https:\/\/www.eliassen.nl\/de\/wandkarte-hute-80x100cm\/#local-main-organization-logo\"},\"image\":{\"@id\":\"https:\/\/www.eliassen.nl\/de\/wandkarte-hute-80x100cm\/#local-main-organization-logo\"},\"sameAs\":[\"https:\/\/www.facebook.com\/TuincentrumEliassenAmmerzoden\",\"https:\/\/www.instagram.com\/eliassenhomeandgarden\/\",\"https:\/\/nl.pinterest.com\/eliassenhomeandgarden\/\",\"https:\/\/www.youtube.com\/@eliassenhomegardenpleasure4558\"],\"telephone\":[],\"openingHoursSpecification\":[{\"@type\":\"OpeningHoursSpecification\",\"dayOfWeek\":[\"Monday\",\"Tuesday\",\"Wednesday\",\"Thursday\",\"Friday\",\"Saturday\",\"Sunday\"],\"opens\":\"09:00\",\"closes\":\"17:00\"}]},{\"@type\":\"ImageObject\",\"inLanguage\":\"de\",\"@id\":\"https:\/\/www.eliassen.nl\/de\/wandkarte-hute-80x100cm\/#local-main-organization-logo\",\"url\":\"https:\/\/www.eliassen.nl\/wp-content\/uploads\/2024\/01\/logo_4nd.jpg\",\"contentUrl\":\"https:\/\/www.eliassen.nl\/wp-content\/uploads\/2024\/01\/logo_4nd.jpg\",\"width\":500,\"height\":500,\"caption\":\"Eliassen Home & Garden Pleasure\"}]}<\/script>\n<meta property=\"product:price:amount\" content=\"29.50\" \/>\n<meta property=\"product:price:currency\" content=\"EUR\" \/>\n<meta property=\"og:availability\" content=\"instock\" \/>\n<meta property=\"product:availability\" content=\"instock\" \/>\n<meta property=\"product:retailer_item_id\" content=\"5wk0011\" \/>\n<meta property=\"product:condition\" content=\"new\" \/>\n<!-- \/ Yoast SEO Premium plugin. -->","yoast_head_json":{"title":"Wandkarte H\u00fcte 80x100cm","description":"Wandkarte mit sch\u00f6n gestalteten H\u00fcten. Wir bieten verschiedene Welt- und Stadtkarten an. Hergestellt aus Leinen. St\u00f6bern Sie in unserer Kollektion von Wandkarten.","robots":{"index":"index","follow":"follow","max-snippet":"max-snippet:-1","max-image-preview":"max-image-preview:large","max-video-preview":"max-video-preview:-1"},"canonical":"https:\/\/www.eliassen.nl\/de\/wandkarte-hute-80x100cm\/","og_locale":"de_DE","og_type":"article","og_title":"Sonstige Wandkarte H\u00fcte 80x100cm - Eliassen.nl","og_description":"Wandkarte mit sch\u00f6n gestalteten H\u00fcten. Wir bieten verschiedene Welt- und Stadtkarten an. Hergestellt aus Leinen. St\u00f6bern Sie in unserer Kollektion von Wandkarten.","og_url":"https:\/\/www.eliassen.nl\/de\/wandkarte-hute-80x100cm\/","og_site_name":"Eliassen.nl","article_publisher":"https:\/\/www.facebook.com\/TuincentrumEliassenAmmerzoden","article_modified_time":"2025-11-27T12:53:03+00:00","og_image":[{"width":1500,"height":1500,"url":"https:\/\/www.eliassen.nl\/wp-content\/uploads\/2024\/01\/5wk0011.jpg","type":"image\/jpeg"}],"twitter_card":"summary_large_image","schema":{"@context":"https:\/\/schema.org","@graph":[{"@type":"WebPage","@id":"https:\/\/www.eliassen.nl\/de\/wandkarte-hute-80x100cm\/","url":"https:\/\/www.eliassen.nl\/de\/wandkarte-hute-80x100cm\/","name":"Wandkarte H\u00fcte 80x100cm","isPartOf":{"@id":"https:\/\/www.eliassen.nl\/de\/#website"},"primaryImageOfPage":{"@id":"https:\/\/www.eliassen.nl\/de\/wandkarte-hute-80x100cm\/#primaryimage"},"image":{"@id":"https:\/\/www.eliassen.nl\/de\/wandkarte-hute-80x100cm\/#primaryimage"},"thumbnailUrl":"https:\/\/www.eliassen.nl\/wp-content\/uploads\/2024\/01\/5wk0011.jpg","datePublished":"2019-10-28T19:28:35+00:00","dateModified":"2025-11-27T12:53:03+00:00","description":"Wandkarte mit sch\u00f6n gestalteten H\u00fcten. Wir bieten verschiedene Welt- und Stadtkarten an. Hergestellt aus Leinen. St\u00f6bern Sie in unserer Kollektion von Wandkarten.","breadcrumb":{"@id":"https:\/\/www.eliassen.nl\/de\/wandkarte-hute-80x100cm\/#breadcrumb"},"inLanguage":"de","potentialAction":[{"@type":"ReadAction","target":["https:\/\/www.eliassen.nl\/de\/wandkarte-hute-80x100cm\/"]}]},{"@type":"ImageObject","inLanguage":"de","@id":"https:\/\/www.eliassen.nl\/de\/wandkarte-hute-80x100cm\/#primaryimage","url":"https:\/\/www.eliassen.nl\/wp-content\/uploads\/2024\/01\/5wk0011.jpg","contentUrl":"https:\/\/www.eliassen.nl\/wp-content\/uploads\/2024\/01\/5wk0011.jpg","width":1500,"height":1500,"caption":"5wk0011"},{"@type":"BreadcrumbList","@id":"https:\/\/www.eliassen.nl\/de\/wandkarte-hute-80x100cm\/#breadcrumb","itemListElement":[{"@type":"ListItem","position":1,"name":"Home","item":"https:\/\/www.eliassen.nl\/de\/"},{"@type":"ListItem","position":2,"name":"Shop","item":"https:\/\/www.eliassen.nl\/de\/shop\/"},{"@type":"ListItem","position":3,"name":"Wanddekoration","item":"https:\/\/www.eliassen.nl\/de\/wanddekoration\/"},{"@type":"ListItem","position":4,"name":"Wandkarten-Leinwand","item":"https:\/\/www.eliassen.nl\/de\/wanddekoration\/wandkarten-leinwand\/"},{"@type":"ListItem","position":5,"name":"Wandkarte H\u00fcte 80x100cm"}]},{"@type":"WebSite","@id":"https:\/\/www.eliassen.nl\/de\/#website","url":"https:\/\/www.eliassen.nl\/de\/","name":"Eliassen Home & Garden Pleasure","description":"","publisher":{"@id":"https:\/\/www.eliassen.nl\/de\/#organization"},"alternateName":"Eliassen.nl","potentialAction":[{"@type":"SearchAction","target":{"@type":"EntryPoint","urlTemplate":"https:\/\/www.eliassen.nl\/de\/?s={search_term_string}"},"query-input":{"@type":"PropertyValueSpecification","valueRequired":true,"valueName":"search_term_string"}}],"inLanguage":"de"},{"@type":["Organization","Place"],"@id":"https:\/\/www.eliassen.nl\/de\/#organization","name":"Eliassen Home & Garden Pleasure","url":"https:\/\/www.eliassen.nl\/de\/","logo":{"@id":"https:\/\/www.eliassen.nl\/de\/wandkarte-hute-80x100cm\/#local-main-organization-logo"},"image":{"@id":"https:\/\/www.eliassen.nl\/de\/wandkarte-hute-80x100cm\/#local-main-organization-logo"},"sameAs":["https:\/\/www.facebook.com\/TuincentrumEliassenAmmerzoden","https:\/\/www.instagram.com\/eliassenhomeandgarden\/","https:\/\/nl.pinterest.com\/eliassenhomeandgarden\/","https:\/\/www.youtube.com\/@eliassenhomegardenpleasure4558"],"telephone":[],"openingHoursSpecification":[{"@type":"OpeningHoursSpecification","dayOfWeek":["Monday","Tuesday","Wednesday","Thursday","Friday","Saturday","Sunday"],"opens":"09:00","closes":"17:00"}]},{"@type":"ImageObject","inLanguage":"de","@id":"https:\/\/www.eliassen.nl\/de\/wandkarte-hute-80x100cm\/#local-main-organization-logo","url":"https:\/\/www.eliassen.nl\/wp-content\/uploads\/2024\/01\/logo_4nd.jpg","contentUrl":"https:\/\/www.eliassen.nl\/wp-content\/uploads\/2024\/01\/logo_4nd.jpg","width":500,"height":500,"caption":"Eliassen Home & Garden Pleasure"}]},"product_price_amount":"29.50","product_price_currency":"EUR","og_availability":"instock","product_availability":"instock","product_retailer_item_id":"5wk0011","product_condition":"new"},"df_price":29.5,"df_sale_price":"","df_regular_price":29.5,"df_image_link":"https:\/\/www.eliassen.nl\/wp-content\/uploads\/2024\/01\/5wk0011.jpg","image":"https:\/\/www.eliassen.nl\/wp-content\/uploads\/2024\/01\/5wk0011.jpg","price_search":"<span class=\"woocommerce-Price-amount amount\"><bdi><span class=\"woocommerce-Price-currencySymbol\">&euro;<\/span>&nbsp;29,50<\/bdi><\/span>","category":"Wanddekoration","global_unique_id":"8717459539587","_links":{"self":[{"href":"https:\/\/www.eliassen.nl\/de\/wp-json\/wp\/v2\/product\/19726","targetHints":{"allow":["GET"]}}],"collection":[{"href":"https:\/\/www.eliassen.nl\/de\/wp-json\/wp\/v2\/product"}],"about":[{"href":"https:\/\/www.eliassen.nl\/de\/wp-json\/wp\/v2\/types\/product"}],"wp:featuredmedia":[{"embeddable":true,"href":"https:\/\/www.eliassen.nl\/de\/wp-json\/wp\/v2\/media\/19723"}],"wp:attachment":[{"href":"https:\/\/www.eliassen.nl\/de\/wp-json\/wp\/v2\/media?parent=19726"}],"wp:term":[{"taxonomy":"product_brand","embeddable":true,"href":"https:\/\/www.eliassen.nl\/de\/wp-json\/wp\/v2\/product_brand?post=19726"},{"taxonomy":"product_cat","embeddable":true,"href":"https:\/\/www.eliassen.nl\/de\/wp-json\/wp\/v2\/product_cat?post=19726"},{"taxonomy":"product_tag","embeddable":true,"href":"https:\/\/www.eliassen.nl\/de\/wp-json\/wp\/v2\/product_tag?post=19726"}],"curies":[{"name":"wp","href":"https:\/\/api.w.org\/{rel}","templated":true}]}}