{"id":197206,"date":"2025-11-11T10:56:36","date_gmt":"2025-11-11T09:56:36","guid":{"rendered":"https:\/\/www.eliassen.nl\/product\/statue-holz-elefant-auf-block-47cm\/"},"modified":"2026-01-16T16:11:15","modified_gmt":"2026-01-16T15:11:15","slug":"statue-holz-elefant-auf-block-47cm","status":"publish","type":"product","link":"https:\/\/www.eliassen.nl\/de\/statue-holz-elefant-auf-block-47cm\/","title":{"rendered":"Statue Holz Elefant auf Block 47cm"},"content":{"rendered":"<p>Ein wundersch\u00f6nes St\u00fcck Handwerkskunst, dieser Elefant mit dem R\u00fcssel nach unten auf einem Holzblock, handgefertigt aus massivem Suar-Holz.<br \/>\nEs ist sehr clever, wie die Form gerendert wurde. In dieses Modell sind sehr viele Arbeitsstunden geflossen, um diese Skulptur aus einem Block aus hartem Suarholz zu schaffen.<\/p>\n<p>Suar-Holz hat die Eigenschaft, dass es kontrastreiche Farben aufweist. Helles Holz kann direkt neben dunklem Holz stehen. Es ist normal, dass diese Farbunterschiede auch bei diesem St\u00fcck sichtbar sind. Leider k\u00f6nnen dazu keine Angaben gemacht werden.<\/p>\n<p>Da es handgefertigt ist, ist das Foto nur ein Beispiel, so dass Ihr erhaltenes Modell davon abweichen kann.<\/p>\n<ul>\n<li>Gr\u00f6\u00dfe: 47cm hoch<\/li>\n<li>Material: Massivholz Suar, leicht ge\u00f6lt<\/li>\n<li>Ausgenommen<\/li>\n<li>Original Schnitzereien<\/li>\n<li>Eigene Aktie<\/li>\n<li>Das Aufstellen im Freien ist erlaubt, aber das Holz wird dann grau und es k\u00f6nnen Risse entstehen.<\/li>\n<\/ul>\n","protected":false},"excerpt":{"rendered":"<p>Dieser Artikel kann Risse bekommen und eine gr\u00e4uliche Farbe annehmen, wenn er im Freien steht.<br \/>\nHandgeschnitzt aus Suarholz.<\/p>\n","protected":false},"featured_media":196764,"template":"","meta":{"_acf_changed":false,"_genesis_title":"","_genesis_description":""},"product_brand":[7505],"product_cat":[1367,7239],"product_tag":[],"class_list":{"0":"post-197206","1":"product","2":"type-product","3":"status-publish","4":"has-post-thumbnail","6":"product_brand-sonstige","7":"product_cat-holzstatuen","8":"product_cat-bilder","10":"first","11":"instock","12":"taxable","13":"shipping-taxable","14":"purchasable","15":"product-type-simple"},"acf":[],"meta_all":{"total_sales":"0","cor_restricted_countries":[]},"meta_all_flat":{"total_sales":"0"},"yoast_head":"<!-- This site is optimized with the Yoast SEO Premium plugin v26.2 (Yoast SEO v27.2) - https:\/\/yoast.com\/product\/yoast-seo-premium-wordpress\/ -->\n<title>Sonstige Statue Holz Elefant auf Block 47cm - Eliassen.nl<\/title>\n<meta name=\"description\" content=\"Ein sch\u00f6ner h\u00f6lzerner Elefant, der mit seinem R\u00fcssel auf einem Holzblock liegt. Handgeschnitzt aus Suarholz. Einzigartige Holzskulpturen. Schnelle Lieferung.\" \/>\n<meta name=\"robots\" content=\"index, follow, max-snippet:-1, max-image-preview:large, max-video-preview:-1\" \/>\n<link rel=\"canonical\" href=\"https:\/\/www.eliassen.nl\/de\/statue-holz-elefant-auf-block-47cm\/\" \/>\n<meta property=\"og:locale\" content=\"de_DE\" \/>\n<meta property=\"og:type\" content=\"article\" \/>\n<meta property=\"og:title\" content=\"Sonstige Statue Holz Elefant auf Block 47cm - Eliassen.nl\" \/>\n<meta property=\"og:description\" content=\"Ein sch\u00f6ner h\u00f6lzerner Elefant, der mit seinem R\u00fcssel auf einem Holzblock liegt. Handgeschnitzt aus Suarholz. Einzigartige Holzskulpturen. Schnelle Lieferung.\" \/>\n<meta property=\"og:url\" content=\"https:\/\/www.eliassen.nl\/de\/statue-holz-elefant-auf-block-47cm\/\" \/>\n<meta property=\"og:site_name\" content=\"Eliassen.nl\" \/>\n<meta property=\"article:publisher\" content=\"https:\/\/www.facebook.com\/TuincentrumEliassenAmmerzoden\" \/>\n<meta property=\"article:modified_time\" content=\"2026-01-16T15:11:15+00:00\" \/>\n<meta property=\"og:image\" content=\"https:\/\/www.eliassen.nl\/wp-content\/uploads\/2025\/11\/Beeld-hout-Olifant-op-blok-47cm-eliassen.nl-1-scaled.jpg\" \/>\n\t<meta property=\"og:image:width\" content=\"1920\" \/>\n\t<meta property=\"og:image:height\" content=\"2560\" \/>\n\t<meta property=\"og:image:type\" content=\"image\/jpeg\" \/>\n<meta name=\"twitter:card\" content=\"summary_large_image\" \/>\n<script type=\"application\/ld+json\" class=\"yoast-schema-graph\">{\"@context\":\"https:\/\/schema.org\",\"@graph\":[{\"@type\":\"WebPage\",\"@id\":\"https:\/\/www.eliassen.nl\/de\/statue-holz-elefant-auf-block-47cm\/\",\"url\":\"https:\/\/www.eliassen.nl\/de\/statue-holz-elefant-auf-block-47cm\/\",\"name\":\"Sonstige Statue Holz Elefant auf Block 47cm - Eliassen.nl\",\"isPartOf\":{\"@id\":\"https:\/\/www.eliassen.nl\/de\/#website\"},\"primaryImageOfPage\":{\"@id\":\"https:\/\/www.eliassen.nl\/de\/statue-holz-elefant-auf-block-47cm\/#primaryimage\"},\"image\":{\"@id\":\"https:\/\/www.eliassen.nl\/de\/statue-holz-elefant-auf-block-47cm\/#primaryimage\"},\"thumbnailUrl\":\"https:\/\/www.eliassen.nl\/wp-content\/uploads\/2025\/11\/Beeld-hout-Olifant-op-blok-47cm-eliassen.nl-1-scaled.jpg\",\"datePublished\":\"2025-11-11T09:56:36+00:00\",\"dateModified\":\"2026-01-16T15:11:15+00:00\",\"description\":\"Ein sch\u00f6ner h\u00f6lzerner Elefant, der mit seinem R\u00fcssel auf einem Holzblock liegt. Handgeschnitzt aus Suarholz. Einzigartige Holzskulpturen. Schnelle Lieferung.\",\"breadcrumb\":{\"@id\":\"https:\/\/www.eliassen.nl\/de\/statue-holz-elefant-auf-block-47cm\/#breadcrumb\"},\"inLanguage\":\"de\",\"potentialAction\":[{\"@type\":\"ReadAction\",\"target\":[\"https:\/\/www.eliassen.nl\/de\/statue-holz-elefant-auf-block-47cm\/\"]}]},{\"@type\":\"ImageObject\",\"inLanguage\":\"de\",\"@id\":\"https:\/\/www.eliassen.nl\/de\/statue-holz-elefant-auf-block-47cm\/#primaryimage\",\"url\":\"https:\/\/www.eliassen.nl\/wp-content\/uploads\/2025\/11\/Beeld-hout-Olifant-op-blok-47cm-eliassen.nl-1-scaled.jpg\",\"contentUrl\":\"https:\/\/www.eliassen.nl\/wp-content\/uploads\/2025\/11\/Beeld-hout-Olifant-op-blok-47cm-eliassen.nl-1-scaled.jpg\",\"width\":1920,\"height\":2560,\"caption\":\"Statue Holz Elefant auf Block 47cm eliassen.nl\"},{\"@type\":\"BreadcrumbList\",\"@id\":\"https:\/\/www.eliassen.nl\/de\/statue-holz-elefant-auf-block-47cm\/#breadcrumb\",\"itemListElement\":[{\"@type\":\"ListItem\",\"position\":1,\"name\":\"Home\",\"item\":\"https:\/\/www.eliassen.nl\/de\/\"},{\"@type\":\"ListItem\",\"position\":2,\"name\":\"Shop\",\"item\":\"https:\/\/www.eliassen.nl\/de\/shop\/\"},{\"@type\":\"ListItem\",\"position\":3,\"name\":\"Bilder\",\"item\":\"https:\/\/www.eliassen.nl\/de\/bilder\/\"},{\"@type\":\"ListItem\",\"position\":4,\"name\":\"Holzstatuen\",\"item\":\"https:\/\/www.eliassen.nl\/de\/bilder\/holzstatuen\/\"},{\"@type\":\"ListItem\",\"position\":5,\"name\":\"Statue Holz Elefant auf Block 47cm\"}]},{\"@type\":\"WebSite\",\"@id\":\"https:\/\/www.eliassen.nl\/de\/#website\",\"url\":\"https:\/\/www.eliassen.nl\/de\/\",\"name\":\"Eliassen Home & Garden Pleasure\",\"description\":\"\",\"publisher\":{\"@id\":\"https:\/\/www.eliassen.nl\/de\/#organization\"},\"alternateName\":\"Eliassen.nl\",\"potentialAction\":[{\"@type\":\"SearchAction\",\"target\":{\"@type\":\"EntryPoint\",\"urlTemplate\":\"https:\/\/www.eliassen.nl\/de\/?s={search_term_string}\"},\"query-input\":{\"@type\":\"PropertyValueSpecification\",\"valueRequired\":true,\"valueName\":\"search_term_string\"}}],\"inLanguage\":\"de\"},{\"@type\":[\"Organization\",\"Place\"],\"@id\":\"https:\/\/www.eliassen.nl\/de\/#organization\",\"name\":\"Eliassen Home & Garden Pleasure\",\"url\":\"https:\/\/www.eliassen.nl\/de\/\",\"logo\":{\"@id\":\"https:\/\/www.eliassen.nl\/de\/statue-holz-elefant-auf-block-47cm\/#local-main-organization-logo\"},\"image\":{\"@id\":\"https:\/\/www.eliassen.nl\/de\/statue-holz-elefant-auf-block-47cm\/#local-main-organization-logo\"},\"sameAs\":[\"https:\/\/www.facebook.com\/TuincentrumEliassenAmmerzoden\",\"https:\/\/www.instagram.com\/eliassenhomeandgarden\/\",\"https:\/\/nl.pinterest.com\/eliassenhomeandgarden\/\",\"https:\/\/www.youtube.com\/@eliassenhomegardenpleasure4558\"],\"telephone\":[],\"openingHoursSpecification\":[{\"@type\":\"OpeningHoursSpecification\",\"dayOfWeek\":[\"Monday\",\"Tuesday\",\"Wednesday\",\"Thursday\",\"Friday\",\"Saturday\",\"Sunday\"],\"opens\":\"09:00\",\"closes\":\"17:00\"}]},{\"@type\":\"ImageObject\",\"inLanguage\":\"de\",\"@id\":\"https:\/\/www.eliassen.nl\/de\/statue-holz-elefant-auf-block-47cm\/#local-main-organization-logo\",\"url\":\"https:\/\/www.eliassen.nl\/wp-content\/uploads\/2024\/01\/logo_4nd.jpg\",\"contentUrl\":\"https:\/\/www.eliassen.nl\/wp-content\/uploads\/2024\/01\/logo_4nd.jpg\",\"width\":500,\"height\":500,\"caption\":\"Eliassen Home & Garden Pleasure\"}]}<\/script>\n<meta property=\"product:price:amount\" content=\"119.00\" \/>\n<meta property=\"product:price:currency\" content=\"EUR\" \/>\n<meta property=\"og:availability\" content=\"instock\" \/>\n<meta property=\"product:availability\" content=\"instock\" \/>\n<meta property=\"product:retailer_item_id\" content=\"Sk181236\" \/>\n<meta property=\"product:condition\" content=\"new\" \/>\n<!-- \/ Yoast SEO Premium plugin. -->","yoast_head_json":{"title":"Sonstige Statue Holz Elefant auf Block 47cm - Eliassen.nl","description":"Ein sch\u00f6ner h\u00f6lzerner Elefant, der mit seinem R\u00fcssel auf einem Holzblock liegt. Handgeschnitzt aus Suarholz. Einzigartige Holzskulpturen. Schnelle Lieferung.","robots":{"index":"index","follow":"follow","max-snippet":"max-snippet:-1","max-image-preview":"max-image-preview:large","max-video-preview":"max-video-preview:-1"},"canonical":"https:\/\/www.eliassen.nl\/de\/statue-holz-elefant-auf-block-47cm\/","og_locale":"de_DE","og_type":"article","og_title":"Sonstige Statue Holz Elefant auf Block 47cm - Eliassen.nl","og_description":"Ein sch\u00f6ner h\u00f6lzerner Elefant, der mit seinem R\u00fcssel auf einem Holzblock liegt. Handgeschnitzt aus Suarholz. Einzigartige Holzskulpturen. Schnelle Lieferung.","og_url":"https:\/\/www.eliassen.nl\/de\/statue-holz-elefant-auf-block-47cm\/","og_site_name":"Eliassen.nl","article_publisher":"https:\/\/www.facebook.com\/TuincentrumEliassenAmmerzoden","article_modified_time":"2026-01-16T15:11:15+00:00","og_image":[{"width":1920,"height":2560,"url":"https:\/\/www.eliassen.nl\/wp-content\/uploads\/2025\/11\/Beeld-hout-Olifant-op-blok-47cm-eliassen.nl-1-scaled.jpg","type":"image\/jpeg"}],"twitter_card":"summary_large_image","schema":{"@context":"https:\/\/schema.org","@graph":[{"@type":"WebPage","@id":"https:\/\/www.eliassen.nl\/de\/statue-holz-elefant-auf-block-47cm\/","url":"https:\/\/www.eliassen.nl\/de\/statue-holz-elefant-auf-block-47cm\/","name":"Sonstige Statue Holz Elefant auf Block 47cm - Eliassen.nl","isPartOf":{"@id":"https:\/\/www.eliassen.nl\/de\/#website"},"primaryImageOfPage":{"@id":"https:\/\/www.eliassen.nl\/de\/statue-holz-elefant-auf-block-47cm\/#primaryimage"},"image":{"@id":"https:\/\/www.eliassen.nl\/de\/statue-holz-elefant-auf-block-47cm\/#primaryimage"},"thumbnailUrl":"https:\/\/www.eliassen.nl\/wp-content\/uploads\/2025\/11\/Beeld-hout-Olifant-op-blok-47cm-eliassen.nl-1-scaled.jpg","datePublished":"2025-11-11T09:56:36+00:00","dateModified":"2026-01-16T15:11:15+00:00","description":"Ein sch\u00f6ner h\u00f6lzerner Elefant, der mit seinem R\u00fcssel auf einem Holzblock liegt. Handgeschnitzt aus Suarholz. Einzigartige Holzskulpturen. Schnelle Lieferung.","breadcrumb":{"@id":"https:\/\/www.eliassen.nl\/de\/statue-holz-elefant-auf-block-47cm\/#breadcrumb"},"inLanguage":"de","potentialAction":[{"@type":"ReadAction","target":["https:\/\/www.eliassen.nl\/de\/statue-holz-elefant-auf-block-47cm\/"]}]},{"@type":"ImageObject","inLanguage":"de","@id":"https:\/\/www.eliassen.nl\/de\/statue-holz-elefant-auf-block-47cm\/#primaryimage","url":"https:\/\/www.eliassen.nl\/wp-content\/uploads\/2025\/11\/Beeld-hout-Olifant-op-blok-47cm-eliassen.nl-1-scaled.jpg","contentUrl":"https:\/\/www.eliassen.nl\/wp-content\/uploads\/2025\/11\/Beeld-hout-Olifant-op-blok-47cm-eliassen.nl-1-scaled.jpg","width":1920,"height":2560,"caption":"Statue Holz Elefant auf Block 47cm eliassen.nl"},{"@type":"BreadcrumbList","@id":"https:\/\/www.eliassen.nl\/de\/statue-holz-elefant-auf-block-47cm\/#breadcrumb","itemListElement":[{"@type":"ListItem","position":1,"name":"Home","item":"https:\/\/www.eliassen.nl\/de\/"},{"@type":"ListItem","position":2,"name":"Shop","item":"https:\/\/www.eliassen.nl\/de\/shop\/"},{"@type":"ListItem","position":3,"name":"Bilder","item":"https:\/\/www.eliassen.nl\/de\/bilder\/"},{"@type":"ListItem","position":4,"name":"Holzstatuen","item":"https:\/\/www.eliassen.nl\/de\/bilder\/holzstatuen\/"},{"@type":"ListItem","position":5,"name":"Statue Holz Elefant auf Block 47cm"}]},{"@type":"WebSite","@id":"https:\/\/www.eliassen.nl\/de\/#website","url":"https:\/\/www.eliassen.nl\/de\/","name":"Eliassen Home & Garden Pleasure","description":"","publisher":{"@id":"https:\/\/www.eliassen.nl\/de\/#organization"},"alternateName":"Eliassen.nl","potentialAction":[{"@type":"SearchAction","target":{"@type":"EntryPoint","urlTemplate":"https:\/\/www.eliassen.nl\/de\/?s={search_term_string}"},"query-input":{"@type":"PropertyValueSpecification","valueRequired":true,"valueName":"search_term_string"}}],"inLanguage":"de"},{"@type":["Organization","Place"],"@id":"https:\/\/www.eliassen.nl\/de\/#organization","name":"Eliassen Home & Garden Pleasure","url":"https:\/\/www.eliassen.nl\/de\/","logo":{"@id":"https:\/\/www.eliassen.nl\/de\/statue-holz-elefant-auf-block-47cm\/#local-main-organization-logo"},"image":{"@id":"https:\/\/www.eliassen.nl\/de\/statue-holz-elefant-auf-block-47cm\/#local-main-organization-logo"},"sameAs":["https:\/\/www.facebook.com\/TuincentrumEliassenAmmerzoden","https:\/\/www.instagram.com\/eliassenhomeandgarden\/","https:\/\/nl.pinterest.com\/eliassenhomeandgarden\/","https:\/\/www.youtube.com\/@eliassenhomegardenpleasure4558"],"telephone":[],"openingHoursSpecification":[{"@type":"OpeningHoursSpecification","dayOfWeek":["Monday","Tuesday","Wednesday","Thursday","Friday","Saturday","Sunday"],"opens":"09:00","closes":"17:00"}]},{"@type":"ImageObject","inLanguage":"de","@id":"https:\/\/www.eliassen.nl\/de\/statue-holz-elefant-auf-block-47cm\/#local-main-organization-logo","url":"https:\/\/www.eliassen.nl\/wp-content\/uploads\/2024\/01\/logo_4nd.jpg","contentUrl":"https:\/\/www.eliassen.nl\/wp-content\/uploads\/2024\/01\/logo_4nd.jpg","width":500,"height":500,"caption":"Eliassen Home & Garden Pleasure"}]},"product_price_amount":"119.00","product_price_currency":"EUR","og_availability":"instock","product_availability":"instock","product_retailer_item_id":"Sk181236","product_condition":"new"},"df_price":119,"df_sale_price":"","df_regular_price":119,"df_image_link":"https:\/\/www.eliassen.nl\/wp-content\/uploads\/2025\/11\/Beeld-hout-Olifant-op-blok-47cm-eliassen.nl-1-225x300.jpg","image":"https:\/\/www.eliassen.nl\/wp-content\/uploads\/2025\/11\/Beeld-hout-Olifant-op-blok-47cm-eliassen.nl-1-150x150.jpg","price_search":"<span class=\"woocommerce-Price-amount amount\"><bdi><span class=\"woocommerce-Price-currencySymbol\">&euro;<\/span>&nbsp;119,00<\/bdi><\/span>","category":"Holzstatuen","global_unique_id":"6096544688624","_links":{"self":[{"href":"https:\/\/www.eliassen.nl\/de\/wp-json\/wp\/v2\/product\/197206","targetHints":{"allow":["GET"]}}],"collection":[{"href":"https:\/\/www.eliassen.nl\/de\/wp-json\/wp\/v2\/product"}],"about":[{"href":"https:\/\/www.eliassen.nl\/de\/wp-json\/wp\/v2\/types\/product"}],"wp:featuredmedia":[{"embeddable":true,"href":"https:\/\/www.eliassen.nl\/de\/wp-json\/wp\/v2\/media\/196764"}],"wp:attachment":[{"href":"https:\/\/www.eliassen.nl\/de\/wp-json\/wp\/v2\/media?parent=197206"}],"wp:term":[{"taxonomy":"product_brand","embeddable":true,"href":"https:\/\/www.eliassen.nl\/de\/wp-json\/wp\/v2\/product_brand?post=197206"},{"taxonomy":"product_cat","embeddable":true,"href":"https:\/\/www.eliassen.nl\/de\/wp-json\/wp\/v2\/product_cat?post=197206"},{"taxonomy":"product_tag","embeddable":true,"href":"https:\/\/www.eliassen.nl\/de\/wp-json\/wp\/v2\/product_tag?post=197206"}],"curies":[{"name":"wp","href":"https:\/\/api.w.org\/{rel}","templated":true}]}}