{"id":197194,"date":"2025-11-12T15:26:33","date_gmt":"2025-11-12T14:26:33","guid":{"rendered":"https:\/\/www.eliassen.nl\/product\/kerzenstaender-aus-holz-natuerlicher-stumpf-3-kerzen-60cm\/"},"modified":"2026-01-16T16:11:00","modified_gmt":"2026-01-16T15:11:00","slug":"kerzenstaender-aus-holz-natuerlicher-stumpf-3-kerzen-60cm","status":"publish","type":"product","link":"https:\/\/www.eliassen.nl\/de\/kerzenstaender-aus-holz-natuerlicher-stumpf-3-kerzen-60cm\/","title":{"rendered":"Kerzenst\u00e4nder aus Holz nat\u00fcrlicher Stumpf 3 Kerzen 60cm"},"content":{"rendered":"<p>Wundersch\u00f6nes Dekorationsst\u00fcck, dieser Kerzenhalter f\u00fcr 3 Kerzen aus einem nat\u00fcrlichen Stumpf aus Suar-Holz.<\/p>\n<p>Suar-Holz hat die Eigenschaft, dass es kontrastreiche Farben aufweist. Helles Holz kann direkt neben dunklem Holz stehen. Es ist normal, dass diese Farbunterschiede auch bei diesem St\u00fcck sichtbar sind. Leider k\u00f6nnen dazu keine Angaben gemacht werden.<\/p>\n<p>Da es sich um ein Naturprodukt handelt, ist das Foto nur ein Beispiel, so dass Ihr erhaltenes Modell davon abweichen kann.<\/p>\n<ul>\n<li>Gr\u00f6\u00dfe: ca. 60cm<\/li>\n<li>Material: Massivholz Suar, leicht ge\u00f6lt<\/li>\n<li>Ausgenommen<\/li>\n<li>Eigene Aktie<\/li>\n<li>Das Aufstellen im Freien ist erlaubt, aber das Holz wird dann grau und es k\u00f6nnen Risse entstehen.<\/li>\n<\/ul>\n","protected":false},"excerpt":{"rendered":"<p>Nat\u00fcrliches Stumpfsuarholz.<\/p>\n","protected":false},"featured_media":197040,"template":"","meta":{"_acf_changed":false,"_genesis_title":"","_genesis_description":""},"product_brand":[7505],"product_cat":[1367,7239],"product_tag":[],"class_list":{"0":"post-197194","1":"product","2":"type-product","3":"status-publish","4":"has-post-thumbnail","6":"product_brand-sonstige","7":"product_cat-holzstatuen","8":"product_cat-bilder","10":"first","11":"outofstock","12":"taxable","13":"shipping-taxable","14":"purchasable","15":"product-type-simple"},"acf":[],"meta_all":{"total_sales":"2","cor_restricted_countries":[]},"meta_all_flat":{"total_sales":"2"},"yoast_head":"<!-- This site is optimized with the Yoast SEO Premium plugin v26.2 (Yoast SEO v27.2) - https:\/\/yoast.com\/product\/yoast-seo-premium-wordpress\/ -->\n<title>Sonstige Kerzenst\u00e4nder aus Holz nat\u00fcrlicher Stumpf 3 Kerzen 60cm - Eliassen.nl<\/title>\n<meta name=\"description\" content=\"Ein \u00e4u\u00dferst dekorativer Kerzenhalter aus einem nat\u00fcrlichen St\u00fcck Suarholz. Geeignet f\u00fcr drei Kerzen. Nat\u00fcrliches Aussehen. Schnelle Lieferung.\" \/>\n<meta name=\"robots\" content=\"index, follow, max-snippet:-1, max-image-preview:large, max-video-preview:-1\" \/>\n<link rel=\"canonical\" href=\"https:\/\/www.eliassen.nl\/de\/kerzenstaender-aus-holz-natuerlicher-stumpf-3-kerzen-60cm\/\" \/>\n<meta property=\"og:locale\" content=\"de_DE\" \/>\n<meta property=\"og:type\" content=\"article\" \/>\n<meta property=\"og:title\" content=\"Sonstige Kerzenst\u00e4nder aus Holz nat\u00fcrlicher Stumpf 3 Kerzen 60cm - Eliassen.nl\" \/>\n<meta property=\"og:description\" content=\"Ein \u00e4u\u00dferst dekorativer Kerzenhalter aus einem nat\u00fcrlichen St\u00fcck Suarholz. Geeignet f\u00fcr drei Kerzen. Nat\u00fcrliches Aussehen. Schnelle Lieferung.\" \/>\n<meta property=\"og:url\" content=\"https:\/\/www.eliassen.nl\/de\/kerzenstaender-aus-holz-natuerlicher-stumpf-3-kerzen-60cm\/\" \/>\n<meta property=\"og:site_name\" content=\"Eliassen.nl\" \/>\n<meta property=\"article:publisher\" content=\"https:\/\/www.facebook.com\/TuincentrumEliassenAmmerzoden\" \/>\n<meta property=\"article:modified_time\" content=\"2026-01-16T15:11:00+00:00\" \/>\n<meta property=\"og:image\" content=\"https:\/\/www.eliassen.nl\/wp-content\/uploads\/2025\/11\/Kaarshouder-van-hout-natuurlijke-stronk-3-kaarsen-60cm-eliassen.nl_-scaled.jpg\" \/>\n\t<meta property=\"og:image:width\" content=\"2560\" \/>\n\t<meta property=\"og:image:height\" content=\"1920\" \/>\n\t<meta property=\"og:image:type\" content=\"image\/jpeg\" \/>\n<meta name=\"twitter:card\" content=\"summary_large_image\" \/>\n<script type=\"application\/ld+json\" class=\"yoast-schema-graph\">{\"@context\":\"https:\/\/schema.org\",\"@graph\":[{\"@type\":\"WebPage\",\"@id\":\"https:\/\/www.eliassen.nl\/de\/kerzenstaender-aus-holz-natuerlicher-stumpf-3-kerzen-60cm\/\",\"url\":\"https:\/\/www.eliassen.nl\/de\/kerzenstaender-aus-holz-natuerlicher-stumpf-3-kerzen-60cm\/\",\"name\":\"Sonstige Kerzenst\u00e4nder aus Holz nat\u00fcrlicher Stumpf 3 Kerzen 60cm - Eliassen.nl\",\"isPartOf\":{\"@id\":\"https:\/\/www.eliassen.nl\/de\/#website\"},\"primaryImageOfPage\":{\"@id\":\"https:\/\/www.eliassen.nl\/de\/kerzenstaender-aus-holz-natuerlicher-stumpf-3-kerzen-60cm\/#primaryimage\"},\"image\":{\"@id\":\"https:\/\/www.eliassen.nl\/de\/kerzenstaender-aus-holz-natuerlicher-stumpf-3-kerzen-60cm\/#primaryimage\"},\"thumbnailUrl\":\"https:\/\/www.eliassen.nl\/wp-content\/uploads\/2025\/11\/Kaarshouder-van-hout-natuurlijke-stronk-3-kaarsen-60cm-eliassen.nl_-scaled.jpg\",\"datePublished\":\"2025-11-12T14:26:33+00:00\",\"dateModified\":\"2026-01-16T15:11:00+00:00\",\"description\":\"Ein \u00e4u\u00dferst dekorativer Kerzenhalter aus einem nat\u00fcrlichen St\u00fcck Suarholz. Geeignet f\u00fcr drei Kerzen. Nat\u00fcrliches Aussehen. Schnelle Lieferung.\",\"breadcrumb\":{\"@id\":\"https:\/\/www.eliassen.nl\/de\/kerzenstaender-aus-holz-natuerlicher-stumpf-3-kerzen-60cm\/#breadcrumb\"},\"inLanguage\":\"de\",\"potentialAction\":[{\"@type\":\"ReadAction\",\"target\":[\"https:\/\/www.eliassen.nl\/de\/kerzenstaender-aus-holz-natuerlicher-stumpf-3-kerzen-60cm\/\"]}]},{\"@type\":\"ImageObject\",\"inLanguage\":\"de\",\"@id\":\"https:\/\/www.eliassen.nl\/de\/kerzenstaender-aus-holz-natuerlicher-stumpf-3-kerzen-60cm\/#primaryimage\",\"url\":\"https:\/\/www.eliassen.nl\/wp-content\/uploads\/2025\/11\/Kaarshouder-van-hout-natuurlijke-stronk-3-kaarsen-60cm-eliassen.nl_-scaled.jpg\",\"contentUrl\":\"https:\/\/www.eliassen.nl\/wp-content\/uploads\/2025\/11\/Kaarshouder-van-hout-natuurlijke-stronk-3-kaarsen-60cm-eliassen.nl_-scaled.jpg\",\"width\":2560,\"height\":1920,\"caption\":\"Kerzenst\u00e4nder aus Holz nat\u00fcrlicher Stumpf 3 Kerzen 60cm eliassen.nl\"},{\"@type\":\"BreadcrumbList\",\"@id\":\"https:\/\/www.eliassen.nl\/de\/kerzenstaender-aus-holz-natuerlicher-stumpf-3-kerzen-60cm\/#breadcrumb\",\"itemListElement\":[{\"@type\":\"ListItem\",\"position\":1,\"name\":\"Home\",\"item\":\"https:\/\/www.eliassen.nl\/de\/\"},{\"@type\":\"ListItem\",\"position\":2,\"name\":\"Shop\",\"item\":\"https:\/\/www.eliassen.nl\/de\/shop\/\"},{\"@type\":\"ListItem\",\"position\":3,\"name\":\"Bilder\",\"item\":\"https:\/\/www.eliassen.nl\/de\/bilder\/\"},{\"@type\":\"ListItem\",\"position\":4,\"name\":\"Holzstatuen\",\"item\":\"https:\/\/www.eliassen.nl\/de\/bilder\/holzstatuen\/\"},{\"@type\":\"ListItem\",\"position\":5,\"name\":\"Kerzenst\u00e4nder aus Holz nat\u00fcrlicher Stumpf 3 Kerzen 60cm\"}]},{\"@type\":\"WebSite\",\"@id\":\"https:\/\/www.eliassen.nl\/de\/#website\",\"url\":\"https:\/\/www.eliassen.nl\/de\/\",\"name\":\"Eliassen Home & Garden Pleasure\",\"description\":\"\",\"publisher\":{\"@id\":\"https:\/\/www.eliassen.nl\/de\/#organization\"},\"alternateName\":\"Eliassen.nl\",\"potentialAction\":[{\"@type\":\"SearchAction\",\"target\":{\"@type\":\"EntryPoint\",\"urlTemplate\":\"https:\/\/www.eliassen.nl\/de\/?s={search_term_string}\"},\"query-input\":{\"@type\":\"PropertyValueSpecification\",\"valueRequired\":true,\"valueName\":\"search_term_string\"}}],\"inLanguage\":\"de\"},{\"@type\":[\"Organization\",\"Place\"],\"@id\":\"https:\/\/www.eliassen.nl\/de\/#organization\",\"name\":\"Eliassen Home & Garden Pleasure\",\"url\":\"https:\/\/www.eliassen.nl\/de\/\",\"logo\":{\"@id\":\"https:\/\/www.eliassen.nl\/de\/kerzenstaender-aus-holz-natuerlicher-stumpf-3-kerzen-60cm\/#local-main-organization-logo\"},\"image\":{\"@id\":\"https:\/\/www.eliassen.nl\/de\/kerzenstaender-aus-holz-natuerlicher-stumpf-3-kerzen-60cm\/#local-main-organization-logo\"},\"sameAs\":[\"https:\/\/www.facebook.com\/TuincentrumEliassenAmmerzoden\",\"https:\/\/www.instagram.com\/eliassenhomeandgarden\/\",\"https:\/\/nl.pinterest.com\/eliassenhomeandgarden\/\",\"https:\/\/www.youtube.com\/@eliassenhomegardenpleasure4558\"],\"telephone\":[],\"openingHoursSpecification\":[{\"@type\":\"OpeningHoursSpecification\",\"dayOfWeek\":[\"Monday\",\"Tuesday\",\"Wednesday\",\"Thursday\",\"Friday\",\"Saturday\",\"Sunday\"],\"opens\":\"09:00\",\"closes\":\"17:00\"}]},{\"@type\":\"ImageObject\",\"inLanguage\":\"de\",\"@id\":\"https:\/\/www.eliassen.nl\/de\/kerzenstaender-aus-holz-natuerlicher-stumpf-3-kerzen-60cm\/#local-main-organization-logo\",\"url\":\"https:\/\/www.eliassen.nl\/wp-content\/uploads\/2024\/01\/logo_4nd.jpg\",\"contentUrl\":\"https:\/\/www.eliassen.nl\/wp-content\/uploads\/2024\/01\/logo_4nd.jpg\",\"width\":500,\"height\":500,\"caption\":\"Eliassen Home & Garden Pleasure\"}]}<\/script>\n<meta property=\"product:price:amount\" content=\"37.50\" \/>\n<meta property=\"product:price:currency\" content=\"EUR\" \/>\n<meta property=\"og:availability\" content=\"out of stock\" \/>\n<meta property=\"product:availability\" content=\"out of stock\" \/>\n<meta property=\"product:retailer_item_id\" content=\"SK183902\" \/>\n<meta property=\"product:condition\" content=\"new\" \/>\n<!-- \/ Yoast SEO Premium plugin. -->","yoast_head_json":{"title":"Sonstige Kerzenst\u00e4nder aus Holz nat\u00fcrlicher Stumpf 3 Kerzen 60cm - Eliassen.nl","description":"Ein \u00e4u\u00dferst dekorativer Kerzenhalter aus einem nat\u00fcrlichen St\u00fcck Suarholz. Geeignet f\u00fcr drei Kerzen. Nat\u00fcrliches Aussehen. Schnelle Lieferung.","robots":{"index":"index","follow":"follow","max-snippet":"max-snippet:-1","max-image-preview":"max-image-preview:large","max-video-preview":"max-video-preview:-1"},"canonical":"https:\/\/www.eliassen.nl\/de\/kerzenstaender-aus-holz-natuerlicher-stumpf-3-kerzen-60cm\/","og_locale":"de_DE","og_type":"article","og_title":"Sonstige Kerzenst\u00e4nder aus Holz nat\u00fcrlicher Stumpf 3 Kerzen 60cm - Eliassen.nl","og_description":"Ein \u00e4u\u00dferst dekorativer Kerzenhalter aus einem nat\u00fcrlichen St\u00fcck Suarholz. Geeignet f\u00fcr drei Kerzen. Nat\u00fcrliches Aussehen. Schnelle Lieferung.","og_url":"https:\/\/www.eliassen.nl\/de\/kerzenstaender-aus-holz-natuerlicher-stumpf-3-kerzen-60cm\/","og_site_name":"Eliassen.nl","article_publisher":"https:\/\/www.facebook.com\/TuincentrumEliassenAmmerzoden","article_modified_time":"2026-01-16T15:11:00+00:00","og_image":[{"width":2560,"height":1920,"url":"https:\/\/www.eliassen.nl\/wp-content\/uploads\/2025\/11\/Kaarshouder-van-hout-natuurlijke-stronk-3-kaarsen-60cm-eliassen.nl_-scaled.jpg","type":"image\/jpeg"}],"twitter_card":"summary_large_image","schema":{"@context":"https:\/\/schema.org","@graph":[{"@type":"WebPage","@id":"https:\/\/www.eliassen.nl\/de\/kerzenstaender-aus-holz-natuerlicher-stumpf-3-kerzen-60cm\/","url":"https:\/\/www.eliassen.nl\/de\/kerzenstaender-aus-holz-natuerlicher-stumpf-3-kerzen-60cm\/","name":"Sonstige Kerzenst\u00e4nder aus Holz nat\u00fcrlicher Stumpf 3 Kerzen 60cm - Eliassen.nl","isPartOf":{"@id":"https:\/\/www.eliassen.nl\/de\/#website"},"primaryImageOfPage":{"@id":"https:\/\/www.eliassen.nl\/de\/kerzenstaender-aus-holz-natuerlicher-stumpf-3-kerzen-60cm\/#primaryimage"},"image":{"@id":"https:\/\/www.eliassen.nl\/de\/kerzenstaender-aus-holz-natuerlicher-stumpf-3-kerzen-60cm\/#primaryimage"},"thumbnailUrl":"https:\/\/www.eliassen.nl\/wp-content\/uploads\/2025\/11\/Kaarshouder-van-hout-natuurlijke-stronk-3-kaarsen-60cm-eliassen.nl_-scaled.jpg","datePublished":"2025-11-12T14:26:33+00:00","dateModified":"2026-01-16T15:11:00+00:00","description":"Ein \u00e4u\u00dferst dekorativer Kerzenhalter aus einem nat\u00fcrlichen St\u00fcck Suarholz. Geeignet f\u00fcr drei Kerzen. Nat\u00fcrliches Aussehen. Schnelle Lieferung.","breadcrumb":{"@id":"https:\/\/www.eliassen.nl\/de\/kerzenstaender-aus-holz-natuerlicher-stumpf-3-kerzen-60cm\/#breadcrumb"},"inLanguage":"de","potentialAction":[{"@type":"ReadAction","target":["https:\/\/www.eliassen.nl\/de\/kerzenstaender-aus-holz-natuerlicher-stumpf-3-kerzen-60cm\/"]}]},{"@type":"ImageObject","inLanguage":"de","@id":"https:\/\/www.eliassen.nl\/de\/kerzenstaender-aus-holz-natuerlicher-stumpf-3-kerzen-60cm\/#primaryimage","url":"https:\/\/www.eliassen.nl\/wp-content\/uploads\/2025\/11\/Kaarshouder-van-hout-natuurlijke-stronk-3-kaarsen-60cm-eliassen.nl_-scaled.jpg","contentUrl":"https:\/\/www.eliassen.nl\/wp-content\/uploads\/2025\/11\/Kaarshouder-van-hout-natuurlijke-stronk-3-kaarsen-60cm-eliassen.nl_-scaled.jpg","width":2560,"height":1920,"caption":"Kerzenst\u00e4nder aus Holz nat\u00fcrlicher Stumpf 3 Kerzen 60cm eliassen.nl"},{"@type":"BreadcrumbList","@id":"https:\/\/www.eliassen.nl\/de\/kerzenstaender-aus-holz-natuerlicher-stumpf-3-kerzen-60cm\/#breadcrumb","itemListElement":[{"@type":"ListItem","position":1,"name":"Home","item":"https:\/\/www.eliassen.nl\/de\/"},{"@type":"ListItem","position":2,"name":"Shop","item":"https:\/\/www.eliassen.nl\/de\/shop\/"},{"@type":"ListItem","position":3,"name":"Bilder","item":"https:\/\/www.eliassen.nl\/de\/bilder\/"},{"@type":"ListItem","position":4,"name":"Holzstatuen","item":"https:\/\/www.eliassen.nl\/de\/bilder\/holzstatuen\/"},{"@type":"ListItem","position":5,"name":"Kerzenst\u00e4nder aus Holz nat\u00fcrlicher Stumpf 3 Kerzen 60cm"}]},{"@type":"WebSite","@id":"https:\/\/www.eliassen.nl\/de\/#website","url":"https:\/\/www.eliassen.nl\/de\/","name":"Eliassen Home & Garden Pleasure","description":"","publisher":{"@id":"https:\/\/www.eliassen.nl\/de\/#organization"},"alternateName":"Eliassen.nl","potentialAction":[{"@type":"SearchAction","target":{"@type":"EntryPoint","urlTemplate":"https:\/\/www.eliassen.nl\/de\/?s={search_term_string}"},"query-input":{"@type":"PropertyValueSpecification","valueRequired":true,"valueName":"search_term_string"}}],"inLanguage":"de"},{"@type":["Organization","Place"],"@id":"https:\/\/www.eliassen.nl\/de\/#organization","name":"Eliassen Home & Garden Pleasure","url":"https:\/\/www.eliassen.nl\/de\/","logo":{"@id":"https:\/\/www.eliassen.nl\/de\/kerzenstaender-aus-holz-natuerlicher-stumpf-3-kerzen-60cm\/#local-main-organization-logo"},"image":{"@id":"https:\/\/www.eliassen.nl\/de\/kerzenstaender-aus-holz-natuerlicher-stumpf-3-kerzen-60cm\/#local-main-organization-logo"},"sameAs":["https:\/\/www.facebook.com\/TuincentrumEliassenAmmerzoden","https:\/\/www.instagram.com\/eliassenhomeandgarden\/","https:\/\/nl.pinterest.com\/eliassenhomeandgarden\/","https:\/\/www.youtube.com\/@eliassenhomegardenpleasure4558"],"telephone":[],"openingHoursSpecification":[{"@type":"OpeningHoursSpecification","dayOfWeek":["Monday","Tuesday","Wednesday","Thursday","Friday","Saturday","Sunday"],"opens":"09:00","closes":"17:00"}]},{"@type":"ImageObject","inLanguage":"de","@id":"https:\/\/www.eliassen.nl\/de\/kerzenstaender-aus-holz-natuerlicher-stumpf-3-kerzen-60cm\/#local-main-organization-logo","url":"https:\/\/www.eliassen.nl\/wp-content\/uploads\/2024\/01\/logo_4nd.jpg","contentUrl":"https:\/\/www.eliassen.nl\/wp-content\/uploads\/2024\/01\/logo_4nd.jpg","width":500,"height":500,"caption":"Eliassen Home & Garden Pleasure"}]},"product_price_amount":"37.50","product_price_currency":"EUR","og_availability":"out of stock","product_availability":"out of stock","product_retailer_item_id":"SK183902","product_condition":"new"},"df_price":37.5,"df_sale_price":"","df_regular_price":37.5,"df_image_link":"https:\/\/www.eliassen.nl\/wp-content\/uploads\/2025\/11\/Kaarshouder-van-hout-natuurlijke-stronk-3-kaarsen-60cm-eliassen.nl_-300x225.jpg","image":"https:\/\/www.eliassen.nl\/wp-content\/uploads\/2025\/11\/Kaarshouder-van-hout-natuurlijke-stronk-3-kaarsen-60cm-eliassen.nl_-150x150.jpg","price_search":"<span class=\"woocommerce-Price-amount amount\"><bdi><span class=\"woocommerce-Price-currencySymbol\">&euro;<\/span>&nbsp;37,50<\/bdi><\/span>","category":"Holzstatuen","global_unique_id":"8720572183902","_links":{"self":[{"href":"https:\/\/www.eliassen.nl\/de\/wp-json\/wp\/v2\/product\/197194","targetHints":{"allow":["GET"]}}],"collection":[{"href":"https:\/\/www.eliassen.nl\/de\/wp-json\/wp\/v2\/product"}],"about":[{"href":"https:\/\/www.eliassen.nl\/de\/wp-json\/wp\/v2\/types\/product"}],"wp:featuredmedia":[{"embeddable":true,"href":"https:\/\/www.eliassen.nl\/de\/wp-json\/wp\/v2\/media\/197040"}],"wp:attachment":[{"href":"https:\/\/www.eliassen.nl\/de\/wp-json\/wp\/v2\/media?parent=197194"}],"wp:term":[{"taxonomy":"product_brand","embeddable":true,"href":"https:\/\/www.eliassen.nl\/de\/wp-json\/wp\/v2\/product_brand?post=197194"},{"taxonomy":"product_cat","embeddable":true,"href":"https:\/\/www.eliassen.nl\/de\/wp-json\/wp\/v2\/product_cat?post=197194"},{"taxonomy":"product_tag","embeddable":true,"href":"https:\/\/www.eliassen.nl\/de\/wp-json\/wp\/v2\/product_tag?post=197194"}],"curies":[{"name":"wp","href":"https:\/\/api.w.org\/{rel}","templated":true}]}}