{"id":197180,"date":"2025-11-13T09:40:30","date_gmt":"2025-11-13T08:40:30","guid":{"rendered":"https:\/\/www.eliassen.nl\/product\/speckstein-skulptur-paar-tanzt-in-rauem-stein-41cm\/"},"modified":"2026-01-16T16:12:11","modified_gmt":"2026-01-16T15:12:11","slug":"speckstein-skulptur-paar-tanzt-in-rauem-stein-41cm","status":"publish","type":"product","link":"https:\/\/www.eliassen.nl\/de\/speckstein-skulptur-paar-tanzt-in-rauem-stein-41cm\/","title":{"rendered":"Speckstein-Skulptur Paar tanzt in rauem Stein 41cm"},"content":{"rendered":"<p>G\u00f6nnen Sie sich oder jemand anderem eine handgefertigte Skulptur aus der Steinart Speckstein oder Serpentin. Diese Skulpturen werden mit \u00e4u\u00dferster Sorgfalt aus einem St\u00fcck Stein handgefertigt. Allesamt wundersch\u00f6ne Kunstwerke, die in Afrika, vor allem in Simbabwe, hergestellt wurden.<\/p>\n<p>Serpentin oder Speckstein, aus dem diese Skulpturen hergestellt werden, sind weiche Gesteinsarten, die in verschiedenen Farben haupts\u00e4chlich in Zentralafrika gefunden werden. Wundersch\u00f6n gl\u00e4nzend, in verschiedenen Farben, aber meist dunkelgrau.<\/p>\n<p>Diese Steinbrocken werden \u00fcber viele Stunden mit verschiedenen Werkzeugen bearbeitet, dann geschliffen und poliert, bis sie die richtige Gr\u00f6\u00dfe, Form und den richtigen Glanz haben.<\/p>\n<p>Diese Modellstatue, die ein tanzendes Paar darstellt, kann in Farbe und Form vom Foto abweichen, da es sich um ein handgefertigtes und nat\u00fcrliches Material handelt.<\/p>\n<ul>\n<li>Gr\u00f6\u00dfe 41cm hoch<\/li>\n<li>Material: Speckstein-Serpentin<\/li>\n<li>Farbe: schwarz\/grau<\/li>\n<li>F\u00fcr den Innen- und Au\u00dfenbereich geeignet<\/li>\n<li>Jede Figur einzigartig in Form und Farbe<\/li>\n<li>Auch in unserem Gesch\u00e4ft ausgestellt<\/li>\n<\/ul>\n","protected":false},"excerpt":{"rendered":"<p>Handgefertigte Tanzpaar-Skulptur aus Speckstein aus Simbabwe.<\/p>\n","protected":false},"featured_media":196124,"template":"","meta":{"_acf_changed":false,"_genesis_title":"","_genesis_description":""},"product_brand":[7505],"product_cat":[1382,7239],"product_tag":[],"class_list":{"0":"post-197180","1":"product","2":"type-product","3":"status-publish","4":"has-post-thumbnail","6":"product_brand-sonstige","7":"product_cat-statuen-aus-speckstein","8":"product_cat-bilder","10":"first","11":"outofstock","12":"taxable","13":"shipping-taxable","14":"purchasable","15":"product-type-simple"},"acf":[],"meta_all":{"total_sales":"1","cor_restricted_countries":[]},"meta_all_flat":{"total_sales":"1"},"yoast_head":"<!-- This site is optimized with the Yoast SEO Premium plugin v26.2 (Yoast SEO v27.2) - https:\/\/yoast.com\/product\/yoast-seo-premium-wordpress\/ -->\n<title>Sonstige Speckstein-Skulptur Paar tanzt in rauem Stein 41cm - Eliassen.nl<\/title>\n<meta name=\"description\" content=\"Handgefertigte Natursteinfiguren? Sehen Sie sich alle in unserem Webshop an, oder kommen Sie vorbei!!! \u2705 Gro\u00dfe eigene Aktien \u2705 Kaufen Sie vertrauensw\u00fcrdig \u2705 Sehen Sie auch live\" \/>\n<meta name=\"robots\" content=\"index, follow, max-snippet:-1, max-image-preview:large, max-video-preview:-1\" \/>\n<link rel=\"canonical\" href=\"https:\/\/www.eliassen.nl\/de\/speckstein-skulptur-paar-tanzt-in-rauem-stein-41cm\/\" \/>\n<meta property=\"og:locale\" content=\"de_DE\" \/>\n<meta property=\"og:type\" content=\"article\" \/>\n<meta property=\"og:title\" content=\"Sonstige Speckstein-Skulptur Paar tanzt in rauem Stein 41cm - Eliassen.nl\" \/>\n<meta property=\"og:description\" content=\"Handgefertigte Natursteinfiguren? Sehen Sie sich alle in unserem Webshop an, oder kommen Sie vorbei!!! \u2705 Gro\u00dfe eigene Aktien \u2705 Kaufen Sie vertrauensw\u00fcrdig \u2705 Sehen Sie auch live\" \/>\n<meta property=\"og:url\" content=\"https:\/\/www.eliassen.nl\/de\/speckstein-skulptur-paar-tanzt-in-rauem-stein-41cm\/\" \/>\n<meta property=\"og:site_name\" content=\"Eliassen.nl\" \/>\n<meta property=\"article:publisher\" content=\"https:\/\/www.facebook.com\/TuincentrumEliassenAmmerzoden\" \/>\n<meta property=\"article:modified_time\" content=\"2026-01-16T15:12:11+00:00\" \/>\n<meta property=\"og:image\" content=\"https:\/\/www.eliassen.nl\/wp-content\/uploads\/2025\/11\/Speksteen-beeld-koppel-dansend-in-ruwe-steen-41cm-eliassen.nl_-scaled.jpg\" \/>\n\t<meta property=\"og:image:width\" content=\"2560\" \/>\n\t<meta property=\"og:image:height\" content=\"1920\" \/>\n\t<meta property=\"og:image:type\" content=\"image\/jpeg\" \/>\n<meta name=\"twitter:card\" content=\"summary_large_image\" \/>\n<script type=\"application\/ld+json\" class=\"yoast-schema-graph\">{\"@context\":\"https:\/\/schema.org\",\"@graph\":[{\"@type\":\"WebPage\",\"@id\":\"https:\/\/www.eliassen.nl\/de\/speckstein-skulptur-paar-tanzt-in-rauem-stein-41cm\/\",\"url\":\"https:\/\/www.eliassen.nl\/de\/speckstein-skulptur-paar-tanzt-in-rauem-stein-41cm\/\",\"name\":\"Sonstige Speckstein-Skulptur Paar tanzt in rauem Stein 41cm - Eliassen.nl\",\"isPartOf\":{\"@id\":\"https:\/\/www.eliassen.nl\/de\/#website\"},\"primaryImageOfPage\":{\"@id\":\"https:\/\/www.eliassen.nl\/de\/speckstein-skulptur-paar-tanzt-in-rauem-stein-41cm\/#primaryimage\"},\"image\":{\"@id\":\"https:\/\/www.eliassen.nl\/de\/speckstein-skulptur-paar-tanzt-in-rauem-stein-41cm\/#primaryimage\"},\"thumbnailUrl\":\"https:\/\/www.eliassen.nl\/wp-content\/uploads\/2025\/11\/Speksteen-beeld-koppel-dansend-in-ruwe-steen-41cm-eliassen.nl_-scaled.jpg\",\"datePublished\":\"2025-11-13T08:40:30+00:00\",\"dateModified\":\"2026-01-16T15:12:11+00:00\",\"description\":\"Handgefertigte Natursteinfiguren? Sehen Sie sich alle in unserem Webshop an, oder kommen Sie vorbei!!! \u2705 Gro\u00dfe eigene Aktien \u2705 Kaufen Sie vertrauensw\u00fcrdig \u2705 Sehen Sie auch live\",\"breadcrumb\":{\"@id\":\"https:\/\/www.eliassen.nl\/de\/speckstein-skulptur-paar-tanzt-in-rauem-stein-41cm\/#breadcrumb\"},\"inLanguage\":\"de\",\"potentialAction\":[{\"@type\":\"ReadAction\",\"target\":[\"https:\/\/www.eliassen.nl\/de\/speckstein-skulptur-paar-tanzt-in-rauem-stein-41cm\/\"]}]},{\"@type\":\"ImageObject\",\"inLanguage\":\"de\",\"@id\":\"https:\/\/www.eliassen.nl\/de\/speckstein-skulptur-paar-tanzt-in-rauem-stein-41cm\/#primaryimage\",\"url\":\"https:\/\/www.eliassen.nl\/wp-content\/uploads\/2025\/11\/Speksteen-beeld-koppel-dansend-in-ruwe-steen-41cm-eliassen.nl_-scaled.jpg\",\"contentUrl\":\"https:\/\/www.eliassen.nl\/wp-content\/uploads\/2025\/11\/Speksteen-beeld-koppel-dansend-in-ruwe-steen-41cm-eliassen.nl_-scaled.jpg\",\"width\":2560,\"height\":1920,\"caption\":\"Speckstein Skulptur Paar tanzt in rauem Stein 41cm eliassen.nl\"},{\"@type\":\"BreadcrumbList\",\"@id\":\"https:\/\/www.eliassen.nl\/de\/speckstein-skulptur-paar-tanzt-in-rauem-stein-41cm\/#breadcrumb\",\"itemListElement\":[{\"@type\":\"ListItem\",\"position\":1,\"name\":\"Home\",\"item\":\"https:\/\/www.eliassen.nl\/de\/\"},{\"@type\":\"ListItem\",\"position\":2,\"name\":\"Shop\",\"item\":\"https:\/\/www.eliassen.nl\/de\/shop\/\"},{\"@type\":\"ListItem\",\"position\":3,\"name\":\"Bilder\",\"item\":\"https:\/\/www.eliassen.nl\/de\/bilder\/\"},{\"@type\":\"ListItem\",\"position\":4,\"name\":\"Statuen aus Speckstein\",\"item\":\"https:\/\/www.eliassen.nl\/de\/bilder\/statuen-aus-speckstein\/\"},{\"@type\":\"ListItem\",\"position\":5,\"name\":\"Speckstein-Skulptur Paar tanzt in rauem Stein 41cm\"}]},{\"@type\":\"WebSite\",\"@id\":\"https:\/\/www.eliassen.nl\/de\/#website\",\"url\":\"https:\/\/www.eliassen.nl\/de\/\",\"name\":\"Eliassen Home & Garden Pleasure\",\"description\":\"\",\"publisher\":{\"@id\":\"https:\/\/www.eliassen.nl\/de\/#organization\"},\"alternateName\":\"Eliassen.nl\",\"potentialAction\":[{\"@type\":\"SearchAction\",\"target\":{\"@type\":\"EntryPoint\",\"urlTemplate\":\"https:\/\/www.eliassen.nl\/de\/?s={search_term_string}\"},\"query-input\":{\"@type\":\"PropertyValueSpecification\",\"valueRequired\":true,\"valueName\":\"search_term_string\"}}],\"inLanguage\":\"de\"},{\"@type\":[\"Organization\",\"Place\"],\"@id\":\"https:\/\/www.eliassen.nl\/de\/#organization\",\"name\":\"Eliassen Home & Garden Pleasure\",\"url\":\"https:\/\/www.eliassen.nl\/de\/\",\"logo\":{\"@id\":\"https:\/\/www.eliassen.nl\/de\/speckstein-skulptur-paar-tanzt-in-rauem-stein-41cm\/#local-main-organization-logo\"},\"image\":{\"@id\":\"https:\/\/www.eliassen.nl\/de\/speckstein-skulptur-paar-tanzt-in-rauem-stein-41cm\/#local-main-organization-logo\"},\"sameAs\":[\"https:\/\/www.facebook.com\/TuincentrumEliassenAmmerzoden\",\"https:\/\/www.instagram.com\/eliassenhomeandgarden\/\",\"https:\/\/nl.pinterest.com\/eliassenhomeandgarden\/\",\"https:\/\/www.youtube.com\/@eliassenhomegardenpleasure4558\"],\"telephone\":[],\"openingHoursSpecification\":[{\"@type\":\"OpeningHoursSpecification\",\"dayOfWeek\":[\"Monday\",\"Tuesday\",\"Wednesday\",\"Thursday\",\"Friday\",\"Saturday\",\"Sunday\"],\"opens\":\"09:00\",\"closes\":\"17:00\"}]},{\"@type\":\"ImageObject\",\"inLanguage\":\"de\",\"@id\":\"https:\/\/www.eliassen.nl\/de\/speckstein-skulptur-paar-tanzt-in-rauem-stein-41cm\/#local-main-organization-logo\",\"url\":\"https:\/\/www.eliassen.nl\/wp-content\/uploads\/2024\/01\/logo_4nd.jpg\",\"contentUrl\":\"https:\/\/www.eliassen.nl\/wp-content\/uploads\/2024\/01\/logo_4nd.jpg\",\"width\":500,\"height\":500,\"caption\":\"Eliassen Home & Garden Pleasure\"}]}<\/script>\n<meta property=\"product:price:amount\" content=\"189.00\" \/>\n<meta property=\"product:price:currency\" content=\"EUR\" \/>\n<meta property=\"og:availability\" content=\"out of stock\" \/>\n<meta property=\"product:availability\" content=\"out of stock\" \/>\n<meta property=\"product:retailer_item_id\" content=\"004526\" \/>\n<meta property=\"product:condition\" content=\"new\" \/>\n<!-- \/ Yoast SEO Premium plugin. -->","yoast_head_json":{"title":"Sonstige Speckstein-Skulptur Paar tanzt in rauem Stein 41cm - Eliassen.nl","description":"Handgefertigte Natursteinfiguren? Sehen Sie sich alle in unserem Webshop an, oder kommen Sie vorbei!!! \u2705 Gro\u00dfe eigene Aktien \u2705 Kaufen Sie vertrauensw\u00fcrdig \u2705 Sehen Sie auch live","robots":{"index":"index","follow":"follow","max-snippet":"max-snippet:-1","max-image-preview":"max-image-preview:large","max-video-preview":"max-video-preview:-1"},"canonical":"https:\/\/www.eliassen.nl\/de\/speckstein-skulptur-paar-tanzt-in-rauem-stein-41cm\/","og_locale":"de_DE","og_type":"article","og_title":"Sonstige Speckstein-Skulptur Paar tanzt in rauem Stein 41cm - Eliassen.nl","og_description":"Handgefertigte Natursteinfiguren? Sehen Sie sich alle in unserem Webshop an, oder kommen Sie vorbei!!! \u2705 Gro\u00dfe eigene Aktien \u2705 Kaufen Sie vertrauensw\u00fcrdig \u2705 Sehen Sie auch live","og_url":"https:\/\/www.eliassen.nl\/de\/speckstein-skulptur-paar-tanzt-in-rauem-stein-41cm\/","og_site_name":"Eliassen.nl","article_publisher":"https:\/\/www.facebook.com\/TuincentrumEliassenAmmerzoden","article_modified_time":"2026-01-16T15:12:11+00:00","og_image":[{"width":2560,"height":1920,"url":"https:\/\/www.eliassen.nl\/wp-content\/uploads\/2025\/11\/Speksteen-beeld-koppel-dansend-in-ruwe-steen-41cm-eliassen.nl_-scaled.jpg","type":"image\/jpeg"}],"twitter_card":"summary_large_image","schema":{"@context":"https:\/\/schema.org","@graph":[{"@type":"WebPage","@id":"https:\/\/www.eliassen.nl\/de\/speckstein-skulptur-paar-tanzt-in-rauem-stein-41cm\/","url":"https:\/\/www.eliassen.nl\/de\/speckstein-skulptur-paar-tanzt-in-rauem-stein-41cm\/","name":"Sonstige Speckstein-Skulptur Paar tanzt in rauem Stein 41cm - Eliassen.nl","isPartOf":{"@id":"https:\/\/www.eliassen.nl\/de\/#website"},"primaryImageOfPage":{"@id":"https:\/\/www.eliassen.nl\/de\/speckstein-skulptur-paar-tanzt-in-rauem-stein-41cm\/#primaryimage"},"image":{"@id":"https:\/\/www.eliassen.nl\/de\/speckstein-skulptur-paar-tanzt-in-rauem-stein-41cm\/#primaryimage"},"thumbnailUrl":"https:\/\/www.eliassen.nl\/wp-content\/uploads\/2025\/11\/Speksteen-beeld-koppel-dansend-in-ruwe-steen-41cm-eliassen.nl_-scaled.jpg","datePublished":"2025-11-13T08:40:30+00:00","dateModified":"2026-01-16T15:12:11+00:00","description":"Handgefertigte Natursteinfiguren? Sehen Sie sich alle in unserem Webshop an, oder kommen Sie vorbei!!! \u2705 Gro\u00dfe eigene Aktien \u2705 Kaufen Sie vertrauensw\u00fcrdig \u2705 Sehen Sie auch live","breadcrumb":{"@id":"https:\/\/www.eliassen.nl\/de\/speckstein-skulptur-paar-tanzt-in-rauem-stein-41cm\/#breadcrumb"},"inLanguage":"de","potentialAction":[{"@type":"ReadAction","target":["https:\/\/www.eliassen.nl\/de\/speckstein-skulptur-paar-tanzt-in-rauem-stein-41cm\/"]}]},{"@type":"ImageObject","inLanguage":"de","@id":"https:\/\/www.eliassen.nl\/de\/speckstein-skulptur-paar-tanzt-in-rauem-stein-41cm\/#primaryimage","url":"https:\/\/www.eliassen.nl\/wp-content\/uploads\/2025\/11\/Speksteen-beeld-koppel-dansend-in-ruwe-steen-41cm-eliassen.nl_-scaled.jpg","contentUrl":"https:\/\/www.eliassen.nl\/wp-content\/uploads\/2025\/11\/Speksteen-beeld-koppel-dansend-in-ruwe-steen-41cm-eliassen.nl_-scaled.jpg","width":2560,"height":1920,"caption":"Speckstein Skulptur Paar tanzt in rauem Stein 41cm eliassen.nl"},{"@type":"BreadcrumbList","@id":"https:\/\/www.eliassen.nl\/de\/speckstein-skulptur-paar-tanzt-in-rauem-stein-41cm\/#breadcrumb","itemListElement":[{"@type":"ListItem","position":1,"name":"Home","item":"https:\/\/www.eliassen.nl\/de\/"},{"@type":"ListItem","position":2,"name":"Shop","item":"https:\/\/www.eliassen.nl\/de\/shop\/"},{"@type":"ListItem","position":3,"name":"Bilder","item":"https:\/\/www.eliassen.nl\/de\/bilder\/"},{"@type":"ListItem","position":4,"name":"Statuen aus Speckstein","item":"https:\/\/www.eliassen.nl\/de\/bilder\/statuen-aus-speckstein\/"},{"@type":"ListItem","position":5,"name":"Speckstein-Skulptur Paar tanzt in rauem Stein 41cm"}]},{"@type":"WebSite","@id":"https:\/\/www.eliassen.nl\/de\/#website","url":"https:\/\/www.eliassen.nl\/de\/","name":"Eliassen Home & Garden Pleasure","description":"","publisher":{"@id":"https:\/\/www.eliassen.nl\/de\/#organization"},"alternateName":"Eliassen.nl","potentialAction":[{"@type":"SearchAction","target":{"@type":"EntryPoint","urlTemplate":"https:\/\/www.eliassen.nl\/de\/?s={search_term_string}"},"query-input":{"@type":"PropertyValueSpecification","valueRequired":true,"valueName":"search_term_string"}}],"inLanguage":"de"},{"@type":["Organization","Place"],"@id":"https:\/\/www.eliassen.nl\/de\/#organization","name":"Eliassen Home & Garden Pleasure","url":"https:\/\/www.eliassen.nl\/de\/","logo":{"@id":"https:\/\/www.eliassen.nl\/de\/speckstein-skulptur-paar-tanzt-in-rauem-stein-41cm\/#local-main-organization-logo"},"image":{"@id":"https:\/\/www.eliassen.nl\/de\/speckstein-skulptur-paar-tanzt-in-rauem-stein-41cm\/#local-main-organization-logo"},"sameAs":["https:\/\/www.facebook.com\/TuincentrumEliassenAmmerzoden","https:\/\/www.instagram.com\/eliassenhomeandgarden\/","https:\/\/nl.pinterest.com\/eliassenhomeandgarden\/","https:\/\/www.youtube.com\/@eliassenhomegardenpleasure4558"],"telephone":[],"openingHoursSpecification":[{"@type":"OpeningHoursSpecification","dayOfWeek":["Monday","Tuesday","Wednesday","Thursday","Friday","Saturday","Sunday"],"opens":"09:00","closes":"17:00"}]},{"@type":"ImageObject","inLanguage":"de","@id":"https:\/\/www.eliassen.nl\/de\/speckstein-skulptur-paar-tanzt-in-rauem-stein-41cm\/#local-main-organization-logo","url":"https:\/\/www.eliassen.nl\/wp-content\/uploads\/2024\/01\/logo_4nd.jpg","contentUrl":"https:\/\/www.eliassen.nl\/wp-content\/uploads\/2024\/01\/logo_4nd.jpg","width":500,"height":500,"caption":"Eliassen Home & Garden Pleasure"}]},"product_price_amount":"189.00","product_price_currency":"EUR","og_availability":"out of stock","product_availability":"out of stock","product_retailer_item_id":"004526","product_condition":"new"},"df_price":189,"df_sale_price":"","df_regular_price":189,"df_image_link":"https:\/\/www.eliassen.nl\/wp-content\/uploads\/2025\/11\/Speksteen-beeld-koppel-dansend-in-ruwe-steen-41cm-eliassen.nl_-300x225.jpg","image":"https:\/\/www.eliassen.nl\/wp-content\/uploads\/2025\/11\/Speksteen-beeld-koppel-dansend-in-ruwe-steen-41cm-eliassen.nl_-150x150.jpg","price_search":"<span class=\"woocommerce-Price-amount amount\"><bdi><span class=\"woocommerce-Price-currencySymbol\">&euro;<\/span>&nbsp;189,00<\/bdi><\/span>","category":"Statuen aus Speckstein","global_unique_id":"8716881004526","_links":{"self":[{"href":"https:\/\/www.eliassen.nl\/de\/wp-json\/wp\/v2\/product\/197180","targetHints":{"allow":["GET"]}}],"collection":[{"href":"https:\/\/www.eliassen.nl\/de\/wp-json\/wp\/v2\/product"}],"about":[{"href":"https:\/\/www.eliassen.nl\/de\/wp-json\/wp\/v2\/types\/product"}],"wp:featuredmedia":[{"embeddable":true,"href":"https:\/\/www.eliassen.nl\/de\/wp-json\/wp\/v2\/media\/196124"}],"wp:attachment":[{"href":"https:\/\/www.eliassen.nl\/de\/wp-json\/wp\/v2\/media?parent=197180"}],"wp:term":[{"taxonomy":"product_brand","embeddable":true,"href":"https:\/\/www.eliassen.nl\/de\/wp-json\/wp\/v2\/product_brand?post=197180"},{"taxonomy":"product_cat","embeddable":true,"href":"https:\/\/www.eliassen.nl\/de\/wp-json\/wp\/v2\/product_cat?post=197180"},{"taxonomy":"product_tag","embeddable":true,"href":"https:\/\/www.eliassen.nl\/de\/wp-json\/wp\/v2\/product_tag?post=197180"}],"curies":[{"name":"wp","href":"https:\/\/api.w.org\/{rel}","templated":true}]}}