{"id":197162,"date":"2025-11-13T09:12:55","date_gmt":"2025-11-13T08:12:55","guid":{"rendered":"https:\/\/www.eliassen.nl\/product\/modellboot-titanic-holz-100cm\/"},"modified":"2026-04-14T14:15:17","modified_gmt":"2026-04-14T12:15:17","slug":"modellboot-titanic-holz-100cm","status":"publish","type":"product","link":"https:\/\/www.eliassen.nl\/de\/modellboot-titanic-holz-100cm\/","title":{"rendered":"Modellboot Titanic Holz 100cm"},"content":{"rendered":"<p class=\"x_MsoNormal\" data-olk-copy-source=\"MessageBody\">Sch\u00f6nes Holzmodell des ber\u00fchmten Schiffes TITANIC in 100 cm L\u00e4nge. Vollst\u00e4ndig handgefertigt und nur aus Holzteilen zusammengesetzt.<\/p>\n<p class=\"x_MsoNormal\">Dieses ma\u00dfstabsgetreue Schiffsmodell aus Holz wird an einem prominenten Platz in Ihrer Wohnung oder an Ihrem Arbeitsplatz f\u00fcr Gespr\u00e4chsstoff sorgen.<\/p>\n<p class=\"x_MsoNormal\">Der Ozeandampfer Titanic war ein sehr luxuri\u00f6ses Passagierschiff, das auf seiner Jungfernfahrt am 14. April 1912 mit einem Eisberg kollidierte und kurz darauf sank, was den Tod von mehr als 1.500 Menschen an Bord zur Folge hatte. Das Schiff, das der Reederei White Star Line geh\u00f6rte, galt damals als eine technische Genialit\u00e4t der Seefahrt. Man ging davon aus, dass die Titanic nicht sinken konnte, weil das Schiff mit vielen Sicherheitsvorkehrungen, wie zum Beispiel wasserdichten Abteilungen, ausgestattet war. Dieses Schiffsungl\u00fcck machte gro\u00dfen Eindruck und f\u00fchrte zu verbesserten Sicherheitsvorschriften auf See.<\/p>\n<p class=\"x_MsoNormal\">Gr\u00f6\u00dfen: 11cm breit, 100cm lang und 34cm hoch<\/p>\n<p class=\"x_MsoNormal\">Material: Holz, Kordel und Leinen<\/p>\n<p class=\"x_MsoNormal\">Auf stabilem St\u00e4nder<\/p>\n<p class=\"x_MsoNormal\">Sehen Sie auch live bei uns<\/p>\n<p class=\"x_MsoNormal\">Verpackt in einem stabilen Karton.<\/p>\n<p class=\"x_MsoNormal\" aria-hidden=\"true\">\n","protected":false},"excerpt":{"rendered":"<p>\u2713 Vollst\u00e4ndig handgefertigt \u2713 Aus Holz, Leinen und Kordel \u2713 Ein wundersch\u00f6nes Dekost\u00fcck<\/p>\n","protected":false},"featured_media":195293,"template":"","meta":{"_acf_changed":false,"_genesis_title":"","_genesis_description":""},"product_brand":[7505],"product_cat":[659,950],"product_tag":[7371],"class_list":{"0":"post-197162","1":"product","2":"type-product","3":"status-publish","4":"has-post-thumbnail","6":"product_brand-sonstige","7":"product_cat-dekoration-aus-metall","8":"product_cat-schiffsmodelle","9":"product_tag-kunststoff-wasserornamente","11":"first","12":"instock","13":"taxable","14":"shipping-taxable","15":"purchasable","16":"product-type-simple"},"acf":[],"meta_all":{"total_sales":"1","cor_restricted_countries":[]},"meta_all_flat":{"total_sales":"1"},"yoast_head":"<!-- This site is optimized with the Yoast SEO Premium plugin v26.2 (Yoast SEO v27.2) - https:\/\/yoast.com\/product\/yoast-seo-premium-wordpress\/ -->\n<title>Sonstige Modellboot Titanic Holz 100cm - Eliassen.nl<\/title>\n<meta name=\"description\" content=\"Ein wundersch\u00f6nes handgefertigtes Modellboot der Titanic. Komplett aus Holz, Leinen und Schnur gefertigt. Eine sehr sch\u00f6ne Dekoration f\u00fcr Ihr Zuhause oder Ihr Gesch\u00e4ft. 100cm lang.\" \/>\n<meta name=\"robots\" content=\"index, follow, max-snippet:-1, max-image-preview:large, max-video-preview:-1\" \/>\n<link rel=\"canonical\" href=\"https:\/\/www.eliassen.nl\/de\/modellboot-titanic-holz-100cm\/\" \/>\n<meta property=\"og:locale\" content=\"de_DE\" \/>\n<meta property=\"og:type\" content=\"article\" \/>\n<meta property=\"og:title\" content=\"Sonstige Modellboot Titanic Holz 100cm - Eliassen.nl\" \/>\n<meta property=\"og:description\" content=\"Ein wundersch\u00f6nes handgefertigtes Modellboot der Titanic. Komplett aus Holz, Leinen und Schnur gefertigt. Eine sehr sch\u00f6ne Dekoration f\u00fcr Ihr Zuhause oder Ihr Gesch\u00e4ft. 100cm lang.\" \/>\n<meta property=\"og:url\" content=\"https:\/\/www.eliassen.nl\/de\/modellboot-titanic-holz-100cm\/\" \/>\n<meta property=\"og:site_name\" content=\"Eliassen.nl\" \/>\n<meta property=\"article:publisher\" content=\"https:\/\/www.facebook.com\/TuincentrumEliassenAmmerzoden\" \/>\n<meta property=\"article:modified_time\" content=\"2026-04-14T12:15:17+00:00\" \/>\n<meta property=\"og:image\" content=\"https:\/\/www.eliassen.nl\/wp-content\/uploads\/2025\/10\/Model-Titanic-hout-Eliassen.nl-100cm-scaled.jpg\" \/>\n\t<meta property=\"og:image:width\" content=\"2560\" \/>\n\t<meta property=\"og:image:height\" content=\"1707\" \/>\n\t<meta property=\"og:image:type\" content=\"image\/jpeg\" \/>\n<meta name=\"twitter:card\" content=\"summary_large_image\" \/>\n<script type=\"application\/ld+json\" class=\"yoast-schema-graph\">{\"@context\":\"https:\/\/schema.org\",\"@graph\":[{\"@type\":\"WebPage\",\"@id\":\"https:\/\/www.eliassen.nl\/de\/modellboot-titanic-holz-100cm\/\",\"url\":\"https:\/\/www.eliassen.nl\/de\/modellboot-titanic-holz-100cm\/\",\"name\":\"Sonstige Modellboot Titanic Holz 100cm - Eliassen.nl\",\"isPartOf\":{\"@id\":\"https:\/\/www.eliassen.nl\/de\/#website\"},\"primaryImageOfPage\":{\"@id\":\"https:\/\/www.eliassen.nl\/de\/modellboot-titanic-holz-100cm\/#primaryimage\"},\"image\":{\"@id\":\"https:\/\/www.eliassen.nl\/de\/modellboot-titanic-holz-100cm\/#primaryimage\"},\"thumbnailUrl\":\"https:\/\/www.eliassen.nl\/wp-content\/uploads\/2025\/10\/Model-Titanic-hout-Eliassen.nl-100cm-scaled.jpg\",\"datePublished\":\"2025-11-13T08:12:55+00:00\",\"dateModified\":\"2026-04-14T12:15:17+00:00\",\"description\":\"Ein wundersch\u00f6nes handgefertigtes Modellboot der Titanic. Komplett aus Holz, Leinen und Schnur gefertigt. Eine sehr sch\u00f6ne Dekoration f\u00fcr Ihr Zuhause oder Ihr Gesch\u00e4ft. 100cm lang.\",\"breadcrumb\":{\"@id\":\"https:\/\/www.eliassen.nl\/de\/modellboot-titanic-holz-100cm\/#breadcrumb\"},\"inLanguage\":\"de\",\"potentialAction\":[{\"@type\":\"ReadAction\",\"target\":[\"https:\/\/www.eliassen.nl\/de\/modellboot-titanic-holz-100cm\/\"]}]},{\"@type\":\"ImageObject\",\"inLanguage\":\"de\",\"@id\":\"https:\/\/www.eliassen.nl\/de\/modellboot-titanic-holz-100cm\/#primaryimage\",\"url\":\"https:\/\/www.eliassen.nl\/wp-content\/uploads\/2025\/10\/Model-Titanic-hout-Eliassen.nl-100cm-scaled.jpg\",\"contentUrl\":\"https:\/\/www.eliassen.nl\/wp-content\/uploads\/2025\/10\/Model-Titanic-hout-Eliassen.nl-100cm-scaled.jpg\",\"width\":2560,\"height\":1707,\"caption\":\"Modell Titanic Holz Eliassen.nl 100cm\"},{\"@type\":\"BreadcrumbList\",\"@id\":\"https:\/\/www.eliassen.nl\/de\/modellboot-titanic-holz-100cm\/#breadcrumb\",\"itemListElement\":[{\"@type\":\"ListItem\",\"position\":1,\"name\":\"Home\",\"item\":\"https:\/\/www.eliassen.nl\/de\/\"},{\"@type\":\"ListItem\",\"position\":2,\"name\":\"Shop\",\"item\":\"https:\/\/www.eliassen.nl\/de\/shop\/\"},{\"@type\":\"ListItem\",\"position\":3,\"name\":\"Dekoration aus Metall\",\"item\":\"https:\/\/www.eliassen.nl\/de\/dekoration-aus-metall\/\"},{\"@type\":\"ListItem\",\"position\":4,\"name\":\"Schiffsmodelle\",\"item\":\"https:\/\/www.eliassen.nl\/de\/dekoration-aus-metall\/schiffsmodelle\/\"},{\"@type\":\"ListItem\",\"position\":5,\"name\":\"Modellboot Titanic Holz 100cm\"}]},{\"@type\":\"WebSite\",\"@id\":\"https:\/\/www.eliassen.nl\/de\/#website\",\"url\":\"https:\/\/www.eliassen.nl\/de\/\",\"name\":\"Eliassen Home & Garden Pleasure\",\"description\":\"\",\"publisher\":{\"@id\":\"https:\/\/www.eliassen.nl\/de\/#organization\"},\"alternateName\":\"Eliassen.nl\",\"potentialAction\":[{\"@type\":\"SearchAction\",\"target\":{\"@type\":\"EntryPoint\",\"urlTemplate\":\"https:\/\/www.eliassen.nl\/de\/?s={search_term_string}\"},\"query-input\":{\"@type\":\"PropertyValueSpecification\",\"valueRequired\":true,\"valueName\":\"search_term_string\"}}],\"inLanguage\":\"de\"},{\"@type\":[\"Organization\",\"Place\"],\"@id\":\"https:\/\/www.eliassen.nl\/de\/#organization\",\"name\":\"Eliassen Home & Garden Pleasure\",\"url\":\"https:\/\/www.eliassen.nl\/de\/\",\"logo\":{\"@id\":\"https:\/\/www.eliassen.nl\/de\/modellboot-titanic-holz-100cm\/#local-main-organization-logo\"},\"image\":{\"@id\":\"https:\/\/www.eliassen.nl\/de\/modellboot-titanic-holz-100cm\/#local-main-organization-logo\"},\"sameAs\":[\"https:\/\/www.facebook.com\/TuincentrumEliassenAmmerzoden\",\"https:\/\/www.instagram.com\/eliassenhomeandgarden\/\",\"https:\/\/nl.pinterest.com\/eliassenhomeandgarden\/\",\"https:\/\/www.youtube.com\/@eliassenhomegardenpleasure4558\"],\"telephone\":[],\"openingHoursSpecification\":[{\"@type\":\"OpeningHoursSpecification\",\"dayOfWeek\":[\"Monday\",\"Tuesday\",\"Wednesday\",\"Thursday\",\"Friday\",\"Saturday\",\"Sunday\"],\"opens\":\"09:00\",\"closes\":\"17:00\"}]},{\"@type\":\"ImageObject\",\"inLanguage\":\"de\",\"@id\":\"https:\/\/www.eliassen.nl\/de\/modellboot-titanic-holz-100cm\/#local-main-organization-logo\",\"url\":\"https:\/\/www.eliassen.nl\/wp-content\/uploads\/2024\/01\/logo_4nd.jpg\",\"contentUrl\":\"https:\/\/www.eliassen.nl\/wp-content\/uploads\/2024\/01\/logo_4nd.jpg\",\"width\":500,\"height\":500,\"caption\":\"Eliassen Home & Garden Pleasure\"}]}<\/script>\n<meta property=\"product:price:amount\" content=\"399.00\" \/>\n<meta property=\"product:price:currency\" content=\"EUR\" \/>\n<meta property=\"og:availability\" content=\"instock\" \/>\n<meta property=\"product:availability\" content=\"instock\" \/>\n<meta property=\"product:retailer_item_id\" content=\"cs0003p-100\" \/>\n<meta property=\"product:condition\" content=\"new\" \/>\n<!-- \/ Yoast SEO Premium plugin. -->","yoast_head_json":{"title":"Sonstige Modellboot Titanic Holz 100cm - Eliassen.nl","description":"Ein wundersch\u00f6nes handgefertigtes Modellboot der Titanic. Komplett aus Holz, Leinen und Schnur gefertigt. Eine sehr sch\u00f6ne Dekoration f\u00fcr Ihr Zuhause oder Ihr Gesch\u00e4ft. 100cm lang.","robots":{"index":"index","follow":"follow","max-snippet":"max-snippet:-1","max-image-preview":"max-image-preview:large","max-video-preview":"max-video-preview:-1"},"canonical":"https:\/\/www.eliassen.nl\/de\/modellboot-titanic-holz-100cm\/","og_locale":"de_DE","og_type":"article","og_title":"Sonstige Modellboot Titanic Holz 100cm - Eliassen.nl","og_description":"Ein wundersch\u00f6nes handgefertigtes Modellboot der Titanic. Komplett aus Holz, Leinen und Schnur gefertigt. Eine sehr sch\u00f6ne Dekoration f\u00fcr Ihr Zuhause oder Ihr Gesch\u00e4ft. 100cm lang.","og_url":"https:\/\/www.eliassen.nl\/de\/modellboot-titanic-holz-100cm\/","og_site_name":"Eliassen.nl","article_publisher":"https:\/\/www.facebook.com\/TuincentrumEliassenAmmerzoden","article_modified_time":"2026-04-14T12:15:17+00:00","og_image":[{"width":2560,"height":1707,"url":"https:\/\/www.eliassen.nl\/wp-content\/uploads\/2025\/10\/Model-Titanic-hout-Eliassen.nl-100cm-scaled.jpg","type":"image\/jpeg"}],"twitter_card":"summary_large_image","schema":{"@context":"https:\/\/schema.org","@graph":[{"@type":"WebPage","@id":"https:\/\/www.eliassen.nl\/de\/modellboot-titanic-holz-100cm\/","url":"https:\/\/www.eliassen.nl\/de\/modellboot-titanic-holz-100cm\/","name":"Sonstige Modellboot Titanic Holz 100cm - Eliassen.nl","isPartOf":{"@id":"https:\/\/www.eliassen.nl\/de\/#website"},"primaryImageOfPage":{"@id":"https:\/\/www.eliassen.nl\/de\/modellboot-titanic-holz-100cm\/#primaryimage"},"image":{"@id":"https:\/\/www.eliassen.nl\/de\/modellboot-titanic-holz-100cm\/#primaryimage"},"thumbnailUrl":"https:\/\/www.eliassen.nl\/wp-content\/uploads\/2025\/10\/Model-Titanic-hout-Eliassen.nl-100cm-scaled.jpg","datePublished":"2025-11-13T08:12:55+00:00","dateModified":"2026-04-14T12:15:17+00:00","description":"Ein wundersch\u00f6nes handgefertigtes Modellboot der Titanic. Komplett aus Holz, Leinen und Schnur gefertigt. Eine sehr sch\u00f6ne Dekoration f\u00fcr Ihr Zuhause oder Ihr Gesch\u00e4ft. 100cm lang.","breadcrumb":{"@id":"https:\/\/www.eliassen.nl\/de\/modellboot-titanic-holz-100cm\/#breadcrumb"},"inLanguage":"de","potentialAction":[{"@type":"ReadAction","target":["https:\/\/www.eliassen.nl\/de\/modellboot-titanic-holz-100cm\/"]}]},{"@type":"ImageObject","inLanguage":"de","@id":"https:\/\/www.eliassen.nl\/de\/modellboot-titanic-holz-100cm\/#primaryimage","url":"https:\/\/www.eliassen.nl\/wp-content\/uploads\/2025\/10\/Model-Titanic-hout-Eliassen.nl-100cm-scaled.jpg","contentUrl":"https:\/\/www.eliassen.nl\/wp-content\/uploads\/2025\/10\/Model-Titanic-hout-Eliassen.nl-100cm-scaled.jpg","width":2560,"height":1707,"caption":"Modell Titanic Holz Eliassen.nl 100cm"},{"@type":"BreadcrumbList","@id":"https:\/\/www.eliassen.nl\/de\/modellboot-titanic-holz-100cm\/#breadcrumb","itemListElement":[{"@type":"ListItem","position":1,"name":"Home","item":"https:\/\/www.eliassen.nl\/de\/"},{"@type":"ListItem","position":2,"name":"Shop","item":"https:\/\/www.eliassen.nl\/de\/shop\/"},{"@type":"ListItem","position":3,"name":"Dekoration aus Metall","item":"https:\/\/www.eliassen.nl\/de\/dekoration-aus-metall\/"},{"@type":"ListItem","position":4,"name":"Schiffsmodelle","item":"https:\/\/www.eliassen.nl\/de\/dekoration-aus-metall\/schiffsmodelle\/"},{"@type":"ListItem","position":5,"name":"Modellboot Titanic Holz 100cm"}]},{"@type":"WebSite","@id":"https:\/\/www.eliassen.nl\/de\/#website","url":"https:\/\/www.eliassen.nl\/de\/","name":"Eliassen Home & Garden Pleasure","description":"","publisher":{"@id":"https:\/\/www.eliassen.nl\/de\/#organization"},"alternateName":"Eliassen.nl","potentialAction":[{"@type":"SearchAction","target":{"@type":"EntryPoint","urlTemplate":"https:\/\/www.eliassen.nl\/de\/?s={search_term_string}"},"query-input":{"@type":"PropertyValueSpecification","valueRequired":true,"valueName":"search_term_string"}}],"inLanguage":"de"},{"@type":["Organization","Place"],"@id":"https:\/\/www.eliassen.nl\/de\/#organization","name":"Eliassen Home & Garden Pleasure","url":"https:\/\/www.eliassen.nl\/de\/","logo":{"@id":"https:\/\/www.eliassen.nl\/de\/modellboot-titanic-holz-100cm\/#local-main-organization-logo"},"image":{"@id":"https:\/\/www.eliassen.nl\/de\/modellboot-titanic-holz-100cm\/#local-main-organization-logo"},"sameAs":["https:\/\/www.facebook.com\/TuincentrumEliassenAmmerzoden","https:\/\/www.instagram.com\/eliassenhomeandgarden\/","https:\/\/nl.pinterest.com\/eliassenhomeandgarden\/","https:\/\/www.youtube.com\/@eliassenhomegardenpleasure4558"],"telephone":[],"openingHoursSpecification":[{"@type":"OpeningHoursSpecification","dayOfWeek":["Monday","Tuesday","Wednesday","Thursday","Friday","Saturday","Sunday"],"opens":"09:00","closes":"17:00"}]},{"@type":"ImageObject","inLanguage":"de","@id":"https:\/\/www.eliassen.nl\/de\/modellboot-titanic-holz-100cm\/#local-main-organization-logo","url":"https:\/\/www.eliassen.nl\/wp-content\/uploads\/2024\/01\/logo_4nd.jpg","contentUrl":"https:\/\/www.eliassen.nl\/wp-content\/uploads\/2024\/01\/logo_4nd.jpg","width":500,"height":500,"caption":"Eliassen Home & Garden Pleasure"}]},"product_price_amount":"399.00","product_price_currency":"EUR","og_availability":"instock","product_availability":"instock","product_retailer_item_id":"cs0003p-100","product_condition":"new"},"df_price":399,"df_sale_price":"","df_regular_price":399,"df_image_link":"https:\/\/www.eliassen.nl\/wp-content\/uploads\/2025\/10\/Model-Titanic-hout-Eliassen.nl-100cm-300x200.jpg","image":"https:\/\/www.eliassen.nl\/wp-content\/uploads\/2025\/10\/Model-Titanic-hout-Eliassen.nl-100cm-150x150.jpg","price_search":"<span class=\"woocommerce-Price-amount amount\"><bdi><span class=\"woocommerce-Price-currencySymbol\">&euro;<\/span>&nbsp;399,00<\/bdi><\/span>","category":"Dekoration aus Metall","global_unique_id":"6096537059080","_links":{"self":[{"href":"https:\/\/www.eliassen.nl\/de\/wp-json\/wp\/v2\/product\/197162","targetHints":{"allow":["GET"]}}],"collection":[{"href":"https:\/\/www.eliassen.nl\/de\/wp-json\/wp\/v2\/product"}],"about":[{"href":"https:\/\/www.eliassen.nl\/de\/wp-json\/wp\/v2\/types\/product"}],"wp:featuredmedia":[{"embeddable":true,"href":"https:\/\/www.eliassen.nl\/de\/wp-json\/wp\/v2\/media\/195293"}],"wp:attachment":[{"href":"https:\/\/www.eliassen.nl\/de\/wp-json\/wp\/v2\/media?parent=197162"}],"wp:term":[{"taxonomy":"product_brand","embeddable":true,"href":"https:\/\/www.eliassen.nl\/de\/wp-json\/wp\/v2\/product_brand?post=197162"},{"taxonomy":"product_cat","embeddable":true,"href":"https:\/\/www.eliassen.nl\/de\/wp-json\/wp\/v2\/product_cat?post=197162"},{"taxonomy":"product_tag","embeddable":true,"href":"https:\/\/www.eliassen.nl\/de\/wp-json\/wp\/v2\/product_tag?post=197162"}],"curies":[{"name":"wp","href":"https:\/\/api.w.org\/{rel}","templated":true}]}}