{"id":196905,"date":"2025-03-27T12:01:39","date_gmt":"2025-03-27T11:01:39","guid":{"rendered":"https:\/\/www.eliassen.nl\/product\/cameo-glasvase-von-emile-galle-chrysantheme-32cm\/"},"modified":"2026-02-09T20:16:18","modified_gmt":"2026-02-09T19:16:18","slug":"cameo-glasvase-von-emile-galle-chrysantheme-32cm","status":"publish","type":"product","link":"https:\/\/www.eliassen.nl\/de\/cameo-glasvase-von-emile-galle-chrysantheme-32cm\/","title":{"rendered":"Cameo Glasvase von Emile Gall\u00e9 Chrysantheme 32cm"},"content":{"rendered":"<p>Wundersch\u00f6ne hohe Chrysanthemenvase aus Glas in einer schlanken Form, hergestellt in der alten Cameo-Technik, modelliert von dem weltber\u00fchmten Glask\u00fcnstler \u00c9mile Gall\u00e9.<\/p>\n<p>Kamee-Glas ist eine sch\u00f6ne und alte Form der Glaskunst. Das Glas wird auf verschiedene Weise bearbeitet, z.B. durch \u00c4tzen, Gravieren oder Schneiden. Sie erkennen Cameo-Glas daran, dass auf dem Objekt aus Cameo-Glas immer mehrere Glasschichten \u00fcbereinander aufgebracht sind, die in der Regel verschiedene Farben haben, wodurch ein sehr sch\u00f6ner Lichteffekt entsteht.<\/p>\n<ul>\n<li>Gr\u00f6\u00dfe: 32cm hoch<\/li>\n<li>Jedes Exemplar weicht vom Foto ab, da es handgefertigt ist.<\/li>\n<li>Sehen Sie auch live<\/li>\n<li>Schnelle Lieferung<\/li>\n<\/ul>\n","protected":false},"excerpt":{"rendered":"<p>Versch\u00f6nern Sie Ihr Interieur mit dieser stilvollen 32 cm hohen Cameo Glasvase, die mit detaillierten Chrysanthemen verziert ist. Die Vase hat eine schlanke Form und ist in einer frischen Kombination aus Blau, Wei\u00df und Orange gehalten, die mit der handwerklichen Technik von Emile Gall\u00e9 hergestellt wird. Die verschiedenen Glasschichten sorgen f\u00fcr einen einzigartigen Tiefeneffekt und ein wundersch\u00f6nes Spiel von Farben und Licht.<\/p>\n","protected":false},"featured_media":177772,"template":"","meta":{"_acf_changed":false,"_genesis_title":"","_genesis_description":""},"product_brand":[7505],"product_cat":[1202,800],"product_tag":[],"class_list":{"0":"post-196905","1":"product","2":"type-product","3":"status-publish","4":"has-post-thumbnail","6":"product_brand-sonstige","7":"product_cat-cameo-glaskollektion","8":"product_cat-glaskunst","10":"first","11":"instock","12":"taxable","13":"shipping-taxable","14":"purchasable","15":"product-type-simple"},"acf":[],"meta_all":{"total_sales":"0","cor_restricted_countries":[]},"meta_all_flat":{"total_sales":"0"},"yoast_head":"<!-- This site is optimized with the Yoast SEO Premium plugin v26.2 (Yoast SEO v27.2) - https:\/\/yoast.com\/product\/yoast-seo-premium-wordpress\/ -->\n<title>Sonstige Cameo Glasvase von Emile Gall\u00e9 Chrysantheme 32cm - Eliassen.nl<\/title>\n<meta name=\"description\" content=\"Bestellen Sie diese einzigartige Cameo-Glasvase (32 cm) mit Chrysanthemen-Dekor im Stil von Emile Gall\u00e9. Ein farbenfroher, handgefertigter Blickfang f\u00fcr Ihr Interieur. Sehen Sie es sich jetzt an!\" \/>\n<meta name=\"robots\" content=\"index, follow, max-snippet:-1, max-image-preview:large, max-video-preview:-1\" \/>\n<link rel=\"canonical\" href=\"https:\/\/www.eliassen.nl\/de\/cameo-glasvase-von-emile-galle-chrysantheme-32cm\/\" \/>\n<meta property=\"og:locale\" content=\"de_DE\" \/>\n<meta property=\"og:type\" content=\"article\" \/>\n<meta property=\"og:title\" content=\"Sonstige Cameo Glasvase von Emile Gall\u00e9 Chrysantheme 32cm - Eliassen.nl\" \/>\n<meta property=\"og:description\" content=\"Bestellen Sie diese einzigartige Cameo-Glasvase (32 cm) mit Chrysanthemen-Dekor im Stil von Emile Gall\u00e9. Ein farbenfroher, handgefertigter Blickfang f\u00fcr Ihr Interieur. Sehen Sie es sich jetzt an!\" \/>\n<meta property=\"og:url\" content=\"https:\/\/www.eliassen.nl\/de\/cameo-glasvase-von-emile-galle-chrysantheme-32cm\/\" \/>\n<meta property=\"og:site_name\" content=\"Eliassen.nl\" \/>\n<meta property=\"article:publisher\" content=\"https:\/\/www.facebook.com\/TuincentrumEliassenAmmerzoden\" \/>\n<meta property=\"article:modified_time\" content=\"2026-02-09T19:16:18+00:00\" \/>\n<meta property=\"og:image\" content=\"https:\/\/www.eliassen.nl\/wp-content\/uploads\/2025\/03\/Galle-glasvaas-Chrysant-blauw-Eliassen.nl-GV-88.jpg\" \/>\n\t<meta property=\"og:image:width\" content=\"560\" \/>\n\t<meta property=\"og:image:height\" content=\"560\" \/>\n\t<meta property=\"og:image:type\" content=\"image\/jpeg\" \/>\n<meta name=\"twitter:card\" content=\"summary_large_image\" \/>\n<script type=\"application\/ld+json\" class=\"yoast-schema-graph\">{\"@context\":\"https:\/\/schema.org\",\"@graph\":[{\"@type\":\"WebPage\",\"@id\":\"https:\/\/www.eliassen.nl\/de\/cameo-glasvase-von-emile-galle-chrysantheme-32cm\/\",\"url\":\"https:\/\/www.eliassen.nl\/de\/cameo-glasvase-von-emile-galle-chrysantheme-32cm\/\",\"name\":\"Sonstige Cameo Glasvase von Emile Gall\u00e9 Chrysantheme 32cm - Eliassen.nl\",\"isPartOf\":{\"@id\":\"https:\/\/www.eliassen.nl\/de\/#website\"},\"primaryImageOfPage\":{\"@id\":\"https:\/\/www.eliassen.nl\/de\/cameo-glasvase-von-emile-galle-chrysantheme-32cm\/#primaryimage\"},\"image\":{\"@id\":\"https:\/\/www.eliassen.nl\/de\/cameo-glasvase-von-emile-galle-chrysantheme-32cm\/#primaryimage\"},\"thumbnailUrl\":\"https:\/\/www.eliassen.nl\/wp-content\/uploads\/2025\/03\/Galle-glasvaas-Chrysant-blauw-Eliassen.nl-GV-88.jpg\",\"datePublished\":\"2025-03-27T11:01:39+00:00\",\"dateModified\":\"2026-02-09T19:16:18+00:00\",\"description\":\"Bestellen Sie diese einzigartige Cameo-Glasvase (32 cm) mit Chrysanthemen-Dekor im Stil von Emile Gall\u00e9. Ein farbenfroher, handgefertigter Blickfang f\u00fcr Ihr Interieur. Sehen Sie es sich jetzt an!\",\"breadcrumb\":{\"@id\":\"https:\/\/www.eliassen.nl\/de\/cameo-glasvase-von-emile-galle-chrysantheme-32cm\/#breadcrumb\"},\"inLanguage\":\"de\",\"potentialAction\":[{\"@type\":\"ReadAction\",\"target\":[\"https:\/\/www.eliassen.nl\/de\/cameo-glasvase-von-emile-galle-chrysantheme-32cm\/\"]}]},{\"@type\":\"ImageObject\",\"inLanguage\":\"de\",\"@id\":\"https:\/\/www.eliassen.nl\/de\/cameo-glasvase-von-emile-galle-chrysantheme-32cm\/#primaryimage\",\"url\":\"https:\/\/www.eliassen.nl\/wp-content\/uploads\/2025\/03\/Galle-glasvaas-Chrysant-blauw-Eliassen.nl-GV-88.jpg\",\"contentUrl\":\"https:\/\/www.eliassen.nl\/wp-content\/uploads\/2025\/03\/Galle-glasvaas-Chrysant-blauw-Eliassen.nl-GV-88.jpg\",\"width\":560,\"height\":560},{\"@type\":\"BreadcrumbList\",\"@id\":\"https:\/\/www.eliassen.nl\/de\/cameo-glasvase-von-emile-galle-chrysantheme-32cm\/#breadcrumb\",\"itemListElement\":[{\"@type\":\"ListItem\",\"position\":1,\"name\":\"Home\",\"item\":\"https:\/\/www.eliassen.nl\/de\/\"},{\"@type\":\"ListItem\",\"position\":2,\"name\":\"Shop\",\"item\":\"https:\/\/www.eliassen.nl\/de\/shop\/\"},{\"@type\":\"ListItem\",\"position\":3,\"name\":\"Glaskunst\",\"item\":\"https:\/\/www.eliassen.nl\/de\/glaskunst\/\"},{\"@type\":\"ListItem\",\"position\":4,\"name\":\"Cameo Glasvase von Emile Gall\u00e9 Chrysantheme 32cm\"}]},{\"@type\":\"WebSite\",\"@id\":\"https:\/\/www.eliassen.nl\/de\/#website\",\"url\":\"https:\/\/www.eliassen.nl\/de\/\",\"name\":\"Eliassen Home & Garden Pleasure\",\"description\":\"\",\"publisher\":{\"@id\":\"https:\/\/www.eliassen.nl\/de\/#organization\"},\"alternateName\":\"Eliassen.nl\",\"potentialAction\":[{\"@type\":\"SearchAction\",\"target\":{\"@type\":\"EntryPoint\",\"urlTemplate\":\"https:\/\/www.eliassen.nl\/de\/?s={search_term_string}\"},\"query-input\":{\"@type\":\"PropertyValueSpecification\",\"valueRequired\":true,\"valueName\":\"search_term_string\"}}],\"inLanguage\":\"de\"},{\"@type\":[\"Organization\",\"Place\"],\"@id\":\"https:\/\/www.eliassen.nl\/de\/#organization\",\"name\":\"Eliassen Home & Garden Pleasure\",\"url\":\"https:\/\/www.eliassen.nl\/de\/\",\"logo\":{\"@id\":\"https:\/\/www.eliassen.nl\/de\/cameo-glasvase-von-emile-galle-chrysantheme-32cm\/#local-main-organization-logo\"},\"image\":{\"@id\":\"https:\/\/www.eliassen.nl\/de\/cameo-glasvase-von-emile-galle-chrysantheme-32cm\/#local-main-organization-logo\"},\"sameAs\":[\"https:\/\/www.facebook.com\/TuincentrumEliassenAmmerzoden\",\"https:\/\/www.instagram.com\/eliassenhomeandgarden\/\",\"https:\/\/nl.pinterest.com\/eliassenhomeandgarden\/\",\"https:\/\/www.youtube.com\/@eliassenhomegardenpleasure4558\"],\"telephone\":[],\"openingHoursSpecification\":[{\"@type\":\"OpeningHoursSpecification\",\"dayOfWeek\":[\"Monday\",\"Tuesday\",\"Wednesday\",\"Thursday\",\"Friday\",\"Saturday\",\"Sunday\"],\"opens\":\"09:00\",\"closes\":\"17:00\"}]},{\"@type\":\"ImageObject\",\"inLanguage\":\"de\",\"@id\":\"https:\/\/www.eliassen.nl\/de\/cameo-glasvase-von-emile-galle-chrysantheme-32cm\/#local-main-organization-logo\",\"url\":\"https:\/\/www.eliassen.nl\/wp-content\/uploads\/2024\/01\/logo_4nd.jpg\",\"contentUrl\":\"https:\/\/www.eliassen.nl\/wp-content\/uploads\/2024\/01\/logo_4nd.jpg\",\"width\":500,\"height\":500,\"caption\":\"Eliassen Home & Garden Pleasure\"}]}<\/script>\n<meta property=\"product:price:amount\" content=\"169.00\" \/>\n<meta property=\"product:price:currency\" content=\"EUR\" \/>\n<meta property=\"og:availability\" content=\"instock\" \/>\n<meta property=\"product:availability\" content=\"instock\" \/>\n<meta property=\"product:retailer_item_id\" content=\"gv-88\" \/>\n<meta property=\"product:condition\" content=\"new\" \/>\n<!-- \/ Yoast SEO Premium plugin. -->","yoast_head_json":{"title":"Sonstige Cameo Glasvase von Emile Gall\u00e9 Chrysantheme 32cm - Eliassen.nl","description":"Bestellen Sie diese einzigartige Cameo-Glasvase (32 cm) mit Chrysanthemen-Dekor im Stil von Emile Gall\u00e9. Ein farbenfroher, handgefertigter Blickfang f\u00fcr Ihr Interieur. Sehen Sie es sich jetzt an!","robots":{"index":"index","follow":"follow","max-snippet":"max-snippet:-1","max-image-preview":"max-image-preview:large","max-video-preview":"max-video-preview:-1"},"canonical":"https:\/\/www.eliassen.nl\/de\/cameo-glasvase-von-emile-galle-chrysantheme-32cm\/","og_locale":"de_DE","og_type":"article","og_title":"Sonstige Cameo Glasvase von Emile Gall\u00e9 Chrysantheme 32cm - Eliassen.nl","og_description":"Bestellen Sie diese einzigartige Cameo-Glasvase (32 cm) mit Chrysanthemen-Dekor im Stil von Emile Gall\u00e9. Ein farbenfroher, handgefertigter Blickfang f\u00fcr Ihr Interieur. Sehen Sie es sich jetzt an!","og_url":"https:\/\/www.eliassen.nl\/de\/cameo-glasvase-von-emile-galle-chrysantheme-32cm\/","og_site_name":"Eliassen.nl","article_publisher":"https:\/\/www.facebook.com\/TuincentrumEliassenAmmerzoden","article_modified_time":"2026-02-09T19:16:18+00:00","og_image":[{"width":560,"height":560,"url":"https:\/\/www.eliassen.nl\/wp-content\/uploads\/2025\/03\/Galle-glasvaas-Chrysant-blauw-Eliassen.nl-GV-88.jpg","type":"image\/jpeg"}],"twitter_card":"summary_large_image","schema":{"@context":"https:\/\/schema.org","@graph":[{"@type":"WebPage","@id":"https:\/\/www.eliassen.nl\/de\/cameo-glasvase-von-emile-galle-chrysantheme-32cm\/","url":"https:\/\/www.eliassen.nl\/de\/cameo-glasvase-von-emile-galle-chrysantheme-32cm\/","name":"Sonstige Cameo Glasvase von Emile Gall\u00e9 Chrysantheme 32cm - Eliassen.nl","isPartOf":{"@id":"https:\/\/www.eliassen.nl\/de\/#website"},"primaryImageOfPage":{"@id":"https:\/\/www.eliassen.nl\/de\/cameo-glasvase-von-emile-galle-chrysantheme-32cm\/#primaryimage"},"image":{"@id":"https:\/\/www.eliassen.nl\/de\/cameo-glasvase-von-emile-galle-chrysantheme-32cm\/#primaryimage"},"thumbnailUrl":"https:\/\/www.eliassen.nl\/wp-content\/uploads\/2025\/03\/Galle-glasvaas-Chrysant-blauw-Eliassen.nl-GV-88.jpg","datePublished":"2025-03-27T11:01:39+00:00","dateModified":"2026-02-09T19:16:18+00:00","description":"Bestellen Sie diese einzigartige Cameo-Glasvase (32 cm) mit Chrysanthemen-Dekor im Stil von Emile Gall\u00e9. Ein farbenfroher, handgefertigter Blickfang f\u00fcr Ihr Interieur. Sehen Sie es sich jetzt an!","breadcrumb":{"@id":"https:\/\/www.eliassen.nl\/de\/cameo-glasvase-von-emile-galle-chrysantheme-32cm\/#breadcrumb"},"inLanguage":"de","potentialAction":[{"@type":"ReadAction","target":["https:\/\/www.eliassen.nl\/de\/cameo-glasvase-von-emile-galle-chrysantheme-32cm\/"]}]},{"@type":"ImageObject","inLanguage":"de","@id":"https:\/\/www.eliassen.nl\/de\/cameo-glasvase-von-emile-galle-chrysantheme-32cm\/#primaryimage","url":"https:\/\/www.eliassen.nl\/wp-content\/uploads\/2025\/03\/Galle-glasvaas-Chrysant-blauw-Eliassen.nl-GV-88.jpg","contentUrl":"https:\/\/www.eliassen.nl\/wp-content\/uploads\/2025\/03\/Galle-glasvaas-Chrysant-blauw-Eliassen.nl-GV-88.jpg","width":560,"height":560},{"@type":"BreadcrumbList","@id":"https:\/\/www.eliassen.nl\/de\/cameo-glasvase-von-emile-galle-chrysantheme-32cm\/#breadcrumb","itemListElement":[{"@type":"ListItem","position":1,"name":"Home","item":"https:\/\/www.eliassen.nl\/de\/"},{"@type":"ListItem","position":2,"name":"Shop","item":"https:\/\/www.eliassen.nl\/de\/shop\/"},{"@type":"ListItem","position":3,"name":"Glaskunst","item":"https:\/\/www.eliassen.nl\/de\/glaskunst\/"},{"@type":"ListItem","position":4,"name":"Cameo Glasvase von Emile Gall\u00e9 Chrysantheme 32cm"}]},{"@type":"WebSite","@id":"https:\/\/www.eliassen.nl\/de\/#website","url":"https:\/\/www.eliassen.nl\/de\/","name":"Eliassen Home & Garden Pleasure","description":"","publisher":{"@id":"https:\/\/www.eliassen.nl\/de\/#organization"},"alternateName":"Eliassen.nl","potentialAction":[{"@type":"SearchAction","target":{"@type":"EntryPoint","urlTemplate":"https:\/\/www.eliassen.nl\/de\/?s={search_term_string}"},"query-input":{"@type":"PropertyValueSpecification","valueRequired":true,"valueName":"search_term_string"}}],"inLanguage":"de"},{"@type":["Organization","Place"],"@id":"https:\/\/www.eliassen.nl\/de\/#organization","name":"Eliassen Home & Garden Pleasure","url":"https:\/\/www.eliassen.nl\/de\/","logo":{"@id":"https:\/\/www.eliassen.nl\/de\/cameo-glasvase-von-emile-galle-chrysantheme-32cm\/#local-main-organization-logo"},"image":{"@id":"https:\/\/www.eliassen.nl\/de\/cameo-glasvase-von-emile-galle-chrysantheme-32cm\/#local-main-organization-logo"},"sameAs":["https:\/\/www.facebook.com\/TuincentrumEliassenAmmerzoden","https:\/\/www.instagram.com\/eliassenhomeandgarden\/","https:\/\/nl.pinterest.com\/eliassenhomeandgarden\/","https:\/\/www.youtube.com\/@eliassenhomegardenpleasure4558"],"telephone":[],"openingHoursSpecification":[{"@type":"OpeningHoursSpecification","dayOfWeek":["Monday","Tuesday","Wednesday","Thursday","Friday","Saturday","Sunday"],"opens":"09:00","closes":"17:00"}]},{"@type":"ImageObject","inLanguage":"de","@id":"https:\/\/www.eliassen.nl\/de\/cameo-glasvase-von-emile-galle-chrysantheme-32cm\/#local-main-organization-logo","url":"https:\/\/www.eliassen.nl\/wp-content\/uploads\/2024\/01\/logo_4nd.jpg","contentUrl":"https:\/\/www.eliassen.nl\/wp-content\/uploads\/2024\/01\/logo_4nd.jpg","width":500,"height":500,"caption":"Eliassen Home & Garden Pleasure"}]},"product_price_amount":"169.00","product_price_currency":"EUR","og_availability":"instock","product_availability":"instock","product_retailer_item_id":"gv-88","product_condition":"new"},"df_price":169,"df_sale_price":"","df_regular_price":169,"df_image_link":"https:\/\/www.eliassen.nl\/wp-content\/uploads\/2025\/03\/Galle-glasvaas-Chrysant-blauw-Eliassen.nl-GV-88-300x300.jpg","image":"https:\/\/www.eliassen.nl\/wp-content\/uploads\/2025\/03\/Galle-glasvaas-Chrysant-blauw-Eliassen.nl-GV-88-150x150.jpg","price_search":"<span class=\"woocommerce-Price-amount amount\"><bdi><span class=\"woocommerce-Price-currencySymbol\">&euro;<\/span>&nbsp;169,00<\/bdi><\/span>","category":"Cameo Glaskollektion","global_unique_id":"6096528637679","_links":{"self":[{"href":"https:\/\/www.eliassen.nl\/de\/wp-json\/wp\/v2\/product\/196905","targetHints":{"allow":["GET"]}}],"collection":[{"href":"https:\/\/www.eliassen.nl\/de\/wp-json\/wp\/v2\/product"}],"about":[{"href":"https:\/\/www.eliassen.nl\/de\/wp-json\/wp\/v2\/types\/product"}],"wp:featuredmedia":[{"embeddable":true,"href":"https:\/\/www.eliassen.nl\/de\/wp-json\/wp\/v2\/media\/177772"}],"wp:attachment":[{"href":"https:\/\/www.eliassen.nl\/de\/wp-json\/wp\/v2\/media?parent=196905"}],"wp:term":[{"taxonomy":"product_brand","embeddable":true,"href":"https:\/\/www.eliassen.nl\/de\/wp-json\/wp\/v2\/product_brand?post=196905"},{"taxonomy":"product_cat","embeddable":true,"href":"https:\/\/www.eliassen.nl\/de\/wp-json\/wp\/v2\/product_cat?post=196905"},{"taxonomy":"product_tag","embeddable":true,"href":"https:\/\/www.eliassen.nl\/de\/wp-json\/wp\/v2\/product_tag?post=196905"}],"curies":[{"name":"wp","href":"https:\/\/api.w.org\/{rel}","templated":true}]}}