{"id":19690,"date":"2019-10-28T19:27:19","date_gmt":"2019-10-28T19:27:19","guid":{"rendered":"https:\/\/www.eliassen.nl\/?product=innenvase-baton-47x120cm-copy"},"modified":"2025-10-21T16:43:11","modified_gmt":"2025-10-21T14:43:11","slug":"innenvase-alu-47x120cm","status":"publish","type":"product","link":"https:\/\/www.eliassen.nl\/de\/innenvase-alu-47x120cm\/","title":{"rendered":"Interieur Vase Alu 47x120cm"},"content":{"rendered":"<p>Bringen Sie pure Sch\u00f6nheit in Ihr Zuhause oder an Ihren Arbeitsplatz mit dieser hohen modernen Vase aus der Serie Seidenglanz 120cm.<\/p>\n<p>Gefertigt aus felsenfestem Fiberglas, sehr pr\u00e4zise mit einem seidengl\u00e4nzenden aluminiumfarbenen Lack bespr\u00fcht. Fiberglas wird aus Glasfasermatten hergestellt, die mit Polyester-Epoxidharz gemischt sind. Dieses Modell ist ein supersch\u00f6nes und exklusives Dekorationsst\u00fcck f\u00fcr jedes Interieur oder jeden Arbeitsplatz.<\/p>\n<p><strong>Diese Serie k\u00f6nnen Sie sich auch in unserem Shop ansehen.<\/strong><\/p>\n<ul>\n<li>Gr\u00f6\u00dfe: 47x120cm hoch<\/li>\n<li>Material: Polyester-Glasfaser<\/li>\n<li>Eigene Aktie<\/li>\n<li>3 Jahre Garantie, externe Sch\u00e4den ausgeschlossen<\/li>\n<li>UV-best\u00e4ndig<\/li>\n<li>Eigene Aktie<\/li>\n<li>Schnelle Lieferung<\/li>\n<li>Verpackt in stabilem Karton<\/li>\n<\/ul>\n","protected":false},"excerpt":{"rendered":"<p>Bringen Sie pure Sch\u00f6nheit in Ihr Zuhause oder an Ihren Arbeitsplatz mit dieser hohen modernen Vase aus der Serie Seidenglanz 120cm. Gefertigt aus felsenfestem Fiberglas, sehr pr\u00e4zise mit einem seidengl\u00e4nzenden aluminiumfarbenen Lack bespr\u00fcht. Fiberglas wird aus Glasfasermatten hergestellt, die mit Polyester-Epoxidharz gemischt sind. Dieses Modell ist ein supersch\u00f6nes und exklusives Dekorationsst\u00fcck f\u00fcr jedes Interieur oder &hellip;<\/p>\n","protected":false},"featured_media":19687,"template":"","meta":{"_acf_changed":false,"_genesis_title":"","_genesis_description":""},"product_brand":[6916],"product_cat":[722,725],"product_tag":[7298],"class_list":{"0":"post-19690","1":"product","2":"type-product","3":"status-publish","4":"has-post-thumbnail","6":"product_brand-eliassen-de","7":"product_cat-blumentoepfe-und-pflanzgefaesse","8":"product_cat-vasen-und-toepfe-im-modernen-design","9":"product_tag-groser-kunststoff","11":"first","12":"instock","13":"taxable","14":"shipping-taxable","15":"purchasable","16":"product-type-simple"},"acf":[],"meta_all":{"total_sales":"0","wcml_sync_hash":{"postmeta_fields":"cefb5151389da89a39a7c4ea5a7cacae"},"attr_label_translations":[]},"meta_all_flat":{"total_sales":"0","wcml_sync_hash.postmeta_fields":"cefb5151389da89a39a7c4ea5a7cacae"},"yoast_head":"<!-- This site is optimized with the Yoast SEO Premium plugin v26.2 (Yoast SEO v27.2) - https:\/\/yoast.com\/product\/yoast-seo-premium-wordpress\/ -->\n<title>Interieur Vase Alu 47x120cm | Eliassen<\/title>\n<meta name=\"description\" content=\"Bei Eliassen k\u00f6nnen Sie Interior Vase Alu 47x120cm online kaufen oder live im Showroom ansehen. Bestellen Sie direkt online.\" \/>\n<meta name=\"robots\" content=\"index, follow, max-snippet:-1, max-image-preview:large, max-video-preview:-1\" \/>\n<link rel=\"canonical\" href=\"https:\/\/www.eliassen.nl\/de\/innenvase-alu-47x120cm\/\" \/>\n<meta property=\"og:locale\" content=\"de_DE\" \/>\n<meta property=\"og:type\" content=\"article\" \/>\n<meta property=\"og:title\" content=\"Eliassen Interieur Vase Alu 47x120cm - Eliassen.nl\" \/>\n<meta property=\"og:description\" content=\"Bei Eliassen k\u00f6nnen Sie Interior Vase Alu 47x120cm online kaufen oder live im Showroom ansehen. Bestellen Sie direkt online.\" \/>\n<meta property=\"og:url\" content=\"https:\/\/www.eliassen.nl\/de\/innenvase-alu-47x120cm\/\" \/>\n<meta property=\"og:site_name\" content=\"Eliassen.nl\" \/>\n<meta property=\"article:publisher\" content=\"https:\/\/www.facebook.com\/TuincentrumEliassenAmmerzoden\" \/>\n<meta property=\"article:modified_time\" content=\"2025-10-21T14:43:11+00:00\" \/>\n<meta property=\"og:image\" content=\"https:\/\/www.eliassen.nl\/wp-content\/uploads\/2024\/01\/eliasseninterieurvaasalu47x120cm.jpg\" \/>\n\t<meta property=\"og:image:width\" content=\"287\" \/>\n\t<meta property=\"og:image:height\" content=\"575\" \/>\n\t<meta property=\"og:image:type\" content=\"image\/jpeg\" \/>\n<meta name=\"twitter:card\" content=\"summary_large_image\" \/>\n<script type=\"application\/ld+json\" class=\"yoast-schema-graph\">{\"@context\":\"https:\/\/schema.org\",\"@graph\":[{\"@type\":\"WebPage\",\"@id\":\"https:\/\/www.eliassen.nl\/de\/innenvase-alu-47x120cm\/\",\"url\":\"https:\/\/www.eliassen.nl\/de\/innenvase-alu-47x120cm\/\",\"name\":\"Interieur Vase Alu 47x120cm | Eliassen\",\"isPartOf\":{\"@id\":\"https:\/\/www.eliassen.nl\/de\/#website\"},\"primaryImageOfPage\":{\"@id\":\"https:\/\/www.eliassen.nl\/de\/innenvase-alu-47x120cm\/#primaryimage\"},\"image\":{\"@id\":\"https:\/\/www.eliassen.nl\/de\/innenvase-alu-47x120cm\/#primaryimage\"},\"thumbnailUrl\":\"https:\/\/www.eliassen.nl\/wp-content\/uploads\/2024\/01\/eliasseninterieurvaasalu47x120cm.jpg\",\"datePublished\":\"2019-10-28T19:27:19+00:00\",\"dateModified\":\"2025-10-21T14:43:11+00:00\",\"description\":\"Bei Eliassen k\u00f6nnen Sie Interior Vase Alu 47x120cm online kaufen oder live im Showroom ansehen. Bestellen Sie direkt online.\",\"breadcrumb\":{\"@id\":\"https:\/\/www.eliassen.nl\/de\/innenvase-alu-47x120cm\/#breadcrumb\"},\"inLanguage\":\"de\",\"potentialAction\":[{\"@type\":\"ReadAction\",\"target\":[\"https:\/\/www.eliassen.nl\/de\/innenvase-alu-47x120cm\/\"]}]},{\"@type\":\"ImageObject\",\"inLanguage\":\"de\",\"@id\":\"https:\/\/www.eliassen.nl\/de\/innenvase-alu-47x120cm\/#primaryimage\",\"url\":\"https:\/\/www.eliassen.nl\/wp-content\/uploads\/2024\/01\/eliasseninterieurvaasalu47x120cm.jpg\",\"contentUrl\":\"https:\/\/www.eliassen.nl\/wp-content\/uploads\/2024\/01\/eliasseninterieurvaasalu47x120cm.jpg\",\"width\":287,\"height\":575,\"caption\":\"Eliassen Interieur Vase Alu 47x120cm\"},{\"@type\":\"BreadcrumbList\",\"@id\":\"https:\/\/www.eliassen.nl\/de\/innenvase-alu-47x120cm\/#breadcrumb\",\"itemListElement\":[{\"@type\":\"ListItem\",\"position\":1,\"name\":\"Home\",\"item\":\"https:\/\/www.eliassen.nl\/de\/\"},{\"@type\":\"ListItem\",\"position\":2,\"name\":\"Shop\",\"item\":\"https:\/\/www.eliassen.nl\/de\/shop\/\"},{\"@type\":\"ListItem\",\"position\":3,\"name\":\"Blument\u00f6pfe und Pflanzgef\u00e4\u00dfe\",\"item\":\"https:\/\/www.eliassen.nl\/de\/blumentoepfe-und-pflanzgefaesse\/\"},{\"@type\":\"ListItem\",\"position\":4,\"name\":\"Vasen und T\u00f6pfe im modernen Design\",\"item\":\"https:\/\/www.eliassen.nl\/de\/blumentoepfe-und-pflanzgefaesse\/vasen-und-toepfe-im-modernen-design\/\"},{\"@type\":\"ListItem\",\"position\":5,\"name\":\"Interieur Vase Alu 47x120cm\"}]},{\"@type\":\"WebSite\",\"@id\":\"https:\/\/www.eliassen.nl\/de\/#website\",\"url\":\"https:\/\/www.eliassen.nl\/de\/\",\"name\":\"Eliassen Home & Garden Pleasure\",\"description\":\"\",\"publisher\":{\"@id\":\"https:\/\/www.eliassen.nl\/de\/#organization\"},\"alternateName\":\"Eliassen.nl\",\"potentialAction\":[{\"@type\":\"SearchAction\",\"target\":{\"@type\":\"EntryPoint\",\"urlTemplate\":\"https:\/\/www.eliassen.nl\/de\/?s={search_term_string}\"},\"query-input\":{\"@type\":\"PropertyValueSpecification\",\"valueRequired\":true,\"valueName\":\"search_term_string\"}}],\"inLanguage\":\"de\"},{\"@type\":[\"Organization\",\"Place\"],\"@id\":\"https:\/\/www.eliassen.nl\/de\/#organization\",\"name\":\"Eliassen Home & Garden Pleasure\",\"url\":\"https:\/\/www.eliassen.nl\/de\/\",\"logo\":{\"@id\":\"https:\/\/www.eliassen.nl\/de\/innenvase-alu-47x120cm\/#local-main-organization-logo\"},\"image\":{\"@id\":\"https:\/\/www.eliassen.nl\/de\/innenvase-alu-47x120cm\/#local-main-organization-logo\"},\"sameAs\":[\"https:\/\/www.facebook.com\/TuincentrumEliassenAmmerzoden\",\"https:\/\/www.instagram.com\/eliassenhomeandgarden\/\",\"https:\/\/nl.pinterest.com\/eliassenhomeandgarden\/\",\"https:\/\/www.youtube.com\/@eliassenhomegardenpleasure4558\"],\"telephone\":[],\"openingHoursSpecification\":[{\"@type\":\"OpeningHoursSpecification\",\"dayOfWeek\":[\"Monday\",\"Tuesday\",\"Wednesday\",\"Thursday\",\"Friday\",\"Saturday\",\"Sunday\"],\"opens\":\"09:00\",\"closes\":\"17:00\"}]},{\"@type\":\"ImageObject\",\"inLanguage\":\"de\",\"@id\":\"https:\/\/www.eliassen.nl\/de\/innenvase-alu-47x120cm\/#local-main-organization-logo\",\"url\":\"https:\/\/www.eliassen.nl\/wp-content\/uploads\/2024\/01\/logo_4nd.jpg\",\"contentUrl\":\"https:\/\/www.eliassen.nl\/wp-content\/uploads\/2024\/01\/logo_4nd.jpg\",\"width\":500,\"height\":500,\"caption\":\"Eliassen Home & Garden Pleasure\"}]}<\/script>\n<meta property=\"product:price:amount\" content=\"395.00\" \/>\n<meta property=\"product:price:currency\" content=\"EUR\" \/>\n<meta property=\"og:availability\" content=\"instock\" \/>\n<meta property=\"product:availability\" content=\"instock\" \/>\n<meta property=\"product:retailer_item_id\" content=\"3al120\" \/>\n<meta property=\"product:condition\" content=\"new\" \/>\n<!-- \/ Yoast SEO Premium plugin. -->","yoast_head_json":{"title":"Interieur Vase Alu 47x120cm | Eliassen","description":"Bei Eliassen k\u00f6nnen Sie Interior Vase Alu 47x120cm online kaufen oder live im Showroom ansehen. Bestellen Sie direkt online.","robots":{"index":"index","follow":"follow","max-snippet":"max-snippet:-1","max-image-preview":"max-image-preview:large","max-video-preview":"max-video-preview:-1"},"canonical":"https:\/\/www.eliassen.nl\/de\/innenvase-alu-47x120cm\/","og_locale":"de_DE","og_type":"article","og_title":"Eliassen Interieur Vase Alu 47x120cm - Eliassen.nl","og_description":"Bei Eliassen k\u00f6nnen Sie Interior Vase Alu 47x120cm online kaufen oder live im Showroom ansehen. Bestellen Sie direkt online.","og_url":"https:\/\/www.eliassen.nl\/de\/innenvase-alu-47x120cm\/","og_site_name":"Eliassen.nl","article_publisher":"https:\/\/www.facebook.com\/TuincentrumEliassenAmmerzoden","article_modified_time":"2025-10-21T14:43:11+00:00","og_image":[{"width":287,"height":575,"url":"https:\/\/www.eliassen.nl\/wp-content\/uploads\/2024\/01\/eliasseninterieurvaasalu47x120cm.jpg","type":"image\/jpeg"}],"twitter_card":"summary_large_image","schema":{"@context":"https:\/\/schema.org","@graph":[{"@type":"WebPage","@id":"https:\/\/www.eliassen.nl\/de\/innenvase-alu-47x120cm\/","url":"https:\/\/www.eliassen.nl\/de\/innenvase-alu-47x120cm\/","name":"Interieur Vase Alu 47x120cm | Eliassen","isPartOf":{"@id":"https:\/\/www.eliassen.nl\/de\/#website"},"primaryImageOfPage":{"@id":"https:\/\/www.eliassen.nl\/de\/innenvase-alu-47x120cm\/#primaryimage"},"image":{"@id":"https:\/\/www.eliassen.nl\/de\/innenvase-alu-47x120cm\/#primaryimage"},"thumbnailUrl":"https:\/\/www.eliassen.nl\/wp-content\/uploads\/2024\/01\/eliasseninterieurvaasalu47x120cm.jpg","datePublished":"2019-10-28T19:27:19+00:00","dateModified":"2025-10-21T14:43:11+00:00","description":"Bei Eliassen k\u00f6nnen Sie Interior Vase Alu 47x120cm online kaufen oder live im Showroom ansehen. Bestellen Sie direkt online.","breadcrumb":{"@id":"https:\/\/www.eliassen.nl\/de\/innenvase-alu-47x120cm\/#breadcrumb"},"inLanguage":"de","potentialAction":[{"@type":"ReadAction","target":["https:\/\/www.eliassen.nl\/de\/innenvase-alu-47x120cm\/"]}]},{"@type":"ImageObject","inLanguage":"de","@id":"https:\/\/www.eliassen.nl\/de\/innenvase-alu-47x120cm\/#primaryimage","url":"https:\/\/www.eliassen.nl\/wp-content\/uploads\/2024\/01\/eliasseninterieurvaasalu47x120cm.jpg","contentUrl":"https:\/\/www.eliassen.nl\/wp-content\/uploads\/2024\/01\/eliasseninterieurvaasalu47x120cm.jpg","width":287,"height":575,"caption":"Eliassen Interieur Vase Alu 47x120cm"},{"@type":"BreadcrumbList","@id":"https:\/\/www.eliassen.nl\/de\/innenvase-alu-47x120cm\/#breadcrumb","itemListElement":[{"@type":"ListItem","position":1,"name":"Home","item":"https:\/\/www.eliassen.nl\/de\/"},{"@type":"ListItem","position":2,"name":"Shop","item":"https:\/\/www.eliassen.nl\/de\/shop\/"},{"@type":"ListItem","position":3,"name":"Blument\u00f6pfe und Pflanzgef\u00e4\u00dfe","item":"https:\/\/www.eliassen.nl\/de\/blumentoepfe-und-pflanzgefaesse\/"},{"@type":"ListItem","position":4,"name":"Vasen und T\u00f6pfe im modernen Design","item":"https:\/\/www.eliassen.nl\/de\/blumentoepfe-und-pflanzgefaesse\/vasen-und-toepfe-im-modernen-design\/"},{"@type":"ListItem","position":5,"name":"Interieur Vase Alu 47x120cm"}]},{"@type":"WebSite","@id":"https:\/\/www.eliassen.nl\/de\/#website","url":"https:\/\/www.eliassen.nl\/de\/","name":"Eliassen Home & Garden Pleasure","description":"","publisher":{"@id":"https:\/\/www.eliassen.nl\/de\/#organization"},"alternateName":"Eliassen.nl","potentialAction":[{"@type":"SearchAction","target":{"@type":"EntryPoint","urlTemplate":"https:\/\/www.eliassen.nl\/de\/?s={search_term_string}"},"query-input":{"@type":"PropertyValueSpecification","valueRequired":true,"valueName":"search_term_string"}}],"inLanguage":"de"},{"@type":["Organization","Place"],"@id":"https:\/\/www.eliassen.nl\/de\/#organization","name":"Eliassen Home & Garden Pleasure","url":"https:\/\/www.eliassen.nl\/de\/","logo":{"@id":"https:\/\/www.eliassen.nl\/de\/innenvase-alu-47x120cm\/#local-main-organization-logo"},"image":{"@id":"https:\/\/www.eliassen.nl\/de\/innenvase-alu-47x120cm\/#local-main-organization-logo"},"sameAs":["https:\/\/www.facebook.com\/TuincentrumEliassenAmmerzoden","https:\/\/www.instagram.com\/eliassenhomeandgarden\/","https:\/\/nl.pinterest.com\/eliassenhomeandgarden\/","https:\/\/www.youtube.com\/@eliassenhomegardenpleasure4558"],"telephone":[],"openingHoursSpecification":[{"@type":"OpeningHoursSpecification","dayOfWeek":["Monday","Tuesday","Wednesday","Thursday","Friday","Saturday","Sunday"],"opens":"09:00","closes":"17:00"}]},{"@type":"ImageObject","inLanguage":"de","@id":"https:\/\/www.eliassen.nl\/de\/innenvase-alu-47x120cm\/#local-main-organization-logo","url":"https:\/\/www.eliassen.nl\/wp-content\/uploads\/2024\/01\/logo_4nd.jpg","contentUrl":"https:\/\/www.eliassen.nl\/wp-content\/uploads\/2024\/01\/logo_4nd.jpg","width":500,"height":500,"caption":"Eliassen Home & Garden Pleasure"}]},"product_price_amount":"395.00","product_price_currency":"EUR","og_availability":"instock","product_availability":"instock","product_retailer_item_id":"3al120","product_condition":"new"},"df_price":395,"df_sale_price":"","df_regular_price":395,"df_image_link":"https:\/\/www.eliassen.nl\/wp-content\/uploads\/2024\/01\/eliasseninterieurvaasalu47x120cm.jpg","image":"https:\/\/www.eliassen.nl\/wp-content\/uploads\/2024\/01\/eliasseninterieurvaasalu47x120cm.jpg","price_search":"<span class=\"woocommerce-Price-amount amount\"><bdi><span class=\"woocommerce-Price-currencySymbol\">&euro;<\/span>&nbsp;395,00<\/bdi><\/span>","category":"Blument\u00f6pfe und Pflanzgef\u00e4\u00dfe","global_unique_id":"7438235671659","_links":{"self":[{"href":"https:\/\/www.eliassen.nl\/de\/wp-json\/wp\/v2\/product\/19690","targetHints":{"allow":["GET"]}}],"collection":[{"href":"https:\/\/www.eliassen.nl\/de\/wp-json\/wp\/v2\/product"}],"about":[{"href":"https:\/\/www.eliassen.nl\/de\/wp-json\/wp\/v2\/types\/product"}],"wp:featuredmedia":[{"embeddable":true,"href":"https:\/\/www.eliassen.nl\/de\/wp-json\/wp\/v2\/media\/19687"}],"wp:attachment":[{"href":"https:\/\/www.eliassen.nl\/de\/wp-json\/wp\/v2\/media?parent=19690"}],"wp:term":[{"taxonomy":"product_brand","embeddable":true,"href":"https:\/\/www.eliassen.nl\/de\/wp-json\/wp\/v2\/product_brand?post=19690"},{"taxonomy":"product_cat","embeddable":true,"href":"https:\/\/www.eliassen.nl\/de\/wp-json\/wp\/v2\/product_cat?post=19690"},{"taxonomy":"product_tag","embeddable":true,"href":"https:\/\/www.eliassen.nl\/de\/wp-json\/wp\/v2\/product_tag?post=19690"}],"curies":[{"name":"wp","href":"https:\/\/api.w.org\/{rel}","templated":true}]}}