{"id":196777,"date":"2025-11-11T12:13:15","date_gmt":"2025-11-11T11:13:15","guid":{"rendered":"https:\/\/www.eliassen.nl\/product\/schale-golf-rund-schmetterling-48cm\/"},"modified":"2026-03-17T15:34:11","modified_gmt":"2026-03-17T14:34:11","slug":"schale-golf-rund-schmetterling-48cm","status":"publish","type":"product","link":"https:\/\/www.eliassen.nl\/de\/schale-golf-rund-schmetterling-48cm\/","title":{"rendered":"Schale Golf rund Schmetterling 48cm"},"content":{"rendered":"<p><span style=\"font-weight: 400;\">Dieses sch\u00f6ne Modell<\/span><span style=\"font-weight: 400;\"> <\/span><span style=\"font-weight: 400;\">aus der Serie Giulia Glaswaren mit Vasen und Schalen ist in vielen warmen Farben und mit einem sch\u00f6nen, gro\u00dfen Schmetterling eine echte Dekoration f\u00fcr Ihr Zuhause.<br \/>\nDie sch\u00f6nen Farbverl\u00e4ufe schaffen ein dynamisches Spektakel und eine Augenweide.<\/span><\/p>\n<p><span style=\"font-weight: 400;\">Diese hochgl\u00e4nzende Schale<\/span><span style=\"font-weight: 400;\"> <\/span><span style=\"font-weight: 400;\">ist mundgeblasen und handbemalt. So entsteht ein authentischer Look f\u00fcr mehr Stil und Klasse in Ihrem Zuhause.<\/span><\/p>\n<p><span style=\"font-weight: 400;\">Dieses Modell <\/span><span style=\"font-weight: 400;\">Glasschale<\/span><span style=\"font-weight: 400;\">  ist ein geeignetes Modell, wenn Sie nach einer farbenfrohen und farbenpr\u00e4chtigen Erg\u00e4nzung f\u00fcr Ihr Zuhause mit modernem Stil und Klasse suchen. Auch f\u00fcr das B\u00fcro ist dieses Produkt ein echter Blickfang, denn diese Schale ist in ihrer Art und ihren Farben im Giulia-Stil einzigartig<\/span><span style=\"font-weight: 400;\">.<\/span><\/p>\n<p>&nbsp;<\/p>\n<ul>\n<li style=\"font-weight: 400;\"><span style=\"font-weight: 400;\">Gr\u00f6\u00dfe: ca. 48&#215;12,5cm<\/span><\/li>\n<li style=\"font-weight: 400;\"><span style=\"font-weight: 400;\">Material Glas<\/span><\/li>\n<\/ul>\n<ul>\n<li style=\"font-weight: 400;\"><span style=\"font-weight: 400;\">Schnelle Lieferung<\/span><\/li>\n<li style=\"font-weight: 400;\"><span style=\"font-weight: 400;\">Gro\u00dfe eigene Aktien<\/span><\/li>\n<li style=\"font-weight: 400;\"><span style=\"font-weight: 400;\">Nur f\u00fcr die Verwendung in Innenr\u00e4umen geeignet<\/span><\/li>\n<li style=\"font-weight: 400;\"><span style=\"font-weight: 400;\">Garantie 2 Jahre<\/span><\/li>\n<\/ul>\n","protected":false},"excerpt":{"rendered":"<p>Hochwertige Glasschale in vielen Farben.<\/p>\n","protected":false},"featured_media":192129,"template":"","meta":{"_acf_changed":false,"_genesis_title":"","_genesis_description":""},"product_brand":[7396],"product_cat":[812,800,7241],"product_tag":[],"class_list":{"0":"post-196777","1":"product","2":"type-product","3":"status-publish","4":"has-post-thumbnail","6":"product_brand-giulia-de","7":"product_cat-farbige-glasvasen","8":"product_cat-glaskunst","9":"product_cat-new-age-glas-giulia-de","11":"first","12":"instock","13":"taxable","14":"shipping-taxable","15":"purchasable","16":"product-type-simple"},"acf":[],"meta_all":{"total_sales":"1","cor_restricted_countries":[]},"meta_all_flat":{"total_sales":"1"},"yoast_head":"<!-- This site is optimized with the Yoast SEO Premium plugin v26.2 (Yoast SEO v27.2) - https:\/\/yoast.com\/product\/yoast-seo-premium-wordpress\/ -->\n<title>Giulia Schale Golf rund Schmetterling 48cm - Eliassen.nl<\/title>\n<meta name=\"description\" content=\"Eine sch\u00f6ne runde Glasschale mit vielen Farben. Ein sch\u00f6nes Dekorationsst\u00fcck f\u00fcr den Tisch oder die Anrichte. 48cm Durchmesser. Schnell online oder im Gesch\u00e4ft erh\u00e4ltlich.\" \/>\n<meta name=\"robots\" content=\"index, follow, max-snippet:-1, max-image-preview:large, max-video-preview:-1\" \/>\n<link rel=\"canonical\" href=\"https:\/\/www.eliassen.nl\/de\/schale-golf-rund-schmetterling-48cm\/\" \/>\n<meta property=\"og:locale\" content=\"de_DE\" \/>\n<meta property=\"og:type\" content=\"article\" \/>\n<meta property=\"og:title\" content=\"Giulia Schale Golf rund Schmetterling 48cm - Eliassen.nl\" \/>\n<meta property=\"og:description\" content=\"Eine sch\u00f6ne runde Glasschale mit vielen Farben. Ein sch\u00f6nes Dekorationsst\u00fcck f\u00fcr den Tisch oder die Anrichte. 48cm Durchmesser. Schnell online oder im Gesch\u00e4ft erh\u00e4ltlich.\" \/>\n<meta property=\"og:url\" content=\"https:\/\/www.eliassen.nl\/de\/schale-golf-rund-schmetterling-48cm\/\" \/>\n<meta property=\"og:site_name\" content=\"Eliassen.nl\" \/>\n<meta property=\"article:publisher\" content=\"https:\/\/www.facebook.com\/TuincentrumEliassenAmmerzoden\" \/>\n<meta property=\"article:modified_time\" content=\"2026-03-17T14:34:11+00:00\" \/>\n<meta property=\"og:image\" content=\"https:\/\/www.eliassen.nl\/wp-content\/uploads\/2025\/09\/Schaal-golf-Butterfly-Giulia-Eliassen.nl-2025.8.3.jpg\" \/>\n\t<meta property=\"og:image:width\" content=\"730\" \/>\n\t<meta property=\"og:image:height\" content=\"740\" \/>\n\t<meta property=\"og:image:type\" content=\"image\/jpeg\" \/>\n<meta name=\"twitter:card\" content=\"summary_large_image\" \/>\n<script type=\"application\/ld+json\" class=\"yoast-schema-graph\">{\"@context\":\"https:\/\/schema.org\",\"@graph\":[{\"@type\":\"WebPage\",\"@id\":\"https:\/\/www.eliassen.nl\/de\/schale-golf-rund-schmetterling-48cm\/\",\"url\":\"https:\/\/www.eliassen.nl\/de\/schale-golf-rund-schmetterling-48cm\/\",\"name\":\"Giulia Schale Golf rund Schmetterling 48cm - Eliassen.nl\",\"isPartOf\":{\"@id\":\"https:\/\/www.eliassen.nl\/de\/#website\"},\"primaryImageOfPage\":{\"@id\":\"https:\/\/www.eliassen.nl\/de\/schale-golf-rund-schmetterling-48cm\/#primaryimage\"},\"image\":{\"@id\":\"https:\/\/www.eliassen.nl\/de\/schale-golf-rund-schmetterling-48cm\/#primaryimage\"},\"thumbnailUrl\":\"https:\/\/www.eliassen.nl\/wp-content\/uploads\/2025\/09\/Schaal-golf-Butterfly-Giulia-Eliassen.nl-2025.8.3.jpg\",\"datePublished\":\"2025-11-11T11:13:15+00:00\",\"dateModified\":\"2026-03-17T14:34:11+00:00\",\"description\":\"Eine sch\u00f6ne runde Glasschale mit vielen Farben. Ein sch\u00f6nes Dekorationsst\u00fcck f\u00fcr den Tisch oder die Anrichte. 48cm Durchmesser. Schnell online oder im Gesch\u00e4ft erh\u00e4ltlich.\",\"breadcrumb\":{\"@id\":\"https:\/\/www.eliassen.nl\/de\/schale-golf-rund-schmetterling-48cm\/#breadcrumb\"},\"inLanguage\":\"de\",\"potentialAction\":[{\"@type\":\"ReadAction\",\"target\":[\"https:\/\/www.eliassen.nl\/de\/schale-golf-rund-schmetterling-48cm\/\"]}]},{\"@type\":\"ImageObject\",\"inLanguage\":\"de\",\"@id\":\"https:\/\/www.eliassen.nl\/de\/schale-golf-rund-schmetterling-48cm\/#primaryimage\",\"url\":\"https:\/\/www.eliassen.nl\/wp-content\/uploads\/2025\/09\/Schaal-golf-Butterfly-Giulia-Eliassen.nl-2025.8.3.jpg\",\"contentUrl\":\"https:\/\/www.eliassen.nl\/wp-content\/uploads\/2025\/09\/Schaal-golf-Butterfly-Giulia-Eliassen.nl-2025.8.3.jpg\",\"width\":730,\"height\":740,\"caption\":\"Scale golf Butterfly Giulia Eliassen.de 2025.8.3\"},{\"@type\":\"BreadcrumbList\",\"@id\":\"https:\/\/www.eliassen.nl\/de\/schale-golf-rund-schmetterling-48cm\/#breadcrumb\",\"itemListElement\":[{\"@type\":\"ListItem\",\"position\":1,\"name\":\"Home\",\"item\":\"https:\/\/www.eliassen.nl\/de\/\"},{\"@type\":\"ListItem\",\"position\":2,\"name\":\"Shop\",\"item\":\"https:\/\/www.eliassen.nl\/de\/shop\/\"},{\"@type\":\"ListItem\",\"position\":3,\"name\":\"Glaskunst\",\"item\":\"https:\/\/www.eliassen.nl\/de\/glaskunst\/\"},{\"@type\":\"ListItem\",\"position\":4,\"name\":\"Schale Golf rund Schmetterling 48cm\"}]},{\"@type\":\"WebSite\",\"@id\":\"https:\/\/www.eliassen.nl\/de\/#website\",\"url\":\"https:\/\/www.eliassen.nl\/de\/\",\"name\":\"Eliassen Home & Garden Pleasure\",\"description\":\"\",\"publisher\":{\"@id\":\"https:\/\/www.eliassen.nl\/de\/#organization\"},\"alternateName\":\"Eliassen.nl\",\"potentialAction\":[{\"@type\":\"SearchAction\",\"target\":{\"@type\":\"EntryPoint\",\"urlTemplate\":\"https:\/\/www.eliassen.nl\/de\/?s={search_term_string}\"},\"query-input\":{\"@type\":\"PropertyValueSpecification\",\"valueRequired\":true,\"valueName\":\"search_term_string\"}}],\"inLanguage\":\"de\"},{\"@type\":[\"Organization\",\"Place\"],\"@id\":\"https:\/\/www.eliassen.nl\/de\/#organization\",\"name\":\"Eliassen Home & Garden Pleasure\",\"url\":\"https:\/\/www.eliassen.nl\/de\/\",\"logo\":{\"@id\":\"https:\/\/www.eliassen.nl\/de\/schale-golf-rund-schmetterling-48cm\/#local-main-organization-logo\"},\"image\":{\"@id\":\"https:\/\/www.eliassen.nl\/de\/schale-golf-rund-schmetterling-48cm\/#local-main-organization-logo\"},\"sameAs\":[\"https:\/\/www.facebook.com\/TuincentrumEliassenAmmerzoden\",\"https:\/\/www.instagram.com\/eliassenhomeandgarden\/\",\"https:\/\/nl.pinterest.com\/eliassenhomeandgarden\/\",\"https:\/\/www.youtube.com\/@eliassenhomegardenpleasure4558\"],\"telephone\":[],\"openingHoursSpecification\":[{\"@type\":\"OpeningHoursSpecification\",\"dayOfWeek\":[\"Monday\",\"Tuesday\",\"Wednesday\",\"Thursday\",\"Friday\",\"Saturday\",\"Sunday\"],\"opens\":\"09:00\",\"closes\":\"17:00\"}]},{\"@type\":\"ImageObject\",\"inLanguage\":\"de\",\"@id\":\"https:\/\/www.eliassen.nl\/de\/schale-golf-rund-schmetterling-48cm\/#local-main-organization-logo\",\"url\":\"https:\/\/www.eliassen.nl\/wp-content\/uploads\/2024\/01\/logo_4nd.jpg\",\"contentUrl\":\"https:\/\/www.eliassen.nl\/wp-content\/uploads\/2024\/01\/logo_4nd.jpg\",\"width\":500,\"height\":500,\"caption\":\"Eliassen Home & Garden Pleasure\"}]}<\/script>\n<meta property=\"product:price:amount\" content=\"99.00\" \/>\n<meta property=\"product:price:currency\" content=\"EUR\" \/>\n<meta property=\"og:availability\" content=\"instock\" \/>\n<meta property=\"product:availability\" content=\"instock\" \/>\n<meta property=\"product:retailer_item_id\" content=\"2025.8.3\" \/>\n<meta property=\"product:condition\" content=\"new\" \/>\n<!-- \/ Yoast SEO Premium plugin. -->","yoast_head_json":{"title":"Giulia Schale Golf rund Schmetterling 48cm - Eliassen.nl","description":"Eine sch\u00f6ne runde Glasschale mit vielen Farben. Ein sch\u00f6nes Dekorationsst\u00fcck f\u00fcr den Tisch oder die Anrichte. 48cm Durchmesser. Schnell online oder im Gesch\u00e4ft erh\u00e4ltlich.","robots":{"index":"index","follow":"follow","max-snippet":"max-snippet:-1","max-image-preview":"max-image-preview:large","max-video-preview":"max-video-preview:-1"},"canonical":"https:\/\/www.eliassen.nl\/de\/schale-golf-rund-schmetterling-48cm\/","og_locale":"de_DE","og_type":"article","og_title":"Giulia Schale Golf rund Schmetterling 48cm - Eliassen.nl","og_description":"Eine sch\u00f6ne runde Glasschale mit vielen Farben. Ein sch\u00f6nes Dekorationsst\u00fcck f\u00fcr den Tisch oder die Anrichte. 48cm Durchmesser. Schnell online oder im Gesch\u00e4ft erh\u00e4ltlich.","og_url":"https:\/\/www.eliassen.nl\/de\/schale-golf-rund-schmetterling-48cm\/","og_site_name":"Eliassen.nl","article_publisher":"https:\/\/www.facebook.com\/TuincentrumEliassenAmmerzoden","article_modified_time":"2026-03-17T14:34:11+00:00","og_image":[{"width":730,"height":740,"url":"https:\/\/www.eliassen.nl\/wp-content\/uploads\/2025\/09\/Schaal-golf-Butterfly-Giulia-Eliassen.nl-2025.8.3.jpg","type":"image\/jpeg"}],"twitter_card":"summary_large_image","schema":{"@context":"https:\/\/schema.org","@graph":[{"@type":"WebPage","@id":"https:\/\/www.eliassen.nl\/de\/schale-golf-rund-schmetterling-48cm\/","url":"https:\/\/www.eliassen.nl\/de\/schale-golf-rund-schmetterling-48cm\/","name":"Giulia Schale Golf rund Schmetterling 48cm - Eliassen.nl","isPartOf":{"@id":"https:\/\/www.eliassen.nl\/de\/#website"},"primaryImageOfPage":{"@id":"https:\/\/www.eliassen.nl\/de\/schale-golf-rund-schmetterling-48cm\/#primaryimage"},"image":{"@id":"https:\/\/www.eliassen.nl\/de\/schale-golf-rund-schmetterling-48cm\/#primaryimage"},"thumbnailUrl":"https:\/\/www.eliassen.nl\/wp-content\/uploads\/2025\/09\/Schaal-golf-Butterfly-Giulia-Eliassen.nl-2025.8.3.jpg","datePublished":"2025-11-11T11:13:15+00:00","dateModified":"2026-03-17T14:34:11+00:00","description":"Eine sch\u00f6ne runde Glasschale mit vielen Farben. Ein sch\u00f6nes Dekorationsst\u00fcck f\u00fcr den Tisch oder die Anrichte. 48cm Durchmesser. Schnell online oder im Gesch\u00e4ft erh\u00e4ltlich.","breadcrumb":{"@id":"https:\/\/www.eliassen.nl\/de\/schale-golf-rund-schmetterling-48cm\/#breadcrumb"},"inLanguage":"de","potentialAction":[{"@type":"ReadAction","target":["https:\/\/www.eliassen.nl\/de\/schale-golf-rund-schmetterling-48cm\/"]}]},{"@type":"ImageObject","inLanguage":"de","@id":"https:\/\/www.eliassen.nl\/de\/schale-golf-rund-schmetterling-48cm\/#primaryimage","url":"https:\/\/www.eliassen.nl\/wp-content\/uploads\/2025\/09\/Schaal-golf-Butterfly-Giulia-Eliassen.nl-2025.8.3.jpg","contentUrl":"https:\/\/www.eliassen.nl\/wp-content\/uploads\/2025\/09\/Schaal-golf-Butterfly-Giulia-Eliassen.nl-2025.8.3.jpg","width":730,"height":740,"caption":"Scale golf Butterfly Giulia Eliassen.de 2025.8.3"},{"@type":"BreadcrumbList","@id":"https:\/\/www.eliassen.nl\/de\/schale-golf-rund-schmetterling-48cm\/#breadcrumb","itemListElement":[{"@type":"ListItem","position":1,"name":"Home","item":"https:\/\/www.eliassen.nl\/de\/"},{"@type":"ListItem","position":2,"name":"Shop","item":"https:\/\/www.eliassen.nl\/de\/shop\/"},{"@type":"ListItem","position":3,"name":"Glaskunst","item":"https:\/\/www.eliassen.nl\/de\/glaskunst\/"},{"@type":"ListItem","position":4,"name":"Schale Golf rund Schmetterling 48cm"}]},{"@type":"WebSite","@id":"https:\/\/www.eliassen.nl\/de\/#website","url":"https:\/\/www.eliassen.nl\/de\/","name":"Eliassen Home & Garden Pleasure","description":"","publisher":{"@id":"https:\/\/www.eliassen.nl\/de\/#organization"},"alternateName":"Eliassen.nl","potentialAction":[{"@type":"SearchAction","target":{"@type":"EntryPoint","urlTemplate":"https:\/\/www.eliassen.nl\/de\/?s={search_term_string}"},"query-input":{"@type":"PropertyValueSpecification","valueRequired":true,"valueName":"search_term_string"}}],"inLanguage":"de"},{"@type":["Organization","Place"],"@id":"https:\/\/www.eliassen.nl\/de\/#organization","name":"Eliassen Home & Garden Pleasure","url":"https:\/\/www.eliassen.nl\/de\/","logo":{"@id":"https:\/\/www.eliassen.nl\/de\/schale-golf-rund-schmetterling-48cm\/#local-main-organization-logo"},"image":{"@id":"https:\/\/www.eliassen.nl\/de\/schale-golf-rund-schmetterling-48cm\/#local-main-organization-logo"},"sameAs":["https:\/\/www.facebook.com\/TuincentrumEliassenAmmerzoden","https:\/\/www.instagram.com\/eliassenhomeandgarden\/","https:\/\/nl.pinterest.com\/eliassenhomeandgarden\/","https:\/\/www.youtube.com\/@eliassenhomegardenpleasure4558"],"telephone":[],"openingHoursSpecification":[{"@type":"OpeningHoursSpecification","dayOfWeek":["Monday","Tuesday","Wednesday","Thursday","Friday","Saturday","Sunday"],"opens":"09:00","closes":"17:00"}]},{"@type":"ImageObject","inLanguage":"de","@id":"https:\/\/www.eliassen.nl\/de\/schale-golf-rund-schmetterling-48cm\/#local-main-organization-logo","url":"https:\/\/www.eliassen.nl\/wp-content\/uploads\/2024\/01\/logo_4nd.jpg","contentUrl":"https:\/\/www.eliassen.nl\/wp-content\/uploads\/2024\/01\/logo_4nd.jpg","width":500,"height":500,"caption":"Eliassen Home & Garden Pleasure"}]},"product_price_amount":"99.00","product_price_currency":"EUR","og_availability":"instock","product_availability":"instock","product_retailer_item_id":"2025.8.3","product_condition":"new"},"df_price":99,"df_sale_price":"","df_regular_price":99,"df_image_link":"https:\/\/www.eliassen.nl\/wp-content\/uploads\/2025\/09\/Schaal-golf-Butterfly-Giulia-Eliassen.nl-2025.8.3-296x300.jpg","image":"https:\/\/www.eliassen.nl\/wp-content\/uploads\/2025\/09\/Schaal-golf-Butterfly-Giulia-Eliassen.nl-2025.8.3-150x150.jpg","price_search":"<span class=\"woocommerce-Price-amount amount\"><bdi><span class=\"woocommerce-Price-currencySymbol\">&euro;<\/span>&nbsp;99,00<\/bdi><\/span>","category":"Farbige Glasvasen","global_unique_id":"6096520415404","_links":{"self":[{"href":"https:\/\/www.eliassen.nl\/de\/wp-json\/wp\/v2\/product\/196777","targetHints":{"allow":["GET"]}}],"collection":[{"href":"https:\/\/www.eliassen.nl\/de\/wp-json\/wp\/v2\/product"}],"about":[{"href":"https:\/\/www.eliassen.nl\/de\/wp-json\/wp\/v2\/types\/product"}],"wp:featuredmedia":[{"embeddable":true,"href":"https:\/\/www.eliassen.nl\/de\/wp-json\/wp\/v2\/media\/192129"}],"wp:attachment":[{"href":"https:\/\/www.eliassen.nl\/de\/wp-json\/wp\/v2\/media?parent=196777"}],"wp:term":[{"taxonomy":"product_brand","embeddable":true,"href":"https:\/\/www.eliassen.nl\/de\/wp-json\/wp\/v2\/product_brand?post=196777"},{"taxonomy":"product_cat","embeddable":true,"href":"https:\/\/www.eliassen.nl\/de\/wp-json\/wp\/v2\/product_cat?post=196777"},{"taxonomy":"product_tag","embeddable":true,"href":"https:\/\/www.eliassen.nl\/de\/wp-json\/wp\/v2\/product_tag?post=196777"}],"curies":[{"name":"wp","href":"https:\/\/api.w.org\/{rel}","templated":true}]}}