{"id":19594,"date":"2019-10-28T19:26:40","date_gmt":"2019-10-28T19:26:40","guid":{"rendered":"https:\/\/www.eliassen.nl\/?product=abbildung-edelstahl-oliver-die-ragworm"},"modified":"2025-11-27T16:10:48","modified_gmt":"2025-11-27T15:10:48","slug":"figur-edelstahl-oliver-die-sage","status":"publish","type":"product","link":"https:\/\/www.eliassen.nl\/de\/product\/figur-edelstahl-oliver-die-sage\/","title":{"rendered":"Abbildung Edelstahl Oliver der S\u00e4ger"},"content":{"rendered":"<p>Diese exklusive Froschfigur mit einer Kettens\u00e4ge macht im Garten und im Haus Spa\u00df. Stabiler Stand, mit einer Lebensdauer unter normalen Bedingungen. Ganzes ist handgefertigt aus Edelstahl, mit Hufteilen L\u00f6ffel und Gabeln. Da es sich um ein handgefertigtes Exemplar handelt, wird es bei jedem Exemplar immer leichte Unterschiede im Vergleich zum Foto geben. Dies kann nicht reklamiert werden.<\/p>\n<ul>\n<li>  H\u00f6he 28cm, Breite 18cm<\/li>\n<li>  Rostfreier Stahl Klasse 304.<\/li>\n<li>  Praktisch wartungsfrei.<\/li>\n<li>  Exklusive Ausf\u00fchrung.<\/li>\n<li>  Schnelle Lieferung.<\/li>\n<li><strong>  Fast alle dieser Serien sind in unserem Shop ausgestellt<\/strong><\/li>\n<\/ul>\n","protected":false},"excerpt":{"rendered":"<p>Diese exklusive Froschfigur mit einer Kettens\u00e4ge macht im Garten und im Haus Spa\u00df. Stabiler Stand, mit einer Lebensdauer unter normalen Bedingungen. Ganzes ist handgefertigt aus Edelstahl, mit Hufteilen L\u00f6ffel und Gabeln. Da es sich um ein handgefertigtes Exemplar handelt, wird es bei jedem Exemplar immer leichte Unterschiede im Vergleich zum Foto geben. Dies kann nicht &hellip;<\/p>\n","protected":false},"featured_media":19582,"template":"","meta":{"_acf_changed":false,"_genesis_title":"","_genesis_description":""},"product_brand":[7505],"product_cat":[659,671],"product_tag":[],"class_list":{"0":"post-19594","1":"product","2":"type-product","3":"status-publish","4":"has-post-thumbnail","6":"product_brand-sonstige","7":"product_cat-dekoration-aus-metall","8":"product_cat-voegel-aus-edelstahl","10":"first","11":"instock","12":"taxable","13":"shipping-taxable","14":"purchasable","15":"product-type-simple"},"acf":[],"meta_all":{"total_sales":"0","wcml_sync_hash":{"postmeta_fields":"b54ad44848f733d943440c465b6a84f7"},"attr_label_translations":[]},"meta_all_flat":{"total_sales":"0","wcml_sync_hash.postmeta_fields":"b54ad44848f733d943440c465b6a84f7"},"yoast_head":"<!-- This site is optimized with the Yoast SEO Premium plugin v26.2 (Yoast SEO v27.2) - https:\/\/yoast.com\/product\/yoast-seo-premium-wordpress\/ -->\n<title>Abbildung Edelstahl Oliver der S\u00e4ger - Eliassen<\/title>\n<meta name=\"description\" content=\"Suchen Sie eine Figur? Bestellen Sie jetzt Froschfigur aus Edelstahl Oliver der S\u00e4ger. Kaufen Sie Metallfiguren ganz einfach auf unserer Website. Gro\u00dfe Auswahl \u2713 Schnelle Lieferung\" \/>\n<meta name=\"robots\" content=\"index, follow, max-snippet:-1, max-image-preview:large, max-video-preview:-1\" \/>\n<link rel=\"canonical\" href=\"https:\/\/www.eliassen.nl\/de\/product\/figur-edelstahl-oliver-die-sage\/\" \/>\n<meta property=\"og:locale\" content=\"de_DE\" \/>\n<meta property=\"og:type\" content=\"article\" \/>\n<meta property=\"og:title\" content=\"Sonstige Abbildung Edelstahl Oliver der S\u00e4ger - Eliassen.nl\" \/>\n<meta property=\"og:description\" content=\"Suchen Sie eine Figur? Bestellen Sie jetzt Froschfigur aus Edelstahl Oliver der S\u00e4ger. Kaufen Sie Metallfiguren ganz einfach auf unserer Website. Gro\u00dfe Auswahl \u2713 Schnelle Lieferung\" \/>\n<meta property=\"og:url\" content=\"https:\/\/www.eliassen.nl\/de\/product\/figur-edelstahl-oliver-die-sage\/\" \/>\n<meta property=\"og:site_name\" content=\"Eliassen.nl\" \/>\n<meta property=\"article:publisher\" content=\"https:\/\/www.facebook.com\/TuincentrumEliassenAmmerzoden\" \/>\n<meta property=\"article:modified_time\" content=\"2025-11-27T15:10:48+00:00\" \/>\n<meta property=\"og:image\" content=\"https:\/\/www.eliassen.nl\/wp-content\/uploads\/2024\/01\/eliassenkikkerfiguurrvsoliverdezager.jpg\" \/>\n\t<meta property=\"og:image:width\" content=\"723\" \/>\n\t<meta property=\"og:image:height\" content=\"1024\" \/>\n\t<meta property=\"og:image:type\" content=\"image\/jpeg\" \/>\n<meta name=\"twitter:card\" content=\"summary_large_image\" \/>\n<script type=\"application\/ld+json\" class=\"yoast-schema-graph\">{\"@context\":\"https:\/\/schema.org\",\"@graph\":[{\"@type\":\"WebPage\",\"@id\":\"https:\/\/www.eliassen.nl\/de\/product\/figur-edelstahl-oliver-die-sage\/\",\"url\":\"https:\/\/www.eliassen.nl\/de\/product\/figur-edelstahl-oliver-die-sage\/\",\"name\":\"Abbildung Edelstahl Oliver der S\u00e4ger - Eliassen\",\"isPartOf\":{\"@id\":\"https:\/\/www.eliassen.nl\/de\/#website\"},\"primaryImageOfPage\":{\"@id\":\"https:\/\/www.eliassen.nl\/de\/product\/figur-edelstahl-oliver-die-sage\/#primaryimage\"},\"image\":{\"@id\":\"https:\/\/www.eliassen.nl\/de\/product\/figur-edelstahl-oliver-die-sage\/#primaryimage\"},\"thumbnailUrl\":\"https:\/\/www.eliassen.nl\/wp-content\/uploads\/2024\/01\/eliassenkikkerfiguurrvsoliverdezager.jpg\",\"datePublished\":\"2019-10-28T19:26:40+00:00\",\"dateModified\":\"2025-11-27T15:10:48+00:00\",\"description\":\"Suchen Sie eine Figur? Bestellen Sie jetzt Froschfigur aus Edelstahl Oliver der S\u00e4ger. Kaufen Sie Metallfiguren ganz einfach auf unserer Website. Gro\u00dfe Auswahl \u2713 Schnelle Lieferung\",\"breadcrumb\":{\"@id\":\"https:\/\/www.eliassen.nl\/de\/product\/figur-edelstahl-oliver-die-sage\/#breadcrumb\"},\"inLanguage\":\"de\",\"potentialAction\":[{\"@type\":\"ReadAction\",\"target\":[\"https:\/\/www.eliassen.nl\/de\/product\/figur-edelstahl-oliver-die-sage\/\"]}]},{\"@type\":\"ImageObject\",\"inLanguage\":\"de\",\"@id\":\"https:\/\/www.eliassen.nl\/de\/product\/figur-edelstahl-oliver-die-sage\/#primaryimage\",\"url\":\"https:\/\/www.eliassen.nl\/wp-content\/uploads\/2024\/01\/eliassenkikkerfiguurrvsoliverdezager.jpg\",\"contentUrl\":\"https:\/\/www.eliassen.nl\/wp-content\/uploads\/2024\/01\/eliassenkikkerfiguurrvsoliverdezager.jpg\",\"width\":723,\"height\":1024,\"caption\":\"Eliassen Frosch Figur aus Edelstahl Oliver der S\u00e4ger\"},{\"@type\":\"BreadcrumbList\",\"@id\":\"https:\/\/www.eliassen.nl\/de\/product\/figur-edelstahl-oliver-die-sage\/#breadcrumb\",\"itemListElement\":[{\"@type\":\"ListItem\",\"position\":1,\"name\":\"Home\",\"item\":\"https:\/\/www.eliassen.nl\/de\/\"},{\"@type\":\"ListItem\",\"position\":2,\"name\":\"Shop\",\"item\":\"https:\/\/www.eliassen.nl\/de\/shop\/\"},{\"@type\":\"ListItem\",\"position\":3,\"name\":\"Dekoration aus Metall\",\"item\":\"https:\/\/www.eliassen.nl\/de\/dekoration-aus-metall\/\"},{\"@type\":\"ListItem\",\"position\":4,\"name\":\"V\u00f6gel aus Edelstahl\",\"item\":\"https:\/\/www.eliassen.nl\/de\/dekoration-aus-metall\/voegel-aus-edelstahl\/\"},{\"@type\":\"ListItem\",\"position\":5,\"name\":\"Abbildung Edelstahl Oliver der S\u00e4ger\"}]},{\"@type\":\"WebSite\",\"@id\":\"https:\/\/www.eliassen.nl\/de\/#website\",\"url\":\"https:\/\/www.eliassen.nl\/de\/\",\"name\":\"Eliassen Home & Garden Pleasure\",\"description\":\"\",\"publisher\":{\"@id\":\"https:\/\/www.eliassen.nl\/de\/#organization\"},\"alternateName\":\"Eliassen.nl\",\"potentialAction\":[{\"@type\":\"SearchAction\",\"target\":{\"@type\":\"EntryPoint\",\"urlTemplate\":\"https:\/\/www.eliassen.nl\/de\/?s={search_term_string}\"},\"query-input\":{\"@type\":\"PropertyValueSpecification\",\"valueRequired\":true,\"valueName\":\"search_term_string\"}}],\"inLanguage\":\"de\"},{\"@type\":[\"Organization\",\"Place\"],\"@id\":\"https:\/\/www.eliassen.nl\/de\/#organization\",\"name\":\"Eliassen Home & Garden Pleasure\",\"url\":\"https:\/\/www.eliassen.nl\/de\/\",\"logo\":{\"@id\":\"https:\/\/www.eliassen.nl\/de\/product\/figur-edelstahl-oliver-die-sage\/#local-main-organization-logo\"},\"image\":{\"@id\":\"https:\/\/www.eliassen.nl\/de\/product\/figur-edelstahl-oliver-die-sage\/#local-main-organization-logo\"},\"sameAs\":[\"https:\/\/www.facebook.com\/TuincentrumEliassenAmmerzoden\",\"https:\/\/www.instagram.com\/eliassenhomeandgarden\/\",\"https:\/\/nl.pinterest.com\/eliassenhomeandgarden\/\",\"https:\/\/www.youtube.com\/@eliassenhomegardenpleasure4558\"],\"telephone\":[],\"openingHoursSpecification\":[{\"@type\":\"OpeningHoursSpecification\",\"dayOfWeek\":[\"Monday\",\"Tuesday\",\"Wednesday\",\"Thursday\",\"Friday\",\"Saturday\",\"Sunday\"],\"opens\":\"09:00\",\"closes\":\"17:00\"}]},{\"@type\":\"ImageObject\",\"inLanguage\":\"de\",\"@id\":\"https:\/\/www.eliassen.nl\/de\/product\/figur-edelstahl-oliver-die-sage\/#local-main-organization-logo\",\"url\":\"https:\/\/www.eliassen.nl\/wp-content\/uploads\/2024\/01\/logo_4nd.jpg\",\"contentUrl\":\"https:\/\/www.eliassen.nl\/wp-content\/uploads\/2024\/01\/logo_4nd.jpg\",\"width\":500,\"height\":500,\"caption\":\"Eliassen Home & Garden Pleasure\"}]}<\/script>\n<meta property=\"product:price:amount\" content=\"49.95\" \/>\n<meta property=\"product:price:currency\" content=\"EUR\" \/>\n<meta property=\"og:availability\" content=\"instock\" \/>\n<meta property=\"product:availability\" content=\"instock\" \/>\n<meta property=\"product:retailer_item_id\" content=\"1713\" \/>\n<meta property=\"product:condition\" content=\"new\" \/>\n<!-- \/ Yoast SEO Premium plugin. -->","yoast_head_json":{"title":"Abbildung Edelstahl Oliver der S\u00e4ger - Eliassen","description":"Suchen Sie eine Figur? Bestellen Sie jetzt Froschfigur aus Edelstahl Oliver der S\u00e4ger. Kaufen Sie Metallfiguren ganz einfach auf unserer Website. Gro\u00dfe Auswahl \u2713 Schnelle Lieferung","robots":{"index":"index","follow":"follow","max-snippet":"max-snippet:-1","max-image-preview":"max-image-preview:large","max-video-preview":"max-video-preview:-1"},"canonical":"https:\/\/www.eliassen.nl\/de\/product\/figur-edelstahl-oliver-die-sage\/","og_locale":"de_DE","og_type":"article","og_title":"Sonstige Abbildung Edelstahl Oliver der S\u00e4ger - Eliassen.nl","og_description":"Suchen Sie eine Figur? Bestellen Sie jetzt Froschfigur aus Edelstahl Oliver der S\u00e4ger. Kaufen Sie Metallfiguren ganz einfach auf unserer Website. Gro\u00dfe Auswahl \u2713 Schnelle Lieferung","og_url":"https:\/\/www.eliassen.nl\/de\/product\/figur-edelstahl-oliver-die-sage\/","og_site_name":"Eliassen.nl","article_publisher":"https:\/\/www.facebook.com\/TuincentrumEliassenAmmerzoden","article_modified_time":"2025-11-27T15:10:48+00:00","og_image":[{"width":723,"height":1024,"url":"https:\/\/www.eliassen.nl\/wp-content\/uploads\/2024\/01\/eliassenkikkerfiguurrvsoliverdezager.jpg","type":"image\/jpeg"}],"twitter_card":"summary_large_image","schema":{"@context":"https:\/\/schema.org","@graph":[{"@type":"WebPage","@id":"https:\/\/www.eliassen.nl\/de\/product\/figur-edelstahl-oliver-die-sage\/","url":"https:\/\/www.eliassen.nl\/de\/product\/figur-edelstahl-oliver-die-sage\/","name":"Abbildung Edelstahl Oliver der S\u00e4ger - Eliassen","isPartOf":{"@id":"https:\/\/www.eliassen.nl\/de\/#website"},"primaryImageOfPage":{"@id":"https:\/\/www.eliassen.nl\/de\/product\/figur-edelstahl-oliver-die-sage\/#primaryimage"},"image":{"@id":"https:\/\/www.eliassen.nl\/de\/product\/figur-edelstahl-oliver-die-sage\/#primaryimage"},"thumbnailUrl":"https:\/\/www.eliassen.nl\/wp-content\/uploads\/2024\/01\/eliassenkikkerfiguurrvsoliverdezager.jpg","datePublished":"2019-10-28T19:26:40+00:00","dateModified":"2025-11-27T15:10:48+00:00","description":"Suchen Sie eine Figur? Bestellen Sie jetzt Froschfigur aus Edelstahl Oliver der S\u00e4ger. Kaufen Sie Metallfiguren ganz einfach auf unserer Website. Gro\u00dfe Auswahl \u2713 Schnelle Lieferung","breadcrumb":{"@id":"https:\/\/www.eliassen.nl\/de\/product\/figur-edelstahl-oliver-die-sage\/#breadcrumb"},"inLanguage":"de","potentialAction":[{"@type":"ReadAction","target":["https:\/\/www.eliassen.nl\/de\/product\/figur-edelstahl-oliver-die-sage\/"]}]},{"@type":"ImageObject","inLanguage":"de","@id":"https:\/\/www.eliassen.nl\/de\/product\/figur-edelstahl-oliver-die-sage\/#primaryimage","url":"https:\/\/www.eliassen.nl\/wp-content\/uploads\/2024\/01\/eliassenkikkerfiguurrvsoliverdezager.jpg","contentUrl":"https:\/\/www.eliassen.nl\/wp-content\/uploads\/2024\/01\/eliassenkikkerfiguurrvsoliverdezager.jpg","width":723,"height":1024,"caption":"Eliassen Frosch Figur aus Edelstahl Oliver der S\u00e4ger"},{"@type":"BreadcrumbList","@id":"https:\/\/www.eliassen.nl\/de\/product\/figur-edelstahl-oliver-die-sage\/#breadcrumb","itemListElement":[{"@type":"ListItem","position":1,"name":"Home","item":"https:\/\/www.eliassen.nl\/de\/"},{"@type":"ListItem","position":2,"name":"Shop","item":"https:\/\/www.eliassen.nl\/de\/shop\/"},{"@type":"ListItem","position":3,"name":"Dekoration aus Metall","item":"https:\/\/www.eliassen.nl\/de\/dekoration-aus-metall\/"},{"@type":"ListItem","position":4,"name":"V\u00f6gel aus Edelstahl","item":"https:\/\/www.eliassen.nl\/de\/dekoration-aus-metall\/voegel-aus-edelstahl\/"},{"@type":"ListItem","position":5,"name":"Abbildung Edelstahl Oliver der S\u00e4ger"}]},{"@type":"WebSite","@id":"https:\/\/www.eliassen.nl\/de\/#website","url":"https:\/\/www.eliassen.nl\/de\/","name":"Eliassen Home & Garden Pleasure","description":"","publisher":{"@id":"https:\/\/www.eliassen.nl\/de\/#organization"},"alternateName":"Eliassen.nl","potentialAction":[{"@type":"SearchAction","target":{"@type":"EntryPoint","urlTemplate":"https:\/\/www.eliassen.nl\/de\/?s={search_term_string}"},"query-input":{"@type":"PropertyValueSpecification","valueRequired":true,"valueName":"search_term_string"}}],"inLanguage":"de"},{"@type":["Organization","Place"],"@id":"https:\/\/www.eliassen.nl\/de\/#organization","name":"Eliassen Home & Garden Pleasure","url":"https:\/\/www.eliassen.nl\/de\/","logo":{"@id":"https:\/\/www.eliassen.nl\/de\/product\/figur-edelstahl-oliver-die-sage\/#local-main-organization-logo"},"image":{"@id":"https:\/\/www.eliassen.nl\/de\/product\/figur-edelstahl-oliver-die-sage\/#local-main-organization-logo"},"sameAs":["https:\/\/www.facebook.com\/TuincentrumEliassenAmmerzoden","https:\/\/www.instagram.com\/eliassenhomeandgarden\/","https:\/\/nl.pinterest.com\/eliassenhomeandgarden\/","https:\/\/www.youtube.com\/@eliassenhomegardenpleasure4558"],"telephone":[],"openingHoursSpecification":[{"@type":"OpeningHoursSpecification","dayOfWeek":["Monday","Tuesday","Wednesday","Thursday","Friday","Saturday","Sunday"],"opens":"09:00","closes":"17:00"}]},{"@type":"ImageObject","inLanguage":"de","@id":"https:\/\/www.eliassen.nl\/de\/product\/figur-edelstahl-oliver-die-sage\/#local-main-organization-logo","url":"https:\/\/www.eliassen.nl\/wp-content\/uploads\/2024\/01\/logo_4nd.jpg","contentUrl":"https:\/\/www.eliassen.nl\/wp-content\/uploads\/2024\/01\/logo_4nd.jpg","width":500,"height":500,"caption":"Eliassen Home & Garden Pleasure"}]},"product_price_amount":"49.95","product_price_currency":"EUR","og_availability":"instock","product_availability":"instock","product_retailer_item_id":"1713","product_condition":"new"},"df_price":49.95,"df_sale_price":"","df_regular_price":49.95,"df_image_link":"https:\/\/www.eliassen.nl\/wp-content\/uploads\/2024\/01\/eliassenkikkerfiguurrvsoliverdezager.jpg","image":"https:\/\/www.eliassen.nl\/wp-content\/uploads\/2024\/01\/eliassenkikkerfiguurrvsoliverdezager.jpg","price_search":"<span class=\"woocommerce-Price-amount amount\"><bdi><span class=\"woocommerce-Price-currencySymbol\">&euro;<\/span>&nbsp;49,95<\/bdi><\/span>","category":"Dekoration aus Metall","global_unique_id":"784089064350","_links":{"self":[{"href":"https:\/\/www.eliassen.nl\/de\/wp-json\/wp\/v2\/product\/19594","targetHints":{"allow":["GET"]}}],"collection":[{"href":"https:\/\/www.eliassen.nl\/de\/wp-json\/wp\/v2\/product"}],"about":[{"href":"https:\/\/www.eliassen.nl\/de\/wp-json\/wp\/v2\/types\/product"}],"wp:featuredmedia":[{"embeddable":true,"href":"https:\/\/www.eliassen.nl\/de\/wp-json\/wp\/v2\/media\/19582"}],"wp:attachment":[{"href":"https:\/\/www.eliassen.nl\/de\/wp-json\/wp\/v2\/media?parent=19594"}],"wp:term":[{"taxonomy":"product_brand","embeddable":true,"href":"https:\/\/www.eliassen.nl\/de\/wp-json\/wp\/v2\/product_brand?post=19594"},{"taxonomy":"product_cat","embeddable":true,"href":"https:\/\/www.eliassen.nl\/de\/wp-json\/wp\/v2\/product_cat?post=19594"},{"taxonomy":"product_tag","embeddable":true,"href":"https:\/\/www.eliassen.nl\/de\/wp-json\/wp\/v2\/product_tag?post=19594"}],"curies":[{"name":"wp","href":"https:\/\/api.w.org\/{rel}","templated":true}]}}