{"id":195167,"date":"2025-10-29T16:48:04","date_gmt":"2025-10-29T15:48:04","guid":{"rendered":"https:\/\/www.eliassen.nl\/product\/cameo-glasvase-clematis-44cm\/"},"modified":"2026-02-09T20:16:46","modified_gmt":"2026-02-09T19:16:46","slug":"cameo-glasvase-clematis-44cm","status":"publish","type":"product","link":"https:\/\/www.eliassen.nl\/de\/cameo-glasvase-clematis-44cm\/","title":{"rendered":"Cameo Glasvase von Emile Gall\u00e9 Clematis 44cm"},"content":{"rendered":"<p>Wundersch\u00f6ne hohe, florale Glasvase in konischer Form, hergestellt nach der alten Cameo-Technik, modelliert von dem weltber\u00fchmten Glask\u00fcnstler \u00c9mile Gall\u00e9.<\/p>\n<p>Kamee-Glas ist eine sch\u00f6ne und alte Form der Glaskunst. Das Glas wird auf verschiedene Weise bearbeitet, z.B. durch \u00c4tzen, Gravieren oder Schneiden. Sie erkennen Cameo-Glas daran, dass auf dem Objekt aus Cameo-Glas immer mehrere Glasschichten \u00fcbereinander aufgebracht sind, die in der Regel verschiedene Farben haben, wodurch ein sehr sch\u00f6ner Lichteffekt entsteht.<\/p>\n<ul>\n<li>Gr\u00f6\u00dfe: 44cm hoch, Vasenst\u00e4rke 20cm, Lochdurchmesser 8cm<\/li>\n<li>Jedes Exemplar weicht vom Foto ab, da es handgefertigt ist.<\/li>\n<li>Sehen Sie auch live<\/li>\n<li>Schnelle Lieferung<\/li>\n<\/ul>\n","protected":false},"excerpt":{"rendered":"<p>Bereichern Sie Ihre Einrichtung mit dieser beeindruckenden 44 cm hohen Cameo Glasvase, die mit stimmungsvollen Clematisbl\u00fcten verziert ist. Die Vase hat eine elegante, spitz zulaufende Form und ist in nat\u00fcrlichen Gr\u00fcn- und Gelbt\u00f6nen gehalten, die mit der authentischen Technik von Emile Gall\u00e9 hergestellt wurden. Die Verwendung mehrerer Glasschichten sorgt f\u00fcr eine atemberaubende Tiefenwirkung und ein einzigartiges Lichtspiel, das diese handgefertigte Vase zu einem hochwertigen Kunstobjekt in Ihrem Zuhause macht.<\/p>\n","protected":false},"featured_media":194452,"template":"","meta":{"_acf_changed":false,"_genesis_title":"","_genesis_description":""},"product_brand":[7505],"product_cat":[1202,800],"product_tag":[],"class_list":{"0":"post-195167","1":"product","2":"type-product","3":"status-publish","4":"has-post-thumbnail","6":"product_brand-sonstige","7":"product_cat-cameo-glaskollektion","8":"product_cat-glaskunst","10":"first","11":"instock","12":"taxable","13":"shipping-taxable","14":"purchasable","15":"product-type-simple"},"acf":[],"meta_all":{"total_sales":"0","cor_restricted_countries":[]},"meta_all_flat":{"total_sales":"0"},"yoast_head":"<!-- This site is optimized with the Yoast SEO Premium plugin v26.2 (Yoast SEO v27.2) - https:\/\/yoast.com\/product\/yoast-seo-premium-wordpress\/ -->\n<title>Sonstige Cameo Glasvase von Emile Gall\u00e9 Clematis 44cm - Eliassen.nl<\/title>\n<meta name=\"description\" content=\"Bestellen Sie diese einzigartige Cameo Glasvase (44 cm) mit Clematis-Dekor im Stil von Emile Gall\u00e9. Ein eleganter, handgefertigter Blickfang f\u00fcr Ihr Interieur. Sehen Sie es sich jetzt an!\" \/>\n<meta name=\"robots\" content=\"index, follow, max-snippet:-1, max-image-preview:large, max-video-preview:-1\" \/>\n<link rel=\"canonical\" href=\"https:\/\/www.eliassen.nl\/de\/cameo-glasvase-clematis-44cm\/\" \/>\n<meta property=\"og:locale\" content=\"de_DE\" \/>\n<meta property=\"og:type\" content=\"article\" \/>\n<meta property=\"og:title\" content=\"Sonstige Cameo Glasvase von Emile Gall\u00e9 Clematis 44cm - Eliassen.nl\" \/>\n<meta property=\"og:description\" content=\"Bestellen Sie diese einzigartige Cameo Glasvase (44 cm) mit Clematis-Dekor im Stil von Emile Gall\u00e9. Ein eleganter, handgefertigter Blickfang f\u00fcr Ihr Interieur. Sehen Sie es sich jetzt an!\" \/>\n<meta property=\"og:url\" content=\"https:\/\/www.eliassen.nl\/de\/cameo-glasvase-clematis-44cm\/\" \/>\n<meta property=\"og:site_name\" content=\"Eliassen.nl\" \/>\n<meta property=\"article:publisher\" content=\"https:\/\/www.facebook.com\/TuincentrumEliassenAmmerzoden\" \/>\n<meta property=\"article:modified_time\" content=\"2026-02-09T19:16:46+00:00\" \/>\n<meta property=\"og:image\" content=\"https:\/\/www.eliassen.nl\/wp-content\/uploads\/2025\/10\/Glasvaas-Cameo-Clematis-Eliassen.nl-VG101.jpg\" \/>\n\t<meta property=\"og:image:width\" content=\"1200\" \/>\n\t<meta property=\"og:image:height\" content=\"1200\" \/>\n\t<meta property=\"og:image:type\" content=\"image\/jpeg\" \/>\n<meta name=\"twitter:card\" content=\"summary_large_image\" \/>\n<script type=\"application\/ld+json\" class=\"yoast-schema-graph\">{\"@context\":\"https:\/\/schema.org\",\"@graph\":[{\"@type\":\"WebPage\",\"@id\":\"https:\/\/www.eliassen.nl\/de\/cameo-glasvase-clematis-44cm\/\",\"url\":\"https:\/\/www.eliassen.nl\/de\/cameo-glasvase-clematis-44cm\/\",\"name\":\"Sonstige Cameo Glasvase von Emile Gall\u00e9 Clematis 44cm - Eliassen.nl\",\"isPartOf\":{\"@id\":\"https:\/\/www.eliassen.nl\/de\/#website\"},\"primaryImageOfPage\":{\"@id\":\"https:\/\/www.eliassen.nl\/de\/cameo-glasvase-clematis-44cm\/#primaryimage\"},\"image\":{\"@id\":\"https:\/\/www.eliassen.nl\/de\/cameo-glasvase-clematis-44cm\/#primaryimage\"},\"thumbnailUrl\":\"https:\/\/www.eliassen.nl\/wp-content\/uploads\/2025\/10\/Glasvaas-Cameo-Clematis-Eliassen.nl-VG101.jpg\",\"datePublished\":\"2025-10-29T15:48:04+00:00\",\"dateModified\":\"2026-02-09T19:16:46+00:00\",\"description\":\"Bestellen Sie diese einzigartige Cameo Glasvase (44 cm) mit Clematis-Dekor im Stil von Emile Gall\u00e9. Ein eleganter, handgefertigter Blickfang f\u00fcr Ihr Interieur. Sehen Sie es sich jetzt an!\",\"breadcrumb\":{\"@id\":\"https:\/\/www.eliassen.nl\/de\/cameo-glasvase-clematis-44cm\/#breadcrumb\"},\"inLanguage\":\"de\",\"potentialAction\":[{\"@type\":\"ReadAction\",\"target\":[\"https:\/\/www.eliassen.nl\/de\/cameo-glasvase-clematis-44cm\/\"]}]},{\"@type\":\"ImageObject\",\"inLanguage\":\"de\",\"@id\":\"https:\/\/www.eliassen.nl\/de\/cameo-glasvase-clematis-44cm\/#primaryimage\",\"url\":\"https:\/\/www.eliassen.nl\/wp-content\/uploads\/2025\/10\/Glasvaas-Cameo-Clematis-Eliassen.nl-VG101.jpg\",\"contentUrl\":\"https:\/\/www.eliassen.nl\/wp-content\/uploads\/2025\/10\/Glasvaas-Cameo-Clematis-Eliassen.nl-VG101.jpg\",\"width\":1200,\"height\":1200,\"caption\":\"Glasvase Cameo Clematis Eliassen.nl VG101\"},{\"@type\":\"BreadcrumbList\",\"@id\":\"https:\/\/www.eliassen.nl\/de\/cameo-glasvase-clematis-44cm\/#breadcrumb\",\"itemListElement\":[{\"@type\":\"ListItem\",\"position\":1,\"name\":\"Home\",\"item\":\"https:\/\/www.eliassen.nl\/de\/\"},{\"@type\":\"ListItem\",\"position\":2,\"name\":\"Shop\",\"item\":\"https:\/\/www.eliassen.nl\/de\/shop\/\"},{\"@type\":\"ListItem\",\"position\":3,\"name\":\"Glaskunst\",\"item\":\"https:\/\/www.eliassen.nl\/de\/glaskunst\/\"},{\"@type\":\"ListItem\",\"position\":4,\"name\":\"Cameo Glasvase von Emile Gall\u00e9 Clematis 44cm\"}]},{\"@type\":\"WebSite\",\"@id\":\"https:\/\/www.eliassen.nl\/de\/#website\",\"url\":\"https:\/\/www.eliassen.nl\/de\/\",\"name\":\"Eliassen Home & Garden Pleasure\",\"description\":\"\",\"publisher\":{\"@id\":\"https:\/\/www.eliassen.nl\/de\/#organization\"},\"alternateName\":\"Eliassen.nl\",\"potentialAction\":[{\"@type\":\"SearchAction\",\"target\":{\"@type\":\"EntryPoint\",\"urlTemplate\":\"https:\/\/www.eliassen.nl\/de\/?s={search_term_string}\"},\"query-input\":{\"@type\":\"PropertyValueSpecification\",\"valueRequired\":true,\"valueName\":\"search_term_string\"}}],\"inLanguage\":\"de\"},{\"@type\":[\"Organization\",\"Place\"],\"@id\":\"https:\/\/www.eliassen.nl\/de\/#organization\",\"name\":\"Eliassen Home & Garden Pleasure\",\"url\":\"https:\/\/www.eliassen.nl\/de\/\",\"logo\":{\"@id\":\"https:\/\/www.eliassen.nl\/de\/cameo-glasvase-clematis-44cm\/#local-main-organization-logo\"},\"image\":{\"@id\":\"https:\/\/www.eliassen.nl\/de\/cameo-glasvase-clematis-44cm\/#local-main-organization-logo\"},\"sameAs\":[\"https:\/\/www.facebook.com\/TuincentrumEliassenAmmerzoden\",\"https:\/\/www.instagram.com\/eliassenhomeandgarden\/\",\"https:\/\/nl.pinterest.com\/eliassenhomeandgarden\/\",\"https:\/\/www.youtube.com\/@eliassenhomegardenpleasure4558\"],\"telephone\":[],\"openingHoursSpecification\":[{\"@type\":\"OpeningHoursSpecification\",\"dayOfWeek\":[\"Monday\",\"Tuesday\",\"Wednesday\",\"Thursday\",\"Friday\",\"Saturday\",\"Sunday\"],\"opens\":\"09:00\",\"closes\":\"17:00\"}]},{\"@type\":\"ImageObject\",\"inLanguage\":\"de\",\"@id\":\"https:\/\/www.eliassen.nl\/de\/cameo-glasvase-clematis-44cm\/#local-main-organization-logo\",\"url\":\"https:\/\/www.eliassen.nl\/wp-content\/uploads\/2024\/01\/logo_4nd.jpg\",\"contentUrl\":\"https:\/\/www.eliassen.nl\/wp-content\/uploads\/2024\/01\/logo_4nd.jpg\",\"width\":500,\"height\":500,\"caption\":\"Eliassen Home & Garden Pleasure\"}]}<\/script>\n<meta property=\"product:price:amount\" content=\"219.00\" \/>\n<meta property=\"product:price:currency\" content=\"EUR\" \/>\n<meta property=\"og:availability\" content=\"instock\" \/>\n<meta property=\"product:availability\" content=\"instock\" \/>\n<meta property=\"product:retailer_item_id\" content=\"VG101\" \/>\n<meta property=\"product:condition\" content=\"new\" \/>\n<!-- \/ Yoast SEO Premium plugin. -->","yoast_head_json":{"title":"Sonstige Cameo Glasvase von Emile Gall\u00e9 Clematis 44cm - Eliassen.nl","description":"Bestellen Sie diese einzigartige Cameo Glasvase (44 cm) mit Clematis-Dekor im Stil von Emile Gall\u00e9. Ein eleganter, handgefertigter Blickfang f\u00fcr Ihr Interieur. Sehen Sie es sich jetzt an!","robots":{"index":"index","follow":"follow","max-snippet":"max-snippet:-1","max-image-preview":"max-image-preview:large","max-video-preview":"max-video-preview:-1"},"canonical":"https:\/\/www.eliassen.nl\/de\/cameo-glasvase-clematis-44cm\/","og_locale":"de_DE","og_type":"article","og_title":"Sonstige Cameo Glasvase von Emile Gall\u00e9 Clematis 44cm - Eliassen.nl","og_description":"Bestellen Sie diese einzigartige Cameo Glasvase (44 cm) mit Clematis-Dekor im Stil von Emile Gall\u00e9. Ein eleganter, handgefertigter Blickfang f\u00fcr Ihr Interieur. Sehen Sie es sich jetzt an!","og_url":"https:\/\/www.eliassen.nl\/de\/cameo-glasvase-clematis-44cm\/","og_site_name":"Eliassen.nl","article_publisher":"https:\/\/www.facebook.com\/TuincentrumEliassenAmmerzoden","article_modified_time":"2026-02-09T19:16:46+00:00","og_image":[{"width":1200,"height":1200,"url":"https:\/\/www.eliassen.nl\/wp-content\/uploads\/2025\/10\/Glasvaas-Cameo-Clematis-Eliassen.nl-VG101.jpg","type":"image\/jpeg"}],"twitter_card":"summary_large_image","schema":{"@context":"https:\/\/schema.org","@graph":[{"@type":"WebPage","@id":"https:\/\/www.eliassen.nl\/de\/cameo-glasvase-clematis-44cm\/","url":"https:\/\/www.eliassen.nl\/de\/cameo-glasvase-clematis-44cm\/","name":"Sonstige Cameo Glasvase von Emile Gall\u00e9 Clematis 44cm - Eliassen.nl","isPartOf":{"@id":"https:\/\/www.eliassen.nl\/de\/#website"},"primaryImageOfPage":{"@id":"https:\/\/www.eliassen.nl\/de\/cameo-glasvase-clematis-44cm\/#primaryimage"},"image":{"@id":"https:\/\/www.eliassen.nl\/de\/cameo-glasvase-clematis-44cm\/#primaryimage"},"thumbnailUrl":"https:\/\/www.eliassen.nl\/wp-content\/uploads\/2025\/10\/Glasvaas-Cameo-Clematis-Eliassen.nl-VG101.jpg","datePublished":"2025-10-29T15:48:04+00:00","dateModified":"2026-02-09T19:16:46+00:00","description":"Bestellen Sie diese einzigartige Cameo Glasvase (44 cm) mit Clematis-Dekor im Stil von Emile Gall\u00e9. Ein eleganter, handgefertigter Blickfang f\u00fcr Ihr Interieur. Sehen Sie es sich jetzt an!","breadcrumb":{"@id":"https:\/\/www.eliassen.nl\/de\/cameo-glasvase-clematis-44cm\/#breadcrumb"},"inLanguage":"de","potentialAction":[{"@type":"ReadAction","target":["https:\/\/www.eliassen.nl\/de\/cameo-glasvase-clematis-44cm\/"]}]},{"@type":"ImageObject","inLanguage":"de","@id":"https:\/\/www.eliassen.nl\/de\/cameo-glasvase-clematis-44cm\/#primaryimage","url":"https:\/\/www.eliassen.nl\/wp-content\/uploads\/2025\/10\/Glasvaas-Cameo-Clematis-Eliassen.nl-VG101.jpg","contentUrl":"https:\/\/www.eliassen.nl\/wp-content\/uploads\/2025\/10\/Glasvaas-Cameo-Clematis-Eliassen.nl-VG101.jpg","width":1200,"height":1200,"caption":"Glasvase Cameo Clematis Eliassen.nl VG101"},{"@type":"BreadcrumbList","@id":"https:\/\/www.eliassen.nl\/de\/cameo-glasvase-clematis-44cm\/#breadcrumb","itemListElement":[{"@type":"ListItem","position":1,"name":"Home","item":"https:\/\/www.eliassen.nl\/de\/"},{"@type":"ListItem","position":2,"name":"Shop","item":"https:\/\/www.eliassen.nl\/de\/shop\/"},{"@type":"ListItem","position":3,"name":"Glaskunst","item":"https:\/\/www.eliassen.nl\/de\/glaskunst\/"},{"@type":"ListItem","position":4,"name":"Cameo Glasvase von Emile Gall\u00e9 Clematis 44cm"}]},{"@type":"WebSite","@id":"https:\/\/www.eliassen.nl\/de\/#website","url":"https:\/\/www.eliassen.nl\/de\/","name":"Eliassen Home & Garden Pleasure","description":"","publisher":{"@id":"https:\/\/www.eliassen.nl\/de\/#organization"},"alternateName":"Eliassen.nl","potentialAction":[{"@type":"SearchAction","target":{"@type":"EntryPoint","urlTemplate":"https:\/\/www.eliassen.nl\/de\/?s={search_term_string}"},"query-input":{"@type":"PropertyValueSpecification","valueRequired":true,"valueName":"search_term_string"}}],"inLanguage":"de"},{"@type":["Organization","Place"],"@id":"https:\/\/www.eliassen.nl\/de\/#organization","name":"Eliassen Home & Garden Pleasure","url":"https:\/\/www.eliassen.nl\/de\/","logo":{"@id":"https:\/\/www.eliassen.nl\/de\/cameo-glasvase-clematis-44cm\/#local-main-organization-logo"},"image":{"@id":"https:\/\/www.eliassen.nl\/de\/cameo-glasvase-clematis-44cm\/#local-main-organization-logo"},"sameAs":["https:\/\/www.facebook.com\/TuincentrumEliassenAmmerzoden","https:\/\/www.instagram.com\/eliassenhomeandgarden\/","https:\/\/nl.pinterest.com\/eliassenhomeandgarden\/","https:\/\/www.youtube.com\/@eliassenhomegardenpleasure4558"],"telephone":[],"openingHoursSpecification":[{"@type":"OpeningHoursSpecification","dayOfWeek":["Monday","Tuesday","Wednesday","Thursday","Friday","Saturday","Sunday"],"opens":"09:00","closes":"17:00"}]},{"@type":"ImageObject","inLanguage":"de","@id":"https:\/\/www.eliassen.nl\/de\/cameo-glasvase-clematis-44cm\/#local-main-organization-logo","url":"https:\/\/www.eliassen.nl\/wp-content\/uploads\/2024\/01\/logo_4nd.jpg","contentUrl":"https:\/\/www.eliassen.nl\/wp-content\/uploads\/2024\/01\/logo_4nd.jpg","width":500,"height":500,"caption":"Eliassen Home & Garden Pleasure"}]},"product_price_amount":"219.00","product_price_currency":"EUR","og_availability":"instock","product_availability":"instock","product_retailer_item_id":"VG101","product_condition":"new"},"df_price":219,"df_sale_price":"","df_regular_price":219,"df_image_link":"https:\/\/www.eliassen.nl\/wp-content\/uploads\/2025\/10\/Glasvaas-Cameo-Clematis-Eliassen.nl-VG101-300x300.jpg","image":"https:\/\/www.eliassen.nl\/wp-content\/uploads\/2025\/10\/Glasvaas-Cameo-Clematis-Eliassen.nl-VG101-150x150.jpg","price_search":"<span class=\"woocommerce-Price-amount amount\"><bdi><span class=\"woocommerce-Price-currencySymbol\">&euro;<\/span>&nbsp;219,00<\/bdi><\/span>","category":"Cameo Glaskollektion","global_unique_id":"6096520454434","_links":{"self":[{"href":"https:\/\/www.eliassen.nl\/de\/wp-json\/wp\/v2\/product\/195167","targetHints":{"allow":["GET"]}}],"collection":[{"href":"https:\/\/www.eliassen.nl\/de\/wp-json\/wp\/v2\/product"}],"about":[{"href":"https:\/\/www.eliassen.nl\/de\/wp-json\/wp\/v2\/types\/product"}],"wp:featuredmedia":[{"embeddable":true,"href":"https:\/\/www.eliassen.nl\/de\/wp-json\/wp\/v2\/media\/194452"}],"wp:attachment":[{"href":"https:\/\/www.eliassen.nl\/de\/wp-json\/wp\/v2\/media?parent=195167"}],"wp:term":[{"taxonomy":"product_brand","embeddable":true,"href":"https:\/\/www.eliassen.nl\/de\/wp-json\/wp\/v2\/product_brand?post=195167"},{"taxonomy":"product_cat","embeddable":true,"href":"https:\/\/www.eliassen.nl\/de\/wp-json\/wp\/v2\/product_cat?post=195167"},{"taxonomy":"product_tag","embeddable":true,"href":"https:\/\/www.eliassen.nl\/de\/wp-json\/wp\/v2\/product_tag?post=195167"}],"curies":[{"name":"wp","href":"https:\/\/api.w.org\/{rel}","templated":true}]}}