{"id":194695,"date":"2025-01-22T11:26:25","date_gmt":"2025-01-22T10:26:25","guid":{"rendered":"https:\/\/www.eliassen.nl\/product\/leinwand-strass-gemaelde-hochglanz-lady-in-den-schmetterlingen-62x92cm\/"},"modified":"2026-03-06T17:04:28","modified_gmt":"2026-03-06T16:04:28","slug":"leinwand-strass-gemaelde-hochglanz-lady-in-den-schmetterlingen-62x92cm","status":"publish","type":"product","link":"https:\/\/www.eliassen.nl\/de\/leinwand-strass-gemaelde-hochglanz-lady-in-den-schmetterlingen-62x92cm\/","title":{"rendered":"Leinwand Strass Gem\u00e4lde Hochglanz Lady in den Schmetterlingen 62x92cm"},"content":{"rendered":"<p><span style=\"font-weight: 400;\">Sind Sie auf der Suche nach einem hochmodernen Leinwandbild mit verschiedenen Strassstein-Akzenten? Dann ist dieses Modell  <\/span><span style=\"font-weight: 400;\">Hochglanz  <\/span><span style=\"font-weight: 400;\">Strassbild mit einer Dame in farbenfroher Umgebung mit Blumen ist bestimmt etwas f\u00fcr Sie. Diese  <\/span><span style=\"font-weight: 400;\">hoch <\/span><span style=\"font-weight: 400;\">Das Leinwandgem\u00e4lde hat sehr sch\u00f6ne Akzente mit Kieselsteinveredelung. Es wurde sorgf\u00e4ltig mit den feinsten Farbkompositionen und mit gro\u00dfer Aufmerksamkeit f\u00fcr den letzten Schliff angefertigt!<\/span><\/p>\n<p><span style=\"font-weight: 400;\">Dieses Leinwandgem\u00e4lde wurde bei der Herstellung einem sehr modernen Verfahren unterzogen. Die Leinwand wird bedruckt, dann werden alle Steine auf die Leinwand geklebt. Das Gem\u00e4lde wird mit Acrylfarbe weiterbearbeitet.<\/span><\/p>\n<p><span style=\"font-weight: 400;\">Zum Schluss wird ein d\u00fcnner, UV-best\u00e4ndiger Film auf die gesamte Leinwand aufgetragen <\/span><span style=\"font-weight: 400;\">und Perlen <\/span> <span style=\"font-weight: 400;\">gestreckt, danach wird die Folie vakuumiert. Das Ergebnis ist dann ein wundersch\u00f6nes Seidengem\u00e4lde, bei dem die Strasssteine f\u00fcr einen trendigen und zugleich eleganten Look sorgen.<\/span><\/p>\n<p><span style=\"font-weight: 400;\">Wir haben fast die gesamte Kollektion dieser Serie in unserem Gesch\u00e4ft ausgestellt und k\u00f6nnen sie online bestellen, was in den Niederlanden einzigartig ist.<\/span><\/p>\n<ul>\n<li style=\"font-weight: 400;\" aria-level=\"1\"><span style=\"font-weight: 400;\">Gr\u00f6\u00dfe: 62x92x3,5cm<\/span><\/li>\n<li style=\"font-weight: 400;\" aria-level=\"1\"><span style=\"font-weight: 400;\">Ausgestattet mit einem 4 cm dicken und 8 mm breiten schwarzen Backrahmen an der Vorderseite<\/span><\/li>\n<li style=\"font-weight: 400;\" aria-level=\"1\"><span style=\"font-weight: 400;\">Robuste Leinwand<\/span><\/li>\n<li style=\"font-weight: 400;\" aria-level=\"1\"><span style=\"font-weight: 400;\">Einfaches Aufh\u00e4ngen mit 1 Schraube<\/span><\/li>\n<li style=\"font-weight: 400;\" aria-level=\"1\"><span style=\"font-weight: 400;\">Schnelle Lieferung<\/span><\/li>\n<li style=\"font-weight: 400;\" aria-level=\"1\"><b>Die gr\u00f6\u00dfte Sammlung in den Benelux-L\u00e4ndern, die Sie auch live sehen k\u00f6nnen.<\/b><\/li>\n<li style=\"font-weight: 400;\" aria-level=\"1\"><span style=\"font-weight: 400;\">1 Jahr Garantie<\/span><\/li>\n<li style=\"font-weight: 400;\" aria-level=\"1\"><span style=\"font-weight: 400;\">Nur drinnen<\/span><\/li>\n<\/ul>\n","protected":false},"excerpt":{"rendered":"<p>Mit Steinen \u2713 Moderne Leinwand<\/p>\n","protected":false},"featured_media":171151,"template":"","meta":{"_acf_changed":false,"_genesis_title":"","_genesis_description":""},"product_brand":[7505],"product_cat":[410,7038],"product_tag":[],"class_list":{"0":"post-194695","1":"product","2":"type-product","3":"status-publish","4":"has-post-thumbnail","6":"product_brand-sonstige","7":"product_cat-gemaelde","8":"product_cat-strass-leinwandgemaelde","10":"first","11":"onbackorder","12":"taxable","13":"shipping-taxable","14":"purchasable","15":"product-type-simple"},"acf":[],"meta_all":{"total_sales":"1","cor_restricted_countries":[]},"meta_all_flat":{"total_sales":"1"},"yoast_head":"<!-- This site is optimized with the Yoast SEO Premium plugin v26.2 (Yoast SEO v27.2) - https:\/\/yoast.com\/product\/yoast-seo-premium-wordpress\/ -->\n<title>Sonstige Leinwand Strass Gem\u00e4lde Hochglanz Lady in den Schmetterlingen 62x92cm - Eliassen.nl<\/title>\n<meta name=\"description\" content=\"Sind Sie auf der Suche nach einem modernen und farbenfrohen Gem\u00e4lde? Dieses Modell, das eine von Schmetterlingen umgebene Dame zeigt, ist wundersch\u00f6n gestaltet.\" \/>\n<meta name=\"robots\" content=\"index, follow, max-snippet:-1, max-image-preview:large, max-video-preview:-1\" \/>\n<link rel=\"canonical\" href=\"https:\/\/www.eliassen.nl\/de\/leinwand-strass-gemaelde-hochglanz-lady-in-den-schmetterlingen-62x92cm\/\" \/>\n<meta property=\"og:locale\" content=\"de_DE\" \/>\n<meta property=\"og:type\" content=\"article\" \/>\n<meta property=\"og:title\" content=\"Sonstige Leinwand Strass Gem\u00e4lde Hochglanz Lady in den Schmetterlingen 62x92cm - Eliassen.nl\" \/>\n<meta property=\"og:description\" content=\"Sind Sie auf der Suche nach einem modernen und farbenfrohen Gem\u00e4lde? Dieses Modell, das eine von Schmetterlingen umgebene Dame zeigt, ist wundersch\u00f6n gestaltet.\" \/>\n<meta property=\"og:url\" content=\"https:\/\/www.eliassen.nl\/de\/leinwand-strass-gemaelde-hochglanz-lady-in-den-schmetterlingen-62x92cm\/\" \/>\n<meta property=\"og:site_name\" content=\"Eliassen.nl\" \/>\n<meta property=\"article:publisher\" content=\"https:\/\/www.facebook.com\/TuincentrumEliassenAmmerzoden\" \/>\n<meta property=\"article:modified_time\" content=\"2026-03-06T16:04:28+00:00\" \/>\n<meta property=\"og:image\" content=\"https:\/\/www.eliassen.nl\/wp-content\/uploads\/2025\/01\/Strass-schilderij-canvas-Dame-in-de-vlinders-Eliassen.nl-6118-1-62x92-cm.jpg\" \/>\n\t<meta property=\"og:image:width\" content=\"1004\" \/>\n\t<meta property=\"og:image:height\" content=\"1476\" \/>\n\t<meta property=\"og:image:type\" content=\"image\/jpeg\" \/>\n<meta name=\"twitter:card\" content=\"summary_large_image\" \/>\n<script type=\"application\/ld+json\" class=\"yoast-schema-graph\">{\"@context\":\"https:\/\/schema.org\",\"@graph\":[{\"@type\":\"WebPage\",\"@id\":\"https:\/\/www.eliassen.nl\/de\/leinwand-strass-gemaelde-hochglanz-lady-in-den-schmetterlingen-62x92cm\/\",\"url\":\"https:\/\/www.eliassen.nl\/de\/leinwand-strass-gemaelde-hochglanz-lady-in-den-schmetterlingen-62x92cm\/\",\"name\":\"Sonstige Leinwand Strass Gem\u00e4lde Hochglanz Lady in den Schmetterlingen 62x92cm - Eliassen.nl\",\"isPartOf\":{\"@id\":\"https:\/\/www.eliassen.nl\/de\/#website\"},\"primaryImageOfPage\":{\"@id\":\"https:\/\/www.eliassen.nl\/de\/leinwand-strass-gemaelde-hochglanz-lady-in-den-schmetterlingen-62x92cm\/#primaryimage\"},\"image\":{\"@id\":\"https:\/\/www.eliassen.nl\/de\/leinwand-strass-gemaelde-hochglanz-lady-in-den-schmetterlingen-62x92cm\/#primaryimage\"},\"thumbnailUrl\":\"https:\/\/www.eliassen.nl\/wp-content\/uploads\/2025\/01\/Strass-schilderij-canvas-Dame-in-de-vlinders-Eliassen.nl-6118-1-62x92-cm.jpg\",\"datePublished\":\"2025-01-22T10:26:25+00:00\",\"dateModified\":\"2026-03-06T16:04:28+00:00\",\"description\":\"Sind Sie auf der Suche nach einem modernen und farbenfrohen Gem\u00e4lde? Dieses Modell, das eine von Schmetterlingen umgebene Dame zeigt, ist wundersch\u00f6n gestaltet.\",\"breadcrumb\":{\"@id\":\"https:\/\/www.eliassen.nl\/de\/leinwand-strass-gemaelde-hochglanz-lady-in-den-schmetterlingen-62x92cm\/#breadcrumb\"},\"inLanguage\":\"de\",\"potentialAction\":[{\"@type\":\"ReadAction\",\"target\":[\"https:\/\/www.eliassen.nl\/de\/leinwand-strass-gemaelde-hochglanz-lady-in-den-schmetterlingen-62x92cm\/\"]}]},{\"@type\":\"ImageObject\",\"inLanguage\":\"de\",\"@id\":\"https:\/\/www.eliassen.nl\/de\/leinwand-strass-gemaelde-hochglanz-lady-in-den-schmetterlingen-62x92cm\/#primaryimage\",\"url\":\"https:\/\/www.eliassen.nl\/wp-content\/uploads\/2025\/01\/Strass-schilderij-canvas-Dame-in-de-vlinders-Eliassen.nl-6118-1-62x92-cm.jpg\",\"contentUrl\":\"https:\/\/www.eliassen.nl\/wp-content\/uploads\/2025\/01\/Strass-schilderij-canvas-Dame-in-de-vlinders-Eliassen.nl-6118-1-62x92-cm.jpg\",\"width\":1004,\"height\":1476},{\"@type\":\"BreadcrumbList\",\"@id\":\"https:\/\/www.eliassen.nl\/de\/leinwand-strass-gemaelde-hochglanz-lady-in-den-schmetterlingen-62x92cm\/#breadcrumb\",\"itemListElement\":[{\"@type\":\"ListItem\",\"position\":1,\"name\":\"Home\",\"item\":\"https:\/\/www.eliassen.nl\/de\/\"},{\"@type\":\"ListItem\",\"position\":2,\"name\":\"Shop\",\"item\":\"https:\/\/www.eliassen.nl\/de\/shop\/\"},{\"@type\":\"ListItem\",\"position\":3,\"name\":\"Strass-Leinwandgem\u00e4lde\",\"item\":\"https:\/\/www.eliassen.nl\/de\/product-categorie\/strass-leinwandgemaelde\/\"},{\"@type\":\"ListItem\",\"position\":4,\"name\":\"Leinwand Strass Gem\u00e4lde Hochglanz Lady in den Schmetterlingen 62x92cm\"}]},{\"@type\":\"WebSite\",\"@id\":\"https:\/\/www.eliassen.nl\/de\/#website\",\"url\":\"https:\/\/www.eliassen.nl\/de\/\",\"name\":\"Eliassen Home & Garden Pleasure\",\"description\":\"\",\"publisher\":{\"@id\":\"https:\/\/www.eliassen.nl\/de\/#organization\"},\"alternateName\":\"Eliassen.nl\",\"potentialAction\":[{\"@type\":\"SearchAction\",\"target\":{\"@type\":\"EntryPoint\",\"urlTemplate\":\"https:\/\/www.eliassen.nl\/de\/?s={search_term_string}\"},\"query-input\":{\"@type\":\"PropertyValueSpecification\",\"valueRequired\":true,\"valueName\":\"search_term_string\"}}],\"inLanguage\":\"de\"},{\"@type\":[\"Organization\",\"Place\"],\"@id\":\"https:\/\/www.eliassen.nl\/de\/#organization\",\"name\":\"Eliassen Home & Garden Pleasure\",\"url\":\"https:\/\/www.eliassen.nl\/de\/\",\"logo\":{\"@id\":\"https:\/\/www.eliassen.nl\/de\/leinwand-strass-gemaelde-hochglanz-lady-in-den-schmetterlingen-62x92cm\/#local-main-organization-logo\"},\"image\":{\"@id\":\"https:\/\/www.eliassen.nl\/de\/leinwand-strass-gemaelde-hochglanz-lady-in-den-schmetterlingen-62x92cm\/#local-main-organization-logo\"},\"sameAs\":[\"https:\/\/www.facebook.com\/TuincentrumEliassenAmmerzoden\",\"https:\/\/www.instagram.com\/eliassenhomeandgarden\/\",\"https:\/\/nl.pinterest.com\/eliassenhomeandgarden\/\",\"https:\/\/www.youtube.com\/@eliassenhomegardenpleasure4558\"],\"telephone\":[],\"openingHoursSpecification\":[{\"@type\":\"OpeningHoursSpecification\",\"dayOfWeek\":[\"Monday\",\"Tuesday\",\"Wednesday\",\"Thursday\",\"Friday\",\"Saturday\",\"Sunday\"],\"opens\":\"09:00\",\"closes\":\"17:00\"}]},{\"@type\":\"ImageObject\",\"inLanguage\":\"de\",\"@id\":\"https:\/\/www.eliassen.nl\/de\/leinwand-strass-gemaelde-hochglanz-lady-in-den-schmetterlingen-62x92cm\/#local-main-organization-logo\",\"url\":\"https:\/\/www.eliassen.nl\/wp-content\/uploads\/2024\/01\/logo_4nd.jpg\",\"contentUrl\":\"https:\/\/www.eliassen.nl\/wp-content\/uploads\/2024\/01\/logo_4nd.jpg\",\"width\":500,\"height\":500,\"caption\":\"Eliassen Home & Garden Pleasure\"}]}<\/script>\n<meta property=\"product:price:amount\" content=\"89.00\" \/>\n<meta property=\"product:price:currency\" content=\"EUR\" \/>\n<meta property=\"og:availability\" content=\"backorder\" \/>\n<meta property=\"product:availability\" content=\"available for order\" \/>\n<meta property=\"product:retailer_item_id\" content=\"6118-1 a\" \/>\n<meta property=\"product:condition\" content=\"new\" \/>\n<!-- \/ Yoast SEO Premium plugin. -->","yoast_head_json":{"title":"Sonstige Leinwand Strass Gem\u00e4lde Hochglanz Lady in den Schmetterlingen 62x92cm - Eliassen.nl","description":"Sind Sie auf der Suche nach einem modernen und farbenfrohen Gem\u00e4lde? Dieses Modell, das eine von Schmetterlingen umgebene Dame zeigt, ist wundersch\u00f6n gestaltet.","robots":{"index":"index","follow":"follow","max-snippet":"max-snippet:-1","max-image-preview":"max-image-preview:large","max-video-preview":"max-video-preview:-1"},"canonical":"https:\/\/www.eliassen.nl\/de\/leinwand-strass-gemaelde-hochglanz-lady-in-den-schmetterlingen-62x92cm\/","og_locale":"de_DE","og_type":"article","og_title":"Sonstige Leinwand Strass Gem\u00e4lde Hochglanz Lady in den Schmetterlingen 62x92cm - Eliassen.nl","og_description":"Sind Sie auf der Suche nach einem modernen und farbenfrohen Gem\u00e4lde? Dieses Modell, das eine von Schmetterlingen umgebene Dame zeigt, ist wundersch\u00f6n gestaltet.","og_url":"https:\/\/www.eliassen.nl\/de\/leinwand-strass-gemaelde-hochglanz-lady-in-den-schmetterlingen-62x92cm\/","og_site_name":"Eliassen.nl","article_publisher":"https:\/\/www.facebook.com\/TuincentrumEliassenAmmerzoden","article_modified_time":"2026-03-06T16:04:28+00:00","og_image":[{"width":1004,"height":1476,"url":"https:\/\/www.eliassen.nl\/wp-content\/uploads\/2025\/01\/Strass-schilderij-canvas-Dame-in-de-vlinders-Eliassen.nl-6118-1-62x92-cm.jpg","type":"image\/jpeg"}],"twitter_card":"summary_large_image","schema":{"@context":"https:\/\/schema.org","@graph":[{"@type":"WebPage","@id":"https:\/\/www.eliassen.nl\/de\/leinwand-strass-gemaelde-hochglanz-lady-in-den-schmetterlingen-62x92cm\/","url":"https:\/\/www.eliassen.nl\/de\/leinwand-strass-gemaelde-hochglanz-lady-in-den-schmetterlingen-62x92cm\/","name":"Sonstige Leinwand Strass Gem\u00e4lde Hochglanz Lady in den Schmetterlingen 62x92cm - Eliassen.nl","isPartOf":{"@id":"https:\/\/www.eliassen.nl\/de\/#website"},"primaryImageOfPage":{"@id":"https:\/\/www.eliassen.nl\/de\/leinwand-strass-gemaelde-hochglanz-lady-in-den-schmetterlingen-62x92cm\/#primaryimage"},"image":{"@id":"https:\/\/www.eliassen.nl\/de\/leinwand-strass-gemaelde-hochglanz-lady-in-den-schmetterlingen-62x92cm\/#primaryimage"},"thumbnailUrl":"https:\/\/www.eliassen.nl\/wp-content\/uploads\/2025\/01\/Strass-schilderij-canvas-Dame-in-de-vlinders-Eliassen.nl-6118-1-62x92-cm.jpg","datePublished":"2025-01-22T10:26:25+00:00","dateModified":"2026-03-06T16:04:28+00:00","description":"Sind Sie auf der Suche nach einem modernen und farbenfrohen Gem\u00e4lde? Dieses Modell, das eine von Schmetterlingen umgebene Dame zeigt, ist wundersch\u00f6n gestaltet.","breadcrumb":{"@id":"https:\/\/www.eliassen.nl\/de\/leinwand-strass-gemaelde-hochglanz-lady-in-den-schmetterlingen-62x92cm\/#breadcrumb"},"inLanguage":"de","potentialAction":[{"@type":"ReadAction","target":["https:\/\/www.eliassen.nl\/de\/leinwand-strass-gemaelde-hochglanz-lady-in-den-schmetterlingen-62x92cm\/"]}]},{"@type":"ImageObject","inLanguage":"de","@id":"https:\/\/www.eliassen.nl\/de\/leinwand-strass-gemaelde-hochglanz-lady-in-den-schmetterlingen-62x92cm\/#primaryimage","url":"https:\/\/www.eliassen.nl\/wp-content\/uploads\/2025\/01\/Strass-schilderij-canvas-Dame-in-de-vlinders-Eliassen.nl-6118-1-62x92-cm.jpg","contentUrl":"https:\/\/www.eliassen.nl\/wp-content\/uploads\/2025\/01\/Strass-schilderij-canvas-Dame-in-de-vlinders-Eliassen.nl-6118-1-62x92-cm.jpg","width":1004,"height":1476},{"@type":"BreadcrumbList","@id":"https:\/\/www.eliassen.nl\/de\/leinwand-strass-gemaelde-hochglanz-lady-in-den-schmetterlingen-62x92cm\/#breadcrumb","itemListElement":[{"@type":"ListItem","position":1,"name":"Home","item":"https:\/\/www.eliassen.nl\/de\/"},{"@type":"ListItem","position":2,"name":"Shop","item":"https:\/\/www.eliassen.nl\/de\/shop\/"},{"@type":"ListItem","position":3,"name":"Strass-Leinwandgem\u00e4lde","item":"https:\/\/www.eliassen.nl\/de\/product-categorie\/strass-leinwandgemaelde\/"},{"@type":"ListItem","position":4,"name":"Leinwand Strass Gem\u00e4lde Hochglanz Lady in den Schmetterlingen 62x92cm"}]},{"@type":"WebSite","@id":"https:\/\/www.eliassen.nl\/de\/#website","url":"https:\/\/www.eliassen.nl\/de\/","name":"Eliassen Home & Garden Pleasure","description":"","publisher":{"@id":"https:\/\/www.eliassen.nl\/de\/#organization"},"alternateName":"Eliassen.nl","potentialAction":[{"@type":"SearchAction","target":{"@type":"EntryPoint","urlTemplate":"https:\/\/www.eliassen.nl\/de\/?s={search_term_string}"},"query-input":{"@type":"PropertyValueSpecification","valueRequired":true,"valueName":"search_term_string"}}],"inLanguage":"de"},{"@type":["Organization","Place"],"@id":"https:\/\/www.eliassen.nl\/de\/#organization","name":"Eliassen Home & Garden Pleasure","url":"https:\/\/www.eliassen.nl\/de\/","logo":{"@id":"https:\/\/www.eliassen.nl\/de\/leinwand-strass-gemaelde-hochglanz-lady-in-den-schmetterlingen-62x92cm\/#local-main-organization-logo"},"image":{"@id":"https:\/\/www.eliassen.nl\/de\/leinwand-strass-gemaelde-hochglanz-lady-in-den-schmetterlingen-62x92cm\/#local-main-organization-logo"},"sameAs":["https:\/\/www.facebook.com\/TuincentrumEliassenAmmerzoden","https:\/\/www.instagram.com\/eliassenhomeandgarden\/","https:\/\/nl.pinterest.com\/eliassenhomeandgarden\/","https:\/\/www.youtube.com\/@eliassenhomegardenpleasure4558"],"telephone":[],"openingHoursSpecification":[{"@type":"OpeningHoursSpecification","dayOfWeek":["Monday","Tuesday","Wednesday","Thursday","Friday","Saturday","Sunday"],"opens":"09:00","closes":"17:00"}]},{"@type":"ImageObject","inLanguage":"de","@id":"https:\/\/www.eliassen.nl\/de\/leinwand-strass-gemaelde-hochglanz-lady-in-den-schmetterlingen-62x92cm\/#local-main-organization-logo","url":"https:\/\/www.eliassen.nl\/wp-content\/uploads\/2024\/01\/logo_4nd.jpg","contentUrl":"https:\/\/www.eliassen.nl\/wp-content\/uploads\/2024\/01\/logo_4nd.jpg","width":500,"height":500,"caption":"Eliassen Home & Garden Pleasure"}]},"product_price_amount":"89.00","product_price_currency":"EUR","og_availability":"backorder","product_availability":"available for order","product_retailer_item_id":"6118-1 a","product_condition":"new"},"df_price":89,"df_sale_price":"","df_regular_price":89,"df_image_link":"https:\/\/www.eliassen.nl\/wp-content\/uploads\/2025\/01\/Strass-schilderij-canvas-Dame-in-de-vlinders-Eliassen.nl-6118-1-62x92-cm-204x300.jpg","image":"https:\/\/www.eliassen.nl\/wp-content\/uploads\/2025\/01\/Strass-schilderij-canvas-Dame-in-de-vlinders-Eliassen.nl-6118-1-62x92-cm-150x150.jpg","price_search":"<span class=\"woocommerce-Price-amount amount\"><bdi><span class=\"woocommerce-Price-currencySymbol\">&euro;<\/span>&nbsp;89,00<\/bdi><\/span>","category":"Gem\u00e4lde","global_unique_id":"6096524061096","_links":{"self":[{"href":"https:\/\/www.eliassen.nl\/de\/wp-json\/wp\/v2\/product\/194695","targetHints":{"allow":["GET"]}}],"collection":[{"href":"https:\/\/www.eliassen.nl\/de\/wp-json\/wp\/v2\/product"}],"about":[{"href":"https:\/\/www.eliassen.nl\/de\/wp-json\/wp\/v2\/types\/product"}],"wp:featuredmedia":[{"embeddable":true,"href":"https:\/\/www.eliassen.nl\/de\/wp-json\/wp\/v2\/media\/171151"}],"wp:attachment":[{"href":"https:\/\/www.eliassen.nl\/de\/wp-json\/wp\/v2\/media?parent=194695"}],"wp:term":[{"taxonomy":"product_brand","embeddable":true,"href":"https:\/\/www.eliassen.nl\/de\/wp-json\/wp\/v2\/product_brand?post=194695"},{"taxonomy":"product_cat","embeddable":true,"href":"https:\/\/www.eliassen.nl\/de\/wp-json\/wp\/v2\/product_cat?post=194695"},{"taxonomy":"product_tag","embeddable":true,"href":"https:\/\/www.eliassen.nl\/de\/wp-json\/wp\/v2\/product_tag?post=194695"}],"curies":[{"name":"wp","href":"https:\/\/api.w.org\/{rel}","templated":true}]}}