{"id":194693,"date":"2025-06-04T15:17:16","date_gmt":"2025-06-04T13:17:16","guid":{"rendered":"https:\/\/www.eliassen.nl\/product\/gemaelde-3d-metall-reiher-80x120cm\/"},"modified":"2026-01-07T13:43:28","modified_gmt":"2026-01-07T12:43:28","slug":"gemaelde-3d-metall-reiher-80x120cm","status":"publish","type":"product","link":"https:\/\/www.eliassen.nl\/de\/gemaelde-3d-metall-reiher-80x120cm\/","title":{"rendered":"Gem\u00e4lde 3d Metall Reiher 80x120cm"},"content":{"rendered":"<p>Versch\u00f6nern Sie Ihr Interieur mit diesem 3D-Gem\u00e4lde. Sie k\u00f6nnen dieses 3D-Metallgem\u00e4lde, das einen stattlich stehenden Reiher in der Natur darstellt, zum Beispiel in Ihrem Wohnzimmer oder Schlafzimmer aufh\u00e4ngen, um die Umgebung zu versch\u00f6nern.<\/p>\n<p>Dieses Metallbild hat einen 3D-Effekt. Dieser Effekt wurde mit der auf dem Gem\u00e4lde abgebildeten Figur erzielt. Das liegt daran, dass es weiter vom Hintergrund entfernt ist. Dadurch ragen die Bildelemente weiter nach vorne, wodurch das Bild lebendiger wird und ein 3D-Effekt entsteht.<\/p>\n<p>Unsere gesamte Kollektion von 3D-Gem\u00e4lden ist handgemacht! Aus diesem Grund k\u00f6nnen die Bilder jedes Mal etwas anders aussehen.<\/p>\n<p><strong>Wir haben eine gro\u00dfe Sammlung von 3D-Gem\u00e4lden! Sie k\u00f6nnen sich die gesamte Serie in unserem Gesch\u00e4ft ansehen. In der Tat haben wir fast unsere gesamte Kollektion auf Lager. Das ist einzigartig in den Niederlanden!<\/strong><\/p>\n<p>&nbsp;<\/p>\n<ul>\n<li>Gr\u00f6\u00dfe: 80x120cm<\/li>\n<li>Einfach mit 2 Schrauben aufzuh\u00e4ngen<\/li>\n<li>Schnelle Lieferzeiten<\/li>\n<li>Gr\u00f6\u00dfte Sammlung in den Benelux-L\u00e4ndern, auch f\u00fcr Live-Viewing verf\u00fcgbar<\/li>\n<\/ul>\n","protected":false},"excerpt":{"rendered":"<p>Versch\u00f6nern Sie Ihr Interieur mit diesem 3D-Gem\u00e4lde. Sie k\u00f6nnen dieses 3D-Metallgem\u00e4lde, das einen stattlich stehenden Reiher in der Natur darstellt, zum Beispiel in Ihrem Wohnzimmer oder Schlafzimmer aufh\u00e4ngen, um die Umgebung zu versch\u00f6nern. Dieses Metallbild hat einen 3D-Effekt. Dieser Effekt wurde mit der auf dem Gem\u00e4lde abgebildeten Figur erzielt. Das liegt daran, dass es weiter &hellip;<\/p>\n","protected":false},"featured_media":183152,"template":"","meta":{"_acf_changed":false,"_genesis_title":"","_genesis_description":""},"product_brand":[7505],"product_cat":[419,434,410],"product_tag":[],"class_list":{"0":"post-194693","1":"product","2":"type-product","3":"status-publish","4":"has-post-thumbnail","6":"product_brand-sonstige","7":"product_cat-3d-gemaelde-aus-metall","8":"product_cat-3d-gemaelde-aus-metall-im-format-80x120cm","9":"product_cat-gemaelde","11":"first","12":"onbackorder","13":"taxable","14":"shipping-taxable","15":"purchasable","16":"product-type-simple"},"acf":[],"meta_all":{"total_sales":"2","cor_restricted_countries":[]},"meta_all_flat":{"total_sales":"2"},"yoast_head":"<!-- This site is optimized with the Yoast SEO Premium plugin v26.2 (Yoast SEO v27.2) - https:\/\/yoast.com\/product\/yoast-seo-premium-wordpress\/ -->\n<title>Sonstige Gem\u00e4lde 3d Metall Reiher 80x120cm - Eliassen.nl<\/title>\n<meta name=\"robots\" content=\"index, follow, max-snippet:-1, max-image-preview:large, max-video-preview:-1\" \/>\n<link rel=\"canonical\" href=\"https:\/\/www.eliassen.nl\/de\/gemaelde-3d-metall-reiher-80x120cm\/\" \/>\n<meta property=\"og:locale\" content=\"de_DE\" \/>\n<meta property=\"og:type\" content=\"article\" \/>\n<meta property=\"og:title\" content=\"Sonstige Gem\u00e4lde 3d Metall Reiher 80x120cm - Eliassen.nl\" \/>\n<meta property=\"og:description\" content=\"Versch\u00f6nern Sie Ihr Interieur mit diesem 3D-Gem\u00e4lde. Sie k\u00f6nnen dieses 3D-Metallgem\u00e4lde, das einen stattlich stehenden Reiher in der Natur darstellt, zum Beispiel in Ihrem Wohnzimmer oder Schlafzimmer aufh\u00e4ngen, um die Umgebung zu versch\u00f6nern. Dieses Metallbild hat einen 3D-Effekt. Dieser Effekt wurde mit der auf dem Gem\u00e4lde abgebildeten Figur erzielt. Das liegt daran, dass es weiter &hellip;\" \/>\n<meta property=\"og:url\" content=\"https:\/\/www.eliassen.nl\/de\/gemaelde-3d-metall-reiher-80x120cm\/\" \/>\n<meta property=\"og:site_name\" content=\"Eliassen.nl\" \/>\n<meta property=\"article:publisher\" content=\"https:\/\/www.facebook.com\/TuincentrumEliassenAmmerzoden\" \/>\n<meta property=\"article:modified_time\" content=\"2026-01-07T12:43:28+00:00\" \/>\n<meta property=\"og:image\" content=\"https:\/\/www.eliassen.nl\/wp-content\/uploads\/2025\/05\/3d-schilderij-reiger-Eliassen.nl-550.jpg\" \/>\n\t<meta property=\"og:image:width\" content=\"1104\" \/>\n\t<meta property=\"og:image:height\" content=\"1631\" \/>\n\t<meta property=\"og:image:type\" content=\"image\/jpeg\" \/>\n<meta name=\"twitter:card\" content=\"summary_large_image\" \/>\n<script type=\"application\/ld+json\" class=\"yoast-schema-graph\">{\"@context\":\"https:\/\/schema.org\",\"@graph\":[{\"@type\":\"WebPage\",\"@id\":\"https:\/\/www.eliassen.nl\/de\/gemaelde-3d-metall-reiher-80x120cm\/\",\"url\":\"https:\/\/www.eliassen.nl\/de\/gemaelde-3d-metall-reiher-80x120cm\/\",\"name\":\"Sonstige Gem\u00e4lde 3d Metall Reiher 80x120cm - Eliassen.nl\",\"isPartOf\":{\"@id\":\"https:\/\/www.eliassen.nl\/de\/#website\"},\"primaryImageOfPage\":{\"@id\":\"https:\/\/www.eliassen.nl\/de\/gemaelde-3d-metall-reiher-80x120cm\/#primaryimage\"},\"image\":{\"@id\":\"https:\/\/www.eliassen.nl\/de\/gemaelde-3d-metall-reiher-80x120cm\/#primaryimage\"},\"thumbnailUrl\":\"https:\/\/www.eliassen.nl\/wp-content\/uploads\/2025\/05\/3d-schilderij-reiger-Eliassen.nl-550.jpg\",\"datePublished\":\"2025-06-04T13:17:16+00:00\",\"dateModified\":\"2026-01-07T12:43:28+00:00\",\"breadcrumb\":{\"@id\":\"https:\/\/www.eliassen.nl\/de\/gemaelde-3d-metall-reiher-80x120cm\/#breadcrumb\"},\"inLanguage\":\"de\",\"potentialAction\":[{\"@type\":\"ReadAction\",\"target\":[\"https:\/\/www.eliassen.nl\/de\/gemaelde-3d-metall-reiher-80x120cm\/\"]}]},{\"@type\":\"ImageObject\",\"inLanguage\":\"de\",\"@id\":\"https:\/\/www.eliassen.nl\/de\/gemaelde-3d-metall-reiher-80x120cm\/#primaryimage\",\"url\":\"https:\/\/www.eliassen.nl\/wp-content\/uploads\/2025\/05\/3d-schilderij-reiger-Eliassen.nl-550.jpg\",\"contentUrl\":\"https:\/\/www.eliassen.nl\/wp-content\/uploads\/2025\/05\/3d-schilderij-reiger-Eliassen.nl-550.jpg\",\"width\":1104,\"height\":1631},{\"@type\":\"BreadcrumbList\",\"@id\":\"https:\/\/www.eliassen.nl\/de\/gemaelde-3d-metall-reiher-80x120cm\/#breadcrumb\",\"itemListElement\":[{\"@type\":\"ListItem\",\"position\":1,\"name\":\"Home\",\"item\":\"https:\/\/www.eliassen.nl\/de\/\"},{\"@type\":\"ListItem\",\"position\":2,\"name\":\"Shop\",\"item\":\"https:\/\/www.eliassen.nl\/de\/shop\/\"},{\"@type\":\"ListItem\",\"position\":3,\"name\":\"Gem\u00e4lde\",\"item\":\"https:\/\/www.eliassen.nl\/de\/gemaelde\/\"},{\"@type\":\"ListItem\",\"position\":4,\"name\":\"Gem\u00e4lde 3d Metall Reiher 80x120cm\"}]},{\"@type\":\"WebSite\",\"@id\":\"https:\/\/www.eliassen.nl\/de\/#website\",\"url\":\"https:\/\/www.eliassen.nl\/de\/\",\"name\":\"Eliassen Home & Garden Pleasure\",\"description\":\"\",\"publisher\":{\"@id\":\"https:\/\/www.eliassen.nl\/de\/#organization\"},\"alternateName\":\"Eliassen.nl\",\"potentialAction\":[{\"@type\":\"SearchAction\",\"target\":{\"@type\":\"EntryPoint\",\"urlTemplate\":\"https:\/\/www.eliassen.nl\/de\/?s={search_term_string}\"},\"query-input\":{\"@type\":\"PropertyValueSpecification\",\"valueRequired\":true,\"valueName\":\"search_term_string\"}}],\"inLanguage\":\"de\"},{\"@type\":[\"Organization\",\"Place\"],\"@id\":\"https:\/\/www.eliassen.nl\/de\/#organization\",\"name\":\"Eliassen Home & Garden Pleasure\",\"url\":\"https:\/\/www.eliassen.nl\/de\/\",\"logo\":{\"@id\":\"https:\/\/www.eliassen.nl\/de\/gemaelde-3d-metall-reiher-80x120cm\/#local-main-organization-logo\"},\"image\":{\"@id\":\"https:\/\/www.eliassen.nl\/de\/gemaelde-3d-metall-reiher-80x120cm\/#local-main-organization-logo\"},\"sameAs\":[\"https:\/\/www.facebook.com\/TuincentrumEliassenAmmerzoden\",\"https:\/\/www.instagram.com\/eliassenhomeandgarden\/\",\"https:\/\/nl.pinterest.com\/eliassenhomeandgarden\/\",\"https:\/\/www.youtube.com\/@eliassenhomegardenpleasure4558\"],\"telephone\":[],\"openingHoursSpecification\":[{\"@type\":\"OpeningHoursSpecification\",\"dayOfWeek\":[\"Monday\",\"Tuesday\",\"Wednesday\",\"Thursday\",\"Friday\",\"Saturday\",\"Sunday\"],\"opens\":\"09:00\",\"closes\":\"17:00\"}]},{\"@type\":\"ImageObject\",\"inLanguage\":\"de\",\"@id\":\"https:\/\/www.eliassen.nl\/de\/gemaelde-3d-metall-reiher-80x120cm\/#local-main-organization-logo\",\"url\":\"https:\/\/www.eliassen.nl\/wp-content\/uploads\/2024\/01\/logo_4nd.jpg\",\"contentUrl\":\"https:\/\/www.eliassen.nl\/wp-content\/uploads\/2024\/01\/logo_4nd.jpg\",\"width\":500,\"height\":500,\"caption\":\"Eliassen Home & Garden Pleasure\"}]}<\/script>\n<meta property=\"product:price:amount\" content=\"209.00\" \/>\n<meta property=\"product:price:currency\" content=\"EUR\" \/>\n<meta property=\"og:availability\" content=\"backorder\" \/>\n<meta property=\"product:availability\" content=\"available for order\" \/>\n<meta property=\"product:retailer_item_id\" content=\"550 a\" \/>\n<meta property=\"product:condition\" content=\"new\" \/>\n<!-- \/ Yoast SEO Premium plugin. -->","yoast_head_json":{"title":"Sonstige Gem\u00e4lde 3d Metall Reiher 80x120cm - Eliassen.nl","robots":{"index":"index","follow":"follow","max-snippet":"max-snippet:-1","max-image-preview":"max-image-preview:large","max-video-preview":"max-video-preview:-1"},"canonical":"https:\/\/www.eliassen.nl\/de\/gemaelde-3d-metall-reiher-80x120cm\/","og_locale":"de_DE","og_type":"article","og_title":"Sonstige Gem\u00e4lde 3d Metall Reiher 80x120cm - Eliassen.nl","og_description":"Versch\u00f6nern Sie Ihr Interieur mit diesem 3D-Gem\u00e4lde. Sie k\u00f6nnen dieses 3D-Metallgem\u00e4lde, das einen stattlich stehenden Reiher in der Natur darstellt, zum Beispiel in Ihrem Wohnzimmer oder Schlafzimmer aufh\u00e4ngen, um die Umgebung zu versch\u00f6nern. Dieses Metallbild hat einen 3D-Effekt. Dieser Effekt wurde mit der auf dem Gem\u00e4lde abgebildeten Figur erzielt. Das liegt daran, dass es weiter &hellip;","og_url":"https:\/\/www.eliassen.nl\/de\/gemaelde-3d-metall-reiher-80x120cm\/","og_site_name":"Eliassen.nl","article_publisher":"https:\/\/www.facebook.com\/TuincentrumEliassenAmmerzoden","article_modified_time":"2026-01-07T12:43:28+00:00","og_image":[{"width":1104,"height":1631,"url":"https:\/\/www.eliassen.nl\/wp-content\/uploads\/2025\/05\/3d-schilderij-reiger-Eliassen.nl-550.jpg","type":"image\/jpeg"}],"twitter_card":"summary_large_image","schema":{"@context":"https:\/\/schema.org","@graph":[{"@type":"WebPage","@id":"https:\/\/www.eliassen.nl\/de\/gemaelde-3d-metall-reiher-80x120cm\/","url":"https:\/\/www.eliassen.nl\/de\/gemaelde-3d-metall-reiher-80x120cm\/","name":"Sonstige Gem\u00e4lde 3d Metall Reiher 80x120cm - Eliassen.nl","isPartOf":{"@id":"https:\/\/www.eliassen.nl\/de\/#website"},"primaryImageOfPage":{"@id":"https:\/\/www.eliassen.nl\/de\/gemaelde-3d-metall-reiher-80x120cm\/#primaryimage"},"image":{"@id":"https:\/\/www.eliassen.nl\/de\/gemaelde-3d-metall-reiher-80x120cm\/#primaryimage"},"thumbnailUrl":"https:\/\/www.eliassen.nl\/wp-content\/uploads\/2025\/05\/3d-schilderij-reiger-Eliassen.nl-550.jpg","datePublished":"2025-06-04T13:17:16+00:00","dateModified":"2026-01-07T12:43:28+00:00","breadcrumb":{"@id":"https:\/\/www.eliassen.nl\/de\/gemaelde-3d-metall-reiher-80x120cm\/#breadcrumb"},"inLanguage":"de","potentialAction":[{"@type":"ReadAction","target":["https:\/\/www.eliassen.nl\/de\/gemaelde-3d-metall-reiher-80x120cm\/"]}]},{"@type":"ImageObject","inLanguage":"de","@id":"https:\/\/www.eliassen.nl\/de\/gemaelde-3d-metall-reiher-80x120cm\/#primaryimage","url":"https:\/\/www.eliassen.nl\/wp-content\/uploads\/2025\/05\/3d-schilderij-reiger-Eliassen.nl-550.jpg","contentUrl":"https:\/\/www.eliassen.nl\/wp-content\/uploads\/2025\/05\/3d-schilderij-reiger-Eliassen.nl-550.jpg","width":1104,"height":1631},{"@type":"BreadcrumbList","@id":"https:\/\/www.eliassen.nl\/de\/gemaelde-3d-metall-reiher-80x120cm\/#breadcrumb","itemListElement":[{"@type":"ListItem","position":1,"name":"Home","item":"https:\/\/www.eliassen.nl\/de\/"},{"@type":"ListItem","position":2,"name":"Shop","item":"https:\/\/www.eliassen.nl\/de\/shop\/"},{"@type":"ListItem","position":3,"name":"Gem\u00e4lde","item":"https:\/\/www.eliassen.nl\/de\/gemaelde\/"},{"@type":"ListItem","position":4,"name":"Gem\u00e4lde 3d Metall Reiher 80x120cm"}]},{"@type":"WebSite","@id":"https:\/\/www.eliassen.nl\/de\/#website","url":"https:\/\/www.eliassen.nl\/de\/","name":"Eliassen Home & Garden Pleasure","description":"","publisher":{"@id":"https:\/\/www.eliassen.nl\/de\/#organization"},"alternateName":"Eliassen.nl","potentialAction":[{"@type":"SearchAction","target":{"@type":"EntryPoint","urlTemplate":"https:\/\/www.eliassen.nl\/de\/?s={search_term_string}"},"query-input":{"@type":"PropertyValueSpecification","valueRequired":true,"valueName":"search_term_string"}}],"inLanguage":"de"},{"@type":["Organization","Place"],"@id":"https:\/\/www.eliassen.nl\/de\/#organization","name":"Eliassen Home & Garden Pleasure","url":"https:\/\/www.eliassen.nl\/de\/","logo":{"@id":"https:\/\/www.eliassen.nl\/de\/gemaelde-3d-metall-reiher-80x120cm\/#local-main-organization-logo"},"image":{"@id":"https:\/\/www.eliassen.nl\/de\/gemaelde-3d-metall-reiher-80x120cm\/#local-main-organization-logo"},"sameAs":["https:\/\/www.facebook.com\/TuincentrumEliassenAmmerzoden","https:\/\/www.instagram.com\/eliassenhomeandgarden\/","https:\/\/nl.pinterest.com\/eliassenhomeandgarden\/","https:\/\/www.youtube.com\/@eliassenhomegardenpleasure4558"],"telephone":[],"openingHoursSpecification":[{"@type":"OpeningHoursSpecification","dayOfWeek":["Monday","Tuesday","Wednesday","Thursday","Friday","Saturday","Sunday"],"opens":"09:00","closes":"17:00"}]},{"@type":"ImageObject","inLanguage":"de","@id":"https:\/\/www.eliassen.nl\/de\/gemaelde-3d-metall-reiher-80x120cm\/#local-main-organization-logo","url":"https:\/\/www.eliassen.nl\/wp-content\/uploads\/2024\/01\/logo_4nd.jpg","contentUrl":"https:\/\/www.eliassen.nl\/wp-content\/uploads\/2024\/01\/logo_4nd.jpg","width":500,"height":500,"caption":"Eliassen Home & Garden Pleasure"}]},"product_price_amount":"209.00","product_price_currency":"EUR","og_availability":"backorder","product_availability":"available for order","product_retailer_item_id":"550 a","product_condition":"new"},"df_price":209,"df_sale_price":"","df_regular_price":209,"df_image_link":"https:\/\/www.eliassen.nl\/wp-content\/uploads\/2025\/05\/3d-schilderij-reiger-Eliassen.nl-550-203x300.jpg","image":"https:\/\/www.eliassen.nl\/wp-content\/uploads\/2025\/05\/3d-schilderij-reiger-Eliassen.nl-550-150x150.jpg","price_search":"<span class=\"woocommerce-Price-amount amount\"><bdi><span class=\"woocommerce-Price-currencySymbol\">&euro;<\/span>&nbsp;209,00<\/bdi><\/span>","category":"3D Gem\u00e4lde aus Metall","global_unique_id":"6096516721731","_links":{"self":[{"href":"https:\/\/www.eliassen.nl\/de\/wp-json\/wp\/v2\/product\/194693","targetHints":{"allow":["GET"]}}],"collection":[{"href":"https:\/\/www.eliassen.nl\/de\/wp-json\/wp\/v2\/product"}],"about":[{"href":"https:\/\/www.eliassen.nl\/de\/wp-json\/wp\/v2\/types\/product"}],"wp:featuredmedia":[{"embeddable":true,"href":"https:\/\/www.eliassen.nl\/de\/wp-json\/wp\/v2\/media\/183152"}],"wp:attachment":[{"href":"https:\/\/www.eliassen.nl\/de\/wp-json\/wp\/v2\/media?parent=194693"}],"wp:term":[{"taxonomy":"product_brand","embeddable":true,"href":"https:\/\/www.eliassen.nl\/de\/wp-json\/wp\/v2\/product_brand?post=194693"},{"taxonomy":"product_cat","embeddable":true,"href":"https:\/\/www.eliassen.nl\/de\/wp-json\/wp\/v2\/product_cat?post=194693"},{"taxonomy":"product_tag","embeddable":true,"href":"https:\/\/www.eliassen.nl\/de\/wp-json\/wp\/v2\/product_tag?post=194693"}],"curies":[{"name":"wp","href":"https:\/\/api.w.org\/{rel}","templated":true}]}}