{"id":194398,"date":"2025-10-24T13:36:10","date_gmt":"2025-10-24T11:36:10","guid":{"rendered":"https:\/\/www.eliassen.nl\/product\/vase-rondo-40cm-grau\/"},"modified":"2026-03-16T15:45:07","modified_gmt":"2026-03-16T14:45:07","slug":"vase-rondo-40cm-grau","status":"publish","type":"product","link":"https:\/\/www.eliassen.nl\/de\/vase-rondo-40cm-grau\/","title":{"rendered":"Vase Rondo 40cm grau"},"content":{"rendered":"<p>Bringen Sie pure Sch\u00f6nheit in Ihr Haus oder Ihren Garten mit dieser klassisch geformten Gartenvase.<\/p>\n<p>Hergestellt aus felsenfestem Fibreclay, wundersch\u00f6n verarbeitet mit einer superstarken Deckschicht. Fiberclay wird aus getrocknetem Ton hergestellt, der mit Polyester-Epoxidharz gemischt und mit Glasfasermatten verst\u00e4rkt wird. Diese Vase ist f\u00fcr den Innen- und Au\u00dfenbereich geeignet. F\u00fcr den Au\u00dfenbereich \u00f6ffnen Sie bitte vorsichtig die Aussparung am Boden, damit das Wasser ablaufen kann.<\/p>\n<p><strong>Diese Vase kann auch live bei uns besichtigt werden, wenn sie auf Lager ist.<\/strong><\/p>\n<p>&nbsp;<\/p>\n<ul>\n<li>Gr\u00f6\u00dfe: 25x25x40cm hoch<br \/>\nFu\u00dfgr\u00f6\u00dfe: 13x13cm<\/li>\n<li>Farbe: Grau<\/li>\n<li>Gewicht: ca. 4kg<\/li>\n<li>Sehr stilvoll in eleganten, modernen und klassischen G\u00e4rten<\/li>\n<li>Frostbest\u00e4ndig: Ja<\/li>\n<li>Material: Fiberclay<\/li>\n<li>2 Jahre Garantie, externe Sch\u00e4den ausgeschlossen<\/li>\n<li>UV-best\u00e4ndig<\/li>\n<li>Schnelle Lieferung<\/li>\n<\/ul>\n","protected":false},"excerpt":{"rendered":"<p>\u2713 Hergestellt aus Fibreclay \u2713 Verschiedene Gr\u00f6\u00dfen erh\u00e4ltlich \u2713 UV- und frostbest\u00e4ndig<\/p>\n","protected":false},"featured_media":191383,"template":"","meta":{"_acf_changed":false,"_genesis_title":"","_genesis_description":""},"product_brand":[6962],"product_cat":[722,7343,1427],"product_tag":[7298],"class_list":{"0":"post-194398","1":"product","2":"type-product","3":"status-publish","4":"has-post-thumbnail","6":"product_brand-countryfield-de","7":"product_cat-blumentoepfe-und-pflanzgefaesse","8":"product_cat-klassische-gartenvasen-de","9":"product_cat-tuinvazen-fiberclay","10":"product_tag-groser-kunststoff","12":"first","13":"instock","14":"taxable","15":"shipping-taxable","16":"purchasable","17":"product-type-simple"},"acf":[],"meta_all":{"total_sales":"0","cor_restricted_countries":[]},"meta_all_flat":{"total_sales":"0"},"yoast_head":"<!-- This site is optimized with the Yoast SEO Premium plugin v26.2 (Yoast SEO v27.2) - https:\/\/yoast.com\/product\/yoast-seo-premium-wordpress\/ -->\n<title>Countryfield Vase Rondo 40cm grau - Eliassen.nl<\/title>\n<meta name=\"description\" content=\"Eine sch\u00f6ne graue Vase aus Fibreclay. Frostbest\u00e4ndig, UV-best\u00e4ndig und f\u00fcr den Innen- und Au\u00dfenbereich geeignet. Eine anmutige Vase f\u00fcr jedes Interieur. 40cm hoch.\" \/>\n<meta name=\"robots\" content=\"index, follow, max-snippet:-1, max-image-preview:large, max-video-preview:-1\" \/>\n<link rel=\"canonical\" href=\"https:\/\/www.eliassen.nl\/de\/vase-rondo-40cm-grau\/\" \/>\n<meta property=\"og:locale\" content=\"de_DE\" \/>\n<meta property=\"og:type\" content=\"article\" \/>\n<meta property=\"og:title\" content=\"Countryfield Vase Rondo 40cm grau - Eliassen.nl\" \/>\n<meta property=\"og:description\" content=\"Eine sch\u00f6ne graue Vase aus Fibreclay. Frostbest\u00e4ndig, UV-best\u00e4ndig und f\u00fcr den Innen- und Au\u00dfenbereich geeignet. Eine anmutige Vase f\u00fcr jedes Interieur. 40cm hoch.\" \/>\n<meta property=\"og:url\" content=\"https:\/\/www.eliassen.nl\/de\/vase-rondo-40cm-grau\/\" \/>\n<meta property=\"og:site_name\" content=\"Eliassen.nl\" \/>\n<meta property=\"article:publisher\" content=\"https:\/\/www.facebook.com\/TuincentrumEliassenAmmerzoden\" \/>\n<meta property=\"article:modified_time\" content=\"2026-03-16T14:45:07+00:00\" \/>\n<meta property=\"og:image\" content=\"https:\/\/www.eliassen.nl\/wp-content\/uploads\/2025\/09\/vaas-ron-S-Eliassen-830809.jpg\" \/>\n\t<meta property=\"og:image:width\" content=\"756\" \/>\n\t<meta property=\"og:image:height\" content=\"504\" \/>\n\t<meta property=\"og:image:type\" content=\"image\/jpeg\" \/>\n<meta name=\"twitter:card\" content=\"summary_large_image\" \/>\n<script type=\"application\/ld+json\" class=\"yoast-schema-graph\">{\"@context\":\"https:\/\/schema.org\",\"@graph\":[{\"@type\":\"WebPage\",\"@id\":\"https:\/\/www.eliassen.nl\/de\/vase-rondo-40cm-grau\/\",\"url\":\"https:\/\/www.eliassen.nl\/de\/vase-rondo-40cm-grau\/\",\"name\":\"Countryfield Vase Rondo 40cm grau - Eliassen.nl\",\"isPartOf\":{\"@id\":\"https:\/\/www.eliassen.nl\/de\/#website\"},\"primaryImageOfPage\":{\"@id\":\"https:\/\/www.eliassen.nl\/de\/vase-rondo-40cm-grau\/#primaryimage\"},\"image\":{\"@id\":\"https:\/\/www.eliassen.nl\/de\/vase-rondo-40cm-grau\/#primaryimage\"},\"thumbnailUrl\":\"https:\/\/www.eliassen.nl\/wp-content\/uploads\/2025\/09\/vaas-ron-S-Eliassen-830809.jpg\",\"datePublished\":\"2025-10-24T11:36:10+00:00\",\"dateModified\":\"2026-03-16T14:45:07+00:00\",\"description\":\"Eine sch\u00f6ne graue Vase aus Fibreclay. Frostbest\u00e4ndig, UV-best\u00e4ndig und f\u00fcr den Innen- und Au\u00dfenbereich geeignet. Eine anmutige Vase f\u00fcr jedes Interieur. 40cm hoch.\",\"breadcrumb\":{\"@id\":\"https:\/\/www.eliassen.nl\/de\/vase-rondo-40cm-grau\/#breadcrumb\"},\"inLanguage\":\"de\",\"potentialAction\":[{\"@type\":\"ReadAction\",\"target\":[\"https:\/\/www.eliassen.nl\/de\/vase-rondo-40cm-grau\/\"]}]},{\"@type\":\"ImageObject\",\"inLanguage\":\"de\",\"@id\":\"https:\/\/www.eliassen.nl\/de\/vase-rondo-40cm-grau\/#primaryimage\",\"url\":\"https:\/\/www.eliassen.nl\/wp-content\/uploads\/2025\/09\/vaas-ron-S-Eliassen-830809.jpg\",\"contentUrl\":\"https:\/\/www.eliassen.nl\/wp-content\/uploads\/2025\/09\/vaas-ron-S-Eliassen-830809.jpg\",\"width\":756,\"height\":504,\"caption\":\"Vase ron S Eliassen 830809\"},{\"@type\":\"BreadcrumbList\",\"@id\":\"https:\/\/www.eliassen.nl\/de\/vase-rondo-40cm-grau\/#breadcrumb\",\"itemListElement\":[{\"@type\":\"ListItem\",\"position\":1,\"name\":\"Home\",\"item\":\"https:\/\/www.eliassen.nl\/de\/\"},{\"@type\":\"ListItem\",\"position\":2,\"name\":\"Shop\",\"item\":\"https:\/\/www.eliassen.nl\/de\/shop\/\"},{\"@type\":\"ListItem\",\"position\":3,\"name\":\"Blument\u00f6pfe und Pflanzgef\u00e4\u00dfe\",\"item\":\"https:\/\/www.eliassen.nl\/de\/blumentoepfe-und-pflanzgefaesse\/\"},{\"@type\":\"ListItem\",\"position\":4,\"name\":\"Vase Rondo 40cm grau\"}]},{\"@type\":\"WebSite\",\"@id\":\"https:\/\/www.eliassen.nl\/de\/#website\",\"url\":\"https:\/\/www.eliassen.nl\/de\/\",\"name\":\"Eliassen Home & Garden Pleasure\",\"description\":\"\",\"publisher\":{\"@id\":\"https:\/\/www.eliassen.nl\/de\/#organization\"},\"alternateName\":\"Eliassen.nl\",\"potentialAction\":[{\"@type\":\"SearchAction\",\"target\":{\"@type\":\"EntryPoint\",\"urlTemplate\":\"https:\/\/www.eliassen.nl\/de\/?s={search_term_string}\"},\"query-input\":{\"@type\":\"PropertyValueSpecification\",\"valueRequired\":true,\"valueName\":\"search_term_string\"}}],\"inLanguage\":\"de\"},{\"@type\":[\"Organization\",\"Place\"],\"@id\":\"https:\/\/www.eliassen.nl\/de\/#organization\",\"name\":\"Eliassen Home & Garden Pleasure\",\"url\":\"https:\/\/www.eliassen.nl\/de\/\",\"logo\":{\"@id\":\"https:\/\/www.eliassen.nl\/de\/vase-rondo-40cm-grau\/#local-main-organization-logo\"},\"image\":{\"@id\":\"https:\/\/www.eliassen.nl\/de\/vase-rondo-40cm-grau\/#local-main-organization-logo\"},\"sameAs\":[\"https:\/\/www.facebook.com\/TuincentrumEliassenAmmerzoden\",\"https:\/\/www.instagram.com\/eliassenhomeandgarden\/\",\"https:\/\/nl.pinterest.com\/eliassenhomeandgarden\/\",\"https:\/\/www.youtube.com\/@eliassenhomegardenpleasure4558\"],\"telephone\":[],\"openingHoursSpecification\":[{\"@type\":\"OpeningHoursSpecification\",\"dayOfWeek\":[\"Monday\",\"Tuesday\",\"Wednesday\",\"Thursday\",\"Friday\",\"Saturday\",\"Sunday\"],\"opens\":\"09:00\",\"closes\":\"17:00\"}]},{\"@type\":\"ImageObject\",\"inLanguage\":\"de\",\"@id\":\"https:\/\/www.eliassen.nl\/de\/vase-rondo-40cm-grau\/#local-main-organization-logo\",\"url\":\"https:\/\/www.eliassen.nl\/wp-content\/uploads\/2024\/01\/logo_4nd.jpg\",\"contentUrl\":\"https:\/\/www.eliassen.nl\/wp-content\/uploads\/2024\/01\/logo_4nd.jpg\",\"width\":500,\"height\":500,\"caption\":\"Eliassen Home & Garden Pleasure\"}]}<\/script>\n<meta property=\"product:price:amount\" content=\"45.00\" \/>\n<meta property=\"product:price:currency\" content=\"EUR\" \/>\n<meta property=\"og:availability\" content=\"instock\" \/>\n<meta property=\"product:availability\" content=\"instock\" \/>\n<meta property=\"product:retailer_item_id\" content=\"830809\" \/>\n<meta property=\"product:condition\" content=\"new\" \/>\n<!-- \/ Yoast SEO Premium plugin. -->","yoast_head_json":{"title":"Countryfield Vase Rondo 40cm grau - Eliassen.nl","description":"Eine sch\u00f6ne graue Vase aus Fibreclay. Frostbest\u00e4ndig, UV-best\u00e4ndig und f\u00fcr den Innen- und Au\u00dfenbereich geeignet. Eine anmutige Vase f\u00fcr jedes Interieur. 40cm hoch.","robots":{"index":"index","follow":"follow","max-snippet":"max-snippet:-1","max-image-preview":"max-image-preview:large","max-video-preview":"max-video-preview:-1"},"canonical":"https:\/\/www.eliassen.nl\/de\/vase-rondo-40cm-grau\/","og_locale":"de_DE","og_type":"article","og_title":"Countryfield Vase Rondo 40cm grau - Eliassen.nl","og_description":"Eine sch\u00f6ne graue Vase aus Fibreclay. Frostbest\u00e4ndig, UV-best\u00e4ndig und f\u00fcr den Innen- und Au\u00dfenbereich geeignet. Eine anmutige Vase f\u00fcr jedes Interieur. 40cm hoch.","og_url":"https:\/\/www.eliassen.nl\/de\/vase-rondo-40cm-grau\/","og_site_name":"Eliassen.nl","article_publisher":"https:\/\/www.facebook.com\/TuincentrumEliassenAmmerzoden","article_modified_time":"2026-03-16T14:45:07+00:00","og_image":[{"width":756,"height":504,"url":"https:\/\/www.eliassen.nl\/wp-content\/uploads\/2025\/09\/vaas-ron-S-Eliassen-830809.jpg","type":"image\/jpeg"}],"twitter_card":"summary_large_image","schema":{"@context":"https:\/\/schema.org","@graph":[{"@type":"WebPage","@id":"https:\/\/www.eliassen.nl\/de\/vase-rondo-40cm-grau\/","url":"https:\/\/www.eliassen.nl\/de\/vase-rondo-40cm-grau\/","name":"Countryfield Vase Rondo 40cm grau - Eliassen.nl","isPartOf":{"@id":"https:\/\/www.eliassen.nl\/de\/#website"},"primaryImageOfPage":{"@id":"https:\/\/www.eliassen.nl\/de\/vase-rondo-40cm-grau\/#primaryimage"},"image":{"@id":"https:\/\/www.eliassen.nl\/de\/vase-rondo-40cm-grau\/#primaryimage"},"thumbnailUrl":"https:\/\/www.eliassen.nl\/wp-content\/uploads\/2025\/09\/vaas-ron-S-Eliassen-830809.jpg","datePublished":"2025-10-24T11:36:10+00:00","dateModified":"2026-03-16T14:45:07+00:00","description":"Eine sch\u00f6ne graue Vase aus Fibreclay. Frostbest\u00e4ndig, UV-best\u00e4ndig und f\u00fcr den Innen- und Au\u00dfenbereich geeignet. Eine anmutige Vase f\u00fcr jedes Interieur. 40cm hoch.","breadcrumb":{"@id":"https:\/\/www.eliassen.nl\/de\/vase-rondo-40cm-grau\/#breadcrumb"},"inLanguage":"de","potentialAction":[{"@type":"ReadAction","target":["https:\/\/www.eliassen.nl\/de\/vase-rondo-40cm-grau\/"]}]},{"@type":"ImageObject","inLanguage":"de","@id":"https:\/\/www.eliassen.nl\/de\/vase-rondo-40cm-grau\/#primaryimage","url":"https:\/\/www.eliassen.nl\/wp-content\/uploads\/2025\/09\/vaas-ron-S-Eliassen-830809.jpg","contentUrl":"https:\/\/www.eliassen.nl\/wp-content\/uploads\/2025\/09\/vaas-ron-S-Eliassen-830809.jpg","width":756,"height":504,"caption":"Vase ron S Eliassen 830809"},{"@type":"BreadcrumbList","@id":"https:\/\/www.eliassen.nl\/de\/vase-rondo-40cm-grau\/#breadcrumb","itemListElement":[{"@type":"ListItem","position":1,"name":"Home","item":"https:\/\/www.eliassen.nl\/de\/"},{"@type":"ListItem","position":2,"name":"Shop","item":"https:\/\/www.eliassen.nl\/de\/shop\/"},{"@type":"ListItem","position":3,"name":"Blument\u00f6pfe und Pflanzgef\u00e4\u00dfe","item":"https:\/\/www.eliassen.nl\/de\/blumentoepfe-und-pflanzgefaesse\/"},{"@type":"ListItem","position":4,"name":"Vase Rondo 40cm grau"}]},{"@type":"WebSite","@id":"https:\/\/www.eliassen.nl\/de\/#website","url":"https:\/\/www.eliassen.nl\/de\/","name":"Eliassen Home & Garden Pleasure","description":"","publisher":{"@id":"https:\/\/www.eliassen.nl\/de\/#organization"},"alternateName":"Eliassen.nl","potentialAction":[{"@type":"SearchAction","target":{"@type":"EntryPoint","urlTemplate":"https:\/\/www.eliassen.nl\/de\/?s={search_term_string}"},"query-input":{"@type":"PropertyValueSpecification","valueRequired":true,"valueName":"search_term_string"}}],"inLanguage":"de"},{"@type":["Organization","Place"],"@id":"https:\/\/www.eliassen.nl\/de\/#organization","name":"Eliassen Home & Garden Pleasure","url":"https:\/\/www.eliassen.nl\/de\/","logo":{"@id":"https:\/\/www.eliassen.nl\/de\/vase-rondo-40cm-grau\/#local-main-organization-logo"},"image":{"@id":"https:\/\/www.eliassen.nl\/de\/vase-rondo-40cm-grau\/#local-main-organization-logo"},"sameAs":["https:\/\/www.facebook.com\/TuincentrumEliassenAmmerzoden","https:\/\/www.instagram.com\/eliassenhomeandgarden\/","https:\/\/nl.pinterest.com\/eliassenhomeandgarden\/","https:\/\/www.youtube.com\/@eliassenhomegardenpleasure4558"],"telephone":[],"openingHoursSpecification":[{"@type":"OpeningHoursSpecification","dayOfWeek":["Monday","Tuesday","Wednesday","Thursday","Friday","Saturday","Sunday"],"opens":"09:00","closes":"17:00"}]},{"@type":"ImageObject","inLanguage":"de","@id":"https:\/\/www.eliassen.nl\/de\/vase-rondo-40cm-grau\/#local-main-organization-logo","url":"https:\/\/www.eliassen.nl\/wp-content\/uploads\/2024\/01\/logo_4nd.jpg","contentUrl":"https:\/\/www.eliassen.nl\/wp-content\/uploads\/2024\/01\/logo_4nd.jpg","width":500,"height":500,"caption":"Eliassen Home & Garden Pleasure"}]},"product_price_amount":"45.00","product_price_currency":"EUR","og_availability":"instock","product_availability":"instock","product_retailer_item_id":"830809","product_condition":"new"},"df_price":45,"df_sale_price":"","df_regular_price":45,"df_image_link":"https:\/\/www.eliassen.nl\/wp-content\/uploads\/2025\/09\/vaas-ron-S-Eliassen-830809-300x200.jpg","image":"https:\/\/www.eliassen.nl\/wp-content\/uploads\/2025\/09\/vaas-ron-S-Eliassen-830809-150x150.jpg","price_search":"<span class=\"woocommerce-Price-amount amount\"><bdi><span class=\"woocommerce-Price-currencySymbol\">&euro;<\/span>&nbsp;45,00<\/bdi><\/span>","category":"Blument\u00f6pfe und Pflanzgef\u00e4\u00dfe","global_unique_id":"8718318308092","_links":{"self":[{"href":"https:\/\/www.eliassen.nl\/de\/wp-json\/wp\/v2\/product\/194398","targetHints":{"allow":["GET"]}}],"collection":[{"href":"https:\/\/www.eliassen.nl\/de\/wp-json\/wp\/v2\/product"}],"about":[{"href":"https:\/\/www.eliassen.nl\/de\/wp-json\/wp\/v2\/types\/product"}],"wp:featuredmedia":[{"embeddable":true,"href":"https:\/\/www.eliassen.nl\/de\/wp-json\/wp\/v2\/media\/191383"}],"wp:attachment":[{"href":"https:\/\/www.eliassen.nl\/de\/wp-json\/wp\/v2\/media?parent=194398"}],"wp:term":[{"taxonomy":"product_brand","embeddable":true,"href":"https:\/\/www.eliassen.nl\/de\/wp-json\/wp\/v2\/product_brand?post=194398"},{"taxonomy":"product_cat","embeddable":true,"href":"https:\/\/www.eliassen.nl\/de\/wp-json\/wp\/v2\/product_cat?post=194398"},{"taxonomy":"product_tag","embeddable":true,"href":"https:\/\/www.eliassen.nl\/de\/wp-json\/wp\/v2\/product_tag?post=194398"}],"curies":[{"name":"wp","href":"https:\/\/api.w.org\/{rel}","templated":true}]}}