{"id":194372,"date":"2025-10-24T12:07:43","date_gmt":"2025-10-24T10:07:43","guid":{"rendered":"https:\/\/www.eliassen.nl\/product\/becher-2-eulen-und-gross-und-klein\/"},"modified":"2026-01-16T16:12:46","modified_gmt":"2026-01-16T15:12:46","slug":"becher-2-eulen-und-gross-und-klein","status":"publish","type":"product","link":"https:\/\/www.eliassen.nl\/de\/becher-2-eulen-und-gross-und-klein\/","title":{"rendered":"Becher 2 Eulen und gro\u00df und klein"},"content":{"rendered":"<p>Hervorragend verarbeitete Metallwaage mit einem Eulenpaar, einer gro\u00dfen oben und einer kleinen unten, die Sie \u00fcberall im Garten aufstellen k\u00f6nnen.<br \/>\nEs wird sich im Wind bewegen und schwanken. Eine Zierde im Garten und sch\u00f6n zum Verschenken. Vollst\u00e4ndig handgefertigt und bemalt.<br \/>\nDa es sich um ein handgefertigtes Produkt handelt, kann die Abbildung geringf\u00fcgig von einer echten Abbildung abweichen.<\/p>\n<p><strong>Wir haben fast alles aus dieser Serie im Ausstellungsraum, kommen Sie doch einfach vorbei und schauen Sie sich um.<\/strong><\/p>\n<ul>\n<li>Gr\u00f6\u00dfe 37 x 14 x 140cm.<\/li>\n<li>Schnelle Lieferung.<\/li>\n<li>100% handgefertigt.<\/li>\n<li>1 Jahr Garantie.<\/li>\n<\/ul>\n","protected":false},"excerpt":{"rendered":"<p>Handgemacht. 37x14x140cm.<\/p>\n","protected":false},"featured_media":191984,"template":"","meta":{"_acf_changed":false,"_genesis_title":"","_genesis_description":""},"product_brand":[7505],"product_cat":[848,836],"product_tag":[],"class_list":{"0":"post-194372","1":"product","2":"type-product","3":"status-publish","4":"has-post-thumbnail","6":"product_brand-sonstige","7":"product_cat-balance-garden-pfaehle","8":"product_cat-gartenstecker","10":"first","11":"instock","12":"taxable","13":"shipping-taxable","14":"purchasable","15":"product-type-simple"},"acf":[],"meta_all":{"total_sales":"1","cor_restricted_countries":[]},"meta_all_flat":{"total_sales":"1"},"yoast_head":"<!-- This site is optimized with the Yoast SEO Premium plugin v26.2 (Yoast SEO v27.2) - https:\/\/yoast.com\/product\/yoast-seo-premium-wordpress\/ -->\n<title>Sonstige Becher 2 Eulen und gro\u00df und klein - Eliassen.nl<\/title>\n<meta name=\"description\" content=\"Ein fr\u00f6hlicher Gartenstab f\u00fcr den Garten. Dieses Exemplar mit zwei Eulen ist eine gem\u00fctliche Dekoration f\u00fcr den Garten und eignet sich auch als Geschenk.\" \/>\n<meta name=\"robots\" content=\"index, follow, max-snippet:-1, max-image-preview:large, max-video-preview:-1\" \/>\n<link rel=\"canonical\" href=\"https:\/\/www.eliassen.nl\/de\/becher-2-eulen-und-gross-und-klein\/\" \/>\n<meta property=\"og:locale\" content=\"de_DE\" \/>\n<meta property=\"og:type\" content=\"article\" \/>\n<meta property=\"og:title\" content=\"Sonstige Becher 2 Eulen und gro\u00df und klein - Eliassen.nl\" \/>\n<meta property=\"og:description\" content=\"Ein fr\u00f6hlicher Gartenstab f\u00fcr den Garten. Dieses Exemplar mit zwei Eulen ist eine gem\u00fctliche Dekoration f\u00fcr den Garten und eignet sich auch als Geschenk.\" \/>\n<meta property=\"og:url\" content=\"https:\/\/www.eliassen.nl\/de\/becher-2-eulen-und-gross-und-klein\/\" \/>\n<meta property=\"og:site_name\" content=\"Eliassen.nl\" \/>\n<meta property=\"article:publisher\" content=\"https:\/\/www.facebook.com\/TuincentrumEliassenAmmerzoden\" \/>\n<meta property=\"article:modified_time\" content=\"2026-01-16T15:12:46+00:00\" \/>\n<meta property=\"og:image\" content=\"https:\/\/www.eliassen.nl\/wp-content\/uploads\/2025\/09\/Tuimelaar-2-uilen-Eliassen.nl-yaa311-scaled.jpeg\" \/>\n\t<meta property=\"og:image:width\" content=\"1440\" \/>\n\t<meta property=\"og:image:height\" content=\"2560\" \/>\n\t<meta property=\"og:image:type\" content=\"image\/jpeg\" \/>\n<meta name=\"twitter:card\" content=\"summary_large_image\" \/>\n<script type=\"application\/ld+json\" class=\"yoast-schema-graph\">{\"@context\":\"https:\/\/schema.org\",\"@graph\":[{\"@type\":\"WebPage\",\"@id\":\"https:\/\/www.eliassen.nl\/de\/becher-2-eulen-und-gross-und-klein\/\",\"url\":\"https:\/\/www.eliassen.nl\/de\/becher-2-eulen-und-gross-und-klein\/\",\"name\":\"Sonstige Becher 2 Eulen und gro\u00df und klein - Eliassen.nl\",\"isPartOf\":{\"@id\":\"https:\/\/www.eliassen.nl\/de\/#website\"},\"primaryImageOfPage\":{\"@id\":\"https:\/\/www.eliassen.nl\/de\/becher-2-eulen-und-gross-und-klein\/#primaryimage\"},\"image\":{\"@id\":\"https:\/\/www.eliassen.nl\/de\/becher-2-eulen-und-gross-und-klein\/#primaryimage\"},\"thumbnailUrl\":\"https:\/\/www.eliassen.nl\/wp-content\/uploads\/2025\/09\/Tuimelaar-2-uilen-Eliassen.nl-yaa311-scaled.jpeg\",\"datePublished\":\"2025-10-24T10:07:43+00:00\",\"dateModified\":\"2026-01-16T15:12:46+00:00\",\"description\":\"Ein fr\u00f6hlicher Gartenstab f\u00fcr den Garten. Dieses Exemplar mit zwei Eulen ist eine gem\u00fctliche Dekoration f\u00fcr den Garten und eignet sich auch als Geschenk.\",\"breadcrumb\":{\"@id\":\"https:\/\/www.eliassen.nl\/de\/becher-2-eulen-und-gross-und-klein\/#breadcrumb\"},\"inLanguage\":\"de\",\"potentialAction\":[{\"@type\":\"ReadAction\",\"target\":[\"https:\/\/www.eliassen.nl\/de\/becher-2-eulen-und-gross-und-klein\/\"]}]},{\"@type\":\"ImageObject\",\"inLanguage\":\"de\",\"@id\":\"https:\/\/www.eliassen.nl\/de\/becher-2-eulen-und-gross-und-klein\/#primaryimage\",\"url\":\"https:\/\/www.eliassen.nl\/wp-content\/uploads\/2025\/09\/Tuimelaar-2-uilen-Eliassen.nl-yaa311-scaled.jpeg\",\"contentUrl\":\"https:\/\/www.eliassen.nl\/wp-content\/uploads\/2025\/09\/Tuimelaar-2-uilen-Eliassen.nl-yaa311-scaled.jpeg\",\"width\":1440,\"height\":2560},{\"@type\":\"BreadcrumbList\",\"@id\":\"https:\/\/www.eliassen.nl\/de\/becher-2-eulen-und-gross-und-klein\/#breadcrumb\",\"itemListElement\":[{\"@type\":\"ListItem\",\"position\":1,\"name\":\"Home\",\"item\":\"https:\/\/www.eliassen.nl\/de\/\"},{\"@type\":\"ListItem\",\"position\":2,\"name\":\"Shop\",\"item\":\"https:\/\/www.eliassen.nl\/de\/shop\/\"},{\"@type\":\"ListItem\",\"position\":3,\"name\":\"Gartenstecker\",\"item\":\"https:\/\/www.eliassen.nl\/de\/gartenstecker\/\"},{\"@type\":\"ListItem\",\"position\":4,\"name\":\"Becher 2 Eulen und gro\u00df und klein\"}]},{\"@type\":\"WebSite\",\"@id\":\"https:\/\/www.eliassen.nl\/de\/#website\",\"url\":\"https:\/\/www.eliassen.nl\/de\/\",\"name\":\"Eliassen Home & Garden Pleasure\",\"description\":\"\",\"publisher\":{\"@id\":\"https:\/\/www.eliassen.nl\/de\/#organization\"},\"alternateName\":\"Eliassen.nl\",\"potentialAction\":[{\"@type\":\"SearchAction\",\"target\":{\"@type\":\"EntryPoint\",\"urlTemplate\":\"https:\/\/www.eliassen.nl\/de\/?s={search_term_string}\"},\"query-input\":{\"@type\":\"PropertyValueSpecification\",\"valueRequired\":true,\"valueName\":\"search_term_string\"}}],\"inLanguage\":\"de\"},{\"@type\":[\"Organization\",\"Place\"],\"@id\":\"https:\/\/www.eliassen.nl\/de\/#organization\",\"name\":\"Eliassen Home & Garden Pleasure\",\"url\":\"https:\/\/www.eliassen.nl\/de\/\",\"logo\":{\"@id\":\"https:\/\/www.eliassen.nl\/de\/becher-2-eulen-und-gross-und-klein\/#local-main-organization-logo\"},\"image\":{\"@id\":\"https:\/\/www.eliassen.nl\/de\/becher-2-eulen-und-gross-und-klein\/#local-main-organization-logo\"},\"sameAs\":[\"https:\/\/www.facebook.com\/TuincentrumEliassenAmmerzoden\",\"https:\/\/www.instagram.com\/eliassenhomeandgarden\/\",\"https:\/\/nl.pinterest.com\/eliassenhomeandgarden\/\",\"https:\/\/www.youtube.com\/@eliassenhomegardenpleasure4558\"],\"telephone\":[],\"openingHoursSpecification\":[{\"@type\":\"OpeningHoursSpecification\",\"dayOfWeek\":[\"Monday\",\"Tuesday\",\"Wednesday\",\"Thursday\",\"Friday\",\"Saturday\",\"Sunday\"],\"opens\":\"09:00\",\"closes\":\"17:00\"}]},{\"@type\":\"ImageObject\",\"inLanguage\":\"de\",\"@id\":\"https:\/\/www.eliassen.nl\/de\/becher-2-eulen-und-gross-und-klein\/#local-main-organization-logo\",\"url\":\"https:\/\/www.eliassen.nl\/wp-content\/uploads\/2024\/01\/logo_4nd.jpg\",\"contentUrl\":\"https:\/\/www.eliassen.nl\/wp-content\/uploads\/2024\/01\/logo_4nd.jpg\",\"width\":500,\"height\":500,\"caption\":\"Eliassen Home & Garden Pleasure\"}]}<\/script>\n<meta property=\"product:price:amount\" content=\"37.50\" \/>\n<meta property=\"product:price:currency\" content=\"EUR\" \/>\n<meta property=\"og:availability\" content=\"instock\" \/>\n<meta property=\"product:availability\" content=\"instock\" \/>\n<meta property=\"product:retailer_item_id\" content=\"yaa311\" \/>\n<meta property=\"product:condition\" content=\"new\" \/>\n<!-- \/ Yoast SEO Premium plugin. -->","yoast_head_json":{"title":"Sonstige Becher 2 Eulen und gro\u00df und klein - Eliassen.nl","description":"Ein fr\u00f6hlicher Gartenstab f\u00fcr den Garten. Dieses Exemplar mit zwei Eulen ist eine gem\u00fctliche Dekoration f\u00fcr den Garten und eignet sich auch als Geschenk.","robots":{"index":"index","follow":"follow","max-snippet":"max-snippet:-1","max-image-preview":"max-image-preview:large","max-video-preview":"max-video-preview:-1"},"canonical":"https:\/\/www.eliassen.nl\/de\/becher-2-eulen-und-gross-und-klein\/","og_locale":"de_DE","og_type":"article","og_title":"Sonstige Becher 2 Eulen und gro\u00df und klein - Eliassen.nl","og_description":"Ein fr\u00f6hlicher Gartenstab f\u00fcr den Garten. Dieses Exemplar mit zwei Eulen ist eine gem\u00fctliche Dekoration f\u00fcr den Garten und eignet sich auch als Geschenk.","og_url":"https:\/\/www.eliassen.nl\/de\/becher-2-eulen-und-gross-und-klein\/","og_site_name":"Eliassen.nl","article_publisher":"https:\/\/www.facebook.com\/TuincentrumEliassenAmmerzoden","article_modified_time":"2026-01-16T15:12:46+00:00","og_image":[{"width":1440,"height":2560,"url":"https:\/\/www.eliassen.nl\/wp-content\/uploads\/2025\/09\/Tuimelaar-2-uilen-Eliassen.nl-yaa311-scaled.jpeg","type":"image\/jpeg"}],"twitter_card":"summary_large_image","schema":{"@context":"https:\/\/schema.org","@graph":[{"@type":"WebPage","@id":"https:\/\/www.eliassen.nl\/de\/becher-2-eulen-und-gross-und-klein\/","url":"https:\/\/www.eliassen.nl\/de\/becher-2-eulen-und-gross-und-klein\/","name":"Sonstige Becher 2 Eulen und gro\u00df und klein - Eliassen.nl","isPartOf":{"@id":"https:\/\/www.eliassen.nl\/de\/#website"},"primaryImageOfPage":{"@id":"https:\/\/www.eliassen.nl\/de\/becher-2-eulen-und-gross-und-klein\/#primaryimage"},"image":{"@id":"https:\/\/www.eliassen.nl\/de\/becher-2-eulen-und-gross-und-klein\/#primaryimage"},"thumbnailUrl":"https:\/\/www.eliassen.nl\/wp-content\/uploads\/2025\/09\/Tuimelaar-2-uilen-Eliassen.nl-yaa311-scaled.jpeg","datePublished":"2025-10-24T10:07:43+00:00","dateModified":"2026-01-16T15:12:46+00:00","description":"Ein fr\u00f6hlicher Gartenstab f\u00fcr den Garten. Dieses Exemplar mit zwei Eulen ist eine gem\u00fctliche Dekoration f\u00fcr den Garten und eignet sich auch als Geschenk.","breadcrumb":{"@id":"https:\/\/www.eliassen.nl\/de\/becher-2-eulen-und-gross-und-klein\/#breadcrumb"},"inLanguage":"de","potentialAction":[{"@type":"ReadAction","target":["https:\/\/www.eliassen.nl\/de\/becher-2-eulen-und-gross-und-klein\/"]}]},{"@type":"ImageObject","inLanguage":"de","@id":"https:\/\/www.eliassen.nl\/de\/becher-2-eulen-und-gross-und-klein\/#primaryimage","url":"https:\/\/www.eliassen.nl\/wp-content\/uploads\/2025\/09\/Tuimelaar-2-uilen-Eliassen.nl-yaa311-scaled.jpeg","contentUrl":"https:\/\/www.eliassen.nl\/wp-content\/uploads\/2025\/09\/Tuimelaar-2-uilen-Eliassen.nl-yaa311-scaled.jpeg","width":1440,"height":2560},{"@type":"BreadcrumbList","@id":"https:\/\/www.eliassen.nl\/de\/becher-2-eulen-und-gross-und-klein\/#breadcrumb","itemListElement":[{"@type":"ListItem","position":1,"name":"Home","item":"https:\/\/www.eliassen.nl\/de\/"},{"@type":"ListItem","position":2,"name":"Shop","item":"https:\/\/www.eliassen.nl\/de\/shop\/"},{"@type":"ListItem","position":3,"name":"Gartenstecker","item":"https:\/\/www.eliassen.nl\/de\/gartenstecker\/"},{"@type":"ListItem","position":4,"name":"Becher 2 Eulen und gro\u00df und klein"}]},{"@type":"WebSite","@id":"https:\/\/www.eliassen.nl\/de\/#website","url":"https:\/\/www.eliassen.nl\/de\/","name":"Eliassen Home & Garden Pleasure","description":"","publisher":{"@id":"https:\/\/www.eliassen.nl\/de\/#organization"},"alternateName":"Eliassen.nl","potentialAction":[{"@type":"SearchAction","target":{"@type":"EntryPoint","urlTemplate":"https:\/\/www.eliassen.nl\/de\/?s={search_term_string}"},"query-input":{"@type":"PropertyValueSpecification","valueRequired":true,"valueName":"search_term_string"}}],"inLanguage":"de"},{"@type":["Organization","Place"],"@id":"https:\/\/www.eliassen.nl\/de\/#organization","name":"Eliassen Home & Garden Pleasure","url":"https:\/\/www.eliassen.nl\/de\/","logo":{"@id":"https:\/\/www.eliassen.nl\/de\/becher-2-eulen-und-gross-und-klein\/#local-main-organization-logo"},"image":{"@id":"https:\/\/www.eliassen.nl\/de\/becher-2-eulen-und-gross-und-klein\/#local-main-organization-logo"},"sameAs":["https:\/\/www.facebook.com\/TuincentrumEliassenAmmerzoden","https:\/\/www.instagram.com\/eliassenhomeandgarden\/","https:\/\/nl.pinterest.com\/eliassenhomeandgarden\/","https:\/\/www.youtube.com\/@eliassenhomegardenpleasure4558"],"telephone":[],"openingHoursSpecification":[{"@type":"OpeningHoursSpecification","dayOfWeek":["Monday","Tuesday","Wednesday","Thursday","Friday","Saturday","Sunday"],"opens":"09:00","closes":"17:00"}]},{"@type":"ImageObject","inLanguage":"de","@id":"https:\/\/www.eliassen.nl\/de\/becher-2-eulen-und-gross-und-klein\/#local-main-organization-logo","url":"https:\/\/www.eliassen.nl\/wp-content\/uploads\/2024\/01\/logo_4nd.jpg","contentUrl":"https:\/\/www.eliassen.nl\/wp-content\/uploads\/2024\/01\/logo_4nd.jpg","width":500,"height":500,"caption":"Eliassen Home & Garden Pleasure"}]},"product_price_amount":"37.50","product_price_currency":"EUR","og_availability":"instock","product_availability":"instock","product_retailer_item_id":"yaa311","product_condition":"new"},"df_price":37.5,"df_sale_price":"","df_regular_price":37.5,"df_image_link":"https:\/\/www.eliassen.nl\/wp-content\/uploads\/2025\/09\/Tuimelaar-2-uilen-Eliassen.nl-yaa311-169x300.jpeg","image":"https:\/\/www.eliassen.nl\/wp-content\/uploads\/2025\/09\/Tuimelaar-2-uilen-Eliassen.nl-yaa311-150x150.jpeg","price_search":"<span class=\"woocommerce-Price-amount amount\"><bdi><span class=\"woocommerce-Price-currencySymbol\">&euro;<\/span>&nbsp;37,50<\/bdi><\/span>","category":"Balance Garden-Pf\u00e4hle","global_unique_id":"6096517133137","_links":{"self":[{"href":"https:\/\/www.eliassen.nl\/de\/wp-json\/wp\/v2\/product\/194372","targetHints":{"allow":["GET"]}}],"collection":[{"href":"https:\/\/www.eliassen.nl\/de\/wp-json\/wp\/v2\/product"}],"about":[{"href":"https:\/\/www.eliassen.nl\/de\/wp-json\/wp\/v2\/types\/product"}],"wp:featuredmedia":[{"embeddable":true,"href":"https:\/\/www.eliassen.nl\/de\/wp-json\/wp\/v2\/media\/191984"}],"wp:attachment":[{"href":"https:\/\/www.eliassen.nl\/de\/wp-json\/wp\/v2\/media?parent=194372"}],"wp:term":[{"taxonomy":"product_brand","embeddable":true,"href":"https:\/\/www.eliassen.nl\/de\/wp-json\/wp\/v2\/product_brand?post=194372"},{"taxonomy":"product_cat","embeddable":true,"href":"https:\/\/www.eliassen.nl\/de\/wp-json\/wp\/v2\/product_cat?post=194372"},{"taxonomy":"product_tag","embeddable":true,"href":"https:\/\/www.eliassen.nl\/de\/wp-json\/wp\/v2\/product_tag?post=194372"}],"curies":[{"name":"wp","href":"https:\/\/api.w.org\/{rel}","templated":true}]}}