{"id":194345,"date":"2025-10-24T11:37:19","date_gmt":"2025-10-24T09:37:19","guid":{"rendered":"https:\/\/www.eliassen.nl\/product\/lampe-glas-oval-mehrfarbig-40cm\/"},"modified":"2026-02-06T14:34:35","modified_gmt":"2026-02-06T13:34:35","slug":"lampe-glas-oval-mehrfarbig-40cm","status":"publish","type":"product","link":"https:\/\/www.eliassen.nl\/de\/lampe-glas-oval-mehrfarbig-40cm\/","title":{"rendered":"Lampe Glas oval mehrfarbig 40cm"},"content":{"rendered":"<p data-path-to-node=\"1\">Bringen Sie W\u00e4rme in Ihr Zuhause mit der sch\u00f6nen Glaslampe &#8218;Oval Multicoloured&#8216;. Mit einer H\u00f6he von ca. 43 cm und einer Breite von 29 cm ist dieses stimmungsvolle Modell ein einzigartiges Kunstwerk der Marke Loranto. Die Lampe ist aus hochwertigem b\u00f6hmischen Glas mundgeblasen. Eine reiche Mischung aus warmen Farben wie Rot, Gelb und Braun sorgt f\u00fcr einen hypnotisierenden Lichteffekt. Wenn Sie die Lampe einschalten, verbreitet sie einen Schein, der jeden Raum sofort gem\u00fctlicher macht.<\/p>\n<p data-path-to-node=\"2\">Da jede Lampe handgefertigt ist, gleicht keine von ihnen in Form und Farbmuster der anderen, so dass Sie immer ein einzigartiges Objekt besitzen. Bitte beachten Sie, dass bei mundgeblasenen Glasartikeln immer Unebenheiten wie z.B. ein Minipunkt oder eine Luftblase auftreten k\u00f6nnen; dies ist der Handarbeit geschuldet und kann nicht reklamiert werden. Die Lampe hat eine E27 Fassung und ein 1,5 Meter langes Kabel mit Schalter. Hinweis: Verwenden Sie in dieser Lampe nur LED-Lampen, da diese Art von Lampe kaum W\u00e4rme erzeugt und Hitze im Glas vermieden werden sollte. M\u00f6chten Sie diesen Farbtupfer lieber erst einmal in natura bewundern? Dann kommen Sie doch einfach in unserem Ausstellungsraum vorbei.<\/p>\n","protected":false},"excerpt":{"rendered":"<p>Diese einzigartige mundgeblasene Glaslampe &#8218;Oval Multicoloured&#8216; (43cm) von Loranto besticht durch eine warme Mischung aus Rot, Gelb und Braun. Das handgefertigte b\u00f6hmische Glas sorgt f\u00fcr eine stimmungsvolle und einzigartige Beleuchtung in Ihrem Zuhause.<\/p>\n","protected":false},"featured_media":194237,"template":"","meta":{"_acf_changed":false,"_genesis_title":"","_genesis_description":""},"product_brand":[6958],"product_cat":[800,749,809,746],"product_tag":[],"class_list":{"0":"post-194345","1":"product","2":"type-product","3":"status-publish","4":"has-post-thumbnail","6":"product_brand-loranto-de","7":"product_cat-glaskunst","8":"product_cat-glaslampen","10":"product_cat-stimmungsvolle-beleuchtung","12":"first","13":"outofstock","14":"taxable","15":"shipping-taxable","16":"purchasable","17":"product-type-simple"},"acf":[],"meta_all":{"total_sales":"1","cor_restricted_countries":[]},"meta_all_flat":{"total_sales":"1"},"yoast_head":"<!-- This site is optimized with the Yoast SEO Premium plugin v26.2 (Yoast SEO v27.2) - https:\/\/yoast.com\/product\/yoast-seo-premium-wordpress\/ -->\n<title>Loranto Lampe Glas oval mehrfarbig 40cm - Eliassen.nl<\/title>\n<meta name=\"description\" content=\"Atmosph\u00e4rische ovale Glasleuchte &#039;Multicoloured&#039; (43cm) von Loranto. Mundgeblasenes b\u00f6hmisches Glas mit warmen Farben. Bestellen Sie dieses einzigartige Kunstwerk direkt online!\" \/>\n<meta name=\"robots\" content=\"index, follow, max-snippet:-1, max-image-preview:large, max-video-preview:-1\" \/>\n<link rel=\"canonical\" href=\"https:\/\/www.eliassen.nl\/de\/lampe-glas-oval-mehrfarbig-40cm\/\" \/>\n<meta property=\"og:locale\" content=\"de_DE\" \/>\n<meta property=\"og:type\" content=\"article\" \/>\n<meta property=\"og:title\" content=\"Loranto Lampe Glas oval mehrfarbig 40cm - Eliassen.nl\" \/>\n<meta property=\"og:description\" content=\"Atmosph\u00e4rische ovale Glasleuchte &#039;Multicoloured&#039; (43cm) von Loranto. Mundgeblasenes b\u00f6hmisches Glas mit warmen Farben. Bestellen Sie dieses einzigartige Kunstwerk direkt online!\" \/>\n<meta property=\"og:url\" content=\"https:\/\/www.eliassen.nl\/de\/lampe-glas-oval-mehrfarbig-40cm\/\" \/>\n<meta property=\"og:site_name\" content=\"Eliassen.nl\" \/>\n<meta property=\"article:publisher\" content=\"https:\/\/www.facebook.com\/TuincentrumEliassenAmmerzoden\" \/>\n<meta property=\"article:modified_time\" content=\"2026-02-06T13:34:35+00:00\" \/>\n<meta property=\"og:image\" content=\"https:\/\/www.eliassen.nl\/wp-content\/uploads\/2025\/10\/Lamp-ovaal-multicolor-Eliassen.nl-11.40.79.jpg\" \/>\n\t<meta property=\"og:image:width\" content=\"2560\" \/>\n\t<meta property=\"og:image:height\" content=\"1707\" \/>\n\t<meta property=\"og:image:type\" content=\"image\/jpeg\" \/>\n<meta name=\"twitter:card\" content=\"summary_large_image\" \/>\n<script type=\"application\/ld+json\" class=\"yoast-schema-graph\">{\"@context\":\"https:\/\/schema.org\",\"@graph\":[{\"@type\":\"WebPage\",\"@id\":\"https:\/\/www.eliassen.nl\/de\/lampe-glas-oval-mehrfarbig-40cm\/\",\"url\":\"https:\/\/www.eliassen.nl\/de\/lampe-glas-oval-mehrfarbig-40cm\/\",\"name\":\"Loranto Lampe Glas oval mehrfarbig 40cm - Eliassen.nl\",\"isPartOf\":{\"@id\":\"https:\/\/www.eliassen.nl\/de\/#website\"},\"primaryImageOfPage\":{\"@id\":\"https:\/\/www.eliassen.nl\/de\/lampe-glas-oval-mehrfarbig-40cm\/#primaryimage\"},\"image\":{\"@id\":\"https:\/\/www.eliassen.nl\/de\/lampe-glas-oval-mehrfarbig-40cm\/#primaryimage\"},\"thumbnailUrl\":\"https:\/\/www.eliassen.nl\/wp-content\/uploads\/2025\/10\/Lamp-ovaal-multicolor-Eliassen.nl-11.40.79.jpg\",\"datePublished\":\"2025-10-24T09:37:19+00:00\",\"dateModified\":\"2026-02-06T13:34:35+00:00\",\"description\":\"Atmosph\u00e4rische ovale Glasleuchte 'Multicoloured' (43cm) von Loranto. Mundgeblasenes b\u00f6hmisches Glas mit warmen Farben. Bestellen Sie dieses einzigartige Kunstwerk direkt online!\",\"breadcrumb\":{\"@id\":\"https:\/\/www.eliassen.nl\/de\/lampe-glas-oval-mehrfarbig-40cm\/#breadcrumb\"},\"inLanguage\":\"de\",\"potentialAction\":[{\"@type\":\"ReadAction\",\"target\":[\"https:\/\/www.eliassen.nl\/de\/lampe-glas-oval-mehrfarbig-40cm\/\"]}]},{\"@type\":\"ImageObject\",\"inLanguage\":\"de\",\"@id\":\"https:\/\/www.eliassen.nl\/de\/lampe-glas-oval-mehrfarbig-40cm\/#primaryimage\",\"url\":\"https:\/\/www.eliassen.nl\/wp-content\/uploads\/2025\/10\/Lamp-ovaal-multicolor-Eliassen.nl-11.40.79.jpg\",\"contentUrl\":\"https:\/\/www.eliassen.nl\/wp-content\/uploads\/2025\/10\/Lamp-ovaal-multicolor-Eliassen.nl-11.40.79.jpg\",\"width\":2560,\"height\":1707},{\"@type\":\"BreadcrumbList\",\"@id\":\"https:\/\/www.eliassen.nl\/de\/lampe-glas-oval-mehrfarbig-40cm\/#breadcrumb\",\"itemListElement\":[{\"@type\":\"ListItem\",\"position\":1,\"name\":\"Home\",\"item\":\"https:\/\/www.eliassen.nl\/de\/\"},{\"@type\":\"ListItem\",\"position\":2,\"name\":\"Shop\",\"item\":\"https:\/\/www.eliassen.nl\/de\/shop\/\"},{\"@type\":\"ListItem\",\"position\":3,\"name\":\"Glaskunst\",\"item\":\"https:\/\/www.eliassen.nl\/de\/glaskunst\/\"},{\"@type\":\"ListItem\",\"position\":4,\"name\":\"Lampe Glas oval mehrfarbig 40cm\"}]},{\"@type\":\"WebSite\",\"@id\":\"https:\/\/www.eliassen.nl\/de\/#website\",\"url\":\"https:\/\/www.eliassen.nl\/de\/\",\"name\":\"Eliassen Home & Garden Pleasure\",\"description\":\"\",\"publisher\":{\"@id\":\"https:\/\/www.eliassen.nl\/de\/#organization\"},\"alternateName\":\"Eliassen.nl\",\"potentialAction\":[{\"@type\":\"SearchAction\",\"target\":{\"@type\":\"EntryPoint\",\"urlTemplate\":\"https:\/\/www.eliassen.nl\/de\/?s={search_term_string}\"},\"query-input\":{\"@type\":\"PropertyValueSpecification\",\"valueRequired\":true,\"valueName\":\"search_term_string\"}}],\"inLanguage\":\"de\"},{\"@type\":[\"Organization\",\"Place\"],\"@id\":\"https:\/\/www.eliassen.nl\/de\/#organization\",\"name\":\"Eliassen Home & Garden Pleasure\",\"url\":\"https:\/\/www.eliassen.nl\/de\/\",\"logo\":{\"@id\":\"https:\/\/www.eliassen.nl\/de\/lampe-glas-oval-mehrfarbig-40cm\/#local-main-organization-logo\"},\"image\":{\"@id\":\"https:\/\/www.eliassen.nl\/de\/lampe-glas-oval-mehrfarbig-40cm\/#local-main-organization-logo\"},\"sameAs\":[\"https:\/\/www.facebook.com\/TuincentrumEliassenAmmerzoden\",\"https:\/\/www.instagram.com\/eliassenhomeandgarden\/\",\"https:\/\/nl.pinterest.com\/eliassenhomeandgarden\/\",\"https:\/\/www.youtube.com\/@eliassenhomegardenpleasure4558\"],\"telephone\":[],\"openingHoursSpecification\":[{\"@type\":\"OpeningHoursSpecification\",\"dayOfWeek\":[\"Monday\",\"Tuesday\",\"Wednesday\",\"Thursday\",\"Friday\",\"Saturday\",\"Sunday\"],\"opens\":\"09:00\",\"closes\":\"17:00\"}]},{\"@type\":\"ImageObject\",\"inLanguage\":\"de\",\"@id\":\"https:\/\/www.eliassen.nl\/de\/lampe-glas-oval-mehrfarbig-40cm\/#local-main-organization-logo\",\"url\":\"https:\/\/www.eliassen.nl\/wp-content\/uploads\/2024\/01\/logo_4nd.jpg\",\"contentUrl\":\"https:\/\/www.eliassen.nl\/wp-content\/uploads\/2024\/01\/logo_4nd.jpg\",\"width\":500,\"height\":500,\"caption\":\"Eliassen Home & Garden Pleasure\"}]}<\/script>\n<meta property=\"product:price:amount\" content=\"169.50\" \/>\n<meta property=\"product:price:currency\" content=\"EUR\" \/>\n<meta property=\"og:availability\" content=\"out of stock\" \/>\n<meta property=\"product:availability\" content=\"out of stock\" \/>\n<meta property=\"product:retailer_item_id\" content=\"11.40.79\" \/>\n<meta property=\"product:condition\" content=\"new\" \/>\n<!-- \/ Yoast SEO Premium plugin. -->","yoast_head_json":{"title":"Loranto Lampe Glas oval mehrfarbig 40cm - Eliassen.nl","description":"Atmosph\u00e4rische ovale Glasleuchte 'Multicoloured' (43cm) von Loranto. Mundgeblasenes b\u00f6hmisches Glas mit warmen Farben. Bestellen Sie dieses einzigartige Kunstwerk direkt online!","robots":{"index":"index","follow":"follow","max-snippet":"max-snippet:-1","max-image-preview":"max-image-preview:large","max-video-preview":"max-video-preview:-1"},"canonical":"https:\/\/www.eliassen.nl\/de\/lampe-glas-oval-mehrfarbig-40cm\/","og_locale":"de_DE","og_type":"article","og_title":"Loranto Lampe Glas oval mehrfarbig 40cm - Eliassen.nl","og_description":"Atmosph\u00e4rische ovale Glasleuchte 'Multicoloured' (43cm) von Loranto. Mundgeblasenes b\u00f6hmisches Glas mit warmen Farben. Bestellen Sie dieses einzigartige Kunstwerk direkt online!","og_url":"https:\/\/www.eliassen.nl\/de\/lampe-glas-oval-mehrfarbig-40cm\/","og_site_name":"Eliassen.nl","article_publisher":"https:\/\/www.facebook.com\/TuincentrumEliassenAmmerzoden","article_modified_time":"2026-02-06T13:34:35+00:00","og_image":[{"width":2560,"height":1707,"url":"https:\/\/www.eliassen.nl\/wp-content\/uploads\/2025\/10\/Lamp-ovaal-multicolor-Eliassen.nl-11.40.79.jpg","type":"image\/jpeg"}],"twitter_card":"summary_large_image","schema":{"@context":"https:\/\/schema.org","@graph":[{"@type":"WebPage","@id":"https:\/\/www.eliassen.nl\/de\/lampe-glas-oval-mehrfarbig-40cm\/","url":"https:\/\/www.eliassen.nl\/de\/lampe-glas-oval-mehrfarbig-40cm\/","name":"Loranto Lampe Glas oval mehrfarbig 40cm - Eliassen.nl","isPartOf":{"@id":"https:\/\/www.eliassen.nl\/de\/#website"},"primaryImageOfPage":{"@id":"https:\/\/www.eliassen.nl\/de\/lampe-glas-oval-mehrfarbig-40cm\/#primaryimage"},"image":{"@id":"https:\/\/www.eliassen.nl\/de\/lampe-glas-oval-mehrfarbig-40cm\/#primaryimage"},"thumbnailUrl":"https:\/\/www.eliassen.nl\/wp-content\/uploads\/2025\/10\/Lamp-ovaal-multicolor-Eliassen.nl-11.40.79.jpg","datePublished":"2025-10-24T09:37:19+00:00","dateModified":"2026-02-06T13:34:35+00:00","description":"Atmosph\u00e4rische ovale Glasleuchte 'Multicoloured' (43cm) von Loranto. Mundgeblasenes b\u00f6hmisches Glas mit warmen Farben. Bestellen Sie dieses einzigartige Kunstwerk direkt online!","breadcrumb":{"@id":"https:\/\/www.eliassen.nl\/de\/lampe-glas-oval-mehrfarbig-40cm\/#breadcrumb"},"inLanguage":"de","potentialAction":[{"@type":"ReadAction","target":["https:\/\/www.eliassen.nl\/de\/lampe-glas-oval-mehrfarbig-40cm\/"]}]},{"@type":"ImageObject","inLanguage":"de","@id":"https:\/\/www.eliassen.nl\/de\/lampe-glas-oval-mehrfarbig-40cm\/#primaryimage","url":"https:\/\/www.eliassen.nl\/wp-content\/uploads\/2025\/10\/Lamp-ovaal-multicolor-Eliassen.nl-11.40.79.jpg","contentUrl":"https:\/\/www.eliassen.nl\/wp-content\/uploads\/2025\/10\/Lamp-ovaal-multicolor-Eliassen.nl-11.40.79.jpg","width":2560,"height":1707},{"@type":"BreadcrumbList","@id":"https:\/\/www.eliassen.nl\/de\/lampe-glas-oval-mehrfarbig-40cm\/#breadcrumb","itemListElement":[{"@type":"ListItem","position":1,"name":"Home","item":"https:\/\/www.eliassen.nl\/de\/"},{"@type":"ListItem","position":2,"name":"Shop","item":"https:\/\/www.eliassen.nl\/de\/shop\/"},{"@type":"ListItem","position":3,"name":"Glaskunst","item":"https:\/\/www.eliassen.nl\/de\/glaskunst\/"},{"@type":"ListItem","position":4,"name":"Lampe Glas oval mehrfarbig 40cm"}]},{"@type":"WebSite","@id":"https:\/\/www.eliassen.nl\/de\/#website","url":"https:\/\/www.eliassen.nl\/de\/","name":"Eliassen Home & Garden Pleasure","description":"","publisher":{"@id":"https:\/\/www.eliassen.nl\/de\/#organization"},"alternateName":"Eliassen.nl","potentialAction":[{"@type":"SearchAction","target":{"@type":"EntryPoint","urlTemplate":"https:\/\/www.eliassen.nl\/de\/?s={search_term_string}"},"query-input":{"@type":"PropertyValueSpecification","valueRequired":true,"valueName":"search_term_string"}}],"inLanguage":"de"},{"@type":["Organization","Place"],"@id":"https:\/\/www.eliassen.nl\/de\/#organization","name":"Eliassen Home & Garden Pleasure","url":"https:\/\/www.eliassen.nl\/de\/","logo":{"@id":"https:\/\/www.eliassen.nl\/de\/lampe-glas-oval-mehrfarbig-40cm\/#local-main-organization-logo"},"image":{"@id":"https:\/\/www.eliassen.nl\/de\/lampe-glas-oval-mehrfarbig-40cm\/#local-main-organization-logo"},"sameAs":["https:\/\/www.facebook.com\/TuincentrumEliassenAmmerzoden","https:\/\/www.instagram.com\/eliassenhomeandgarden\/","https:\/\/nl.pinterest.com\/eliassenhomeandgarden\/","https:\/\/www.youtube.com\/@eliassenhomegardenpleasure4558"],"telephone":[],"openingHoursSpecification":[{"@type":"OpeningHoursSpecification","dayOfWeek":["Monday","Tuesday","Wednesday","Thursday","Friday","Saturday","Sunday"],"opens":"09:00","closes":"17:00"}]},{"@type":"ImageObject","inLanguage":"de","@id":"https:\/\/www.eliassen.nl\/de\/lampe-glas-oval-mehrfarbig-40cm\/#local-main-organization-logo","url":"https:\/\/www.eliassen.nl\/wp-content\/uploads\/2024\/01\/logo_4nd.jpg","contentUrl":"https:\/\/www.eliassen.nl\/wp-content\/uploads\/2024\/01\/logo_4nd.jpg","width":500,"height":500,"caption":"Eliassen Home & Garden Pleasure"}]},"product_price_amount":"169.50","product_price_currency":"EUR","og_availability":"out of stock","product_availability":"out of stock","product_retailer_item_id":"11.40.79","product_condition":"new"},"df_price":169.5,"df_sale_price":"","df_regular_price":169.5,"df_image_link":"https:\/\/www.eliassen.nl\/wp-content\/uploads\/2025\/10\/Lamp-ovaal-multicolor-Eliassen.nl-11.40.79-300x200.jpg","image":"https:\/\/www.eliassen.nl\/wp-content\/uploads\/2025\/10\/Lamp-ovaal-multicolor-Eliassen.nl-11.40.79-150x150.jpg","price_search":"<span class=\"woocommerce-Price-amount amount\"><bdi><span class=\"woocommerce-Price-currencySymbol\">&euro;<\/span>&nbsp;169,50<\/bdi><\/span>","category":"Glaskunst","global_unique_id":"6096518947955","_links":{"self":[{"href":"https:\/\/www.eliassen.nl\/de\/wp-json\/wp\/v2\/product\/194345","targetHints":{"allow":["GET"]}}],"collection":[{"href":"https:\/\/www.eliassen.nl\/de\/wp-json\/wp\/v2\/product"}],"about":[{"href":"https:\/\/www.eliassen.nl\/de\/wp-json\/wp\/v2\/types\/product"}],"wp:featuredmedia":[{"embeddable":true,"href":"https:\/\/www.eliassen.nl\/de\/wp-json\/wp\/v2\/media\/194237"}],"wp:attachment":[{"href":"https:\/\/www.eliassen.nl\/de\/wp-json\/wp\/v2\/media?parent=194345"}],"wp:term":[{"taxonomy":"product_brand","embeddable":true,"href":"https:\/\/www.eliassen.nl\/de\/wp-json\/wp\/v2\/product_brand?post=194345"},{"taxonomy":"product_cat","embeddable":true,"href":"https:\/\/www.eliassen.nl\/de\/wp-json\/wp\/v2\/product_cat?post=194345"},{"taxonomy":"product_tag","embeddable":true,"href":"https:\/\/www.eliassen.nl\/de\/wp-json\/wp\/v2\/product_tag?post=194345"}],"curies":[{"name":"wp","href":"https:\/\/api.w.org\/{rel}","templated":true}]}}