{"id":194343,"date":"2025-10-24T11:32:14","date_gmt":"2025-10-24T09:32:14","guid":{"rendered":"https:\/\/www.eliassen.nl\/product\/lampe-glas-linea-morgana-verde-38cm\/"},"modified":"2026-02-06T14:34:36","modified_gmt":"2026-02-06T13:34:36","slug":"lampe-glas-linea-morgana-verde-38cm","status":"publish","type":"product","link":"https:\/\/www.eliassen.nl\/de\/lampe-glas-linea-morgana-verde-38cm\/","title":{"rendered":"Lampe Glas Linea Morgana Verde 38cm"},"content":{"rendered":"<p data-path-to-node=\"1\">Bringen Sie einen Hauch von nat\u00fcrlicher Sch\u00f6nheit in Ihr Interieur mit der sch\u00f6nen Glasleuchte &#8218;Linea Morgana Verde&#8216;. Mit einer H\u00f6he von ca. 38 cm und einem Durchmesser von 30 cm ist dieses einzigartige Modell ein besonderes Kunstwerk der Marke Loranto. Die Lampe ist aus hochwertigem b\u00f6hmischen Glas mundgeblasen. Die Kombination verschiedener Gr\u00fcnt\u00f6ne erzeugt einen stimmungsvollen und lebendigen Lichteffekt, der an die Farben der Natur erinnert.<\/p>\n<p data-path-to-node=\"2\">Da jede Lampe handgefertigt ist, gleicht keine von ihnen in Form und Farbmuster der anderen, so dass Sie immer ein einzigartiges Objekt besitzen. Bitte beachten Sie, dass bei mundgeblasenen Glasartikeln immer Unebenheiten wie z.B. ein Minipunkt oder eine Luftblase auftreten k\u00f6nnen; dies ist der Handarbeit geschuldet und kann nicht reklamiert werden. Die Lampe hat eine E27 Fassung und ein 1,5 Meter langes Kabel mit Schalter. Hinweis: Verwenden Sie in dieser Lampe nur LED-Lampen, da diese Art von Lampe kaum W\u00e4rme erzeugt und Hitze im Glas vermieden werden sollte. M\u00f6chten Sie die gr\u00fcnen Farbt\u00f6ne lieber erst in echt bewundern? Dann kommen Sie doch einfach in unserem Ausstellungsraum vorbei.<\/p>\n","protected":false},"excerpt":{"rendered":"<p>Diese einzigartige Lampe aus mundgeblasenem Glas &#8218;Linea Morgana Verde&#8216; von Loranto (38cm) besticht durch ihr attraktives Design mit verschiedenen Gr\u00fcnt\u00f6nen. Das handgefertigte b\u00f6hmische Glas sorgt f\u00fcr eine nat\u00fcrliche und einzigartige Beleuchtung in Ihrem Zuhause.<\/p>\n","protected":false},"featured_media":194225,"template":"","meta":{"_acf_changed":false,"_genesis_title":"","_genesis_description":""},"product_brand":[6958],"product_cat":[800,749,809,746],"product_tag":[],"class_list":{"0":"post-194343","1":"product","2":"type-product","3":"status-publish","4":"has-post-thumbnail","6":"product_brand-loranto-de","7":"product_cat-glaskunst","8":"product_cat-glaslampen","10":"product_cat-stimmungsvolle-beleuchtung","12":"first","13":"instock","14":"taxable","15":"shipping-taxable","16":"purchasable","17":"product-type-simple"},"acf":[],"meta_all":{"total_sales":"0","cor_restricted_countries":[]},"meta_all_flat":{"total_sales":"0"},"yoast_head":"<!-- This site is optimized with the Yoast SEO Premium plugin v26.2 (Yoast SEO v27.2) - https:\/\/yoast.com\/product\/yoast-seo-premium-wordpress\/ -->\n<title>Loranto Lampe Glas Linea Morgana Verde 38cm - Eliassen.nl<\/title>\n<meta name=\"description\" content=\"Einzigartige Loranto Glaslampe &#039;Linea Morgana Verde&#039; (38cm) aus mundgeblasenem b\u00f6hmischen Glas. Atmosph\u00e4risches Design mit Gr\u00fcnt\u00f6nen. Bestellen Sie dieses Kunstwerk direkt online!\" \/>\n<meta name=\"robots\" content=\"index, follow, max-snippet:-1, max-image-preview:large, max-video-preview:-1\" \/>\n<link rel=\"canonical\" href=\"https:\/\/www.eliassen.nl\/de\/lampe-glas-linea-morgana-verde-38cm\/\" \/>\n<meta property=\"og:locale\" content=\"de_DE\" \/>\n<meta property=\"og:type\" content=\"article\" \/>\n<meta property=\"og:title\" content=\"Loranto Lampe Glas Linea Morgana Verde 38cm - Eliassen.nl\" \/>\n<meta property=\"og:description\" content=\"Einzigartige Loranto Glaslampe &#039;Linea Morgana Verde&#039; (38cm) aus mundgeblasenem b\u00f6hmischen Glas. Atmosph\u00e4risches Design mit Gr\u00fcnt\u00f6nen. Bestellen Sie dieses Kunstwerk direkt online!\" \/>\n<meta property=\"og:url\" content=\"https:\/\/www.eliassen.nl\/de\/lampe-glas-linea-morgana-verde-38cm\/\" \/>\n<meta property=\"og:site_name\" content=\"Eliassen.nl\" \/>\n<meta property=\"article:publisher\" content=\"https:\/\/www.facebook.com\/TuincentrumEliassenAmmerzoden\" \/>\n<meta property=\"article:modified_time\" content=\"2026-02-06T13:34:36+00:00\" \/>\n<meta property=\"og:image\" content=\"https:\/\/www.eliassen.nl\/wp-content\/uploads\/2025\/10\/lamp-linea-morgana-Eliassen.nl-08.36.89.gr_-4.png\" \/>\n\t<meta property=\"og:image:width\" content=\"1\" \/>\n\t<meta property=\"og:image:height\" content=\"1\" \/>\n\t<meta property=\"og:image:type\" content=\"image\/png\" \/>\n<meta name=\"twitter:card\" content=\"summary_large_image\" \/>\n<script type=\"application\/ld+json\" class=\"yoast-schema-graph\">{\"@context\":\"https:\/\/schema.org\",\"@graph\":[{\"@type\":\"WebPage\",\"@id\":\"https:\/\/www.eliassen.nl\/de\/lampe-glas-linea-morgana-verde-38cm\/\",\"url\":\"https:\/\/www.eliassen.nl\/de\/lampe-glas-linea-morgana-verde-38cm\/\",\"name\":\"Loranto Lampe Glas Linea Morgana Verde 38cm - Eliassen.nl\",\"isPartOf\":{\"@id\":\"https:\/\/www.eliassen.nl\/de\/#website\"},\"primaryImageOfPage\":{\"@id\":\"https:\/\/www.eliassen.nl\/de\/lampe-glas-linea-morgana-verde-38cm\/#primaryimage\"},\"image\":{\"@id\":\"https:\/\/www.eliassen.nl\/de\/lampe-glas-linea-morgana-verde-38cm\/#primaryimage\"},\"thumbnailUrl\":\"https:\/\/www.eliassen.nl\/wp-content\/uploads\/2025\/10\/lamp-linea-morgana-Eliassen.nl-08.36.89.gr_-4.png\",\"datePublished\":\"2025-10-24T09:32:14+00:00\",\"dateModified\":\"2026-02-06T13:34:36+00:00\",\"description\":\"Einzigartige Loranto Glaslampe 'Linea Morgana Verde' (38cm) aus mundgeblasenem b\u00f6hmischen Glas. Atmosph\u00e4risches Design mit Gr\u00fcnt\u00f6nen. Bestellen Sie dieses Kunstwerk direkt online!\",\"breadcrumb\":{\"@id\":\"https:\/\/www.eliassen.nl\/de\/lampe-glas-linea-morgana-verde-38cm\/#breadcrumb\"},\"inLanguage\":\"de\",\"potentialAction\":[{\"@type\":\"ReadAction\",\"target\":[\"https:\/\/www.eliassen.nl\/de\/lampe-glas-linea-morgana-verde-38cm\/\"]}]},{\"@type\":\"ImageObject\",\"inLanguage\":\"de\",\"@id\":\"https:\/\/www.eliassen.nl\/de\/lampe-glas-linea-morgana-verde-38cm\/#primaryimage\",\"url\":\"https:\/\/www.eliassen.nl\/wp-content\/uploads\/2025\/10\/lamp-linea-morgana-Eliassen.nl-08.36.89.gr_-4.png\",\"contentUrl\":\"https:\/\/www.eliassen.nl\/wp-content\/uploads\/2025\/10\/lamp-linea-morgana-Eliassen.nl-08.36.89.gr_-4.png\"},{\"@type\":\"BreadcrumbList\",\"@id\":\"https:\/\/www.eliassen.nl\/de\/lampe-glas-linea-morgana-verde-38cm\/#breadcrumb\",\"itemListElement\":[{\"@type\":\"ListItem\",\"position\":1,\"name\":\"Home\",\"item\":\"https:\/\/www.eliassen.nl\/de\/\"},{\"@type\":\"ListItem\",\"position\":2,\"name\":\"Shop\",\"item\":\"https:\/\/www.eliassen.nl\/de\/shop\/\"},{\"@type\":\"ListItem\",\"position\":3,\"name\":\"Glaskunst\",\"item\":\"https:\/\/www.eliassen.nl\/de\/glaskunst\/\"},{\"@type\":\"ListItem\",\"position\":4,\"name\":\"Lampe Glas Linea Morgana Verde 38cm\"}]},{\"@type\":\"WebSite\",\"@id\":\"https:\/\/www.eliassen.nl\/de\/#website\",\"url\":\"https:\/\/www.eliassen.nl\/de\/\",\"name\":\"Eliassen Home & Garden Pleasure\",\"description\":\"\",\"publisher\":{\"@id\":\"https:\/\/www.eliassen.nl\/de\/#organization\"},\"alternateName\":\"Eliassen.nl\",\"potentialAction\":[{\"@type\":\"SearchAction\",\"target\":{\"@type\":\"EntryPoint\",\"urlTemplate\":\"https:\/\/www.eliassen.nl\/de\/?s={search_term_string}\"},\"query-input\":{\"@type\":\"PropertyValueSpecification\",\"valueRequired\":true,\"valueName\":\"search_term_string\"}}],\"inLanguage\":\"de\"},{\"@type\":[\"Organization\",\"Place\"],\"@id\":\"https:\/\/www.eliassen.nl\/de\/#organization\",\"name\":\"Eliassen Home & Garden Pleasure\",\"url\":\"https:\/\/www.eliassen.nl\/de\/\",\"logo\":{\"@id\":\"https:\/\/www.eliassen.nl\/de\/lampe-glas-linea-morgana-verde-38cm\/#local-main-organization-logo\"},\"image\":{\"@id\":\"https:\/\/www.eliassen.nl\/de\/lampe-glas-linea-morgana-verde-38cm\/#local-main-organization-logo\"},\"sameAs\":[\"https:\/\/www.facebook.com\/TuincentrumEliassenAmmerzoden\",\"https:\/\/www.instagram.com\/eliassenhomeandgarden\/\",\"https:\/\/nl.pinterest.com\/eliassenhomeandgarden\/\",\"https:\/\/www.youtube.com\/@eliassenhomegardenpleasure4558\"],\"telephone\":[],\"openingHoursSpecification\":[{\"@type\":\"OpeningHoursSpecification\",\"dayOfWeek\":[\"Monday\",\"Tuesday\",\"Wednesday\",\"Thursday\",\"Friday\",\"Saturday\",\"Sunday\"],\"opens\":\"09:00\",\"closes\":\"17:00\"}]},{\"@type\":\"ImageObject\",\"inLanguage\":\"de\",\"@id\":\"https:\/\/www.eliassen.nl\/de\/lampe-glas-linea-morgana-verde-38cm\/#local-main-organization-logo\",\"url\":\"https:\/\/www.eliassen.nl\/wp-content\/uploads\/2024\/01\/logo_4nd.jpg\",\"contentUrl\":\"https:\/\/www.eliassen.nl\/wp-content\/uploads\/2024\/01\/logo_4nd.jpg\",\"width\":500,\"height\":500,\"caption\":\"Eliassen Home & Garden Pleasure\"}]}<\/script>\n<meta property=\"product:price:amount\" content=\"195.00\" \/>\n<meta property=\"product:price:currency\" content=\"EUR\" \/>\n<meta property=\"og:availability\" content=\"instock\" \/>\n<meta property=\"product:availability\" content=\"instock\" \/>\n<meta property=\"product:retailer_item_id\" content=\"08.36.89.gr\" \/>\n<meta property=\"product:condition\" content=\"new\" \/>\n<!-- \/ Yoast SEO Premium plugin. -->","yoast_head_json":{"title":"Loranto Lampe Glas Linea Morgana Verde 38cm - Eliassen.nl","description":"Einzigartige Loranto Glaslampe 'Linea Morgana Verde' (38cm) aus mundgeblasenem b\u00f6hmischen Glas. Atmosph\u00e4risches Design mit Gr\u00fcnt\u00f6nen. Bestellen Sie dieses Kunstwerk direkt online!","robots":{"index":"index","follow":"follow","max-snippet":"max-snippet:-1","max-image-preview":"max-image-preview:large","max-video-preview":"max-video-preview:-1"},"canonical":"https:\/\/www.eliassen.nl\/de\/lampe-glas-linea-morgana-verde-38cm\/","og_locale":"de_DE","og_type":"article","og_title":"Loranto Lampe Glas Linea Morgana Verde 38cm - Eliassen.nl","og_description":"Einzigartige Loranto Glaslampe 'Linea Morgana Verde' (38cm) aus mundgeblasenem b\u00f6hmischen Glas. Atmosph\u00e4risches Design mit Gr\u00fcnt\u00f6nen. Bestellen Sie dieses Kunstwerk direkt online!","og_url":"https:\/\/www.eliassen.nl\/de\/lampe-glas-linea-morgana-verde-38cm\/","og_site_name":"Eliassen.nl","article_publisher":"https:\/\/www.facebook.com\/TuincentrumEliassenAmmerzoden","article_modified_time":"2026-02-06T13:34:36+00:00","og_image":[{"url":"https:\/\/www.eliassen.nl\/wp-content\/uploads\/2025\/10\/lamp-linea-morgana-Eliassen.nl-08.36.89.gr_-4.png","width":1,"height":1,"type":"image\/png"}],"twitter_card":"summary_large_image","schema":{"@context":"https:\/\/schema.org","@graph":[{"@type":"WebPage","@id":"https:\/\/www.eliassen.nl\/de\/lampe-glas-linea-morgana-verde-38cm\/","url":"https:\/\/www.eliassen.nl\/de\/lampe-glas-linea-morgana-verde-38cm\/","name":"Loranto Lampe Glas Linea Morgana Verde 38cm - Eliassen.nl","isPartOf":{"@id":"https:\/\/www.eliassen.nl\/de\/#website"},"primaryImageOfPage":{"@id":"https:\/\/www.eliassen.nl\/de\/lampe-glas-linea-morgana-verde-38cm\/#primaryimage"},"image":{"@id":"https:\/\/www.eliassen.nl\/de\/lampe-glas-linea-morgana-verde-38cm\/#primaryimage"},"thumbnailUrl":"https:\/\/www.eliassen.nl\/wp-content\/uploads\/2025\/10\/lamp-linea-morgana-Eliassen.nl-08.36.89.gr_-4.png","datePublished":"2025-10-24T09:32:14+00:00","dateModified":"2026-02-06T13:34:36+00:00","description":"Einzigartige Loranto Glaslampe 'Linea Morgana Verde' (38cm) aus mundgeblasenem b\u00f6hmischen Glas. Atmosph\u00e4risches Design mit Gr\u00fcnt\u00f6nen. Bestellen Sie dieses Kunstwerk direkt online!","breadcrumb":{"@id":"https:\/\/www.eliassen.nl\/de\/lampe-glas-linea-morgana-verde-38cm\/#breadcrumb"},"inLanguage":"de","potentialAction":[{"@type":"ReadAction","target":["https:\/\/www.eliassen.nl\/de\/lampe-glas-linea-morgana-verde-38cm\/"]}]},{"@type":"ImageObject","inLanguage":"de","@id":"https:\/\/www.eliassen.nl\/de\/lampe-glas-linea-morgana-verde-38cm\/#primaryimage","url":"https:\/\/www.eliassen.nl\/wp-content\/uploads\/2025\/10\/lamp-linea-morgana-Eliassen.nl-08.36.89.gr_-4.png","contentUrl":"https:\/\/www.eliassen.nl\/wp-content\/uploads\/2025\/10\/lamp-linea-morgana-Eliassen.nl-08.36.89.gr_-4.png"},{"@type":"BreadcrumbList","@id":"https:\/\/www.eliassen.nl\/de\/lampe-glas-linea-morgana-verde-38cm\/#breadcrumb","itemListElement":[{"@type":"ListItem","position":1,"name":"Home","item":"https:\/\/www.eliassen.nl\/de\/"},{"@type":"ListItem","position":2,"name":"Shop","item":"https:\/\/www.eliassen.nl\/de\/shop\/"},{"@type":"ListItem","position":3,"name":"Glaskunst","item":"https:\/\/www.eliassen.nl\/de\/glaskunst\/"},{"@type":"ListItem","position":4,"name":"Lampe Glas Linea Morgana Verde 38cm"}]},{"@type":"WebSite","@id":"https:\/\/www.eliassen.nl\/de\/#website","url":"https:\/\/www.eliassen.nl\/de\/","name":"Eliassen Home & Garden Pleasure","description":"","publisher":{"@id":"https:\/\/www.eliassen.nl\/de\/#organization"},"alternateName":"Eliassen.nl","potentialAction":[{"@type":"SearchAction","target":{"@type":"EntryPoint","urlTemplate":"https:\/\/www.eliassen.nl\/de\/?s={search_term_string}"},"query-input":{"@type":"PropertyValueSpecification","valueRequired":true,"valueName":"search_term_string"}}],"inLanguage":"de"},{"@type":["Organization","Place"],"@id":"https:\/\/www.eliassen.nl\/de\/#organization","name":"Eliassen Home & Garden Pleasure","url":"https:\/\/www.eliassen.nl\/de\/","logo":{"@id":"https:\/\/www.eliassen.nl\/de\/lampe-glas-linea-morgana-verde-38cm\/#local-main-organization-logo"},"image":{"@id":"https:\/\/www.eliassen.nl\/de\/lampe-glas-linea-morgana-verde-38cm\/#local-main-organization-logo"},"sameAs":["https:\/\/www.facebook.com\/TuincentrumEliassenAmmerzoden","https:\/\/www.instagram.com\/eliassenhomeandgarden\/","https:\/\/nl.pinterest.com\/eliassenhomeandgarden\/","https:\/\/www.youtube.com\/@eliassenhomegardenpleasure4558"],"telephone":[],"openingHoursSpecification":[{"@type":"OpeningHoursSpecification","dayOfWeek":["Monday","Tuesday","Wednesday","Thursday","Friday","Saturday","Sunday"],"opens":"09:00","closes":"17:00"}]},{"@type":"ImageObject","inLanguage":"de","@id":"https:\/\/www.eliassen.nl\/de\/lampe-glas-linea-morgana-verde-38cm\/#local-main-organization-logo","url":"https:\/\/www.eliassen.nl\/wp-content\/uploads\/2024\/01\/logo_4nd.jpg","contentUrl":"https:\/\/www.eliassen.nl\/wp-content\/uploads\/2024\/01\/logo_4nd.jpg","width":500,"height":500,"caption":"Eliassen Home & Garden Pleasure"}]},"product_price_amount":"195.00","product_price_currency":"EUR","og_availability":"instock","product_availability":"instock","product_retailer_item_id":"08.36.89.gr","product_condition":"new"},"df_price":195,"df_sale_price":"","df_regular_price":195,"df_image_link":"https:\/\/www.eliassen.nl\/wp-content\/uploads\/2025\/10\/lamp-linea-morgana-Eliassen.nl-08.36.89.gr_-4.png","image":"https:\/\/www.eliassen.nl\/wp-content\/uploads\/2025\/10\/lamp-linea-morgana-Eliassen.nl-08.36.89.gr_-4.png","price_search":"<span class=\"woocommerce-Price-amount amount\"><bdi><span class=\"woocommerce-Price-currencySymbol\">&euro;<\/span>&nbsp;195,00<\/bdi><\/span>","category":"Glaskunst","global_unique_id":"6096526538596","_links":{"self":[{"href":"https:\/\/www.eliassen.nl\/de\/wp-json\/wp\/v2\/product\/194343","targetHints":{"allow":["GET"]}}],"collection":[{"href":"https:\/\/www.eliassen.nl\/de\/wp-json\/wp\/v2\/product"}],"about":[{"href":"https:\/\/www.eliassen.nl\/de\/wp-json\/wp\/v2\/types\/product"}],"wp:featuredmedia":[{"embeddable":true,"href":"https:\/\/www.eliassen.nl\/de\/wp-json\/wp\/v2\/media\/194225"}],"wp:attachment":[{"href":"https:\/\/www.eliassen.nl\/de\/wp-json\/wp\/v2\/media?parent=194343"}],"wp:term":[{"taxonomy":"product_brand","embeddable":true,"href":"https:\/\/www.eliassen.nl\/de\/wp-json\/wp\/v2\/product_brand?post=194343"},{"taxonomy":"product_cat","embeddable":true,"href":"https:\/\/www.eliassen.nl\/de\/wp-json\/wp\/v2\/product_cat?post=194343"},{"taxonomy":"product_tag","embeddable":true,"href":"https:\/\/www.eliassen.nl\/de\/wp-json\/wp\/v2\/product_tag?post=194343"}],"curies":[{"name":"wp","href":"https:\/\/api.w.org\/{rel}","templated":true}]}}