{"id":194341,"date":"2025-10-24T11:21:03","date_gmt":"2025-10-24T09:21:03","guid":{"rendered":"https:\/\/www.eliassen.nl\/product\/lampe-glas-linea-morgana-casper-50cm\/"},"modified":"2026-02-06T14:34:37","modified_gmt":"2026-02-06T13:34:37","slug":"lampe-glas-linea-morgana-casper-50cm","status":"publish","type":"product","link":"https:\/\/www.eliassen.nl\/de\/lampe-glas-linea-morgana-casper-50cm\/","title":{"rendered":"Lampe Glas Linea Morgana Casper 50cm"},"content":{"rendered":"<p data-path-to-node=\"1\">Setzen Sie mit der sch\u00f6nen Glasleuchte &#8218;Linea Morgana Casper&#8216; ein stilvolles Statement in Ihrer Einrichtung. Mit einer H\u00f6he von ca. 50 cm und einer Breite von 20 cm ist dieses schlanke und elegante Modell eine einzigartige Kreation der Marke Loranto. Die Lampe ist aus hochwertigem b\u00f6hmischen Glas mundgeblasen. Die Kombination aus blauen und gelben Schirmen (Casper) erzeugt einen warmen und tiefen Lichteffekt, der sofort Atmosph\u00e4re in jeden Raum bringt.<\/p>\n<p data-path-to-node=\"2\">Da jede Lampe handgefertigt ist, gleicht keine von ihnen in Form und Farbmuster der anderen, so dass Sie immer ein einzigartiges Objekt besitzen. Bitte beachten Sie, dass bei mundgeblasenen Glasartikeln immer Unebenheiten wie z.B. ein Minipunkt oder eine Luftblase auftreten k\u00f6nnen; dies ist der Handarbeit geschuldet und kann nicht reklamiert werden. Die Lampe hat eine E27 Fassung und ein 1,5 Meter langes Kabel mit Schalter. Hinweis: Verwenden Sie in dieser Lampe nur LED-Lampen, da diese Art von Lampe kaum W\u00e4rme erzeugt und Hitze im Glas vermieden werden sollte. M\u00f6chten Sie die besondere Farbkombination lieber erst einmal in natura bewundern? Dann kommen Sie doch einfach in unserem Ausstellungsraum vorbei.<\/p>\n","protected":false},"excerpt":{"rendered":"<p>Diese einzigartige Lampe aus mundgeblasenem Glas &#8218;Linea Morgana Casper&#8216; von Loranto (50cm) besticht durch ihr elegantes Design mit einer warmen Mischung aus Blau- und Gelbt\u00f6nen. Das handgefertigte b\u00f6hmische Glas sorgt f\u00fcr eine stimmungsvolle und einzigartige Beleuchtung in Ihrem Zuhause.<\/p>\n","protected":false},"featured_media":194173,"template":"","meta":{"_acf_changed":false,"_genesis_title":"","_genesis_description":""},"product_brand":[6958],"product_cat":[800,749,809,746],"product_tag":[],"class_list":{"0":"post-194341","1":"product","2":"type-product","3":"status-publish","4":"has-post-thumbnail","6":"product_brand-loranto-de","7":"product_cat-glaskunst","8":"product_cat-glaslampen","10":"product_cat-stimmungsvolle-beleuchtung","12":"first","13":"instock","14":"taxable","15":"shipping-taxable","16":"purchasable","17":"product-type-simple"},"acf":[],"meta_all":{"total_sales":"0","cor_restricted_countries":[]},"meta_all_flat":{"total_sales":"0"},"yoast_head":"<!-- This site is optimized with the Yoast SEO Premium plugin v26.2 (Yoast SEO v27.2) - https:\/\/yoast.com\/product\/yoast-seo-premium-wordpress\/ -->\n<title>Loranto Lampe Glas Linea Morgana Casper 50cm - Eliassen.nl<\/title>\n<meta name=\"description\" content=\"Einzigartige Loranto-Glasleuchte &#039;Linea Morgana Casper&#039; (50cm) aus mundgeblasenem b\u00f6hmischen Glas. Elegantes Design mit blau\/gelben Farbt\u00f6nen. Bestellen Sie dieses Kunstwerk direkt online!\" \/>\n<meta name=\"robots\" content=\"index, follow, max-snippet:-1, max-image-preview:large, max-video-preview:-1\" \/>\n<link rel=\"canonical\" href=\"https:\/\/www.eliassen.nl\/de\/lampe-glas-linea-morgana-casper-50cm\/\" \/>\n<meta property=\"og:locale\" content=\"de_DE\" \/>\n<meta property=\"og:type\" content=\"article\" \/>\n<meta property=\"og:title\" content=\"Loranto Lampe Glas Linea Morgana Casper 50cm - Eliassen.nl\" \/>\n<meta property=\"og:description\" content=\"Einzigartige Loranto-Glasleuchte &#039;Linea Morgana Casper&#039; (50cm) aus mundgeblasenem b\u00f6hmischen Glas. Elegantes Design mit blau\/gelben Farbt\u00f6nen. Bestellen Sie dieses Kunstwerk direkt online!\" \/>\n<meta property=\"og:url\" content=\"https:\/\/www.eliassen.nl\/de\/lampe-glas-linea-morgana-casper-50cm\/\" \/>\n<meta property=\"og:site_name\" content=\"Eliassen.nl\" \/>\n<meta property=\"article:publisher\" content=\"https:\/\/www.facebook.com\/TuincentrumEliassenAmmerzoden\" \/>\n<meta property=\"article:modified_time\" content=\"2026-02-06T13:34:37+00:00\" \/>\n<meta property=\"og:image\" content=\"https:\/\/www.eliassen.nl\/wp-content\/uploads\/2025\/10\/lamp-linea-morgana-Eliassen.nl-10.45.89.br_.jpg\" \/>\n\t<meta property=\"og:image:width\" content=\"1600\" \/>\n\t<meta property=\"og:image:height\" content=\"1024\" \/>\n\t<meta property=\"og:image:type\" content=\"image\/jpeg\" \/>\n<meta name=\"twitter:card\" content=\"summary_large_image\" \/>\n<script type=\"application\/ld+json\" class=\"yoast-schema-graph\">{\"@context\":\"https:\/\/schema.org\",\"@graph\":[{\"@type\":\"WebPage\",\"@id\":\"https:\/\/www.eliassen.nl\/de\/lampe-glas-linea-morgana-casper-50cm\/\",\"url\":\"https:\/\/www.eliassen.nl\/de\/lampe-glas-linea-morgana-casper-50cm\/\",\"name\":\"Loranto Lampe Glas Linea Morgana Casper 50cm - Eliassen.nl\",\"isPartOf\":{\"@id\":\"https:\/\/www.eliassen.nl\/de\/#website\"},\"primaryImageOfPage\":{\"@id\":\"https:\/\/www.eliassen.nl\/de\/lampe-glas-linea-morgana-casper-50cm\/#primaryimage\"},\"image\":{\"@id\":\"https:\/\/www.eliassen.nl\/de\/lampe-glas-linea-morgana-casper-50cm\/#primaryimage\"},\"thumbnailUrl\":\"https:\/\/www.eliassen.nl\/wp-content\/uploads\/2025\/10\/lamp-linea-morgana-Eliassen.nl-10.45.89.br_.jpg\",\"datePublished\":\"2025-10-24T09:21:03+00:00\",\"dateModified\":\"2026-02-06T13:34:37+00:00\",\"description\":\"Einzigartige Loranto-Glasleuchte 'Linea Morgana Casper' (50cm) aus mundgeblasenem b\u00f6hmischen Glas. Elegantes Design mit blau\/gelben Farbt\u00f6nen. Bestellen Sie dieses Kunstwerk direkt online!\",\"breadcrumb\":{\"@id\":\"https:\/\/www.eliassen.nl\/de\/lampe-glas-linea-morgana-casper-50cm\/#breadcrumb\"},\"inLanguage\":\"de\",\"potentialAction\":[{\"@type\":\"ReadAction\",\"target\":[\"https:\/\/www.eliassen.nl\/de\/lampe-glas-linea-morgana-casper-50cm\/\"]}]},{\"@type\":\"ImageObject\",\"inLanguage\":\"de\",\"@id\":\"https:\/\/www.eliassen.nl\/de\/lampe-glas-linea-morgana-casper-50cm\/#primaryimage\",\"url\":\"https:\/\/www.eliassen.nl\/wp-content\/uploads\/2025\/10\/lamp-linea-morgana-Eliassen.nl-10.45.89.br_.jpg\",\"contentUrl\":\"https:\/\/www.eliassen.nl\/wp-content\/uploads\/2025\/10\/lamp-linea-morgana-Eliassen.nl-10.45.89.br_.jpg\",\"width\":1600,\"height\":1024,\"caption\":\"Lampe linea morgana Eliassen.nl 10.45.89.br\"},{\"@type\":\"BreadcrumbList\",\"@id\":\"https:\/\/www.eliassen.nl\/de\/lampe-glas-linea-morgana-casper-50cm\/#breadcrumb\",\"itemListElement\":[{\"@type\":\"ListItem\",\"position\":1,\"name\":\"Home\",\"item\":\"https:\/\/www.eliassen.nl\/de\/\"},{\"@type\":\"ListItem\",\"position\":2,\"name\":\"Shop\",\"item\":\"https:\/\/www.eliassen.nl\/de\/shop\/\"},{\"@type\":\"ListItem\",\"position\":3,\"name\":\"Stimmungsvolle Beleuchtung\",\"item\":\"https:\/\/www.eliassen.nl\/de\/stimmungsvolle-beleuchtung\/\"},{\"@type\":\"ListItem\",\"position\":4,\"name\":\"Glaslampen\",\"item\":\"https:\/\/www.eliassen.nl\/de\/stimmungsvolle-beleuchtung\/glaslampen\/\"},{\"@type\":\"ListItem\",\"position\":5,\"name\":\"Lampe Glas Linea Morgana Casper 50cm\"}]},{\"@type\":\"WebSite\",\"@id\":\"https:\/\/www.eliassen.nl\/de\/#website\",\"url\":\"https:\/\/www.eliassen.nl\/de\/\",\"name\":\"Eliassen Home & Garden Pleasure\",\"description\":\"\",\"publisher\":{\"@id\":\"https:\/\/www.eliassen.nl\/de\/#organization\"},\"alternateName\":\"Eliassen.nl\",\"potentialAction\":[{\"@type\":\"SearchAction\",\"target\":{\"@type\":\"EntryPoint\",\"urlTemplate\":\"https:\/\/www.eliassen.nl\/de\/?s={search_term_string}\"},\"query-input\":{\"@type\":\"PropertyValueSpecification\",\"valueRequired\":true,\"valueName\":\"search_term_string\"}}],\"inLanguage\":\"de\"},{\"@type\":[\"Organization\",\"Place\"],\"@id\":\"https:\/\/www.eliassen.nl\/de\/#organization\",\"name\":\"Eliassen Home & Garden Pleasure\",\"url\":\"https:\/\/www.eliassen.nl\/de\/\",\"logo\":{\"@id\":\"https:\/\/www.eliassen.nl\/de\/lampe-glas-linea-morgana-casper-50cm\/#local-main-organization-logo\"},\"image\":{\"@id\":\"https:\/\/www.eliassen.nl\/de\/lampe-glas-linea-morgana-casper-50cm\/#local-main-organization-logo\"},\"sameAs\":[\"https:\/\/www.facebook.com\/TuincentrumEliassenAmmerzoden\",\"https:\/\/www.instagram.com\/eliassenhomeandgarden\/\",\"https:\/\/nl.pinterest.com\/eliassenhomeandgarden\/\",\"https:\/\/www.youtube.com\/@eliassenhomegardenpleasure4558\"],\"telephone\":[],\"openingHoursSpecification\":[{\"@type\":\"OpeningHoursSpecification\",\"dayOfWeek\":[\"Monday\",\"Tuesday\",\"Wednesday\",\"Thursday\",\"Friday\",\"Saturday\",\"Sunday\"],\"opens\":\"09:00\",\"closes\":\"17:00\"}]},{\"@type\":\"ImageObject\",\"inLanguage\":\"de\",\"@id\":\"https:\/\/www.eliassen.nl\/de\/lampe-glas-linea-morgana-casper-50cm\/#local-main-organization-logo\",\"url\":\"https:\/\/www.eliassen.nl\/wp-content\/uploads\/2024\/01\/logo_4nd.jpg\",\"contentUrl\":\"https:\/\/www.eliassen.nl\/wp-content\/uploads\/2024\/01\/logo_4nd.jpg\",\"width\":500,\"height\":500,\"caption\":\"Eliassen Home & Garden Pleasure\"}]}<\/script>\n<meta property=\"product:price:amount\" content=\"159.50\" \/>\n<meta property=\"product:price:currency\" content=\"EUR\" \/>\n<meta property=\"og:availability\" content=\"instock\" \/>\n<meta property=\"product:availability\" content=\"instock\" \/>\n<meta property=\"product:retailer_item_id\" content=\"10.45.89.br\" \/>\n<meta property=\"product:condition\" content=\"new\" \/>\n<!-- \/ Yoast SEO Premium plugin. -->","yoast_head_json":{"title":"Loranto Lampe Glas Linea Morgana Casper 50cm - Eliassen.nl","description":"Einzigartige Loranto-Glasleuchte 'Linea Morgana Casper' (50cm) aus mundgeblasenem b\u00f6hmischen Glas. Elegantes Design mit blau\/gelben Farbt\u00f6nen. Bestellen Sie dieses Kunstwerk direkt online!","robots":{"index":"index","follow":"follow","max-snippet":"max-snippet:-1","max-image-preview":"max-image-preview:large","max-video-preview":"max-video-preview:-1"},"canonical":"https:\/\/www.eliassen.nl\/de\/lampe-glas-linea-morgana-casper-50cm\/","og_locale":"de_DE","og_type":"article","og_title":"Loranto Lampe Glas Linea Morgana Casper 50cm - Eliassen.nl","og_description":"Einzigartige Loranto-Glasleuchte 'Linea Morgana Casper' (50cm) aus mundgeblasenem b\u00f6hmischen Glas. Elegantes Design mit blau\/gelben Farbt\u00f6nen. Bestellen Sie dieses Kunstwerk direkt online!","og_url":"https:\/\/www.eliassen.nl\/de\/lampe-glas-linea-morgana-casper-50cm\/","og_site_name":"Eliassen.nl","article_publisher":"https:\/\/www.facebook.com\/TuincentrumEliassenAmmerzoden","article_modified_time":"2026-02-06T13:34:37+00:00","og_image":[{"width":1600,"height":1024,"url":"https:\/\/www.eliassen.nl\/wp-content\/uploads\/2025\/10\/lamp-linea-morgana-Eliassen.nl-10.45.89.br_.jpg","type":"image\/jpeg"}],"twitter_card":"summary_large_image","schema":{"@context":"https:\/\/schema.org","@graph":[{"@type":"WebPage","@id":"https:\/\/www.eliassen.nl\/de\/lampe-glas-linea-morgana-casper-50cm\/","url":"https:\/\/www.eliassen.nl\/de\/lampe-glas-linea-morgana-casper-50cm\/","name":"Loranto Lampe Glas Linea Morgana Casper 50cm - Eliassen.nl","isPartOf":{"@id":"https:\/\/www.eliassen.nl\/de\/#website"},"primaryImageOfPage":{"@id":"https:\/\/www.eliassen.nl\/de\/lampe-glas-linea-morgana-casper-50cm\/#primaryimage"},"image":{"@id":"https:\/\/www.eliassen.nl\/de\/lampe-glas-linea-morgana-casper-50cm\/#primaryimage"},"thumbnailUrl":"https:\/\/www.eliassen.nl\/wp-content\/uploads\/2025\/10\/lamp-linea-morgana-Eliassen.nl-10.45.89.br_.jpg","datePublished":"2025-10-24T09:21:03+00:00","dateModified":"2026-02-06T13:34:37+00:00","description":"Einzigartige Loranto-Glasleuchte 'Linea Morgana Casper' (50cm) aus mundgeblasenem b\u00f6hmischen Glas. Elegantes Design mit blau\/gelben Farbt\u00f6nen. Bestellen Sie dieses Kunstwerk direkt online!","breadcrumb":{"@id":"https:\/\/www.eliassen.nl\/de\/lampe-glas-linea-morgana-casper-50cm\/#breadcrumb"},"inLanguage":"de","potentialAction":[{"@type":"ReadAction","target":["https:\/\/www.eliassen.nl\/de\/lampe-glas-linea-morgana-casper-50cm\/"]}]},{"@type":"ImageObject","inLanguage":"de","@id":"https:\/\/www.eliassen.nl\/de\/lampe-glas-linea-morgana-casper-50cm\/#primaryimage","url":"https:\/\/www.eliassen.nl\/wp-content\/uploads\/2025\/10\/lamp-linea-morgana-Eliassen.nl-10.45.89.br_.jpg","contentUrl":"https:\/\/www.eliassen.nl\/wp-content\/uploads\/2025\/10\/lamp-linea-morgana-Eliassen.nl-10.45.89.br_.jpg","width":1600,"height":1024,"caption":"Lampe linea morgana Eliassen.nl 10.45.89.br"},{"@type":"BreadcrumbList","@id":"https:\/\/www.eliassen.nl\/de\/lampe-glas-linea-morgana-casper-50cm\/#breadcrumb","itemListElement":[{"@type":"ListItem","position":1,"name":"Home","item":"https:\/\/www.eliassen.nl\/de\/"},{"@type":"ListItem","position":2,"name":"Shop","item":"https:\/\/www.eliassen.nl\/de\/shop\/"},{"@type":"ListItem","position":3,"name":"Stimmungsvolle Beleuchtung","item":"https:\/\/www.eliassen.nl\/de\/stimmungsvolle-beleuchtung\/"},{"@type":"ListItem","position":4,"name":"Glaslampen","item":"https:\/\/www.eliassen.nl\/de\/stimmungsvolle-beleuchtung\/glaslampen\/"},{"@type":"ListItem","position":5,"name":"Lampe Glas Linea Morgana Casper 50cm"}]},{"@type":"WebSite","@id":"https:\/\/www.eliassen.nl\/de\/#website","url":"https:\/\/www.eliassen.nl\/de\/","name":"Eliassen Home & Garden Pleasure","description":"","publisher":{"@id":"https:\/\/www.eliassen.nl\/de\/#organization"},"alternateName":"Eliassen.nl","potentialAction":[{"@type":"SearchAction","target":{"@type":"EntryPoint","urlTemplate":"https:\/\/www.eliassen.nl\/de\/?s={search_term_string}"},"query-input":{"@type":"PropertyValueSpecification","valueRequired":true,"valueName":"search_term_string"}}],"inLanguage":"de"},{"@type":["Organization","Place"],"@id":"https:\/\/www.eliassen.nl\/de\/#organization","name":"Eliassen Home & Garden Pleasure","url":"https:\/\/www.eliassen.nl\/de\/","logo":{"@id":"https:\/\/www.eliassen.nl\/de\/lampe-glas-linea-morgana-casper-50cm\/#local-main-organization-logo"},"image":{"@id":"https:\/\/www.eliassen.nl\/de\/lampe-glas-linea-morgana-casper-50cm\/#local-main-organization-logo"},"sameAs":["https:\/\/www.facebook.com\/TuincentrumEliassenAmmerzoden","https:\/\/www.instagram.com\/eliassenhomeandgarden\/","https:\/\/nl.pinterest.com\/eliassenhomeandgarden\/","https:\/\/www.youtube.com\/@eliassenhomegardenpleasure4558"],"telephone":[],"openingHoursSpecification":[{"@type":"OpeningHoursSpecification","dayOfWeek":["Monday","Tuesday","Wednesday","Thursday","Friday","Saturday","Sunday"],"opens":"09:00","closes":"17:00"}]},{"@type":"ImageObject","inLanguage":"de","@id":"https:\/\/www.eliassen.nl\/de\/lampe-glas-linea-morgana-casper-50cm\/#local-main-organization-logo","url":"https:\/\/www.eliassen.nl\/wp-content\/uploads\/2024\/01\/logo_4nd.jpg","contentUrl":"https:\/\/www.eliassen.nl\/wp-content\/uploads\/2024\/01\/logo_4nd.jpg","width":500,"height":500,"caption":"Eliassen Home & Garden Pleasure"}]},"product_price_amount":"159.50","product_price_currency":"EUR","og_availability":"instock","product_availability":"instock","product_retailer_item_id":"10.45.89.br","product_condition":"new"},"df_price":159.5,"df_sale_price":"","df_regular_price":159.5,"df_image_link":"https:\/\/www.eliassen.nl\/wp-content\/uploads\/2025\/10\/lamp-linea-morgana-Eliassen.nl-10.45.89.br_-300x192.jpg","image":"https:\/\/www.eliassen.nl\/wp-content\/uploads\/2025\/10\/lamp-linea-morgana-Eliassen.nl-10.45.89.br_-150x150.jpg","price_search":"<span class=\"woocommerce-Price-amount amount\"><bdi><span class=\"woocommerce-Price-currencySymbol\">&euro;<\/span>&nbsp;159,50<\/bdi><\/span>","category":"Glaskunst","global_unique_id":"6096518576513","_links":{"self":[{"href":"https:\/\/www.eliassen.nl\/de\/wp-json\/wp\/v2\/product\/194341","targetHints":{"allow":["GET"]}}],"collection":[{"href":"https:\/\/www.eliassen.nl\/de\/wp-json\/wp\/v2\/product"}],"about":[{"href":"https:\/\/www.eliassen.nl\/de\/wp-json\/wp\/v2\/types\/product"}],"wp:featuredmedia":[{"embeddable":true,"href":"https:\/\/www.eliassen.nl\/de\/wp-json\/wp\/v2\/media\/194173"}],"wp:attachment":[{"href":"https:\/\/www.eliassen.nl\/de\/wp-json\/wp\/v2\/media?parent=194341"}],"wp:term":[{"taxonomy":"product_brand","embeddable":true,"href":"https:\/\/www.eliassen.nl\/de\/wp-json\/wp\/v2\/product_brand?post=194341"},{"taxonomy":"product_cat","embeddable":true,"href":"https:\/\/www.eliassen.nl\/de\/wp-json\/wp\/v2\/product_cat?post=194341"},{"taxonomy":"product_tag","embeddable":true,"href":"https:\/\/www.eliassen.nl\/de\/wp-json\/wp\/v2\/product_tag?post=194341"}],"curies":[{"name":"wp","href":"https:\/\/api.w.org\/{rel}","templated":true}]}}