{"id":194292,"date":"2024-11-30T10:39:49","date_gmt":"2024-11-30T09:39:49","guid":{"rendered":"https:\/\/www.eliassen.nl\/product\/vase-porzellan-abstrakt-liebe-64cm\/"},"modified":"2026-01-12T21:22:59","modified_gmt":"2026-01-12T20:22:59","slug":"vase-porzellan-abstrakt-liebe-64cm","status":"publish","type":"product","link":"https:\/\/www.eliassen.nl\/de\/vase-porzellan-abstrakt-liebe-64cm\/","title":{"rendered":"Vase Porzellan abstrakt Liebe 64cm"},"content":{"rendered":"<p>Diese schmale, hohe Porzellanvase passt wunderbar in moderne oder schlichte Interieurs.<br \/>\nDiese Serie von Vasen bietet einen sch\u00f6nen Kontrast: ein altes Element in einem modernen, farbigen, eleganten Design.<\/p>\n<p>Wundersch\u00f6n verziert mit abstrakten Zeichnungen, aus steinhartem Porzellan, auf altmodische Weise hergestellt.<\/p>\n<p>Diese Vase ist ein echter Blickfang und ein sch\u00f6nes Dekorationsst\u00fcck in Ihrer Einrichtung.<\/p>\n<p>Auch sch\u00f6n zu kombinieren mit T\u00f6pfen aus der gleichen Serie.<\/p>\n<ul>\n<li>Abmessungen: 32x32x64cm hoch<\/li>\n<li>Garantie: 5 Jahre<\/li>\n<li>Auch in unserem Gesch\u00e4ft ausgestellt<\/li>\n<\/ul>\n","protected":false},"excerpt":{"rendered":"<p>Sch\u00f6ne Vase aus Porzellan. Gr\u00f6\u00dfe 32x32x64cm.<\/p>\n","protected":false},"featured_media":166892,"template":"","meta":{"_acf_changed":false,"_genesis_title":"","_genesis_description":""},"product_brand":[7505],"product_cat":[722,725],"product_tag":[7338],"class_list":{"0":"post-194292","1":"product","2":"type-product","3":"status-publish","4":"has-post-thumbnail","6":"product_brand-sonstige","7":"product_cat-blumentoepfe-und-pflanzgefaesse","8":"product_cat-vasen-und-toepfe-im-modernen-design","9":"product_tag-glaskunst-zerbrechlich","11":"first","12":"instock","13":"taxable","14":"shipping-taxable","15":"purchasable","16":"product-type-simple"},"acf":[],"meta_all":{"total_sales":"0","cor_restricted_countries":[]},"meta_all_flat":{"total_sales":"0"},"yoast_head":"<!-- This site is optimized with the Yoast SEO Premium plugin v26.2 (Yoast SEO v27.2) - https:\/\/yoast.com\/product\/yoast-seo-premium-wordpress\/ -->\n<title>Sonstige Vase Porzellan abstrakt Liebe 64cm - Eliassen.nl<\/title>\n<meta name=\"description\" content=\"Eine sehr h\u00fcbsche, moderne Porzellanvase. Sehr farbenfroh und von hoher Qualit\u00e4t. Gr\u00f6\u00dfe 32x32x64cm hoch. Schnelle Lieferung.\" \/>\n<meta name=\"robots\" content=\"index, follow, max-snippet:-1, max-image-preview:large, max-video-preview:-1\" \/>\n<link rel=\"canonical\" href=\"https:\/\/www.eliassen.nl\/de\/vase-porzellan-abstrakt-liebe-64cm\/\" \/>\n<meta property=\"og:locale\" content=\"de_DE\" \/>\n<meta property=\"og:type\" content=\"article\" \/>\n<meta property=\"og:title\" content=\"Sonstige Vase Porzellan abstrakt Liebe 64cm - Eliassen.nl\" \/>\n<meta property=\"og:description\" content=\"Eine sehr h\u00fcbsche, moderne Porzellanvase. Sehr farbenfroh und von hoher Qualit\u00e4t. Gr\u00f6\u00dfe 32x32x64cm hoch. Schnelle Lieferung.\" \/>\n<meta property=\"og:url\" content=\"https:\/\/www.eliassen.nl\/de\/vase-porzellan-abstrakt-liebe-64cm\/\" \/>\n<meta property=\"og:site_name\" content=\"Eliassen.nl\" \/>\n<meta property=\"article:publisher\" content=\"https:\/\/www.facebook.com\/TuincentrumEliassenAmmerzoden\" \/>\n<meta property=\"article:modified_time\" content=\"2026-01-12T20:22:59+00:00\" \/>\n<meta property=\"og:image\" content=\"https:\/\/www.eliassen.nl\/wp-content\/uploads\/2024\/11\/Vaas-Porselein-abstract-Liefde-64cm-pm-11-eliassen.nl_.jpg\" \/>\n\t<meta property=\"og:image:width\" content=\"560\" \/>\n\t<meta property=\"og:image:height\" content=\"560\" \/>\n\t<meta property=\"og:image:type\" content=\"image\/jpeg\" \/>\n<meta name=\"twitter:card\" content=\"summary_large_image\" \/>\n<script type=\"application\/ld+json\" class=\"yoast-schema-graph\">{\"@context\":\"https:\/\/schema.org\",\"@graph\":[{\"@type\":\"WebPage\",\"@id\":\"https:\/\/www.eliassen.nl\/de\/vase-porzellan-abstrakt-liebe-64cm\/\",\"url\":\"https:\/\/www.eliassen.nl\/de\/vase-porzellan-abstrakt-liebe-64cm\/\",\"name\":\"Sonstige Vase Porzellan abstrakt Liebe 64cm - Eliassen.nl\",\"isPartOf\":{\"@id\":\"https:\/\/www.eliassen.nl\/de\/#website\"},\"primaryImageOfPage\":{\"@id\":\"https:\/\/www.eliassen.nl\/de\/vase-porzellan-abstrakt-liebe-64cm\/#primaryimage\"},\"image\":{\"@id\":\"https:\/\/www.eliassen.nl\/de\/vase-porzellan-abstrakt-liebe-64cm\/#primaryimage\"},\"thumbnailUrl\":\"https:\/\/www.eliassen.nl\/wp-content\/uploads\/2024\/11\/Vaas-Porselein-abstract-Liefde-64cm-pm-11-eliassen.nl_.jpg\",\"datePublished\":\"2024-11-30T09:39:49+00:00\",\"dateModified\":\"2026-01-12T20:22:59+00:00\",\"description\":\"Eine sehr h\u00fcbsche, moderne Porzellanvase. Sehr farbenfroh und von hoher Qualit\u00e4t. Gr\u00f6\u00dfe 32x32x64cm hoch. Schnelle Lieferung.\",\"breadcrumb\":{\"@id\":\"https:\/\/www.eliassen.nl\/de\/vase-porzellan-abstrakt-liebe-64cm\/#breadcrumb\"},\"inLanguage\":\"de\",\"potentialAction\":[{\"@type\":\"ReadAction\",\"target\":[\"https:\/\/www.eliassen.nl\/de\/vase-porzellan-abstrakt-liebe-64cm\/\"]}]},{\"@type\":\"ImageObject\",\"inLanguage\":\"de\",\"@id\":\"https:\/\/www.eliassen.nl\/de\/vase-porzellan-abstrakt-liebe-64cm\/#primaryimage\",\"url\":\"https:\/\/www.eliassen.nl\/wp-content\/uploads\/2024\/11\/Vaas-Porselein-abstract-Liefde-64cm-pm-11-eliassen.nl_.jpg\",\"contentUrl\":\"https:\/\/www.eliassen.nl\/wp-content\/uploads\/2024\/11\/Vaas-Porselein-abstract-Liefde-64cm-pm-11-eliassen.nl_.jpg\",\"width\":560,\"height\":560,\"caption\":\"Vase Porzellan abstrakt Love 64cm pm-11 eliassen.de\"},{\"@type\":\"BreadcrumbList\",\"@id\":\"https:\/\/www.eliassen.nl\/de\/vase-porzellan-abstrakt-liebe-64cm\/#breadcrumb\",\"itemListElement\":[{\"@type\":\"ListItem\",\"position\":1,\"name\":\"Home\",\"item\":\"https:\/\/www.eliassen.nl\/de\/\"},{\"@type\":\"ListItem\",\"position\":2,\"name\":\"Shop\",\"item\":\"https:\/\/www.eliassen.nl\/de\/shop\/\"},{\"@type\":\"ListItem\",\"position\":3,\"name\":\"Blument\u00f6pfe und Pflanzgef\u00e4\u00dfe\",\"item\":\"https:\/\/www.eliassen.nl\/de\/blumentoepfe-und-pflanzgefaesse\/\"},{\"@type\":\"ListItem\",\"position\":4,\"name\":\"Vase Porzellan abstrakt Liebe 64cm\"}]},{\"@type\":\"WebSite\",\"@id\":\"https:\/\/www.eliassen.nl\/de\/#website\",\"url\":\"https:\/\/www.eliassen.nl\/de\/\",\"name\":\"Eliassen Home & Garden Pleasure\",\"description\":\"\",\"publisher\":{\"@id\":\"https:\/\/www.eliassen.nl\/de\/#organization\"},\"alternateName\":\"Eliassen.nl\",\"potentialAction\":[{\"@type\":\"SearchAction\",\"target\":{\"@type\":\"EntryPoint\",\"urlTemplate\":\"https:\/\/www.eliassen.nl\/de\/?s={search_term_string}\"},\"query-input\":{\"@type\":\"PropertyValueSpecification\",\"valueRequired\":true,\"valueName\":\"search_term_string\"}}],\"inLanguage\":\"de\"},{\"@type\":[\"Organization\",\"Place\"],\"@id\":\"https:\/\/www.eliassen.nl\/de\/#organization\",\"name\":\"Eliassen Home & Garden Pleasure\",\"url\":\"https:\/\/www.eliassen.nl\/de\/\",\"logo\":{\"@id\":\"https:\/\/www.eliassen.nl\/de\/vase-porzellan-abstrakt-liebe-64cm\/#local-main-organization-logo\"},\"image\":{\"@id\":\"https:\/\/www.eliassen.nl\/de\/vase-porzellan-abstrakt-liebe-64cm\/#local-main-organization-logo\"},\"sameAs\":[\"https:\/\/www.facebook.com\/TuincentrumEliassenAmmerzoden\",\"https:\/\/www.instagram.com\/eliassenhomeandgarden\/\",\"https:\/\/nl.pinterest.com\/eliassenhomeandgarden\/\",\"https:\/\/www.youtube.com\/@eliassenhomegardenpleasure4558\"],\"telephone\":[],\"openingHoursSpecification\":[{\"@type\":\"OpeningHoursSpecification\",\"dayOfWeek\":[\"Monday\",\"Tuesday\",\"Wednesday\",\"Thursday\",\"Friday\",\"Saturday\",\"Sunday\"],\"opens\":\"09:00\",\"closes\":\"17:00\"}]},{\"@type\":\"ImageObject\",\"inLanguage\":\"de\",\"@id\":\"https:\/\/www.eliassen.nl\/de\/vase-porzellan-abstrakt-liebe-64cm\/#local-main-organization-logo\",\"url\":\"https:\/\/www.eliassen.nl\/wp-content\/uploads\/2024\/01\/logo_4nd.jpg\",\"contentUrl\":\"https:\/\/www.eliassen.nl\/wp-content\/uploads\/2024\/01\/logo_4nd.jpg\",\"width\":500,\"height\":500,\"caption\":\"Eliassen Home & Garden Pleasure\"}]}<\/script>\n<meta property=\"product:price:amount\" content=\"210.00\" \/>\n<meta property=\"product:price:currency\" content=\"EUR\" \/>\n<meta property=\"og:availability\" content=\"instock\" \/>\n<meta property=\"product:availability\" content=\"instock\" \/>\n<meta property=\"product:retailer_item_id\" content=\"Pm-11\" \/>\n<meta property=\"product:condition\" content=\"new\" \/>\n<!-- \/ Yoast SEO Premium plugin. -->","yoast_head_json":{"title":"Sonstige Vase Porzellan abstrakt Liebe 64cm - Eliassen.nl","description":"Eine sehr h\u00fcbsche, moderne Porzellanvase. Sehr farbenfroh und von hoher Qualit\u00e4t. Gr\u00f6\u00dfe 32x32x64cm hoch. Schnelle Lieferung.","robots":{"index":"index","follow":"follow","max-snippet":"max-snippet:-1","max-image-preview":"max-image-preview:large","max-video-preview":"max-video-preview:-1"},"canonical":"https:\/\/www.eliassen.nl\/de\/vase-porzellan-abstrakt-liebe-64cm\/","og_locale":"de_DE","og_type":"article","og_title":"Sonstige Vase Porzellan abstrakt Liebe 64cm - Eliassen.nl","og_description":"Eine sehr h\u00fcbsche, moderne Porzellanvase. Sehr farbenfroh und von hoher Qualit\u00e4t. Gr\u00f6\u00dfe 32x32x64cm hoch. Schnelle Lieferung.","og_url":"https:\/\/www.eliassen.nl\/de\/vase-porzellan-abstrakt-liebe-64cm\/","og_site_name":"Eliassen.nl","article_publisher":"https:\/\/www.facebook.com\/TuincentrumEliassenAmmerzoden","article_modified_time":"2026-01-12T20:22:59+00:00","og_image":[{"width":560,"height":560,"url":"https:\/\/www.eliassen.nl\/wp-content\/uploads\/2024\/11\/Vaas-Porselein-abstract-Liefde-64cm-pm-11-eliassen.nl_.jpg","type":"image\/jpeg"}],"twitter_card":"summary_large_image","schema":{"@context":"https:\/\/schema.org","@graph":[{"@type":"WebPage","@id":"https:\/\/www.eliassen.nl\/de\/vase-porzellan-abstrakt-liebe-64cm\/","url":"https:\/\/www.eliassen.nl\/de\/vase-porzellan-abstrakt-liebe-64cm\/","name":"Sonstige Vase Porzellan abstrakt Liebe 64cm - Eliassen.nl","isPartOf":{"@id":"https:\/\/www.eliassen.nl\/de\/#website"},"primaryImageOfPage":{"@id":"https:\/\/www.eliassen.nl\/de\/vase-porzellan-abstrakt-liebe-64cm\/#primaryimage"},"image":{"@id":"https:\/\/www.eliassen.nl\/de\/vase-porzellan-abstrakt-liebe-64cm\/#primaryimage"},"thumbnailUrl":"https:\/\/www.eliassen.nl\/wp-content\/uploads\/2024\/11\/Vaas-Porselein-abstract-Liefde-64cm-pm-11-eliassen.nl_.jpg","datePublished":"2024-11-30T09:39:49+00:00","dateModified":"2026-01-12T20:22:59+00:00","description":"Eine sehr h\u00fcbsche, moderne Porzellanvase. Sehr farbenfroh und von hoher Qualit\u00e4t. Gr\u00f6\u00dfe 32x32x64cm hoch. Schnelle Lieferung.","breadcrumb":{"@id":"https:\/\/www.eliassen.nl\/de\/vase-porzellan-abstrakt-liebe-64cm\/#breadcrumb"},"inLanguage":"de","potentialAction":[{"@type":"ReadAction","target":["https:\/\/www.eliassen.nl\/de\/vase-porzellan-abstrakt-liebe-64cm\/"]}]},{"@type":"ImageObject","inLanguage":"de","@id":"https:\/\/www.eliassen.nl\/de\/vase-porzellan-abstrakt-liebe-64cm\/#primaryimage","url":"https:\/\/www.eliassen.nl\/wp-content\/uploads\/2024\/11\/Vaas-Porselein-abstract-Liefde-64cm-pm-11-eliassen.nl_.jpg","contentUrl":"https:\/\/www.eliassen.nl\/wp-content\/uploads\/2024\/11\/Vaas-Porselein-abstract-Liefde-64cm-pm-11-eliassen.nl_.jpg","width":560,"height":560,"caption":"Vase Porzellan abstrakt Love 64cm pm-11 eliassen.de"},{"@type":"BreadcrumbList","@id":"https:\/\/www.eliassen.nl\/de\/vase-porzellan-abstrakt-liebe-64cm\/#breadcrumb","itemListElement":[{"@type":"ListItem","position":1,"name":"Home","item":"https:\/\/www.eliassen.nl\/de\/"},{"@type":"ListItem","position":2,"name":"Shop","item":"https:\/\/www.eliassen.nl\/de\/shop\/"},{"@type":"ListItem","position":3,"name":"Blument\u00f6pfe und Pflanzgef\u00e4\u00dfe","item":"https:\/\/www.eliassen.nl\/de\/blumentoepfe-und-pflanzgefaesse\/"},{"@type":"ListItem","position":4,"name":"Vase Porzellan abstrakt Liebe 64cm"}]},{"@type":"WebSite","@id":"https:\/\/www.eliassen.nl\/de\/#website","url":"https:\/\/www.eliassen.nl\/de\/","name":"Eliassen Home & Garden Pleasure","description":"","publisher":{"@id":"https:\/\/www.eliassen.nl\/de\/#organization"},"alternateName":"Eliassen.nl","potentialAction":[{"@type":"SearchAction","target":{"@type":"EntryPoint","urlTemplate":"https:\/\/www.eliassen.nl\/de\/?s={search_term_string}"},"query-input":{"@type":"PropertyValueSpecification","valueRequired":true,"valueName":"search_term_string"}}],"inLanguage":"de"},{"@type":["Organization","Place"],"@id":"https:\/\/www.eliassen.nl\/de\/#organization","name":"Eliassen Home & Garden Pleasure","url":"https:\/\/www.eliassen.nl\/de\/","logo":{"@id":"https:\/\/www.eliassen.nl\/de\/vase-porzellan-abstrakt-liebe-64cm\/#local-main-organization-logo"},"image":{"@id":"https:\/\/www.eliassen.nl\/de\/vase-porzellan-abstrakt-liebe-64cm\/#local-main-organization-logo"},"sameAs":["https:\/\/www.facebook.com\/TuincentrumEliassenAmmerzoden","https:\/\/www.instagram.com\/eliassenhomeandgarden\/","https:\/\/nl.pinterest.com\/eliassenhomeandgarden\/","https:\/\/www.youtube.com\/@eliassenhomegardenpleasure4558"],"telephone":[],"openingHoursSpecification":[{"@type":"OpeningHoursSpecification","dayOfWeek":["Monday","Tuesday","Wednesday","Thursday","Friday","Saturday","Sunday"],"opens":"09:00","closes":"17:00"}]},{"@type":"ImageObject","inLanguage":"de","@id":"https:\/\/www.eliassen.nl\/de\/vase-porzellan-abstrakt-liebe-64cm\/#local-main-organization-logo","url":"https:\/\/www.eliassen.nl\/wp-content\/uploads\/2024\/01\/logo_4nd.jpg","contentUrl":"https:\/\/www.eliassen.nl\/wp-content\/uploads\/2024\/01\/logo_4nd.jpg","width":500,"height":500,"caption":"Eliassen Home & Garden Pleasure"}]},"product_price_amount":"210.00","product_price_currency":"EUR","og_availability":"instock","product_availability":"instock","product_retailer_item_id":"Pm-11","product_condition":"new"},"df_price":210,"df_sale_price":"","df_regular_price":210,"df_image_link":"https:\/\/www.eliassen.nl\/wp-content\/uploads\/2024\/11\/Vaas-Porselein-abstract-Liefde-64cm-pm-11-eliassen.nl_-300x300.jpg","image":"https:\/\/www.eliassen.nl\/wp-content\/uploads\/2024\/11\/Vaas-Porselein-abstract-Liefde-64cm-pm-11-eliassen.nl_-150x150.jpg","price_search":"<span class=\"woocommerce-Price-amount amount\"><bdi><span class=\"woocommerce-Price-currencySymbol\">&euro;<\/span>&nbsp;210,00<\/bdi><\/span>","category":"Blument\u00f6pfe und Pflanzgef\u00e4\u00dfe","global_unique_id":"6096538577507","_links":{"self":[{"href":"https:\/\/www.eliassen.nl\/de\/wp-json\/wp\/v2\/product\/194292","targetHints":{"allow":["GET"]}}],"collection":[{"href":"https:\/\/www.eliassen.nl\/de\/wp-json\/wp\/v2\/product"}],"about":[{"href":"https:\/\/www.eliassen.nl\/de\/wp-json\/wp\/v2\/types\/product"}],"wp:featuredmedia":[{"embeddable":true,"href":"https:\/\/www.eliassen.nl\/de\/wp-json\/wp\/v2\/media\/166892"}],"wp:attachment":[{"href":"https:\/\/www.eliassen.nl\/de\/wp-json\/wp\/v2\/media?parent=194292"}],"wp:term":[{"taxonomy":"product_brand","embeddable":true,"href":"https:\/\/www.eliassen.nl\/de\/wp-json\/wp\/v2\/product_brand?post=194292"},{"taxonomy":"product_cat","embeddable":true,"href":"https:\/\/www.eliassen.nl\/de\/wp-json\/wp\/v2\/product_cat?post=194292"},{"taxonomy":"product_tag","embeddable":true,"href":"https:\/\/www.eliassen.nl\/de\/wp-json\/wp\/v2\/product_tag?post=194292"}],"curies":[{"name":"wp","href":"https:\/\/api.w.org\/{rel}","templated":true}]}}