{"id":194068,"date":"2025-10-20T16:55:26","date_gmt":"2025-10-20T14:55:26","guid":{"rendered":"https:\/\/www.eliassen.nl\/product\/klassische-gartenbank-mit-schmetterling-metall-132cm-gruen\/"},"modified":"2026-01-16T16:12:48","modified_gmt":"2026-01-16T15:12:48","slug":"klassische-gartenbank-mit-schmetterling-metall-132cm-gruen","status":"publish","type":"product","link":"https:\/\/www.eliassen.nl\/de\/klassische-gartenbank-mit-schmetterling-metall-132cm-gruen\/","title":{"rendered":"Klassische Gartenbank mit Schmetterling Metall 132cm gr\u00fcn"},"content":{"rendered":"<p>Diese romantisch geformte Schaukelbank aus Eisen ist ein klassisches und zeitloses Modell. Wundersch\u00f6n aus Metall gefertigt, in einem sch\u00f6nen alten Gr\u00fcn gestrichen und dann mit anderer Farbe gewaschen, um einen sch\u00f6nen antiken Look zu erzielen. Diese Bank macht sich gut in jedem Garten, der zu klassischem Aussehen neigt.<\/p>\n<ul>\n<li>Gr\u00f6\u00dfe: 132cm breit, 56cm tief und 99cm hoch<\/li>\n<li>Sitzbreite 102cm, Sitztiefe 44cm und Sitzh\u00f6he 45cm<\/li>\n<li>1 Jahr Garantie<\/li>\n<li>Wir haben diesen Artikel in unserem Ausstellungsraum.<\/li>\n<\/ul>\n","protected":false},"excerpt":{"rendered":"<p>\u2713 Handgefertigt \u2713 Klassischer Look<\/p>\n","protected":false},"featured_media":191770,"template":"","meta":{"_acf_changed":false,"_genesis_title":"","_genesis_description":""},"product_brand":[7505],"product_cat":[806,761,752],"product_tag":[],"class_list":{"0":"post-194068","1":"product","2":"type-product","3":"status-publish","4":"has-post-thumbnail","6":"product_brand-sonstige","7":"product_cat-gartenbaenke","8":"product_cat-gartenmoebel","9":"product_cat-weitere-artikel","11":"first","12":"instock","13":"taxable","14":"shipping-taxable","15":"purchasable","16":"product-type-simple"},"acf":[],"meta_all":{"total_sales":"1","cor_restricted_countries":[]},"meta_all_flat":{"total_sales":"1"},"yoast_head":"<!-- This site is optimized with the Yoast SEO Premium plugin v26.2 (Yoast SEO v27.2) - https:\/\/yoast.com\/product\/yoast-seo-premium-wordpress\/ -->\n<title>Sonstige Klassische Gartenbank mit Schmetterling Metall 132cm gr\u00fcn - Eliassen.nl<\/title>\n<meta name=\"robots\" content=\"index, follow, max-snippet:-1, max-image-preview:large, max-video-preview:-1\" \/>\n<link rel=\"canonical\" href=\"https:\/\/www.eliassen.nl\/de\/klassische-gartenbank-mit-schmetterling-metall-132cm-gruen\/\" \/>\n<meta property=\"og:locale\" content=\"de_DE\" \/>\n<meta property=\"og:type\" content=\"article\" \/>\n<meta property=\"og:title\" content=\"Sonstige Klassische Gartenbank mit Schmetterling Metall 132cm gr\u00fcn - Eliassen.nl\" \/>\n<meta property=\"og:description\" content=\"\u2713 Handgefertigt \u2713 Klassischer Look\" \/>\n<meta property=\"og:url\" content=\"https:\/\/www.eliassen.nl\/de\/klassische-gartenbank-mit-schmetterling-metall-132cm-gruen\/\" \/>\n<meta property=\"og:site_name\" content=\"Eliassen.nl\" \/>\n<meta property=\"article:publisher\" content=\"https:\/\/www.facebook.com\/TuincentrumEliassenAmmerzoden\" \/>\n<meta property=\"article:modified_time\" content=\"2026-01-16T15:12:48+00:00\" \/>\n<meta property=\"og:image\" content=\"https:\/\/www.eliassen.nl\/wp-content\/uploads\/2025\/09\/tuinbank-butterfly-metaal-Eliassen.nl_.jpeg\" \/>\n\t<meta property=\"og:image:width\" content=\"2099\" \/>\n\t<meta property=\"og:image:height\" content=\"1604\" \/>\n\t<meta property=\"og:image:type\" content=\"image\/jpeg\" \/>\n<meta name=\"twitter:card\" content=\"summary_large_image\" \/>\n<script type=\"application\/ld+json\" class=\"yoast-schema-graph\">{\"@context\":\"https:\/\/schema.org\",\"@graph\":[{\"@type\":\"WebPage\",\"@id\":\"https:\/\/www.eliassen.nl\/de\/klassische-gartenbank-mit-schmetterling-metall-132cm-gruen\/\",\"url\":\"https:\/\/www.eliassen.nl\/de\/klassische-gartenbank-mit-schmetterling-metall-132cm-gruen\/\",\"name\":\"Sonstige Klassische Gartenbank mit Schmetterling Metall 132cm gr\u00fcn - Eliassen.nl\",\"isPartOf\":{\"@id\":\"https:\/\/www.eliassen.nl\/de\/#website\"},\"primaryImageOfPage\":{\"@id\":\"https:\/\/www.eliassen.nl\/de\/klassische-gartenbank-mit-schmetterling-metall-132cm-gruen\/#primaryimage\"},\"image\":{\"@id\":\"https:\/\/www.eliassen.nl\/de\/klassische-gartenbank-mit-schmetterling-metall-132cm-gruen\/#primaryimage\"},\"thumbnailUrl\":\"https:\/\/www.eliassen.nl\/wp-content\/uploads\/2025\/09\/tuinbank-butterfly-metaal-Eliassen.nl_.jpeg\",\"datePublished\":\"2025-10-20T14:55:26+00:00\",\"dateModified\":\"2026-01-16T15:12:48+00:00\",\"breadcrumb\":{\"@id\":\"https:\/\/www.eliassen.nl\/de\/klassische-gartenbank-mit-schmetterling-metall-132cm-gruen\/#breadcrumb\"},\"inLanguage\":\"de\",\"potentialAction\":[{\"@type\":\"ReadAction\",\"target\":[\"https:\/\/www.eliassen.nl\/de\/klassische-gartenbank-mit-schmetterling-metall-132cm-gruen\/\"]}]},{\"@type\":\"ImageObject\",\"inLanguage\":\"de\",\"@id\":\"https:\/\/www.eliassen.nl\/de\/klassische-gartenbank-mit-schmetterling-metall-132cm-gruen\/#primaryimage\",\"url\":\"https:\/\/www.eliassen.nl\/wp-content\/uploads\/2025\/09\/tuinbank-butterfly-metaal-Eliassen.nl_.jpeg\",\"contentUrl\":\"https:\/\/www.eliassen.nl\/wp-content\/uploads\/2025\/09\/tuinbank-butterfly-metaal-Eliassen.nl_.jpeg\",\"width\":2099,\"height\":1604,\"caption\":\"Gartenbank Schmetterling Metall Eliassen.nl\"},{\"@type\":\"BreadcrumbList\",\"@id\":\"https:\/\/www.eliassen.nl\/de\/klassische-gartenbank-mit-schmetterling-metall-132cm-gruen\/#breadcrumb\",\"itemListElement\":[{\"@type\":\"ListItem\",\"position\":1,\"name\":\"Home\",\"item\":\"https:\/\/www.eliassen.nl\/de\/\"},{\"@type\":\"ListItem\",\"position\":2,\"name\":\"Shop\",\"item\":\"https:\/\/www.eliassen.nl\/de\/shop\/\"},{\"@type\":\"ListItem\",\"position\":3,\"name\":\"Gartenb\u00e4nke\",\"item\":\"https:\/\/www.eliassen.nl\/de\/gartenbaenke-aus-stein\/\"},{\"@type\":\"ListItem\",\"position\":4,\"name\":\"Klassische Gartenbank mit Schmetterling Metall 132cm gr\u00fcn\"}]},{\"@type\":\"WebSite\",\"@id\":\"https:\/\/www.eliassen.nl\/de\/#website\",\"url\":\"https:\/\/www.eliassen.nl\/de\/\",\"name\":\"Eliassen Home & Garden Pleasure\",\"description\":\"\",\"publisher\":{\"@id\":\"https:\/\/www.eliassen.nl\/de\/#organization\"},\"alternateName\":\"Eliassen.nl\",\"potentialAction\":[{\"@type\":\"SearchAction\",\"target\":{\"@type\":\"EntryPoint\",\"urlTemplate\":\"https:\/\/www.eliassen.nl\/de\/?s={search_term_string}\"},\"query-input\":{\"@type\":\"PropertyValueSpecification\",\"valueRequired\":true,\"valueName\":\"search_term_string\"}}],\"inLanguage\":\"de\"},{\"@type\":[\"Organization\",\"Place\"],\"@id\":\"https:\/\/www.eliassen.nl\/de\/#organization\",\"name\":\"Eliassen Home & Garden Pleasure\",\"url\":\"https:\/\/www.eliassen.nl\/de\/\",\"logo\":{\"@id\":\"https:\/\/www.eliassen.nl\/de\/klassische-gartenbank-mit-schmetterling-metall-132cm-gruen\/#local-main-organization-logo\"},\"image\":{\"@id\":\"https:\/\/www.eliassen.nl\/de\/klassische-gartenbank-mit-schmetterling-metall-132cm-gruen\/#local-main-organization-logo\"},\"sameAs\":[\"https:\/\/www.facebook.com\/TuincentrumEliassenAmmerzoden\",\"https:\/\/www.instagram.com\/eliassenhomeandgarden\/\",\"https:\/\/nl.pinterest.com\/eliassenhomeandgarden\/\",\"https:\/\/www.youtube.com\/@eliassenhomegardenpleasure4558\"],\"telephone\":[],\"openingHoursSpecification\":[{\"@type\":\"OpeningHoursSpecification\",\"dayOfWeek\":[\"Monday\",\"Tuesday\",\"Wednesday\",\"Thursday\",\"Friday\",\"Saturday\",\"Sunday\"],\"opens\":\"09:00\",\"closes\":\"17:00\"}]},{\"@type\":\"ImageObject\",\"inLanguage\":\"de\",\"@id\":\"https:\/\/www.eliassen.nl\/de\/klassische-gartenbank-mit-schmetterling-metall-132cm-gruen\/#local-main-organization-logo\",\"url\":\"https:\/\/www.eliassen.nl\/wp-content\/uploads\/2024\/01\/logo_4nd.jpg\",\"contentUrl\":\"https:\/\/www.eliassen.nl\/wp-content\/uploads\/2024\/01\/logo_4nd.jpg\",\"width\":500,\"height\":500,\"caption\":\"Eliassen Home & Garden Pleasure\"}]}<\/script>\n<meta property=\"product:price:amount\" content=\"199.00\" \/>\n<meta property=\"product:price:currency\" content=\"EUR\" \/>\n<meta property=\"og:availability\" content=\"instock\" \/>\n<meta property=\"product:availability\" content=\"instock\" \/>\n<meta property=\"product:retailer_item_id\" content=\"hx-33-ag\" \/>\n<meta property=\"product:condition\" content=\"new\" \/>\n<!-- \/ Yoast SEO Premium plugin. -->","yoast_head_json":{"title":"Sonstige Klassische Gartenbank mit Schmetterling Metall 132cm gr\u00fcn - Eliassen.nl","robots":{"index":"index","follow":"follow","max-snippet":"max-snippet:-1","max-image-preview":"max-image-preview:large","max-video-preview":"max-video-preview:-1"},"canonical":"https:\/\/www.eliassen.nl\/de\/klassische-gartenbank-mit-schmetterling-metall-132cm-gruen\/","og_locale":"de_DE","og_type":"article","og_title":"Sonstige Klassische Gartenbank mit Schmetterling Metall 132cm gr\u00fcn - Eliassen.nl","og_description":"\u2713 Handgefertigt \u2713 Klassischer Look","og_url":"https:\/\/www.eliassen.nl\/de\/klassische-gartenbank-mit-schmetterling-metall-132cm-gruen\/","og_site_name":"Eliassen.nl","article_publisher":"https:\/\/www.facebook.com\/TuincentrumEliassenAmmerzoden","article_modified_time":"2026-01-16T15:12:48+00:00","og_image":[{"width":2099,"height":1604,"url":"https:\/\/www.eliassen.nl\/wp-content\/uploads\/2025\/09\/tuinbank-butterfly-metaal-Eliassen.nl_.jpeg","type":"image\/jpeg"}],"twitter_card":"summary_large_image","schema":{"@context":"https:\/\/schema.org","@graph":[{"@type":"WebPage","@id":"https:\/\/www.eliassen.nl\/de\/klassische-gartenbank-mit-schmetterling-metall-132cm-gruen\/","url":"https:\/\/www.eliassen.nl\/de\/klassische-gartenbank-mit-schmetterling-metall-132cm-gruen\/","name":"Sonstige Klassische Gartenbank mit Schmetterling Metall 132cm gr\u00fcn - Eliassen.nl","isPartOf":{"@id":"https:\/\/www.eliassen.nl\/de\/#website"},"primaryImageOfPage":{"@id":"https:\/\/www.eliassen.nl\/de\/klassische-gartenbank-mit-schmetterling-metall-132cm-gruen\/#primaryimage"},"image":{"@id":"https:\/\/www.eliassen.nl\/de\/klassische-gartenbank-mit-schmetterling-metall-132cm-gruen\/#primaryimage"},"thumbnailUrl":"https:\/\/www.eliassen.nl\/wp-content\/uploads\/2025\/09\/tuinbank-butterfly-metaal-Eliassen.nl_.jpeg","datePublished":"2025-10-20T14:55:26+00:00","dateModified":"2026-01-16T15:12:48+00:00","breadcrumb":{"@id":"https:\/\/www.eliassen.nl\/de\/klassische-gartenbank-mit-schmetterling-metall-132cm-gruen\/#breadcrumb"},"inLanguage":"de","potentialAction":[{"@type":"ReadAction","target":["https:\/\/www.eliassen.nl\/de\/klassische-gartenbank-mit-schmetterling-metall-132cm-gruen\/"]}]},{"@type":"ImageObject","inLanguage":"de","@id":"https:\/\/www.eliassen.nl\/de\/klassische-gartenbank-mit-schmetterling-metall-132cm-gruen\/#primaryimage","url":"https:\/\/www.eliassen.nl\/wp-content\/uploads\/2025\/09\/tuinbank-butterfly-metaal-Eliassen.nl_.jpeg","contentUrl":"https:\/\/www.eliassen.nl\/wp-content\/uploads\/2025\/09\/tuinbank-butterfly-metaal-Eliassen.nl_.jpeg","width":2099,"height":1604,"caption":"Gartenbank Schmetterling Metall Eliassen.nl"},{"@type":"BreadcrumbList","@id":"https:\/\/www.eliassen.nl\/de\/klassische-gartenbank-mit-schmetterling-metall-132cm-gruen\/#breadcrumb","itemListElement":[{"@type":"ListItem","position":1,"name":"Home","item":"https:\/\/www.eliassen.nl\/de\/"},{"@type":"ListItem","position":2,"name":"Shop","item":"https:\/\/www.eliassen.nl\/de\/shop\/"},{"@type":"ListItem","position":3,"name":"Gartenb\u00e4nke","item":"https:\/\/www.eliassen.nl\/de\/gartenbaenke-aus-stein\/"},{"@type":"ListItem","position":4,"name":"Klassische Gartenbank mit Schmetterling Metall 132cm gr\u00fcn"}]},{"@type":"WebSite","@id":"https:\/\/www.eliassen.nl\/de\/#website","url":"https:\/\/www.eliassen.nl\/de\/","name":"Eliassen Home & Garden Pleasure","description":"","publisher":{"@id":"https:\/\/www.eliassen.nl\/de\/#organization"},"alternateName":"Eliassen.nl","potentialAction":[{"@type":"SearchAction","target":{"@type":"EntryPoint","urlTemplate":"https:\/\/www.eliassen.nl\/de\/?s={search_term_string}"},"query-input":{"@type":"PropertyValueSpecification","valueRequired":true,"valueName":"search_term_string"}}],"inLanguage":"de"},{"@type":["Organization","Place"],"@id":"https:\/\/www.eliassen.nl\/de\/#organization","name":"Eliassen Home & Garden Pleasure","url":"https:\/\/www.eliassen.nl\/de\/","logo":{"@id":"https:\/\/www.eliassen.nl\/de\/klassische-gartenbank-mit-schmetterling-metall-132cm-gruen\/#local-main-organization-logo"},"image":{"@id":"https:\/\/www.eliassen.nl\/de\/klassische-gartenbank-mit-schmetterling-metall-132cm-gruen\/#local-main-organization-logo"},"sameAs":["https:\/\/www.facebook.com\/TuincentrumEliassenAmmerzoden","https:\/\/www.instagram.com\/eliassenhomeandgarden\/","https:\/\/nl.pinterest.com\/eliassenhomeandgarden\/","https:\/\/www.youtube.com\/@eliassenhomegardenpleasure4558"],"telephone":[],"openingHoursSpecification":[{"@type":"OpeningHoursSpecification","dayOfWeek":["Monday","Tuesday","Wednesday","Thursday","Friday","Saturday","Sunday"],"opens":"09:00","closes":"17:00"}]},{"@type":"ImageObject","inLanguage":"de","@id":"https:\/\/www.eliassen.nl\/de\/klassische-gartenbank-mit-schmetterling-metall-132cm-gruen\/#local-main-organization-logo","url":"https:\/\/www.eliassen.nl\/wp-content\/uploads\/2024\/01\/logo_4nd.jpg","contentUrl":"https:\/\/www.eliassen.nl\/wp-content\/uploads\/2024\/01\/logo_4nd.jpg","width":500,"height":500,"caption":"Eliassen Home & Garden Pleasure"}]},"product_price_amount":"199.00","product_price_currency":"EUR","og_availability":"instock","product_availability":"instock","product_retailer_item_id":"hx-33-ag","product_condition":"new"},"df_price":199,"df_sale_price":"","df_regular_price":199,"df_image_link":"https:\/\/www.eliassen.nl\/wp-content\/uploads\/2025\/09\/tuinbank-butterfly-metaal-Eliassen.nl_-300x229.jpeg","image":"https:\/\/www.eliassen.nl\/wp-content\/uploads\/2025\/09\/tuinbank-butterfly-metaal-Eliassen.nl_-150x150.jpeg","price_search":"<span class=\"woocommerce-Price-amount amount\"><bdi><span class=\"woocommerce-Price-currencySymbol\">&euro;<\/span>&nbsp;199,00<\/bdi><\/span>","category":"Gartenb\u00e4nke","global_unique_id":"6096533412476","_links":{"self":[{"href":"https:\/\/www.eliassen.nl\/de\/wp-json\/wp\/v2\/product\/194068","targetHints":{"allow":["GET"]}}],"collection":[{"href":"https:\/\/www.eliassen.nl\/de\/wp-json\/wp\/v2\/product"}],"about":[{"href":"https:\/\/www.eliassen.nl\/de\/wp-json\/wp\/v2\/types\/product"}],"wp:featuredmedia":[{"embeddable":true,"href":"https:\/\/www.eliassen.nl\/de\/wp-json\/wp\/v2\/media\/191770"}],"wp:attachment":[{"href":"https:\/\/www.eliassen.nl\/de\/wp-json\/wp\/v2\/media?parent=194068"}],"wp:term":[{"taxonomy":"product_brand","embeddable":true,"href":"https:\/\/www.eliassen.nl\/de\/wp-json\/wp\/v2\/product_brand?post=194068"},{"taxonomy":"product_cat","embeddable":true,"href":"https:\/\/www.eliassen.nl\/de\/wp-json\/wp\/v2\/product_cat?post=194068"},{"taxonomy":"product_tag","embeddable":true,"href":"https:\/\/www.eliassen.nl\/de\/wp-json\/wp\/v2\/product_tag?post=194068"}],"curies":[{"name":"wp","href":"https:\/\/api.w.org\/{rel}","templated":true}]}}