{"id":194023,"date":"2025-10-20T14:10:06","date_gmt":"2025-10-20T12:10:06","guid":{"rendered":"https:\/\/www.eliassen.nl\/product\/weihnachtsglocke-metall-weiss-43cm-hoch\/"},"modified":"2026-01-16T16:12:31","modified_gmt":"2026-01-16T15:12:31","slug":"weihnachtsglocke-metall-weiss-43cm-hoch","status":"publish","type":"product","link":"https:\/\/www.eliassen.nl\/de\/weihnachtsglocke-metall-weiss-43cm-hoch\/","title":{"rendered":"Weihnachtsglocke Metall wei\u00df 43cm hoch"},"content":{"rendered":"<p>Wundersch\u00f6n handgefertigte gro\u00dfe Weihnachtsglocke aus wei\u00dfem Metall mit einer inneren Glocke.<br \/>\nHergestellt aus Metall mit h\u00f6chster Pr\u00e4zision.<\/p>\n<p>Mit einem Seil aus Sackleinen und einer Glocke in der Mitte schafft diese Weihnachtsglocke mit ein wenig Wind eine gem\u00fctliche Weihnachtsatmosph\u00e4re im Freien.<br \/>\nDas Aufh\u00e4ngen oder Auslegen in Ihrer Wohnung oder an Ihrem Arbeitsplatz ist nat\u00fcrlich auch m\u00f6glich.<br \/>\nEine sehr sch\u00f6ne Weihnachtsdekoration f\u00fcr Ihr Zuhause oder Ihr Gesch\u00e4ft oder zum Verschenken.<br \/>\nFarben und Details k\u00f6nnen leicht vom Foto abweichen, da es sich um ein handgefertigtes Produkt handelt.<\/p>\n<ul>\n<li><strong>Fast alles aus dieser Serie k\u00f6nnen Sie sich auch in unserem Shop ansehen<\/strong><\/li>\n<li>Material: Metall<\/li>\n<li>Gr\u00f6\u00dfe: Durchmesser 33cm und 43cm hoch.<\/li>\n<li>Verpackt in stabilem Karton<\/li>\n<li>Schnelle Lieferung<\/li>\n<\/ul>\n<p>Bitte beachten Sie, dass dies kein Spielzeug ist<\/p>\n","protected":false},"excerpt":{"rendered":"<p>Weihnachtsglocke gro\u00df Metall wei\u00df mit Glockenklang.<\/p>\n","protected":false},"featured_media":193708,"template":"","meta":{"_acf_changed":false,"_genesis_title":"","_genesis_description":""},"product_brand":[7505],"product_cat":[659,7468],"product_tag":[],"class_list":{"0":"post-194023","1":"product","2":"type-product","3":"status-publish","4":"has-post-thumbnail","6":"product_brand-sonstige","7":"product_cat-dekoration-aus-metall","8":"product_cat-weihnachtsdekoration","10":"first","11":"instock","12":"taxable","13":"shipping-taxable","14":"purchasable","15":"product-type-simple"},"acf":[],"meta_all":{"total_sales":"2","cor_restricted_countries":[]},"meta_all_flat":{"total_sales":"2"},"yoast_head":"<!-- This site is optimized with the Yoast SEO Premium plugin v26.2 (Yoast SEO v27.2) - https:\/\/yoast.com\/product\/yoast-seo-premium-wordpress\/ -->\n<title>Sonstige Weihnachtsglocke Metall wei\u00df 43cm hoch - Eliassen.nl<\/title>\n<meta name=\"description\" content=\"Eine sehr dekorative Weihnachtsglocke aus Metall in wei\u00dfer Farbe, die nicht weniger als 43 cm hoch ist. Sehr sch\u00f6n als Weihnachtsdekoration und eine echte Zierde f\u00fcr die Umgebung.\" \/>\n<meta name=\"robots\" content=\"index, follow, max-snippet:-1, max-image-preview:large, max-video-preview:-1\" \/>\n<link rel=\"canonical\" href=\"https:\/\/www.eliassen.nl\/de\/weihnachtsglocke-metall-weiss-43cm-hoch\/\" \/>\n<meta property=\"og:locale\" content=\"de_DE\" \/>\n<meta property=\"og:type\" content=\"article\" \/>\n<meta property=\"og:title\" content=\"Sonstige Weihnachtsglocke Metall wei\u00df 43cm hoch - Eliassen.nl\" \/>\n<meta property=\"og:description\" content=\"Eine sehr dekorative Weihnachtsglocke aus Metall in wei\u00dfer Farbe, die nicht weniger als 43 cm hoch ist. Sehr sch\u00f6n als Weihnachtsdekoration und eine echte Zierde f\u00fcr die Umgebung.\" \/>\n<meta property=\"og:url\" content=\"https:\/\/www.eliassen.nl\/de\/weihnachtsglocke-metall-weiss-43cm-hoch\/\" \/>\n<meta property=\"og:site_name\" content=\"Eliassen.nl\" \/>\n<meta property=\"article:publisher\" content=\"https:\/\/www.facebook.com\/TuincentrumEliassenAmmerzoden\" \/>\n<meta property=\"article:modified_time\" content=\"2026-01-16T15:12:31+00:00\" \/>\n<meta property=\"og:image\" content=\"https:\/\/www.eliassen.nl\/wp-content\/uploads\/2025\/10\/Kerstbel-metaal-wit-Eliassen.nl-CH-107-W.jpg\" \/>\n\t<meta property=\"og:image:width\" content=\"480\" \/>\n\t<meta property=\"og:image:height\" content=\"640\" \/>\n\t<meta property=\"og:image:type\" content=\"image\/jpeg\" \/>\n<meta name=\"twitter:card\" content=\"summary_large_image\" \/>\n<script type=\"application\/ld+json\" class=\"yoast-schema-graph\">{\"@context\":\"https:\/\/schema.org\",\"@graph\":[{\"@type\":\"WebPage\",\"@id\":\"https:\/\/www.eliassen.nl\/de\/weihnachtsglocke-metall-weiss-43cm-hoch\/\",\"url\":\"https:\/\/www.eliassen.nl\/de\/weihnachtsglocke-metall-weiss-43cm-hoch\/\",\"name\":\"Sonstige Weihnachtsglocke Metall wei\u00df 43cm hoch - Eliassen.nl\",\"isPartOf\":{\"@id\":\"https:\/\/www.eliassen.nl\/de\/#website\"},\"primaryImageOfPage\":{\"@id\":\"https:\/\/www.eliassen.nl\/de\/weihnachtsglocke-metall-weiss-43cm-hoch\/#primaryimage\"},\"image\":{\"@id\":\"https:\/\/www.eliassen.nl\/de\/weihnachtsglocke-metall-weiss-43cm-hoch\/#primaryimage\"},\"thumbnailUrl\":\"https:\/\/www.eliassen.nl\/wp-content\/uploads\/2025\/10\/Kerstbel-metaal-wit-Eliassen.nl-CH-107-W.jpg\",\"datePublished\":\"2025-10-20T12:10:06+00:00\",\"dateModified\":\"2026-01-16T15:12:31+00:00\",\"description\":\"Eine sehr dekorative Weihnachtsglocke aus Metall in wei\u00dfer Farbe, die nicht weniger als 43 cm hoch ist. Sehr sch\u00f6n als Weihnachtsdekoration und eine echte Zierde f\u00fcr die Umgebung.\",\"breadcrumb\":{\"@id\":\"https:\/\/www.eliassen.nl\/de\/weihnachtsglocke-metall-weiss-43cm-hoch\/#breadcrumb\"},\"inLanguage\":\"de\",\"potentialAction\":[{\"@type\":\"ReadAction\",\"target\":[\"https:\/\/www.eliassen.nl\/de\/weihnachtsglocke-metall-weiss-43cm-hoch\/\"]}]},{\"@type\":\"ImageObject\",\"inLanguage\":\"de\",\"@id\":\"https:\/\/www.eliassen.nl\/de\/weihnachtsglocke-metall-weiss-43cm-hoch\/#primaryimage\",\"url\":\"https:\/\/www.eliassen.nl\/wp-content\/uploads\/2025\/10\/Kerstbel-metaal-wit-Eliassen.nl-CH-107-W.jpg\",\"contentUrl\":\"https:\/\/www.eliassen.nl\/wp-content\/uploads\/2025\/10\/Kerstbel-metaal-wit-Eliassen.nl-CH-107-W.jpg\",\"width\":480,\"height\":640},{\"@type\":\"BreadcrumbList\",\"@id\":\"https:\/\/www.eliassen.nl\/de\/weihnachtsglocke-metall-weiss-43cm-hoch\/#breadcrumb\",\"itemListElement\":[{\"@type\":\"ListItem\",\"position\":1,\"name\":\"Home\",\"item\":\"https:\/\/www.eliassen.nl\/de\/\"},{\"@type\":\"ListItem\",\"position\":2,\"name\":\"Shop\",\"item\":\"https:\/\/www.eliassen.nl\/de\/shop\/\"},{\"@type\":\"ListItem\",\"position\":3,\"name\":\"Dekoration aus Metall\",\"item\":\"https:\/\/www.eliassen.nl\/de\/dekoration-aus-metall\/\"},{\"@type\":\"ListItem\",\"position\":4,\"name\":\"Weihnachtsglocke Metall wei\u00df 43cm hoch\"}]},{\"@type\":\"WebSite\",\"@id\":\"https:\/\/www.eliassen.nl\/de\/#website\",\"url\":\"https:\/\/www.eliassen.nl\/de\/\",\"name\":\"Eliassen Home & Garden Pleasure\",\"description\":\"\",\"publisher\":{\"@id\":\"https:\/\/www.eliassen.nl\/de\/#organization\"},\"alternateName\":\"Eliassen.nl\",\"potentialAction\":[{\"@type\":\"SearchAction\",\"target\":{\"@type\":\"EntryPoint\",\"urlTemplate\":\"https:\/\/www.eliassen.nl\/de\/?s={search_term_string}\"},\"query-input\":{\"@type\":\"PropertyValueSpecification\",\"valueRequired\":true,\"valueName\":\"search_term_string\"}}],\"inLanguage\":\"de\"},{\"@type\":[\"Organization\",\"Place\"],\"@id\":\"https:\/\/www.eliassen.nl\/de\/#organization\",\"name\":\"Eliassen Home & Garden Pleasure\",\"url\":\"https:\/\/www.eliassen.nl\/de\/\",\"logo\":{\"@id\":\"https:\/\/www.eliassen.nl\/de\/weihnachtsglocke-metall-weiss-43cm-hoch\/#local-main-organization-logo\"},\"image\":{\"@id\":\"https:\/\/www.eliassen.nl\/de\/weihnachtsglocke-metall-weiss-43cm-hoch\/#local-main-organization-logo\"},\"sameAs\":[\"https:\/\/www.facebook.com\/TuincentrumEliassenAmmerzoden\",\"https:\/\/www.instagram.com\/eliassenhomeandgarden\/\",\"https:\/\/nl.pinterest.com\/eliassenhomeandgarden\/\",\"https:\/\/www.youtube.com\/@eliassenhomegardenpleasure4558\"],\"telephone\":[],\"openingHoursSpecification\":[{\"@type\":\"OpeningHoursSpecification\",\"dayOfWeek\":[\"Monday\",\"Tuesday\",\"Wednesday\",\"Thursday\",\"Friday\",\"Saturday\",\"Sunday\"],\"opens\":\"09:00\",\"closes\":\"17:00\"}]},{\"@type\":\"ImageObject\",\"inLanguage\":\"de\",\"@id\":\"https:\/\/www.eliassen.nl\/de\/weihnachtsglocke-metall-weiss-43cm-hoch\/#local-main-organization-logo\",\"url\":\"https:\/\/www.eliassen.nl\/wp-content\/uploads\/2024\/01\/logo_4nd.jpg\",\"contentUrl\":\"https:\/\/www.eliassen.nl\/wp-content\/uploads\/2024\/01\/logo_4nd.jpg\",\"width\":500,\"height\":500,\"caption\":\"Eliassen Home & Garden Pleasure\"}]}<\/script>\n<meta property=\"product:price:amount\" content=\"42.50\" \/>\n<meta property=\"product:price:currency\" content=\"EUR\" \/>\n<meta property=\"og:availability\" content=\"instock\" \/>\n<meta property=\"product:availability\" content=\"instock\" \/>\n<meta property=\"product:retailer_item_id\" content=\"ch-107fr-w\" \/>\n<meta property=\"product:condition\" content=\"new\" \/>\n<!-- \/ Yoast SEO Premium plugin. -->","yoast_head_json":{"title":"Sonstige Weihnachtsglocke Metall wei\u00df 43cm hoch - Eliassen.nl","description":"Eine sehr dekorative Weihnachtsglocke aus Metall in wei\u00dfer Farbe, die nicht weniger als 43 cm hoch ist. Sehr sch\u00f6n als Weihnachtsdekoration und eine echte Zierde f\u00fcr die Umgebung.","robots":{"index":"index","follow":"follow","max-snippet":"max-snippet:-1","max-image-preview":"max-image-preview:large","max-video-preview":"max-video-preview:-1"},"canonical":"https:\/\/www.eliassen.nl\/de\/weihnachtsglocke-metall-weiss-43cm-hoch\/","og_locale":"de_DE","og_type":"article","og_title":"Sonstige Weihnachtsglocke Metall wei\u00df 43cm hoch - Eliassen.nl","og_description":"Eine sehr dekorative Weihnachtsglocke aus Metall in wei\u00dfer Farbe, die nicht weniger als 43 cm hoch ist. Sehr sch\u00f6n als Weihnachtsdekoration und eine echte Zierde f\u00fcr die Umgebung.","og_url":"https:\/\/www.eliassen.nl\/de\/weihnachtsglocke-metall-weiss-43cm-hoch\/","og_site_name":"Eliassen.nl","article_publisher":"https:\/\/www.facebook.com\/TuincentrumEliassenAmmerzoden","article_modified_time":"2026-01-16T15:12:31+00:00","og_image":[{"width":480,"height":640,"url":"https:\/\/www.eliassen.nl\/wp-content\/uploads\/2025\/10\/Kerstbel-metaal-wit-Eliassen.nl-CH-107-W.jpg","type":"image\/jpeg"}],"twitter_card":"summary_large_image","schema":{"@context":"https:\/\/schema.org","@graph":[{"@type":"WebPage","@id":"https:\/\/www.eliassen.nl\/de\/weihnachtsglocke-metall-weiss-43cm-hoch\/","url":"https:\/\/www.eliassen.nl\/de\/weihnachtsglocke-metall-weiss-43cm-hoch\/","name":"Sonstige Weihnachtsglocke Metall wei\u00df 43cm hoch - Eliassen.nl","isPartOf":{"@id":"https:\/\/www.eliassen.nl\/de\/#website"},"primaryImageOfPage":{"@id":"https:\/\/www.eliassen.nl\/de\/weihnachtsglocke-metall-weiss-43cm-hoch\/#primaryimage"},"image":{"@id":"https:\/\/www.eliassen.nl\/de\/weihnachtsglocke-metall-weiss-43cm-hoch\/#primaryimage"},"thumbnailUrl":"https:\/\/www.eliassen.nl\/wp-content\/uploads\/2025\/10\/Kerstbel-metaal-wit-Eliassen.nl-CH-107-W.jpg","datePublished":"2025-10-20T12:10:06+00:00","dateModified":"2026-01-16T15:12:31+00:00","description":"Eine sehr dekorative Weihnachtsglocke aus Metall in wei\u00dfer Farbe, die nicht weniger als 43 cm hoch ist. Sehr sch\u00f6n als Weihnachtsdekoration und eine echte Zierde f\u00fcr die Umgebung.","breadcrumb":{"@id":"https:\/\/www.eliassen.nl\/de\/weihnachtsglocke-metall-weiss-43cm-hoch\/#breadcrumb"},"inLanguage":"de","potentialAction":[{"@type":"ReadAction","target":["https:\/\/www.eliassen.nl\/de\/weihnachtsglocke-metall-weiss-43cm-hoch\/"]}]},{"@type":"ImageObject","inLanguage":"de","@id":"https:\/\/www.eliassen.nl\/de\/weihnachtsglocke-metall-weiss-43cm-hoch\/#primaryimage","url":"https:\/\/www.eliassen.nl\/wp-content\/uploads\/2025\/10\/Kerstbel-metaal-wit-Eliassen.nl-CH-107-W.jpg","contentUrl":"https:\/\/www.eliassen.nl\/wp-content\/uploads\/2025\/10\/Kerstbel-metaal-wit-Eliassen.nl-CH-107-W.jpg","width":480,"height":640},{"@type":"BreadcrumbList","@id":"https:\/\/www.eliassen.nl\/de\/weihnachtsglocke-metall-weiss-43cm-hoch\/#breadcrumb","itemListElement":[{"@type":"ListItem","position":1,"name":"Home","item":"https:\/\/www.eliassen.nl\/de\/"},{"@type":"ListItem","position":2,"name":"Shop","item":"https:\/\/www.eliassen.nl\/de\/shop\/"},{"@type":"ListItem","position":3,"name":"Dekoration aus Metall","item":"https:\/\/www.eliassen.nl\/de\/dekoration-aus-metall\/"},{"@type":"ListItem","position":4,"name":"Weihnachtsglocke Metall wei\u00df 43cm hoch"}]},{"@type":"WebSite","@id":"https:\/\/www.eliassen.nl\/de\/#website","url":"https:\/\/www.eliassen.nl\/de\/","name":"Eliassen Home & Garden Pleasure","description":"","publisher":{"@id":"https:\/\/www.eliassen.nl\/de\/#organization"},"alternateName":"Eliassen.nl","potentialAction":[{"@type":"SearchAction","target":{"@type":"EntryPoint","urlTemplate":"https:\/\/www.eliassen.nl\/de\/?s={search_term_string}"},"query-input":{"@type":"PropertyValueSpecification","valueRequired":true,"valueName":"search_term_string"}}],"inLanguage":"de"},{"@type":["Organization","Place"],"@id":"https:\/\/www.eliassen.nl\/de\/#organization","name":"Eliassen Home & Garden Pleasure","url":"https:\/\/www.eliassen.nl\/de\/","logo":{"@id":"https:\/\/www.eliassen.nl\/de\/weihnachtsglocke-metall-weiss-43cm-hoch\/#local-main-organization-logo"},"image":{"@id":"https:\/\/www.eliassen.nl\/de\/weihnachtsglocke-metall-weiss-43cm-hoch\/#local-main-organization-logo"},"sameAs":["https:\/\/www.facebook.com\/TuincentrumEliassenAmmerzoden","https:\/\/www.instagram.com\/eliassenhomeandgarden\/","https:\/\/nl.pinterest.com\/eliassenhomeandgarden\/","https:\/\/www.youtube.com\/@eliassenhomegardenpleasure4558"],"telephone":[],"openingHoursSpecification":[{"@type":"OpeningHoursSpecification","dayOfWeek":["Monday","Tuesday","Wednesday","Thursday","Friday","Saturday","Sunday"],"opens":"09:00","closes":"17:00"}]},{"@type":"ImageObject","inLanguage":"de","@id":"https:\/\/www.eliassen.nl\/de\/weihnachtsglocke-metall-weiss-43cm-hoch\/#local-main-organization-logo","url":"https:\/\/www.eliassen.nl\/wp-content\/uploads\/2024\/01\/logo_4nd.jpg","contentUrl":"https:\/\/www.eliassen.nl\/wp-content\/uploads\/2024\/01\/logo_4nd.jpg","width":500,"height":500,"caption":"Eliassen Home & Garden Pleasure"}]},"product_price_amount":"42.50","product_price_currency":"EUR","og_availability":"instock","product_availability":"instock","product_retailer_item_id":"ch-107fr-w","product_condition":"new"},"df_price":42.5,"df_sale_price":"","df_regular_price":42.5,"df_image_link":"https:\/\/www.eliassen.nl\/wp-content\/uploads\/2025\/10\/Kerstbel-metaal-wit-Eliassen.nl-CH-107-W-225x300.jpg","image":"https:\/\/www.eliassen.nl\/wp-content\/uploads\/2025\/10\/Kerstbel-metaal-wit-Eliassen.nl-CH-107-W-150x150.jpg","price_search":"<span class=\"woocommerce-Price-amount amount\"><bdi><span class=\"woocommerce-Price-currencySymbol\">&euro;<\/span>&nbsp;42,50<\/bdi><\/span>","category":"Dekoration aus Metall","global_unique_id":"6096533120135","_links":{"self":[{"href":"https:\/\/www.eliassen.nl\/de\/wp-json\/wp\/v2\/product\/194023","targetHints":{"allow":["GET"]}}],"collection":[{"href":"https:\/\/www.eliassen.nl\/de\/wp-json\/wp\/v2\/product"}],"about":[{"href":"https:\/\/www.eliassen.nl\/de\/wp-json\/wp\/v2\/types\/product"}],"wp:featuredmedia":[{"embeddable":true,"href":"https:\/\/www.eliassen.nl\/de\/wp-json\/wp\/v2\/media\/193708"}],"wp:attachment":[{"href":"https:\/\/www.eliassen.nl\/de\/wp-json\/wp\/v2\/media?parent=194023"}],"wp:term":[{"taxonomy":"product_brand","embeddable":true,"href":"https:\/\/www.eliassen.nl\/de\/wp-json\/wp\/v2\/product_brand?post=194023"},{"taxonomy":"product_cat","embeddable":true,"href":"https:\/\/www.eliassen.nl\/de\/wp-json\/wp\/v2\/product_cat?post=194023"},{"taxonomy":"product_tag","embeddable":true,"href":"https:\/\/www.eliassen.nl\/de\/wp-json\/wp\/v2\/product_tag?post=194023"}],"curies":[{"name":"wp","href":"https:\/\/api.w.org\/{rel}","templated":true}]}}