{"id":193580,"date":"2025-03-10T15:50:04","date_gmt":"2025-03-10T14:50:04","guid":{"rendered":"https:\/\/www.eliassen.nl\/product\/kuenstliche-pflanze-cycas-revoluta-120cm\/"},"modified":"2026-01-16T15:59:00","modified_gmt":"2026-01-16T14:59:00","slug":"kuenstliche-pflanze-cycas-revoluta-120cm","status":"publish","type":"product","link":"https:\/\/www.eliassen.nl\/de\/kuenstliche-pflanze-cycas-revoluta-120cm\/","title":{"rendered":"K\u00fcnstliche Pflanze Cycas revoluta 120cm"},"content":{"rendered":"<p><span style=\"color: #000000; letter-spacing: 0.015em;\">Machen Sie es sich in Ihrem Garten, zu Hause oder am Arbeitsplatz gem\u00fctlich mit dieser sch\u00f6nen, 120 cm hohen Cycas revoluta.<\/span><\/p>\n<div id=\"tab-description\" class=\"tabs__panel\">\n<p>Diese nat\u00fcrlich aussehende gro\u00dfe Modell-Cycas-Pflanze ist aus feinstem recyceltem Kunststoff hergestellt und steht durch den Topf, in dem sie steht, gut f\u00fcr sich allein. Durch ihre gro\u00dfe H\u00f6he und weite Verbreitung f\u00fcllt die Pflanze leere R\u00e4ume sehr schnell aus. Kombiniert mit anderen Seidenpflanzen, zusammen in 1 gro\u00dfen Topf, k\u00f6nnen Sie ein wundersch\u00f6nes Pflanzenarrangement kreieren, um das Sie sich nicht mehr k\u00fcmmern m\u00fcssen.<\/p>\n<p>Sind die Pflanzen zu trocken oder zu nass, brauchen sie D\u00fcnger, stimmt die Luftfeuchtigkeit, alles Fragen, die Sie sich mit diesen k\u00fcnstlichen Pflanzen nicht mehr stellen m\u00fcssen. Gelegentliches Abwischen mit einem feuchten Tuch ist ausreichend.<\/p>\n<p><strong>Bestellen Sie 3 Kunstpflanzen auf einmal bei uns und Sie erhalten 10% Rabatt !!!<\/strong><\/p>\n<ul>\n<li>Gr\u00f6\u00dfe: 130x120cm hoch<\/li>\n<li>Topfgr\u00f6\u00dfe: 25x23Hoch<\/li>\n<li>Material: Recycelter Kunststoff<\/li>\n<li>Farbe: Hellgr\u00fcn<\/li>\n<\/ul>\n<\/div>\n<div id=\"tab-additional_information\" class=\"tabs__panel\"><\/div>\n<p>&nbsp;<\/p>\n","protected":false},"excerpt":{"rendered":"<p>Machen Sie es sich in Ihrem Garten, zu Hause oder am Arbeitsplatz gem\u00fctlich mit dieser sch\u00f6nen, 120 cm hohen Cycas revoluta. Diese nat\u00fcrlich aussehende gro\u00dfe Modell-Cycas-Pflanze ist aus feinstem recyceltem Kunststoff hergestellt und steht durch den Topf, in dem sie steht, gut f\u00fcr sich allein. Durch ihre gro\u00dfe H\u00f6he und weite Verbreitung f\u00fcllt die Pflanze &hellip;<\/p>\n","protected":false},"featured_media":176167,"template":"","meta":{"_acf_changed":false,"_genesis_title":"","_genesis_description":""},"product_brand":[7505],"product_cat":[7002],"product_tag":[],"class_list":{"0":"post-193580","1":"product","2":"type-product","3":"status-publish","4":"has-post-thumbnail","6":"product_brand-sonstige","7":"product_cat-kuenstliche-pflanzen","9":"first","10":"instock","11":"taxable","12":"shipping-taxable","13":"purchasable","14":"product-type-simple"},"acf":[],"meta_all":{"total_sales":"0","cor_restricted_countries":[]},"meta_all_flat":{"total_sales":"0"},"yoast_head":"<!-- This site is optimized with the Yoast SEO Premium plugin v26.2 (Yoast SEO v27.2) - https:\/\/yoast.com\/product\/yoast-seo-premium-wordpress\/ -->\n<title>Sonstige K\u00fcnstliche Pflanze Cycas revoluta 120cm - Eliassen.nl<\/title>\n<meta name=\"robots\" content=\"index, follow, max-snippet:-1, max-image-preview:large, max-video-preview:-1\" \/>\n<link rel=\"canonical\" href=\"https:\/\/www.eliassen.nl\/de\/kuenstliche-pflanze-cycas-revoluta-120cm\/\" \/>\n<meta property=\"og:locale\" content=\"de_DE\" \/>\n<meta property=\"og:type\" content=\"article\" \/>\n<meta property=\"og:title\" content=\"Sonstige K\u00fcnstliche Pflanze Cycas revoluta 120cm - Eliassen.nl\" \/>\n<meta property=\"og:description\" content=\"Machen Sie es sich in Ihrem Garten, zu Hause oder am Arbeitsplatz gem\u00fctlich mit dieser sch\u00f6nen, 120 cm hohen Cycas revoluta. Diese nat\u00fcrlich aussehende gro\u00dfe Modell-Cycas-Pflanze ist aus feinstem recyceltem Kunststoff hergestellt und steht durch den Topf, in dem sie steht, gut f\u00fcr sich allein. Durch ihre gro\u00dfe H\u00f6he und weite Verbreitung f\u00fcllt die Pflanze &hellip;\" \/>\n<meta property=\"og:url\" content=\"https:\/\/www.eliassen.nl\/de\/kuenstliche-pflanze-cycas-revoluta-120cm\/\" \/>\n<meta property=\"og:site_name\" content=\"Eliassen.nl\" \/>\n<meta property=\"article:publisher\" content=\"https:\/\/www.facebook.com\/TuincentrumEliassenAmmerzoden\" \/>\n<meta property=\"article:modified_time\" content=\"2026-01-16T14:59:00+00:00\" \/>\n<meta property=\"og:image\" content=\"https:\/\/www.eliassen.nl\/wp-content\/uploads\/2025\/03\/Kunstplant-Cycas-Palm-Eliassen.nl-118843.jpg\" \/>\n\t<meta property=\"og:image:width\" content=\"640\" \/>\n\t<meta property=\"og:image:height\" content=\"459\" \/>\n\t<meta property=\"og:image:type\" content=\"image\/jpeg\" \/>\n<meta name=\"twitter:card\" content=\"summary_large_image\" \/>\n<script type=\"application\/ld+json\" class=\"yoast-schema-graph\">{\"@context\":\"https:\/\/schema.org\",\"@graph\":[{\"@type\":\"WebPage\",\"@id\":\"https:\/\/www.eliassen.nl\/de\/kuenstliche-pflanze-cycas-revoluta-120cm\/\",\"url\":\"https:\/\/www.eliassen.nl\/de\/kuenstliche-pflanze-cycas-revoluta-120cm\/\",\"name\":\"Sonstige K\u00fcnstliche Pflanze Cycas revoluta 120cm - Eliassen.nl\",\"isPartOf\":{\"@id\":\"https:\/\/www.eliassen.nl\/de\/#website\"},\"primaryImageOfPage\":{\"@id\":\"https:\/\/www.eliassen.nl\/de\/kuenstliche-pflanze-cycas-revoluta-120cm\/#primaryimage\"},\"image\":{\"@id\":\"https:\/\/www.eliassen.nl\/de\/kuenstliche-pflanze-cycas-revoluta-120cm\/#primaryimage\"},\"thumbnailUrl\":\"https:\/\/www.eliassen.nl\/wp-content\/uploads\/2025\/03\/Kunstplant-Cycas-Palm-Eliassen.nl-118843.jpg\",\"datePublished\":\"2025-03-10T14:50:04+00:00\",\"dateModified\":\"2026-01-16T14:59:00+00:00\",\"breadcrumb\":{\"@id\":\"https:\/\/www.eliassen.nl\/de\/kuenstliche-pflanze-cycas-revoluta-120cm\/#breadcrumb\"},\"inLanguage\":\"de\",\"potentialAction\":[{\"@type\":\"ReadAction\",\"target\":[\"https:\/\/www.eliassen.nl\/de\/kuenstliche-pflanze-cycas-revoluta-120cm\/\"]}]},{\"@type\":\"ImageObject\",\"inLanguage\":\"de\",\"@id\":\"https:\/\/www.eliassen.nl\/de\/kuenstliche-pflanze-cycas-revoluta-120cm\/#primaryimage\",\"url\":\"https:\/\/www.eliassen.nl\/wp-content\/uploads\/2025\/03\/Kunstplant-Cycas-Palm-Eliassen.nl-118843.jpg\",\"contentUrl\":\"https:\/\/www.eliassen.nl\/wp-content\/uploads\/2025\/03\/Kunstplant-Cycas-Palm-Eliassen.nl-118843.jpg\",\"width\":640,\"height\":459},{\"@type\":\"BreadcrumbList\",\"@id\":\"https:\/\/www.eliassen.nl\/de\/kuenstliche-pflanze-cycas-revoluta-120cm\/#breadcrumb\",\"itemListElement\":[{\"@type\":\"ListItem\",\"position\":1,\"name\":\"Home\",\"item\":\"https:\/\/www.eliassen.nl\/de\/\"},{\"@type\":\"ListItem\",\"position\":2,\"name\":\"Shop\",\"item\":\"https:\/\/www.eliassen.nl\/de\/shop\/\"},{\"@type\":\"ListItem\",\"position\":3,\"name\":\"K\u00fcnstliche Pflanzen\",\"item\":\"https:\/\/www.eliassen.nl\/de\/kuenstliche-pflanzen\/\"},{\"@type\":\"ListItem\",\"position\":4,\"name\":\"K\u00fcnstliche Pflanze Cycas revoluta 120cm\"}]},{\"@type\":\"WebSite\",\"@id\":\"https:\/\/www.eliassen.nl\/de\/#website\",\"url\":\"https:\/\/www.eliassen.nl\/de\/\",\"name\":\"Eliassen Home & Garden Pleasure\",\"description\":\"\",\"publisher\":{\"@id\":\"https:\/\/www.eliassen.nl\/de\/#organization\"},\"alternateName\":\"Eliassen.nl\",\"potentialAction\":[{\"@type\":\"SearchAction\",\"target\":{\"@type\":\"EntryPoint\",\"urlTemplate\":\"https:\/\/www.eliassen.nl\/de\/?s={search_term_string}\"},\"query-input\":{\"@type\":\"PropertyValueSpecification\",\"valueRequired\":true,\"valueName\":\"search_term_string\"}}],\"inLanguage\":\"de\"},{\"@type\":[\"Organization\",\"Place\"],\"@id\":\"https:\/\/www.eliassen.nl\/de\/#organization\",\"name\":\"Eliassen Home & Garden Pleasure\",\"url\":\"https:\/\/www.eliassen.nl\/de\/\",\"logo\":{\"@id\":\"https:\/\/www.eliassen.nl\/de\/kuenstliche-pflanze-cycas-revoluta-120cm\/#local-main-organization-logo\"},\"image\":{\"@id\":\"https:\/\/www.eliassen.nl\/de\/kuenstliche-pflanze-cycas-revoluta-120cm\/#local-main-organization-logo\"},\"sameAs\":[\"https:\/\/www.facebook.com\/TuincentrumEliassenAmmerzoden\",\"https:\/\/www.instagram.com\/eliassenhomeandgarden\/\",\"https:\/\/nl.pinterest.com\/eliassenhomeandgarden\/\",\"https:\/\/www.youtube.com\/@eliassenhomegardenpleasure4558\"],\"telephone\":[],\"openingHoursSpecification\":[{\"@type\":\"OpeningHoursSpecification\",\"dayOfWeek\":[\"Monday\",\"Tuesday\",\"Wednesday\",\"Thursday\",\"Friday\",\"Saturday\",\"Sunday\"],\"opens\":\"09:00\",\"closes\":\"17:00\"}]},{\"@type\":\"ImageObject\",\"inLanguage\":\"de\",\"@id\":\"https:\/\/www.eliassen.nl\/de\/kuenstliche-pflanze-cycas-revoluta-120cm\/#local-main-organization-logo\",\"url\":\"https:\/\/www.eliassen.nl\/wp-content\/uploads\/2024\/01\/logo_4nd.jpg\",\"contentUrl\":\"https:\/\/www.eliassen.nl\/wp-content\/uploads\/2024\/01\/logo_4nd.jpg\",\"width\":500,\"height\":500,\"caption\":\"Eliassen Home & Garden Pleasure\"}]}<\/script>\n<meta property=\"product:price:amount\" content=\"199.00\" \/>\n<meta property=\"product:price:currency\" content=\"EUR\" \/>\n<meta property=\"og:availability\" content=\"instock\" \/>\n<meta property=\"product:availability\" content=\"instock\" \/>\n<meta property=\"product:retailer_item_id\" content=\"118843\" \/>\n<meta property=\"product:condition\" content=\"new\" \/>\n<!-- \/ Yoast SEO Premium plugin. -->","yoast_head_json":{"title":"Sonstige K\u00fcnstliche Pflanze Cycas revoluta 120cm - Eliassen.nl","robots":{"index":"index","follow":"follow","max-snippet":"max-snippet:-1","max-image-preview":"max-image-preview:large","max-video-preview":"max-video-preview:-1"},"canonical":"https:\/\/www.eliassen.nl\/de\/kuenstliche-pflanze-cycas-revoluta-120cm\/","og_locale":"de_DE","og_type":"article","og_title":"Sonstige K\u00fcnstliche Pflanze Cycas revoluta 120cm - Eliassen.nl","og_description":"Machen Sie es sich in Ihrem Garten, zu Hause oder am Arbeitsplatz gem\u00fctlich mit dieser sch\u00f6nen, 120 cm hohen Cycas revoluta. Diese nat\u00fcrlich aussehende gro\u00dfe Modell-Cycas-Pflanze ist aus feinstem recyceltem Kunststoff hergestellt und steht durch den Topf, in dem sie steht, gut f\u00fcr sich allein. Durch ihre gro\u00dfe H\u00f6he und weite Verbreitung f\u00fcllt die Pflanze &hellip;","og_url":"https:\/\/www.eliassen.nl\/de\/kuenstliche-pflanze-cycas-revoluta-120cm\/","og_site_name":"Eliassen.nl","article_publisher":"https:\/\/www.facebook.com\/TuincentrumEliassenAmmerzoden","article_modified_time":"2026-01-16T14:59:00+00:00","og_image":[{"width":640,"height":459,"url":"https:\/\/www.eliassen.nl\/wp-content\/uploads\/2025\/03\/Kunstplant-Cycas-Palm-Eliassen.nl-118843.jpg","type":"image\/jpeg"}],"twitter_card":"summary_large_image","schema":{"@context":"https:\/\/schema.org","@graph":[{"@type":"WebPage","@id":"https:\/\/www.eliassen.nl\/de\/kuenstliche-pflanze-cycas-revoluta-120cm\/","url":"https:\/\/www.eliassen.nl\/de\/kuenstliche-pflanze-cycas-revoluta-120cm\/","name":"Sonstige K\u00fcnstliche Pflanze Cycas revoluta 120cm - Eliassen.nl","isPartOf":{"@id":"https:\/\/www.eliassen.nl\/de\/#website"},"primaryImageOfPage":{"@id":"https:\/\/www.eliassen.nl\/de\/kuenstliche-pflanze-cycas-revoluta-120cm\/#primaryimage"},"image":{"@id":"https:\/\/www.eliassen.nl\/de\/kuenstliche-pflanze-cycas-revoluta-120cm\/#primaryimage"},"thumbnailUrl":"https:\/\/www.eliassen.nl\/wp-content\/uploads\/2025\/03\/Kunstplant-Cycas-Palm-Eliassen.nl-118843.jpg","datePublished":"2025-03-10T14:50:04+00:00","dateModified":"2026-01-16T14:59:00+00:00","breadcrumb":{"@id":"https:\/\/www.eliassen.nl\/de\/kuenstliche-pflanze-cycas-revoluta-120cm\/#breadcrumb"},"inLanguage":"de","potentialAction":[{"@type":"ReadAction","target":["https:\/\/www.eliassen.nl\/de\/kuenstliche-pflanze-cycas-revoluta-120cm\/"]}]},{"@type":"ImageObject","inLanguage":"de","@id":"https:\/\/www.eliassen.nl\/de\/kuenstliche-pflanze-cycas-revoluta-120cm\/#primaryimage","url":"https:\/\/www.eliassen.nl\/wp-content\/uploads\/2025\/03\/Kunstplant-Cycas-Palm-Eliassen.nl-118843.jpg","contentUrl":"https:\/\/www.eliassen.nl\/wp-content\/uploads\/2025\/03\/Kunstplant-Cycas-Palm-Eliassen.nl-118843.jpg","width":640,"height":459},{"@type":"BreadcrumbList","@id":"https:\/\/www.eliassen.nl\/de\/kuenstliche-pflanze-cycas-revoluta-120cm\/#breadcrumb","itemListElement":[{"@type":"ListItem","position":1,"name":"Home","item":"https:\/\/www.eliassen.nl\/de\/"},{"@type":"ListItem","position":2,"name":"Shop","item":"https:\/\/www.eliassen.nl\/de\/shop\/"},{"@type":"ListItem","position":3,"name":"K\u00fcnstliche Pflanzen","item":"https:\/\/www.eliassen.nl\/de\/kuenstliche-pflanzen\/"},{"@type":"ListItem","position":4,"name":"K\u00fcnstliche Pflanze Cycas revoluta 120cm"}]},{"@type":"WebSite","@id":"https:\/\/www.eliassen.nl\/de\/#website","url":"https:\/\/www.eliassen.nl\/de\/","name":"Eliassen Home & Garden Pleasure","description":"","publisher":{"@id":"https:\/\/www.eliassen.nl\/de\/#organization"},"alternateName":"Eliassen.nl","potentialAction":[{"@type":"SearchAction","target":{"@type":"EntryPoint","urlTemplate":"https:\/\/www.eliassen.nl\/de\/?s={search_term_string}"},"query-input":{"@type":"PropertyValueSpecification","valueRequired":true,"valueName":"search_term_string"}}],"inLanguage":"de"},{"@type":["Organization","Place"],"@id":"https:\/\/www.eliassen.nl\/de\/#organization","name":"Eliassen Home & Garden Pleasure","url":"https:\/\/www.eliassen.nl\/de\/","logo":{"@id":"https:\/\/www.eliassen.nl\/de\/kuenstliche-pflanze-cycas-revoluta-120cm\/#local-main-organization-logo"},"image":{"@id":"https:\/\/www.eliassen.nl\/de\/kuenstliche-pflanze-cycas-revoluta-120cm\/#local-main-organization-logo"},"sameAs":["https:\/\/www.facebook.com\/TuincentrumEliassenAmmerzoden","https:\/\/www.instagram.com\/eliassenhomeandgarden\/","https:\/\/nl.pinterest.com\/eliassenhomeandgarden\/","https:\/\/www.youtube.com\/@eliassenhomegardenpleasure4558"],"telephone":[],"openingHoursSpecification":[{"@type":"OpeningHoursSpecification","dayOfWeek":["Monday","Tuesday","Wednesday","Thursday","Friday","Saturday","Sunday"],"opens":"09:00","closes":"17:00"}]},{"@type":"ImageObject","inLanguage":"de","@id":"https:\/\/www.eliassen.nl\/de\/kuenstliche-pflanze-cycas-revoluta-120cm\/#local-main-organization-logo","url":"https:\/\/www.eliassen.nl\/wp-content\/uploads\/2024\/01\/logo_4nd.jpg","contentUrl":"https:\/\/www.eliassen.nl\/wp-content\/uploads\/2024\/01\/logo_4nd.jpg","width":500,"height":500,"caption":"Eliassen Home & Garden Pleasure"}]},"product_price_amount":"199.00","product_price_currency":"EUR","og_availability":"instock","product_availability":"instock","product_retailer_item_id":"118843","product_condition":"new"},"df_price":199,"df_sale_price":"","df_regular_price":199,"df_image_link":"https:\/\/www.eliassen.nl\/wp-content\/uploads\/2025\/03\/Kunstplant-Cycas-Palm-Eliassen.nl-118843-300x215.jpg","image":"https:\/\/www.eliassen.nl\/wp-content\/uploads\/2025\/03\/Kunstplant-Cycas-Palm-Eliassen.nl-118843-150x150.jpg","price_search":"<span class=\"woocommerce-Price-amount amount\"><bdi><span class=\"woocommerce-Price-currencySymbol\">&euro;<\/span>&nbsp;199,00<\/bdi><\/span>","category":"K\u00fcnstliche Pflanzen","global_unique_id":"8714763347365","_links":{"self":[{"href":"https:\/\/www.eliassen.nl\/de\/wp-json\/wp\/v2\/product\/193580","targetHints":{"allow":["GET"]}}],"collection":[{"href":"https:\/\/www.eliassen.nl\/de\/wp-json\/wp\/v2\/product"}],"about":[{"href":"https:\/\/www.eliassen.nl\/de\/wp-json\/wp\/v2\/types\/product"}],"wp:featuredmedia":[{"embeddable":true,"href":"https:\/\/www.eliassen.nl\/de\/wp-json\/wp\/v2\/media\/176167"}],"wp:attachment":[{"href":"https:\/\/www.eliassen.nl\/de\/wp-json\/wp\/v2\/media?parent=193580"}],"wp:term":[{"taxonomy":"product_brand","embeddable":true,"href":"https:\/\/www.eliassen.nl\/de\/wp-json\/wp\/v2\/product_brand?post=193580"},{"taxonomy":"product_cat","embeddable":true,"href":"https:\/\/www.eliassen.nl\/de\/wp-json\/wp\/v2\/product_cat?post=193580"},{"taxonomy":"product_tag","embeddable":true,"href":"https:\/\/www.eliassen.nl\/de\/wp-json\/wp\/v2\/product_tag?post=193580"}],"curies":[{"name":"wp","href":"https:\/\/api.w.org\/{rel}","templated":true}]}}