{"id":193395,"date":"2025-10-08T11:48:04","date_gmt":"2025-10-08T09:48:04","guid":{"rendered":"https:\/\/www.eliassen.nl\/product\/wanddekoration-teller-auto-in-stadt-rot-60cm\/"},"modified":"2025-12-02T14:55:15","modified_gmt":"2025-12-02T13:55:15","slug":"wanddekoration-teller-auto-in-stadt-rot-60cm","status":"publish","type":"product","link":"https:\/\/www.eliassen.nl\/de\/wanddekoration-teller-auto-in-stadt-rot-60cm\/","title":{"rendered":"Wanddekoration Teller Auto in Stadt rot 60cm"},"content":{"rendered":"<p>Diese Wanddekoration aus Metall, die ein rotes Auto mit dem Text &#8222;mother road&#8220; zeigt, ist ein cooler Stimmungsmacher.<br \/>\nDiese Wanddekoration besteht aus Stahlblech mit einer gespritzten Oberfl\u00e4che, die mit einem Transfer \u00fcberzogen ist und oft einen gewellten Rand aufweist.<br \/>\nDieses Verfahren gew\u00e4hrleistet eine nahezu identische Reproduktion der originalen Wandtafeln aus den 1950er und 1960er Jahren.<br \/>\nDiese Wandschilder lassen sich einfach mit einer kleinen Schraube aufh\u00e4ngen.<\/p>\n<p>Machen Sie sich selbst, einem Freund oder einem Familienmitglied eine Freude mit dieser modellhaften Vintage-Wanddekoration, die jedes Haus oder jeden Garten versch\u00f6nert. Wir empfehlen jedoch, ihn unter einem Schutzdach aufzuh\u00e4ngen, wenn Sie ihn im Freien verwenden.<\/p>\n<p><strong>Fast die gesamte Serie k\u00f6nnen Sie auch live bei uns sehen<\/strong><\/p>\n<ul>\n<li>Gr\u00f6\u00dfe: 40x60cm<\/li>\n<li>Material: Metall<\/li>\n<li>Schnelle Lieferung<\/li>\n<li>Zeitloses Design<\/li>\n<\/ul>\n","protected":false},"excerpt":{"rendered":"<p>\u2713 Wandplatte aus Metall \u2713 Sehr gut geeignet f\u00fcr Mancave<\/p>\n","protected":false},"featured_media":193070,"template":"","meta":{"_acf_changed":false,"_genesis_title":"","_genesis_description":""},"product_brand":[7505],"product_cat":[518,509],"product_tag":[],"class_list":{"0":"post-193395","1":"product","2":"type-product","3":"status-publish","4":"has-post-thumbnail","6":"product_brand-sonstige","7":"product_cat-vintage-wanddekoration-maennerhoehle","8":"product_cat-wanddekoration","10":"first","11":"instock","12":"taxable","13":"shipping-taxable","14":"purchasable","15":"product-type-simple"},"acf":[],"meta_all":{"total_sales":"0","cor_restricted_countries":[]},"meta_all_flat":{"total_sales":"0"},"yoast_head":"<!-- This site is optimized with the Yoast SEO Premium plugin v26.2 (Yoast SEO v27.2) - https:\/\/yoast.com\/product\/yoast-seo-premium-wordpress\/ -->\n<title>Sonstige Wanddekoration Teller Auto in Stadt rot 60cm - Eliassen.nl<\/title>\n<meta name=\"description\" content=\"Sehr niedliche Wandtafel mit der Front eines roten Autos. Look der 1950er\/60er Jahre. Sehr sch\u00f6n f\u00fcr eine Mannsh\u00f6hle oder eine Bar. Auch sch\u00f6n als Geschenk. Schnelle Lieferung.\" \/>\n<meta name=\"robots\" content=\"index, follow, max-snippet:-1, max-image-preview:large, max-video-preview:-1\" \/>\n<link rel=\"canonical\" href=\"https:\/\/www.eliassen.nl\/de\/wanddekoration-teller-auto-in-stadt-rot-60cm\/\" \/>\n<meta property=\"og:locale\" content=\"de_DE\" \/>\n<meta property=\"og:type\" content=\"article\" \/>\n<meta property=\"og:title\" content=\"Sonstige Wanddekoration Teller Auto in Stadt rot 60cm - Eliassen.nl\" \/>\n<meta property=\"og:description\" content=\"Sehr niedliche Wandtafel mit der Front eines roten Autos. Look der 1950er\/60er Jahre. Sehr sch\u00f6n f\u00fcr eine Mannsh\u00f6hle oder eine Bar. Auch sch\u00f6n als Geschenk. Schnelle Lieferung.\" \/>\n<meta property=\"og:url\" content=\"https:\/\/www.eliassen.nl\/de\/wanddekoration-teller-auto-in-stadt-rot-60cm\/\" \/>\n<meta property=\"og:site_name\" content=\"Eliassen.nl\" \/>\n<meta property=\"article:publisher\" content=\"https:\/\/www.facebook.com\/TuincentrumEliassenAmmerzoden\" \/>\n<meta property=\"article:modified_time\" content=\"2025-12-02T13:55:15+00:00\" \/>\n<meta property=\"og:image\" content=\"https:\/\/www.eliassen.nl\/wp-content\/uploads\/2025\/10\/Wanddecoratie-plaat-Auto-in-stad-rood-60cm-eliassen.nl-1.jpg\" \/>\n\t<meta property=\"og:image:width\" content=\"1200\" \/>\n\t<meta property=\"og:image:height\" content=\"900\" \/>\n\t<meta property=\"og:image:type\" content=\"image\/jpeg\" \/>\n<meta name=\"twitter:card\" content=\"summary_large_image\" \/>\n<script type=\"application\/ld+json\" class=\"yoast-schema-graph\">{\"@context\":\"https:\/\/schema.org\",\"@graph\":[{\"@type\":\"WebPage\",\"@id\":\"https:\/\/www.eliassen.nl\/de\/wanddekoration-teller-auto-in-stadt-rot-60cm\/\",\"url\":\"https:\/\/www.eliassen.nl\/de\/wanddekoration-teller-auto-in-stadt-rot-60cm\/\",\"name\":\"Sonstige Wanddekoration Teller Auto in Stadt rot 60cm - Eliassen.nl\",\"isPartOf\":{\"@id\":\"https:\/\/www.eliassen.nl\/de\/#website\"},\"primaryImageOfPage\":{\"@id\":\"https:\/\/www.eliassen.nl\/de\/wanddekoration-teller-auto-in-stadt-rot-60cm\/#primaryimage\"},\"image\":{\"@id\":\"https:\/\/www.eliassen.nl\/de\/wanddekoration-teller-auto-in-stadt-rot-60cm\/#primaryimage\"},\"thumbnailUrl\":\"https:\/\/www.eliassen.nl\/wp-content\/uploads\/2025\/10\/Wanddecoratie-plaat-Auto-in-stad-rood-60cm-eliassen.nl-1.jpg\",\"datePublished\":\"2025-10-08T09:48:04+00:00\",\"dateModified\":\"2025-12-02T13:55:15+00:00\",\"description\":\"Sehr niedliche Wandtafel mit der Front eines roten Autos. Look der 1950er\/60er Jahre. Sehr sch\u00f6n f\u00fcr eine Mannsh\u00f6hle oder eine Bar. Auch sch\u00f6n als Geschenk. Schnelle Lieferung.\",\"breadcrumb\":{\"@id\":\"https:\/\/www.eliassen.nl\/de\/wanddekoration-teller-auto-in-stadt-rot-60cm\/#breadcrumb\"},\"inLanguage\":\"de\",\"potentialAction\":[{\"@type\":\"ReadAction\",\"target\":[\"https:\/\/www.eliassen.nl\/de\/wanddekoration-teller-auto-in-stadt-rot-60cm\/\"]}]},{\"@type\":\"ImageObject\",\"inLanguage\":\"de\",\"@id\":\"https:\/\/www.eliassen.nl\/de\/wanddekoration-teller-auto-in-stadt-rot-60cm\/#primaryimage\",\"url\":\"https:\/\/www.eliassen.nl\/wp-content\/uploads\/2025\/10\/Wanddecoratie-plaat-Auto-in-stad-rood-60cm-eliassen.nl-1.jpg\",\"contentUrl\":\"https:\/\/www.eliassen.nl\/wp-content\/uploads\/2025\/10\/Wanddecoratie-plaat-Auto-in-stad-rood-60cm-eliassen.nl-1.jpg\",\"width\":1200,\"height\":900,\"caption\":\"Wanddekoration Teller Auto in Stadtrot 60cm eliassen.de 3\"},{\"@type\":\"BreadcrumbList\",\"@id\":\"https:\/\/www.eliassen.nl\/de\/wanddekoration-teller-auto-in-stadt-rot-60cm\/#breadcrumb\",\"itemListElement\":[{\"@type\":\"ListItem\",\"position\":1,\"name\":\"Home\",\"item\":\"https:\/\/www.eliassen.nl\/de\/\"},{\"@type\":\"ListItem\",\"position\":2,\"name\":\"Shop\",\"item\":\"https:\/\/www.eliassen.nl\/de\/shop\/\"},{\"@type\":\"ListItem\",\"position\":3,\"name\":\"Wanddekoration\",\"item\":\"https:\/\/www.eliassen.nl\/de\/wanddekoration\/\"},{\"@type\":\"ListItem\",\"position\":4,\"name\":\"Wanddekoration Teller Auto in Stadt rot 60cm\"}]},{\"@type\":\"WebSite\",\"@id\":\"https:\/\/www.eliassen.nl\/de\/#website\",\"url\":\"https:\/\/www.eliassen.nl\/de\/\",\"name\":\"Eliassen Home & Garden Pleasure\",\"description\":\"\",\"publisher\":{\"@id\":\"https:\/\/www.eliassen.nl\/de\/#organization\"},\"alternateName\":\"Eliassen.nl\",\"potentialAction\":[{\"@type\":\"SearchAction\",\"target\":{\"@type\":\"EntryPoint\",\"urlTemplate\":\"https:\/\/www.eliassen.nl\/de\/?s={search_term_string}\"},\"query-input\":{\"@type\":\"PropertyValueSpecification\",\"valueRequired\":true,\"valueName\":\"search_term_string\"}}],\"inLanguage\":\"de\"},{\"@type\":[\"Organization\",\"Place\"],\"@id\":\"https:\/\/www.eliassen.nl\/de\/#organization\",\"name\":\"Eliassen Home & Garden Pleasure\",\"url\":\"https:\/\/www.eliassen.nl\/de\/\",\"logo\":{\"@id\":\"https:\/\/www.eliassen.nl\/de\/wanddekoration-teller-auto-in-stadt-rot-60cm\/#local-main-organization-logo\"},\"image\":{\"@id\":\"https:\/\/www.eliassen.nl\/de\/wanddekoration-teller-auto-in-stadt-rot-60cm\/#local-main-organization-logo\"},\"sameAs\":[\"https:\/\/www.facebook.com\/TuincentrumEliassenAmmerzoden\",\"https:\/\/www.instagram.com\/eliassenhomeandgarden\/\",\"https:\/\/nl.pinterest.com\/eliassenhomeandgarden\/\",\"https:\/\/www.youtube.com\/@eliassenhomegardenpleasure4558\"],\"telephone\":[],\"openingHoursSpecification\":[{\"@type\":\"OpeningHoursSpecification\",\"dayOfWeek\":[\"Monday\",\"Tuesday\",\"Wednesday\",\"Thursday\",\"Friday\",\"Saturday\",\"Sunday\"],\"opens\":\"09:00\",\"closes\":\"17:00\"}]},{\"@type\":\"ImageObject\",\"inLanguage\":\"de\",\"@id\":\"https:\/\/www.eliassen.nl\/de\/wanddekoration-teller-auto-in-stadt-rot-60cm\/#local-main-organization-logo\",\"url\":\"https:\/\/www.eliassen.nl\/wp-content\/uploads\/2024\/01\/logo_4nd.jpg\",\"contentUrl\":\"https:\/\/www.eliassen.nl\/wp-content\/uploads\/2024\/01\/logo_4nd.jpg\",\"width\":500,\"height\":500,\"caption\":\"Eliassen Home & Garden Pleasure\"}]}<\/script>\n<meta property=\"product:price:amount\" content=\"31.05\" \/>\n<meta property=\"product:price:currency\" content=\"EUR\" \/>\n<meta property=\"og:availability\" content=\"instock\" \/>\n<meta property=\"product:availability\" content=\"instock\" \/>\n<meta property=\"product:retailer_item_id\" content=\"321v03\" \/>\n<meta property=\"product:condition\" content=\"new\" \/>\n<!-- \/ Yoast SEO Premium plugin. -->","yoast_head_json":{"title":"Sonstige Wanddekoration Teller Auto in Stadt rot 60cm - Eliassen.nl","description":"Sehr niedliche Wandtafel mit der Front eines roten Autos. Look der 1950er\/60er Jahre. Sehr sch\u00f6n f\u00fcr eine Mannsh\u00f6hle oder eine Bar. Auch sch\u00f6n als Geschenk. Schnelle Lieferung.","robots":{"index":"index","follow":"follow","max-snippet":"max-snippet:-1","max-image-preview":"max-image-preview:large","max-video-preview":"max-video-preview:-1"},"canonical":"https:\/\/www.eliassen.nl\/de\/wanddekoration-teller-auto-in-stadt-rot-60cm\/","og_locale":"de_DE","og_type":"article","og_title":"Sonstige Wanddekoration Teller Auto in Stadt rot 60cm - Eliassen.nl","og_description":"Sehr niedliche Wandtafel mit der Front eines roten Autos. Look der 1950er\/60er Jahre. Sehr sch\u00f6n f\u00fcr eine Mannsh\u00f6hle oder eine Bar. Auch sch\u00f6n als Geschenk. Schnelle Lieferung.","og_url":"https:\/\/www.eliassen.nl\/de\/wanddekoration-teller-auto-in-stadt-rot-60cm\/","og_site_name":"Eliassen.nl","article_publisher":"https:\/\/www.facebook.com\/TuincentrumEliassenAmmerzoden","article_modified_time":"2025-12-02T13:55:15+00:00","og_image":[{"width":1200,"height":900,"url":"https:\/\/www.eliassen.nl\/wp-content\/uploads\/2025\/10\/Wanddecoratie-plaat-Auto-in-stad-rood-60cm-eliassen.nl-1.jpg","type":"image\/jpeg"}],"twitter_card":"summary_large_image","schema":{"@context":"https:\/\/schema.org","@graph":[{"@type":"WebPage","@id":"https:\/\/www.eliassen.nl\/de\/wanddekoration-teller-auto-in-stadt-rot-60cm\/","url":"https:\/\/www.eliassen.nl\/de\/wanddekoration-teller-auto-in-stadt-rot-60cm\/","name":"Sonstige Wanddekoration Teller Auto in Stadt rot 60cm - Eliassen.nl","isPartOf":{"@id":"https:\/\/www.eliassen.nl\/de\/#website"},"primaryImageOfPage":{"@id":"https:\/\/www.eliassen.nl\/de\/wanddekoration-teller-auto-in-stadt-rot-60cm\/#primaryimage"},"image":{"@id":"https:\/\/www.eliassen.nl\/de\/wanddekoration-teller-auto-in-stadt-rot-60cm\/#primaryimage"},"thumbnailUrl":"https:\/\/www.eliassen.nl\/wp-content\/uploads\/2025\/10\/Wanddecoratie-plaat-Auto-in-stad-rood-60cm-eliassen.nl-1.jpg","datePublished":"2025-10-08T09:48:04+00:00","dateModified":"2025-12-02T13:55:15+00:00","description":"Sehr niedliche Wandtafel mit der Front eines roten Autos. Look der 1950er\/60er Jahre. Sehr sch\u00f6n f\u00fcr eine Mannsh\u00f6hle oder eine Bar. Auch sch\u00f6n als Geschenk. Schnelle Lieferung.","breadcrumb":{"@id":"https:\/\/www.eliassen.nl\/de\/wanddekoration-teller-auto-in-stadt-rot-60cm\/#breadcrumb"},"inLanguage":"de","potentialAction":[{"@type":"ReadAction","target":["https:\/\/www.eliassen.nl\/de\/wanddekoration-teller-auto-in-stadt-rot-60cm\/"]}]},{"@type":"ImageObject","inLanguage":"de","@id":"https:\/\/www.eliassen.nl\/de\/wanddekoration-teller-auto-in-stadt-rot-60cm\/#primaryimage","url":"https:\/\/www.eliassen.nl\/wp-content\/uploads\/2025\/10\/Wanddecoratie-plaat-Auto-in-stad-rood-60cm-eliassen.nl-1.jpg","contentUrl":"https:\/\/www.eliassen.nl\/wp-content\/uploads\/2025\/10\/Wanddecoratie-plaat-Auto-in-stad-rood-60cm-eliassen.nl-1.jpg","width":1200,"height":900,"caption":"Wanddekoration Teller Auto in Stadtrot 60cm eliassen.de 3"},{"@type":"BreadcrumbList","@id":"https:\/\/www.eliassen.nl\/de\/wanddekoration-teller-auto-in-stadt-rot-60cm\/#breadcrumb","itemListElement":[{"@type":"ListItem","position":1,"name":"Home","item":"https:\/\/www.eliassen.nl\/de\/"},{"@type":"ListItem","position":2,"name":"Shop","item":"https:\/\/www.eliassen.nl\/de\/shop\/"},{"@type":"ListItem","position":3,"name":"Wanddekoration","item":"https:\/\/www.eliassen.nl\/de\/wanddekoration\/"},{"@type":"ListItem","position":4,"name":"Wanddekoration Teller Auto in Stadt rot 60cm"}]},{"@type":"WebSite","@id":"https:\/\/www.eliassen.nl\/de\/#website","url":"https:\/\/www.eliassen.nl\/de\/","name":"Eliassen Home & Garden Pleasure","description":"","publisher":{"@id":"https:\/\/www.eliassen.nl\/de\/#organization"},"alternateName":"Eliassen.nl","potentialAction":[{"@type":"SearchAction","target":{"@type":"EntryPoint","urlTemplate":"https:\/\/www.eliassen.nl\/de\/?s={search_term_string}"},"query-input":{"@type":"PropertyValueSpecification","valueRequired":true,"valueName":"search_term_string"}}],"inLanguage":"de"},{"@type":["Organization","Place"],"@id":"https:\/\/www.eliassen.nl\/de\/#organization","name":"Eliassen Home & Garden Pleasure","url":"https:\/\/www.eliassen.nl\/de\/","logo":{"@id":"https:\/\/www.eliassen.nl\/de\/wanddekoration-teller-auto-in-stadt-rot-60cm\/#local-main-organization-logo"},"image":{"@id":"https:\/\/www.eliassen.nl\/de\/wanddekoration-teller-auto-in-stadt-rot-60cm\/#local-main-organization-logo"},"sameAs":["https:\/\/www.facebook.com\/TuincentrumEliassenAmmerzoden","https:\/\/www.instagram.com\/eliassenhomeandgarden\/","https:\/\/nl.pinterest.com\/eliassenhomeandgarden\/","https:\/\/www.youtube.com\/@eliassenhomegardenpleasure4558"],"telephone":[],"openingHoursSpecification":[{"@type":"OpeningHoursSpecification","dayOfWeek":["Monday","Tuesday","Wednesday","Thursday","Friday","Saturday","Sunday"],"opens":"09:00","closes":"17:00"}]},{"@type":"ImageObject","inLanguage":"de","@id":"https:\/\/www.eliassen.nl\/de\/wanddekoration-teller-auto-in-stadt-rot-60cm\/#local-main-organization-logo","url":"https:\/\/www.eliassen.nl\/wp-content\/uploads\/2024\/01\/logo_4nd.jpg","contentUrl":"https:\/\/www.eliassen.nl\/wp-content\/uploads\/2024\/01\/logo_4nd.jpg","width":500,"height":500,"caption":"Eliassen Home & Garden Pleasure"}]},"product_price_amount":"31.05","product_price_currency":"EUR","og_availability":"instock","product_availability":"instock","product_retailer_item_id":"321v03","product_condition":"new"},"df_price":31.05,"df_sale_price":"","df_regular_price":31.05,"df_image_link":"https:\/\/www.eliassen.nl\/wp-content\/uploads\/2025\/10\/Wanddecoratie-plaat-Auto-in-stad-rood-60cm-eliassen.nl-1-300x225.jpg","image":"https:\/\/www.eliassen.nl\/wp-content\/uploads\/2025\/10\/Wanddecoratie-plaat-Auto-in-stad-rood-60cm-eliassen.nl-1-150x150.jpg","price_search":"<span class=\"woocommerce-Price-amount amount\"><bdi><span class=\"woocommerce-Price-currencySymbol\">&euro;<\/span>&nbsp;31,05<\/bdi><\/span>","category":"Vintage Wanddekoration M\u00e4nnerh\u00f6hle","global_unique_id":"6096524278234","_links":{"self":[{"href":"https:\/\/www.eliassen.nl\/de\/wp-json\/wp\/v2\/product\/193395","targetHints":{"allow":["GET"]}}],"collection":[{"href":"https:\/\/www.eliassen.nl\/de\/wp-json\/wp\/v2\/product"}],"about":[{"href":"https:\/\/www.eliassen.nl\/de\/wp-json\/wp\/v2\/types\/product"}],"wp:featuredmedia":[{"embeddable":true,"href":"https:\/\/www.eliassen.nl\/de\/wp-json\/wp\/v2\/media\/193070"}],"wp:attachment":[{"href":"https:\/\/www.eliassen.nl\/de\/wp-json\/wp\/v2\/media?parent=193395"}],"wp:term":[{"taxonomy":"product_brand","embeddable":true,"href":"https:\/\/www.eliassen.nl\/de\/wp-json\/wp\/v2\/product_brand?post=193395"},{"taxonomy":"product_cat","embeddable":true,"href":"https:\/\/www.eliassen.nl\/de\/wp-json\/wp\/v2\/product_cat?post=193395"},{"taxonomy":"product_tag","embeddable":true,"href":"https:\/\/www.eliassen.nl\/de\/wp-json\/wp\/v2\/product_tag?post=193395"}],"curies":[{"name":"wp","href":"https:\/\/api.w.org\/{rel}","templated":true}]}}