{"id":193362,"date":"2025-10-10T14:23:53","date_gmt":"2025-10-10T12:23:53","guid":{"rendered":"https:\/\/www.eliassen.nl\/product\/cameo-glaslampe-berry-46cm\/"},"modified":"2026-02-06T14:28:39","modified_gmt":"2026-02-06T13:28:39","slug":"cameo-glaslampe-berry-46cm","status":"publish","type":"product","link":"https:\/\/www.eliassen.nl\/de\/cameo-glaslampe-berry-46cm\/","title":{"rendered":"Cameo glas lampe von Emile Gall\u00e9 Beeren 46cm"},"content":{"rendered":"<p data-path-to-node=\"1\">Bringen Sie die klassische Sch\u00f6nheit des Jugendstils in Ihr Interieur mit der sch\u00f6nen Cameo Glaslampe &#8218;Berries&#8216;. Mit einer H\u00f6he von 46 cm und einem raffinierten Durchmesser des Schirms (26 cm) ist dieses Modell eine subtile, aber stimmungsvolle Erg\u00e4nzung f\u00fcr jeden Raum. Die nach dem Vorbild des weltber\u00fchmten Glask\u00fcnstlers \u00c9mile Gall\u00e9 gefertigte Lampe ist mit einem dekorativen Beerenmotiv in warmen Gelb-, Orange- und Braunt\u00f6nen verziert. Dies erzeugt ein sanftes, warmes Licht, sobald Sie das Licht einschalten.<\/p>\n<p data-path-to-node=\"2\">Das dicke Glas wird mit der traditionellen Cameo-Technik hergestellt. Dabei werden mehrere farbige Glasschichten \u00fcbereinander gelegt und dann durch \u00c4tzen oder Schneiden manipuliert, wodurch ein sch\u00f6ner Tiefeneffekt entsteht. Da jedes St\u00fcck handgefertigt ist, erhalten Sie immer ein einzigartiges St\u00fcck in Ihrem Zuhause. Die Lampe steht fest auf einem 14cm Sockel und ist mit zwei Lichtpunkten (E27 und E14) und einem 200cm langen Kabel ausgestattet. M\u00f6chten Sie das warme Aussehen und die Handwerkskunst lieber erst selbst beurteilen? Dann kommen Sie doch einfach in unseren Ausstellungsraum, um sich dieses Modell anzusehen.<\/p>\n","protected":false},"excerpt":{"rendered":"<p>Diese handgefertigte Cameo-Glaslampe (46cm) im Stil von \u00c9mile Gall\u00e9 zeigt ein stimmungsvolles Beerenmotiv in warmen Gelbbraun- und Oranget\u00f6nen. Die k\u00fcnstlerische Verarbeitung der Glasschichten schafft eine einzigartige Tiefe und warme Atmosph\u00e4re in Ihrem Zuhause.<\/p>\n","protected":false},"featured_media":192668,"template":"","meta":{"_acf_changed":false,"_genesis_title":"","_genesis_description":""},"product_brand":[7505],"product_cat":[1202,800,749,809,746],"product_tag":[],"class_list":{"0":"post-193362","1":"product","2":"type-product","3":"status-publish","4":"has-post-thumbnail","6":"product_brand-sonstige","7":"product_cat-cameo-glaskollektion","8":"product_cat-glaskunst","9":"product_cat-glaslampen","11":"product_cat-stimmungsvolle-beleuchtung","13":"first","14":"instock","15":"taxable","16":"shipping-taxable","17":"purchasable","18":"product-type-simple"},"acf":[],"meta_all":{"total_sales":"0","cor_restricted_countries":[]},"meta_all_flat":{"total_sales":"0"},"yoast_head":"<!-- This site is optimized with the Yoast SEO Premium plugin v26.2 (Yoast SEO v27.2) - https:\/\/yoast.com\/product\/yoast-seo-premium-wordpress\/ -->\n<title>Sonstige Cameo glas lampe von Emile Gall\u00e9 Beeren 46cm - Eliassen.nl<\/title>\n<meta name=\"description\" content=\"Stimmungsvolle Cameo Glaslampe (46cm) mit einzigartigem Beerendekor im Stil von \u00c9mile Gall\u00e9. Warme gelb-braune Farben und handgefertigt. Bestellen Sie dieses Kunstwerk online!\" \/>\n<meta name=\"robots\" content=\"index, follow, max-snippet:-1, max-image-preview:large, max-video-preview:-1\" \/>\n<link rel=\"canonical\" href=\"https:\/\/www.eliassen.nl\/de\/cameo-glaslampe-berry-46cm\/\" \/>\n<meta property=\"og:locale\" content=\"de_DE\" \/>\n<meta property=\"og:type\" content=\"article\" \/>\n<meta property=\"og:title\" content=\"Sonstige Cameo glas lampe von Emile Gall\u00e9 Beeren 46cm - Eliassen.nl\" \/>\n<meta property=\"og:description\" content=\"Stimmungsvolle Cameo Glaslampe (46cm) mit einzigartigem Beerendekor im Stil von \u00c9mile Gall\u00e9. Warme gelb-braune Farben und handgefertigt. Bestellen Sie dieses Kunstwerk online!\" \/>\n<meta property=\"og:url\" content=\"https:\/\/www.eliassen.nl\/de\/cameo-glaslampe-berry-46cm\/\" \/>\n<meta property=\"og:site_name\" content=\"Eliassen.nl\" \/>\n<meta property=\"article:publisher\" content=\"https:\/\/www.facebook.com\/TuincentrumEliassenAmmerzoden\" \/>\n<meta property=\"article:modified_time\" content=\"2026-02-06T13:28:39+00:00\" \/>\n<meta property=\"og:image\" content=\"https:\/\/www.eliassen.nl\/wp-content\/uploads\/2025\/10\/Cameo-glaslamp-Bessen-Eliassen.nl-Gla81-scaled.jpeg\" \/>\n\t<meta property=\"og:image:width\" content=\"1611\" \/>\n\t<meta property=\"og:image:height\" content=\"2560\" \/>\n\t<meta property=\"og:image:type\" content=\"image\/jpeg\" \/>\n<meta name=\"twitter:card\" content=\"summary_large_image\" \/>\n<script type=\"application\/ld+json\" class=\"yoast-schema-graph\">{\"@context\":\"https:\/\/schema.org\",\"@graph\":[{\"@type\":\"WebPage\",\"@id\":\"https:\/\/www.eliassen.nl\/de\/cameo-glaslampe-berry-46cm\/\",\"url\":\"https:\/\/www.eliassen.nl\/de\/cameo-glaslampe-berry-46cm\/\",\"name\":\"Sonstige Cameo glas lampe von Emile Gall\u00e9 Beeren 46cm - Eliassen.nl\",\"isPartOf\":{\"@id\":\"https:\/\/www.eliassen.nl\/de\/#website\"},\"primaryImageOfPage\":{\"@id\":\"https:\/\/www.eliassen.nl\/de\/cameo-glaslampe-berry-46cm\/#primaryimage\"},\"image\":{\"@id\":\"https:\/\/www.eliassen.nl\/de\/cameo-glaslampe-berry-46cm\/#primaryimage\"},\"thumbnailUrl\":\"https:\/\/www.eliassen.nl\/wp-content\/uploads\/2025\/10\/Cameo-glaslamp-Bessen-Eliassen.nl-Gla81-scaled.jpeg\",\"datePublished\":\"2025-10-10T12:23:53+00:00\",\"dateModified\":\"2026-02-06T13:28:39+00:00\",\"description\":\"Stimmungsvolle Cameo Glaslampe (46cm) mit einzigartigem Beerendekor im Stil von \u00c9mile Gall\u00e9. Warme gelb-braune Farben und handgefertigt. Bestellen Sie dieses Kunstwerk online!\",\"breadcrumb\":{\"@id\":\"https:\/\/www.eliassen.nl\/de\/cameo-glaslampe-berry-46cm\/#breadcrumb\"},\"inLanguage\":\"de\",\"potentialAction\":[{\"@type\":\"ReadAction\",\"target\":[\"https:\/\/www.eliassen.nl\/de\/cameo-glaslampe-berry-46cm\/\"]}]},{\"@type\":\"ImageObject\",\"inLanguage\":\"de\",\"@id\":\"https:\/\/www.eliassen.nl\/de\/cameo-glaslampe-berry-46cm\/#primaryimage\",\"url\":\"https:\/\/www.eliassen.nl\/wp-content\/uploads\/2025\/10\/Cameo-glaslamp-Bessen-Eliassen.nl-Gla81-scaled.jpeg\",\"contentUrl\":\"https:\/\/www.eliassen.nl\/wp-content\/uploads\/2025\/10\/Cameo-glaslamp-Bessen-Eliassen.nl-Gla81-scaled.jpeg\",\"width\":1611,\"height\":2560},{\"@type\":\"BreadcrumbList\",\"@id\":\"https:\/\/www.eliassen.nl\/de\/cameo-glaslampe-berry-46cm\/#breadcrumb\",\"itemListElement\":[{\"@type\":\"ListItem\",\"position\":1,\"name\":\"Home\",\"item\":\"https:\/\/www.eliassen.nl\/de\/\"},{\"@type\":\"ListItem\",\"position\":2,\"name\":\"Shop\",\"item\":\"https:\/\/www.eliassen.nl\/de\/shop\/\"},{\"@type\":\"ListItem\",\"position\":3,\"name\":\"Glaskunst\",\"item\":\"https:\/\/www.eliassen.nl\/de\/glaskunst\/\"},{\"@type\":\"ListItem\",\"position\":4,\"name\":\"Cameo glas lampe von Emile Gall\u00e9 Beeren 46cm\"}]},{\"@type\":\"WebSite\",\"@id\":\"https:\/\/www.eliassen.nl\/de\/#website\",\"url\":\"https:\/\/www.eliassen.nl\/de\/\",\"name\":\"Eliassen Home & Garden Pleasure\",\"description\":\"\",\"publisher\":{\"@id\":\"https:\/\/www.eliassen.nl\/de\/#organization\"},\"alternateName\":\"Eliassen.nl\",\"potentialAction\":[{\"@type\":\"SearchAction\",\"target\":{\"@type\":\"EntryPoint\",\"urlTemplate\":\"https:\/\/www.eliassen.nl\/de\/?s={search_term_string}\"},\"query-input\":{\"@type\":\"PropertyValueSpecification\",\"valueRequired\":true,\"valueName\":\"search_term_string\"}}],\"inLanguage\":\"de\"},{\"@type\":[\"Organization\",\"Place\"],\"@id\":\"https:\/\/www.eliassen.nl\/de\/#organization\",\"name\":\"Eliassen Home & Garden Pleasure\",\"url\":\"https:\/\/www.eliassen.nl\/de\/\",\"logo\":{\"@id\":\"https:\/\/www.eliassen.nl\/de\/cameo-glaslampe-berry-46cm\/#local-main-organization-logo\"},\"image\":{\"@id\":\"https:\/\/www.eliassen.nl\/de\/cameo-glaslampe-berry-46cm\/#local-main-organization-logo\"},\"sameAs\":[\"https:\/\/www.facebook.com\/TuincentrumEliassenAmmerzoden\",\"https:\/\/www.instagram.com\/eliassenhomeandgarden\/\",\"https:\/\/nl.pinterest.com\/eliassenhomeandgarden\/\",\"https:\/\/www.youtube.com\/@eliassenhomegardenpleasure4558\"],\"telephone\":[],\"openingHoursSpecification\":[{\"@type\":\"OpeningHoursSpecification\",\"dayOfWeek\":[\"Monday\",\"Tuesday\",\"Wednesday\",\"Thursday\",\"Friday\",\"Saturday\",\"Sunday\"],\"opens\":\"09:00\",\"closes\":\"17:00\"}]},{\"@type\":\"ImageObject\",\"inLanguage\":\"de\",\"@id\":\"https:\/\/www.eliassen.nl\/de\/cameo-glaslampe-berry-46cm\/#local-main-organization-logo\",\"url\":\"https:\/\/www.eliassen.nl\/wp-content\/uploads\/2024\/01\/logo_4nd.jpg\",\"contentUrl\":\"https:\/\/www.eliassen.nl\/wp-content\/uploads\/2024\/01\/logo_4nd.jpg\",\"width\":500,\"height\":500,\"caption\":\"Eliassen Home & Garden Pleasure\"}]}<\/script>\n<meta property=\"product:price:amount\" content=\"295.00\" \/>\n<meta property=\"product:price:currency\" content=\"EUR\" \/>\n<meta property=\"og:availability\" content=\"instock\" \/>\n<meta property=\"product:availability\" content=\"instock\" \/>\n<meta property=\"product:retailer_item_id\" content=\"gla81\" \/>\n<meta property=\"product:condition\" content=\"new\" \/>\n<!-- \/ Yoast SEO Premium plugin. -->","yoast_head_json":{"title":"Sonstige Cameo glas lampe von Emile Gall\u00e9 Beeren 46cm - Eliassen.nl","description":"Stimmungsvolle Cameo Glaslampe (46cm) mit einzigartigem Beerendekor im Stil von \u00c9mile Gall\u00e9. Warme gelb-braune Farben und handgefertigt. Bestellen Sie dieses Kunstwerk online!","robots":{"index":"index","follow":"follow","max-snippet":"max-snippet:-1","max-image-preview":"max-image-preview:large","max-video-preview":"max-video-preview:-1"},"canonical":"https:\/\/www.eliassen.nl\/de\/cameo-glaslampe-berry-46cm\/","og_locale":"de_DE","og_type":"article","og_title":"Sonstige Cameo glas lampe von Emile Gall\u00e9 Beeren 46cm - Eliassen.nl","og_description":"Stimmungsvolle Cameo Glaslampe (46cm) mit einzigartigem Beerendekor im Stil von \u00c9mile Gall\u00e9. Warme gelb-braune Farben und handgefertigt. Bestellen Sie dieses Kunstwerk online!","og_url":"https:\/\/www.eliassen.nl\/de\/cameo-glaslampe-berry-46cm\/","og_site_name":"Eliassen.nl","article_publisher":"https:\/\/www.facebook.com\/TuincentrumEliassenAmmerzoden","article_modified_time":"2026-02-06T13:28:39+00:00","og_image":[{"width":1611,"height":2560,"url":"https:\/\/www.eliassen.nl\/wp-content\/uploads\/2025\/10\/Cameo-glaslamp-Bessen-Eliassen.nl-Gla81-scaled.jpeg","type":"image\/jpeg"}],"twitter_card":"summary_large_image","schema":{"@context":"https:\/\/schema.org","@graph":[{"@type":"WebPage","@id":"https:\/\/www.eliassen.nl\/de\/cameo-glaslampe-berry-46cm\/","url":"https:\/\/www.eliassen.nl\/de\/cameo-glaslampe-berry-46cm\/","name":"Sonstige Cameo glas lampe von Emile Gall\u00e9 Beeren 46cm - Eliassen.nl","isPartOf":{"@id":"https:\/\/www.eliassen.nl\/de\/#website"},"primaryImageOfPage":{"@id":"https:\/\/www.eliassen.nl\/de\/cameo-glaslampe-berry-46cm\/#primaryimage"},"image":{"@id":"https:\/\/www.eliassen.nl\/de\/cameo-glaslampe-berry-46cm\/#primaryimage"},"thumbnailUrl":"https:\/\/www.eliassen.nl\/wp-content\/uploads\/2025\/10\/Cameo-glaslamp-Bessen-Eliassen.nl-Gla81-scaled.jpeg","datePublished":"2025-10-10T12:23:53+00:00","dateModified":"2026-02-06T13:28:39+00:00","description":"Stimmungsvolle Cameo Glaslampe (46cm) mit einzigartigem Beerendekor im Stil von \u00c9mile Gall\u00e9. Warme gelb-braune Farben und handgefertigt. Bestellen Sie dieses Kunstwerk online!","breadcrumb":{"@id":"https:\/\/www.eliassen.nl\/de\/cameo-glaslampe-berry-46cm\/#breadcrumb"},"inLanguage":"de","potentialAction":[{"@type":"ReadAction","target":["https:\/\/www.eliassen.nl\/de\/cameo-glaslampe-berry-46cm\/"]}]},{"@type":"ImageObject","inLanguage":"de","@id":"https:\/\/www.eliassen.nl\/de\/cameo-glaslampe-berry-46cm\/#primaryimage","url":"https:\/\/www.eliassen.nl\/wp-content\/uploads\/2025\/10\/Cameo-glaslamp-Bessen-Eliassen.nl-Gla81-scaled.jpeg","contentUrl":"https:\/\/www.eliassen.nl\/wp-content\/uploads\/2025\/10\/Cameo-glaslamp-Bessen-Eliassen.nl-Gla81-scaled.jpeg","width":1611,"height":2560},{"@type":"BreadcrumbList","@id":"https:\/\/www.eliassen.nl\/de\/cameo-glaslampe-berry-46cm\/#breadcrumb","itemListElement":[{"@type":"ListItem","position":1,"name":"Home","item":"https:\/\/www.eliassen.nl\/de\/"},{"@type":"ListItem","position":2,"name":"Shop","item":"https:\/\/www.eliassen.nl\/de\/shop\/"},{"@type":"ListItem","position":3,"name":"Glaskunst","item":"https:\/\/www.eliassen.nl\/de\/glaskunst\/"},{"@type":"ListItem","position":4,"name":"Cameo glas lampe von Emile Gall\u00e9 Beeren 46cm"}]},{"@type":"WebSite","@id":"https:\/\/www.eliassen.nl\/de\/#website","url":"https:\/\/www.eliassen.nl\/de\/","name":"Eliassen Home & Garden Pleasure","description":"","publisher":{"@id":"https:\/\/www.eliassen.nl\/de\/#organization"},"alternateName":"Eliassen.nl","potentialAction":[{"@type":"SearchAction","target":{"@type":"EntryPoint","urlTemplate":"https:\/\/www.eliassen.nl\/de\/?s={search_term_string}"},"query-input":{"@type":"PropertyValueSpecification","valueRequired":true,"valueName":"search_term_string"}}],"inLanguage":"de"},{"@type":["Organization","Place"],"@id":"https:\/\/www.eliassen.nl\/de\/#organization","name":"Eliassen Home & Garden Pleasure","url":"https:\/\/www.eliassen.nl\/de\/","logo":{"@id":"https:\/\/www.eliassen.nl\/de\/cameo-glaslampe-berry-46cm\/#local-main-organization-logo"},"image":{"@id":"https:\/\/www.eliassen.nl\/de\/cameo-glaslampe-berry-46cm\/#local-main-organization-logo"},"sameAs":["https:\/\/www.facebook.com\/TuincentrumEliassenAmmerzoden","https:\/\/www.instagram.com\/eliassenhomeandgarden\/","https:\/\/nl.pinterest.com\/eliassenhomeandgarden\/","https:\/\/www.youtube.com\/@eliassenhomegardenpleasure4558"],"telephone":[],"openingHoursSpecification":[{"@type":"OpeningHoursSpecification","dayOfWeek":["Monday","Tuesday","Wednesday","Thursday","Friday","Saturday","Sunday"],"opens":"09:00","closes":"17:00"}]},{"@type":"ImageObject","inLanguage":"de","@id":"https:\/\/www.eliassen.nl\/de\/cameo-glaslampe-berry-46cm\/#local-main-organization-logo","url":"https:\/\/www.eliassen.nl\/wp-content\/uploads\/2024\/01\/logo_4nd.jpg","contentUrl":"https:\/\/www.eliassen.nl\/wp-content\/uploads\/2024\/01\/logo_4nd.jpg","width":500,"height":500,"caption":"Eliassen Home & Garden Pleasure"}]},"product_price_amount":"295.00","product_price_currency":"EUR","og_availability":"instock","product_availability":"instock","product_retailer_item_id":"gla81","product_condition":"new"},"df_price":295,"df_sale_price":"","df_regular_price":295,"df_image_link":"https:\/\/www.eliassen.nl\/wp-content\/uploads\/2025\/10\/Cameo-glaslamp-Bessen-Eliassen.nl-Gla81-189x300.jpeg","image":"https:\/\/www.eliassen.nl\/wp-content\/uploads\/2025\/10\/Cameo-glaslamp-Bessen-Eliassen.nl-Gla81-150x150.jpeg","price_search":"<span class=\"woocommerce-Price-amount amount\"><bdi><span class=\"woocommerce-Price-currencySymbol\">&euro;<\/span>&nbsp;295,00<\/bdi><\/span>","category":"Cameo Glaskollektion","global_unique_id":"6096524735751","_links":{"self":[{"href":"https:\/\/www.eliassen.nl\/de\/wp-json\/wp\/v2\/product\/193362","targetHints":{"allow":["GET"]}}],"collection":[{"href":"https:\/\/www.eliassen.nl\/de\/wp-json\/wp\/v2\/product"}],"about":[{"href":"https:\/\/www.eliassen.nl\/de\/wp-json\/wp\/v2\/types\/product"}],"wp:featuredmedia":[{"embeddable":true,"href":"https:\/\/www.eliassen.nl\/de\/wp-json\/wp\/v2\/media\/192668"}],"wp:attachment":[{"href":"https:\/\/www.eliassen.nl\/de\/wp-json\/wp\/v2\/media?parent=193362"}],"wp:term":[{"taxonomy":"product_brand","embeddable":true,"href":"https:\/\/www.eliassen.nl\/de\/wp-json\/wp\/v2\/product_brand?post=193362"},{"taxonomy":"product_cat","embeddable":true,"href":"https:\/\/www.eliassen.nl\/de\/wp-json\/wp\/v2\/product_cat?post=193362"},{"taxonomy":"product_tag","embeddable":true,"href":"https:\/\/www.eliassen.nl\/de\/wp-json\/wp\/v2\/product_tag?post=193362"}],"curies":[{"name":"wp","href":"https:\/\/api.w.org\/{rel}","templated":true}]}}