{"id":193352,"date":"2025-10-10T13:50:44","date_gmt":"2025-10-10T11:50:44","guid":{"rendered":"https:\/\/www.eliassen.nl\/product\/atmosphaerenlampe-glas-travia-53cm\/"},"modified":"2026-02-06T14:29:39","modified_gmt":"2026-02-06T13:29:39","slug":"atmosphaerenlampe-glas-travia-53cm","status":"publish","type":"product","link":"https:\/\/www.eliassen.nl\/de\/atmosphaerenlampe-glas-travia-53cm\/","title":{"rendered":"Atmosph\u00e4renlampe aus Glas von Emile Gall\u00e9 Travia 53cm"},"content":{"rendered":"<p data-path-to-node=\"1\">Bringen Sie ein k\u00fcnstlerisches und warmes Ambiente in Ihr Interieur mit der &#8218;Travia&#8216; Stimmungslampe. Diese mundgeblasene Lampe mit einer H\u00f6he von ca. 53 cm wird nach der traditionellen Murano-Methode hergestellt und ist vom Stil von Emile Gall\u00e9 inspiriert. Das Ergebnis ist ein Objekt aus sehr klarem Kristallglas mit einem eleganten, kelchf\u00f6rmigen Schirm, der ein brillantes Zusammenspiel von Farben wie Blau, Gr\u00fcn und Rot enth\u00e4lt. Einmal angez\u00fcndet, verbreitet die Lampe ein freundliches und stimmungsvolles Licht, das jedem Raum sofort Charakter verleiht.<\/p>\n<p data-path-to-node=\"2\">Der Glasschirm ruht auf einem stabilen Metallsockel mit einem Durchmesser von 16 cm. Da jedes St\u00fcck mundgeblasen ist, holen Sie sich ein einzigartiges Kunstobjekt nach Hause. Farben und Formen k\u00f6nnen daher leicht von dem gezeigten Foto abweichen. Selbst tags\u00fcber, wenn die Lampe nicht leuchtet, ist das klare Kristallglas eine Augenweide. Die Lampe hat eine E27-Fassung und ein 180 cm langes Kabel mit einem Schalter. F\u00fcr eine optimale Wirkung und um einen Hitzestau in der Haube zu vermeiden, empfehlen wir die Verwendung einer LED-Lampe. W\u00fcrden Sie diese einzigartige Kollektion lieber zuerst live brennen sehen? Sie sind herzlich eingeladen, unseren Ausstellungsraum zu besuchen.<\/p>\n","protected":false},"excerpt":{"rendered":"<p>Diese einzigartige, mundgeblasene Stimmungslampe &#8218;Travia&#8216; (53cm) ist im Murano-Stil aus klarem Kristallglas gefertigt. Mit ihrem farbenfrohen, kelchf\u00f6rmigen Schirm auf einem Metallsockel ist sie ein k\u00fcnstlerischer Blickfang, der eine warme und freundliche Atmosph\u00e4re in Ihr Zuhause bringt.<\/p>\n","protected":false},"featured_media":192572,"template":"","meta":{"_acf_changed":false,"_genesis_title":"","_genesis_description":""},"product_brand":[7505],"product_cat":[800,749,809,746],"product_tag":[],"class_list":{"0":"post-193352","1":"product","2":"type-product","3":"status-publish","4":"has-post-thumbnail","6":"product_brand-sonstige","7":"product_cat-glaskunst","8":"product_cat-glaslampen","10":"product_cat-stimmungsvolle-beleuchtung","12":"first","13":"instock","14":"taxable","15":"shipping-taxable","16":"purchasable","17":"product-type-simple"},"acf":[],"meta_all":{"total_sales":"0","cor_restricted_countries":[]},"meta_all_flat":{"total_sales":"0"},"yoast_head":"<!-- This site is optimized with the Yoast SEO Premium plugin v26.2 (Yoast SEO v27.2) - https:\/\/yoast.com\/product\/yoast-seo-premium-wordpress\/ -->\n<title>Sonstige Atmosph\u00e4renlampe aus Glas von Emile Gall\u00e9 Travia 53cm - Eliassen.nl<\/title>\n<meta name=\"description\" content=\"K\u00fcnstlerische mundgeblasene Stimmungslampe &#039;Travia&#039; (53cm) im Muranostil. Klares Kristallglas auf einem Metallsockel f\u00fcr eine warme Atmosph\u00e4re. Bestellen Sie dieses einzigartige Kunstwerk direkt online!\" \/>\n<meta name=\"robots\" content=\"index, follow, max-snippet:-1, max-image-preview:large, max-video-preview:-1\" \/>\n<link rel=\"canonical\" href=\"https:\/\/www.eliassen.nl\/de\/atmosphaerenlampe-glas-travia-53cm\/\" \/>\n<meta property=\"og:locale\" content=\"de_DE\" \/>\n<meta property=\"og:type\" content=\"article\" \/>\n<meta property=\"og:title\" content=\"Sonstige Atmosph\u00e4renlampe aus Glas von Emile Gall\u00e9 Travia 53cm - Eliassen.nl\" \/>\n<meta property=\"og:description\" content=\"K\u00fcnstlerische mundgeblasene Stimmungslampe &#039;Travia&#039; (53cm) im Muranostil. Klares Kristallglas auf einem Metallsockel f\u00fcr eine warme Atmosph\u00e4re. Bestellen Sie dieses einzigartige Kunstwerk direkt online!\" \/>\n<meta property=\"og:url\" content=\"https:\/\/www.eliassen.nl\/de\/atmosphaerenlampe-glas-travia-53cm\/\" \/>\n<meta property=\"og:site_name\" content=\"Eliassen.nl\" \/>\n<meta property=\"article:publisher\" content=\"https:\/\/www.facebook.com\/TuincentrumEliassenAmmerzoden\" \/>\n<meta property=\"article:modified_time\" content=\"2026-02-06T13:29:39+00:00\" \/>\n<meta property=\"og:image\" content=\"https:\/\/www.eliassen.nl\/wp-content\/uploads\/2025\/10\/Sfeerlamp-glas-Travia-53cm-eliassen.nl-1-scaled.jpg\" \/>\n\t<meta property=\"og:image:width\" content=\"1920\" \/>\n\t<meta property=\"og:image:height\" content=\"2560\" \/>\n\t<meta property=\"og:image:type\" content=\"image\/jpeg\" \/>\n<meta name=\"twitter:card\" content=\"summary_large_image\" \/>\n<script type=\"application\/ld+json\" class=\"yoast-schema-graph\">{\"@context\":\"https:\/\/schema.org\",\"@graph\":[{\"@type\":\"WebPage\",\"@id\":\"https:\/\/www.eliassen.nl\/de\/atmosphaerenlampe-glas-travia-53cm\/\",\"url\":\"https:\/\/www.eliassen.nl\/de\/atmosphaerenlampe-glas-travia-53cm\/\",\"name\":\"Sonstige Atmosph\u00e4renlampe aus Glas von Emile Gall\u00e9 Travia 53cm - Eliassen.nl\",\"isPartOf\":{\"@id\":\"https:\/\/www.eliassen.nl\/de\/#website\"},\"primaryImageOfPage\":{\"@id\":\"https:\/\/www.eliassen.nl\/de\/atmosphaerenlampe-glas-travia-53cm\/#primaryimage\"},\"image\":{\"@id\":\"https:\/\/www.eliassen.nl\/de\/atmosphaerenlampe-glas-travia-53cm\/#primaryimage\"},\"thumbnailUrl\":\"https:\/\/www.eliassen.nl\/wp-content\/uploads\/2025\/10\/Sfeerlamp-glas-Travia-53cm-eliassen.nl-1-scaled.jpg\",\"datePublished\":\"2025-10-10T11:50:44+00:00\",\"dateModified\":\"2026-02-06T13:29:39+00:00\",\"description\":\"K\u00fcnstlerische mundgeblasene Stimmungslampe 'Travia' (53cm) im Muranostil. Klares Kristallglas auf einem Metallsockel f\u00fcr eine warme Atmosph\u00e4re. Bestellen Sie dieses einzigartige Kunstwerk direkt online!\",\"breadcrumb\":{\"@id\":\"https:\/\/www.eliassen.nl\/de\/atmosphaerenlampe-glas-travia-53cm\/#breadcrumb\"},\"inLanguage\":\"de\",\"potentialAction\":[{\"@type\":\"ReadAction\",\"target\":[\"https:\/\/www.eliassen.nl\/de\/atmosphaerenlampe-glas-travia-53cm\/\"]}]},{\"@type\":\"ImageObject\",\"inLanguage\":\"de\",\"@id\":\"https:\/\/www.eliassen.nl\/de\/atmosphaerenlampe-glas-travia-53cm\/#primaryimage\",\"url\":\"https:\/\/www.eliassen.nl\/wp-content\/uploads\/2025\/10\/Sfeerlamp-glas-Travia-53cm-eliassen.nl-1-scaled.jpg\",\"contentUrl\":\"https:\/\/www.eliassen.nl\/wp-content\/uploads\/2025\/10\/Sfeerlamp-glas-Travia-53cm-eliassen.nl-1-scaled.jpg\",\"width\":1920,\"height\":2560,\"caption\":\"Atmosph\u00e4renlampe Glas Travia 53cm eliassen.nl 3\"},{\"@type\":\"BreadcrumbList\",\"@id\":\"https:\/\/www.eliassen.nl\/de\/atmosphaerenlampe-glas-travia-53cm\/#breadcrumb\",\"itemListElement\":[{\"@type\":\"ListItem\",\"position\":1,\"name\":\"Home\",\"item\":\"https:\/\/www.eliassen.nl\/de\/\"},{\"@type\":\"ListItem\",\"position\":2,\"name\":\"Shop\",\"item\":\"https:\/\/www.eliassen.nl\/de\/shop\/\"},{\"@type\":\"ListItem\",\"position\":3,\"name\":\"Glaskunst\",\"item\":\"https:\/\/www.eliassen.nl\/de\/glaskunst\/\"},{\"@type\":\"ListItem\",\"position\":4,\"name\":\"Atmosph\u00e4renlampe aus Glas von Emile Gall\u00e9 Travia 53cm\"}]},{\"@type\":\"WebSite\",\"@id\":\"https:\/\/www.eliassen.nl\/de\/#website\",\"url\":\"https:\/\/www.eliassen.nl\/de\/\",\"name\":\"Eliassen Home & Garden Pleasure\",\"description\":\"\",\"publisher\":{\"@id\":\"https:\/\/www.eliassen.nl\/de\/#organization\"},\"alternateName\":\"Eliassen.nl\",\"potentialAction\":[{\"@type\":\"SearchAction\",\"target\":{\"@type\":\"EntryPoint\",\"urlTemplate\":\"https:\/\/www.eliassen.nl\/de\/?s={search_term_string}\"},\"query-input\":{\"@type\":\"PropertyValueSpecification\",\"valueRequired\":true,\"valueName\":\"search_term_string\"}}],\"inLanguage\":\"de\"},{\"@type\":[\"Organization\",\"Place\"],\"@id\":\"https:\/\/www.eliassen.nl\/de\/#organization\",\"name\":\"Eliassen Home & Garden Pleasure\",\"url\":\"https:\/\/www.eliassen.nl\/de\/\",\"logo\":{\"@id\":\"https:\/\/www.eliassen.nl\/de\/atmosphaerenlampe-glas-travia-53cm\/#local-main-organization-logo\"},\"image\":{\"@id\":\"https:\/\/www.eliassen.nl\/de\/atmosphaerenlampe-glas-travia-53cm\/#local-main-organization-logo\"},\"sameAs\":[\"https:\/\/www.facebook.com\/TuincentrumEliassenAmmerzoden\",\"https:\/\/www.instagram.com\/eliassenhomeandgarden\/\",\"https:\/\/nl.pinterest.com\/eliassenhomeandgarden\/\",\"https:\/\/www.youtube.com\/@eliassenhomegardenpleasure4558\"],\"telephone\":[],\"openingHoursSpecification\":[{\"@type\":\"OpeningHoursSpecification\",\"dayOfWeek\":[\"Monday\",\"Tuesday\",\"Wednesday\",\"Thursday\",\"Friday\",\"Saturday\",\"Sunday\"],\"opens\":\"09:00\",\"closes\":\"17:00\"}]},{\"@type\":\"ImageObject\",\"inLanguage\":\"de\",\"@id\":\"https:\/\/www.eliassen.nl\/de\/atmosphaerenlampe-glas-travia-53cm\/#local-main-organization-logo\",\"url\":\"https:\/\/www.eliassen.nl\/wp-content\/uploads\/2024\/01\/logo_4nd.jpg\",\"contentUrl\":\"https:\/\/www.eliassen.nl\/wp-content\/uploads\/2024\/01\/logo_4nd.jpg\",\"width\":500,\"height\":500,\"caption\":\"Eliassen Home & Garden Pleasure\"}]}<\/script>\n<meta property=\"product:price:amount\" content=\"139.00\" \/>\n<meta property=\"product:price:currency\" content=\"EUR\" \/>\n<meta property=\"og:availability\" content=\"instock\" \/>\n<meta property=\"product:availability\" content=\"instock\" \/>\n<meta property=\"product:retailer_item_id\" content=\"gs3004\" \/>\n<meta property=\"product:condition\" content=\"new\" \/>\n<!-- \/ Yoast SEO Premium plugin. -->","yoast_head_json":{"title":"Sonstige Atmosph\u00e4renlampe aus Glas von Emile Gall\u00e9 Travia 53cm - Eliassen.nl","description":"K\u00fcnstlerische mundgeblasene Stimmungslampe 'Travia' (53cm) im Muranostil. Klares Kristallglas auf einem Metallsockel f\u00fcr eine warme Atmosph\u00e4re. Bestellen Sie dieses einzigartige Kunstwerk direkt online!","robots":{"index":"index","follow":"follow","max-snippet":"max-snippet:-1","max-image-preview":"max-image-preview:large","max-video-preview":"max-video-preview:-1"},"canonical":"https:\/\/www.eliassen.nl\/de\/atmosphaerenlampe-glas-travia-53cm\/","og_locale":"de_DE","og_type":"article","og_title":"Sonstige Atmosph\u00e4renlampe aus Glas von Emile Gall\u00e9 Travia 53cm - Eliassen.nl","og_description":"K\u00fcnstlerische mundgeblasene Stimmungslampe 'Travia' (53cm) im Muranostil. Klares Kristallglas auf einem Metallsockel f\u00fcr eine warme Atmosph\u00e4re. Bestellen Sie dieses einzigartige Kunstwerk direkt online!","og_url":"https:\/\/www.eliassen.nl\/de\/atmosphaerenlampe-glas-travia-53cm\/","og_site_name":"Eliassen.nl","article_publisher":"https:\/\/www.facebook.com\/TuincentrumEliassenAmmerzoden","article_modified_time":"2026-02-06T13:29:39+00:00","og_image":[{"width":1920,"height":2560,"url":"https:\/\/www.eliassen.nl\/wp-content\/uploads\/2025\/10\/Sfeerlamp-glas-Travia-53cm-eliassen.nl-1-scaled.jpg","type":"image\/jpeg"}],"twitter_card":"summary_large_image","schema":{"@context":"https:\/\/schema.org","@graph":[{"@type":"WebPage","@id":"https:\/\/www.eliassen.nl\/de\/atmosphaerenlampe-glas-travia-53cm\/","url":"https:\/\/www.eliassen.nl\/de\/atmosphaerenlampe-glas-travia-53cm\/","name":"Sonstige Atmosph\u00e4renlampe aus Glas von Emile Gall\u00e9 Travia 53cm - Eliassen.nl","isPartOf":{"@id":"https:\/\/www.eliassen.nl\/de\/#website"},"primaryImageOfPage":{"@id":"https:\/\/www.eliassen.nl\/de\/atmosphaerenlampe-glas-travia-53cm\/#primaryimage"},"image":{"@id":"https:\/\/www.eliassen.nl\/de\/atmosphaerenlampe-glas-travia-53cm\/#primaryimage"},"thumbnailUrl":"https:\/\/www.eliassen.nl\/wp-content\/uploads\/2025\/10\/Sfeerlamp-glas-Travia-53cm-eliassen.nl-1-scaled.jpg","datePublished":"2025-10-10T11:50:44+00:00","dateModified":"2026-02-06T13:29:39+00:00","description":"K\u00fcnstlerische mundgeblasene Stimmungslampe 'Travia' (53cm) im Muranostil. Klares Kristallglas auf einem Metallsockel f\u00fcr eine warme Atmosph\u00e4re. Bestellen Sie dieses einzigartige Kunstwerk direkt online!","breadcrumb":{"@id":"https:\/\/www.eliassen.nl\/de\/atmosphaerenlampe-glas-travia-53cm\/#breadcrumb"},"inLanguage":"de","potentialAction":[{"@type":"ReadAction","target":["https:\/\/www.eliassen.nl\/de\/atmosphaerenlampe-glas-travia-53cm\/"]}]},{"@type":"ImageObject","inLanguage":"de","@id":"https:\/\/www.eliassen.nl\/de\/atmosphaerenlampe-glas-travia-53cm\/#primaryimage","url":"https:\/\/www.eliassen.nl\/wp-content\/uploads\/2025\/10\/Sfeerlamp-glas-Travia-53cm-eliassen.nl-1-scaled.jpg","contentUrl":"https:\/\/www.eliassen.nl\/wp-content\/uploads\/2025\/10\/Sfeerlamp-glas-Travia-53cm-eliassen.nl-1-scaled.jpg","width":1920,"height":2560,"caption":"Atmosph\u00e4renlampe Glas Travia 53cm eliassen.nl 3"},{"@type":"BreadcrumbList","@id":"https:\/\/www.eliassen.nl\/de\/atmosphaerenlampe-glas-travia-53cm\/#breadcrumb","itemListElement":[{"@type":"ListItem","position":1,"name":"Home","item":"https:\/\/www.eliassen.nl\/de\/"},{"@type":"ListItem","position":2,"name":"Shop","item":"https:\/\/www.eliassen.nl\/de\/shop\/"},{"@type":"ListItem","position":3,"name":"Glaskunst","item":"https:\/\/www.eliassen.nl\/de\/glaskunst\/"},{"@type":"ListItem","position":4,"name":"Atmosph\u00e4renlampe aus Glas von Emile Gall\u00e9 Travia 53cm"}]},{"@type":"WebSite","@id":"https:\/\/www.eliassen.nl\/de\/#website","url":"https:\/\/www.eliassen.nl\/de\/","name":"Eliassen Home & Garden Pleasure","description":"","publisher":{"@id":"https:\/\/www.eliassen.nl\/de\/#organization"},"alternateName":"Eliassen.nl","potentialAction":[{"@type":"SearchAction","target":{"@type":"EntryPoint","urlTemplate":"https:\/\/www.eliassen.nl\/de\/?s={search_term_string}"},"query-input":{"@type":"PropertyValueSpecification","valueRequired":true,"valueName":"search_term_string"}}],"inLanguage":"de"},{"@type":["Organization","Place"],"@id":"https:\/\/www.eliassen.nl\/de\/#organization","name":"Eliassen Home & Garden Pleasure","url":"https:\/\/www.eliassen.nl\/de\/","logo":{"@id":"https:\/\/www.eliassen.nl\/de\/atmosphaerenlampe-glas-travia-53cm\/#local-main-organization-logo"},"image":{"@id":"https:\/\/www.eliassen.nl\/de\/atmosphaerenlampe-glas-travia-53cm\/#local-main-organization-logo"},"sameAs":["https:\/\/www.facebook.com\/TuincentrumEliassenAmmerzoden","https:\/\/www.instagram.com\/eliassenhomeandgarden\/","https:\/\/nl.pinterest.com\/eliassenhomeandgarden\/","https:\/\/www.youtube.com\/@eliassenhomegardenpleasure4558"],"telephone":[],"openingHoursSpecification":[{"@type":"OpeningHoursSpecification","dayOfWeek":["Monday","Tuesday","Wednesday","Thursday","Friday","Saturday","Sunday"],"opens":"09:00","closes":"17:00"}]},{"@type":"ImageObject","inLanguage":"de","@id":"https:\/\/www.eliassen.nl\/de\/atmosphaerenlampe-glas-travia-53cm\/#local-main-organization-logo","url":"https:\/\/www.eliassen.nl\/wp-content\/uploads\/2024\/01\/logo_4nd.jpg","contentUrl":"https:\/\/www.eliassen.nl\/wp-content\/uploads\/2024\/01\/logo_4nd.jpg","width":500,"height":500,"caption":"Eliassen Home & Garden Pleasure"}]},"product_price_amount":"139.00","product_price_currency":"EUR","og_availability":"instock","product_availability":"instock","product_retailer_item_id":"gs3004","product_condition":"new"},"df_price":139,"df_sale_price":"","df_regular_price":139,"df_image_link":"https:\/\/www.eliassen.nl\/wp-content\/uploads\/2025\/10\/Sfeerlamp-glas-Travia-53cm-eliassen.nl-1-225x300.jpg","image":"https:\/\/www.eliassen.nl\/wp-content\/uploads\/2025\/10\/Sfeerlamp-glas-Travia-53cm-eliassen.nl-1-150x150.jpg","price_search":"<span class=\"woocommerce-Price-amount amount\"><bdi><span class=\"woocommerce-Price-currencySymbol\">&euro;<\/span>&nbsp;139,00<\/bdi><\/span>","category":"Glaskunst","global_unique_id":"6096532271227","_links":{"self":[{"href":"https:\/\/www.eliassen.nl\/de\/wp-json\/wp\/v2\/product\/193352","targetHints":{"allow":["GET"]}}],"collection":[{"href":"https:\/\/www.eliassen.nl\/de\/wp-json\/wp\/v2\/product"}],"about":[{"href":"https:\/\/www.eliassen.nl\/de\/wp-json\/wp\/v2\/types\/product"}],"wp:featuredmedia":[{"embeddable":true,"href":"https:\/\/www.eliassen.nl\/de\/wp-json\/wp\/v2\/media\/192572"}],"wp:attachment":[{"href":"https:\/\/www.eliassen.nl\/de\/wp-json\/wp\/v2\/media?parent=193352"}],"wp:term":[{"taxonomy":"product_brand","embeddable":true,"href":"https:\/\/www.eliassen.nl\/de\/wp-json\/wp\/v2\/product_brand?post=193352"},{"taxonomy":"product_cat","embeddable":true,"href":"https:\/\/www.eliassen.nl\/de\/wp-json\/wp\/v2\/product_cat?post=193352"},{"taxonomy":"product_tag","embeddable":true,"href":"https:\/\/www.eliassen.nl\/de\/wp-json\/wp\/v2\/product_tag?post=193352"}],"curies":[{"name":"wp","href":"https:\/\/api.w.org\/{rel}","templated":true}]}}