{"id":193338,"date":"2025-10-10T12:02:51","date_gmt":"2025-10-10T10:02:51","guid":{"rendered":"https:\/\/www.eliassen.nl\/product\/glasleuchte-arno-frankreich-blau-grau-65cm\/"},"modified":"2026-02-06T14:29:23","modified_gmt":"2026-02-06T13:29:23","slug":"glasleuchte-arno-frankreich-blau-grau-65cm","status":"publish","type":"product","link":"https:\/\/www.eliassen.nl\/de\/glasleuchte-arno-frankreich-blau-grau-65cm\/","title":{"rendered":"Glasleuchte Arno Frankreich blau-grau 65cm"},"content":{"rendered":"<p><iframe title=\"YouTube-Video-Player\" src=\"https:\/\/www.youtube.com\/embed\/HizD6Y4wHf8\" width=\"  420\" height=\"236\" frameborder=\"0\" allowfullscreen=\"allowfullscreen\"><\/iframe><\/p>\n<p data-path-to-node=\"2\">Verleihen Sie Ihrer Einrichtung einen Hauch von zeitloser Eleganz mit dieser atemberaubenden ovalen Glaslampe von Arno France. Dieses einzigartige Glasobjekt wird von Hand aus sehr klarem Kristallglas mit einem Mindestbleigehalt von 24% mundgeblasen. Dieser hohe Bleigehalt sorgt f\u00fcr eine brillante Lichtbrechung und eine noch nie dagewesene Brillanz. Mit den Ma\u00dfen von ca. 28x14x65 cm ist dies eine stattliche Erscheinung, die sofort die Aufmerksamkeit auf sich zieht. Die sch\u00f6nen blauen und grauen Farbt\u00f6ne verschmelzen zu einem kunstvollen Muster, das die Lampe auch tags\u00fcber zu einem exklusiven Kunstwerk macht.<\/p>\n<p data-path-to-node=\"3\">Die Lampe hat eine E14-Fassung und steht auf einem massiven Kristallsockel mit einem Durchmesser von 16 cm. Da jedes St\u00fcck handgefertigt ist, erhalten Sie immer ein einzigartiges Objekt in Ihrem Zuhause, das sich geringf\u00fcgig von der Abbildung unterscheiden kann. F\u00fcr eine optimale Nutzung wird diese Lampe jetzt mit einer <b data-path-to-node=\"3\" data-index-in-node=\"292\">kostenlosen LED-Gl\u00fchbirne mit Fernbedienung<\/b> geliefert, so dass Sie die Helligkeit und Farbe selbst an Ihre gew\u00fcnschte Stimmung anpassen k\u00f6nnen.<\/p>\n","protected":false},"excerpt":{"rendered":"<p>Diese mundgeblasene Lampe aus hochwertigem Kristallglas (24% Bleianteil) misst 28x14x65 cm und hat ein attraktives blau-graues Farbmuster. Das Kunstobjekt hat eine E14-Fassung und wird mit einer kostenlosen LED-Lampe mit Fernbedienung geliefert. Dank des hochwertigen Kristalls und der mundgeblasenen Oberfl\u00e4che ist dies ein einzigartiger und beeindruckender Blickfang f\u00fcr Ihr Interieur.<\/p>\n","protected":false},"featured_media":193225,"template":"","meta":{"_acf_changed":false,"_genesis_title":"","_genesis_description":""},"product_brand":[7455],"product_cat":[800,749,809,746],"product_tag":[],"class_list":{"0":"post-193338","1":"product","2":"type-product","3":"status-publish","4":"has-post-thumbnail","6":"product_brand-arno-frankreich","7":"product_cat-glaskunst","8":"product_cat-glaslampen","10":"product_cat-stimmungsvolle-beleuchtung","12":"first","13":"instock","14":"taxable","15":"shipping-taxable","16":"purchasable","17":"product-type-simple"},"acf":[],"meta_all":{"total_sales":"0","cor_restricted_countries":[]},"meta_all_flat":{"total_sales":"0"},"yoast_head":"<!-- This site is optimized with the Yoast SEO Premium plugin v26.2 (Yoast SEO v27.2) - https:\/\/yoast.com\/product\/yoast-seo-premium-wordpress\/ -->\n<title>Arno Frankreich Glasleuchte Arno Frankreich blau-grau 65cm - Eliassen.nl<\/title>\n<meta name=\"description\" content=\"Luxuri\u00f6se Glaslampe Arno France (28x14x65cm) aus 24% Kristallglas in blau-grau. Handgeblasenes Kunstobjekt mit E14-Fassung, inklusive kostenloser LED-Lampe und Fernbedienung.\" \/>\n<meta name=\"robots\" content=\"index, follow, max-snippet:-1, max-image-preview:large, max-video-preview:-1\" \/>\n<link rel=\"canonical\" href=\"https:\/\/www.eliassen.nl\/de\/glasleuchte-arno-frankreich-blau-grau-65cm\/\" \/>\n<meta property=\"og:locale\" content=\"de_DE\" \/>\n<meta property=\"og:type\" content=\"article\" \/>\n<meta property=\"og:title\" content=\"Arno Frankreich Glasleuchte Arno Frankreich blau-grau 65cm - Eliassen.nl\" \/>\n<meta property=\"og:description\" content=\"Luxuri\u00f6se Glaslampe Arno France (28x14x65cm) aus 24% Kristallglas in blau-grau. Handgeblasenes Kunstobjekt mit E14-Fassung, inklusive kostenloser LED-Lampe und Fernbedienung.\" \/>\n<meta property=\"og:url\" content=\"https:\/\/www.eliassen.nl\/de\/glasleuchte-arno-frankreich-blau-grau-65cm\/\" \/>\n<meta property=\"og:site_name\" content=\"Eliassen.nl\" \/>\n<meta property=\"article:publisher\" content=\"https:\/\/www.facebook.com\/TuincentrumEliassenAmmerzoden\" \/>\n<meta property=\"article:modified_time\" content=\"2026-02-06T13:29:23+00:00\" \/>\n<meta property=\"og:image\" content=\"https:\/\/www.eliassen.nl\/wp-content\/uploads\/2025\/10\/Glaslamp-Arno-france-blauw-grijs-Eliassen.nl_-scaled.jpeg\" \/>\n\t<meta property=\"og:image:width\" content=\"1440\" \/>\n\t<meta property=\"og:image:height\" content=\"2560\" \/>\n\t<meta property=\"og:image:type\" content=\"image\/jpeg\" \/>\n<meta name=\"twitter:card\" content=\"summary_large_image\" \/>\n<script type=\"application\/ld+json\" class=\"yoast-schema-graph\">{\"@context\":\"https:\/\/schema.org\",\"@graph\":[{\"@type\":\"WebPage\",\"@id\":\"https:\/\/www.eliassen.nl\/de\/glasleuchte-arno-frankreich-blau-grau-65cm\/\",\"url\":\"https:\/\/www.eliassen.nl\/de\/glasleuchte-arno-frankreich-blau-grau-65cm\/\",\"name\":\"Arno Frankreich Glasleuchte Arno Frankreich blau-grau 65cm - Eliassen.nl\",\"isPartOf\":{\"@id\":\"https:\/\/www.eliassen.nl\/de\/#website\"},\"primaryImageOfPage\":{\"@id\":\"https:\/\/www.eliassen.nl\/de\/glasleuchte-arno-frankreich-blau-grau-65cm\/#primaryimage\"},\"image\":{\"@id\":\"https:\/\/www.eliassen.nl\/de\/glasleuchte-arno-frankreich-blau-grau-65cm\/#primaryimage\"},\"thumbnailUrl\":\"https:\/\/www.eliassen.nl\/wp-content\/uploads\/2025\/10\/Glaslamp-Arno-france-blauw-grijs-Eliassen.nl_-scaled.jpeg\",\"datePublished\":\"2025-10-10T10:02:51+00:00\",\"dateModified\":\"2026-02-06T13:29:23+00:00\",\"description\":\"Luxuri\u00f6se Glaslampe Arno France (28x14x65cm) aus 24% Kristallglas in blau-grau. Handgeblasenes Kunstobjekt mit E14-Fassung, inklusive kostenloser LED-Lampe und Fernbedienung.\",\"breadcrumb\":{\"@id\":\"https:\/\/www.eliassen.nl\/de\/glasleuchte-arno-frankreich-blau-grau-65cm\/#breadcrumb\"},\"inLanguage\":\"de\",\"potentialAction\":[{\"@type\":\"ReadAction\",\"target\":[\"https:\/\/www.eliassen.nl\/de\/glasleuchte-arno-frankreich-blau-grau-65cm\/\"]}]},{\"@type\":\"ImageObject\",\"inLanguage\":\"de\",\"@id\":\"https:\/\/www.eliassen.nl\/de\/glasleuchte-arno-frankreich-blau-grau-65cm\/#primaryimage\",\"url\":\"https:\/\/www.eliassen.nl\/wp-content\/uploads\/2025\/10\/Glaslamp-Arno-france-blauw-grijs-Eliassen.nl_-scaled.jpeg\",\"contentUrl\":\"https:\/\/www.eliassen.nl\/wp-content\/uploads\/2025\/10\/Glaslamp-Arno-france-blauw-grijs-Eliassen.nl_-scaled.jpeg\",\"width\":1440,\"height\":2560,\"caption\":\"Glasleuchte Arno frankreich blau grau Eliassen.nl\"},{\"@type\":\"BreadcrumbList\",\"@id\":\"https:\/\/www.eliassen.nl\/de\/glasleuchte-arno-frankreich-blau-grau-65cm\/#breadcrumb\",\"itemListElement\":[{\"@type\":\"ListItem\",\"position\":1,\"name\":\"Home\",\"item\":\"https:\/\/www.eliassen.nl\/de\/\"},{\"@type\":\"ListItem\",\"position\":2,\"name\":\"Shop\",\"item\":\"https:\/\/www.eliassen.nl\/de\/shop\/\"},{\"@type\":\"ListItem\",\"position\":3,\"name\":\"Glaskunst\",\"item\":\"https:\/\/www.eliassen.nl\/de\/glaskunst\/\"},{\"@type\":\"ListItem\",\"position\":4,\"name\":\"Glasleuchte Arno Frankreich blau-grau 65cm\"}]},{\"@type\":\"WebSite\",\"@id\":\"https:\/\/www.eliassen.nl\/de\/#website\",\"url\":\"https:\/\/www.eliassen.nl\/de\/\",\"name\":\"Eliassen Home & Garden Pleasure\",\"description\":\"\",\"publisher\":{\"@id\":\"https:\/\/www.eliassen.nl\/de\/#organization\"},\"alternateName\":\"Eliassen.nl\",\"potentialAction\":[{\"@type\":\"SearchAction\",\"target\":{\"@type\":\"EntryPoint\",\"urlTemplate\":\"https:\/\/www.eliassen.nl\/de\/?s={search_term_string}\"},\"query-input\":{\"@type\":\"PropertyValueSpecification\",\"valueRequired\":true,\"valueName\":\"search_term_string\"}}],\"inLanguage\":\"de\"},{\"@type\":[\"Organization\",\"Place\"],\"@id\":\"https:\/\/www.eliassen.nl\/de\/#organization\",\"name\":\"Eliassen Home & Garden Pleasure\",\"url\":\"https:\/\/www.eliassen.nl\/de\/\",\"logo\":{\"@id\":\"https:\/\/www.eliassen.nl\/de\/glasleuchte-arno-frankreich-blau-grau-65cm\/#local-main-organization-logo\"},\"image\":{\"@id\":\"https:\/\/www.eliassen.nl\/de\/glasleuchte-arno-frankreich-blau-grau-65cm\/#local-main-organization-logo\"},\"sameAs\":[\"https:\/\/www.facebook.com\/TuincentrumEliassenAmmerzoden\",\"https:\/\/www.instagram.com\/eliassenhomeandgarden\/\",\"https:\/\/nl.pinterest.com\/eliassenhomeandgarden\/\",\"https:\/\/www.youtube.com\/@eliassenhomegardenpleasure4558\"],\"telephone\":[],\"openingHoursSpecification\":[{\"@type\":\"OpeningHoursSpecification\",\"dayOfWeek\":[\"Monday\",\"Tuesday\",\"Wednesday\",\"Thursday\",\"Friday\",\"Saturday\",\"Sunday\"],\"opens\":\"09:00\",\"closes\":\"17:00\"}]},{\"@type\":\"ImageObject\",\"inLanguage\":\"de\",\"@id\":\"https:\/\/www.eliassen.nl\/de\/glasleuchte-arno-frankreich-blau-grau-65cm\/#local-main-organization-logo\",\"url\":\"https:\/\/www.eliassen.nl\/wp-content\/uploads\/2024\/01\/logo_4nd.jpg\",\"contentUrl\":\"https:\/\/www.eliassen.nl\/wp-content\/uploads\/2024\/01\/logo_4nd.jpg\",\"width\":500,\"height\":500,\"caption\":\"Eliassen Home & Garden Pleasure\"}]}<\/script>\n<meta property=\"product:price:amount\" content=\"279.00\" \/>\n<meta property=\"product:price:currency\" content=\"EUR\" \/>\n<meta property=\"og:availability\" content=\"instock\" \/>\n<meta property=\"product:availability\" content=\"instock\" \/>\n<meta property=\"product:retailer_item_id\" content=\"lv-f8-40\" \/>\n<meta property=\"product:condition\" content=\"new\" \/>\n<!-- \/ Yoast SEO Premium plugin. -->","yoast_head_json":{"title":"Arno Frankreich Glasleuchte Arno Frankreich blau-grau 65cm - Eliassen.nl","description":"Luxuri\u00f6se Glaslampe Arno France (28x14x65cm) aus 24% Kristallglas in blau-grau. Handgeblasenes Kunstobjekt mit E14-Fassung, inklusive kostenloser LED-Lampe und Fernbedienung.","robots":{"index":"index","follow":"follow","max-snippet":"max-snippet:-1","max-image-preview":"max-image-preview:large","max-video-preview":"max-video-preview:-1"},"canonical":"https:\/\/www.eliassen.nl\/de\/glasleuchte-arno-frankreich-blau-grau-65cm\/","og_locale":"de_DE","og_type":"article","og_title":"Arno Frankreich Glasleuchte Arno Frankreich blau-grau 65cm - Eliassen.nl","og_description":"Luxuri\u00f6se Glaslampe Arno France (28x14x65cm) aus 24% Kristallglas in blau-grau. Handgeblasenes Kunstobjekt mit E14-Fassung, inklusive kostenloser LED-Lampe und Fernbedienung.","og_url":"https:\/\/www.eliassen.nl\/de\/glasleuchte-arno-frankreich-blau-grau-65cm\/","og_site_name":"Eliassen.nl","article_publisher":"https:\/\/www.facebook.com\/TuincentrumEliassenAmmerzoden","article_modified_time":"2026-02-06T13:29:23+00:00","og_image":[{"width":1440,"height":2560,"url":"https:\/\/www.eliassen.nl\/wp-content\/uploads\/2025\/10\/Glaslamp-Arno-france-blauw-grijs-Eliassen.nl_-scaled.jpeg","type":"image\/jpeg"}],"twitter_card":"summary_large_image","schema":{"@context":"https:\/\/schema.org","@graph":[{"@type":"WebPage","@id":"https:\/\/www.eliassen.nl\/de\/glasleuchte-arno-frankreich-blau-grau-65cm\/","url":"https:\/\/www.eliassen.nl\/de\/glasleuchte-arno-frankreich-blau-grau-65cm\/","name":"Arno Frankreich Glasleuchte Arno Frankreich blau-grau 65cm - Eliassen.nl","isPartOf":{"@id":"https:\/\/www.eliassen.nl\/de\/#website"},"primaryImageOfPage":{"@id":"https:\/\/www.eliassen.nl\/de\/glasleuchte-arno-frankreich-blau-grau-65cm\/#primaryimage"},"image":{"@id":"https:\/\/www.eliassen.nl\/de\/glasleuchte-arno-frankreich-blau-grau-65cm\/#primaryimage"},"thumbnailUrl":"https:\/\/www.eliassen.nl\/wp-content\/uploads\/2025\/10\/Glaslamp-Arno-france-blauw-grijs-Eliassen.nl_-scaled.jpeg","datePublished":"2025-10-10T10:02:51+00:00","dateModified":"2026-02-06T13:29:23+00:00","description":"Luxuri\u00f6se Glaslampe Arno France (28x14x65cm) aus 24% Kristallglas in blau-grau. Handgeblasenes Kunstobjekt mit E14-Fassung, inklusive kostenloser LED-Lampe und Fernbedienung.","breadcrumb":{"@id":"https:\/\/www.eliassen.nl\/de\/glasleuchte-arno-frankreich-blau-grau-65cm\/#breadcrumb"},"inLanguage":"de","potentialAction":[{"@type":"ReadAction","target":["https:\/\/www.eliassen.nl\/de\/glasleuchte-arno-frankreich-blau-grau-65cm\/"]}]},{"@type":"ImageObject","inLanguage":"de","@id":"https:\/\/www.eliassen.nl\/de\/glasleuchte-arno-frankreich-blau-grau-65cm\/#primaryimage","url":"https:\/\/www.eliassen.nl\/wp-content\/uploads\/2025\/10\/Glaslamp-Arno-france-blauw-grijs-Eliassen.nl_-scaled.jpeg","contentUrl":"https:\/\/www.eliassen.nl\/wp-content\/uploads\/2025\/10\/Glaslamp-Arno-france-blauw-grijs-Eliassen.nl_-scaled.jpeg","width":1440,"height":2560,"caption":"Glasleuchte Arno frankreich blau grau Eliassen.nl"},{"@type":"BreadcrumbList","@id":"https:\/\/www.eliassen.nl\/de\/glasleuchte-arno-frankreich-blau-grau-65cm\/#breadcrumb","itemListElement":[{"@type":"ListItem","position":1,"name":"Home","item":"https:\/\/www.eliassen.nl\/de\/"},{"@type":"ListItem","position":2,"name":"Shop","item":"https:\/\/www.eliassen.nl\/de\/shop\/"},{"@type":"ListItem","position":3,"name":"Glaskunst","item":"https:\/\/www.eliassen.nl\/de\/glaskunst\/"},{"@type":"ListItem","position":4,"name":"Glasleuchte Arno Frankreich blau-grau 65cm"}]},{"@type":"WebSite","@id":"https:\/\/www.eliassen.nl\/de\/#website","url":"https:\/\/www.eliassen.nl\/de\/","name":"Eliassen Home & Garden Pleasure","description":"","publisher":{"@id":"https:\/\/www.eliassen.nl\/de\/#organization"},"alternateName":"Eliassen.nl","potentialAction":[{"@type":"SearchAction","target":{"@type":"EntryPoint","urlTemplate":"https:\/\/www.eliassen.nl\/de\/?s={search_term_string}"},"query-input":{"@type":"PropertyValueSpecification","valueRequired":true,"valueName":"search_term_string"}}],"inLanguage":"de"},{"@type":["Organization","Place"],"@id":"https:\/\/www.eliassen.nl\/de\/#organization","name":"Eliassen Home & Garden Pleasure","url":"https:\/\/www.eliassen.nl\/de\/","logo":{"@id":"https:\/\/www.eliassen.nl\/de\/glasleuchte-arno-frankreich-blau-grau-65cm\/#local-main-organization-logo"},"image":{"@id":"https:\/\/www.eliassen.nl\/de\/glasleuchte-arno-frankreich-blau-grau-65cm\/#local-main-organization-logo"},"sameAs":["https:\/\/www.facebook.com\/TuincentrumEliassenAmmerzoden","https:\/\/www.instagram.com\/eliassenhomeandgarden\/","https:\/\/nl.pinterest.com\/eliassenhomeandgarden\/","https:\/\/www.youtube.com\/@eliassenhomegardenpleasure4558"],"telephone":[],"openingHoursSpecification":[{"@type":"OpeningHoursSpecification","dayOfWeek":["Monday","Tuesday","Wednesday","Thursday","Friday","Saturday","Sunday"],"opens":"09:00","closes":"17:00"}]},{"@type":"ImageObject","inLanguage":"de","@id":"https:\/\/www.eliassen.nl\/de\/glasleuchte-arno-frankreich-blau-grau-65cm\/#local-main-organization-logo","url":"https:\/\/www.eliassen.nl\/wp-content\/uploads\/2024\/01\/logo_4nd.jpg","contentUrl":"https:\/\/www.eliassen.nl\/wp-content\/uploads\/2024\/01\/logo_4nd.jpg","width":500,"height":500,"caption":"Eliassen Home & Garden Pleasure"}]},"product_price_amount":"279.00","product_price_currency":"EUR","og_availability":"instock","product_availability":"instock","product_retailer_item_id":"lv-f8-40","product_condition":"new"},"df_price":279,"df_sale_price":"","df_regular_price":279,"df_image_link":"https:\/\/www.eliassen.nl\/wp-content\/uploads\/2025\/10\/Glaslamp-Arno-france-blauw-grijs-Eliassen.nl_-169x300.jpeg","image":"https:\/\/www.eliassen.nl\/wp-content\/uploads\/2025\/10\/Glaslamp-Arno-france-blauw-grijs-Eliassen.nl_-150x150.jpeg","price_search":"<span class=\"woocommerce-Price-amount amount\"><bdi><span class=\"woocommerce-Price-currencySymbol\">&euro;<\/span>&nbsp;279,00<\/bdi><\/span>","category":"Glaskunst","global_unique_id":"6096534312386","_links":{"self":[{"href":"https:\/\/www.eliassen.nl\/de\/wp-json\/wp\/v2\/product\/193338","targetHints":{"allow":["GET"]}}],"collection":[{"href":"https:\/\/www.eliassen.nl\/de\/wp-json\/wp\/v2\/product"}],"about":[{"href":"https:\/\/www.eliassen.nl\/de\/wp-json\/wp\/v2\/types\/product"}],"wp:featuredmedia":[{"embeddable":true,"href":"https:\/\/www.eliassen.nl\/de\/wp-json\/wp\/v2\/media\/193225"}],"wp:attachment":[{"href":"https:\/\/www.eliassen.nl\/de\/wp-json\/wp\/v2\/media?parent=193338"}],"wp:term":[{"taxonomy":"product_brand","embeddable":true,"href":"https:\/\/www.eliassen.nl\/de\/wp-json\/wp\/v2\/product_brand?post=193338"},{"taxonomy":"product_cat","embeddable":true,"href":"https:\/\/www.eliassen.nl\/de\/wp-json\/wp\/v2\/product_cat?post=193338"},{"taxonomy":"product_tag","embeddable":true,"href":"https:\/\/www.eliassen.nl\/de\/wp-json\/wp\/v2\/product_tag?post=193338"}],"curies":[{"name":"wp","href":"https:\/\/api.w.org\/{rel}","templated":true}]}}