{"id":193336,"date":"2025-10-10T11:50:28","date_gmt":"2025-10-10T09:50:28","guid":{"rendered":"https:\/\/www.eliassen.nl\/product\/glasleuchte-arno-frankreich-blau-gelb-70cm\/"},"modified":"2026-02-06T14:29:25","modified_gmt":"2026-02-06T13:29:25","slug":"glasleuchte-arno-frankreich-blau-gelb-70cm","status":"publish","type":"product","link":"https:\/\/www.eliassen.nl\/de\/glasleuchte-arno-frankreich-blau-gelb-70cm\/","title":{"rendered":"Glasleuchte Arno Frankreich blau-gelb 65cm"},"content":{"rendered":"<p><iframe title=\"YouTube-Video-Player\" src=\"https:\/\/www.youtube.com\/embed\/HizD6Y4wHf8\" width=\"  420\" height=\"236\" frameborder=\"0\" allowfullscreen=\"allowfullscreen\"><\/iframe><\/p>\n<p data-path-to-node=\"1\">Verleihen Sie Ihrer Einrichtung eine fr\u00f6hliche und luxuri\u00f6se Atmosph\u00e4re mit dieser beeindruckenden ovalen Glaslampe von Arno France. Dieses exklusive Glasobjekt wird von Hand aus hochwertigem Kristallglas mit einem Bleigehalt von mindestens 24% mundgeblasen. Dies sorgt f\u00fcr eine au\u00dfergew\u00f6hnliche Helligkeit und eine sch\u00f6ne Brillanz des Lichts. Mit einer H\u00f6he von nicht weniger als 65 cm ist dieses Modell eine stattliche Erscheinung, die sich perfekt auf einem Sideboard, einem Beistelltisch oder in einem ger\u00e4umigen Flur macht.<\/p>\n<p data-path-to-node=\"2\">Die Lampe zeichnet sich durch ein kunstvolles Zusammenspiel von blauen und gelben Farbt\u00f6nen aus, die auf einzigartige Weise miteinander verschmelzen. Da jede Lampe handgefertigt ist, erhalten Sie ein einzigartiges Kunstwerk f\u00fcr Ihr Zuhause; keine zwei St\u00fccke sind genau gleich. Die Lampe hat eine E14-Fassung und steht auf einem stabilen, kristallklaren Glassockel. F\u00fcr den sofortigen Komfort wird die Lampe mit einer <b data-path-to-node=\"2\" data-index-in-node=\"386\">kostenlosen LED-Lampe mit Fernbedienung<\/b> geliefert, mit der Sie die Helligkeit und die Atmosph\u00e4re ganz nach Ihrem Geschmack einstellen k\u00f6nnen.<\/p>\n","protected":false},"excerpt":{"rendered":"<p>Mit einer H\u00f6he von 70 cm ist diese mundgeblasene Kristallglaslampe ein einzigartiges Kunstobjekt mit einem leuchtenden blau-gelben Farbmuster. Die Lampe besteht aus 24% Bleikristall f\u00fcr optimale Brillanz und wird mit einer E14-Fassung und einer kostenlosen LED-Birne mit Fernbedienung geliefert. Dank des handwerklichen, mundgeblasenen Verfahrens ist jedes Exemplar ein exklusiver Blickfang in Ihrer Einrichtung.<\/p>\n","protected":false},"featured_media":193212,"template":"","meta":{"_acf_changed":false,"_genesis_title":"","_genesis_description":""},"product_brand":[7455],"product_cat":[800,749,809,746],"product_tag":[],"class_list":{"0":"post-193336","1":"product","2":"type-product","3":"status-publish","4":"has-post-thumbnail","6":"product_brand-arno-frankreich","7":"product_cat-glaskunst","8":"product_cat-glaslampen","10":"product_cat-stimmungsvolle-beleuchtung","12":"first","13":"outofstock","14":"taxable","15":"shipping-taxable","16":"purchasable","17":"product-type-simple"},"acf":[],"meta_all":{"total_sales":"1","cor_restricted_countries":[]},"meta_all_flat":{"total_sales":"1"},"yoast_head":"<!-- This site is optimized with the Yoast SEO Premium plugin v26.2 (Yoast SEO v27.2) - https:\/\/yoast.com\/product\/yoast-seo-premium-wordpress\/ -->\n<title>Arno Frankreich Glasleuchte Arno Frankreich blau-gelb 65cm - Eliassen.nl<\/title>\n<meta name=\"description\" content=\"70cm Luxus-Glasleuchte Arno France aus blau-gelbem Kristallglas (24% Blei). Einzigartiges mundgeblasenes Kunstobjekt mit E14-Fassung und kostenloser LED-Birne.\" \/>\n<meta name=\"robots\" content=\"index, follow, max-snippet:-1, max-image-preview:large, max-video-preview:-1\" \/>\n<link rel=\"canonical\" href=\"https:\/\/www.eliassen.nl\/de\/glasleuchte-arno-frankreich-blau-gelb-70cm\/\" \/>\n<meta property=\"og:locale\" content=\"de_DE\" \/>\n<meta property=\"og:type\" content=\"article\" \/>\n<meta property=\"og:title\" content=\"Arno Frankreich Glasleuchte Arno Frankreich blau-gelb 65cm - Eliassen.nl\" \/>\n<meta property=\"og:description\" content=\"70cm Luxus-Glasleuchte Arno France aus blau-gelbem Kristallglas (24% Blei). Einzigartiges mundgeblasenes Kunstobjekt mit E14-Fassung und kostenloser LED-Birne.\" \/>\n<meta property=\"og:url\" content=\"https:\/\/www.eliassen.nl\/de\/glasleuchte-arno-frankreich-blau-gelb-70cm\/\" \/>\n<meta property=\"og:site_name\" content=\"Eliassen.nl\" \/>\n<meta property=\"article:publisher\" content=\"https:\/\/www.facebook.com\/TuincentrumEliassenAmmerzoden\" \/>\n<meta property=\"article:modified_time\" content=\"2026-02-06T13:29:25+00:00\" \/>\n<meta property=\"og:image\" content=\"https:\/\/www.eliassen.nl\/wp-content\/uploads\/2025\/10\/Glaslamp-Arno-france-geel-blauw-Eliassen.nl-lv-s-03-scaled.jpeg\" \/>\n\t<meta property=\"og:image:width\" content=\"1440\" \/>\n\t<meta property=\"og:image:height\" content=\"2560\" \/>\n\t<meta property=\"og:image:type\" content=\"image\/jpeg\" \/>\n<meta name=\"twitter:card\" content=\"summary_large_image\" \/>\n<script type=\"application\/ld+json\" class=\"yoast-schema-graph\">{\"@context\":\"https:\/\/schema.org\",\"@graph\":[{\"@type\":\"WebPage\",\"@id\":\"https:\/\/www.eliassen.nl\/de\/glasleuchte-arno-frankreich-blau-gelb-70cm\/\",\"url\":\"https:\/\/www.eliassen.nl\/de\/glasleuchte-arno-frankreich-blau-gelb-70cm\/\",\"name\":\"Arno Frankreich Glasleuchte Arno Frankreich blau-gelb 65cm - Eliassen.nl\",\"isPartOf\":{\"@id\":\"https:\/\/www.eliassen.nl\/de\/#website\"},\"primaryImageOfPage\":{\"@id\":\"https:\/\/www.eliassen.nl\/de\/glasleuchte-arno-frankreich-blau-gelb-70cm\/#primaryimage\"},\"image\":{\"@id\":\"https:\/\/www.eliassen.nl\/de\/glasleuchte-arno-frankreich-blau-gelb-70cm\/#primaryimage\"},\"thumbnailUrl\":\"https:\/\/www.eliassen.nl\/wp-content\/uploads\/2025\/10\/Glaslamp-Arno-france-geel-blauw-Eliassen.nl-lv-s-03-scaled.jpeg\",\"datePublished\":\"2025-10-10T09:50:28+00:00\",\"dateModified\":\"2026-02-06T13:29:25+00:00\",\"description\":\"70cm Luxus-Glasleuchte Arno France aus blau-gelbem Kristallglas (24% Blei). Einzigartiges mundgeblasenes Kunstobjekt mit E14-Fassung und kostenloser LED-Birne.\",\"breadcrumb\":{\"@id\":\"https:\/\/www.eliassen.nl\/de\/glasleuchte-arno-frankreich-blau-gelb-70cm\/#breadcrumb\"},\"inLanguage\":\"de\",\"potentialAction\":[{\"@type\":\"ReadAction\",\"target\":[\"https:\/\/www.eliassen.nl\/de\/glasleuchte-arno-frankreich-blau-gelb-70cm\/\"]}]},{\"@type\":\"ImageObject\",\"inLanguage\":\"de\",\"@id\":\"https:\/\/www.eliassen.nl\/de\/glasleuchte-arno-frankreich-blau-gelb-70cm\/#primaryimage\",\"url\":\"https:\/\/www.eliassen.nl\/wp-content\/uploads\/2025\/10\/Glaslamp-Arno-france-geel-blauw-Eliassen.nl-lv-s-03-scaled.jpeg\",\"contentUrl\":\"https:\/\/www.eliassen.nl\/wp-content\/uploads\/2025\/10\/Glaslamp-Arno-france-geel-blauw-Eliassen.nl-lv-s-03-scaled.jpeg\",\"width\":1440,\"height\":2560,\"caption\":\"Glasleuchte Arno frankreich gelb-blau Eliassen.nl lv-s-03\"},{\"@type\":\"BreadcrumbList\",\"@id\":\"https:\/\/www.eliassen.nl\/de\/glasleuchte-arno-frankreich-blau-gelb-70cm\/#breadcrumb\",\"itemListElement\":[{\"@type\":\"ListItem\",\"position\":1,\"name\":\"Home\",\"item\":\"https:\/\/www.eliassen.nl\/de\/\"},{\"@type\":\"ListItem\",\"position\":2,\"name\":\"Shop\",\"item\":\"https:\/\/www.eliassen.nl\/de\/shop\/\"},{\"@type\":\"ListItem\",\"position\":3,\"name\":\"Stimmungsvolle Beleuchtung\",\"item\":\"https:\/\/www.eliassen.nl\/de\/stimmungsvolle-beleuchtung\/\"},{\"@type\":\"ListItem\",\"position\":4,\"name\":\"Glasleuchte Arno Frankreich blau-gelb 65cm\"}]},{\"@type\":\"WebSite\",\"@id\":\"https:\/\/www.eliassen.nl\/de\/#website\",\"url\":\"https:\/\/www.eliassen.nl\/de\/\",\"name\":\"Eliassen Home & Garden Pleasure\",\"description\":\"\",\"publisher\":{\"@id\":\"https:\/\/www.eliassen.nl\/de\/#organization\"},\"alternateName\":\"Eliassen.nl\",\"potentialAction\":[{\"@type\":\"SearchAction\",\"target\":{\"@type\":\"EntryPoint\",\"urlTemplate\":\"https:\/\/www.eliassen.nl\/de\/?s={search_term_string}\"},\"query-input\":{\"@type\":\"PropertyValueSpecification\",\"valueRequired\":true,\"valueName\":\"search_term_string\"}}],\"inLanguage\":\"de\"},{\"@type\":[\"Organization\",\"Place\"],\"@id\":\"https:\/\/www.eliassen.nl\/de\/#organization\",\"name\":\"Eliassen Home & Garden Pleasure\",\"url\":\"https:\/\/www.eliassen.nl\/de\/\",\"logo\":{\"@id\":\"https:\/\/www.eliassen.nl\/de\/glasleuchte-arno-frankreich-blau-gelb-70cm\/#local-main-organization-logo\"},\"image\":{\"@id\":\"https:\/\/www.eliassen.nl\/de\/glasleuchte-arno-frankreich-blau-gelb-70cm\/#local-main-organization-logo\"},\"sameAs\":[\"https:\/\/www.facebook.com\/TuincentrumEliassenAmmerzoden\",\"https:\/\/www.instagram.com\/eliassenhomeandgarden\/\",\"https:\/\/nl.pinterest.com\/eliassenhomeandgarden\/\",\"https:\/\/www.youtube.com\/@eliassenhomegardenpleasure4558\"],\"telephone\":[],\"openingHoursSpecification\":[{\"@type\":\"OpeningHoursSpecification\",\"dayOfWeek\":[\"Monday\",\"Tuesday\",\"Wednesday\",\"Thursday\",\"Friday\",\"Saturday\",\"Sunday\"],\"opens\":\"09:00\",\"closes\":\"17:00\"}]},{\"@type\":\"ImageObject\",\"inLanguage\":\"de\",\"@id\":\"https:\/\/www.eliassen.nl\/de\/glasleuchte-arno-frankreich-blau-gelb-70cm\/#local-main-organization-logo\",\"url\":\"https:\/\/www.eliassen.nl\/wp-content\/uploads\/2024\/01\/logo_4nd.jpg\",\"contentUrl\":\"https:\/\/www.eliassen.nl\/wp-content\/uploads\/2024\/01\/logo_4nd.jpg\",\"width\":500,\"height\":500,\"caption\":\"Eliassen Home & Garden Pleasure\"}]}<\/script>\n<meta property=\"product:price:amount\" content=\"279.00\" \/>\n<meta property=\"product:price:currency\" content=\"EUR\" \/>\n<meta property=\"og:availability\" content=\"out of stock\" \/>\n<meta property=\"product:availability\" content=\"out of stock\" \/>\n<meta property=\"product:retailer_item_id\" content=\"lv-s-03\" \/>\n<meta property=\"product:condition\" content=\"new\" \/>\n<!-- \/ Yoast SEO Premium plugin. -->","yoast_head_json":{"title":"Arno Frankreich Glasleuchte Arno Frankreich blau-gelb 65cm - Eliassen.nl","description":"70cm Luxus-Glasleuchte Arno France aus blau-gelbem Kristallglas (24% Blei). Einzigartiges mundgeblasenes Kunstobjekt mit E14-Fassung und kostenloser LED-Birne.","robots":{"index":"index","follow":"follow","max-snippet":"max-snippet:-1","max-image-preview":"max-image-preview:large","max-video-preview":"max-video-preview:-1"},"canonical":"https:\/\/www.eliassen.nl\/de\/glasleuchte-arno-frankreich-blau-gelb-70cm\/","og_locale":"de_DE","og_type":"article","og_title":"Arno Frankreich Glasleuchte Arno Frankreich blau-gelb 65cm - Eliassen.nl","og_description":"70cm Luxus-Glasleuchte Arno France aus blau-gelbem Kristallglas (24% Blei). Einzigartiges mundgeblasenes Kunstobjekt mit E14-Fassung und kostenloser LED-Birne.","og_url":"https:\/\/www.eliassen.nl\/de\/glasleuchte-arno-frankreich-blau-gelb-70cm\/","og_site_name":"Eliassen.nl","article_publisher":"https:\/\/www.facebook.com\/TuincentrumEliassenAmmerzoden","article_modified_time":"2026-02-06T13:29:25+00:00","og_image":[{"width":1440,"height":2560,"url":"https:\/\/www.eliassen.nl\/wp-content\/uploads\/2025\/10\/Glaslamp-Arno-france-geel-blauw-Eliassen.nl-lv-s-03-scaled.jpeg","type":"image\/jpeg"}],"twitter_card":"summary_large_image","schema":{"@context":"https:\/\/schema.org","@graph":[{"@type":"WebPage","@id":"https:\/\/www.eliassen.nl\/de\/glasleuchte-arno-frankreich-blau-gelb-70cm\/","url":"https:\/\/www.eliassen.nl\/de\/glasleuchte-arno-frankreich-blau-gelb-70cm\/","name":"Arno Frankreich Glasleuchte Arno Frankreich blau-gelb 65cm - Eliassen.nl","isPartOf":{"@id":"https:\/\/www.eliassen.nl\/de\/#website"},"primaryImageOfPage":{"@id":"https:\/\/www.eliassen.nl\/de\/glasleuchte-arno-frankreich-blau-gelb-70cm\/#primaryimage"},"image":{"@id":"https:\/\/www.eliassen.nl\/de\/glasleuchte-arno-frankreich-blau-gelb-70cm\/#primaryimage"},"thumbnailUrl":"https:\/\/www.eliassen.nl\/wp-content\/uploads\/2025\/10\/Glaslamp-Arno-france-geel-blauw-Eliassen.nl-lv-s-03-scaled.jpeg","datePublished":"2025-10-10T09:50:28+00:00","dateModified":"2026-02-06T13:29:25+00:00","description":"70cm Luxus-Glasleuchte Arno France aus blau-gelbem Kristallglas (24% Blei). Einzigartiges mundgeblasenes Kunstobjekt mit E14-Fassung und kostenloser LED-Birne.","breadcrumb":{"@id":"https:\/\/www.eliassen.nl\/de\/glasleuchte-arno-frankreich-blau-gelb-70cm\/#breadcrumb"},"inLanguage":"de","potentialAction":[{"@type":"ReadAction","target":["https:\/\/www.eliassen.nl\/de\/glasleuchte-arno-frankreich-blau-gelb-70cm\/"]}]},{"@type":"ImageObject","inLanguage":"de","@id":"https:\/\/www.eliassen.nl\/de\/glasleuchte-arno-frankreich-blau-gelb-70cm\/#primaryimage","url":"https:\/\/www.eliassen.nl\/wp-content\/uploads\/2025\/10\/Glaslamp-Arno-france-geel-blauw-Eliassen.nl-lv-s-03-scaled.jpeg","contentUrl":"https:\/\/www.eliassen.nl\/wp-content\/uploads\/2025\/10\/Glaslamp-Arno-france-geel-blauw-Eliassen.nl-lv-s-03-scaled.jpeg","width":1440,"height":2560,"caption":"Glasleuchte Arno frankreich gelb-blau Eliassen.nl lv-s-03"},{"@type":"BreadcrumbList","@id":"https:\/\/www.eliassen.nl\/de\/glasleuchte-arno-frankreich-blau-gelb-70cm\/#breadcrumb","itemListElement":[{"@type":"ListItem","position":1,"name":"Home","item":"https:\/\/www.eliassen.nl\/de\/"},{"@type":"ListItem","position":2,"name":"Shop","item":"https:\/\/www.eliassen.nl\/de\/shop\/"},{"@type":"ListItem","position":3,"name":"Stimmungsvolle Beleuchtung","item":"https:\/\/www.eliassen.nl\/de\/stimmungsvolle-beleuchtung\/"},{"@type":"ListItem","position":4,"name":"Glasleuchte Arno Frankreich blau-gelb 65cm"}]},{"@type":"WebSite","@id":"https:\/\/www.eliassen.nl\/de\/#website","url":"https:\/\/www.eliassen.nl\/de\/","name":"Eliassen Home & Garden Pleasure","description":"","publisher":{"@id":"https:\/\/www.eliassen.nl\/de\/#organization"},"alternateName":"Eliassen.nl","potentialAction":[{"@type":"SearchAction","target":{"@type":"EntryPoint","urlTemplate":"https:\/\/www.eliassen.nl\/de\/?s={search_term_string}"},"query-input":{"@type":"PropertyValueSpecification","valueRequired":true,"valueName":"search_term_string"}}],"inLanguage":"de"},{"@type":["Organization","Place"],"@id":"https:\/\/www.eliassen.nl\/de\/#organization","name":"Eliassen Home & Garden Pleasure","url":"https:\/\/www.eliassen.nl\/de\/","logo":{"@id":"https:\/\/www.eliassen.nl\/de\/glasleuchte-arno-frankreich-blau-gelb-70cm\/#local-main-organization-logo"},"image":{"@id":"https:\/\/www.eliassen.nl\/de\/glasleuchte-arno-frankreich-blau-gelb-70cm\/#local-main-organization-logo"},"sameAs":["https:\/\/www.facebook.com\/TuincentrumEliassenAmmerzoden","https:\/\/www.instagram.com\/eliassenhomeandgarden\/","https:\/\/nl.pinterest.com\/eliassenhomeandgarden\/","https:\/\/www.youtube.com\/@eliassenhomegardenpleasure4558"],"telephone":[],"openingHoursSpecification":[{"@type":"OpeningHoursSpecification","dayOfWeek":["Monday","Tuesday","Wednesday","Thursday","Friday","Saturday","Sunday"],"opens":"09:00","closes":"17:00"}]},{"@type":"ImageObject","inLanguage":"de","@id":"https:\/\/www.eliassen.nl\/de\/glasleuchte-arno-frankreich-blau-gelb-70cm\/#local-main-organization-logo","url":"https:\/\/www.eliassen.nl\/wp-content\/uploads\/2024\/01\/logo_4nd.jpg","contentUrl":"https:\/\/www.eliassen.nl\/wp-content\/uploads\/2024\/01\/logo_4nd.jpg","width":500,"height":500,"caption":"Eliassen Home & Garden Pleasure"}]},"product_price_amount":"279.00","product_price_currency":"EUR","og_availability":"out of stock","product_availability":"out of stock","product_retailer_item_id":"lv-s-03","product_condition":"new"},"df_price":279,"df_sale_price":"","df_regular_price":279,"df_image_link":"https:\/\/www.eliassen.nl\/wp-content\/uploads\/2025\/10\/Glaslamp-Arno-france-geel-blauw-Eliassen.nl-lv-s-03-169x300.jpeg","image":"https:\/\/www.eliassen.nl\/wp-content\/uploads\/2025\/10\/Glaslamp-Arno-france-geel-blauw-Eliassen.nl-lv-s-03-150x150.jpeg","price_search":"<span class=\"woocommerce-Price-amount amount\"><bdi><span class=\"woocommerce-Price-currencySymbol\">&euro;<\/span>&nbsp;279,00<\/bdi><\/span>","category":"Glaskunst","global_unique_id":"6096526135139","_links":{"self":[{"href":"https:\/\/www.eliassen.nl\/de\/wp-json\/wp\/v2\/product\/193336","targetHints":{"allow":["GET"]}}],"collection":[{"href":"https:\/\/www.eliassen.nl\/de\/wp-json\/wp\/v2\/product"}],"about":[{"href":"https:\/\/www.eliassen.nl\/de\/wp-json\/wp\/v2\/types\/product"}],"wp:featuredmedia":[{"embeddable":true,"href":"https:\/\/www.eliassen.nl\/de\/wp-json\/wp\/v2\/media\/193212"}],"wp:attachment":[{"href":"https:\/\/www.eliassen.nl\/de\/wp-json\/wp\/v2\/media?parent=193336"}],"wp:term":[{"taxonomy":"product_brand","embeddable":true,"href":"https:\/\/www.eliassen.nl\/de\/wp-json\/wp\/v2\/product_brand?post=193336"},{"taxonomy":"product_cat","embeddable":true,"href":"https:\/\/www.eliassen.nl\/de\/wp-json\/wp\/v2\/product_cat?post=193336"},{"taxonomy":"product_tag","embeddable":true,"href":"https:\/\/www.eliassen.nl\/de\/wp-json\/wp\/v2\/product_tag?post=193336"}],"curies":[{"name":"wp","href":"https:\/\/api.w.org\/{rel}","templated":true}]}}