{"id":193178,"date":"2025-05-20T14:03:48","date_gmt":"2025-05-20T12:03:48","guid":{"rendered":"https:\/\/www.eliassen.nl\/product\/bronzestatue-afrikanische-dame-in-giftgruenem-kleid-tanzend-27cm\/"},"modified":"2026-01-16T16:06:58","modified_gmt":"2026-01-16T15:06:58","slug":"bronzestatue-afrikanische-dame-in-giftgruenem-kleid-tanzend-27cm","status":"publish","type":"product","link":"https:\/\/www.eliassen.nl\/de\/bronzestatue-afrikanische-dame-in-giftgruenem-kleid-tanzend-27cm\/","title":{"rendered":"Bronzestatue Afrikanische Dame in giftgr\u00fcnem Kleid tanzend 27cm"},"content":{"rendered":"<p>Sch\u00f6ne massive Bronzestatue einer tanzenden Dame in einem leuchtend gr\u00fcnen Kleid aus hochwertiger Bronze. Wundersch\u00f6n f\u00fcr Ihr Zuhause oder als Geschenk.<\/p>\n<p>Diese Skulptur wird auf sehr primitive Weise hergestellt, so wie es schon seit Hunderten von Jahren gemacht wird. Dazu wird ein holzbefeuerter Schmelzofen verwendet und in eine Form gegossen, die jedes Mal erneuert werden muss. Nach dem Gussprozess wird die Bronzeskulptur weiter poliert, geschliffen und bemalt.<\/p>\n<p>Dieses Produkt tr\u00e4gt zur Besch\u00e4ftigung im Sahelland Burkino Faso bei. Die Menschen dort sind uns sehr dankbar f\u00fcr die Bestellungen und daf\u00fcr, dass ein fairer Preis daf\u00fcr gezahlt wird, der es den Menschen dort erm\u00f6glicht, einen angemessenen Lebensunterhalt zu verdienen.<\/p>\n<p>In unserem Gesch\u00e4ft haben wir sehr viele Sockel und S\u00e4ulen, auf denen diese Bronzeskulptur wundersch\u00f6n pr\u00e4sentiert wird. Kommen Sie und sehen Sie es mit Ihren eigenen Augen.<\/p>\n<ul>\n<li>Gr\u00f6\u00dfe: 27 cm hoch.<\/li>\n<li>Farbe: Bronze mit hellgr\u00fcnem Kleid<\/li>\n<li>Einzigartiges Fairtrade-Produkt.<\/li>\n<li>Material: Massive Bronze<\/li>\n<li>15 Jahre Garantie.<\/li>\n<\/ul>\n","protected":false},"excerpt":{"rendered":"<p>Massive Fairtrade-Statue aus Bronze.<\/p>\n","protected":false},"featured_media":182557,"template":"","meta":{"_acf_changed":false,"_genesis_title":"","_genesis_description":""},"product_brand":[7505],"product_cat":[1373,613],"product_tag":[],"class_list":{"0":"post-193178","1":"product","2":"type-product","3":"status-publish","4":"has-post-thumbnail","6":"product_brand-sonstige","7":"product_cat-afrikanische-bronzestatuen","8":"product_cat-bronzestatuen","10":"first","11":"instock","12":"taxable","13":"shipping-taxable","14":"purchasable","15":"product-type-simple"},"acf":[],"meta_all":{"total_sales":"0","cor_restricted_countries":[]},"meta_all_flat":{"total_sales":"0"},"yoast_head":"<!-- This site is optimized with the Yoast SEO Premium plugin v26.2 (Yoast SEO v27.2) - https:\/\/yoast.com\/product\/yoast-seo-premium-wordpress\/ -->\n<title>Sonstige Bronzestatue Afrikanische Dame in giftgr\u00fcnem Kleid tanzend 27cm - Eliassen.nl<\/title>\n<meta name=\"description\" content=\"Sch\u00f6ne afrikanische Bronzeskulptur, die eine tanzende Frau darstellt. Ein wunderbares Produkt aus fairem Handel. Ein gro\u00dfartiges Geschenk f\u00fcr Sie selbst oder jemand anderen.\" \/>\n<meta name=\"robots\" content=\"index, follow, max-snippet:-1, max-image-preview:large, max-video-preview:-1\" \/>\n<link rel=\"canonical\" href=\"https:\/\/www.eliassen.nl\/de\/bronzestatue-afrikanische-dame-in-giftgruenem-kleid-tanzend-27cm\/\" \/>\n<meta property=\"og:locale\" content=\"de_DE\" \/>\n<meta property=\"og:type\" content=\"article\" \/>\n<meta property=\"og:title\" content=\"Sonstige Bronzestatue Afrikanische Dame in giftgr\u00fcnem Kleid tanzend 27cm - Eliassen.nl\" \/>\n<meta property=\"og:description\" content=\"Sch\u00f6ne afrikanische Bronzeskulptur, die eine tanzende Frau darstellt. Ein wunderbares Produkt aus fairem Handel. Ein gro\u00dfartiges Geschenk f\u00fcr Sie selbst oder jemand anderen.\" \/>\n<meta property=\"og:url\" content=\"https:\/\/www.eliassen.nl\/de\/bronzestatue-afrikanische-dame-in-giftgruenem-kleid-tanzend-27cm\/\" \/>\n<meta property=\"og:site_name\" content=\"Eliassen.nl\" \/>\n<meta property=\"article:publisher\" content=\"https:\/\/www.facebook.com\/TuincentrumEliassenAmmerzoden\" \/>\n<meta property=\"article:modified_time\" content=\"2026-01-16T15:06:58+00:00\" \/>\n<meta property=\"og:image\" content=\"https:\/\/www.eliassen.nl\/wp-content\/uploads\/2025\/05\/JPEG_20250520_140246_5413165551426856386-scaled.jpg\" \/>\n\t<meta property=\"og:image:width\" content=\"1920\" \/>\n\t<meta property=\"og:image:height\" content=\"2560\" \/>\n\t<meta property=\"og:image:type\" content=\"image\/jpeg\" \/>\n<meta name=\"twitter:card\" content=\"summary_large_image\" \/>\n<script type=\"application\/ld+json\" class=\"yoast-schema-graph\">{\"@context\":\"https:\/\/schema.org\",\"@graph\":[{\"@type\":\"WebPage\",\"@id\":\"https:\/\/www.eliassen.nl\/de\/bronzestatue-afrikanische-dame-in-giftgruenem-kleid-tanzend-27cm\/\",\"url\":\"https:\/\/www.eliassen.nl\/de\/bronzestatue-afrikanische-dame-in-giftgruenem-kleid-tanzend-27cm\/\",\"name\":\"Sonstige Bronzestatue Afrikanische Dame in giftgr\u00fcnem Kleid tanzend 27cm - Eliassen.nl\",\"isPartOf\":{\"@id\":\"https:\/\/www.eliassen.nl\/de\/#website\"},\"primaryImageOfPage\":{\"@id\":\"https:\/\/www.eliassen.nl\/de\/bronzestatue-afrikanische-dame-in-giftgruenem-kleid-tanzend-27cm\/#primaryimage\"},\"image\":{\"@id\":\"https:\/\/www.eliassen.nl\/de\/bronzestatue-afrikanische-dame-in-giftgruenem-kleid-tanzend-27cm\/#primaryimage\"},\"thumbnailUrl\":\"https:\/\/www.eliassen.nl\/wp-content\/uploads\/2025\/05\/JPEG_20250520_140246_5413165551426856386-scaled.jpg\",\"datePublished\":\"2025-05-20T12:03:48+00:00\",\"dateModified\":\"2026-01-16T15:06:58+00:00\",\"description\":\"Sch\u00f6ne afrikanische Bronzeskulptur, die eine tanzende Frau darstellt. Ein wunderbares Produkt aus fairem Handel. Ein gro\u00dfartiges Geschenk f\u00fcr Sie selbst oder jemand anderen.\",\"breadcrumb\":{\"@id\":\"https:\/\/www.eliassen.nl\/de\/bronzestatue-afrikanische-dame-in-giftgruenem-kleid-tanzend-27cm\/#breadcrumb\"},\"inLanguage\":\"de\",\"potentialAction\":[{\"@type\":\"ReadAction\",\"target\":[\"https:\/\/www.eliassen.nl\/de\/bronzestatue-afrikanische-dame-in-giftgruenem-kleid-tanzend-27cm\/\"]}]},{\"@type\":\"ImageObject\",\"inLanguage\":\"de\",\"@id\":\"https:\/\/www.eliassen.nl\/de\/bronzestatue-afrikanische-dame-in-giftgruenem-kleid-tanzend-27cm\/#primaryimage\",\"url\":\"https:\/\/www.eliassen.nl\/wp-content\/uploads\/2025\/05\/JPEG_20250520_140246_5413165551426856386-scaled.jpg\",\"contentUrl\":\"https:\/\/www.eliassen.nl\/wp-content\/uploads\/2025\/05\/JPEG_20250520_140246_5413165551426856386-scaled.jpg\",\"width\":1920,\"height\":2560},{\"@type\":\"BreadcrumbList\",\"@id\":\"https:\/\/www.eliassen.nl\/de\/bronzestatue-afrikanische-dame-in-giftgruenem-kleid-tanzend-27cm\/#breadcrumb\",\"itemListElement\":[{\"@type\":\"ListItem\",\"position\":1,\"name\":\"Home\",\"item\":\"https:\/\/www.eliassen.nl\/de\/\"},{\"@type\":\"ListItem\",\"position\":2,\"name\":\"Shop\",\"item\":\"https:\/\/www.eliassen.nl\/de\/shop\/\"},{\"@type\":\"ListItem\",\"position\":3,\"name\":\"Bronzestatuen\",\"item\":\"https:\/\/www.eliassen.nl\/de\/bronzestatuen\/\"},{\"@type\":\"ListItem\",\"position\":4,\"name\":\"Bronzestatue Afrikanische Dame in giftgr\u00fcnem Kleid tanzend 27cm\"}]},{\"@type\":\"WebSite\",\"@id\":\"https:\/\/www.eliassen.nl\/de\/#website\",\"url\":\"https:\/\/www.eliassen.nl\/de\/\",\"name\":\"Eliassen Home & Garden Pleasure\",\"description\":\"\",\"publisher\":{\"@id\":\"https:\/\/www.eliassen.nl\/de\/#organization\"},\"alternateName\":\"Eliassen.nl\",\"potentialAction\":[{\"@type\":\"SearchAction\",\"target\":{\"@type\":\"EntryPoint\",\"urlTemplate\":\"https:\/\/www.eliassen.nl\/de\/?s={search_term_string}\"},\"query-input\":{\"@type\":\"PropertyValueSpecification\",\"valueRequired\":true,\"valueName\":\"search_term_string\"}}],\"inLanguage\":\"de\"},{\"@type\":[\"Organization\",\"Place\"],\"@id\":\"https:\/\/www.eliassen.nl\/de\/#organization\",\"name\":\"Eliassen Home & Garden Pleasure\",\"url\":\"https:\/\/www.eliassen.nl\/de\/\",\"logo\":{\"@id\":\"https:\/\/www.eliassen.nl\/de\/bronzestatue-afrikanische-dame-in-giftgruenem-kleid-tanzend-27cm\/#local-main-organization-logo\"},\"image\":{\"@id\":\"https:\/\/www.eliassen.nl\/de\/bronzestatue-afrikanische-dame-in-giftgruenem-kleid-tanzend-27cm\/#local-main-organization-logo\"},\"sameAs\":[\"https:\/\/www.facebook.com\/TuincentrumEliassenAmmerzoden\",\"https:\/\/www.instagram.com\/eliassenhomeandgarden\/\",\"https:\/\/nl.pinterest.com\/eliassenhomeandgarden\/\",\"https:\/\/www.youtube.com\/@eliassenhomegardenpleasure4558\"],\"telephone\":[],\"openingHoursSpecification\":[{\"@type\":\"OpeningHoursSpecification\",\"dayOfWeek\":[\"Monday\",\"Tuesday\",\"Wednesday\",\"Thursday\",\"Friday\",\"Saturday\",\"Sunday\"],\"opens\":\"09:00\",\"closes\":\"17:00\"}]},{\"@type\":\"ImageObject\",\"inLanguage\":\"de\",\"@id\":\"https:\/\/www.eliassen.nl\/de\/bronzestatue-afrikanische-dame-in-giftgruenem-kleid-tanzend-27cm\/#local-main-organization-logo\",\"url\":\"https:\/\/www.eliassen.nl\/wp-content\/uploads\/2024\/01\/logo_4nd.jpg\",\"contentUrl\":\"https:\/\/www.eliassen.nl\/wp-content\/uploads\/2024\/01\/logo_4nd.jpg\",\"width\":500,\"height\":500,\"caption\":\"Eliassen Home & Garden Pleasure\"}]}<\/script>\n<meta property=\"product:price:amount\" content=\"139.00\" \/>\n<meta property=\"product:price:currency\" content=\"EUR\" \/>\n<meta property=\"og:availability\" content=\"instock\" \/>\n<meta property=\"product:availability\" content=\"instock\" \/>\n<meta property=\"product:retailer_item_id\" content=\"6096516888861\" \/>\n<meta property=\"product:condition\" content=\"new\" \/>\n<!-- \/ Yoast SEO Premium plugin. -->","yoast_head_json":{"title":"Sonstige Bronzestatue Afrikanische Dame in giftgr\u00fcnem Kleid tanzend 27cm - Eliassen.nl","description":"Sch\u00f6ne afrikanische Bronzeskulptur, die eine tanzende Frau darstellt. Ein wunderbares Produkt aus fairem Handel. Ein gro\u00dfartiges Geschenk f\u00fcr Sie selbst oder jemand anderen.","robots":{"index":"index","follow":"follow","max-snippet":"max-snippet:-1","max-image-preview":"max-image-preview:large","max-video-preview":"max-video-preview:-1"},"canonical":"https:\/\/www.eliassen.nl\/de\/bronzestatue-afrikanische-dame-in-giftgruenem-kleid-tanzend-27cm\/","og_locale":"de_DE","og_type":"article","og_title":"Sonstige Bronzestatue Afrikanische Dame in giftgr\u00fcnem Kleid tanzend 27cm - Eliassen.nl","og_description":"Sch\u00f6ne afrikanische Bronzeskulptur, die eine tanzende Frau darstellt. Ein wunderbares Produkt aus fairem Handel. Ein gro\u00dfartiges Geschenk f\u00fcr Sie selbst oder jemand anderen.","og_url":"https:\/\/www.eliassen.nl\/de\/bronzestatue-afrikanische-dame-in-giftgruenem-kleid-tanzend-27cm\/","og_site_name":"Eliassen.nl","article_publisher":"https:\/\/www.facebook.com\/TuincentrumEliassenAmmerzoden","article_modified_time":"2026-01-16T15:06:58+00:00","og_image":[{"width":1920,"height":2560,"url":"https:\/\/www.eliassen.nl\/wp-content\/uploads\/2025\/05\/JPEG_20250520_140246_5413165551426856386-scaled.jpg","type":"image\/jpeg"}],"twitter_card":"summary_large_image","schema":{"@context":"https:\/\/schema.org","@graph":[{"@type":"WebPage","@id":"https:\/\/www.eliassen.nl\/de\/bronzestatue-afrikanische-dame-in-giftgruenem-kleid-tanzend-27cm\/","url":"https:\/\/www.eliassen.nl\/de\/bronzestatue-afrikanische-dame-in-giftgruenem-kleid-tanzend-27cm\/","name":"Sonstige Bronzestatue Afrikanische Dame in giftgr\u00fcnem Kleid tanzend 27cm - Eliassen.nl","isPartOf":{"@id":"https:\/\/www.eliassen.nl\/de\/#website"},"primaryImageOfPage":{"@id":"https:\/\/www.eliassen.nl\/de\/bronzestatue-afrikanische-dame-in-giftgruenem-kleid-tanzend-27cm\/#primaryimage"},"image":{"@id":"https:\/\/www.eliassen.nl\/de\/bronzestatue-afrikanische-dame-in-giftgruenem-kleid-tanzend-27cm\/#primaryimage"},"thumbnailUrl":"https:\/\/www.eliassen.nl\/wp-content\/uploads\/2025\/05\/JPEG_20250520_140246_5413165551426856386-scaled.jpg","datePublished":"2025-05-20T12:03:48+00:00","dateModified":"2026-01-16T15:06:58+00:00","description":"Sch\u00f6ne afrikanische Bronzeskulptur, die eine tanzende Frau darstellt. Ein wunderbares Produkt aus fairem Handel. Ein gro\u00dfartiges Geschenk f\u00fcr Sie selbst oder jemand anderen.","breadcrumb":{"@id":"https:\/\/www.eliassen.nl\/de\/bronzestatue-afrikanische-dame-in-giftgruenem-kleid-tanzend-27cm\/#breadcrumb"},"inLanguage":"de","potentialAction":[{"@type":"ReadAction","target":["https:\/\/www.eliassen.nl\/de\/bronzestatue-afrikanische-dame-in-giftgruenem-kleid-tanzend-27cm\/"]}]},{"@type":"ImageObject","inLanguage":"de","@id":"https:\/\/www.eliassen.nl\/de\/bronzestatue-afrikanische-dame-in-giftgruenem-kleid-tanzend-27cm\/#primaryimage","url":"https:\/\/www.eliassen.nl\/wp-content\/uploads\/2025\/05\/JPEG_20250520_140246_5413165551426856386-scaled.jpg","contentUrl":"https:\/\/www.eliassen.nl\/wp-content\/uploads\/2025\/05\/JPEG_20250520_140246_5413165551426856386-scaled.jpg","width":1920,"height":2560},{"@type":"BreadcrumbList","@id":"https:\/\/www.eliassen.nl\/de\/bronzestatue-afrikanische-dame-in-giftgruenem-kleid-tanzend-27cm\/#breadcrumb","itemListElement":[{"@type":"ListItem","position":1,"name":"Home","item":"https:\/\/www.eliassen.nl\/de\/"},{"@type":"ListItem","position":2,"name":"Shop","item":"https:\/\/www.eliassen.nl\/de\/shop\/"},{"@type":"ListItem","position":3,"name":"Bronzestatuen","item":"https:\/\/www.eliassen.nl\/de\/bronzestatuen\/"},{"@type":"ListItem","position":4,"name":"Bronzestatue Afrikanische Dame in giftgr\u00fcnem Kleid tanzend 27cm"}]},{"@type":"WebSite","@id":"https:\/\/www.eliassen.nl\/de\/#website","url":"https:\/\/www.eliassen.nl\/de\/","name":"Eliassen Home & Garden Pleasure","description":"","publisher":{"@id":"https:\/\/www.eliassen.nl\/de\/#organization"},"alternateName":"Eliassen.nl","potentialAction":[{"@type":"SearchAction","target":{"@type":"EntryPoint","urlTemplate":"https:\/\/www.eliassen.nl\/de\/?s={search_term_string}"},"query-input":{"@type":"PropertyValueSpecification","valueRequired":true,"valueName":"search_term_string"}}],"inLanguage":"de"},{"@type":["Organization","Place"],"@id":"https:\/\/www.eliassen.nl\/de\/#organization","name":"Eliassen Home & Garden Pleasure","url":"https:\/\/www.eliassen.nl\/de\/","logo":{"@id":"https:\/\/www.eliassen.nl\/de\/bronzestatue-afrikanische-dame-in-giftgruenem-kleid-tanzend-27cm\/#local-main-organization-logo"},"image":{"@id":"https:\/\/www.eliassen.nl\/de\/bronzestatue-afrikanische-dame-in-giftgruenem-kleid-tanzend-27cm\/#local-main-organization-logo"},"sameAs":["https:\/\/www.facebook.com\/TuincentrumEliassenAmmerzoden","https:\/\/www.instagram.com\/eliassenhomeandgarden\/","https:\/\/nl.pinterest.com\/eliassenhomeandgarden\/","https:\/\/www.youtube.com\/@eliassenhomegardenpleasure4558"],"telephone":[],"openingHoursSpecification":[{"@type":"OpeningHoursSpecification","dayOfWeek":["Monday","Tuesday","Wednesday","Thursday","Friday","Saturday","Sunday"],"opens":"09:00","closes":"17:00"}]},{"@type":"ImageObject","inLanguage":"de","@id":"https:\/\/www.eliassen.nl\/de\/bronzestatue-afrikanische-dame-in-giftgruenem-kleid-tanzend-27cm\/#local-main-organization-logo","url":"https:\/\/www.eliassen.nl\/wp-content\/uploads\/2024\/01\/logo_4nd.jpg","contentUrl":"https:\/\/www.eliassen.nl\/wp-content\/uploads\/2024\/01\/logo_4nd.jpg","width":500,"height":500,"caption":"Eliassen Home & Garden Pleasure"}]},"product_price_amount":"139.00","product_price_currency":"EUR","og_availability":"instock","product_availability":"instock","product_retailer_item_id":"6096516888861","product_condition":"new"},"df_price":139,"df_sale_price":"","df_regular_price":139,"df_image_link":"https:\/\/www.eliassen.nl\/wp-content\/uploads\/2025\/05\/JPEG_20250520_140246_5413165551426856386-225x300.jpg","image":"https:\/\/www.eliassen.nl\/wp-content\/uploads\/2025\/05\/JPEG_20250520_140246_5413165551426856386-150x150.jpg","price_search":"<span class=\"woocommerce-Price-amount amount\"><bdi><span class=\"woocommerce-Price-currencySymbol\">&euro;<\/span>&nbsp;139,00<\/bdi><\/span>","category":"Afrikanische Bronzestatuen","global_unique_id":"6096516888861","_links":{"self":[{"href":"https:\/\/www.eliassen.nl\/de\/wp-json\/wp\/v2\/product\/193178","targetHints":{"allow":["GET"]}}],"collection":[{"href":"https:\/\/www.eliassen.nl\/de\/wp-json\/wp\/v2\/product"}],"about":[{"href":"https:\/\/www.eliassen.nl\/de\/wp-json\/wp\/v2\/types\/product"}],"wp:featuredmedia":[{"embeddable":true,"href":"https:\/\/www.eliassen.nl\/de\/wp-json\/wp\/v2\/media\/182557"}],"wp:attachment":[{"href":"https:\/\/www.eliassen.nl\/de\/wp-json\/wp\/v2\/media?parent=193178"}],"wp:term":[{"taxonomy":"product_brand","embeddable":true,"href":"https:\/\/www.eliassen.nl\/de\/wp-json\/wp\/v2\/product_brand?post=193178"},{"taxonomy":"product_cat","embeddable":true,"href":"https:\/\/www.eliassen.nl\/de\/wp-json\/wp\/v2\/product_cat?post=193178"},{"taxonomy":"product_tag","embeddable":true,"href":"https:\/\/www.eliassen.nl\/de\/wp-json\/wp\/v2\/product_tag?post=193178"}],"curies":[{"name":"wp","href":"https:\/\/api.w.org\/{rel}","templated":true}]}}