{"id":192999,"date":"2025-03-25T11:02:30","date_gmt":"2025-03-25T10:02:30","guid":{"rendered":"https:\/\/www.eliassen.nl\/product\/strass-gemaelde-im-rahmen-musik-affe-63x63cm-hochglanz\/"},"modified":"2026-01-07T13:44:15","modified_gmt":"2026-01-07T12:44:15","slug":"strass-gemaelde-im-rahmen-musik-affe-63x63cm-hochglanz","status":"publish","type":"product","link":"https:\/\/www.eliassen.nl\/de\/strass-gemaelde-im-rahmen-musik-affe-63x63cm-hochglanz\/","title":{"rendered":"Strass Gem\u00e4lde im Rahmen Musik Affe 63x63cm hochglanz"},"content":{"rendered":"<p><span style=\"font-weight: 400;\">Sind Sie auf der Suche nach einem hochmodernen Leinwandbild mit verschiedenen Strassstein-Akzenten? Dann ist dieses Modell  <\/span><span style=\"font-weight: 400;\">Hochglanz  <\/span><span style=\"font-weight: 400;\">Strassmalerei mit einem Affen, der gro\u00dfe Kopfh\u00f6rer tr\u00e4gt, definitiv etwas f\u00fcr Sie. Dieses Quadrat<\/span><span style=\"font-weight: 400;\">e <\/span><span style=\"font-weight: 400;\">Das Leinwandgem\u00e4lde hat sehr sch\u00f6ne Steinakzente auf der Kleidung des Affen und in der Umgebung. Es wurde sorgf\u00e4ltig mit den feinsten Farbkompositionen und mit gro\u00dfer Aufmerksamkeit f\u00fcr den letzten Schliff angefertigt!<\/span><\/p>\n<p><span style=\"font-weight: 400;\">Dieses Leinwandgem\u00e4lde wurde bei der Herstellung einem sehr modernen Verfahren unterzogen. Die Leinwand wird bedruckt, dann werden alle Steine auf die Leinwand geklebt. Das Gem\u00e4lde wird mit Acrylfarbe weiterbearbeitet.<\/span><\/p>\n<p><span style=\"font-weight: 400;\">Zum Schluss wird ein d\u00fcnner, UV-best\u00e4ndiger Film auf die gesamte Leinwand aufgetragen <\/span><span style=\"font-weight: 400;\">und Perlen <\/span> <span style=\"font-weight: 400;\">gestreckt, danach wird die Folie vakuumiert. Das Ergebnis ist dann ein wundersch\u00f6nes Seidengem\u00e4lde, bei dem die Strasssteine f\u00fcr einen trendigen und zugleich eleganten Look sorgen.<\/span><\/p>\n<p><span style=\"font-weight: 400;\">Wir haben fast die gesamte Kollektion dieser Serie in unserem Gesch\u00e4ft ausgestellt und k\u00f6nnen sie online bestellen, was in den Niederlanden einzigartig ist.<\/span><\/p>\n<ul>\n<li style=\"font-weight: 400;\" aria-level=\"1\"><span style=\"font-weight: 400;\">Gr\u00f6\u00dfe: 63x63x3cm<\/span><\/li>\n<li style=\"font-weight: 400;\" aria-level=\"1\"><span style=\"font-weight: 400;\">Ausgestattet mit einem schwarzen Tablett-Rahmen, 3 cm dick und 15 mm breit an der Vorderseite<\/span><\/li>\n<li style=\"font-weight: 400;\" aria-level=\"1\"><span style=\"font-weight: 400;\">Robuste Leinwand<\/span><\/li>\n<li style=\"font-weight: 400;\" aria-level=\"1\"><span style=\"font-weight: 400;\">Einfaches Aufh\u00e4ngen mit 1 Schraube<\/span><\/li>\n<li style=\"font-weight: 400;\" aria-level=\"1\"><span style=\"font-weight: 400;\">Schnelle Lieferung<\/span><\/li>\n<li style=\"font-weight: 400;\" aria-level=\"1\"><b>Die gr\u00f6\u00dfte Sammlung in den Benelux-L\u00e4ndern, die Sie auch live sehen k\u00f6nnen.<\/b><\/li>\n<li style=\"font-weight: 400;\" aria-level=\"1\"><span style=\"font-weight: 400;\">1 Jahr Garantie<\/span><\/li>\n<li style=\"font-weight: 400;\" aria-level=\"1\"><span style=\"font-weight: 400;\">Nur drinnen<\/span><\/li>\n<\/ul>\n","protected":false},"excerpt":{"rendered":"<p>Mit Steinen \u2713 Moderne Leinwand<\/p>\n","protected":false},"featured_media":177543,"template":"","meta":{"_acf_changed":false,"_genesis_title":"","_genesis_description":""},"product_brand":[7505],"product_cat":[410,476,7038],"product_tag":[],"class_list":{"0":"post-192999","1":"product","2":"type-product","3":"status-publish","4":"has-post-thumbnail","6":"product_brand-sonstige","7":"product_cat-gemaelde","8":"product_cat-gemaelde-auf-leinwand","9":"product_cat-strass-leinwandgemaelde","11":"first","12":"instock","13":"taxable","14":"shipping-taxable","15":"purchasable","16":"product-type-simple"},"acf":[],"meta_all":{"total_sales":"0","cor_restricted_countries":[]},"meta_all_flat":{"total_sales":"0"},"yoast_head":"<!-- This site is optimized with the Yoast SEO Premium plugin v26.2 (Yoast SEO v27.2) - https:\/\/yoast.com\/product\/yoast-seo-premium-wordpress\/ -->\n<title>Sonstige Strass Gem\u00e4lde im Rahmen Musik Affe 63x63cm hochglanz - Eliassen.nl<\/title>\n<meta name=\"description\" content=\"Ein wundersch\u00f6nes quadratisches Leinwandbild mit vielen Strasssteinen f\u00fcr einen sch\u00f6nen Effekt. Ein sch\u00f6nes Modell mit einem Musik-Affen in Hochglanz. Schnelle Lieferung.\" \/>\n<meta name=\"robots\" content=\"index, follow, max-snippet:-1, max-image-preview:large, max-video-preview:-1\" \/>\n<link rel=\"canonical\" href=\"https:\/\/www.eliassen.nl\/de\/strass-gemaelde-im-rahmen-musik-affe-63x63cm-hochglanz\/\" \/>\n<meta property=\"og:locale\" content=\"de_DE\" \/>\n<meta property=\"og:type\" content=\"article\" \/>\n<meta property=\"og:title\" content=\"Sonstige Strass Gem\u00e4lde im Rahmen Musik Affe 63x63cm hochglanz - Eliassen.nl\" \/>\n<meta property=\"og:description\" content=\"Ein wundersch\u00f6nes quadratisches Leinwandbild mit vielen Strasssteinen f\u00fcr einen sch\u00f6nen Effekt. Ein sch\u00f6nes Modell mit einem Musik-Affen in Hochglanz. Schnelle Lieferung.\" \/>\n<meta property=\"og:url\" content=\"https:\/\/www.eliassen.nl\/de\/strass-gemaelde-im-rahmen-musik-affe-63x63cm-hochglanz\/\" \/>\n<meta property=\"og:site_name\" content=\"Eliassen.nl\" \/>\n<meta property=\"article:publisher\" content=\"https:\/\/www.facebook.com\/TuincentrumEliassenAmmerzoden\" \/>\n<meta property=\"article:modified_time\" content=\"2026-01-07T12:44:15+00:00\" \/>\n<meta property=\"og:image\" content=\"https:\/\/www.eliassen.nl\/wp-content\/uploads\/2025\/03\/strass-schilderij-music-aap-Eliassen.nl_.jpg\" \/>\n\t<meta property=\"og:image:width\" content=\"1046\" \/>\n\t<meta property=\"og:image:height\" content=\"1047\" \/>\n\t<meta property=\"og:image:type\" content=\"image\/jpeg\" \/>\n<meta name=\"twitter:card\" content=\"summary_large_image\" \/>\n<script type=\"application\/ld+json\" class=\"yoast-schema-graph\">{\"@context\":\"https:\/\/schema.org\",\"@graph\":[{\"@type\":\"WebPage\",\"@id\":\"https:\/\/www.eliassen.nl\/de\/strass-gemaelde-im-rahmen-musik-affe-63x63cm-hochglanz\/\",\"url\":\"https:\/\/www.eliassen.nl\/de\/strass-gemaelde-im-rahmen-musik-affe-63x63cm-hochglanz\/\",\"name\":\"Sonstige Strass Gem\u00e4lde im Rahmen Musik Affe 63x63cm hochglanz - Eliassen.nl\",\"isPartOf\":{\"@id\":\"https:\/\/www.eliassen.nl\/de\/#website\"},\"primaryImageOfPage\":{\"@id\":\"https:\/\/www.eliassen.nl\/de\/strass-gemaelde-im-rahmen-musik-affe-63x63cm-hochglanz\/#primaryimage\"},\"image\":{\"@id\":\"https:\/\/www.eliassen.nl\/de\/strass-gemaelde-im-rahmen-musik-affe-63x63cm-hochglanz\/#primaryimage\"},\"thumbnailUrl\":\"https:\/\/www.eliassen.nl\/wp-content\/uploads\/2025\/03\/strass-schilderij-music-aap-Eliassen.nl_.jpg\",\"datePublished\":\"2025-03-25T10:02:30+00:00\",\"dateModified\":\"2026-01-07T12:44:15+00:00\",\"description\":\"Ein wundersch\u00f6nes quadratisches Leinwandbild mit vielen Strasssteinen f\u00fcr einen sch\u00f6nen Effekt. Ein sch\u00f6nes Modell mit einem Musik-Affen in Hochglanz. Schnelle Lieferung.\",\"breadcrumb\":{\"@id\":\"https:\/\/www.eliassen.nl\/de\/strass-gemaelde-im-rahmen-musik-affe-63x63cm-hochglanz\/#breadcrumb\"},\"inLanguage\":\"de\",\"potentialAction\":[{\"@type\":\"ReadAction\",\"target\":[\"https:\/\/www.eliassen.nl\/de\/strass-gemaelde-im-rahmen-musik-affe-63x63cm-hochglanz\/\"]}]},{\"@type\":\"ImageObject\",\"inLanguage\":\"de\",\"@id\":\"https:\/\/www.eliassen.nl\/de\/strass-gemaelde-im-rahmen-musik-affe-63x63cm-hochglanz\/#primaryimage\",\"url\":\"https:\/\/www.eliassen.nl\/wp-content\/uploads\/2025\/03\/strass-schilderij-music-aap-Eliassen.nl_.jpg\",\"contentUrl\":\"https:\/\/www.eliassen.nl\/wp-content\/uploads\/2025\/03\/strass-schilderij-music-aap-Eliassen.nl_.jpg\",\"width\":1046,\"height\":1047},{\"@type\":\"BreadcrumbList\",\"@id\":\"https:\/\/www.eliassen.nl\/de\/strass-gemaelde-im-rahmen-musik-affe-63x63cm-hochglanz\/#breadcrumb\",\"itemListElement\":[{\"@type\":\"ListItem\",\"position\":1,\"name\":\"Home\",\"item\":\"https:\/\/www.eliassen.nl\/de\/\"},{\"@type\":\"ListItem\",\"position\":2,\"name\":\"Shop\",\"item\":\"https:\/\/www.eliassen.nl\/de\/shop\/\"},{\"@type\":\"ListItem\",\"position\":3,\"name\":\"Gem\u00e4lde\",\"item\":\"https:\/\/www.eliassen.nl\/de\/gemaelde\/\"},{\"@type\":\"ListItem\",\"position\":4,\"name\":\"Gem\u00e4lde auf Leinwand\",\"item\":\"https:\/\/www.eliassen.nl\/de\/gemaelde\/gemaelde-auf-leinwand\/\"},{\"@type\":\"ListItem\",\"position\":5,\"name\":\"Strass Gem\u00e4lde im Rahmen Musik Affe 63x63cm hochglanz\"}]},{\"@type\":\"WebSite\",\"@id\":\"https:\/\/www.eliassen.nl\/de\/#website\",\"url\":\"https:\/\/www.eliassen.nl\/de\/\",\"name\":\"Eliassen Home & Garden Pleasure\",\"description\":\"\",\"publisher\":{\"@id\":\"https:\/\/www.eliassen.nl\/de\/#organization\"},\"alternateName\":\"Eliassen.nl\",\"potentialAction\":[{\"@type\":\"SearchAction\",\"target\":{\"@type\":\"EntryPoint\",\"urlTemplate\":\"https:\/\/www.eliassen.nl\/de\/?s={search_term_string}\"},\"query-input\":{\"@type\":\"PropertyValueSpecification\",\"valueRequired\":true,\"valueName\":\"search_term_string\"}}],\"inLanguage\":\"de\"},{\"@type\":[\"Organization\",\"Place\"],\"@id\":\"https:\/\/www.eliassen.nl\/de\/#organization\",\"name\":\"Eliassen Home & Garden Pleasure\",\"url\":\"https:\/\/www.eliassen.nl\/de\/\",\"logo\":{\"@id\":\"https:\/\/www.eliassen.nl\/de\/strass-gemaelde-im-rahmen-musik-affe-63x63cm-hochglanz\/#local-main-organization-logo\"},\"image\":{\"@id\":\"https:\/\/www.eliassen.nl\/de\/strass-gemaelde-im-rahmen-musik-affe-63x63cm-hochglanz\/#local-main-organization-logo\"},\"sameAs\":[\"https:\/\/www.facebook.com\/TuincentrumEliassenAmmerzoden\",\"https:\/\/www.instagram.com\/eliassenhomeandgarden\/\",\"https:\/\/nl.pinterest.com\/eliassenhomeandgarden\/\",\"https:\/\/www.youtube.com\/@eliassenhomegardenpleasure4558\"],\"telephone\":[],\"openingHoursSpecification\":[{\"@type\":\"OpeningHoursSpecification\",\"dayOfWeek\":[\"Monday\",\"Tuesday\",\"Wednesday\",\"Thursday\",\"Friday\",\"Saturday\",\"Sunday\"],\"opens\":\"09:00\",\"closes\":\"17:00\"}]},{\"@type\":\"ImageObject\",\"inLanguage\":\"de\",\"@id\":\"https:\/\/www.eliassen.nl\/de\/strass-gemaelde-im-rahmen-musik-affe-63x63cm-hochglanz\/#local-main-organization-logo\",\"url\":\"https:\/\/www.eliassen.nl\/wp-content\/uploads\/2024\/01\/logo_4nd.jpg\",\"contentUrl\":\"https:\/\/www.eliassen.nl\/wp-content\/uploads\/2024\/01\/logo_4nd.jpg\",\"width\":500,\"height\":500,\"caption\":\"Eliassen Home & Garden Pleasure\"}]}<\/script>\n<meta property=\"product:price:amount\" content=\"54.50\" \/>\n<meta property=\"product:price:currency\" content=\"EUR\" \/>\n<meta property=\"og:availability\" content=\"instock\" \/>\n<meta property=\"product:availability\" content=\"instock\" \/>\n<meta property=\"product:retailer_item_id\" content=\"Cangl060060-005B\" \/>\n<meta property=\"product:condition\" content=\"new\" \/>\n<!-- \/ Yoast SEO Premium plugin. -->","yoast_head_json":{"title":"Sonstige Strass Gem\u00e4lde im Rahmen Musik Affe 63x63cm hochglanz - Eliassen.nl","description":"Ein wundersch\u00f6nes quadratisches Leinwandbild mit vielen Strasssteinen f\u00fcr einen sch\u00f6nen Effekt. Ein sch\u00f6nes Modell mit einem Musik-Affen in Hochglanz. Schnelle Lieferung.","robots":{"index":"index","follow":"follow","max-snippet":"max-snippet:-1","max-image-preview":"max-image-preview:large","max-video-preview":"max-video-preview:-1"},"canonical":"https:\/\/www.eliassen.nl\/de\/strass-gemaelde-im-rahmen-musik-affe-63x63cm-hochglanz\/","og_locale":"de_DE","og_type":"article","og_title":"Sonstige Strass Gem\u00e4lde im Rahmen Musik Affe 63x63cm hochglanz - Eliassen.nl","og_description":"Ein wundersch\u00f6nes quadratisches Leinwandbild mit vielen Strasssteinen f\u00fcr einen sch\u00f6nen Effekt. Ein sch\u00f6nes Modell mit einem Musik-Affen in Hochglanz. Schnelle Lieferung.","og_url":"https:\/\/www.eliassen.nl\/de\/strass-gemaelde-im-rahmen-musik-affe-63x63cm-hochglanz\/","og_site_name":"Eliassen.nl","article_publisher":"https:\/\/www.facebook.com\/TuincentrumEliassenAmmerzoden","article_modified_time":"2026-01-07T12:44:15+00:00","og_image":[{"width":1046,"height":1047,"url":"https:\/\/www.eliassen.nl\/wp-content\/uploads\/2025\/03\/strass-schilderij-music-aap-Eliassen.nl_.jpg","type":"image\/jpeg"}],"twitter_card":"summary_large_image","schema":{"@context":"https:\/\/schema.org","@graph":[{"@type":"WebPage","@id":"https:\/\/www.eliassen.nl\/de\/strass-gemaelde-im-rahmen-musik-affe-63x63cm-hochglanz\/","url":"https:\/\/www.eliassen.nl\/de\/strass-gemaelde-im-rahmen-musik-affe-63x63cm-hochglanz\/","name":"Sonstige Strass Gem\u00e4lde im Rahmen Musik Affe 63x63cm hochglanz - Eliassen.nl","isPartOf":{"@id":"https:\/\/www.eliassen.nl\/de\/#website"},"primaryImageOfPage":{"@id":"https:\/\/www.eliassen.nl\/de\/strass-gemaelde-im-rahmen-musik-affe-63x63cm-hochglanz\/#primaryimage"},"image":{"@id":"https:\/\/www.eliassen.nl\/de\/strass-gemaelde-im-rahmen-musik-affe-63x63cm-hochglanz\/#primaryimage"},"thumbnailUrl":"https:\/\/www.eliassen.nl\/wp-content\/uploads\/2025\/03\/strass-schilderij-music-aap-Eliassen.nl_.jpg","datePublished":"2025-03-25T10:02:30+00:00","dateModified":"2026-01-07T12:44:15+00:00","description":"Ein wundersch\u00f6nes quadratisches Leinwandbild mit vielen Strasssteinen f\u00fcr einen sch\u00f6nen Effekt. Ein sch\u00f6nes Modell mit einem Musik-Affen in Hochglanz. Schnelle Lieferung.","breadcrumb":{"@id":"https:\/\/www.eliassen.nl\/de\/strass-gemaelde-im-rahmen-musik-affe-63x63cm-hochglanz\/#breadcrumb"},"inLanguage":"de","potentialAction":[{"@type":"ReadAction","target":["https:\/\/www.eliassen.nl\/de\/strass-gemaelde-im-rahmen-musik-affe-63x63cm-hochglanz\/"]}]},{"@type":"ImageObject","inLanguage":"de","@id":"https:\/\/www.eliassen.nl\/de\/strass-gemaelde-im-rahmen-musik-affe-63x63cm-hochglanz\/#primaryimage","url":"https:\/\/www.eliassen.nl\/wp-content\/uploads\/2025\/03\/strass-schilderij-music-aap-Eliassen.nl_.jpg","contentUrl":"https:\/\/www.eliassen.nl\/wp-content\/uploads\/2025\/03\/strass-schilderij-music-aap-Eliassen.nl_.jpg","width":1046,"height":1047},{"@type":"BreadcrumbList","@id":"https:\/\/www.eliassen.nl\/de\/strass-gemaelde-im-rahmen-musik-affe-63x63cm-hochglanz\/#breadcrumb","itemListElement":[{"@type":"ListItem","position":1,"name":"Home","item":"https:\/\/www.eliassen.nl\/de\/"},{"@type":"ListItem","position":2,"name":"Shop","item":"https:\/\/www.eliassen.nl\/de\/shop\/"},{"@type":"ListItem","position":3,"name":"Gem\u00e4lde","item":"https:\/\/www.eliassen.nl\/de\/gemaelde\/"},{"@type":"ListItem","position":4,"name":"Gem\u00e4lde auf Leinwand","item":"https:\/\/www.eliassen.nl\/de\/gemaelde\/gemaelde-auf-leinwand\/"},{"@type":"ListItem","position":5,"name":"Strass Gem\u00e4lde im Rahmen Musik Affe 63x63cm hochglanz"}]},{"@type":"WebSite","@id":"https:\/\/www.eliassen.nl\/de\/#website","url":"https:\/\/www.eliassen.nl\/de\/","name":"Eliassen Home & Garden Pleasure","description":"","publisher":{"@id":"https:\/\/www.eliassen.nl\/de\/#organization"},"alternateName":"Eliassen.nl","potentialAction":[{"@type":"SearchAction","target":{"@type":"EntryPoint","urlTemplate":"https:\/\/www.eliassen.nl\/de\/?s={search_term_string}"},"query-input":{"@type":"PropertyValueSpecification","valueRequired":true,"valueName":"search_term_string"}}],"inLanguage":"de"},{"@type":["Organization","Place"],"@id":"https:\/\/www.eliassen.nl\/de\/#organization","name":"Eliassen Home & Garden Pleasure","url":"https:\/\/www.eliassen.nl\/de\/","logo":{"@id":"https:\/\/www.eliassen.nl\/de\/strass-gemaelde-im-rahmen-musik-affe-63x63cm-hochglanz\/#local-main-organization-logo"},"image":{"@id":"https:\/\/www.eliassen.nl\/de\/strass-gemaelde-im-rahmen-musik-affe-63x63cm-hochglanz\/#local-main-organization-logo"},"sameAs":["https:\/\/www.facebook.com\/TuincentrumEliassenAmmerzoden","https:\/\/www.instagram.com\/eliassenhomeandgarden\/","https:\/\/nl.pinterest.com\/eliassenhomeandgarden\/","https:\/\/www.youtube.com\/@eliassenhomegardenpleasure4558"],"telephone":[],"openingHoursSpecification":[{"@type":"OpeningHoursSpecification","dayOfWeek":["Monday","Tuesday","Wednesday","Thursday","Friday","Saturday","Sunday"],"opens":"09:00","closes":"17:00"}]},{"@type":"ImageObject","inLanguage":"de","@id":"https:\/\/www.eliassen.nl\/de\/strass-gemaelde-im-rahmen-musik-affe-63x63cm-hochglanz\/#local-main-organization-logo","url":"https:\/\/www.eliassen.nl\/wp-content\/uploads\/2024\/01\/logo_4nd.jpg","contentUrl":"https:\/\/www.eliassen.nl\/wp-content\/uploads\/2024\/01\/logo_4nd.jpg","width":500,"height":500,"caption":"Eliassen Home & Garden Pleasure"}]},"product_price_amount":"54.50","product_price_currency":"EUR","og_availability":"instock","product_availability":"instock","product_retailer_item_id":"Cangl060060-005B","product_condition":"new"},"df_price":54.5,"df_sale_price":"","df_regular_price":54.5,"df_image_link":"https:\/\/www.eliassen.nl\/wp-content\/uploads\/2025\/03\/strass-schilderij-music-aap-Eliassen.nl_-300x300.jpg","image":"https:\/\/www.eliassen.nl\/wp-content\/uploads\/2025\/03\/strass-schilderij-music-aap-Eliassen.nl_-150x150.jpg","price_search":"<span class=\"woocommerce-Price-amount amount\"><bdi><span class=\"woocommerce-Price-currencySymbol\">&euro;<\/span>&nbsp;54,50<\/bdi><\/span>","category":"Gem\u00e4lde","global_unique_id":"6096523920936","_links":{"self":[{"href":"https:\/\/www.eliassen.nl\/de\/wp-json\/wp\/v2\/product\/192999","targetHints":{"allow":["GET"]}}],"collection":[{"href":"https:\/\/www.eliassen.nl\/de\/wp-json\/wp\/v2\/product"}],"about":[{"href":"https:\/\/www.eliassen.nl\/de\/wp-json\/wp\/v2\/types\/product"}],"wp:featuredmedia":[{"embeddable":true,"href":"https:\/\/www.eliassen.nl\/de\/wp-json\/wp\/v2\/media\/177543"}],"wp:attachment":[{"href":"https:\/\/www.eliassen.nl\/de\/wp-json\/wp\/v2\/media?parent=192999"}],"wp:term":[{"taxonomy":"product_brand","embeddable":true,"href":"https:\/\/www.eliassen.nl\/de\/wp-json\/wp\/v2\/product_brand?post=192999"},{"taxonomy":"product_cat","embeddable":true,"href":"https:\/\/www.eliassen.nl\/de\/wp-json\/wp\/v2\/product_cat?post=192999"},{"taxonomy":"product_tag","embeddable":true,"href":"https:\/\/www.eliassen.nl\/de\/wp-json\/wp\/v2\/product_tag?post=192999"}],"curies":[{"name":"wp","href":"https:\/\/api.w.org\/{rel}","templated":true}]}}