{"id":192974,"date":"2025-02-27T12:02:24","date_gmt":"2025-02-27T11:02:24","guid":{"rendered":"https:\/\/www.eliassen.nl\/product\/glasmalerei-orange-dame-120x120cm\/"},"modified":"2026-01-07T13:45:32","modified_gmt":"2026-01-07T12:45:32","slug":"glasmalerei-orange-dame-120x120cm","status":"publish","type":"product","link":"https:\/\/www.eliassen.nl\/de\/glasmalerei-orange-dame-120x120cm\/","title":{"rendered":"Glasgem\u00e4lde Orange Dame 120x120cm Matteffekt"},"content":{"rendered":"<p>Wundersch\u00f6n in sch\u00f6nen, schlichten Interieurs, aber nat\u00fcrlich auch geschmackvoll in Ihrem Schlafzimmer.<br \/>\nDies ist eine hochwertige Glasplatte mit der Seitenansicht einer Dame, die eine Brille tr\u00e4gt, mit vielen eingebauten 3D-Effekten.<br \/>\nBei diesem Modell wird das Bild auf die Vorderseite gedruckt, wo das 3d einen sch\u00f6nen sichtbaren und f\u00fchlbaren Effekt erzeugt. Dieses Modell hat einen matten Farbeffekt und ist nicht gl\u00e4nzend.<\/p>\n<p><strong>Wir haben fast die gesamte Kollektion dieser Gem\u00e4ldesammlung in unserem Gesch\u00e4ft vorr\u00e4tig, was in den Niederlanden sehr einzigartig ist!<\/strong><\/p>\n<ul>\n<li>  Gr\u00f6\u00dfe 120x120cm<\/li>\n<li> Schnelle Lieferung<\/li>\n<li> Praktisch unzerbrechlich<\/li>\n<li> Superscharfes Bild<\/li>\n<li> 4 mm dickes geh\u00e4rtetes Glas<\/li>\n<li> Praktisch unempfindlich gegen Kratzer<\/li>\n<li> Einfaches Aufh\u00e4ngen mit 2 Haken<\/li>\n<\/ul>\n","protected":false},"excerpt":{"rendered":"<p>Sehr gro\u00dfes, quadratisches Glasgem\u00e4lde aus sehr starkem, geh\u00e4rtetem Glas.<\/p>\n","protected":false},"featured_media":175512,"template":"","meta":{"_acf_changed":false,"_genesis_title":"","_genesis_description":""},"product_brand":[6940],"product_cat":[470,410,443],"product_tag":[],"class_list":{"0":"post-192974","1":"product","2":"type-product","3":"status-publish","4":"has-post-thumbnail","6":"product_brand-ter-halle-de","7":"product_cat-andere-groessen-von-glasgemaelden","8":"product_cat-gemaelde","9":"product_cat-glasmalereien","11":"first","12":"instock","13":"taxable","14":"shipping-taxable","15":"purchasable","16":"product-type-simple"},"acf":[],"meta_all":{"total_sales":"2","cor_restricted_countries":[]},"meta_all_flat":{"total_sales":"2"},"yoast_head":"<!-- This site is optimized with the Yoast SEO Premium plugin v26.2 (Yoast SEO v27.2) - https:\/\/yoast.com\/product\/yoast-seo-premium-wordpress\/ -->\n<title>Ter Halle Glasgem\u00e4lde Orange Dame 120x120cm Matteffekt - Eliassen.nl<\/title>\n<meta name=\"description\" content=\"Was f\u00fcr ein Bild dieses sch\u00f6ne, quadratische, gro\u00dfe Glasgem\u00e4lde. Gro\u00dfartig f\u00fcr jedes elegante Interieur. Starkes geh\u00e4rtetes Glas und eine Sch\u00f6nheit f\u00fcr die Wand.\" \/>\n<meta name=\"robots\" content=\"index, follow, max-snippet:-1, max-image-preview:large, max-video-preview:-1\" \/>\n<link rel=\"canonical\" href=\"https:\/\/www.eliassen.nl\/de\/glasmalerei-orange-dame-120x120cm\/\" \/>\n<meta property=\"og:locale\" content=\"de_DE\" \/>\n<meta property=\"og:type\" content=\"article\" \/>\n<meta property=\"og:title\" content=\"Ter Halle Glasgem\u00e4lde Orange Dame 120x120cm Matteffekt - Eliassen.nl\" \/>\n<meta property=\"og:description\" content=\"Was f\u00fcr ein Bild dieses sch\u00f6ne, quadratische, gro\u00dfe Glasgem\u00e4lde. Gro\u00dfartig f\u00fcr jedes elegante Interieur. Starkes geh\u00e4rtetes Glas und eine Sch\u00f6nheit f\u00fcr die Wand.\" \/>\n<meta property=\"og:url\" content=\"https:\/\/www.eliassen.nl\/de\/glasmalerei-orange-dame-120x120cm\/\" \/>\n<meta property=\"og:site_name\" content=\"Eliassen.nl\" \/>\n<meta property=\"article:publisher\" content=\"https:\/\/www.facebook.com\/TuincentrumEliassenAmmerzoden\" \/>\n<meta property=\"article:modified_time\" content=\"2026-01-07T12:45:32+00:00\" \/>\n<meta property=\"og:image\" content=\"https:\/\/www.eliassen.nl\/wp-content\/uploads\/2025\/02\/glasschilderij-orange-lady-Eliassen.nl_.jpg\" \/>\n\t<meta property=\"og:image:width\" content=\"1004\" \/>\n\t<meta property=\"og:image:height\" content=\"1004\" \/>\n\t<meta property=\"og:image:type\" content=\"image\/jpeg\" \/>\n<meta name=\"twitter:card\" content=\"summary_large_image\" \/>\n<script type=\"application\/ld+json\" class=\"yoast-schema-graph\">{\"@context\":\"https:\/\/schema.org\",\"@graph\":[{\"@type\":\"WebPage\",\"@id\":\"https:\/\/www.eliassen.nl\/de\/glasmalerei-orange-dame-120x120cm\/\",\"url\":\"https:\/\/www.eliassen.nl\/de\/glasmalerei-orange-dame-120x120cm\/\",\"name\":\"Ter Halle Glasgem\u00e4lde Orange Dame 120x120cm Matteffekt - Eliassen.nl\",\"isPartOf\":{\"@id\":\"https:\/\/www.eliassen.nl\/de\/#website\"},\"primaryImageOfPage\":{\"@id\":\"https:\/\/www.eliassen.nl\/de\/glasmalerei-orange-dame-120x120cm\/#primaryimage\"},\"image\":{\"@id\":\"https:\/\/www.eliassen.nl\/de\/glasmalerei-orange-dame-120x120cm\/#primaryimage\"},\"thumbnailUrl\":\"https:\/\/www.eliassen.nl\/wp-content\/uploads\/2025\/02\/glasschilderij-orange-lady-Eliassen.nl_.jpg\",\"datePublished\":\"2025-02-27T11:02:24+00:00\",\"dateModified\":\"2026-01-07T12:45:32+00:00\",\"description\":\"Was f\u00fcr ein Bild dieses sch\u00f6ne, quadratische, gro\u00dfe Glasgem\u00e4lde. Gro\u00dfartig f\u00fcr jedes elegante Interieur. Starkes geh\u00e4rtetes Glas und eine Sch\u00f6nheit f\u00fcr die Wand.\",\"breadcrumb\":{\"@id\":\"https:\/\/www.eliassen.nl\/de\/glasmalerei-orange-dame-120x120cm\/#breadcrumb\"},\"inLanguage\":\"de\",\"potentialAction\":[{\"@type\":\"ReadAction\",\"target\":[\"https:\/\/www.eliassen.nl\/de\/glasmalerei-orange-dame-120x120cm\/\"]}]},{\"@type\":\"ImageObject\",\"inLanguage\":\"de\",\"@id\":\"https:\/\/www.eliassen.nl\/de\/glasmalerei-orange-dame-120x120cm\/#primaryimage\",\"url\":\"https:\/\/www.eliassen.nl\/wp-content\/uploads\/2025\/02\/glasschilderij-orange-lady-Eliassen.nl_.jpg\",\"contentUrl\":\"https:\/\/www.eliassen.nl\/wp-content\/uploads\/2025\/02\/glasschilderij-orange-lady-Eliassen.nl_.jpg\",\"width\":1004,\"height\":1004,\"caption\":\"Schaffen Sie ein fesselndes Bild einer k\u00fchnen und eleganten weiblichen Figur, die die verschiedenen afrikanischen Kulturen mit futuristischer Mode verbindet. Sie verk\u00f6rpert dunkle afrikanische und \u00e4gyptische Sch\u00f6nheit, mit eklektischen, futuristischen Frisuren und Elementen westafrikanischer, \u00e4gyptischer und nordafrikanischer Kunst. Ihre Kleidung ist avantgardistisch und mischt traditionelle afrikanische Motive mit modernem Design vor dem Hintergrund einer lebendigen afrikanischen Landschaft, von den D\u00fcnen der Sahara bis zu den futuristischen Stra\u00dfen von Addis Abeba. Das Bild f\u00e4ngt ihren dynamischen Geist und die vision\u00e4re Essenz der Viral Visionary Kollektion ein, die die Verschmelzung von Afrikas Vergangenheit, Gegenwart und Zukunft in der Mode hervorhebt. --style raw --stylize 1000 --v 6 Job ID: 35c1da33-1c49-496d-95b8-9336eaab7cff\"},{\"@type\":\"BreadcrumbList\",\"@id\":\"https:\/\/www.eliassen.nl\/de\/glasmalerei-orange-dame-120x120cm\/#breadcrumb\",\"itemListElement\":[{\"@type\":\"ListItem\",\"position\":1,\"name\":\"Home\",\"item\":\"https:\/\/www.eliassen.nl\/de\/\"},{\"@type\":\"ListItem\",\"position\":2,\"name\":\"Shop\",\"item\":\"https:\/\/www.eliassen.nl\/de\/shop\/\"},{\"@type\":\"ListItem\",\"position\":3,\"name\":\"Glasmalereien\",\"item\":\"https:\/\/www.eliassen.nl\/de\/gemaelde\/glasmalereien\/\"},{\"@type\":\"ListItem\",\"position\":4,\"name\":\"Andere Gr\u00f6\u00dfen von Glasgem\u00e4lden\",\"item\":\"https:\/\/www.eliassen.nl\/de\/gemaelde\/glasmalereien\/andere-groessen-von-glasgemaelden\/\"},{\"@type\":\"ListItem\",\"position\":5,\"name\":\"Glasgem\u00e4lde Orange Dame 120x120cm Matteffekt\"}]},{\"@type\":\"WebSite\",\"@id\":\"https:\/\/www.eliassen.nl\/de\/#website\",\"url\":\"https:\/\/www.eliassen.nl\/de\/\",\"name\":\"Eliassen Home & Garden Pleasure\",\"description\":\"\",\"publisher\":{\"@id\":\"https:\/\/www.eliassen.nl\/de\/#organization\"},\"alternateName\":\"Eliassen.nl\",\"potentialAction\":[{\"@type\":\"SearchAction\",\"target\":{\"@type\":\"EntryPoint\",\"urlTemplate\":\"https:\/\/www.eliassen.nl\/de\/?s={search_term_string}\"},\"query-input\":{\"@type\":\"PropertyValueSpecification\",\"valueRequired\":true,\"valueName\":\"search_term_string\"}}],\"inLanguage\":\"de\"},{\"@type\":[\"Organization\",\"Place\"],\"@id\":\"https:\/\/www.eliassen.nl\/de\/#organization\",\"name\":\"Eliassen Home & Garden Pleasure\",\"url\":\"https:\/\/www.eliassen.nl\/de\/\",\"logo\":{\"@id\":\"https:\/\/www.eliassen.nl\/de\/glasmalerei-orange-dame-120x120cm\/#local-main-organization-logo\"},\"image\":{\"@id\":\"https:\/\/www.eliassen.nl\/de\/glasmalerei-orange-dame-120x120cm\/#local-main-organization-logo\"},\"sameAs\":[\"https:\/\/www.facebook.com\/TuincentrumEliassenAmmerzoden\",\"https:\/\/www.instagram.com\/eliassenhomeandgarden\/\",\"https:\/\/nl.pinterest.com\/eliassenhomeandgarden\/\",\"https:\/\/www.youtube.com\/@eliassenhomegardenpleasure4558\"],\"telephone\":[],\"openingHoursSpecification\":[{\"@type\":\"OpeningHoursSpecification\",\"dayOfWeek\":[\"Monday\",\"Tuesday\",\"Wednesday\",\"Thursday\",\"Friday\",\"Saturday\",\"Sunday\"],\"opens\":\"09:00\",\"closes\":\"17:00\"}]},{\"@type\":\"ImageObject\",\"inLanguage\":\"de\",\"@id\":\"https:\/\/www.eliassen.nl\/de\/glasmalerei-orange-dame-120x120cm\/#local-main-organization-logo\",\"url\":\"https:\/\/www.eliassen.nl\/wp-content\/uploads\/2024\/01\/logo_4nd.jpg\",\"contentUrl\":\"https:\/\/www.eliassen.nl\/wp-content\/uploads\/2024\/01\/logo_4nd.jpg\",\"width\":500,\"height\":500,\"caption\":\"Eliassen Home & Garden Pleasure\"}]}<\/script>\n<meta property=\"product:price:amount\" content=\"349.00\" \/>\n<meta property=\"product:price:currency\" content=\"EUR\" \/>\n<meta property=\"og:availability\" content=\"instock\" \/>\n<meta property=\"product:availability\" content=\"instock\" \/>\n<meta property=\"product:retailer_item_id\" content=\"Glas1201203d-025\" \/>\n<meta property=\"product:condition\" content=\"new\" \/>\n<!-- \/ Yoast SEO Premium plugin. -->","yoast_head_json":{"title":"Ter Halle Glasgem\u00e4lde Orange Dame 120x120cm Matteffekt - Eliassen.nl","description":"Was f\u00fcr ein Bild dieses sch\u00f6ne, quadratische, gro\u00dfe Glasgem\u00e4lde. Gro\u00dfartig f\u00fcr jedes elegante Interieur. Starkes geh\u00e4rtetes Glas und eine Sch\u00f6nheit f\u00fcr die Wand.","robots":{"index":"index","follow":"follow","max-snippet":"max-snippet:-1","max-image-preview":"max-image-preview:large","max-video-preview":"max-video-preview:-1"},"canonical":"https:\/\/www.eliassen.nl\/de\/glasmalerei-orange-dame-120x120cm\/","og_locale":"de_DE","og_type":"article","og_title":"Ter Halle Glasgem\u00e4lde Orange Dame 120x120cm Matteffekt - Eliassen.nl","og_description":"Was f\u00fcr ein Bild dieses sch\u00f6ne, quadratische, gro\u00dfe Glasgem\u00e4lde. Gro\u00dfartig f\u00fcr jedes elegante Interieur. Starkes geh\u00e4rtetes Glas und eine Sch\u00f6nheit f\u00fcr die Wand.","og_url":"https:\/\/www.eliassen.nl\/de\/glasmalerei-orange-dame-120x120cm\/","og_site_name":"Eliassen.nl","article_publisher":"https:\/\/www.facebook.com\/TuincentrumEliassenAmmerzoden","article_modified_time":"2026-01-07T12:45:32+00:00","og_image":[{"width":1004,"height":1004,"url":"https:\/\/www.eliassen.nl\/wp-content\/uploads\/2025\/02\/glasschilderij-orange-lady-Eliassen.nl_.jpg","type":"image\/jpeg"}],"twitter_card":"summary_large_image","schema":{"@context":"https:\/\/schema.org","@graph":[{"@type":"WebPage","@id":"https:\/\/www.eliassen.nl\/de\/glasmalerei-orange-dame-120x120cm\/","url":"https:\/\/www.eliassen.nl\/de\/glasmalerei-orange-dame-120x120cm\/","name":"Ter Halle Glasgem\u00e4lde Orange Dame 120x120cm Matteffekt - Eliassen.nl","isPartOf":{"@id":"https:\/\/www.eliassen.nl\/de\/#website"},"primaryImageOfPage":{"@id":"https:\/\/www.eliassen.nl\/de\/glasmalerei-orange-dame-120x120cm\/#primaryimage"},"image":{"@id":"https:\/\/www.eliassen.nl\/de\/glasmalerei-orange-dame-120x120cm\/#primaryimage"},"thumbnailUrl":"https:\/\/www.eliassen.nl\/wp-content\/uploads\/2025\/02\/glasschilderij-orange-lady-Eliassen.nl_.jpg","datePublished":"2025-02-27T11:02:24+00:00","dateModified":"2026-01-07T12:45:32+00:00","description":"Was f\u00fcr ein Bild dieses sch\u00f6ne, quadratische, gro\u00dfe Glasgem\u00e4lde. Gro\u00dfartig f\u00fcr jedes elegante Interieur. Starkes geh\u00e4rtetes Glas und eine Sch\u00f6nheit f\u00fcr die Wand.","breadcrumb":{"@id":"https:\/\/www.eliassen.nl\/de\/glasmalerei-orange-dame-120x120cm\/#breadcrumb"},"inLanguage":"de","potentialAction":[{"@type":"ReadAction","target":["https:\/\/www.eliassen.nl\/de\/glasmalerei-orange-dame-120x120cm\/"]}]},{"@type":"ImageObject","inLanguage":"de","@id":"https:\/\/www.eliassen.nl\/de\/glasmalerei-orange-dame-120x120cm\/#primaryimage","url":"https:\/\/www.eliassen.nl\/wp-content\/uploads\/2025\/02\/glasschilderij-orange-lady-Eliassen.nl_.jpg","contentUrl":"https:\/\/www.eliassen.nl\/wp-content\/uploads\/2025\/02\/glasschilderij-orange-lady-Eliassen.nl_.jpg","width":1004,"height":1004,"caption":"Schaffen Sie ein fesselndes Bild einer k\u00fchnen und eleganten weiblichen Figur, die die verschiedenen afrikanischen Kulturen mit futuristischer Mode verbindet. Sie verk\u00f6rpert dunkle afrikanische und \u00e4gyptische Sch\u00f6nheit, mit eklektischen, futuristischen Frisuren und Elementen westafrikanischer, \u00e4gyptischer und nordafrikanischer Kunst. Ihre Kleidung ist avantgardistisch und mischt traditionelle afrikanische Motive mit modernem Design vor dem Hintergrund einer lebendigen afrikanischen Landschaft, von den D\u00fcnen der Sahara bis zu den futuristischen Stra\u00dfen von Addis Abeba. Das Bild f\u00e4ngt ihren dynamischen Geist und die vision\u00e4re Essenz der Viral Visionary Kollektion ein, die die Verschmelzung von Afrikas Vergangenheit, Gegenwart und Zukunft in der Mode hervorhebt. --style raw --stylize 1000 --v 6 Job ID: 35c1da33-1c49-496d-95b8-9336eaab7cff"},{"@type":"BreadcrumbList","@id":"https:\/\/www.eliassen.nl\/de\/glasmalerei-orange-dame-120x120cm\/#breadcrumb","itemListElement":[{"@type":"ListItem","position":1,"name":"Home","item":"https:\/\/www.eliassen.nl\/de\/"},{"@type":"ListItem","position":2,"name":"Shop","item":"https:\/\/www.eliassen.nl\/de\/shop\/"},{"@type":"ListItem","position":3,"name":"Glasmalereien","item":"https:\/\/www.eliassen.nl\/de\/gemaelde\/glasmalereien\/"},{"@type":"ListItem","position":4,"name":"Andere Gr\u00f6\u00dfen von Glasgem\u00e4lden","item":"https:\/\/www.eliassen.nl\/de\/gemaelde\/glasmalereien\/andere-groessen-von-glasgemaelden\/"},{"@type":"ListItem","position":5,"name":"Glasgem\u00e4lde Orange Dame 120x120cm Matteffekt"}]},{"@type":"WebSite","@id":"https:\/\/www.eliassen.nl\/de\/#website","url":"https:\/\/www.eliassen.nl\/de\/","name":"Eliassen Home & Garden Pleasure","description":"","publisher":{"@id":"https:\/\/www.eliassen.nl\/de\/#organization"},"alternateName":"Eliassen.nl","potentialAction":[{"@type":"SearchAction","target":{"@type":"EntryPoint","urlTemplate":"https:\/\/www.eliassen.nl\/de\/?s={search_term_string}"},"query-input":{"@type":"PropertyValueSpecification","valueRequired":true,"valueName":"search_term_string"}}],"inLanguage":"de"},{"@type":["Organization","Place"],"@id":"https:\/\/www.eliassen.nl\/de\/#organization","name":"Eliassen Home & Garden Pleasure","url":"https:\/\/www.eliassen.nl\/de\/","logo":{"@id":"https:\/\/www.eliassen.nl\/de\/glasmalerei-orange-dame-120x120cm\/#local-main-organization-logo"},"image":{"@id":"https:\/\/www.eliassen.nl\/de\/glasmalerei-orange-dame-120x120cm\/#local-main-organization-logo"},"sameAs":["https:\/\/www.facebook.com\/TuincentrumEliassenAmmerzoden","https:\/\/www.instagram.com\/eliassenhomeandgarden\/","https:\/\/nl.pinterest.com\/eliassenhomeandgarden\/","https:\/\/www.youtube.com\/@eliassenhomegardenpleasure4558"],"telephone":[],"openingHoursSpecification":[{"@type":"OpeningHoursSpecification","dayOfWeek":["Monday","Tuesday","Wednesday","Thursday","Friday","Saturday","Sunday"],"opens":"09:00","closes":"17:00"}]},{"@type":"ImageObject","inLanguage":"de","@id":"https:\/\/www.eliassen.nl\/de\/glasmalerei-orange-dame-120x120cm\/#local-main-organization-logo","url":"https:\/\/www.eliassen.nl\/wp-content\/uploads\/2024\/01\/logo_4nd.jpg","contentUrl":"https:\/\/www.eliassen.nl\/wp-content\/uploads\/2024\/01\/logo_4nd.jpg","width":500,"height":500,"caption":"Eliassen Home & Garden Pleasure"}]},"product_price_amount":"349.00","product_price_currency":"EUR","og_availability":"instock","product_availability":"instock","product_retailer_item_id":"Glas1201203d-025","product_condition":"new"},"df_price":349,"df_sale_price":"","df_regular_price":349,"df_image_link":"https:\/\/www.eliassen.nl\/wp-content\/uploads\/2025\/02\/glasschilderij-orange-lady-Eliassen.nl_-300x300.jpg","image":"https:\/\/www.eliassen.nl\/wp-content\/uploads\/2025\/02\/glasschilderij-orange-lady-Eliassen.nl_-150x150.jpg","price_search":"<span class=\"woocommerce-Price-amount amount\"><bdi><span class=\"woocommerce-Price-currencySymbol\">&euro;<\/span>&nbsp;349,00<\/bdi><\/span>","category":"Andere Gr\u00f6\u00dfen von Glasgem\u00e4lden","global_unique_id":"6096524473455","_links":{"self":[{"href":"https:\/\/www.eliassen.nl\/de\/wp-json\/wp\/v2\/product\/192974","targetHints":{"allow":["GET"]}}],"collection":[{"href":"https:\/\/www.eliassen.nl\/de\/wp-json\/wp\/v2\/product"}],"about":[{"href":"https:\/\/www.eliassen.nl\/de\/wp-json\/wp\/v2\/types\/product"}],"wp:featuredmedia":[{"embeddable":true,"href":"https:\/\/www.eliassen.nl\/de\/wp-json\/wp\/v2\/media\/175512"}],"wp:attachment":[{"href":"https:\/\/www.eliassen.nl\/de\/wp-json\/wp\/v2\/media?parent=192974"}],"wp:term":[{"taxonomy":"product_brand","embeddable":true,"href":"https:\/\/www.eliassen.nl\/de\/wp-json\/wp\/v2\/product_brand?post=192974"},{"taxonomy":"product_cat","embeddable":true,"href":"https:\/\/www.eliassen.nl\/de\/wp-json\/wp\/v2\/product_cat?post=192974"},{"taxonomy":"product_tag","embeddable":true,"href":"https:\/\/www.eliassen.nl\/de\/wp-json\/wp\/v2\/product_tag?post=192974"}],"curies":[{"name":"wp","href":"https:\/\/api.w.org\/{rel}","templated":true}]}}