{"id":192762,"date":"2025-01-06T14:02:59","date_gmt":"2025-01-06T13:02:59","guid":{"rendered":"https:\/\/www.eliassen.nl\/product\/kuenstliche-pflanze-rosmarin-gruen-im-topf-29cm\/"},"modified":"2026-01-16T15:30:59","modified_gmt":"2026-01-16T14:30:59","slug":"kuenstliche-pflanze-rosmarin-gruen-im-topf-29cm","status":"publish","type":"product","link":"https:\/\/www.eliassen.nl\/de\/kuenstliche-pflanze-rosmarin-gruen-im-topf-29cm\/","title":{"rendered":"K\u00fcnstliche Pflanze Rosmarin gr\u00fcn im Topf 29cm"},"content":{"rendered":"<p>Versch\u00f6nern Sie Ihren Garten, Ihr Zuhause oder Ihre Arbeitsumgebung mit dieser sch\u00f6nen, 29 cm hohen Rosmarinpflanze.<\/p>\n<p>Diese nat\u00fcrlich aussehende Modell-Rosmarin-Kr\u00e4uterpflanze mit vielen kleinen Bl\u00e4ttern ist aus feinstem recyceltem Kunststoff hergestellt und steht durch den Topf, in dem sie steht, gut alleine. Diese Rosmarinkrautpflanze f\u00fcllt aufgrund ihrer vielen Bl\u00e4tter sehr schnell leere R\u00e4ume und ist auch in der K\u00fcche sehr dekorativ. Kombiniert mit anderen Seidenpflanzen, zusammen in 1 gro\u00dfen Topf, k\u00f6nnen Sie ein sch\u00f6nes Pflanzenarrangement schaffen, um das Sie sich nicht k\u00fcmmern m\u00fcssen.<\/p>\n<p>Sind die Pflanzen zu trocken oder zu nass, brauchen sie D\u00fcnger, stimmt die Luftfeuchtigkeit, alles Fragen, die Sie sich mit diesen k\u00fcnstlichen Pflanzen nicht mehr stellen m\u00fcssen. Gelegentliches Abwischen mit einem feuchten Tuch ist ausreichend.<\/p>\n<p><strong>Praktisch alles von k\u00fcnstlichen Pflanzen k\u00f6nnen Sie bei uns auch live sehen !!!<\/strong><\/p>\n<p><strong>Bestellen Sie 3 Kunstpflanzen auf einmal bei uns und Sie erhalten 10% Rabatt!<\/strong><\/p>\n<ul>\n<li>Gr\u00f6\u00dfe: 29cm hoch<\/li>\n<li>Gewicht: ca. 2kg<\/li>\n<li>Topfgr\u00f6\u00dfe 11x11cm<\/li>\n<li>Material: Recycelter Kunststoff, PVC-frei<\/li>\n<li>Farbe: gr\u00fcn<\/li>\n<li>Kann auch im Freien aufgestellt werden, allerdings an einem gesch\u00fctzten Ort und nicht in der prallen Sonne.<\/li>\n<li>Garantie: 1 Jahr<\/li>\n<\/ul>\n","protected":false},"excerpt":{"rendered":"<p>Beim Kauf von mehr als 3 Kunstpflanzen erhalten Sie einen Rabatt von 10%.<\/p>\n","protected":false},"featured_media":168144,"template":"","meta":{"_acf_changed":false,"_genesis_title":"","_genesis_description":""},"product_brand":[7481],"product_cat":[7002],"product_tag":[],"class_list":{"0":"post-192762","1":"product","2":"type-product","3":"status-publish","4":"has-post-thumbnail","6":"product_brand-waren","7":"product_cat-kuenstliche-pflanzen","9":"first","10":"instock","11":"taxable","12":"shipping-taxable","13":"purchasable","14":"product-type-simple"},"acf":[],"meta_all":{"total_sales":"2","cor_restricted_countries":[]},"meta_all_flat":{"total_sales":"2"},"yoast_head":"<!-- This site is optimized with the Yoast SEO Premium plugin v26.2 (Yoast SEO v27.2) - https:\/\/yoast.com\/product\/yoast-seo-premium-wordpress\/ -->\n<title>Waren K\u00fcnstliche Pflanze Rosmarin gr\u00fcn im Topf 29cm - Eliassen.nl<\/title>\n<meta name=\"description\" content=\"K\u00fcnstliche Pflanze mit Kr\u00e4utern. Diese \u00e4u\u00dferst dekorative k\u00fcnstliche Rosmarin-Kr\u00e4uterpflanze wird in Ihrer K\u00fcche sicher gut aussehen. Wartungsfrei und schnell lieferbar.\" \/>\n<meta name=\"robots\" content=\"index, follow, max-snippet:-1, max-image-preview:large, max-video-preview:-1\" \/>\n<link rel=\"canonical\" href=\"https:\/\/www.eliassen.nl\/de\/kuenstliche-pflanze-rosmarin-gruen-im-topf-29cm\/\" \/>\n<meta property=\"og:locale\" content=\"de_DE\" \/>\n<meta property=\"og:type\" content=\"article\" \/>\n<meta property=\"og:title\" content=\"Waren K\u00fcnstliche Pflanze Rosmarin gr\u00fcn im Topf 29cm - Eliassen.nl\" \/>\n<meta property=\"og:description\" content=\"K\u00fcnstliche Pflanze mit Kr\u00e4utern. Diese \u00e4u\u00dferst dekorative k\u00fcnstliche Rosmarin-Kr\u00e4uterpflanze wird in Ihrer K\u00fcche sicher gut aussehen. Wartungsfrei und schnell lieferbar.\" \/>\n<meta property=\"og:url\" content=\"https:\/\/www.eliassen.nl\/de\/kuenstliche-pflanze-rosmarin-gruen-im-topf-29cm\/\" \/>\n<meta property=\"og:site_name\" content=\"Eliassen.nl\" \/>\n<meta property=\"article:publisher\" content=\"https:\/\/www.facebook.com\/TuincentrumEliassenAmmerzoden\" \/>\n<meta property=\"article:modified_time\" content=\"2026-01-16T14:30:59+00:00\" \/>\n<meta property=\"og:image\" content=\"https:\/\/www.eliassen.nl\/wp-content\/uploads\/2024\/12\/kunstplant-rozemarijn-Eliassen.nl_-scaled.jpg\" \/>\n\t<meta property=\"og:image:width\" content=\"2560\" \/>\n\t<meta property=\"og:image:height\" content=\"2560\" \/>\n\t<meta property=\"og:image:type\" content=\"image\/jpeg\" \/>\n<meta name=\"twitter:card\" content=\"summary_large_image\" \/>\n<script type=\"application\/ld+json\" class=\"yoast-schema-graph\">{\"@context\":\"https:\/\/schema.org\",\"@graph\":[{\"@type\":\"WebPage\",\"@id\":\"https:\/\/www.eliassen.nl\/de\/kuenstliche-pflanze-rosmarin-gruen-im-topf-29cm\/\",\"url\":\"https:\/\/www.eliassen.nl\/de\/kuenstliche-pflanze-rosmarin-gruen-im-topf-29cm\/\",\"name\":\"Waren K\u00fcnstliche Pflanze Rosmarin gr\u00fcn im Topf 29cm - Eliassen.nl\",\"isPartOf\":{\"@id\":\"https:\/\/www.eliassen.nl\/de\/#website\"},\"primaryImageOfPage\":{\"@id\":\"https:\/\/www.eliassen.nl\/de\/kuenstliche-pflanze-rosmarin-gruen-im-topf-29cm\/#primaryimage\"},\"image\":{\"@id\":\"https:\/\/www.eliassen.nl\/de\/kuenstliche-pflanze-rosmarin-gruen-im-topf-29cm\/#primaryimage\"},\"thumbnailUrl\":\"https:\/\/www.eliassen.nl\/wp-content\/uploads\/2024\/12\/kunstplant-rozemarijn-Eliassen.nl_-scaled.jpg\",\"datePublished\":\"2025-01-06T13:02:59+00:00\",\"dateModified\":\"2026-01-16T14:30:59+00:00\",\"description\":\"K\u00fcnstliche Pflanze mit Kr\u00e4utern. Diese \u00e4u\u00dferst dekorative k\u00fcnstliche Rosmarin-Kr\u00e4uterpflanze wird in Ihrer K\u00fcche sicher gut aussehen. Wartungsfrei und schnell lieferbar.\",\"breadcrumb\":{\"@id\":\"https:\/\/www.eliassen.nl\/de\/kuenstliche-pflanze-rosmarin-gruen-im-topf-29cm\/#breadcrumb\"},\"inLanguage\":\"de\",\"potentialAction\":[{\"@type\":\"ReadAction\",\"target\":[\"https:\/\/www.eliassen.nl\/de\/kuenstliche-pflanze-rosmarin-gruen-im-topf-29cm\/\"]}]},{\"@type\":\"ImageObject\",\"inLanguage\":\"de\",\"@id\":\"https:\/\/www.eliassen.nl\/de\/kuenstliche-pflanze-rosmarin-gruen-im-topf-29cm\/#primaryimage\",\"url\":\"https:\/\/www.eliassen.nl\/wp-content\/uploads\/2024\/12\/kunstplant-rozemarijn-Eliassen.nl_-scaled.jpg\",\"contentUrl\":\"https:\/\/www.eliassen.nl\/wp-content\/uploads\/2024\/12\/kunstplant-rozemarijn-Eliassen.nl_-scaled.jpg\",\"width\":2560,\"height\":2560},{\"@type\":\"BreadcrumbList\",\"@id\":\"https:\/\/www.eliassen.nl\/de\/kuenstliche-pflanze-rosmarin-gruen-im-topf-29cm\/#breadcrumb\",\"itemListElement\":[{\"@type\":\"ListItem\",\"position\":1,\"name\":\"Home\",\"item\":\"https:\/\/www.eliassen.nl\/de\/\"},{\"@type\":\"ListItem\",\"position\":2,\"name\":\"Shop\",\"item\":\"https:\/\/www.eliassen.nl\/de\/shop\/\"},{\"@type\":\"ListItem\",\"position\":3,\"name\":\"K\u00fcnstliche Pflanzen\",\"item\":\"https:\/\/www.eliassen.nl\/de\/kuenstliche-pflanzen\/\"},{\"@type\":\"ListItem\",\"position\":4,\"name\":\"K\u00fcnstliche Pflanze Rosmarin gr\u00fcn im Topf 29cm\"}]},{\"@type\":\"WebSite\",\"@id\":\"https:\/\/www.eliassen.nl\/de\/#website\",\"url\":\"https:\/\/www.eliassen.nl\/de\/\",\"name\":\"Eliassen Home & Garden Pleasure\",\"description\":\"\",\"publisher\":{\"@id\":\"https:\/\/www.eliassen.nl\/de\/#organization\"},\"alternateName\":\"Eliassen.nl\",\"potentialAction\":[{\"@type\":\"SearchAction\",\"target\":{\"@type\":\"EntryPoint\",\"urlTemplate\":\"https:\/\/www.eliassen.nl\/de\/?s={search_term_string}\"},\"query-input\":{\"@type\":\"PropertyValueSpecification\",\"valueRequired\":true,\"valueName\":\"search_term_string\"}}],\"inLanguage\":\"de\"},{\"@type\":[\"Organization\",\"Place\"],\"@id\":\"https:\/\/www.eliassen.nl\/de\/#organization\",\"name\":\"Eliassen Home & Garden Pleasure\",\"url\":\"https:\/\/www.eliassen.nl\/de\/\",\"logo\":{\"@id\":\"https:\/\/www.eliassen.nl\/de\/kuenstliche-pflanze-rosmarin-gruen-im-topf-29cm\/#local-main-organization-logo\"},\"image\":{\"@id\":\"https:\/\/www.eliassen.nl\/de\/kuenstliche-pflanze-rosmarin-gruen-im-topf-29cm\/#local-main-organization-logo\"},\"sameAs\":[\"https:\/\/www.facebook.com\/TuincentrumEliassenAmmerzoden\",\"https:\/\/www.instagram.com\/eliassenhomeandgarden\/\",\"https:\/\/nl.pinterest.com\/eliassenhomeandgarden\/\",\"https:\/\/www.youtube.com\/@eliassenhomegardenpleasure4558\"],\"telephone\":[],\"openingHoursSpecification\":[{\"@type\":\"OpeningHoursSpecification\",\"dayOfWeek\":[\"Monday\",\"Tuesday\",\"Wednesday\",\"Thursday\",\"Friday\",\"Saturday\",\"Sunday\"],\"opens\":\"09:00\",\"closes\":\"17:00\"}]},{\"@type\":\"ImageObject\",\"inLanguage\":\"de\",\"@id\":\"https:\/\/www.eliassen.nl\/de\/kuenstliche-pflanze-rosmarin-gruen-im-topf-29cm\/#local-main-organization-logo\",\"url\":\"https:\/\/www.eliassen.nl\/wp-content\/uploads\/2024\/01\/logo_4nd.jpg\",\"contentUrl\":\"https:\/\/www.eliassen.nl\/wp-content\/uploads\/2024\/01\/logo_4nd.jpg\",\"width\":500,\"height\":500,\"caption\":\"Eliassen Home & Garden Pleasure\"}]}<\/script>\n<meta property=\"product:price:amount\" content=\"14.50\" \/>\n<meta property=\"product:price:currency\" content=\"EUR\" \/>\n<meta property=\"og:availability\" content=\"instock\" \/>\n<meta property=\"product:availability\" content=\"instock\" \/>\n<meta property=\"product:retailer_item_id\" content=\"G6154502\" \/>\n<meta property=\"product:condition\" content=\"new\" \/>\n<!-- \/ Yoast SEO Premium plugin. -->","yoast_head_json":{"title":"Waren K\u00fcnstliche Pflanze Rosmarin gr\u00fcn im Topf 29cm - Eliassen.nl","description":"K\u00fcnstliche Pflanze mit Kr\u00e4utern. Diese \u00e4u\u00dferst dekorative k\u00fcnstliche Rosmarin-Kr\u00e4uterpflanze wird in Ihrer K\u00fcche sicher gut aussehen. Wartungsfrei und schnell lieferbar.","robots":{"index":"index","follow":"follow","max-snippet":"max-snippet:-1","max-image-preview":"max-image-preview:large","max-video-preview":"max-video-preview:-1"},"canonical":"https:\/\/www.eliassen.nl\/de\/kuenstliche-pflanze-rosmarin-gruen-im-topf-29cm\/","og_locale":"de_DE","og_type":"article","og_title":"Waren K\u00fcnstliche Pflanze Rosmarin gr\u00fcn im Topf 29cm - Eliassen.nl","og_description":"K\u00fcnstliche Pflanze mit Kr\u00e4utern. Diese \u00e4u\u00dferst dekorative k\u00fcnstliche Rosmarin-Kr\u00e4uterpflanze wird in Ihrer K\u00fcche sicher gut aussehen. Wartungsfrei und schnell lieferbar.","og_url":"https:\/\/www.eliassen.nl\/de\/kuenstliche-pflanze-rosmarin-gruen-im-topf-29cm\/","og_site_name":"Eliassen.nl","article_publisher":"https:\/\/www.facebook.com\/TuincentrumEliassenAmmerzoden","article_modified_time":"2026-01-16T14:30:59+00:00","og_image":[{"width":2560,"height":2560,"url":"https:\/\/www.eliassen.nl\/wp-content\/uploads\/2024\/12\/kunstplant-rozemarijn-Eliassen.nl_-scaled.jpg","type":"image\/jpeg"}],"twitter_card":"summary_large_image","schema":{"@context":"https:\/\/schema.org","@graph":[{"@type":"WebPage","@id":"https:\/\/www.eliassen.nl\/de\/kuenstliche-pflanze-rosmarin-gruen-im-topf-29cm\/","url":"https:\/\/www.eliassen.nl\/de\/kuenstliche-pflanze-rosmarin-gruen-im-topf-29cm\/","name":"Waren K\u00fcnstliche Pflanze Rosmarin gr\u00fcn im Topf 29cm - Eliassen.nl","isPartOf":{"@id":"https:\/\/www.eliassen.nl\/de\/#website"},"primaryImageOfPage":{"@id":"https:\/\/www.eliassen.nl\/de\/kuenstliche-pflanze-rosmarin-gruen-im-topf-29cm\/#primaryimage"},"image":{"@id":"https:\/\/www.eliassen.nl\/de\/kuenstliche-pflanze-rosmarin-gruen-im-topf-29cm\/#primaryimage"},"thumbnailUrl":"https:\/\/www.eliassen.nl\/wp-content\/uploads\/2024\/12\/kunstplant-rozemarijn-Eliassen.nl_-scaled.jpg","datePublished":"2025-01-06T13:02:59+00:00","dateModified":"2026-01-16T14:30:59+00:00","description":"K\u00fcnstliche Pflanze mit Kr\u00e4utern. Diese \u00e4u\u00dferst dekorative k\u00fcnstliche Rosmarin-Kr\u00e4uterpflanze wird in Ihrer K\u00fcche sicher gut aussehen. Wartungsfrei und schnell lieferbar.","breadcrumb":{"@id":"https:\/\/www.eliassen.nl\/de\/kuenstliche-pflanze-rosmarin-gruen-im-topf-29cm\/#breadcrumb"},"inLanguage":"de","potentialAction":[{"@type":"ReadAction","target":["https:\/\/www.eliassen.nl\/de\/kuenstliche-pflanze-rosmarin-gruen-im-topf-29cm\/"]}]},{"@type":"ImageObject","inLanguage":"de","@id":"https:\/\/www.eliassen.nl\/de\/kuenstliche-pflanze-rosmarin-gruen-im-topf-29cm\/#primaryimage","url":"https:\/\/www.eliassen.nl\/wp-content\/uploads\/2024\/12\/kunstplant-rozemarijn-Eliassen.nl_-scaled.jpg","contentUrl":"https:\/\/www.eliassen.nl\/wp-content\/uploads\/2024\/12\/kunstplant-rozemarijn-Eliassen.nl_-scaled.jpg","width":2560,"height":2560},{"@type":"BreadcrumbList","@id":"https:\/\/www.eliassen.nl\/de\/kuenstliche-pflanze-rosmarin-gruen-im-topf-29cm\/#breadcrumb","itemListElement":[{"@type":"ListItem","position":1,"name":"Home","item":"https:\/\/www.eliassen.nl\/de\/"},{"@type":"ListItem","position":2,"name":"Shop","item":"https:\/\/www.eliassen.nl\/de\/shop\/"},{"@type":"ListItem","position":3,"name":"K\u00fcnstliche Pflanzen","item":"https:\/\/www.eliassen.nl\/de\/kuenstliche-pflanzen\/"},{"@type":"ListItem","position":4,"name":"K\u00fcnstliche Pflanze Rosmarin gr\u00fcn im Topf 29cm"}]},{"@type":"WebSite","@id":"https:\/\/www.eliassen.nl\/de\/#website","url":"https:\/\/www.eliassen.nl\/de\/","name":"Eliassen Home & Garden Pleasure","description":"","publisher":{"@id":"https:\/\/www.eliassen.nl\/de\/#organization"},"alternateName":"Eliassen.nl","potentialAction":[{"@type":"SearchAction","target":{"@type":"EntryPoint","urlTemplate":"https:\/\/www.eliassen.nl\/de\/?s={search_term_string}"},"query-input":{"@type":"PropertyValueSpecification","valueRequired":true,"valueName":"search_term_string"}}],"inLanguage":"de"},{"@type":["Organization","Place"],"@id":"https:\/\/www.eliassen.nl\/de\/#organization","name":"Eliassen Home & Garden Pleasure","url":"https:\/\/www.eliassen.nl\/de\/","logo":{"@id":"https:\/\/www.eliassen.nl\/de\/kuenstliche-pflanze-rosmarin-gruen-im-topf-29cm\/#local-main-organization-logo"},"image":{"@id":"https:\/\/www.eliassen.nl\/de\/kuenstliche-pflanze-rosmarin-gruen-im-topf-29cm\/#local-main-organization-logo"},"sameAs":["https:\/\/www.facebook.com\/TuincentrumEliassenAmmerzoden","https:\/\/www.instagram.com\/eliassenhomeandgarden\/","https:\/\/nl.pinterest.com\/eliassenhomeandgarden\/","https:\/\/www.youtube.com\/@eliassenhomegardenpleasure4558"],"telephone":[],"openingHoursSpecification":[{"@type":"OpeningHoursSpecification","dayOfWeek":["Monday","Tuesday","Wednesday","Thursday","Friday","Saturday","Sunday"],"opens":"09:00","closes":"17:00"}]},{"@type":"ImageObject","inLanguage":"de","@id":"https:\/\/www.eliassen.nl\/de\/kuenstliche-pflanze-rosmarin-gruen-im-topf-29cm\/#local-main-organization-logo","url":"https:\/\/www.eliassen.nl\/wp-content\/uploads\/2024\/01\/logo_4nd.jpg","contentUrl":"https:\/\/www.eliassen.nl\/wp-content\/uploads\/2024\/01\/logo_4nd.jpg","width":500,"height":500,"caption":"Eliassen Home & Garden Pleasure"}]},"product_price_amount":"14.50","product_price_currency":"EUR","og_availability":"instock","product_availability":"instock","product_retailer_item_id":"G6154502","product_condition":"new"},"df_price":14.5,"df_sale_price":"","df_regular_price":14.5,"df_image_link":"https:\/\/www.eliassen.nl\/wp-content\/uploads\/2024\/12\/kunstplant-rozemarijn-Eliassen.nl_-300x300.jpg","image":"https:\/\/www.eliassen.nl\/wp-content\/uploads\/2024\/12\/kunstplant-rozemarijn-Eliassen.nl_-150x150.jpg","price_search":"<span class=\"woocommerce-Price-amount amount\"><bdi><span class=\"woocommerce-Price-currencySymbol\">&euro;<\/span>&nbsp;14,50<\/bdi><\/span>","category":"K\u00fcnstliche Pflanzen","global_unique_id":"8719716154502","_links":{"self":[{"href":"https:\/\/www.eliassen.nl\/de\/wp-json\/wp\/v2\/product\/192762","targetHints":{"allow":["GET"]}}],"collection":[{"href":"https:\/\/www.eliassen.nl\/de\/wp-json\/wp\/v2\/product"}],"about":[{"href":"https:\/\/www.eliassen.nl\/de\/wp-json\/wp\/v2\/types\/product"}],"wp:featuredmedia":[{"embeddable":true,"href":"https:\/\/www.eliassen.nl\/de\/wp-json\/wp\/v2\/media\/168144"}],"wp:attachment":[{"href":"https:\/\/www.eliassen.nl\/de\/wp-json\/wp\/v2\/media?parent=192762"}],"wp:term":[{"taxonomy":"product_brand","embeddable":true,"href":"https:\/\/www.eliassen.nl\/de\/wp-json\/wp\/v2\/product_brand?post=192762"},{"taxonomy":"product_cat","embeddable":true,"href":"https:\/\/www.eliassen.nl\/de\/wp-json\/wp\/v2\/product_cat?post=192762"},{"taxonomy":"product_tag","embeddable":true,"href":"https:\/\/www.eliassen.nl\/de\/wp-json\/wp\/v2\/product_tag?post=192762"}],"curies":[{"name":"wp","href":"https:\/\/api.w.org\/{rel}","templated":true}]}}