{"id":192737,"date":"2025-04-24T10:43:46","date_gmt":"2025-04-24T08:43:46","guid":{"rendered":"https:\/\/www.eliassen.nl\/product\/teerose-super-weinrot-64cm\/"},"modified":"2025-10-21T16:26:13","modified_gmt":"2025-10-21T14:26:13","slug":"teerose-super-weinrot-64cm","status":"publish","type":"product","link":"https:\/\/www.eliassen.nl\/de\/teerose-super-weinrot-64cm\/","title":{"rendered":"Teerose Super Weinrot 64cm"},"content":{"rendered":"<p>Wenn Sie keinen gr\u00fcnen Daumen haben, oder wenn Sie einen nach Norden ausgerichteten Garten oder eine Terrasse haben, wo nichts lange bl\u00fchen wird, oder wenn Sie eine Pflanze f\u00fcr ein Grabdenkmal suchen, dann ist diese sch\u00f6n gemachte Gartenrose mit weinroten Bl\u00fcten vielleicht die L\u00f6sung f\u00fcr Sie. Sie ist wundersch\u00f6n gemacht, und es wurde auf die kleinen Details geachtet, es gibt Dornen, es gibt junge Triebe, die immer rot sind, die allerj\u00fcngsten Knospen sind sogar r\u00f6tlich gef\u00e4rbt, Sie k\u00f6nnen sogar sehen, wo die Pflanze veredelt wurde! Jeder Rosenkenner wird diese Punkte erkennen.<\/p>\n<p><strong>Jetzt zum Vorzugspreis erh\u00e4ltlich<\/strong><\/p>\n<p>Gr\u00f6\u00dfe der Pflanze: 40x63cm hoch<br \/>\nTopfgr\u00f6\u00dfe: Durchmesser 16cm H\u00f6he 13cm<br \/>\nImmer 4 offene Knospen und mindestens 4 junge Knospen<br \/>\nBei uns auch live, wenn Sie m\u00f6chten.<\/p>\n","protected":false},"excerpt":{"rendered":"<p>Beim Kauf von mehr als 3 Kunstpflanzen erhalten Sie einen Rabatt von 10%.<\/p>\n","protected":false},"featured_media":179632,"template":"","meta":{"_acf_changed":false,"_genesis_title":"","_genesis_description":""},"product_brand":[7481],"product_cat":[7002],"product_tag":[],"class_list":{"0":"post-192737","1":"product","2":"type-product","3":"status-publish","4":"has-post-thumbnail","6":"product_brand-waren","7":"product_cat-kuenstliche-pflanzen","9":"first","10":"instock","11":"sale","12":"taxable","13":"shipping-taxable","14":"purchasable","15":"product-type-simple"},"acf":[],"meta_all":{"total_sales":"7"},"meta_all_flat":{"total_sales":"7"},"yoast_head":"<!-- This site is optimized with the Yoast SEO Premium plugin v26.2 (Yoast SEO v27.2) - https:\/\/yoast.com\/product\/yoast-seo-premium-wordpress\/ -->\n<title>Waren Teerose Super Weinrot 64cm - Eliassen.nl<\/title>\n<meta name=\"description\" content=\"Sch\u00f6ne Kunstpflanze weinrote Teerose. Sowohl drinnen als auch drau\u00dfen. 64 cm hohe k\u00fcnstliche Rose, v\u00f6llig pflegefrei. Schnelle Lieferung.\" \/>\n<meta name=\"robots\" content=\"index, follow, max-snippet:-1, max-image-preview:large, max-video-preview:-1\" \/>\n<link rel=\"canonical\" href=\"https:\/\/www.eliassen.nl\/de\/teerose-super-weinrot-64cm\/\" \/>\n<meta property=\"og:locale\" content=\"de_DE\" \/>\n<meta property=\"og:type\" content=\"article\" \/>\n<meta property=\"og:title\" content=\"Waren Teerose Super Weinrot 64cm - Eliassen.nl\" \/>\n<meta property=\"og:description\" content=\"Sch\u00f6ne Kunstpflanze weinrote Teerose. Sowohl drinnen als auch drau\u00dfen. 64 cm hohe k\u00fcnstliche Rose, v\u00f6llig pflegefrei. Schnelle Lieferung.\" \/>\n<meta property=\"og:url\" content=\"https:\/\/www.eliassen.nl\/de\/teerose-super-weinrot-64cm\/\" \/>\n<meta property=\"og:site_name\" content=\"Eliassen.nl\" \/>\n<meta property=\"article:publisher\" content=\"https:\/\/www.facebook.com\/TuincentrumEliassenAmmerzoden\" \/>\n<meta property=\"article:modified_time\" content=\"2025-10-21T14:26:13+00:00\" \/>\n<meta property=\"og:image\" content=\"https:\/\/www.eliassen.nl\/wp-content\/uploads\/2025\/04\/Potroos-wijnrood-Eliassen.nl-G6152843-scaled.jpg\" \/>\n\t<meta property=\"og:image:width\" content=\"2560\" \/>\n\t<meta property=\"og:image:height\" content=\"2560\" \/>\n\t<meta property=\"og:image:type\" content=\"image\/jpeg\" \/>\n<meta name=\"twitter:card\" content=\"summary_large_image\" \/>\n<script type=\"application\/ld+json\" class=\"yoast-schema-graph\">{\"@context\":\"https:\/\/schema.org\",\"@graph\":[{\"@type\":\"WebPage\",\"@id\":\"https:\/\/www.eliassen.nl\/de\/teerose-super-weinrot-64cm\/\",\"url\":\"https:\/\/www.eliassen.nl\/de\/teerose-super-weinrot-64cm\/\",\"name\":\"Waren Teerose Super Weinrot 64cm - Eliassen.nl\",\"isPartOf\":{\"@id\":\"https:\/\/www.eliassen.nl\/de\/#website\"},\"primaryImageOfPage\":{\"@id\":\"https:\/\/www.eliassen.nl\/de\/teerose-super-weinrot-64cm\/#primaryimage\"},\"image\":{\"@id\":\"https:\/\/www.eliassen.nl\/de\/teerose-super-weinrot-64cm\/#primaryimage\"},\"thumbnailUrl\":\"https:\/\/www.eliassen.nl\/wp-content\/uploads\/2025\/04\/Potroos-wijnrood-Eliassen.nl-G6152843-scaled.jpg\",\"datePublished\":\"2025-04-24T08:43:46+00:00\",\"dateModified\":\"2025-10-21T14:26:13+00:00\",\"description\":\"Sch\u00f6ne Kunstpflanze weinrote Teerose. Sowohl drinnen als auch drau\u00dfen. 64 cm hohe k\u00fcnstliche Rose, v\u00f6llig pflegefrei. Schnelle Lieferung.\",\"breadcrumb\":{\"@id\":\"https:\/\/www.eliassen.nl\/de\/teerose-super-weinrot-64cm\/#breadcrumb\"},\"inLanguage\":\"de\",\"potentialAction\":[{\"@type\":\"ReadAction\",\"target\":[\"https:\/\/www.eliassen.nl\/de\/teerose-super-weinrot-64cm\/\"]}]},{\"@type\":\"ImageObject\",\"inLanguage\":\"de\",\"@id\":\"https:\/\/www.eliassen.nl\/de\/teerose-super-weinrot-64cm\/#primaryimage\",\"url\":\"https:\/\/www.eliassen.nl\/wp-content\/uploads\/2025\/04\/Potroos-wijnrood-Eliassen.nl-G6152843-scaled.jpg\",\"contentUrl\":\"https:\/\/www.eliassen.nl\/wp-content\/uploads\/2025\/04\/Potroos-wijnrood-Eliassen.nl-G6152843-scaled.jpg\",\"width\":2560,\"height\":2560},{\"@type\":\"BreadcrumbList\",\"@id\":\"https:\/\/www.eliassen.nl\/de\/teerose-super-weinrot-64cm\/#breadcrumb\",\"itemListElement\":[{\"@type\":\"ListItem\",\"position\":1,\"name\":\"Home\",\"item\":\"https:\/\/www.eliassen.nl\/de\/\"},{\"@type\":\"ListItem\",\"position\":2,\"name\":\"Shop\",\"item\":\"https:\/\/www.eliassen.nl\/de\/shop\/\"},{\"@type\":\"ListItem\",\"position\":3,\"name\":\"K\u00fcnstliche Pflanzen\",\"item\":\"https:\/\/www.eliassen.nl\/de\/kuenstliche-pflanzen\/\"},{\"@type\":\"ListItem\",\"position\":4,\"name\":\"Teerose Super Weinrot 64cm\"}]},{\"@type\":\"WebSite\",\"@id\":\"https:\/\/www.eliassen.nl\/de\/#website\",\"url\":\"https:\/\/www.eliassen.nl\/de\/\",\"name\":\"Eliassen Home & Garden Pleasure\",\"description\":\"\",\"publisher\":{\"@id\":\"https:\/\/www.eliassen.nl\/de\/#organization\"},\"alternateName\":\"Eliassen.nl\",\"potentialAction\":[{\"@type\":\"SearchAction\",\"target\":{\"@type\":\"EntryPoint\",\"urlTemplate\":\"https:\/\/www.eliassen.nl\/de\/?s={search_term_string}\"},\"query-input\":{\"@type\":\"PropertyValueSpecification\",\"valueRequired\":true,\"valueName\":\"search_term_string\"}}],\"inLanguage\":\"de\"},{\"@type\":[\"Organization\",\"Place\"],\"@id\":\"https:\/\/www.eliassen.nl\/de\/#organization\",\"name\":\"Eliassen Home & Garden Pleasure\",\"url\":\"https:\/\/www.eliassen.nl\/de\/\",\"logo\":{\"@id\":\"https:\/\/www.eliassen.nl\/de\/teerose-super-weinrot-64cm\/#local-main-organization-logo\"},\"image\":{\"@id\":\"https:\/\/www.eliassen.nl\/de\/teerose-super-weinrot-64cm\/#local-main-organization-logo\"},\"sameAs\":[\"https:\/\/www.facebook.com\/TuincentrumEliassenAmmerzoden\",\"https:\/\/www.instagram.com\/eliassenhomeandgarden\/\",\"https:\/\/nl.pinterest.com\/eliassenhomeandgarden\/\",\"https:\/\/www.youtube.com\/@eliassenhomegardenpleasure4558\"],\"telephone\":[],\"openingHoursSpecification\":[{\"@type\":\"OpeningHoursSpecification\",\"dayOfWeek\":[\"Monday\",\"Tuesday\",\"Wednesday\",\"Thursday\",\"Friday\",\"Saturday\",\"Sunday\"],\"opens\":\"09:00\",\"closes\":\"17:00\"}]},{\"@type\":\"ImageObject\",\"inLanguage\":\"de\",\"@id\":\"https:\/\/www.eliassen.nl\/de\/teerose-super-weinrot-64cm\/#local-main-organization-logo\",\"url\":\"https:\/\/www.eliassen.nl\/wp-content\/uploads\/2024\/01\/logo_4nd.jpg\",\"contentUrl\":\"https:\/\/www.eliassen.nl\/wp-content\/uploads\/2024\/01\/logo_4nd.jpg\",\"width\":500,\"height\":500,\"caption\":\"Eliassen Home & Garden Pleasure\"}]}<\/script>\n<meta property=\"product:price:amount\" content=\"27.50\" \/>\n<meta property=\"product:price:currency\" content=\"EUR\" \/>\n<meta property=\"og:availability\" content=\"instock\" \/>\n<meta property=\"product:availability\" content=\"instock\" \/>\n<meta property=\"product:retailer_item_id\" content=\"g6152843\" \/>\n<meta property=\"product:condition\" content=\"new\" \/>\n<!-- \/ Yoast SEO Premium plugin. -->","yoast_head_json":{"title":"Waren Teerose Super Weinrot 64cm - Eliassen.nl","description":"Sch\u00f6ne Kunstpflanze weinrote Teerose. Sowohl drinnen als auch drau\u00dfen. 64 cm hohe k\u00fcnstliche Rose, v\u00f6llig pflegefrei. Schnelle Lieferung.","robots":{"index":"index","follow":"follow","max-snippet":"max-snippet:-1","max-image-preview":"max-image-preview:large","max-video-preview":"max-video-preview:-1"},"canonical":"https:\/\/www.eliassen.nl\/de\/teerose-super-weinrot-64cm\/","og_locale":"de_DE","og_type":"article","og_title":"Waren Teerose Super Weinrot 64cm - Eliassen.nl","og_description":"Sch\u00f6ne Kunstpflanze weinrote Teerose. Sowohl drinnen als auch drau\u00dfen. 64 cm hohe k\u00fcnstliche Rose, v\u00f6llig pflegefrei. Schnelle Lieferung.","og_url":"https:\/\/www.eliassen.nl\/de\/teerose-super-weinrot-64cm\/","og_site_name":"Eliassen.nl","article_publisher":"https:\/\/www.facebook.com\/TuincentrumEliassenAmmerzoden","article_modified_time":"2025-10-21T14:26:13+00:00","og_image":[{"width":2560,"height":2560,"url":"https:\/\/www.eliassen.nl\/wp-content\/uploads\/2025\/04\/Potroos-wijnrood-Eliassen.nl-G6152843-scaled.jpg","type":"image\/jpeg"}],"twitter_card":"summary_large_image","schema":{"@context":"https:\/\/schema.org","@graph":[{"@type":"WebPage","@id":"https:\/\/www.eliassen.nl\/de\/teerose-super-weinrot-64cm\/","url":"https:\/\/www.eliassen.nl\/de\/teerose-super-weinrot-64cm\/","name":"Waren Teerose Super Weinrot 64cm - Eliassen.nl","isPartOf":{"@id":"https:\/\/www.eliassen.nl\/de\/#website"},"primaryImageOfPage":{"@id":"https:\/\/www.eliassen.nl\/de\/teerose-super-weinrot-64cm\/#primaryimage"},"image":{"@id":"https:\/\/www.eliassen.nl\/de\/teerose-super-weinrot-64cm\/#primaryimage"},"thumbnailUrl":"https:\/\/www.eliassen.nl\/wp-content\/uploads\/2025\/04\/Potroos-wijnrood-Eliassen.nl-G6152843-scaled.jpg","datePublished":"2025-04-24T08:43:46+00:00","dateModified":"2025-10-21T14:26:13+00:00","description":"Sch\u00f6ne Kunstpflanze weinrote Teerose. Sowohl drinnen als auch drau\u00dfen. 64 cm hohe k\u00fcnstliche Rose, v\u00f6llig pflegefrei. Schnelle Lieferung.","breadcrumb":{"@id":"https:\/\/www.eliassen.nl\/de\/teerose-super-weinrot-64cm\/#breadcrumb"},"inLanguage":"de","potentialAction":[{"@type":"ReadAction","target":["https:\/\/www.eliassen.nl\/de\/teerose-super-weinrot-64cm\/"]}]},{"@type":"ImageObject","inLanguage":"de","@id":"https:\/\/www.eliassen.nl\/de\/teerose-super-weinrot-64cm\/#primaryimage","url":"https:\/\/www.eliassen.nl\/wp-content\/uploads\/2025\/04\/Potroos-wijnrood-Eliassen.nl-G6152843-scaled.jpg","contentUrl":"https:\/\/www.eliassen.nl\/wp-content\/uploads\/2025\/04\/Potroos-wijnrood-Eliassen.nl-G6152843-scaled.jpg","width":2560,"height":2560},{"@type":"BreadcrumbList","@id":"https:\/\/www.eliassen.nl\/de\/teerose-super-weinrot-64cm\/#breadcrumb","itemListElement":[{"@type":"ListItem","position":1,"name":"Home","item":"https:\/\/www.eliassen.nl\/de\/"},{"@type":"ListItem","position":2,"name":"Shop","item":"https:\/\/www.eliassen.nl\/de\/shop\/"},{"@type":"ListItem","position":3,"name":"K\u00fcnstliche Pflanzen","item":"https:\/\/www.eliassen.nl\/de\/kuenstliche-pflanzen\/"},{"@type":"ListItem","position":4,"name":"Teerose Super Weinrot 64cm"}]},{"@type":"WebSite","@id":"https:\/\/www.eliassen.nl\/de\/#website","url":"https:\/\/www.eliassen.nl\/de\/","name":"Eliassen Home & Garden Pleasure","description":"","publisher":{"@id":"https:\/\/www.eliassen.nl\/de\/#organization"},"alternateName":"Eliassen.nl","potentialAction":[{"@type":"SearchAction","target":{"@type":"EntryPoint","urlTemplate":"https:\/\/www.eliassen.nl\/de\/?s={search_term_string}"},"query-input":{"@type":"PropertyValueSpecification","valueRequired":true,"valueName":"search_term_string"}}],"inLanguage":"de"},{"@type":["Organization","Place"],"@id":"https:\/\/www.eliassen.nl\/de\/#organization","name":"Eliassen Home & Garden Pleasure","url":"https:\/\/www.eliassen.nl\/de\/","logo":{"@id":"https:\/\/www.eliassen.nl\/de\/teerose-super-weinrot-64cm\/#local-main-organization-logo"},"image":{"@id":"https:\/\/www.eliassen.nl\/de\/teerose-super-weinrot-64cm\/#local-main-organization-logo"},"sameAs":["https:\/\/www.facebook.com\/TuincentrumEliassenAmmerzoden","https:\/\/www.instagram.com\/eliassenhomeandgarden\/","https:\/\/nl.pinterest.com\/eliassenhomeandgarden\/","https:\/\/www.youtube.com\/@eliassenhomegardenpleasure4558"],"telephone":[],"openingHoursSpecification":[{"@type":"OpeningHoursSpecification","dayOfWeek":["Monday","Tuesday","Wednesday","Thursday","Friday","Saturday","Sunday"],"opens":"09:00","closes":"17:00"}]},{"@type":"ImageObject","inLanguage":"de","@id":"https:\/\/www.eliassen.nl\/de\/teerose-super-weinrot-64cm\/#local-main-organization-logo","url":"https:\/\/www.eliassen.nl\/wp-content\/uploads\/2024\/01\/logo_4nd.jpg","contentUrl":"https:\/\/www.eliassen.nl\/wp-content\/uploads\/2024\/01\/logo_4nd.jpg","width":500,"height":500,"caption":"Eliassen Home & Garden Pleasure"}]},"product_price_amount":"27.50","product_price_currency":"EUR","og_availability":"instock","product_availability":"instock","product_retailer_item_id":"g6152843","product_condition":"new"},"df_price":27.5,"df_sale_price":27.5,"df_regular_price":47.5,"df_image_link":"https:\/\/www.eliassen.nl\/wp-content\/uploads\/2025\/04\/Potroos-wijnrood-Eliassen.nl-G6152843-300x300.jpg","image":"https:\/\/www.eliassen.nl\/wp-content\/uploads\/2025\/04\/Potroos-wijnrood-Eliassen.nl-G6152843-150x150.jpg","price_search":"<span class=\"woocommerce-Price-amount amount\"><bdi><span class=\"woocommerce-Price-currencySymbol\">&euro;<\/span>&nbsp;27,50<\/bdi><\/span>","category":"K\u00fcnstliche Pflanzen","global_unique_id":"8719716152843","_links":{"self":[{"href":"https:\/\/www.eliassen.nl\/de\/wp-json\/wp\/v2\/product\/192737","targetHints":{"allow":["GET"]}}],"collection":[{"href":"https:\/\/www.eliassen.nl\/de\/wp-json\/wp\/v2\/product"}],"about":[{"href":"https:\/\/www.eliassen.nl\/de\/wp-json\/wp\/v2\/types\/product"}],"wp:featuredmedia":[{"embeddable":true,"href":"https:\/\/www.eliassen.nl\/de\/wp-json\/wp\/v2\/media\/179632"}],"wp:attachment":[{"href":"https:\/\/www.eliassen.nl\/de\/wp-json\/wp\/v2\/media?parent=192737"}],"wp:term":[{"taxonomy":"product_brand","embeddable":true,"href":"https:\/\/www.eliassen.nl\/de\/wp-json\/wp\/v2\/product_brand?post=192737"},{"taxonomy":"product_cat","embeddable":true,"href":"https:\/\/www.eliassen.nl\/de\/wp-json\/wp\/v2\/product_cat?post=192737"},{"taxonomy":"product_tag","embeddable":true,"href":"https:\/\/www.eliassen.nl\/de\/wp-json\/wp\/v2\/product_tag?post=192737"}],"curies":[{"name":"wp","href":"https:\/\/api.w.org\/{rel}","templated":true}]}}