{"id":192286,"date":"2025-04-11T14:22:09","date_gmt":"2025-04-11T12:22:09","guid":{"rendered":"https:\/\/www.eliassen.nl\/product\/wasserschalen-set-neuschottland-ii\/"},"modified":"2026-04-21T16:54:55","modified_gmt":"2026-04-21T14:54:55","slug":"wasserschalen-set-neuschottland-ii","status":"publish","type":"product","link":"https:\/\/www.eliassen.nl\/de\/wasserschalen-set-neuschottland-ii\/","title":{"rendered":"Wasserschalen-Set Neuschottland II"},"content":{"rendered":"<p>Das Nova Scotia 2 Wasserornament ist ein Set bestehend aus 3 Wasserfallschalen. Die Schalen werden aus dem leichten Material Polyresin in der Farbe Anthrazit hergestellt.<br \/>\nDank seiner hohen Qualit\u00e4t hat das Ornament eine lange Lebensdauer. Die Schalen sind unterschiedlich gro\u00df und haben jeweils eine Aussparung.<br \/>\nWenn Sie die Schalen \u00fcbereinander stellen, entsteht ein Wasserfall, der wahlweise in Ihren Teich oder in ein Auffangbecken (nicht im Lieferumfang enthalten) abflie\u00dft.<br \/>\nDer Nova Scotia wird mit einer passenden Pumpe und Anschlussmaterialien geliefert, so dass er sehr einfach zusammengebaut und installiert werden kann.<br \/>\nDurchmesser der Schale: 35 \/ 45 \/ 55 cm<br \/>\nMaterial: Polyresin<br \/>\nFarbe: Anthrazit<br \/>\nPumpenleistung: 1600 l\/h<br \/>\nInklusive: Pumpe und Anschlussmaterial<\/p>\n","protected":false},"excerpt":{"rendered":"<p>Sehr sch\u00f6nes Wassernapf-Set \u2714 Bitte fragen Sie nach Lieferungen<\/p>\n","protected":false},"featured_media":177717,"template":"","meta":{"_acf_changed":false,"_genesis_title":"","_genesis_description":""},"product_brand":[6952],"product_cat":[599,551,560,536],"product_tag":[],"class_list":{"0":"post-192286","1":"product","2":"type-product","3":"status-publish","4":"has-post-thumbnail","6":"product_brand-acqua-arte-de","7":"product_cat-guenstige-wasserspiele","8":"product_cat-lose-wasserspiele","9":"product_cat-wasserschalen","10":"product_cat-wassereigenschaften","12":"first","13":"instock","14":"taxable","15":"shipping-taxable","16":"purchasable","17":"product-type-simple"},"acf":[],"meta_all":{"total_sales":"8","cor_restricted_countries":[]},"meta_all_flat":{"total_sales":"8"},"yoast_head":"<!-- This site is optimized with the Yoast SEO Premium plugin v26.2 (Yoast SEO v27.2) - https:\/\/yoast.com\/product\/yoast-seo-premium-wordpress\/ -->\n<title>Acqua Arte Wasserschalen-Set Neuschottland II - Eliassen.nl<\/title>\n<meta name=\"description\" content=\"Eine sch\u00f6ne Dekoration in Ihrem Garten ist dieses h\u00fcbsche Wasserset von Ubbink, das den spielerischen Effekt von 3 Wasserf\u00e4llen durch 3 Wasserschalen erzeugt. Schnelle Lieferung.\" \/>\n<meta name=\"robots\" content=\"index, follow, max-snippet:-1, max-image-preview:large, max-video-preview:-1\" \/>\n<link rel=\"canonical\" href=\"https:\/\/www.eliassen.nl\/de\/wasserschalen-set-neuschottland-ii\/\" \/>\n<meta property=\"og:locale\" content=\"de_DE\" \/>\n<meta property=\"og:type\" content=\"article\" \/>\n<meta property=\"og:title\" content=\"Acqua Arte Wasserschalen-Set Neuschottland II - Eliassen.nl\" \/>\n<meta property=\"og:description\" content=\"Eine sch\u00f6ne Dekoration in Ihrem Garten ist dieses h\u00fcbsche Wasserset von Ubbink, das den spielerischen Effekt von 3 Wasserf\u00e4llen durch 3 Wasserschalen erzeugt. Schnelle Lieferung.\" \/>\n<meta property=\"og:url\" content=\"https:\/\/www.eliassen.nl\/de\/wasserschalen-set-neuschottland-ii\/\" \/>\n<meta property=\"og:site_name\" content=\"Eliassen.nl\" \/>\n<meta property=\"article:publisher\" content=\"https:\/\/www.facebook.com\/TuincentrumEliassenAmmerzoden\" \/>\n<meta property=\"article:modified_time\" content=\"2026-04-21T14:54:55+00:00\" \/>\n<meta property=\"og:image\" content=\"https:\/\/www.eliassen.nl\/wp-content\/uploads\/2025\/03\/Waterschalenset-Nova-Scotia-II-Eliassen.nl-Outside-living-2-scaled.jpg\" \/>\n\t<meta property=\"og:image:width\" content=\"2560\" \/>\n\t<meta property=\"og:image:height\" content=\"1708\" \/>\n\t<meta property=\"og:image:type\" content=\"image\/jpeg\" \/>\n<meta name=\"twitter:card\" content=\"summary_large_image\" \/>\n<script type=\"application\/ld+json\" class=\"yoast-schema-graph\">{\"@context\":\"https:\/\/schema.org\",\"@graph\":[{\"@type\":\"WebPage\",\"@id\":\"https:\/\/www.eliassen.nl\/de\/wasserschalen-set-neuschottland-ii\/\",\"url\":\"https:\/\/www.eliassen.nl\/de\/wasserschalen-set-neuschottland-ii\/\",\"name\":\"Acqua Arte Wasserschalen-Set Neuschottland II - Eliassen.nl\",\"isPartOf\":{\"@id\":\"https:\/\/www.eliassen.nl\/de\/#website\"},\"primaryImageOfPage\":{\"@id\":\"https:\/\/www.eliassen.nl\/de\/wasserschalen-set-neuschottland-ii\/#primaryimage\"},\"image\":{\"@id\":\"https:\/\/www.eliassen.nl\/de\/wasserschalen-set-neuschottland-ii\/#primaryimage\"},\"thumbnailUrl\":\"https:\/\/www.eliassen.nl\/wp-content\/uploads\/2025\/03\/Waterschalenset-Nova-Scotia-II-Eliassen.nl-Outside-living-2-scaled.jpg\",\"datePublished\":\"2025-04-11T12:22:09+00:00\",\"dateModified\":\"2026-04-21T14:54:55+00:00\",\"description\":\"Eine sch\u00f6ne Dekoration in Ihrem Garten ist dieses h\u00fcbsche Wasserset von Ubbink, das den spielerischen Effekt von 3 Wasserf\u00e4llen durch 3 Wasserschalen erzeugt. Schnelle Lieferung.\",\"breadcrumb\":{\"@id\":\"https:\/\/www.eliassen.nl\/de\/wasserschalen-set-neuschottland-ii\/#breadcrumb\"},\"inLanguage\":\"de\",\"potentialAction\":[{\"@type\":\"ReadAction\",\"target\":[\"https:\/\/www.eliassen.nl\/de\/wasserschalen-set-neuschottland-ii\/\"]}]},{\"@type\":\"ImageObject\",\"inLanguage\":\"de\",\"@id\":\"https:\/\/www.eliassen.nl\/de\/wasserschalen-set-neuschottland-ii\/#primaryimage\",\"url\":\"https:\/\/www.eliassen.nl\/wp-content\/uploads\/2025\/03\/Waterschalenset-Nova-Scotia-II-Eliassen.nl-Outside-living-2-scaled.jpg\",\"contentUrl\":\"https:\/\/www.eliassen.nl\/wp-content\/uploads\/2025\/03\/Waterschalenset-Nova-Scotia-II-Eliassen.nl-Outside-living-2-scaled.jpg\",\"width\":2560,\"height\":1708,\"caption\":\"???????\"},{\"@type\":\"BreadcrumbList\",\"@id\":\"https:\/\/www.eliassen.nl\/de\/wasserschalen-set-neuschottland-ii\/#breadcrumb\",\"itemListElement\":[{\"@type\":\"ListItem\",\"position\":1,\"name\":\"Home\",\"item\":\"https:\/\/www.eliassen.nl\/de\/\"},{\"@type\":\"ListItem\",\"position\":2,\"name\":\"Shop\",\"item\":\"https:\/\/www.eliassen.nl\/de\/shop\/\"},{\"@type\":\"ListItem\",\"position\":3,\"name\":\"Wasserspiele\",\"item\":\"https:\/\/www.eliassen.nl\/de\/wassereigenschaften\/\"},{\"@type\":\"ListItem\",\"position\":4,\"name\":\"Wasserschalen-Set Neuschottland II\"}]},{\"@type\":\"WebSite\",\"@id\":\"https:\/\/www.eliassen.nl\/de\/#website\",\"url\":\"https:\/\/www.eliassen.nl\/de\/\",\"name\":\"Eliassen Home & Garden Pleasure\",\"description\":\"\",\"publisher\":{\"@id\":\"https:\/\/www.eliassen.nl\/de\/#organization\"},\"alternateName\":\"Eliassen.nl\",\"potentialAction\":[{\"@type\":\"SearchAction\",\"target\":{\"@type\":\"EntryPoint\",\"urlTemplate\":\"https:\/\/www.eliassen.nl\/de\/?s={search_term_string}\"},\"query-input\":{\"@type\":\"PropertyValueSpecification\",\"valueRequired\":true,\"valueName\":\"search_term_string\"}}],\"inLanguage\":\"de\"},{\"@type\":[\"Organization\",\"Place\"],\"@id\":\"https:\/\/www.eliassen.nl\/de\/#organization\",\"name\":\"Eliassen Home & Garden Pleasure\",\"url\":\"https:\/\/www.eliassen.nl\/de\/\",\"logo\":{\"@id\":\"https:\/\/www.eliassen.nl\/de\/wasserschalen-set-neuschottland-ii\/#local-main-organization-logo\"},\"image\":{\"@id\":\"https:\/\/www.eliassen.nl\/de\/wasserschalen-set-neuschottland-ii\/#local-main-organization-logo\"},\"sameAs\":[\"https:\/\/www.facebook.com\/TuincentrumEliassenAmmerzoden\",\"https:\/\/www.instagram.com\/eliassenhomeandgarden\/\",\"https:\/\/nl.pinterest.com\/eliassenhomeandgarden\/\",\"https:\/\/www.youtube.com\/@eliassenhomegardenpleasure4558\"],\"telephone\":[],\"openingHoursSpecification\":[{\"@type\":\"OpeningHoursSpecification\",\"dayOfWeek\":[\"Monday\",\"Tuesday\",\"Wednesday\",\"Thursday\",\"Friday\",\"Saturday\",\"Sunday\"],\"opens\":\"09:00\",\"closes\":\"17:00\"}]},{\"@type\":\"ImageObject\",\"inLanguage\":\"de\",\"@id\":\"https:\/\/www.eliassen.nl\/de\/wasserschalen-set-neuschottland-ii\/#local-main-organization-logo\",\"url\":\"https:\/\/www.eliassen.nl\/wp-content\/uploads\/2024\/01\/logo_4nd.jpg\",\"contentUrl\":\"https:\/\/www.eliassen.nl\/wp-content\/uploads\/2024\/01\/logo_4nd.jpg\",\"width\":500,\"height\":500,\"caption\":\"Eliassen Home & Garden Pleasure\"}]}<\/script>\n<meta property=\"product:price:amount\" content=\"215.00\" \/>\n<meta property=\"product:price:currency\" content=\"EUR\" \/>\n<meta property=\"og:availability\" content=\"instock\" \/>\n<meta property=\"product:availability\" content=\"instock\" \/>\n<meta property=\"product:retailer_item_id\" content=\"1387107\" \/>\n<meta property=\"product:condition\" content=\"new\" \/>\n<!-- \/ Yoast SEO Premium plugin. -->","yoast_head_json":{"title":"Acqua Arte Wasserschalen-Set Neuschottland II - Eliassen.nl","description":"Eine sch\u00f6ne Dekoration in Ihrem Garten ist dieses h\u00fcbsche Wasserset von Ubbink, das den spielerischen Effekt von 3 Wasserf\u00e4llen durch 3 Wasserschalen erzeugt. Schnelle Lieferung.","robots":{"index":"index","follow":"follow","max-snippet":"max-snippet:-1","max-image-preview":"max-image-preview:large","max-video-preview":"max-video-preview:-1"},"canonical":"https:\/\/www.eliassen.nl\/de\/wasserschalen-set-neuschottland-ii\/","og_locale":"de_DE","og_type":"article","og_title":"Acqua Arte Wasserschalen-Set Neuschottland II - Eliassen.nl","og_description":"Eine sch\u00f6ne Dekoration in Ihrem Garten ist dieses h\u00fcbsche Wasserset von Ubbink, das den spielerischen Effekt von 3 Wasserf\u00e4llen durch 3 Wasserschalen erzeugt. Schnelle Lieferung.","og_url":"https:\/\/www.eliassen.nl\/de\/wasserschalen-set-neuschottland-ii\/","og_site_name":"Eliassen.nl","article_publisher":"https:\/\/www.facebook.com\/TuincentrumEliassenAmmerzoden","article_modified_time":"2026-04-21T14:54:55+00:00","og_image":[{"width":2560,"height":1708,"url":"https:\/\/www.eliassen.nl\/wp-content\/uploads\/2025\/03\/Waterschalenset-Nova-Scotia-II-Eliassen.nl-Outside-living-2-scaled.jpg","type":"image\/jpeg"}],"twitter_card":"summary_large_image","schema":{"@context":"https:\/\/schema.org","@graph":[{"@type":"WebPage","@id":"https:\/\/www.eliassen.nl\/de\/wasserschalen-set-neuschottland-ii\/","url":"https:\/\/www.eliassen.nl\/de\/wasserschalen-set-neuschottland-ii\/","name":"Acqua Arte Wasserschalen-Set Neuschottland II - Eliassen.nl","isPartOf":{"@id":"https:\/\/www.eliassen.nl\/de\/#website"},"primaryImageOfPage":{"@id":"https:\/\/www.eliassen.nl\/de\/wasserschalen-set-neuschottland-ii\/#primaryimage"},"image":{"@id":"https:\/\/www.eliassen.nl\/de\/wasserschalen-set-neuschottland-ii\/#primaryimage"},"thumbnailUrl":"https:\/\/www.eliassen.nl\/wp-content\/uploads\/2025\/03\/Waterschalenset-Nova-Scotia-II-Eliassen.nl-Outside-living-2-scaled.jpg","datePublished":"2025-04-11T12:22:09+00:00","dateModified":"2026-04-21T14:54:55+00:00","description":"Eine sch\u00f6ne Dekoration in Ihrem Garten ist dieses h\u00fcbsche Wasserset von Ubbink, das den spielerischen Effekt von 3 Wasserf\u00e4llen durch 3 Wasserschalen erzeugt. Schnelle Lieferung.","breadcrumb":{"@id":"https:\/\/www.eliassen.nl\/de\/wasserschalen-set-neuschottland-ii\/#breadcrumb"},"inLanguage":"de","potentialAction":[{"@type":"ReadAction","target":["https:\/\/www.eliassen.nl\/de\/wasserschalen-set-neuschottland-ii\/"]}]},{"@type":"ImageObject","inLanguage":"de","@id":"https:\/\/www.eliassen.nl\/de\/wasserschalen-set-neuschottland-ii\/#primaryimage","url":"https:\/\/www.eliassen.nl\/wp-content\/uploads\/2025\/03\/Waterschalenset-Nova-Scotia-II-Eliassen.nl-Outside-living-2-scaled.jpg","contentUrl":"https:\/\/www.eliassen.nl\/wp-content\/uploads\/2025\/03\/Waterschalenset-Nova-Scotia-II-Eliassen.nl-Outside-living-2-scaled.jpg","width":2560,"height":1708,"caption":"???????"},{"@type":"BreadcrumbList","@id":"https:\/\/www.eliassen.nl\/de\/wasserschalen-set-neuschottland-ii\/#breadcrumb","itemListElement":[{"@type":"ListItem","position":1,"name":"Home","item":"https:\/\/www.eliassen.nl\/de\/"},{"@type":"ListItem","position":2,"name":"Shop","item":"https:\/\/www.eliassen.nl\/de\/shop\/"},{"@type":"ListItem","position":3,"name":"Wasserspiele","item":"https:\/\/www.eliassen.nl\/de\/wassereigenschaften\/"},{"@type":"ListItem","position":4,"name":"Wasserschalen-Set Neuschottland II"}]},{"@type":"WebSite","@id":"https:\/\/www.eliassen.nl\/de\/#website","url":"https:\/\/www.eliassen.nl\/de\/","name":"Eliassen Home & Garden Pleasure","description":"","publisher":{"@id":"https:\/\/www.eliassen.nl\/de\/#organization"},"alternateName":"Eliassen.nl","potentialAction":[{"@type":"SearchAction","target":{"@type":"EntryPoint","urlTemplate":"https:\/\/www.eliassen.nl\/de\/?s={search_term_string}"},"query-input":{"@type":"PropertyValueSpecification","valueRequired":true,"valueName":"search_term_string"}}],"inLanguage":"de"},{"@type":["Organization","Place"],"@id":"https:\/\/www.eliassen.nl\/de\/#organization","name":"Eliassen Home & Garden Pleasure","url":"https:\/\/www.eliassen.nl\/de\/","logo":{"@id":"https:\/\/www.eliassen.nl\/de\/wasserschalen-set-neuschottland-ii\/#local-main-organization-logo"},"image":{"@id":"https:\/\/www.eliassen.nl\/de\/wasserschalen-set-neuschottland-ii\/#local-main-organization-logo"},"sameAs":["https:\/\/www.facebook.com\/TuincentrumEliassenAmmerzoden","https:\/\/www.instagram.com\/eliassenhomeandgarden\/","https:\/\/nl.pinterest.com\/eliassenhomeandgarden\/","https:\/\/www.youtube.com\/@eliassenhomegardenpleasure4558"],"telephone":[],"openingHoursSpecification":[{"@type":"OpeningHoursSpecification","dayOfWeek":["Monday","Tuesday","Wednesday","Thursday","Friday","Saturday","Sunday"],"opens":"09:00","closes":"17:00"}]},{"@type":"ImageObject","inLanguage":"de","@id":"https:\/\/www.eliassen.nl\/de\/wasserschalen-set-neuschottland-ii\/#local-main-organization-logo","url":"https:\/\/www.eliassen.nl\/wp-content\/uploads\/2024\/01\/logo_4nd.jpg","contentUrl":"https:\/\/www.eliassen.nl\/wp-content\/uploads\/2024\/01\/logo_4nd.jpg","width":500,"height":500,"caption":"Eliassen Home & Garden Pleasure"}]},"product_price_amount":"215.00","product_price_currency":"EUR","og_availability":"instock","product_availability":"instock","product_retailer_item_id":"1387107","product_condition":"new"},"df_price":215,"df_sale_price":"","df_regular_price":215,"df_image_link":"https:\/\/www.eliassen.nl\/wp-content\/uploads\/2025\/03\/Waterschalenset-Nova-Scotia-II-Eliassen.nl-Outside-living-2-300x200.jpg","image":"https:\/\/www.eliassen.nl\/wp-content\/uploads\/2025\/03\/Waterschalenset-Nova-Scotia-II-Eliassen.nl-Outside-living-2-150x150.jpg","price_search":"<span class=\"woocommerce-Price-amount amount\"><bdi><span class=\"woocommerce-Price-currencySymbol\">&euro;<\/span>&nbsp;215,00<\/bdi><\/span>","category":"G\u00fcnstige Wasserspiele","global_unique_id":"8711465871075","_links":{"self":[{"href":"https:\/\/www.eliassen.nl\/de\/wp-json\/wp\/v2\/product\/192286","targetHints":{"allow":["GET"]}}],"collection":[{"href":"https:\/\/www.eliassen.nl\/de\/wp-json\/wp\/v2\/product"}],"about":[{"href":"https:\/\/www.eliassen.nl\/de\/wp-json\/wp\/v2\/types\/product"}],"wp:featuredmedia":[{"embeddable":true,"href":"https:\/\/www.eliassen.nl\/de\/wp-json\/wp\/v2\/media\/177717"}],"wp:attachment":[{"href":"https:\/\/www.eliassen.nl\/de\/wp-json\/wp\/v2\/media?parent=192286"}],"wp:term":[{"taxonomy":"product_brand","embeddable":true,"href":"https:\/\/www.eliassen.nl\/de\/wp-json\/wp\/v2\/product_brand?post=192286"},{"taxonomy":"product_cat","embeddable":true,"href":"https:\/\/www.eliassen.nl\/de\/wp-json\/wp\/v2\/product_cat?post=192286"},{"taxonomy":"product_tag","embeddable":true,"href":"https:\/\/www.eliassen.nl\/de\/wp-json\/wp\/v2\/product_tag?post=192286"}],"curies":[{"name":"wp","href":"https:\/\/api.w.org\/{rel}","templated":true}]}}