{"id":192014,"date":"2025-03-20T11:00:59","date_gmt":"2025-03-20T10:00:59","guid":{"rendered":"https:\/\/www.eliassen.nl\/product\/gartenbank-metall-brahms-creme-115cm\/"},"modified":"2026-01-16T16:01:15","modified_gmt":"2026-01-16T15:01:15","slug":"gartenbank-metall-brahms-creme-115cm","status":"publish","type":"product","link":"https:\/\/www.eliassen.nl\/de\/gartenbank-metall-brahms-creme-115cm\/","title":{"rendered":"Gartenbank Metall Brahms creme 115cm"},"content":{"rendered":"<p>Ein klassisches und zeitloses Modell einer 2-sitzigen Gartenbank mit romantischen Formen und halbhoher R\u00fcckenlehne.<br \/>\nWundersch\u00f6n aus Metall gefertigt.<br \/>\nGestrichen in einem sch\u00f6nen alten Farbton in creme\/wei\u00df, der einen sch\u00f6nen antiken Look erzeugt.<br \/>\nWas f\u00fcr gem\u00fctliche Stunden Sie auf diesem Sofa verbringen werden!<\/p>\n<p>Einfach zu montieren mit 10 Muttern. Sitz und R\u00fcckenlehne sind mit Scharnieren verbunden.<\/p>\n<ul>\n<li>Gr\u00f6\u00dfen: ca. 115cm breit, 45cm tief und 96cm hoch<\/li>\n<li>Ca. 13 kg<\/li>\n<li>1 Jahr Garantie<\/li>\n<li>Wir haben diesen Artikel sowohl im Gesch\u00e4ft als auch online verf\u00fcgbar<\/li>\n<\/ul>\n","protected":false},"excerpt":{"rendered":"<p>\u2714Metallbank \u2714Romantischer Look \u2714Sehr dekorativ<\/p>\n","protected":false},"featured_media":174264,"template":"","meta":{"_acf_changed":false,"_genesis_title":"","_genesis_description":""},"product_brand":[7505],"product_cat":[806,761,752],"product_tag":[],"class_list":{"0":"post-192014","1":"product","2":"type-product","3":"status-publish","4":"has-post-thumbnail","6":"product_brand-sonstige","7":"product_cat-gartenbaenke","8":"product_cat-gartenmoebel","9":"product_cat-weitere-artikel","11":"first","12":"instock","13":"sale","14":"taxable","15":"shipping-taxable","16":"purchasable","17":"product-type-simple"},"acf":[],"meta_all":{"total_sales":"4","cor_restricted_countries":[]},"meta_all_flat":{"total_sales":"4"},"yoast_head":"<!-- This site is optimized with the Yoast SEO Premium plugin v26.2 (Yoast SEO v27.2) - https:\/\/yoast.com\/product\/yoast-seo-premium-wordpress\/ -->\n<title>Sonstige Gartenbank Metall Brahms creme 115cm - Eliassen.nl<\/title>\n<meta name=\"description\" content=\"Sie suchen nach einer g\u00fcnstigen, romantischen Metallbank? Diese s\u00fc\u00dfe kleine Bank sitzt wunderbar und macht sich gut in Ihrem Garten. Schnelle Lieferung.\" \/>\n<meta name=\"robots\" content=\"index, follow, max-snippet:-1, max-image-preview:large, max-video-preview:-1\" \/>\n<link rel=\"canonical\" href=\"https:\/\/www.eliassen.nl\/de\/gartenbank-metall-brahms-creme-115cm\/\" \/>\n<meta property=\"og:locale\" content=\"de_DE\" \/>\n<meta property=\"og:type\" content=\"article\" \/>\n<meta property=\"og:title\" content=\"Sonstige Gartenbank Metall Brahms creme 115cm - Eliassen.nl\" \/>\n<meta property=\"og:description\" content=\"Sie suchen nach einer g\u00fcnstigen, romantischen Metallbank? Diese s\u00fc\u00dfe kleine Bank sitzt wunderbar und macht sich gut in Ihrem Garten. Schnelle Lieferung.\" \/>\n<meta property=\"og:url\" content=\"https:\/\/www.eliassen.nl\/de\/gartenbank-metall-brahms-creme-115cm\/\" \/>\n<meta property=\"og:site_name\" content=\"Eliassen.nl\" \/>\n<meta property=\"article:publisher\" content=\"https:\/\/www.facebook.com\/TuincentrumEliassenAmmerzoden\" \/>\n<meta property=\"article:modified_time\" content=\"2026-01-16T15:01:15+00:00\" \/>\n<meta property=\"og:image\" content=\"https:\/\/www.eliassen.nl\/wp-content\/uploads\/2025\/02\/Tuinbankje-Tessa-creme-Eliassen-130659-scaled.jpg\" \/>\n\t<meta property=\"og:image:width\" content=\"2560\" \/>\n\t<meta property=\"og:image:height\" content=\"2263\" \/>\n\t<meta property=\"og:image:type\" content=\"image\/jpeg\" \/>\n<meta name=\"twitter:card\" content=\"summary_large_image\" \/>\n<script type=\"application\/ld+json\" class=\"yoast-schema-graph\">{\"@context\":\"https:\/\/schema.org\",\"@graph\":[{\"@type\":\"WebPage\",\"@id\":\"https:\/\/www.eliassen.nl\/de\/gartenbank-metall-brahms-creme-115cm\/\",\"url\":\"https:\/\/www.eliassen.nl\/de\/gartenbank-metall-brahms-creme-115cm\/\",\"name\":\"Sonstige Gartenbank Metall Brahms creme 115cm - Eliassen.nl\",\"isPartOf\":{\"@id\":\"https:\/\/www.eliassen.nl\/de\/#website\"},\"primaryImageOfPage\":{\"@id\":\"https:\/\/www.eliassen.nl\/de\/gartenbank-metall-brahms-creme-115cm\/#primaryimage\"},\"image\":{\"@id\":\"https:\/\/www.eliassen.nl\/de\/gartenbank-metall-brahms-creme-115cm\/#primaryimage\"},\"thumbnailUrl\":\"https:\/\/www.eliassen.nl\/wp-content\/uploads\/2025\/02\/Tuinbankje-Tessa-creme-Eliassen-130659-scaled.jpg\",\"datePublished\":\"2025-03-20T10:00:59+00:00\",\"dateModified\":\"2026-01-16T15:01:15+00:00\",\"description\":\"Sie suchen nach einer g\u00fcnstigen, romantischen Metallbank? Diese s\u00fc\u00dfe kleine Bank sitzt wunderbar und macht sich gut in Ihrem Garten. Schnelle Lieferung.\",\"breadcrumb\":{\"@id\":\"https:\/\/www.eliassen.nl\/de\/gartenbank-metall-brahms-creme-115cm\/#breadcrumb\"},\"inLanguage\":\"de\",\"potentialAction\":[{\"@type\":\"ReadAction\",\"target\":[\"https:\/\/www.eliassen.nl\/de\/gartenbank-metall-brahms-creme-115cm\/\"]}]},{\"@type\":\"ImageObject\",\"inLanguage\":\"de\",\"@id\":\"https:\/\/www.eliassen.nl\/de\/gartenbank-metall-brahms-creme-115cm\/#primaryimage\",\"url\":\"https:\/\/www.eliassen.nl\/wp-content\/uploads\/2025\/02\/Tuinbankje-Tessa-creme-Eliassen-130659-scaled.jpg\",\"contentUrl\":\"https:\/\/www.eliassen.nl\/wp-content\/uploads\/2025\/02\/Tuinbankje-Tessa-creme-Eliassen-130659-scaled.jpg\",\"width\":2560,\"height\":2263},{\"@type\":\"BreadcrumbList\",\"@id\":\"https:\/\/www.eliassen.nl\/de\/gartenbank-metall-brahms-creme-115cm\/#breadcrumb\",\"itemListElement\":[{\"@type\":\"ListItem\",\"position\":1,\"name\":\"Home\",\"item\":\"https:\/\/www.eliassen.nl\/de\/\"},{\"@type\":\"ListItem\",\"position\":2,\"name\":\"Shop\",\"item\":\"https:\/\/www.eliassen.nl\/de\/shop\/\"},{\"@type\":\"ListItem\",\"position\":3,\"name\":\"Weitere Artikel\",\"item\":\"https:\/\/www.eliassen.nl\/de\/weitere-artikel\/\"},{\"@type\":\"ListItem\",\"position\":4,\"name\":\"Gartenbank Metall Brahms creme 115cm\"}]},{\"@type\":\"WebSite\",\"@id\":\"https:\/\/www.eliassen.nl\/de\/#website\",\"url\":\"https:\/\/www.eliassen.nl\/de\/\",\"name\":\"Eliassen Home & Garden Pleasure\",\"description\":\"\",\"publisher\":{\"@id\":\"https:\/\/www.eliassen.nl\/de\/#organization\"},\"alternateName\":\"Eliassen.nl\",\"potentialAction\":[{\"@type\":\"SearchAction\",\"target\":{\"@type\":\"EntryPoint\",\"urlTemplate\":\"https:\/\/www.eliassen.nl\/de\/?s={search_term_string}\"},\"query-input\":{\"@type\":\"PropertyValueSpecification\",\"valueRequired\":true,\"valueName\":\"search_term_string\"}}],\"inLanguage\":\"de\"},{\"@type\":[\"Organization\",\"Place\"],\"@id\":\"https:\/\/www.eliassen.nl\/de\/#organization\",\"name\":\"Eliassen Home & Garden Pleasure\",\"url\":\"https:\/\/www.eliassen.nl\/de\/\",\"logo\":{\"@id\":\"https:\/\/www.eliassen.nl\/de\/gartenbank-metall-brahms-creme-115cm\/#local-main-organization-logo\"},\"image\":{\"@id\":\"https:\/\/www.eliassen.nl\/de\/gartenbank-metall-brahms-creme-115cm\/#local-main-organization-logo\"},\"sameAs\":[\"https:\/\/www.facebook.com\/TuincentrumEliassenAmmerzoden\",\"https:\/\/www.instagram.com\/eliassenhomeandgarden\/\",\"https:\/\/nl.pinterest.com\/eliassenhomeandgarden\/\",\"https:\/\/www.youtube.com\/@eliassenhomegardenpleasure4558\"],\"telephone\":[],\"openingHoursSpecification\":[{\"@type\":\"OpeningHoursSpecification\",\"dayOfWeek\":[\"Monday\",\"Tuesday\",\"Wednesday\",\"Thursday\",\"Friday\",\"Saturday\",\"Sunday\"],\"opens\":\"09:00\",\"closes\":\"17:00\"}]},{\"@type\":\"ImageObject\",\"inLanguage\":\"de\",\"@id\":\"https:\/\/www.eliassen.nl\/de\/gartenbank-metall-brahms-creme-115cm\/#local-main-organization-logo\",\"url\":\"https:\/\/www.eliassen.nl\/wp-content\/uploads\/2024\/01\/logo_4nd.jpg\",\"contentUrl\":\"https:\/\/www.eliassen.nl\/wp-content\/uploads\/2024\/01\/logo_4nd.jpg\",\"width\":500,\"height\":500,\"caption\":\"Eliassen Home & Garden Pleasure\"}]}<\/script>\n<meta property=\"product:price:amount\" content=\"99.00\" \/>\n<meta property=\"product:price:currency\" content=\"EUR\" \/>\n<meta property=\"og:availability\" content=\"instock\" \/>\n<meta property=\"product:availability\" content=\"instock\" \/>\n<meta property=\"product:retailer_item_id\" content=\"130659\" \/>\n<meta property=\"product:condition\" content=\"new\" \/>\n<!-- \/ Yoast SEO Premium plugin. -->","yoast_head_json":{"title":"Sonstige Gartenbank Metall Brahms creme 115cm - Eliassen.nl","description":"Sie suchen nach einer g\u00fcnstigen, romantischen Metallbank? Diese s\u00fc\u00dfe kleine Bank sitzt wunderbar und macht sich gut in Ihrem Garten. Schnelle Lieferung.","robots":{"index":"index","follow":"follow","max-snippet":"max-snippet:-1","max-image-preview":"max-image-preview:large","max-video-preview":"max-video-preview:-1"},"canonical":"https:\/\/www.eliassen.nl\/de\/gartenbank-metall-brahms-creme-115cm\/","og_locale":"de_DE","og_type":"article","og_title":"Sonstige Gartenbank Metall Brahms creme 115cm - Eliassen.nl","og_description":"Sie suchen nach einer g\u00fcnstigen, romantischen Metallbank? Diese s\u00fc\u00dfe kleine Bank sitzt wunderbar und macht sich gut in Ihrem Garten. Schnelle Lieferung.","og_url":"https:\/\/www.eliassen.nl\/de\/gartenbank-metall-brahms-creme-115cm\/","og_site_name":"Eliassen.nl","article_publisher":"https:\/\/www.facebook.com\/TuincentrumEliassenAmmerzoden","article_modified_time":"2026-01-16T15:01:15+00:00","og_image":[{"width":2560,"height":2263,"url":"https:\/\/www.eliassen.nl\/wp-content\/uploads\/2025\/02\/Tuinbankje-Tessa-creme-Eliassen-130659-scaled.jpg","type":"image\/jpeg"}],"twitter_card":"summary_large_image","schema":{"@context":"https:\/\/schema.org","@graph":[{"@type":"WebPage","@id":"https:\/\/www.eliassen.nl\/de\/gartenbank-metall-brahms-creme-115cm\/","url":"https:\/\/www.eliassen.nl\/de\/gartenbank-metall-brahms-creme-115cm\/","name":"Sonstige Gartenbank Metall Brahms creme 115cm - Eliassen.nl","isPartOf":{"@id":"https:\/\/www.eliassen.nl\/de\/#website"},"primaryImageOfPage":{"@id":"https:\/\/www.eliassen.nl\/de\/gartenbank-metall-brahms-creme-115cm\/#primaryimage"},"image":{"@id":"https:\/\/www.eliassen.nl\/de\/gartenbank-metall-brahms-creme-115cm\/#primaryimage"},"thumbnailUrl":"https:\/\/www.eliassen.nl\/wp-content\/uploads\/2025\/02\/Tuinbankje-Tessa-creme-Eliassen-130659-scaled.jpg","datePublished":"2025-03-20T10:00:59+00:00","dateModified":"2026-01-16T15:01:15+00:00","description":"Sie suchen nach einer g\u00fcnstigen, romantischen Metallbank? Diese s\u00fc\u00dfe kleine Bank sitzt wunderbar und macht sich gut in Ihrem Garten. Schnelle Lieferung.","breadcrumb":{"@id":"https:\/\/www.eliassen.nl\/de\/gartenbank-metall-brahms-creme-115cm\/#breadcrumb"},"inLanguage":"de","potentialAction":[{"@type":"ReadAction","target":["https:\/\/www.eliassen.nl\/de\/gartenbank-metall-brahms-creme-115cm\/"]}]},{"@type":"ImageObject","inLanguage":"de","@id":"https:\/\/www.eliassen.nl\/de\/gartenbank-metall-brahms-creme-115cm\/#primaryimage","url":"https:\/\/www.eliassen.nl\/wp-content\/uploads\/2025\/02\/Tuinbankje-Tessa-creme-Eliassen-130659-scaled.jpg","contentUrl":"https:\/\/www.eliassen.nl\/wp-content\/uploads\/2025\/02\/Tuinbankje-Tessa-creme-Eliassen-130659-scaled.jpg","width":2560,"height":2263},{"@type":"BreadcrumbList","@id":"https:\/\/www.eliassen.nl\/de\/gartenbank-metall-brahms-creme-115cm\/#breadcrumb","itemListElement":[{"@type":"ListItem","position":1,"name":"Home","item":"https:\/\/www.eliassen.nl\/de\/"},{"@type":"ListItem","position":2,"name":"Shop","item":"https:\/\/www.eliassen.nl\/de\/shop\/"},{"@type":"ListItem","position":3,"name":"Weitere Artikel","item":"https:\/\/www.eliassen.nl\/de\/weitere-artikel\/"},{"@type":"ListItem","position":4,"name":"Gartenbank Metall Brahms creme 115cm"}]},{"@type":"WebSite","@id":"https:\/\/www.eliassen.nl\/de\/#website","url":"https:\/\/www.eliassen.nl\/de\/","name":"Eliassen Home & Garden Pleasure","description":"","publisher":{"@id":"https:\/\/www.eliassen.nl\/de\/#organization"},"alternateName":"Eliassen.nl","potentialAction":[{"@type":"SearchAction","target":{"@type":"EntryPoint","urlTemplate":"https:\/\/www.eliassen.nl\/de\/?s={search_term_string}"},"query-input":{"@type":"PropertyValueSpecification","valueRequired":true,"valueName":"search_term_string"}}],"inLanguage":"de"},{"@type":["Organization","Place"],"@id":"https:\/\/www.eliassen.nl\/de\/#organization","name":"Eliassen Home & Garden Pleasure","url":"https:\/\/www.eliassen.nl\/de\/","logo":{"@id":"https:\/\/www.eliassen.nl\/de\/gartenbank-metall-brahms-creme-115cm\/#local-main-organization-logo"},"image":{"@id":"https:\/\/www.eliassen.nl\/de\/gartenbank-metall-brahms-creme-115cm\/#local-main-organization-logo"},"sameAs":["https:\/\/www.facebook.com\/TuincentrumEliassenAmmerzoden","https:\/\/www.instagram.com\/eliassenhomeandgarden\/","https:\/\/nl.pinterest.com\/eliassenhomeandgarden\/","https:\/\/www.youtube.com\/@eliassenhomegardenpleasure4558"],"telephone":[],"openingHoursSpecification":[{"@type":"OpeningHoursSpecification","dayOfWeek":["Monday","Tuesday","Wednesday","Thursday","Friday","Saturday","Sunday"],"opens":"09:00","closes":"17:00"}]},{"@type":"ImageObject","inLanguage":"de","@id":"https:\/\/www.eliassen.nl\/de\/gartenbank-metall-brahms-creme-115cm\/#local-main-organization-logo","url":"https:\/\/www.eliassen.nl\/wp-content\/uploads\/2024\/01\/logo_4nd.jpg","contentUrl":"https:\/\/www.eliassen.nl\/wp-content\/uploads\/2024\/01\/logo_4nd.jpg","width":500,"height":500,"caption":"Eliassen Home & Garden Pleasure"}]},"product_price_amount":"99.00","product_price_currency":"EUR","og_availability":"instock","product_availability":"instock","product_retailer_item_id":"130659","product_condition":"new"},"df_price":99,"df_sale_price":99,"df_regular_price":125,"df_image_link":"https:\/\/www.eliassen.nl\/wp-content\/uploads\/2025\/02\/Tuinbankje-Tessa-creme-Eliassen-130659-300x265.jpg","image":"https:\/\/www.eliassen.nl\/wp-content\/uploads\/2025\/02\/Tuinbankje-Tessa-creme-Eliassen-130659-150x150.jpg","price_search":"<span class=\"woocommerce-Price-amount amount\"><bdi><span class=\"woocommerce-Price-currencySymbol\">&euro;<\/span>&nbsp;99,00<\/bdi><\/span>","category":"Gartenb\u00e4nke","global_unique_id":"8714075301918","_links":{"self":[{"href":"https:\/\/www.eliassen.nl\/de\/wp-json\/wp\/v2\/product\/192014","targetHints":{"allow":["GET"]}}],"collection":[{"href":"https:\/\/www.eliassen.nl\/de\/wp-json\/wp\/v2\/product"}],"about":[{"href":"https:\/\/www.eliassen.nl\/de\/wp-json\/wp\/v2\/types\/product"}],"wp:featuredmedia":[{"embeddable":true,"href":"https:\/\/www.eliassen.nl\/de\/wp-json\/wp\/v2\/media\/174264"}],"wp:attachment":[{"href":"https:\/\/www.eliassen.nl\/de\/wp-json\/wp\/v2\/media?parent=192014"}],"wp:term":[{"taxonomy":"product_brand","embeddable":true,"href":"https:\/\/www.eliassen.nl\/de\/wp-json\/wp\/v2\/product_brand?post=192014"},{"taxonomy":"product_cat","embeddable":true,"href":"https:\/\/www.eliassen.nl\/de\/wp-json\/wp\/v2\/product_cat?post=192014"},{"taxonomy":"product_tag","embeddable":true,"href":"https:\/\/www.eliassen.nl\/de\/wp-json\/wp\/v2\/product_tag?post=192014"}],"curies":[{"name":"wp","href":"https:\/\/api.w.org\/{rel}","templated":true}]}}