{"id":191976,"date":"2025-09-22T14:12:47","date_gmt":"2025-09-22T12:12:47","guid":{"rendered":"https:\/\/www.eliassen.nl\/product\/afrikanische-bronzestatue-taenzerin-rot-gold-40cm\/"},"modified":"2026-01-16T16:12:56","modified_gmt":"2026-01-16T15:12:56","slug":"afrikanische-bronzestatue-taenzerin-rot-gold-40cm","status":"publish","type":"product","link":"https:\/\/www.eliassen.nl\/de\/afrikanische-bronzestatue-taenzerin-rot-gold-40cm\/","title":{"rendered":"Afrikanische Bronzestatue T\u00e4nzerin rot gold 40cm"},"content":{"rendered":"<p>Sch\u00f6ne, massive Bronzestatue einer tanzenden Frau in roten und goldenen Farben aus hochwertiger Bronze. Wundersch\u00f6n f\u00fcr Ihr Zuhause oder als Geschenk.<\/p>\n<p>Diese Skulptur wird auf sehr primitive Weise hergestellt, so wie es schon seit Hunderten von Jahren gemacht wird. Dazu wird ein holzbefeuerter Schmelzofen verwendet und in eine Form gegossen, die jedes Mal erneuert werden muss. Nach dem Gussprozess wird die Bronzeskulptur weiter poliert, geschliffen und bemalt.<\/p>\n<p>Dieses Produkt tr\u00e4gt zur Besch\u00e4ftigung im Sahelland Burkino Faso bei. Die Menschen dort sind uns sehr dankbar f\u00fcr die Bestellungen und daf\u00fcr, dass ein fairer Preis daf\u00fcr gezahlt wird, der es den Menschen dort erm\u00f6glicht, einen angemessenen Lebensunterhalt zu verdienen.<\/p>\n<p>In unserem Gesch\u00e4ft haben wir sehr viele Sockel und S\u00e4ulen, auf denen diese Bronzeskulptur wundersch\u00f6n pr\u00e4sentiert wird. kommen Sie und sehen Sie es sich selbst an.<\/p>\n<ul>\n<li>Gr\u00f6\u00dfe: runde Basis mit einem Durchmesser von 9 cm und einer H\u00f6he von 40 cm.<\/li>\n<li>Farbe: Dunkelbraun\/ Rot-Gold<\/li>\n<li>Einzigartiges Produkt aus fairem Handel.<\/li>\n<li>Material: Massive Bronze<\/li>\n<li>15 Jahre Garantie.<\/li>\n<li><strong>Sehr viele aus dieser Serie von Bronzeskulpturen k\u00f6nnen Sie auch live in unserem Shop besichtigen!<\/strong><\/li>\n<\/ul>\n","protected":false},"excerpt":{"rendered":"<p>\u2713 Auf die klassische Art zubereitet. \u2713 Fair gehandeltes Produkt.<\/p>\n","protected":false},"featured_media":191539,"template":"","meta":{"_acf_changed":false,"_genesis_title":"","_genesis_description":""},"product_brand":[7505],"product_cat":[1373,613],"product_tag":[],"class_list":{"0":"post-191976","1":"product","2":"type-product","3":"status-publish","4":"has-post-thumbnail","6":"product_brand-sonstige","7":"product_cat-afrikanische-bronzestatuen","8":"product_cat-bronzestatuen","10":"first","11":"instock","12":"taxable","13":"shipping-taxable","14":"purchasable","15":"product-type-simple"},"acf":[],"meta_all":{"total_sales":"0","cor_restricted_countries":[]},"meta_all_flat":{"total_sales":"0"},"yoast_head":"<!-- This site is optimized with the Yoast SEO Premium plugin v26.2 (Yoast SEO v27.2) - https:\/\/yoast.com\/product\/yoast-seo-premium-wordpress\/ -->\n<title>Sonstige Afrikanische Bronzestatue T\u00e4nzerin rot gold 40cm - Eliassen.nl<\/title>\n<meta name=\"description\" content=\"Eine sch\u00f6ne afrikanische Bronzeskulptur einer tanzenden Frau, die ihre Arme \u00fcber den Kopf h\u00e4lt. Ein Kleid in Rot und Gold. V\u00f6llig bronzefarben und schnell verf\u00fcgbar.\" \/>\n<meta name=\"robots\" content=\"index, follow, max-snippet:-1, max-image-preview:large, max-video-preview:-1\" \/>\n<link rel=\"canonical\" href=\"https:\/\/www.eliassen.nl\/de\/afrikanische-bronzestatue-taenzerin-rot-gold-40cm\/\" \/>\n<meta property=\"og:locale\" content=\"de_DE\" \/>\n<meta property=\"og:type\" content=\"article\" \/>\n<meta property=\"og:title\" content=\"Sonstige Afrikanische Bronzestatue T\u00e4nzerin rot gold 40cm - Eliassen.nl\" \/>\n<meta property=\"og:description\" content=\"Eine sch\u00f6ne afrikanische Bronzeskulptur einer tanzenden Frau, die ihre Arme \u00fcber den Kopf h\u00e4lt. Ein Kleid in Rot und Gold. V\u00f6llig bronzefarben und schnell verf\u00fcgbar.\" \/>\n<meta property=\"og:url\" content=\"https:\/\/www.eliassen.nl\/de\/afrikanische-bronzestatue-taenzerin-rot-gold-40cm\/\" \/>\n<meta property=\"og:site_name\" content=\"Eliassen.nl\" \/>\n<meta property=\"article:publisher\" content=\"https:\/\/www.facebook.com\/TuincentrumEliassenAmmerzoden\" \/>\n<meta property=\"article:modified_time\" content=\"2026-01-16T15:12:56+00:00\" \/>\n<meta property=\"og:image\" content=\"https:\/\/www.eliassen.nl\/wp-content\/uploads\/2025\/09\/Afrikaans-bronzen-beeld-danseres-rood-goud-eliassen.nl_.jpeg\" \/>\n\t<meta property=\"og:image:width\" content=\"1536\" \/>\n\t<meta property=\"og:image:height\" content=\"2048\" \/>\n\t<meta property=\"og:image:type\" content=\"image\/jpeg\" \/>\n<meta name=\"twitter:card\" content=\"summary_large_image\" \/>\n<script type=\"application\/ld+json\" class=\"yoast-schema-graph\">{\"@context\":\"https:\/\/schema.org\",\"@graph\":[{\"@type\":\"WebPage\",\"@id\":\"https:\/\/www.eliassen.nl\/de\/afrikanische-bronzestatue-taenzerin-rot-gold-40cm\/\",\"url\":\"https:\/\/www.eliassen.nl\/de\/afrikanische-bronzestatue-taenzerin-rot-gold-40cm\/\",\"name\":\"Sonstige Afrikanische Bronzestatue T\u00e4nzerin rot gold 40cm - Eliassen.nl\",\"isPartOf\":{\"@id\":\"https:\/\/www.eliassen.nl\/de\/#website\"},\"primaryImageOfPage\":{\"@id\":\"https:\/\/www.eliassen.nl\/de\/afrikanische-bronzestatue-taenzerin-rot-gold-40cm\/#primaryimage\"},\"image\":{\"@id\":\"https:\/\/www.eliassen.nl\/de\/afrikanische-bronzestatue-taenzerin-rot-gold-40cm\/#primaryimage\"},\"thumbnailUrl\":\"https:\/\/www.eliassen.nl\/wp-content\/uploads\/2025\/09\/Afrikaans-bronzen-beeld-danseres-rood-goud-eliassen.nl_.jpeg\",\"datePublished\":\"2025-09-22T12:12:47+00:00\",\"dateModified\":\"2026-01-16T15:12:56+00:00\",\"description\":\"Eine sch\u00f6ne afrikanische Bronzeskulptur einer tanzenden Frau, die ihre Arme \u00fcber den Kopf h\u00e4lt. Ein Kleid in Rot und Gold. V\u00f6llig bronzefarben und schnell verf\u00fcgbar.\",\"breadcrumb\":{\"@id\":\"https:\/\/www.eliassen.nl\/de\/afrikanische-bronzestatue-taenzerin-rot-gold-40cm\/#breadcrumb\"},\"inLanguage\":\"de\",\"potentialAction\":[{\"@type\":\"ReadAction\",\"target\":[\"https:\/\/www.eliassen.nl\/de\/afrikanische-bronzestatue-taenzerin-rot-gold-40cm\/\"]}]},{\"@type\":\"ImageObject\",\"inLanguage\":\"de\",\"@id\":\"https:\/\/www.eliassen.nl\/de\/afrikanische-bronzestatue-taenzerin-rot-gold-40cm\/#primaryimage\",\"url\":\"https:\/\/www.eliassen.nl\/wp-content\/uploads\/2025\/09\/Afrikaans-bronzen-beeld-danseres-rood-goud-eliassen.nl_.jpeg\",\"contentUrl\":\"https:\/\/www.eliassen.nl\/wp-content\/uploads\/2025\/09\/Afrikaans-bronzen-beeld-danseres-rood-goud-eliassen.nl_.jpeg\",\"width\":1536,\"height\":2048,\"caption\":\"Afrikanische Bronzestatue T\u00e4nzerin rot gold eliassen.de\"},{\"@type\":\"BreadcrumbList\",\"@id\":\"https:\/\/www.eliassen.nl\/de\/afrikanische-bronzestatue-taenzerin-rot-gold-40cm\/#breadcrumb\",\"itemListElement\":[{\"@type\":\"ListItem\",\"position\":1,\"name\":\"Home\",\"item\":\"https:\/\/www.eliassen.nl\/de\/\"},{\"@type\":\"ListItem\",\"position\":2,\"name\":\"Shop\",\"item\":\"https:\/\/www.eliassen.nl\/de\/shop\/\"},{\"@type\":\"ListItem\",\"position\":3,\"name\":\"Bronzestatuen\",\"item\":\"https:\/\/www.eliassen.nl\/de\/bronzestatuen\/\"},{\"@type\":\"ListItem\",\"position\":4,\"name\":\"Afrikanische Bronzestatue T\u00e4nzerin rot gold 40cm\"}]},{\"@type\":\"WebSite\",\"@id\":\"https:\/\/www.eliassen.nl\/de\/#website\",\"url\":\"https:\/\/www.eliassen.nl\/de\/\",\"name\":\"Eliassen Home & Garden Pleasure\",\"description\":\"\",\"publisher\":{\"@id\":\"https:\/\/www.eliassen.nl\/de\/#organization\"},\"alternateName\":\"Eliassen.nl\",\"potentialAction\":[{\"@type\":\"SearchAction\",\"target\":{\"@type\":\"EntryPoint\",\"urlTemplate\":\"https:\/\/www.eliassen.nl\/de\/?s={search_term_string}\"},\"query-input\":{\"@type\":\"PropertyValueSpecification\",\"valueRequired\":true,\"valueName\":\"search_term_string\"}}],\"inLanguage\":\"de\"},{\"@type\":[\"Organization\",\"Place\"],\"@id\":\"https:\/\/www.eliassen.nl\/de\/#organization\",\"name\":\"Eliassen Home & Garden Pleasure\",\"url\":\"https:\/\/www.eliassen.nl\/de\/\",\"logo\":{\"@id\":\"https:\/\/www.eliassen.nl\/de\/afrikanische-bronzestatue-taenzerin-rot-gold-40cm\/#local-main-organization-logo\"},\"image\":{\"@id\":\"https:\/\/www.eliassen.nl\/de\/afrikanische-bronzestatue-taenzerin-rot-gold-40cm\/#local-main-organization-logo\"},\"sameAs\":[\"https:\/\/www.facebook.com\/TuincentrumEliassenAmmerzoden\",\"https:\/\/www.instagram.com\/eliassenhomeandgarden\/\",\"https:\/\/nl.pinterest.com\/eliassenhomeandgarden\/\",\"https:\/\/www.youtube.com\/@eliassenhomegardenpleasure4558\"],\"telephone\":[],\"openingHoursSpecification\":[{\"@type\":\"OpeningHoursSpecification\",\"dayOfWeek\":[\"Monday\",\"Tuesday\",\"Wednesday\",\"Thursday\",\"Friday\",\"Saturday\",\"Sunday\"],\"opens\":\"09:00\",\"closes\":\"17:00\"}]},{\"@type\":\"ImageObject\",\"inLanguage\":\"de\",\"@id\":\"https:\/\/www.eliassen.nl\/de\/afrikanische-bronzestatue-taenzerin-rot-gold-40cm\/#local-main-organization-logo\",\"url\":\"https:\/\/www.eliassen.nl\/wp-content\/uploads\/2024\/01\/logo_4nd.jpg\",\"contentUrl\":\"https:\/\/www.eliassen.nl\/wp-content\/uploads\/2024\/01\/logo_4nd.jpg\",\"width\":500,\"height\":500,\"caption\":\"Eliassen Home & Garden Pleasure\"}]}<\/script>\n<meta property=\"product:price:amount\" content=\"169.00\" \/>\n<meta property=\"product:price:currency\" content=\"EUR\" \/>\n<meta property=\"og:availability\" content=\"instock\" \/>\n<meta property=\"product:availability\" content=\"instock\" \/>\n<meta property=\"product:retailer_item_id\" content=\"A0343\" \/>\n<meta property=\"product:condition\" content=\"new\" \/>\n<!-- \/ Yoast SEO Premium plugin. -->","yoast_head_json":{"title":"Sonstige Afrikanische Bronzestatue T\u00e4nzerin rot gold 40cm - Eliassen.nl","description":"Eine sch\u00f6ne afrikanische Bronzeskulptur einer tanzenden Frau, die ihre Arme \u00fcber den Kopf h\u00e4lt. Ein Kleid in Rot und Gold. V\u00f6llig bronzefarben und schnell verf\u00fcgbar.","robots":{"index":"index","follow":"follow","max-snippet":"max-snippet:-1","max-image-preview":"max-image-preview:large","max-video-preview":"max-video-preview:-1"},"canonical":"https:\/\/www.eliassen.nl\/de\/afrikanische-bronzestatue-taenzerin-rot-gold-40cm\/","og_locale":"de_DE","og_type":"article","og_title":"Sonstige Afrikanische Bronzestatue T\u00e4nzerin rot gold 40cm - Eliassen.nl","og_description":"Eine sch\u00f6ne afrikanische Bronzeskulptur einer tanzenden Frau, die ihre Arme \u00fcber den Kopf h\u00e4lt. Ein Kleid in Rot und Gold. V\u00f6llig bronzefarben und schnell verf\u00fcgbar.","og_url":"https:\/\/www.eliassen.nl\/de\/afrikanische-bronzestatue-taenzerin-rot-gold-40cm\/","og_site_name":"Eliassen.nl","article_publisher":"https:\/\/www.facebook.com\/TuincentrumEliassenAmmerzoden","article_modified_time":"2026-01-16T15:12:56+00:00","og_image":[{"width":1536,"height":2048,"url":"https:\/\/www.eliassen.nl\/wp-content\/uploads\/2025\/09\/Afrikaans-bronzen-beeld-danseres-rood-goud-eliassen.nl_.jpeg","type":"image\/jpeg"}],"twitter_card":"summary_large_image","schema":{"@context":"https:\/\/schema.org","@graph":[{"@type":"WebPage","@id":"https:\/\/www.eliassen.nl\/de\/afrikanische-bronzestatue-taenzerin-rot-gold-40cm\/","url":"https:\/\/www.eliassen.nl\/de\/afrikanische-bronzestatue-taenzerin-rot-gold-40cm\/","name":"Sonstige Afrikanische Bronzestatue T\u00e4nzerin rot gold 40cm - Eliassen.nl","isPartOf":{"@id":"https:\/\/www.eliassen.nl\/de\/#website"},"primaryImageOfPage":{"@id":"https:\/\/www.eliassen.nl\/de\/afrikanische-bronzestatue-taenzerin-rot-gold-40cm\/#primaryimage"},"image":{"@id":"https:\/\/www.eliassen.nl\/de\/afrikanische-bronzestatue-taenzerin-rot-gold-40cm\/#primaryimage"},"thumbnailUrl":"https:\/\/www.eliassen.nl\/wp-content\/uploads\/2025\/09\/Afrikaans-bronzen-beeld-danseres-rood-goud-eliassen.nl_.jpeg","datePublished":"2025-09-22T12:12:47+00:00","dateModified":"2026-01-16T15:12:56+00:00","description":"Eine sch\u00f6ne afrikanische Bronzeskulptur einer tanzenden Frau, die ihre Arme \u00fcber den Kopf h\u00e4lt. Ein Kleid in Rot und Gold. V\u00f6llig bronzefarben und schnell verf\u00fcgbar.","breadcrumb":{"@id":"https:\/\/www.eliassen.nl\/de\/afrikanische-bronzestatue-taenzerin-rot-gold-40cm\/#breadcrumb"},"inLanguage":"de","potentialAction":[{"@type":"ReadAction","target":["https:\/\/www.eliassen.nl\/de\/afrikanische-bronzestatue-taenzerin-rot-gold-40cm\/"]}]},{"@type":"ImageObject","inLanguage":"de","@id":"https:\/\/www.eliassen.nl\/de\/afrikanische-bronzestatue-taenzerin-rot-gold-40cm\/#primaryimage","url":"https:\/\/www.eliassen.nl\/wp-content\/uploads\/2025\/09\/Afrikaans-bronzen-beeld-danseres-rood-goud-eliassen.nl_.jpeg","contentUrl":"https:\/\/www.eliassen.nl\/wp-content\/uploads\/2025\/09\/Afrikaans-bronzen-beeld-danseres-rood-goud-eliassen.nl_.jpeg","width":1536,"height":2048,"caption":"Afrikanische Bronzestatue T\u00e4nzerin rot gold eliassen.de"},{"@type":"BreadcrumbList","@id":"https:\/\/www.eliassen.nl\/de\/afrikanische-bronzestatue-taenzerin-rot-gold-40cm\/#breadcrumb","itemListElement":[{"@type":"ListItem","position":1,"name":"Home","item":"https:\/\/www.eliassen.nl\/de\/"},{"@type":"ListItem","position":2,"name":"Shop","item":"https:\/\/www.eliassen.nl\/de\/shop\/"},{"@type":"ListItem","position":3,"name":"Bronzestatuen","item":"https:\/\/www.eliassen.nl\/de\/bronzestatuen\/"},{"@type":"ListItem","position":4,"name":"Afrikanische Bronzestatue T\u00e4nzerin rot gold 40cm"}]},{"@type":"WebSite","@id":"https:\/\/www.eliassen.nl\/de\/#website","url":"https:\/\/www.eliassen.nl\/de\/","name":"Eliassen Home & Garden Pleasure","description":"","publisher":{"@id":"https:\/\/www.eliassen.nl\/de\/#organization"},"alternateName":"Eliassen.nl","potentialAction":[{"@type":"SearchAction","target":{"@type":"EntryPoint","urlTemplate":"https:\/\/www.eliassen.nl\/de\/?s={search_term_string}"},"query-input":{"@type":"PropertyValueSpecification","valueRequired":true,"valueName":"search_term_string"}}],"inLanguage":"de"},{"@type":["Organization","Place"],"@id":"https:\/\/www.eliassen.nl\/de\/#organization","name":"Eliassen Home & Garden Pleasure","url":"https:\/\/www.eliassen.nl\/de\/","logo":{"@id":"https:\/\/www.eliassen.nl\/de\/afrikanische-bronzestatue-taenzerin-rot-gold-40cm\/#local-main-organization-logo"},"image":{"@id":"https:\/\/www.eliassen.nl\/de\/afrikanische-bronzestatue-taenzerin-rot-gold-40cm\/#local-main-organization-logo"},"sameAs":["https:\/\/www.facebook.com\/TuincentrumEliassenAmmerzoden","https:\/\/www.instagram.com\/eliassenhomeandgarden\/","https:\/\/nl.pinterest.com\/eliassenhomeandgarden\/","https:\/\/www.youtube.com\/@eliassenhomegardenpleasure4558"],"telephone":[],"openingHoursSpecification":[{"@type":"OpeningHoursSpecification","dayOfWeek":["Monday","Tuesday","Wednesday","Thursday","Friday","Saturday","Sunday"],"opens":"09:00","closes":"17:00"}]},{"@type":"ImageObject","inLanguage":"de","@id":"https:\/\/www.eliassen.nl\/de\/afrikanische-bronzestatue-taenzerin-rot-gold-40cm\/#local-main-organization-logo","url":"https:\/\/www.eliassen.nl\/wp-content\/uploads\/2024\/01\/logo_4nd.jpg","contentUrl":"https:\/\/www.eliassen.nl\/wp-content\/uploads\/2024\/01\/logo_4nd.jpg","width":500,"height":500,"caption":"Eliassen Home & Garden Pleasure"}]},"product_price_amount":"169.00","product_price_currency":"EUR","og_availability":"instock","product_availability":"instock","product_retailer_item_id":"A0343","product_condition":"new"},"df_price":169,"df_sale_price":"","df_regular_price":169,"df_image_link":"https:\/\/www.eliassen.nl\/wp-content\/uploads\/2025\/09\/Afrikaans-bronzen-beeld-danseres-rood-goud-eliassen.nl_-225x300.jpeg","image":"https:\/\/www.eliassen.nl\/wp-content\/uploads\/2025\/09\/Afrikaans-bronzen-beeld-danseres-rood-goud-eliassen.nl_-150x150.jpeg","price_search":"<span class=\"woocommerce-Price-amount amount\"><bdi><span class=\"woocommerce-Price-currencySymbol\">&euro;<\/span>&nbsp;169,00<\/bdi><\/span>","category":"Afrikanische Bronzestatuen","global_unique_id":"6096518916920","_links":{"self":[{"href":"https:\/\/www.eliassen.nl\/de\/wp-json\/wp\/v2\/product\/191976","targetHints":{"allow":["GET"]}}],"collection":[{"href":"https:\/\/www.eliassen.nl\/de\/wp-json\/wp\/v2\/product"}],"about":[{"href":"https:\/\/www.eliassen.nl\/de\/wp-json\/wp\/v2\/types\/product"}],"wp:featuredmedia":[{"embeddable":true,"href":"https:\/\/www.eliassen.nl\/de\/wp-json\/wp\/v2\/media\/191539"}],"wp:attachment":[{"href":"https:\/\/www.eliassen.nl\/de\/wp-json\/wp\/v2\/media?parent=191976"}],"wp:term":[{"taxonomy":"product_brand","embeddable":true,"href":"https:\/\/www.eliassen.nl\/de\/wp-json\/wp\/v2\/product_brand?post=191976"},{"taxonomy":"product_cat","embeddable":true,"href":"https:\/\/www.eliassen.nl\/de\/wp-json\/wp\/v2\/product_cat?post=191976"},{"taxonomy":"product_tag","embeddable":true,"href":"https:\/\/www.eliassen.nl\/de\/wp-json\/wp\/v2\/product_tag?post=191976"}],"curies":[{"name":"wp","href":"https:\/\/api.w.org\/{rel}","templated":true}]}}