{"id":191176,"date":"2025-09-12T14:27:28","date_gmt":"2025-09-12T12:27:28","guid":{"rendered":"https:\/\/www.eliassen.nl\/product\/holzwandpaneel-gesicht-abstrakt-mit-schmetterlingen-40cm\/"},"modified":"2026-01-16T16:13:04","modified_gmt":"2026-01-16T15:13:04","slug":"holzwandpaneel-gesicht-abstrakt-mit-schmetterlingen-40cm","status":"publish","type":"product","link":"https:\/\/www.eliassen.nl\/de\/holzwandpaneel-gesicht-abstrakt-mit-schmetterlingen-40cm\/","title":{"rendered":"Holzwandpaneel Gesicht abstrakt mit Schmetterlingen 40cm"},"content":{"rendered":"<p>40cm und 50cm hoch<\/p>\n<p>Wundersch\u00f6nes Wandpaneel aus massivem Suar-Holz, handgefertigt. Abgebildet ist ein sch\u00f6nes Gesicht mit Schmetterlingen \u00fcber ihrem Kopf. Viele Stunden Schnitzarbeit stecken in dieser Holztafel. Alles, was Sie sehen, jede Locke und jeder Zweig, alles ist von Menschenhand gemacht.<\/p>\n<p>Suar-Holz hat die Eigenschaft, dass es kontrastreiche Farben aufweist. Helles Holz kann direkt neben dunklem Holz stehen. Es ist normal, dass diese Farbunterschiede auch auf dem Panel sichtbar sind, das leider nicht beanstandet werden kann.<\/p>\n<ul>\n<li>Gr\u00f6\u00dfe: 2 cm dick mit einem Durchmesser von 40 cm. Gesamth\u00f6he 50 cm.<\/li>\n<li>Material: Massivholz Suar, leicht ge\u00f6lt<\/li>\n<li>Ausgenommen<\/li>\n<li>Original Schnitzereien<\/li>\n<li>Einfach an einem Nagel\/Schraube oder mit einem St\u00fcck Schnur aufh\u00e4ngen<\/li>\n<li>Eigene Aktie<\/li>\n<li>Das Aufh\u00e4ngen im Freien ist erlaubt, aber das Holz wird grau und es k\u00f6nnen Risse entstehen.<\/li>\n<\/ul>\n","protected":false},"excerpt":{"rendered":"<p>Dieser Artikel kann Risse bekommen und eine gr\u00e4uliche Farbe annehmen, wenn er im Freien steht.<br \/>\nHandgeschnitzt aus Suarholz.<\/p>\n","protected":false},"featured_media":190741,"template":"","meta":{"_acf_changed":false,"_genesis_title":"","_genesis_description":""},"product_brand":[7505],"product_cat":[1367,509,527,7239],"product_tag":[],"class_list":{"0":"post-191176","1":"product","2":"type-product","3":"status-publish","4":"has-post-thumbnail","6":"product_brand-sonstige","7":"product_cat-holzstatuen","8":"product_cat-wanddekoration","9":"product_cat-wandpaneele-aus-holz","10":"product_cat-bilder","12":"first","13":"outofstock","14":"taxable","15":"shipping-taxable","16":"purchasable","17":"product-type-simple"},"acf":[],"meta_all":{"total_sales":"4","cor_restricted_countries":[]},"meta_all_flat":{"total_sales":"4"},"yoast_head":"<!-- This site is optimized with the Yoast SEO Premium plugin v26.2 (Yoast SEO v27.2) - https:\/\/yoast.com\/product\/yoast-seo-premium-wordpress\/ -->\n<title>Sonstige Holzwandpaneel Gesicht abstrakt mit Schmetterlingen 40cm - Eliassen.nl<\/title>\n<meta name=\"description\" content=\"Ein sch\u00f6nes Wandpaneel aus Holz. Handgeschnitzt aus Suarholz. Einzigartiges Wandobjekt aus Holz mit Frau und Schmetterlingen. Schnelle Lieferung.\" \/>\n<meta name=\"robots\" content=\"index, follow, max-snippet:-1, max-image-preview:large, max-video-preview:-1\" \/>\n<link rel=\"canonical\" href=\"https:\/\/www.eliassen.nl\/de\/holzwandpaneel-gesicht-abstrakt-mit-schmetterlingen-40cm\/\" \/>\n<meta property=\"og:locale\" content=\"de_DE\" \/>\n<meta property=\"og:type\" content=\"article\" \/>\n<meta property=\"og:title\" content=\"Sonstige Holzwandpaneel Gesicht abstrakt mit Schmetterlingen 40cm - Eliassen.nl\" \/>\n<meta property=\"og:description\" content=\"Ein sch\u00f6nes Wandpaneel aus Holz. Handgeschnitzt aus Suarholz. Einzigartiges Wandobjekt aus Holz mit Frau und Schmetterlingen. Schnelle Lieferung.\" \/>\n<meta property=\"og:url\" content=\"https:\/\/www.eliassen.nl\/de\/holzwandpaneel-gesicht-abstrakt-mit-schmetterlingen-40cm\/\" \/>\n<meta property=\"og:site_name\" content=\"Eliassen.nl\" \/>\n<meta property=\"article:publisher\" content=\"https:\/\/www.facebook.com\/TuincentrumEliassenAmmerzoden\" \/>\n<meta property=\"article:modified_time\" content=\"2026-01-16T15:13:04+00:00\" \/>\n<meta property=\"og:image\" content=\"https:\/\/www.eliassen.nl\/wp-content\/uploads\/2025\/09\/Houten-wandpaneel-gezicht-abstract-met-vlinders-40cm-eliassen.nl_.jpg\" \/>\n\t<meta property=\"og:image:width\" content=\"1536\" \/>\n\t<meta property=\"og:image:height\" content=\"2048\" \/>\n\t<meta property=\"og:image:type\" content=\"image\/jpeg\" \/>\n<meta name=\"twitter:card\" content=\"summary_large_image\" \/>\n<script type=\"application\/ld+json\" class=\"yoast-schema-graph\">{\"@context\":\"https:\/\/schema.org\",\"@graph\":[{\"@type\":\"WebPage\",\"@id\":\"https:\/\/www.eliassen.nl\/de\/holzwandpaneel-gesicht-abstrakt-mit-schmetterlingen-40cm\/\",\"url\":\"https:\/\/www.eliassen.nl\/de\/holzwandpaneel-gesicht-abstrakt-mit-schmetterlingen-40cm\/\",\"name\":\"Sonstige Holzwandpaneel Gesicht abstrakt mit Schmetterlingen 40cm - Eliassen.nl\",\"isPartOf\":{\"@id\":\"https:\/\/www.eliassen.nl\/de\/#website\"},\"primaryImageOfPage\":{\"@id\":\"https:\/\/www.eliassen.nl\/de\/holzwandpaneel-gesicht-abstrakt-mit-schmetterlingen-40cm\/#primaryimage\"},\"image\":{\"@id\":\"https:\/\/www.eliassen.nl\/de\/holzwandpaneel-gesicht-abstrakt-mit-schmetterlingen-40cm\/#primaryimage\"},\"thumbnailUrl\":\"https:\/\/www.eliassen.nl\/wp-content\/uploads\/2025\/09\/Houten-wandpaneel-gezicht-abstract-met-vlinders-40cm-eliassen.nl_.jpg\",\"datePublished\":\"2025-09-12T12:27:28+00:00\",\"dateModified\":\"2026-01-16T15:13:04+00:00\",\"description\":\"Ein sch\u00f6nes Wandpaneel aus Holz. Handgeschnitzt aus Suarholz. Einzigartiges Wandobjekt aus Holz mit Frau und Schmetterlingen. Schnelle Lieferung.\",\"breadcrumb\":{\"@id\":\"https:\/\/www.eliassen.nl\/de\/holzwandpaneel-gesicht-abstrakt-mit-schmetterlingen-40cm\/#breadcrumb\"},\"inLanguage\":\"de\",\"potentialAction\":[{\"@type\":\"ReadAction\",\"target\":[\"https:\/\/www.eliassen.nl\/de\/holzwandpaneel-gesicht-abstrakt-mit-schmetterlingen-40cm\/\"]}]},{\"@type\":\"ImageObject\",\"inLanguage\":\"de\",\"@id\":\"https:\/\/www.eliassen.nl\/de\/holzwandpaneel-gesicht-abstrakt-mit-schmetterlingen-40cm\/#primaryimage\",\"url\":\"https:\/\/www.eliassen.nl\/wp-content\/uploads\/2025\/09\/Houten-wandpaneel-gezicht-abstract-met-vlinders-40cm-eliassen.nl_.jpg\",\"contentUrl\":\"https:\/\/www.eliassen.nl\/wp-content\/uploads\/2025\/09\/Houten-wandpaneel-gezicht-abstract-met-vlinders-40cm-eliassen.nl_.jpg\",\"width\":1536,\"height\":2048,\"caption\":\"Wandpaneel aus Holz Gesicht abstrakt mit Schmetterlingen 40cm eliassen.co.uk\"},{\"@type\":\"BreadcrumbList\",\"@id\":\"https:\/\/www.eliassen.nl\/de\/holzwandpaneel-gesicht-abstrakt-mit-schmetterlingen-40cm\/#breadcrumb\",\"itemListElement\":[{\"@type\":\"ListItem\",\"position\":1,\"name\":\"Home\",\"item\":\"https:\/\/www.eliassen.nl\/de\/\"},{\"@type\":\"ListItem\",\"position\":2,\"name\":\"Shop\",\"item\":\"https:\/\/www.eliassen.nl\/de\/shop\/\"},{\"@type\":\"ListItem\",\"position\":3,\"name\":\"Bilder\",\"item\":\"https:\/\/www.eliassen.nl\/de\/bilder\/\"},{\"@type\":\"ListItem\",\"position\":4,\"name\":\"Holzwandpaneel Gesicht abstrakt mit Schmetterlingen 40cm\"}]},{\"@type\":\"WebSite\",\"@id\":\"https:\/\/www.eliassen.nl\/de\/#website\",\"url\":\"https:\/\/www.eliassen.nl\/de\/\",\"name\":\"Eliassen Home & Garden Pleasure\",\"description\":\"\",\"publisher\":{\"@id\":\"https:\/\/www.eliassen.nl\/de\/#organization\"},\"alternateName\":\"Eliassen.nl\",\"potentialAction\":[{\"@type\":\"SearchAction\",\"target\":{\"@type\":\"EntryPoint\",\"urlTemplate\":\"https:\/\/www.eliassen.nl\/de\/?s={search_term_string}\"},\"query-input\":{\"@type\":\"PropertyValueSpecification\",\"valueRequired\":true,\"valueName\":\"search_term_string\"}}],\"inLanguage\":\"de\"},{\"@type\":[\"Organization\",\"Place\"],\"@id\":\"https:\/\/www.eliassen.nl\/de\/#organization\",\"name\":\"Eliassen Home & Garden Pleasure\",\"url\":\"https:\/\/www.eliassen.nl\/de\/\",\"logo\":{\"@id\":\"https:\/\/www.eliassen.nl\/de\/holzwandpaneel-gesicht-abstrakt-mit-schmetterlingen-40cm\/#local-main-organization-logo\"},\"image\":{\"@id\":\"https:\/\/www.eliassen.nl\/de\/holzwandpaneel-gesicht-abstrakt-mit-schmetterlingen-40cm\/#local-main-organization-logo\"},\"sameAs\":[\"https:\/\/www.facebook.com\/TuincentrumEliassenAmmerzoden\",\"https:\/\/www.instagram.com\/eliassenhomeandgarden\/\",\"https:\/\/nl.pinterest.com\/eliassenhomeandgarden\/\",\"https:\/\/www.youtube.com\/@eliassenhomegardenpleasure4558\"],\"telephone\":[],\"openingHoursSpecification\":[{\"@type\":\"OpeningHoursSpecification\",\"dayOfWeek\":[\"Monday\",\"Tuesday\",\"Wednesday\",\"Thursday\",\"Friday\",\"Saturday\",\"Sunday\"],\"opens\":\"09:00\",\"closes\":\"17:00\"}]},{\"@type\":\"ImageObject\",\"inLanguage\":\"de\",\"@id\":\"https:\/\/www.eliassen.nl\/de\/holzwandpaneel-gesicht-abstrakt-mit-schmetterlingen-40cm\/#local-main-organization-logo\",\"url\":\"https:\/\/www.eliassen.nl\/wp-content\/uploads\/2024\/01\/logo_4nd.jpg\",\"contentUrl\":\"https:\/\/www.eliassen.nl\/wp-content\/uploads\/2024\/01\/logo_4nd.jpg\",\"width\":500,\"height\":500,\"caption\":\"Eliassen Home & Garden Pleasure\"}]}<\/script>\n<meta property=\"product:price:amount\" content=\"69.00\" \/>\n<meta property=\"product:price:currency\" content=\"EUR\" \/>\n<meta property=\"og:availability\" content=\"out of stock\" \/>\n<meta property=\"product:availability\" content=\"out of stock\" \/>\n<meta property=\"product:retailer_item_id\" content=\"Wplhgv\" \/>\n<meta property=\"product:condition\" content=\"new\" \/>\n<!-- \/ Yoast SEO Premium plugin. -->","yoast_head_json":{"title":"Sonstige Holzwandpaneel Gesicht abstrakt mit Schmetterlingen 40cm - Eliassen.nl","description":"Ein sch\u00f6nes Wandpaneel aus Holz. Handgeschnitzt aus Suarholz. Einzigartiges Wandobjekt aus Holz mit Frau und Schmetterlingen. Schnelle Lieferung.","robots":{"index":"index","follow":"follow","max-snippet":"max-snippet:-1","max-image-preview":"max-image-preview:large","max-video-preview":"max-video-preview:-1"},"canonical":"https:\/\/www.eliassen.nl\/de\/holzwandpaneel-gesicht-abstrakt-mit-schmetterlingen-40cm\/","og_locale":"de_DE","og_type":"article","og_title":"Sonstige Holzwandpaneel Gesicht abstrakt mit Schmetterlingen 40cm - Eliassen.nl","og_description":"Ein sch\u00f6nes Wandpaneel aus Holz. Handgeschnitzt aus Suarholz. Einzigartiges Wandobjekt aus Holz mit Frau und Schmetterlingen. Schnelle Lieferung.","og_url":"https:\/\/www.eliassen.nl\/de\/holzwandpaneel-gesicht-abstrakt-mit-schmetterlingen-40cm\/","og_site_name":"Eliassen.nl","article_publisher":"https:\/\/www.facebook.com\/TuincentrumEliassenAmmerzoden","article_modified_time":"2026-01-16T15:13:04+00:00","og_image":[{"width":1536,"height":2048,"url":"https:\/\/www.eliassen.nl\/wp-content\/uploads\/2025\/09\/Houten-wandpaneel-gezicht-abstract-met-vlinders-40cm-eliassen.nl_.jpg","type":"image\/jpeg"}],"twitter_card":"summary_large_image","schema":{"@context":"https:\/\/schema.org","@graph":[{"@type":"WebPage","@id":"https:\/\/www.eliassen.nl\/de\/holzwandpaneel-gesicht-abstrakt-mit-schmetterlingen-40cm\/","url":"https:\/\/www.eliassen.nl\/de\/holzwandpaneel-gesicht-abstrakt-mit-schmetterlingen-40cm\/","name":"Sonstige Holzwandpaneel Gesicht abstrakt mit Schmetterlingen 40cm - Eliassen.nl","isPartOf":{"@id":"https:\/\/www.eliassen.nl\/de\/#website"},"primaryImageOfPage":{"@id":"https:\/\/www.eliassen.nl\/de\/holzwandpaneel-gesicht-abstrakt-mit-schmetterlingen-40cm\/#primaryimage"},"image":{"@id":"https:\/\/www.eliassen.nl\/de\/holzwandpaneel-gesicht-abstrakt-mit-schmetterlingen-40cm\/#primaryimage"},"thumbnailUrl":"https:\/\/www.eliassen.nl\/wp-content\/uploads\/2025\/09\/Houten-wandpaneel-gezicht-abstract-met-vlinders-40cm-eliassen.nl_.jpg","datePublished":"2025-09-12T12:27:28+00:00","dateModified":"2026-01-16T15:13:04+00:00","description":"Ein sch\u00f6nes Wandpaneel aus Holz. Handgeschnitzt aus Suarholz. Einzigartiges Wandobjekt aus Holz mit Frau und Schmetterlingen. Schnelle Lieferung.","breadcrumb":{"@id":"https:\/\/www.eliassen.nl\/de\/holzwandpaneel-gesicht-abstrakt-mit-schmetterlingen-40cm\/#breadcrumb"},"inLanguage":"de","potentialAction":[{"@type":"ReadAction","target":["https:\/\/www.eliassen.nl\/de\/holzwandpaneel-gesicht-abstrakt-mit-schmetterlingen-40cm\/"]}]},{"@type":"ImageObject","inLanguage":"de","@id":"https:\/\/www.eliassen.nl\/de\/holzwandpaneel-gesicht-abstrakt-mit-schmetterlingen-40cm\/#primaryimage","url":"https:\/\/www.eliassen.nl\/wp-content\/uploads\/2025\/09\/Houten-wandpaneel-gezicht-abstract-met-vlinders-40cm-eliassen.nl_.jpg","contentUrl":"https:\/\/www.eliassen.nl\/wp-content\/uploads\/2025\/09\/Houten-wandpaneel-gezicht-abstract-met-vlinders-40cm-eliassen.nl_.jpg","width":1536,"height":2048,"caption":"Wandpaneel aus Holz Gesicht abstrakt mit Schmetterlingen 40cm eliassen.co.uk"},{"@type":"BreadcrumbList","@id":"https:\/\/www.eliassen.nl\/de\/holzwandpaneel-gesicht-abstrakt-mit-schmetterlingen-40cm\/#breadcrumb","itemListElement":[{"@type":"ListItem","position":1,"name":"Home","item":"https:\/\/www.eliassen.nl\/de\/"},{"@type":"ListItem","position":2,"name":"Shop","item":"https:\/\/www.eliassen.nl\/de\/shop\/"},{"@type":"ListItem","position":3,"name":"Bilder","item":"https:\/\/www.eliassen.nl\/de\/bilder\/"},{"@type":"ListItem","position":4,"name":"Holzwandpaneel Gesicht abstrakt mit Schmetterlingen 40cm"}]},{"@type":"WebSite","@id":"https:\/\/www.eliassen.nl\/de\/#website","url":"https:\/\/www.eliassen.nl\/de\/","name":"Eliassen Home & Garden Pleasure","description":"","publisher":{"@id":"https:\/\/www.eliassen.nl\/de\/#organization"},"alternateName":"Eliassen.nl","potentialAction":[{"@type":"SearchAction","target":{"@type":"EntryPoint","urlTemplate":"https:\/\/www.eliassen.nl\/de\/?s={search_term_string}"},"query-input":{"@type":"PropertyValueSpecification","valueRequired":true,"valueName":"search_term_string"}}],"inLanguage":"de"},{"@type":["Organization","Place"],"@id":"https:\/\/www.eliassen.nl\/de\/#organization","name":"Eliassen Home & Garden Pleasure","url":"https:\/\/www.eliassen.nl\/de\/","logo":{"@id":"https:\/\/www.eliassen.nl\/de\/holzwandpaneel-gesicht-abstrakt-mit-schmetterlingen-40cm\/#local-main-organization-logo"},"image":{"@id":"https:\/\/www.eliassen.nl\/de\/holzwandpaneel-gesicht-abstrakt-mit-schmetterlingen-40cm\/#local-main-organization-logo"},"sameAs":["https:\/\/www.facebook.com\/TuincentrumEliassenAmmerzoden","https:\/\/www.instagram.com\/eliassenhomeandgarden\/","https:\/\/nl.pinterest.com\/eliassenhomeandgarden\/","https:\/\/www.youtube.com\/@eliassenhomegardenpleasure4558"],"telephone":[],"openingHoursSpecification":[{"@type":"OpeningHoursSpecification","dayOfWeek":["Monday","Tuesday","Wednesday","Thursday","Friday","Saturday","Sunday"],"opens":"09:00","closes":"17:00"}]},{"@type":"ImageObject","inLanguage":"de","@id":"https:\/\/www.eliassen.nl\/de\/holzwandpaneel-gesicht-abstrakt-mit-schmetterlingen-40cm\/#local-main-organization-logo","url":"https:\/\/www.eliassen.nl\/wp-content\/uploads\/2024\/01\/logo_4nd.jpg","contentUrl":"https:\/\/www.eliassen.nl\/wp-content\/uploads\/2024\/01\/logo_4nd.jpg","width":500,"height":500,"caption":"Eliassen Home & Garden Pleasure"}]},"product_price_amount":"69.00","product_price_currency":"EUR","og_availability":"out of stock","product_availability":"out of stock","product_retailer_item_id":"Wplhgv","product_condition":"new"},"df_price":69,"df_sale_price":"","df_regular_price":69,"df_image_link":"https:\/\/www.eliassen.nl\/wp-content\/uploads\/2025\/09\/Houten-wandpaneel-gezicht-abstract-met-vlinders-40cm-eliassen.nl_-225x300.jpg","image":"https:\/\/www.eliassen.nl\/wp-content\/uploads\/2025\/09\/Houten-wandpaneel-gezicht-abstract-met-vlinders-40cm-eliassen.nl_-150x150.jpg","price_search":"<span class=\"woocommerce-Price-amount amount\"><bdi><span class=\"woocommerce-Price-currencySymbol\">&euro;<\/span>&nbsp;69,00<\/bdi><\/span>","category":"Holzstatuen","global_unique_id":"6096525141100","_links":{"self":[{"href":"https:\/\/www.eliassen.nl\/de\/wp-json\/wp\/v2\/product\/191176","targetHints":{"allow":["GET"]}}],"collection":[{"href":"https:\/\/www.eliassen.nl\/de\/wp-json\/wp\/v2\/product"}],"about":[{"href":"https:\/\/www.eliassen.nl\/de\/wp-json\/wp\/v2\/types\/product"}],"wp:featuredmedia":[{"embeddable":true,"href":"https:\/\/www.eliassen.nl\/de\/wp-json\/wp\/v2\/media\/190741"}],"wp:attachment":[{"href":"https:\/\/www.eliassen.nl\/de\/wp-json\/wp\/v2\/media?parent=191176"}],"wp:term":[{"taxonomy":"product_brand","embeddable":true,"href":"https:\/\/www.eliassen.nl\/de\/wp-json\/wp\/v2\/product_brand?post=191176"},{"taxonomy":"product_cat","embeddable":true,"href":"https:\/\/www.eliassen.nl\/de\/wp-json\/wp\/v2\/product_cat?post=191176"},{"taxonomy":"product_tag","embeddable":true,"href":"https:\/\/www.eliassen.nl\/de\/wp-json\/wp\/v2\/product_tag?post=191176"}],"curies":[{"name":"wp","href":"https:\/\/api.w.org\/{rel}","templated":true}]}}